{"id":50959,"date":"2019-01-18T15:12:50","date_gmt":"2019-01-18T14:12:50","guid":{"rendered":"https:\/\/worldofflowerpots.com\/product\/import-placeholder-for-267\/"},"modified":"2019-04-05T10:02:59","modified_gmt":"2019-04-05T08:02:59","slug":"prostokatne-donice-z-blachy-aluminiowej-edoardo-3","status":"publish","type":"product","link":"https:\/\/worldofflowerpots.com\/pl\/sklep\/prostokatne-donice-z-blachy-aluminiowej-edoardo-3\/","title":{"rendered":"Prostok\u0105tne donice z blachy aluminiowej Edoardo 3"},"content":{"rendered":"<h2>Du\u017ca donica aluminiowa<\/h2>\n<p>Edoardo 3 to prostok\u0105tne donice z blachy aluminiowej o du\u017cych rozmiarach. Idealnie nadaj\u0105 si\u0119 do stosowania zewn\u0119trznego. Waga jednej donicy to 29 kg, a wymiary odpowiednio d\u0142ugo\u015b\u0107 150 cm, szeroko\u015b\u0107 50cm i wysoko\u015b\u0107 60 cm, co daje obj\u0119to\u015b\u0107 410 litr\u00f3w. Produkowana jest w standardzie z otworami odp\u0142ywowymi, co zapewni odpowiedni odp\u0142yw wody. Dost\u0119pna we wszystkich kolorach palety RAL. Oznacza to, \u017ce gama barw donicy jest bardzo szeroka, dzi\u0119ki czemu ka\u017cdy znajdzie odpowiedni odcie\u0144.<\/p>\n<h2>\u017bywop\u0142ot na podwy\u017cszeniu<\/h2>\n<p>Edoardo 3 ma kszta\u0142t prostopad\u0142o\u015bcianu. Ta klasyczna bry\u0142a sprawia, \u017ce produkt idealnie wkomponuje si\u0119 do ka\u017cdego ogrodu czy tarasu. Prostok\u0105tne donice z blachy aluminiowej \u015bwietnie nadaj\u0105 si\u0119 do obsadzania ma\u0142ymi tujami oraz zimowym skrzypem. Ta d\u0142uga i lekka donica, przy odpowiedniej zielonej aran\u017cacji mo\u017ce zast\u0119powa\u0107 \u017cywop\u0142ot co sprawi, \u017ce b\u0119dzie to nie tylko element dekoracyjny, ale r\u00f3wnie\u017c praktyczny. \u015aciana ro\u015blin to idealne rozwi\u0105zanie nie tylko jako swoista granica ogrodu czy tarasu, ale r\u00f3wnie\u017c jego centralna cz\u0119\u015b\u0107.<\/p>\n<p>Du\u017ce rozmiary donicy sprawiaj\u0105, \u017ce posiada ona bardzo uniwersalne zastosowanie. Mo\u017cna w niej sadzi\u0107 kolorowe kwiaty, ma\u0142e krzewy lub ozdobne drzewka. Szeroki wyb\u00f3r kolor\u00f3w tylko zwi\u0119ksza jej uniwersalno\u015b\u0107. Nikogo nie zdziwi odsadzenie donicy o \u017cywym kolorze bogat\u0105 kompozycj\u0105 kwiat\u00f3w. Jej niewielka waga daje mo\u017cliwo\u015b\u0107 usytuowania na przydomowym tarasie. To tak\u017ce gwarant, \u017ce donica zawsze b\u0119dzie si\u0119 komponowa\u0107 z otoczeniem &#8211; przeniesienie jej nie stanowi\u0107 b\u0119dzie wi\u0119kszego problemu.<\/p>\n<h2>Stylowa ochrona przed wiatrem<\/h2>\n<p>Na uwag\u0119 zas\u0142uguje r\u00f3wnie\u017c poziom wykonania, poniewa\u017c prostok\u0105tne donice z blachy aluminiowej charakteryzuj\u0105 si\u0119 du\u017c\u0105 wytrzyma\u0142o\u015bci\u0105 na uszkodzenia mechaniczne oraz zmienne warunki atmosferyczne. Obsadzenie jej krzewami b\u0119dzie naturaln\u0105 ochron\u0105 tarasu przed wiatrem. Aluminium to tworzywo, dzi\u0119ki kt\u00f3remu donica prezentuje si\u0119 nowocze\u015bnie i elegancko. Jest lekko matowa, lecz jednocze\u015bnie odbija \u015bwiat\u0142o. Aluminium to materia\u0142, kt\u00f3rego trwa\u0142o\u015b\u0107 nie zmienia si\u0119 pod wp\u0142ywem temperatury oraz innych warunk\u00f3w. Nie jest podatny na rdzewienie, dzi\u0119ki czemu przez lata b\u0119dzie si\u0119 \u015bwietnie prezentowa\u0107. Aluminium znany jest ze swojej odporno\u015bci. Szeroko wykorzystywany jest w budownictwie, produkcji maszyn oraz artyku\u0142\u00f3w gospodarstwa domowego.<\/p>\n<p>&nbsp;<\/p>\n","protected":false},"excerpt":{"rendered":"<p>Donica aluminiowa Edoardo 3 produkowana jest we wszystkich kolorach palety RAL. Donica produkowana jest w standardzie z otworami odp\u0142ywowymi. Waga to: 29kg, a wymiary : d\u0142ugo\u015b\u0107:150m, szeroko\u015b\u0107:50cm, wysoko\u015b\u0107:60cm. Zalecane stosowanie jako donica tarasowa.<\/p>\n","protected":false},"featured_media":57394,"template":"","meta":{"_acf_changed":false},"product_brand":[],"product_cat":[116],"product_tag":[446,448,444,447,451],"class_list":{"0":"post-50959","1":"product","2":"type-product","3":"status-publish","4":"has-post-thumbnail","6":"product_cat-donice-z-aluminium","7":"product_tag-donice-aluminiowe","8":"product_tag-donice-balkonowe","9":"product_tag-donice-ogrodowe","10":"product_tag-donice-tarasowe","11":"product_tag-donice-wewnetrzne","12":"description-off","13":"tm-has-options","15":"first","16":"instock","17":"shipping-taxable","18":"purchasable","19":"product-type-simple"},"acf":[],"yoast_head":"<!-- This site is optimized with the Yoast SEO plugin v27.5 - https:\/\/yoast.com\/product\/yoast-seo-wordpress\/ -->\n<title>Prostok\u0105tne donice z blachy aluminiowej Edoardo 3 - D\u0142uga i Lekka<\/title>\n<meta name=\"description\" content=\"Edoardo 3 to prostok\u0105tne donice z blachy aluminiowej o du\u017cych rozmiarach. Idealnie nadaj\u0105 si\u0119 do stosowania zewn\u0119trznego.\" \/>\n<meta name=\"robots\" content=\"index, follow, max-snippet:-1, max-image-preview:large, max-video-preview:-1\" \/>\n<link rel=\"canonical\" href=\"https:\/\/worldofflowerpots.com\/sklep\/prostokatne-donice-z-blachy-aluminiowej-edoardo-3\/\" \/>\n<meta property=\"og:locale\" content=\"pl_PL\" \/>\n<meta property=\"og:type\" content=\"article\" \/>\n<meta property=\"og:title\" content=\"Prostok\u0105tne donice z blachy aluminiowej Edoardo 3 - D\u0142uga i Lekka\" \/>\n<meta property=\"og:description\" content=\"Edoardo 3 to prostok\u0105tne donice z blachy aluminiowej o du\u017cych rozmiarach. Idealnie nadaj\u0105 si\u0119 do stosowania zewn\u0119trznego.\" \/>\n<meta property=\"og:url\" content=\"https:\/\/worldofflowerpots.com\/sklep\/prostokatne-donice-z-blachy-aluminiowej-edoardo-3\/\" \/>\n<meta property=\"og:site_name\" content=\"World of Flowerpots\" \/>\n<meta property=\"article:modified_time\" content=\"2019-04-05T08:02:59+00:00\" \/>\n<meta property=\"og:image\" content=\"https:\/\/worldofflowerpots.com\/wp-content\/uploads\/2019\/01\/Prostok\u0105tne-donice-z-blachy-aluminiowej-Edoardo_3-1.jpg\" \/>\n\t<meta property=\"og:image:width\" content=\"2280\" \/>\n\t<meta property=\"og:image:height\" content=\"1612\" \/>\n\t<meta property=\"og:image:type\" content=\"image\/jpeg\" \/>\n<meta name=\"twitter:card\" content=\"summary_large_image\" \/>\n<meta name=\"twitter:label1\" content=\"Szacowany czas czytania\" \/>\n\t<meta name=\"twitter:data1\" content=\"2 minuty\" \/>\n<script type=\"application\/ld+json\" class=\"yoast-schema-graph\">{\"@context\":\"https:\\\/\\\/schema.org\",\"@graph\":[{\"@type\":\"WebPage\",\"@id\":\"https:\\\/\\\/worldofflowerpots.com\\\/sklep\\\/prostokatne-donice-z-blachy-aluminiowej-edoardo-3\\\/\",\"url\":\"https:\\\/\\\/worldofflowerpots.com\\\/sklep\\\/prostokatne-donice-z-blachy-aluminiowej-edoardo-3\\\/\",\"name\":\"Prostok\u0105tne donice z blachy aluminiowej Edoardo 3 - D\u0142uga i Lekka\",\"isPartOf\":{\"@id\":\"https:\\\/\\\/worldofflowerpots.com\\\/#website\"},\"primaryImageOfPage\":{\"@id\":\"https:\\\/\\\/worldofflowerpots.com\\\/sklep\\\/prostokatne-donice-z-blachy-aluminiowej-edoardo-3\\\/#primaryimage\"},\"image\":{\"@id\":\"https:\\\/\\\/worldofflowerpots.com\\\/sklep\\\/prostokatne-donice-z-blachy-aluminiowej-edoardo-3\\\/#primaryimage\"},\"thumbnailUrl\":\"https:\\\/\\\/worldofflowerpots.com\\\/wp-content\\\/uploads\\\/2019\\\/01\\\/Prostok\u0105tne-donice-z-blachy-aluminiowej-Edoardo_3-1.jpg\",\"datePublished\":\"2019-01-18T14:12:50+00:00\",\"dateModified\":\"2019-04-05T08:02:59+00:00\",\"description\":\"Edoardo 3 to prostok\u0105tne donice z blachy aluminiowej o du\u017cych rozmiarach. Idealnie nadaj\u0105 si\u0119 do stosowania zewn\u0119trznego.\",\"breadcrumb\":{\"@id\":\"https:\\\/\\\/worldofflowerpots.com\\\/sklep\\\/prostokatne-donice-z-blachy-aluminiowej-edoardo-3\\\/#breadcrumb\"},\"inLanguage\":\"pl-PL\",\"potentialAction\":[{\"@type\":\"ReadAction\",\"target\":[\"https:\\\/\\\/worldofflowerpots.com\\\/sklep\\\/prostokatne-donice-z-blachy-aluminiowej-edoardo-3\\\/\"]}]},{\"@type\":\"ImageObject\",\"inLanguage\":\"pl-PL\",\"@id\":\"https:\\\/\\\/worldofflowerpots.com\\\/sklep\\\/prostokatne-donice-z-blachy-aluminiowej-edoardo-3\\\/#primaryimage\",\"url\":\"https:\\\/\\\/worldofflowerpots.com\\\/wp-content\\\/uploads\\\/2019\\\/01\\\/Prostok\u0105tne-donice-z-blachy-aluminiowej-Edoardo_3-1.jpg\",\"contentUrl\":\"https:\\\/\\\/worldofflowerpots.com\\\/wp-content\\\/uploads\\\/2019\\\/01\\\/Prostok\u0105tne-donice-z-blachy-aluminiowej-Edoardo_3-1.jpg\",\"width\":2280,\"height\":1612},{\"@type\":\"BreadcrumbList\",\"@id\":\"https:\\\/\\\/worldofflowerpots.com\\\/sklep\\\/prostokatne-donice-z-blachy-aluminiowej-edoardo-3\\\/#breadcrumb\",\"itemListElement\":[{\"@type\":\"ListItem\",\"position\":1,\"name\":\"Strona g\u0142\u00f3wna\",\"item\":\"https:\\\/\\\/worldofflowerpots.com\\\/\"},{\"@type\":\"ListItem\",\"position\":2,\"name\":\"Sklep\",\"item\":\"https:\\\/\\\/worldofflowerpots.com\\\/sklep\\\/\"},{\"@type\":\"ListItem\",\"position\":3,\"name\":\"Prostok\u0105tne donice z blachy aluminiowej Edoardo 3\"}]},{\"@type\":\"WebSite\",\"@id\":\"https:\\\/\\\/worldofflowerpots.com\\\/#website\",\"url\":\"https:\\\/\\\/worldofflowerpots.com\\\/\",\"name\":\"World of Flowerpots\",\"description\":\"producent donic ozdobnych\",\"potentialAction\":[{\"@type\":\"SearchAction\",\"target\":{\"@type\":\"EntryPoint\",\"urlTemplate\":\"https:\\\/\\\/worldofflowerpots.com\\\/?s={search_term_string}\"},\"query-input\":{\"@type\":\"PropertyValueSpecification\",\"valueRequired\":true,\"valueName\":\"search_term_string\"}}],\"inLanguage\":\"pl-PL\"}]}<\/script>\n<!-- \/ Yoast SEO plugin. -->","yoast_head_json":{"title":"Prostok\u0105tne donice z blachy aluminiowej Edoardo 3 - D\u0142uga i Lekka","description":"Edoardo 3 to prostok\u0105tne donice z blachy aluminiowej o du\u017cych rozmiarach. Idealnie nadaj\u0105 si\u0119 do stosowania zewn\u0119trznego.","robots":{"index":"index","follow":"follow","max-snippet":"max-snippet:-1","max-image-preview":"max-image-preview:large","max-video-preview":"max-video-preview:-1"},"canonical":"https:\/\/worldofflowerpots.com\/sklep\/prostokatne-donice-z-blachy-aluminiowej-edoardo-3\/","og_locale":"pl_PL","og_type":"article","og_title":"Prostok\u0105tne donice z blachy aluminiowej Edoardo 3 - D\u0142uga i Lekka","og_description":"Edoardo 3 to prostok\u0105tne donice z blachy aluminiowej o du\u017cych rozmiarach. Idealnie nadaj\u0105 si\u0119 do stosowania zewn\u0119trznego.","og_url":"https:\/\/worldofflowerpots.com\/sklep\/prostokatne-donice-z-blachy-aluminiowej-edoardo-3\/","og_site_name":"World of Flowerpots","article_modified_time":"2019-04-05T08:02:59+00:00","og_image":[{"width":2280,"height":1612,"url":"https:\/\/worldofflowerpots.com\/wp-content\/uploads\/2019\/01\/Prostok\u0105tne-donice-z-blachy-aluminiowej-Edoardo_3-1.jpg","type":"image\/jpeg"}],"twitter_card":"summary_large_image","twitter_misc":{"Szacowany czas czytania":"2 minuty"},"schema":{"@context":"https:\/\/schema.org","@graph":[{"@type":"WebPage","@id":"https:\/\/worldofflowerpots.com\/sklep\/prostokatne-donice-z-blachy-aluminiowej-edoardo-3\/","url":"https:\/\/worldofflowerpots.com\/sklep\/prostokatne-donice-z-blachy-aluminiowej-edoardo-3\/","name":"Prostok\u0105tne donice z blachy aluminiowej Edoardo 3 - D\u0142uga i Lekka","isPartOf":{"@id":"https:\/\/worldofflowerpots.com\/#website"},"primaryImageOfPage":{"@id":"https:\/\/worldofflowerpots.com\/sklep\/prostokatne-donice-z-blachy-aluminiowej-edoardo-3\/#primaryimage"},"image":{"@id":"https:\/\/worldofflowerpots.com\/sklep\/prostokatne-donice-z-blachy-aluminiowej-edoardo-3\/#primaryimage"},"thumbnailUrl":"https:\/\/worldofflowerpots.com\/wp-content\/uploads\/2019\/01\/Prostok\u0105tne-donice-z-blachy-aluminiowej-Edoardo_3-1.jpg","datePublished":"2019-01-18T14:12:50+00:00","dateModified":"2019-04-05T08:02:59+00:00","description":"Edoardo 3 to prostok\u0105tne donice z blachy aluminiowej o du\u017cych rozmiarach. Idealnie nadaj\u0105 si\u0119 do stosowania zewn\u0119trznego.","breadcrumb":{"@id":"https:\/\/worldofflowerpots.com\/sklep\/prostokatne-donice-z-blachy-aluminiowej-edoardo-3\/#breadcrumb"},"inLanguage":"pl-PL","potentialAction":[{"@type":"ReadAction","target":["https:\/\/worldofflowerpots.com\/sklep\/prostokatne-donice-z-blachy-aluminiowej-edoardo-3\/"]}]},{"@type":"ImageObject","inLanguage":"pl-PL","@id":"https:\/\/worldofflowerpots.com\/sklep\/prostokatne-donice-z-blachy-aluminiowej-edoardo-3\/#primaryimage","url":"https:\/\/worldofflowerpots.com\/wp-content\/uploads\/2019\/01\/Prostok\u0105tne-donice-z-blachy-aluminiowej-Edoardo_3-1.jpg","contentUrl":"https:\/\/worldofflowerpots.com\/wp-content\/uploads\/2019\/01\/Prostok\u0105tne-donice-z-blachy-aluminiowej-Edoardo_3-1.jpg","width":2280,"height":1612},{"@type":"BreadcrumbList","@id":"https:\/\/worldofflowerpots.com\/sklep\/prostokatne-donice-z-blachy-aluminiowej-edoardo-3\/#breadcrumb","itemListElement":[{"@type":"ListItem","position":1,"name":"Strona g\u0142\u00f3wna","item":"https:\/\/worldofflowerpots.com\/"},{"@type":"ListItem","position":2,"name":"Sklep","item":"https:\/\/worldofflowerpots.com\/sklep\/"},{"@type":"ListItem","position":3,"name":"Prostok\u0105tne donice z blachy aluminiowej Edoardo 3"}]},{"@type":"WebSite","@id":"https:\/\/worldofflowerpots.com\/#website","url":"https:\/\/worldofflowerpots.com\/","name":"World of Flowerpots","description":"producent donic ozdobnych","potentialAction":[{"@type":"SearchAction","target":{"@type":"EntryPoint","urlTemplate":"https:\/\/worldofflowerpots.com\/?s={search_term_string}"},"query-input":{"@type":"PropertyValueSpecification","valueRequired":true,"valueName":"search_term_string"}}],"inLanguage":"pl-PL"}]}},"_links":{"self":[{"href":"https:\/\/worldofflowerpots.com\/pl\/wp-json\/wp\/v2\/product\/50959","targetHints":{"allow":["GET"]}}],"collection":[{"href":"https:\/\/worldofflowerpots.com\/pl\/wp-json\/wp\/v2\/product"}],"about":[{"href":"https:\/\/worldofflowerpots.com\/pl\/wp-json\/wp\/v2\/types\/product"}],"wp:featuredmedia":[{"embeddable":true,"href":"https:\/\/worldofflowerpots.com\/pl\/wp-json\/wp\/v2\/media\/57394"}],"wp:attachment":[{"href":"https:\/\/worldofflowerpots.com\/pl\/wp-json\/wp\/v2\/media?parent=50959"}],"wp:term":[{"taxonomy":"product_brand","embeddable":true,"href":"https:\/\/worldofflowerpots.com\/pl\/wp-json\/wp\/v2\/product_brand?post=50959"},{"taxonomy":"product_cat","embeddable":true,"href":"https:\/\/worldofflowerpots.com\/pl\/wp-json\/wp\/v2\/product_cat?post=50959"},{"taxonomy":"product_tag","embeddable":true,"href":"https:\/\/worldofflowerpots.com\/pl\/wp-json\/wp\/v2\/product_tag?post=50959"}],"curies":[{"name":"wp","href":"https:\/\/api.w.org\/{rel}","templated":true}]}}