{"id":50960,"date":"2019-01-18T15:12:51","date_gmt":"2019-01-18T14:12:51","guid":{"rendered":"https:\/\/worldofflowerpots.com\/product\/import-placeholder-for-268\/"},"modified":"2019-04-04T11:53:08","modified_gmt":"2019-04-04T09:53:08","slug":"dlugie-donice-aluminiowe-edoardo-4","status":"publish","type":"product","link":"https:\/\/worldofflowerpots.com\/pl\/sklep\/dlugie-donice-aluminiowe-edoardo-4\/","title":{"rendered":"D\u0142ugie donice aluminiowe Edoardo 4"},"content":{"rendered":"<h2>Donice aluminiowe- estetyka i nowoczesno\u015b\u0107<\/h2>\n<p>W dzisiejszych czasach panuje moda, na nowoczesne tarasy, z widokiem na pi\u0119kny ogr\u00f3d. Jednak zdarza si\u0119 tak, \u017ce wiele os\u00f3b nie mo\u017ce cieszy\u0107 si\u0119 widokiem ogrodu. Dlatego bardzo wa\u017cne jest to,\u00a0aby nadrobi\u0107 stracone widoki urz\u0105dzaj\u0105c\u00a0sw\u00f3j taras, tak by\u015bmy mogli cieszy\u0107 si\u0119 widokiem pi\u0119knych ro\u015blin.<\/p>\n<h2>Jak ukaza\u0107 pi\u0119kno ro\u015blin?<\/h2>\n<p>Chc\u0105c ukaza\u0107 pi\u0119kno ro\u015blin, kt\u00f3re z nowoczesnym tarasem b\u0119d\u0105 zgrywa\u0107 si\u0119 w ca\u0142o\u015b\u0107 nale\u017cy pami\u0119ta\u0107 o odpowiednim wyborze donic. Warto wybra\u0107 d\u0142ugie donice aluminiowe, kt\u00f3re staj\u0105 si\u0119 coraz modniejsze, przez to, \u017ce wygl\u0105daj\u0105 r\u00f3wnie estetycznie, jak donice wykonane z tworzyw sztucznych, a tak\u017ce drewna. Jednak donice aluminiowe maj\u0105 pewne zalety, kt\u00f3re cz\u0119sto decyduj\u0105 o ich wyborze. Zalet\u0105 donic aluminiowych z pewno\u015bci\u0105 jest lekka waga, pomimo wymiar\u00f3w jakie posiada. Dzi\u0119ki zastosowanej aluminiowej blachy oraz malowaniu proszkowemu, jej wygl\u0105d nie zmienia si\u0119 podczas u\u017cytkowania. Nie straszne jej niekorzystne warunki pogodowe. Donice aluminiowe wyposa\u017cone s\u0105 w odpowiednie otwory odp\u0142ywowe. Ich zadaniem jest zapewnienie by ro\u015bliny znajduj\u0105ce si\u0119 w donicy nie by\u0142y nara\u017cone na przebywanie w zbyt du\u017cej ilo\u015bci wody.<br \/>\nDonice aluminiowe znajduj\u0105 r\u00f3wnie\u017c zastosowanie przy podjazdach, w du\u017cych salonach, ogrodzie, na balkonach oraz wsz\u0119dzie, gdzie chcemy osi\u0105gn\u0105\u0107 estetyczny wygl\u0105d.<\/p>\n<h2>Nowoczesna ekspozycja<\/h2>\n<p>D\u0142ugie donice aluminiowe \u015bwietnie wygl\u0105daj\u0105 w otoczeniu ma\u0142ych ro\u015blin, kt\u00f3re b\u0119d\u0105 mie\u0107 idealne warunki do rozwoju. Bardzo dobrze sprawdzaj\u0105 si\u0119 tak\u017ce w otoczeniu ma\u0142ych drzewek ozdobnych takich jak klon pospolity, bukszpan, magnolie itp. Bardzo wa\u017cne jest tak\u017ce odpowiednie ustawienie donic, dlatego warto ustawia\u0107 je w miejscach dobrze widocznych. Dobrym pomys\u0142em by\u0142oby wykonanie \u015bcie\u017cki za pomoc\u0105 obrze\u017cy, mi\u0119dzy kt\u00f3rymi znajdzie si\u0119 kamie\u0144 ozdobny, na kt\u00f3rym ustawiona zostanie donica. Mo\u017cemy r\u00f3wnie\u017c ustawi\u0107 je w\u015br\u00f3d ozd\u00f3b ogrodowych takich jak wiatraki wykonane z drewna, studnie ozdobne lub obok oczka wodnego.<br \/>\nRo\u015bliny z pewno\u015bci\u0105 nadaj\u0105 naszemu otoczeniu estetycznego wygl\u0105du, a tak\u017ce sprawiaj\u0105, \u017ce czujemy si\u0119 w nim bezpieczniej i jeste\u015bmy spokojniejsi, dlatego te\u017c musimy zrobi\u0107 co\u015b dla naszych ro\u015blin. Idealnym podzi\u0119kowanie ro\u015blin za to, co dla nas robi\u0105, jest wyb\u00f3r odpowiedniej donicy, w kt\u00f3rej b\u0119d\u0105 mie\u0107 najlepsze warunki do rozwoju, jest to tak samo wa\u017cne, jak\u00a0odpowiednia piel\u0119gnacja.<\/p>\n","protected":false},"excerpt":{"rendered":"<p>Donica aluminiowa Edoardo 4 produkowana jest we wszystkich kolorach palety RAL. Donica produkowana jest w standardzie z otworami odp\u0142ywowymi. Waga to: 37kg, a wymiary : d\u0142ugo\u015b\u0107:200cm, szeroko\u015b\u0107:50cm, wysoko\u015b\u0107:60cm. Zalecane stosowanie jako donica tarasowa.<\/p>\n","protected":false},"featured_media":57334,"template":"","meta":{"_acf_changed":false},"product_brand":[],"product_cat":[116],"product_tag":[446,444,447,451],"class_list":{"0":"post-50960","1":"product","2":"type-product","3":"status-publish","4":"has-post-thumbnail","6":"product_cat-donice-z-aluminium","7":"product_tag-donice-aluminiowe","8":"product_tag-donice-ogrodowe","9":"product_tag-donice-tarasowe","10":"product_tag-donice-wewnetrzne","11":"description-off","12":"tm-has-options","14":"first","15":"instock","16":"shipping-taxable","17":"purchasable","18":"product-type-simple"},"acf":[],"yoast_head":"<!-- This site is optimized with the Yoast SEO plugin v27.5 - https:\/\/yoast.com\/product\/yoast-seo-wordpress\/ -->\n<title>D\u0142ugie donice aluminiowe na Taras i Do Ogrodu Edoardo 4<\/title>\n<meta name=\"description\" content=\"D\u0142ugie donice aluminiowe znajduj\u0105 r\u00f3wnie\u017c zastosowanie przy podjazdach, w du\u017cych salonach, ogrodzie oraz wsz\u0119dzie, gdzie chcemy osi\u0105gn\u0105\u0107 estetyczny wygl\u0105d.\" \/>\n<meta name=\"robots\" content=\"index, follow, max-snippet:-1, max-image-preview:large, max-video-preview:-1\" \/>\n<link rel=\"canonical\" href=\"https:\/\/worldofflowerpots.com\/sklep\/dlugie-donice-aluminiowe-edoardo-4\/\" \/>\n<meta property=\"og:locale\" content=\"pl_PL\" \/>\n<meta property=\"og:type\" content=\"article\" \/>\n<meta property=\"og:title\" content=\"D\u0142ugie donice aluminiowe na Taras i Do Ogrodu Edoardo 4\" \/>\n<meta property=\"og:description\" content=\"D\u0142ugie donice aluminiowe znajduj\u0105 r\u00f3wnie\u017c zastosowanie przy podjazdach, w du\u017cych salonach, ogrodzie oraz wsz\u0119dzie, gdzie chcemy osi\u0105gn\u0105\u0107 estetyczny wygl\u0105d.\" \/>\n<meta property=\"og:url\" content=\"https:\/\/worldofflowerpots.com\/sklep\/dlugie-donice-aluminiowe-edoardo-4\/\" \/>\n<meta property=\"og:site_name\" content=\"World of Flowerpots\" \/>\n<meta property=\"article:modified_time\" content=\"2019-04-04T09:53:08+00:00\" \/>\n<meta property=\"og:image\" content=\"https:\/\/worldofflowerpots.com\/wp-content\/uploads\/2019\/01\/D\u0142ugie-donice-aluminiowe-Edoardo_4.jpg\" \/>\n\t<meta property=\"og:image:width\" content=\"2280\" \/>\n\t<meta property=\"og:image:height\" content=\"1612\" \/>\n\t<meta property=\"og:image:type\" content=\"image\/jpeg\" \/>\n<meta name=\"twitter:card\" content=\"summary_large_image\" \/>\n<meta name=\"twitter:label1\" content=\"Szacowany czas czytania\" \/>\n\t<meta name=\"twitter:data1\" content=\"2 minuty\" \/>\n<script type=\"application\/ld+json\" class=\"yoast-schema-graph\">{\"@context\":\"https:\\\/\\\/schema.org\",\"@graph\":[{\"@type\":\"WebPage\",\"@id\":\"https:\\\/\\\/worldofflowerpots.com\\\/sklep\\\/dlugie-donice-aluminiowe-edoardo-4\\\/\",\"url\":\"https:\\\/\\\/worldofflowerpots.com\\\/sklep\\\/dlugie-donice-aluminiowe-edoardo-4\\\/\",\"name\":\"D\u0142ugie donice aluminiowe na Taras i Do Ogrodu Edoardo 4\",\"isPartOf\":{\"@id\":\"https:\\\/\\\/worldofflowerpots.com\\\/#website\"},\"primaryImageOfPage\":{\"@id\":\"https:\\\/\\\/worldofflowerpots.com\\\/sklep\\\/dlugie-donice-aluminiowe-edoardo-4\\\/#primaryimage\"},\"image\":{\"@id\":\"https:\\\/\\\/worldofflowerpots.com\\\/sklep\\\/dlugie-donice-aluminiowe-edoardo-4\\\/#primaryimage\"},\"thumbnailUrl\":\"https:\\\/\\\/worldofflowerpots.com\\\/wp-content\\\/uploads\\\/2019\\\/01\\\/D\u0142ugie-donice-aluminiowe-Edoardo_4.jpg\",\"datePublished\":\"2019-01-18T14:12:51+00:00\",\"dateModified\":\"2019-04-04T09:53:08+00:00\",\"description\":\"D\u0142ugie donice aluminiowe znajduj\u0105 r\u00f3wnie\u017c zastosowanie przy podjazdach, w du\u017cych salonach, ogrodzie oraz wsz\u0119dzie, gdzie chcemy osi\u0105gn\u0105\u0107 estetyczny wygl\u0105d.\",\"breadcrumb\":{\"@id\":\"https:\\\/\\\/worldofflowerpots.com\\\/sklep\\\/dlugie-donice-aluminiowe-edoardo-4\\\/#breadcrumb\"},\"inLanguage\":\"pl-PL\",\"potentialAction\":[{\"@type\":\"ReadAction\",\"target\":[\"https:\\\/\\\/worldofflowerpots.com\\\/sklep\\\/dlugie-donice-aluminiowe-edoardo-4\\\/\"]}]},{\"@type\":\"ImageObject\",\"inLanguage\":\"pl-PL\",\"@id\":\"https:\\\/\\\/worldofflowerpots.com\\\/sklep\\\/dlugie-donice-aluminiowe-edoardo-4\\\/#primaryimage\",\"url\":\"https:\\\/\\\/worldofflowerpots.com\\\/wp-content\\\/uploads\\\/2019\\\/01\\\/D\u0142ugie-donice-aluminiowe-Edoardo_4.jpg\",\"contentUrl\":\"https:\\\/\\\/worldofflowerpots.com\\\/wp-content\\\/uploads\\\/2019\\\/01\\\/D\u0142ugie-donice-aluminiowe-Edoardo_4.jpg\",\"width\":2280,\"height\":1612},{\"@type\":\"BreadcrumbList\",\"@id\":\"https:\\\/\\\/worldofflowerpots.com\\\/sklep\\\/dlugie-donice-aluminiowe-edoardo-4\\\/#breadcrumb\",\"itemListElement\":[{\"@type\":\"ListItem\",\"position\":1,\"name\":\"Strona g\u0142\u00f3wna\",\"item\":\"https:\\\/\\\/worldofflowerpots.com\\\/\"},{\"@type\":\"ListItem\",\"position\":2,\"name\":\"Sklep\",\"item\":\"https:\\\/\\\/worldofflowerpots.com\\\/sklep\\\/\"},{\"@type\":\"ListItem\",\"position\":3,\"name\":\"D\u0142ugie donice aluminiowe Edoardo 4\"}]},{\"@type\":\"WebSite\",\"@id\":\"https:\\\/\\\/worldofflowerpots.com\\\/#website\",\"url\":\"https:\\\/\\\/worldofflowerpots.com\\\/\",\"name\":\"World of Flowerpots\",\"description\":\"producent donic ozdobnych\",\"potentialAction\":[{\"@type\":\"SearchAction\",\"target\":{\"@type\":\"EntryPoint\",\"urlTemplate\":\"https:\\\/\\\/worldofflowerpots.com\\\/?s={search_term_string}\"},\"query-input\":{\"@type\":\"PropertyValueSpecification\",\"valueRequired\":true,\"valueName\":\"search_term_string\"}}],\"inLanguage\":\"pl-PL\"}]}<\/script>\n<!-- \/ Yoast SEO plugin. -->","yoast_head_json":{"title":"D\u0142ugie donice aluminiowe na Taras i Do Ogrodu Edoardo 4","description":"D\u0142ugie donice aluminiowe znajduj\u0105 r\u00f3wnie\u017c zastosowanie przy podjazdach, w du\u017cych salonach, ogrodzie oraz wsz\u0119dzie, gdzie chcemy osi\u0105gn\u0105\u0107 estetyczny wygl\u0105d.","robots":{"index":"index","follow":"follow","max-snippet":"max-snippet:-1","max-image-preview":"max-image-preview:large","max-video-preview":"max-video-preview:-1"},"canonical":"https:\/\/worldofflowerpots.com\/sklep\/dlugie-donice-aluminiowe-edoardo-4\/","og_locale":"pl_PL","og_type":"article","og_title":"D\u0142ugie donice aluminiowe na Taras i Do Ogrodu Edoardo 4","og_description":"D\u0142ugie donice aluminiowe znajduj\u0105 r\u00f3wnie\u017c zastosowanie przy podjazdach, w du\u017cych salonach, ogrodzie oraz wsz\u0119dzie, gdzie chcemy osi\u0105gn\u0105\u0107 estetyczny wygl\u0105d.","og_url":"https:\/\/worldofflowerpots.com\/sklep\/dlugie-donice-aluminiowe-edoardo-4\/","og_site_name":"World of Flowerpots","article_modified_time":"2019-04-04T09:53:08+00:00","og_image":[{"width":2280,"height":1612,"url":"https:\/\/worldofflowerpots.com\/wp-content\/uploads\/2019\/01\/D\u0142ugie-donice-aluminiowe-Edoardo_4.jpg","type":"image\/jpeg"}],"twitter_card":"summary_large_image","twitter_misc":{"Szacowany czas czytania":"2 minuty"},"schema":{"@context":"https:\/\/schema.org","@graph":[{"@type":"WebPage","@id":"https:\/\/worldofflowerpots.com\/sklep\/dlugie-donice-aluminiowe-edoardo-4\/","url":"https:\/\/worldofflowerpots.com\/sklep\/dlugie-donice-aluminiowe-edoardo-4\/","name":"D\u0142ugie donice aluminiowe na Taras i Do Ogrodu Edoardo 4","isPartOf":{"@id":"https:\/\/worldofflowerpots.com\/#website"},"primaryImageOfPage":{"@id":"https:\/\/worldofflowerpots.com\/sklep\/dlugie-donice-aluminiowe-edoardo-4\/#primaryimage"},"image":{"@id":"https:\/\/worldofflowerpots.com\/sklep\/dlugie-donice-aluminiowe-edoardo-4\/#primaryimage"},"thumbnailUrl":"https:\/\/worldofflowerpots.com\/wp-content\/uploads\/2019\/01\/D\u0142ugie-donice-aluminiowe-Edoardo_4.jpg","datePublished":"2019-01-18T14:12:51+00:00","dateModified":"2019-04-04T09:53:08+00:00","description":"D\u0142ugie donice aluminiowe znajduj\u0105 r\u00f3wnie\u017c zastosowanie przy podjazdach, w du\u017cych salonach, ogrodzie oraz wsz\u0119dzie, gdzie chcemy osi\u0105gn\u0105\u0107 estetyczny wygl\u0105d.","breadcrumb":{"@id":"https:\/\/worldofflowerpots.com\/sklep\/dlugie-donice-aluminiowe-edoardo-4\/#breadcrumb"},"inLanguage":"pl-PL","potentialAction":[{"@type":"ReadAction","target":["https:\/\/worldofflowerpots.com\/sklep\/dlugie-donice-aluminiowe-edoardo-4\/"]}]},{"@type":"ImageObject","inLanguage":"pl-PL","@id":"https:\/\/worldofflowerpots.com\/sklep\/dlugie-donice-aluminiowe-edoardo-4\/#primaryimage","url":"https:\/\/worldofflowerpots.com\/wp-content\/uploads\/2019\/01\/D\u0142ugie-donice-aluminiowe-Edoardo_4.jpg","contentUrl":"https:\/\/worldofflowerpots.com\/wp-content\/uploads\/2019\/01\/D\u0142ugie-donice-aluminiowe-Edoardo_4.jpg","width":2280,"height":1612},{"@type":"BreadcrumbList","@id":"https:\/\/worldofflowerpots.com\/sklep\/dlugie-donice-aluminiowe-edoardo-4\/#breadcrumb","itemListElement":[{"@type":"ListItem","position":1,"name":"Strona g\u0142\u00f3wna","item":"https:\/\/worldofflowerpots.com\/"},{"@type":"ListItem","position":2,"name":"Sklep","item":"https:\/\/worldofflowerpots.com\/sklep\/"},{"@type":"ListItem","position":3,"name":"D\u0142ugie donice aluminiowe Edoardo 4"}]},{"@type":"WebSite","@id":"https:\/\/worldofflowerpots.com\/#website","url":"https:\/\/worldofflowerpots.com\/","name":"World of Flowerpots","description":"producent donic ozdobnych","potentialAction":[{"@type":"SearchAction","target":{"@type":"EntryPoint","urlTemplate":"https:\/\/worldofflowerpots.com\/?s={search_term_string}"},"query-input":{"@type":"PropertyValueSpecification","valueRequired":true,"valueName":"search_term_string"}}],"inLanguage":"pl-PL"}]}},"_links":{"self":[{"href":"https:\/\/worldofflowerpots.com\/pl\/wp-json\/wp\/v2\/product\/50960","targetHints":{"allow":["GET"]}}],"collection":[{"href":"https:\/\/worldofflowerpots.com\/pl\/wp-json\/wp\/v2\/product"}],"about":[{"href":"https:\/\/worldofflowerpots.com\/pl\/wp-json\/wp\/v2\/types\/product"}],"wp:featuredmedia":[{"embeddable":true,"href":"https:\/\/worldofflowerpots.com\/pl\/wp-json\/wp\/v2\/media\/57334"}],"wp:attachment":[{"href":"https:\/\/worldofflowerpots.com\/pl\/wp-json\/wp\/v2\/media?parent=50960"}],"wp:term":[{"taxonomy":"product_brand","embeddable":true,"href":"https:\/\/worldofflowerpots.com\/pl\/wp-json\/wp\/v2\/product_brand?post=50960"},{"taxonomy":"product_cat","embeddable":true,"href":"https:\/\/worldofflowerpots.com\/pl\/wp-json\/wp\/v2\/product_cat?post=50960"},{"taxonomy":"product_tag","embeddable":true,"href":"https:\/\/worldofflowerpots.com\/pl\/wp-json\/wp\/v2\/product_tag?post=50960"}],"curies":[{"name":"wp","href":"https:\/\/api.w.org\/{rel}","templated":true}]}}