{"id":50961,"date":"2019-01-18T15:12:51","date_gmt":"2019-01-18T14:12:51","guid":{"rendered":"https:\/\/worldofflowerpots.com\/product\/import-placeholder-for-269\/"},"modified":"2019-04-04T11:55:23","modified_gmt":"2019-04-04T09:55:23","slug":"prostokatne-donice-malowane-proszkowo-edoardo-5","status":"publish","type":"product","link":"https:\/\/worldofflowerpots.com\/pl\/sklep\/prostokatne-donice-malowane-proszkowo-edoardo-5\/","title":{"rendered":"Prostok\u0105tne donice malowane proszkowo Edoardo 5"},"content":{"rendered":"<h2>Prostok\u0105tna donica aluminiowa Edoardo 5<\/h2>\n<p>Mieszkanie oraz praca w otoczeniu zieleni s\u0105 nie tylko przyjemne, ale i zdrowe. Zatem, \u017ceby \u017cy\u0107 przyjemniej warto pomy\u015ble\u0107 o ro\u015blinach, kt\u00f3re b\u0119d\u0105 cieszy\u0107 oczy zar\u00f3wno we wn\u0119trzu, jak i na zewn\u0105trz. Nic tak wspaniale nie ozdobi tarasu, hallu, czy ogrodu jak bujne krzewy, pi\u0119kne kwiaty czy pn\u0105cza. Odpowiednia do ich zasadzenia b\u0119dzie nowoczesna donica aluminiowa Edoardo 5.<\/p>\n<h2>Postaw na geometri\u0119<\/h2>\n<p>Geometryczna, prosta donica Edoardo 5 b\u0119dzie ponadczasowym elementem aran\u017cacji przestrzeni. Dzi\u0119ki swym rozmiarom sprawdzi si\u0119 nie tylko na du\u017cym tarasie, ale r\u00f3wnie\u017c w ogrodzie, hallu biurowca lub hotelu, w galerii handlowej czy nawet przestrzeni miejskiej. Prostok\u0105tne donice malowane proszkowo znakomicie nadaj\u0105 si\u0119 zar\u00f3wno do wn\u0119trza, jak i na zewn\u0105trz. Przy wyborze donicy nale\u017cy kierowa\u0107 si\u0119 nie tylko estetyk\u0105 i stylem, ale r\u00f3wnie\u017c materia\u0142em, z kt\u00f3rego zosta\u0142a wykonana. U\u017cyte tu aluminium jest mrozoodporne i odporne na uszkodzenia mechaniczne. Sprawdzi si\u0119, wi\u0119c o ka\u017cdej porze roku &#8211; latem i zim\u0105. Donica Edoardo 5 dost\u0119pna jest w pe\u0142nej palecie kolor\u00f3w RAL, zar\u00f3wno w matowym, jaki i po\u0142yskuj\u0105cym wyko\u0144czeniu. Dzi\u0119ki temu \u0142atwo dopasowa\u0107 j\u0105 do aran\u017cacji wn\u0119trza lub do elewacji zewn\u0119trznej.<\/p>\n<h2>Dopasowana do domu i ogrodu<\/h2>\n<p>Uniwersalny kszta\u0142t donicy Edoardo 5 sprawia, \u017ce to idealna oprawa dla zieleni w wielu przestrzeniach. Dzi\u0119ki swym rozmiarom oraz ci\u0119\u017carowi (50 kg) b\u0119dzie \u015bwietnym pojemnikiem nawet na wi\u0119ksze ro\u015bliny, jak drzewa. Nale\u017cy pami\u0119ta\u0107 o w\u0142a\u015bciwym doborze ro\u015blinno\u015bci, gdy\u017c nie ka\u017cdy gatunek nadaje si\u0119 do sadzenia w donicach. Warto r\u00f3wnie\u017c wzi\u0105\u0107 pod uwag\u0119 specyficzne warunki i wymagania aran\u017cacyjne. Na pewno warto rozwa\u017cy\u0107 posadzenie drzewek takich jak mi\u0142orz\u0105b japo\u0144ski lub modrzew europejski. W tego typu donicy pi\u0119knie b\u0119d\u0105 si\u0119 prezentowa\u0142y tak\u017ce wysokie trawy i byliny, kt\u00f3re s\u0105 niew\u0105tpliw\u0105 ozdob\u0105 ogrod\u00f3w i taras\u00f3w.<\/p>\n<h2>Edoardo 5 to dobry wyb\u00f3r<\/h2>\n<p>Prostok\u0105tne donice malowane proszkowo to idealny spos\u00f3b na aran\u017cacj\u0119 zieleni. \u015acianki donicy Edoardo maj\u0105 zaledwie 2 mm, ale ocieplenie stanowi 2 cm warstwa styropianu, kt\u00f3ra chroni bry\u0142\u0119 korzeniow\u0105 przed przemarzni\u0119ciem, ale te\u017c przed zagrzaniem w trakcie upa\u0142\u00f3w. Z kolei nawiercone w dnie otwory pozwalaj\u0105 utrzyma\u0107 w\u0142a\u015bciwy poziom nawil\u017cenia gleby. Posadzenie ro\u015blin w donicy Edoardo 5 to doskona\u0142y spos\u00f3b na\u00a0wprowadzenie zieleni do otoczenia.<\/p>\n","protected":false},"excerpt":{"rendered":"<p>Donica aluminiowa Edoardo 5 produkowana jest we wszystkich kolorach palety RAL. Donica produkowana jest w standardzie z otworami odp\u0142ywowymi. Waga to :50kg, a wymiary : d\u0142ugo\u015b\u0107:150cm, szeroko\u015b\u0107:50cm, wysoko\u015b\u0107:80cm. Zalecane stosowanie jako donica tarasowa.<\/p>\n","protected":false},"featured_media":57344,"template":"","meta":{"_acf_changed":false},"product_brand":[],"product_cat":[116],"product_tag":[446,448,444,447,451],"class_list":{"0":"post-50961","1":"product","2":"type-product","3":"status-publish","4":"has-post-thumbnail","6":"product_cat-donice-z-aluminium","7":"product_tag-donice-aluminiowe","8":"product_tag-donice-balkonowe","9":"product_tag-donice-ogrodowe","10":"product_tag-donice-tarasowe","11":"product_tag-donice-wewnetrzne","12":"description-off","13":"tm-has-options","15":"first","16":"instock","17":"shipping-taxable","18":"purchasable","19":"product-type-simple"},"acf":[],"yoast_head":"<!-- This site is optimized with the Yoast SEO plugin v27.5 - https:\/\/yoast.com\/product\/yoast-seo-wordpress\/ -->\n<title>Prostok\u0105tne donice malowane proszkowo Edoardo 5<\/title>\n<meta name=\"description\" content=\"Prostok\u0105tne donice malowane proszkowo to idealny spos\u00f3b na aran\u017cacj\u0119 zieleni. Donica Edoardo 5 b\u0119dzie ponadczasowym elementem aran\u017cacji przestrzeni.\" \/>\n<meta name=\"robots\" content=\"index, follow, max-snippet:-1, max-image-preview:large, max-video-preview:-1\" \/>\n<link rel=\"canonical\" href=\"https:\/\/worldofflowerpots.com\/sklep\/prostokatne-donice-malowane-proszkowo-edoardo-5\/\" \/>\n<meta property=\"og:locale\" content=\"pl_PL\" \/>\n<meta property=\"og:type\" content=\"article\" \/>\n<meta property=\"og:title\" content=\"Prostok\u0105tne donice malowane proszkowo Edoardo 5\" \/>\n<meta property=\"og:description\" content=\"Prostok\u0105tne donice malowane proszkowo to idealny spos\u00f3b na aran\u017cacj\u0119 zieleni. Donica Edoardo 5 b\u0119dzie ponadczasowym elementem aran\u017cacji przestrzeni.\" \/>\n<meta property=\"og:url\" content=\"https:\/\/worldofflowerpots.com\/sklep\/prostokatne-donice-malowane-proszkowo-edoardo-5\/\" \/>\n<meta property=\"og:site_name\" content=\"World of Flowerpots\" \/>\n<meta property=\"article:modified_time\" content=\"2019-04-04T09:55:23+00:00\" \/>\n<meta property=\"og:image\" content=\"https:\/\/worldofflowerpots.com\/wp-content\/uploads\/2019\/01\/Prostok\u0105tne-donice-malowane-proszkowo-Edoard_5.jpg\" \/>\n\t<meta property=\"og:image:width\" content=\"1920\" \/>\n\t<meta property=\"og:image:height\" content=\"1080\" \/>\n\t<meta property=\"og:image:type\" content=\"image\/jpeg\" \/>\n<meta name=\"twitter:card\" content=\"summary_large_image\" \/>\n<meta name=\"twitter:label1\" content=\"Szacowany czas czytania\" \/>\n\t<meta name=\"twitter:data1\" content=\"2 minuty\" \/>\n<script type=\"application\/ld+json\" class=\"yoast-schema-graph\">{\"@context\":\"https:\\\/\\\/schema.org\",\"@graph\":[{\"@type\":\"WebPage\",\"@id\":\"https:\\\/\\\/worldofflowerpots.com\\\/sklep\\\/prostokatne-donice-malowane-proszkowo-edoardo-5\\\/\",\"url\":\"https:\\\/\\\/worldofflowerpots.com\\\/sklep\\\/prostokatne-donice-malowane-proszkowo-edoardo-5\\\/\",\"name\":\"Prostok\u0105tne donice malowane proszkowo Edoardo 5\",\"isPartOf\":{\"@id\":\"https:\\\/\\\/worldofflowerpots.com\\\/#website\"},\"primaryImageOfPage\":{\"@id\":\"https:\\\/\\\/worldofflowerpots.com\\\/sklep\\\/prostokatne-donice-malowane-proszkowo-edoardo-5\\\/#primaryimage\"},\"image\":{\"@id\":\"https:\\\/\\\/worldofflowerpots.com\\\/sklep\\\/prostokatne-donice-malowane-proszkowo-edoardo-5\\\/#primaryimage\"},\"thumbnailUrl\":\"https:\\\/\\\/worldofflowerpots.com\\\/wp-content\\\/uploads\\\/2019\\\/01\\\/Prostok\u0105tne-donice-malowane-proszkowo-Edoard_5.jpg\",\"datePublished\":\"2019-01-18T14:12:51+00:00\",\"dateModified\":\"2019-04-04T09:55:23+00:00\",\"description\":\"Prostok\u0105tne donice malowane proszkowo to idealny spos\u00f3b na aran\u017cacj\u0119 zieleni. Donica Edoardo 5 b\u0119dzie ponadczasowym elementem aran\u017cacji przestrzeni.\",\"breadcrumb\":{\"@id\":\"https:\\\/\\\/worldofflowerpots.com\\\/sklep\\\/prostokatne-donice-malowane-proszkowo-edoardo-5\\\/#breadcrumb\"},\"inLanguage\":\"pl-PL\",\"potentialAction\":[{\"@type\":\"ReadAction\",\"target\":[\"https:\\\/\\\/worldofflowerpots.com\\\/sklep\\\/prostokatne-donice-malowane-proszkowo-edoardo-5\\\/\"]}]},{\"@type\":\"ImageObject\",\"inLanguage\":\"pl-PL\",\"@id\":\"https:\\\/\\\/worldofflowerpots.com\\\/sklep\\\/prostokatne-donice-malowane-proszkowo-edoardo-5\\\/#primaryimage\",\"url\":\"https:\\\/\\\/worldofflowerpots.com\\\/wp-content\\\/uploads\\\/2019\\\/01\\\/Prostok\u0105tne-donice-malowane-proszkowo-Edoard_5.jpg\",\"contentUrl\":\"https:\\\/\\\/worldofflowerpots.com\\\/wp-content\\\/uploads\\\/2019\\\/01\\\/Prostok\u0105tne-donice-malowane-proszkowo-Edoard_5.jpg\",\"width\":1920,\"height\":1080},{\"@type\":\"BreadcrumbList\",\"@id\":\"https:\\\/\\\/worldofflowerpots.com\\\/sklep\\\/prostokatne-donice-malowane-proszkowo-edoardo-5\\\/#breadcrumb\",\"itemListElement\":[{\"@type\":\"ListItem\",\"position\":1,\"name\":\"Strona g\u0142\u00f3wna\",\"item\":\"https:\\\/\\\/worldofflowerpots.com\\\/\"},{\"@type\":\"ListItem\",\"position\":2,\"name\":\"Sklep\",\"item\":\"https:\\\/\\\/worldofflowerpots.com\\\/sklep\\\/\"},{\"@type\":\"ListItem\",\"position\":3,\"name\":\"Prostok\u0105tne donice malowane proszkowo Edoardo 5\"}]},{\"@type\":\"WebSite\",\"@id\":\"https:\\\/\\\/worldofflowerpots.com\\\/#website\",\"url\":\"https:\\\/\\\/worldofflowerpots.com\\\/\",\"name\":\"World of Flowerpots\",\"description\":\"producent donic ozdobnych\",\"potentialAction\":[{\"@type\":\"SearchAction\",\"target\":{\"@type\":\"EntryPoint\",\"urlTemplate\":\"https:\\\/\\\/worldofflowerpots.com\\\/?s={search_term_string}\"},\"query-input\":{\"@type\":\"PropertyValueSpecification\",\"valueRequired\":true,\"valueName\":\"search_term_string\"}}],\"inLanguage\":\"pl-PL\"}]}<\/script>\n<!-- \/ Yoast SEO plugin. -->","yoast_head_json":{"title":"Prostok\u0105tne donice malowane proszkowo Edoardo 5","description":"Prostok\u0105tne donice malowane proszkowo to idealny spos\u00f3b na aran\u017cacj\u0119 zieleni. Donica Edoardo 5 b\u0119dzie ponadczasowym elementem aran\u017cacji przestrzeni.","robots":{"index":"index","follow":"follow","max-snippet":"max-snippet:-1","max-image-preview":"max-image-preview:large","max-video-preview":"max-video-preview:-1"},"canonical":"https:\/\/worldofflowerpots.com\/sklep\/prostokatne-donice-malowane-proszkowo-edoardo-5\/","og_locale":"pl_PL","og_type":"article","og_title":"Prostok\u0105tne donice malowane proszkowo Edoardo 5","og_description":"Prostok\u0105tne donice malowane proszkowo to idealny spos\u00f3b na aran\u017cacj\u0119 zieleni. Donica Edoardo 5 b\u0119dzie ponadczasowym elementem aran\u017cacji przestrzeni.","og_url":"https:\/\/worldofflowerpots.com\/sklep\/prostokatne-donice-malowane-proszkowo-edoardo-5\/","og_site_name":"World of Flowerpots","article_modified_time":"2019-04-04T09:55:23+00:00","og_image":[{"width":1920,"height":1080,"url":"https:\/\/worldofflowerpots.com\/wp-content\/uploads\/2019\/01\/Prostok\u0105tne-donice-malowane-proszkowo-Edoard_5.jpg","type":"image\/jpeg"}],"twitter_card":"summary_large_image","twitter_misc":{"Szacowany czas czytania":"2 minuty"},"schema":{"@context":"https:\/\/schema.org","@graph":[{"@type":"WebPage","@id":"https:\/\/worldofflowerpots.com\/sklep\/prostokatne-donice-malowane-proszkowo-edoardo-5\/","url":"https:\/\/worldofflowerpots.com\/sklep\/prostokatne-donice-malowane-proszkowo-edoardo-5\/","name":"Prostok\u0105tne donice malowane proszkowo Edoardo 5","isPartOf":{"@id":"https:\/\/worldofflowerpots.com\/#website"},"primaryImageOfPage":{"@id":"https:\/\/worldofflowerpots.com\/sklep\/prostokatne-donice-malowane-proszkowo-edoardo-5\/#primaryimage"},"image":{"@id":"https:\/\/worldofflowerpots.com\/sklep\/prostokatne-donice-malowane-proszkowo-edoardo-5\/#primaryimage"},"thumbnailUrl":"https:\/\/worldofflowerpots.com\/wp-content\/uploads\/2019\/01\/Prostok\u0105tne-donice-malowane-proszkowo-Edoard_5.jpg","datePublished":"2019-01-18T14:12:51+00:00","dateModified":"2019-04-04T09:55:23+00:00","description":"Prostok\u0105tne donice malowane proszkowo to idealny spos\u00f3b na aran\u017cacj\u0119 zieleni. Donica Edoardo 5 b\u0119dzie ponadczasowym elementem aran\u017cacji przestrzeni.","breadcrumb":{"@id":"https:\/\/worldofflowerpots.com\/sklep\/prostokatne-donice-malowane-proszkowo-edoardo-5\/#breadcrumb"},"inLanguage":"pl-PL","potentialAction":[{"@type":"ReadAction","target":["https:\/\/worldofflowerpots.com\/sklep\/prostokatne-donice-malowane-proszkowo-edoardo-5\/"]}]},{"@type":"ImageObject","inLanguage":"pl-PL","@id":"https:\/\/worldofflowerpots.com\/sklep\/prostokatne-donice-malowane-proszkowo-edoardo-5\/#primaryimage","url":"https:\/\/worldofflowerpots.com\/wp-content\/uploads\/2019\/01\/Prostok\u0105tne-donice-malowane-proszkowo-Edoard_5.jpg","contentUrl":"https:\/\/worldofflowerpots.com\/wp-content\/uploads\/2019\/01\/Prostok\u0105tne-donice-malowane-proszkowo-Edoard_5.jpg","width":1920,"height":1080},{"@type":"BreadcrumbList","@id":"https:\/\/worldofflowerpots.com\/sklep\/prostokatne-donice-malowane-proszkowo-edoardo-5\/#breadcrumb","itemListElement":[{"@type":"ListItem","position":1,"name":"Strona g\u0142\u00f3wna","item":"https:\/\/worldofflowerpots.com\/"},{"@type":"ListItem","position":2,"name":"Sklep","item":"https:\/\/worldofflowerpots.com\/sklep\/"},{"@type":"ListItem","position":3,"name":"Prostok\u0105tne donice malowane proszkowo Edoardo 5"}]},{"@type":"WebSite","@id":"https:\/\/worldofflowerpots.com\/#website","url":"https:\/\/worldofflowerpots.com\/","name":"World of Flowerpots","description":"producent donic ozdobnych","potentialAction":[{"@type":"SearchAction","target":{"@type":"EntryPoint","urlTemplate":"https:\/\/worldofflowerpots.com\/?s={search_term_string}"},"query-input":{"@type":"PropertyValueSpecification","valueRequired":true,"valueName":"search_term_string"}}],"inLanguage":"pl-PL"}]}},"_links":{"self":[{"href":"https:\/\/worldofflowerpots.com\/pl\/wp-json\/wp\/v2\/product\/50961","targetHints":{"allow":["GET"]}}],"collection":[{"href":"https:\/\/worldofflowerpots.com\/pl\/wp-json\/wp\/v2\/product"}],"about":[{"href":"https:\/\/worldofflowerpots.com\/pl\/wp-json\/wp\/v2\/types\/product"}],"wp:featuredmedia":[{"embeddable":true,"href":"https:\/\/worldofflowerpots.com\/pl\/wp-json\/wp\/v2\/media\/57344"}],"wp:attachment":[{"href":"https:\/\/worldofflowerpots.com\/pl\/wp-json\/wp\/v2\/media?parent=50961"}],"wp:term":[{"taxonomy":"product_brand","embeddable":true,"href":"https:\/\/worldofflowerpots.com\/pl\/wp-json\/wp\/v2\/product_brand?post=50961"},{"taxonomy":"product_cat","embeddable":true,"href":"https:\/\/worldofflowerpots.com\/pl\/wp-json\/wp\/v2\/product_cat?post=50961"},{"taxonomy":"product_tag","embeddable":true,"href":"https:\/\/worldofflowerpots.com\/pl\/wp-json\/wp\/v2\/product_tag?post=50961"}],"curies":[{"name":"wp","href":"https:\/\/api.w.org\/{rel}","templated":true}]}}