{"id":50962,"date":"2019-01-18T15:12:51","date_gmt":"2019-01-18T14:12:51","guid":{"rendered":"https:\/\/worldofflowerpots.com\/product\/import-placeholder-for-270\/"},"modified":"2019-04-04T11:57:27","modified_gmt":"2019-04-04T09:57:27","slug":"stozkowa-donica-z-aluminium-silvestro-1","status":"publish","type":"product","link":"https:\/\/worldofflowerpots.com\/pl\/sklep\/stozkowa-donica-z-aluminium-silvestro-1\/","title":{"rendered":"Sto\u017ckowa donica z aluminium Silvestro 1"},"content":{"rendered":"<h2><strong>Donica aluminiowa Silverstro 1 &#8211; najlepsza na kwiaty<\/strong><\/h2>\n<p>Ziele\u0144 uspokaja, relaksuje i odpr\u0119\u017ca, dlatego warto si\u0119 ni\u0105 otacza\u0107. Zar\u00f3wno w domu, jak i w pracy. Balkony, loggie i tarasy ju\u017c dawno straci\u0142y charakter przechowalni czy miejsca, w kt\u00f3rym jest suszone pranie. Cz\u0119sto pe\u0142ni\u0105 funkcj\u0119 kolejnego pokoju w domu lub mieszkaniu, a tak\u017ce powierzchni wypoczynkowej w biurowcach. St\u0105d dba\u0142o\u015b\u0107 nie tylko o meble, ale i o aran\u017cacj\u0119 zieleni. W tym wypadku warto postawi\u0107 na pi\u0119kne donice, kt\u00f3re nie tyle pozwol\u0105 ro\u015blinom swobodnie rosn\u0105\u0107, ale podkre\u015bl\u0105 ich pi\u0119kno i dopasuj\u0105 si\u0119 do wystroju reszty tarasu czy balkonu.<\/p>\n<h2><strong>Klasyczny sto\u017cek<\/strong><\/h2>\n<p>Sto\u017ckowa donica z aluminium Silvestro 1 urzeka swoim klasycznym kszta\u0142tem. Wygl\u0105dem przypomina typow\u0105 kwiatow\u0105 doniczk\u0119, jaka znana jest od lat. Ale zastosowane do jej produkcji aluminium oraz kolory odr\u00f3\u017cniaj\u0105 j\u0105 od pierwowzoru. Dzi\u0119ki temu dopasuje si\u0119 niemal do ka\u017cdego stylu: minimalistycznego, rustykalnego, skandynawskiego, \u015br\u00f3dziemnomorskiego i wielu innych. Mo\u017cna j\u0105 zestawi\u0107 zar\u00f3wno z meblami ratanowymi, drewnianymi oraz metalowymi lub wykonanymi z innych tworzyw. Donica Silvestro 1 dzi\u0119ki swojemu kszta\u0142towi wyeksponuje ziele\u0144 i nie przyt\u0142oczy jej. \u015awietnie nadaje si\u0119 zar\u00f3wno do posadzenia w niej zielonych bylin, jak i pi\u0119knie kwitn\u0105cych kwiat\u00f3w. Silvestro 1 jest znakomitym wyborem do zio\u0142owego ogr\u00f3dka, szczeg\u00f3lnie ro\u015bliny typu rozmaryn czy krzew laurowy b\u0119d\u0105 si\u0119 w niej pi\u0119knie prezentowa\u0142y.<\/p>\n<h2><strong>Idealne dopasowanie<\/strong><\/h2>\n<p>To znakomite uzupe\u0142nienie wystroju wn\u0119trza, jak i zewn\u0119trznych przestrzeni. Sto\u017ckowa donica z aluminium Silvestro 1 mo\u017ce by\u0107 ustawiona na domowym tarasie, ale r\u00f3wnie\u017c w hallu budynku czy na biurowym patio. Sprawdzi si\u0119 r\u00f3wnie\u017c, jako ozdoba przed wej\u015bciem do domu lub na podje\u017adzie do budynku. Spokojna paleta barw: biel, szaro\u015b\u0107, czer\u0144 &#8211; u\u0142atwia dopasowanie donicy do koloru fasady lub wystroju wn\u0119trza.<\/p>\n<p>U\u017cyte do wyrobu donicy aluminium jest odporne na czynniki atmosferyczne oraz uszkodzenia mechaniczne, co sprawia, \u017ce mo\u017cna u\u017cywa\u0107 jej zar\u00f3wno we wn\u0119trzach, jak i na zewn\u0105trz. \u00a0Na dnie donicy Silvestro 1 zosta\u0142y nawiercone otwory. Dzi\u0119ki temu utrzymywana jest odpowiednia wilgotno\u015b\u0107 gleby, co zabezpiecza system korzeniowy przed przelaniem.<\/p>\n<p>Pi\u0119kna ziele\u0144 wymaga pi\u0119knej oprawy. W\u0142a\u015bnie tak\u0105 jest sto\u017ckowa donica z aluminium Silvestro 1. Sprawi ona, \u017ce ro\u015bliny b\u0119d\u0105 zachwyca\u0107 swoj\u0105 urod\u0105 i dawa\u0107 rado\u015b\u0107 ka\u017cdego dnia.<\/p>\n","protected":false},"excerpt":{"rendered":"<p>Donica aluminiowa Silvestro 1 produkowana jest we wszystkich kolorach palety RAL. Donica produkowana jest w standardzie z otworami odp\u0142ywowymi. Waga to :13kg, a wymiary : \u015brednica:60cm , wysoko\u015b\u0107:60cm. Zalecane stosowanie jako donica tarasowa.<\/p>\n","protected":false},"featured_media":57354,"template":"","meta":{"_acf_changed":false},"product_brand":[],"product_cat":[116],"product_tag":[446,448,444,447,451],"class_list":{"0":"post-50962","1":"product","2":"type-product","3":"status-publish","4":"has-post-thumbnail","6":"product_cat-donice-z-aluminium","7":"product_tag-donice-aluminiowe","8":"product_tag-donice-balkonowe","9":"product_tag-donice-ogrodowe","10":"product_tag-donice-tarasowe","11":"product_tag-donice-wewnetrzne","12":"description-off","13":"tm-has-options","15":"first","16":"instock","17":"shipping-taxable","18":"purchasable","19":"product-type-simple"},"acf":[],"yoast_head":"<!-- This site is optimized with the Yoast SEO plugin v27.5 - https:\/\/yoast.com\/product\/yoast-seo-wordpress\/ -->\n<title>Sto\u017ckowa donica z aluminium Silvestro 1 Do Ka\u017cdej Przestrzeni<\/title>\n<meta name=\"description\" content=\"Sto\u017ckowa donica z aluminium Silvestro 1 urzeka swoim klasycznym kszta\u0142tem. Wygl\u0105dem przypomina typow\u0105 kwiatow\u0105 doniczk\u0119, jaka znana jest od lat.\" \/>\n<meta name=\"robots\" content=\"index, follow, max-snippet:-1, max-image-preview:large, max-video-preview:-1\" \/>\n<link rel=\"canonical\" href=\"https:\/\/worldofflowerpots.com\/sklep\/stozkowa-donica-z-aluminium-silvestro-1\/\" \/>\n<meta property=\"og:locale\" content=\"pl_PL\" \/>\n<meta property=\"og:type\" content=\"article\" \/>\n<meta property=\"og:title\" content=\"Sto\u017ckowa donica z aluminium Silvestro 1 Do Ka\u017cdej Przestrzeni\" \/>\n<meta property=\"og:description\" content=\"Sto\u017ckowa donica z aluminium Silvestro 1 urzeka swoim klasycznym kszta\u0142tem. Wygl\u0105dem przypomina typow\u0105 kwiatow\u0105 doniczk\u0119, jaka znana jest od lat.\" \/>\n<meta property=\"og:url\" content=\"https:\/\/worldofflowerpots.com\/sklep\/stozkowa-donica-z-aluminium-silvestro-1\/\" \/>\n<meta property=\"og:site_name\" content=\"World of Flowerpots\" \/>\n<meta property=\"article:modified_time\" content=\"2019-04-04T09:57:27+00:00\" \/>\n<meta property=\"og:image\" content=\"https:\/\/worldofflowerpots.com\/wp-content\/uploads\/2019\/01\/Sto\u017ckowa-donica-z-aluminium-Silvestro_1.jpg\" \/>\n\t<meta property=\"og:image:width\" content=\"2280\" \/>\n\t<meta property=\"og:image:height\" content=\"1612\" \/>\n\t<meta property=\"og:image:type\" content=\"image\/jpeg\" \/>\n<meta name=\"twitter:card\" content=\"summary_large_image\" \/>\n<meta name=\"twitter:label1\" content=\"Szacowany czas czytania\" \/>\n\t<meta name=\"twitter:data1\" content=\"2 minuty\" \/>\n<script type=\"application\/ld+json\" class=\"yoast-schema-graph\">{\"@context\":\"https:\\\/\\\/schema.org\",\"@graph\":[{\"@type\":\"WebPage\",\"@id\":\"https:\\\/\\\/worldofflowerpots.com\\\/sklep\\\/stozkowa-donica-z-aluminium-silvestro-1\\\/\",\"url\":\"https:\\\/\\\/worldofflowerpots.com\\\/sklep\\\/stozkowa-donica-z-aluminium-silvestro-1\\\/\",\"name\":\"Sto\u017ckowa donica z aluminium Silvestro 1 Do Ka\u017cdej Przestrzeni\",\"isPartOf\":{\"@id\":\"https:\\\/\\\/worldofflowerpots.com\\\/#website\"},\"primaryImageOfPage\":{\"@id\":\"https:\\\/\\\/worldofflowerpots.com\\\/sklep\\\/stozkowa-donica-z-aluminium-silvestro-1\\\/#primaryimage\"},\"image\":{\"@id\":\"https:\\\/\\\/worldofflowerpots.com\\\/sklep\\\/stozkowa-donica-z-aluminium-silvestro-1\\\/#primaryimage\"},\"thumbnailUrl\":\"https:\\\/\\\/worldofflowerpots.com\\\/wp-content\\\/uploads\\\/2019\\\/01\\\/Sto\u017ckowa-donica-z-aluminium-Silvestro_1.jpg\",\"datePublished\":\"2019-01-18T14:12:51+00:00\",\"dateModified\":\"2019-04-04T09:57:27+00:00\",\"description\":\"Sto\u017ckowa donica z aluminium Silvestro 1 urzeka swoim klasycznym kszta\u0142tem. Wygl\u0105dem przypomina typow\u0105 kwiatow\u0105 doniczk\u0119, jaka znana jest od lat.\",\"breadcrumb\":{\"@id\":\"https:\\\/\\\/worldofflowerpots.com\\\/sklep\\\/stozkowa-donica-z-aluminium-silvestro-1\\\/#breadcrumb\"},\"inLanguage\":\"pl-PL\",\"potentialAction\":[{\"@type\":\"ReadAction\",\"target\":[\"https:\\\/\\\/worldofflowerpots.com\\\/sklep\\\/stozkowa-donica-z-aluminium-silvestro-1\\\/\"]}]},{\"@type\":\"ImageObject\",\"inLanguage\":\"pl-PL\",\"@id\":\"https:\\\/\\\/worldofflowerpots.com\\\/sklep\\\/stozkowa-donica-z-aluminium-silvestro-1\\\/#primaryimage\",\"url\":\"https:\\\/\\\/worldofflowerpots.com\\\/wp-content\\\/uploads\\\/2019\\\/01\\\/Sto\u017ckowa-donica-z-aluminium-Silvestro_1.jpg\",\"contentUrl\":\"https:\\\/\\\/worldofflowerpots.com\\\/wp-content\\\/uploads\\\/2019\\\/01\\\/Sto\u017ckowa-donica-z-aluminium-Silvestro_1.jpg\",\"width\":2280,\"height\":1612},{\"@type\":\"BreadcrumbList\",\"@id\":\"https:\\\/\\\/worldofflowerpots.com\\\/sklep\\\/stozkowa-donica-z-aluminium-silvestro-1\\\/#breadcrumb\",\"itemListElement\":[{\"@type\":\"ListItem\",\"position\":1,\"name\":\"Strona g\u0142\u00f3wna\",\"item\":\"https:\\\/\\\/worldofflowerpots.com\\\/\"},{\"@type\":\"ListItem\",\"position\":2,\"name\":\"Sklep\",\"item\":\"https:\\\/\\\/worldofflowerpots.com\\\/sklep\\\/\"},{\"@type\":\"ListItem\",\"position\":3,\"name\":\"Sto\u017ckowa donica z aluminium Silvestro 1\"}]},{\"@type\":\"WebSite\",\"@id\":\"https:\\\/\\\/worldofflowerpots.com\\\/#website\",\"url\":\"https:\\\/\\\/worldofflowerpots.com\\\/\",\"name\":\"World of Flowerpots\",\"description\":\"producent donic ozdobnych\",\"potentialAction\":[{\"@type\":\"SearchAction\",\"target\":{\"@type\":\"EntryPoint\",\"urlTemplate\":\"https:\\\/\\\/worldofflowerpots.com\\\/?s={search_term_string}\"},\"query-input\":{\"@type\":\"PropertyValueSpecification\",\"valueRequired\":true,\"valueName\":\"search_term_string\"}}],\"inLanguage\":\"pl-PL\"}]}<\/script>\n<!-- \/ Yoast SEO plugin. -->","yoast_head_json":{"title":"Sto\u017ckowa donica z aluminium Silvestro 1 Do Ka\u017cdej Przestrzeni","description":"Sto\u017ckowa donica z aluminium Silvestro 1 urzeka swoim klasycznym kszta\u0142tem. Wygl\u0105dem przypomina typow\u0105 kwiatow\u0105 doniczk\u0119, jaka znana jest od lat.","robots":{"index":"index","follow":"follow","max-snippet":"max-snippet:-1","max-image-preview":"max-image-preview:large","max-video-preview":"max-video-preview:-1"},"canonical":"https:\/\/worldofflowerpots.com\/sklep\/stozkowa-donica-z-aluminium-silvestro-1\/","og_locale":"pl_PL","og_type":"article","og_title":"Sto\u017ckowa donica z aluminium Silvestro 1 Do Ka\u017cdej Przestrzeni","og_description":"Sto\u017ckowa donica z aluminium Silvestro 1 urzeka swoim klasycznym kszta\u0142tem. Wygl\u0105dem przypomina typow\u0105 kwiatow\u0105 doniczk\u0119, jaka znana jest od lat.","og_url":"https:\/\/worldofflowerpots.com\/sklep\/stozkowa-donica-z-aluminium-silvestro-1\/","og_site_name":"World of Flowerpots","article_modified_time":"2019-04-04T09:57:27+00:00","og_image":[{"width":2280,"height":1612,"url":"https:\/\/worldofflowerpots.com\/wp-content\/uploads\/2019\/01\/Sto\u017ckowa-donica-z-aluminium-Silvestro_1.jpg","type":"image\/jpeg"}],"twitter_card":"summary_large_image","twitter_misc":{"Szacowany czas czytania":"2 minuty"},"schema":{"@context":"https:\/\/schema.org","@graph":[{"@type":"WebPage","@id":"https:\/\/worldofflowerpots.com\/sklep\/stozkowa-donica-z-aluminium-silvestro-1\/","url":"https:\/\/worldofflowerpots.com\/sklep\/stozkowa-donica-z-aluminium-silvestro-1\/","name":"Sto\u017ckowa donica z aluminium Silvestro 1 Do Ka\u017cdej Przestrzeni","isPartOf":{"@id":"https:\/\/worldofflowerpots.com\/#website"},"primaryImageOfPage":{"@id":"https:\/\/worldofflowerpots.com\/sklep\/stozkowa-donica-z-aluminium-silvestro-1\/#primaryimage"},"image":{"@id":"https:\/\/worldofflowerpots.com\/sklep\/stozkowa-donica-z-aluminium-silvestro-1\/#primaryimage"},"thumbnailUrl":"https:\/\/worldofflowerpots.com\/wp-content\/uploads\/2019\/01\/Sto\u017ckowa-donica-z-aluminium-Silvestro_1.jpg","datePublished":"2019-01-18T14:12:51+00:00","dateModified":"2019-04-04T09:57:27+00:00","description":"Sto\u017ckowa donica z aluminium Silvestro 1 urzeka swoim klasycznym kszta\u0142tem. Wygl\u0105dem przypomina typow\u0105 kwiatow\u0105 doniczk\u0119, jaka znana jest od lat.","breadcrumb":{"@id":"https:\/\/worldofflowerpots.com\/sklep\/stozkowa-donica-z-aluminium-silvestro-1\/#breadcrumb"},"inLanguage":"pl-PL","potentialAction":[{"@type":"ReadAction","target":["https:\/\/worldofflowerpots.com\/sklep\/stozkowa-donica-z-aluminium-silvestro-1\/"]}]},{"@type":"ImageObject","inLanguage":"pl-PL","@id":"https:\/\/worldofflowerpots.com\/sklep\/stozkowa-donica-z-aluminium-silvestro-1\/#primaryimage","url":"https:\/\/worldofflowerpots.com\/wp-content\/uploads\/2019\/01\/Sto\u017ckowa-donica-z-aluminium-Silvestro_1.jpg","contentUrl":"https:\/\/worldofflowerpots.com\/wp-content\/uploads\/2019\/01\/Sto\u017ckowa-donica-z-aluminium-Silvestro_1.jpg","width":2280,"height":1612},{"@type":"BreadcrumbList","@id":"https:\/\/worldofflowerpots.com\/sklep\/stozkowa-donica-z-aluminium-silvestro-1\/#breadcrumb","itemListElement":[{"@type":"ListItem","position":1,"name":"Strona g\u0142\u00f3wna","item":"https:\/\/worldofflowerpots.com\/"},{"@type":"ListItem","position":2,"name":"Sklep","item":"https:\/\/worldofflowerpots.com\/sklep\/"},{"@type":"ListItem","position":3,"name":"Sto\u017ckowa donica z aluminium Silvestro 1"}]},{"@type":"WebSite","@id":"https:\/\/worldofflowerpots.com\/#website","url":"https:\/\/worldofflowerpots.com\/","name":"World of Flowerpots","description":"producent donic ozdobnych","potentialAction":[{"@type":"SearchAction","target":{"@type":"EntryPoint","urlTemplate":"https:\/\/worldofflowerpots.com\/?s={search_term_string}"},"query-input":{"@type":"PropertyValueSpecification","valueRequired":true,"valueName":"search_term_string"}}],"inLanguage":"pl-PL"}]}},"_links":{"self":[{"href":"https:\/\/worldofflowerpots.com\/pl\/wp-json\/wp\/v2\/product\/50962","targetHints":{"allow":["GET"]}}],"collection":[{"href":"https:\/\/worldofflowerpots.com\/pl\/wp-json\/wp\/v2\/product"}],"about":[{"href":"https:\/\/worldofflowerpots.com\/pl\/wp-json\/wp\/v2\/types\/product"}],"wp:featuredmedia":[{"embeddable":true,"href":"https:\/\/worldofflowerpots.com\/pl\/wp-json\/wp\/v2\/media\/57354"}],"wp:attachment":[{"href":"https:\/\/worldofflowerpots.com\/pl\/wp-json\/wp\/v2\/media?parent=50962"}],"wp:term":[{"taxonomy":"product_brand","embeddable":true,"href":"https:\/\/worldofflowerpots.com\/pl\/wp-json\/wp\/v2\/product_brand?post=50962"},{"taxonomy":"product_cat","embeddable":true,"href":"https:\/\/worldofflowerpots.com\/pl\/wp-json\/wp\/v2\/product_cat?post=50962"},{"taxonomy":"product_tag","embeddable":true,"href":"https:\/\/worldofflowerpots.com\/pl\/wp-json\/wp\/v2\/product_tag?post=50962"}],"curies":[{"name":"wp","href":"https:\/\/api.w.org\/{rel}","templated":true}]}}