{"id":50963,"date":"2019-01-18T15:12:51","date_gmt":"2019-01-18T14:12:51","guid":{"rendered":"https:\/\/worldofflowerpots.com\/product\/import-placeholder-for-271\/"},"modified":"2019-04-04T11:59:33","modified_gmt":"2019-04-04T09:59:33","slug":"aluminiowa-donica-stozkowa-silvestro-2","status":"publish","type":"product","link":"https:\/\/worldofflowerpots.com\/pl\/sklep\/aluminiowa-donica-stozkowa-silvestro-2\/","title":{"rendered":"Aluminiowa donica sto\u017ckowa Silvestro 2"},"content":{"rendered":"<h2>Odporno\u015b\u0107 i lekko\u015b\u0107<\/h2>\n<p>Aluminiowe donice s\u0105 bardzo popularne w\u015br\u00f3d profesjonalnych architekt\u00f3w i amator\u00f3w. Idealnie nadaj\u0105 si\u0119 zar\u00f3wno do u\u017cytku zewn\u0119trznego np. na tarasach jak i wewn\u0119trznego. \u015awietnie sprawdz\u0105 si\u0119 szczeg\u00f3lnie w du\u017cych pomieszczeniach. Donice wykonane z aluminium s\u0105 idealnym po\u0142\u0105czeniem nowoczesnego, modnego designu i minimalizmu. Maj\u0105 one proste kszta\u0142ty, pozbawione zb\u0119dnych dodatk\u00f3w i przepychu. Podkre\u015blaj\u0105 one indywidualny charakter ka\u017cdej ro\u015bliny. Sprawiaj\u0105, \u017ce wszelkie przestrzenie b\u0119d\u0105 wygl\u0105da\u0142y niebywale atrakcyjnie. Dodatkowo warto podkre\u015bli\u0107, \u017ce donice wykonane z aluminium s\u0105 bardzo lekkie, w por\u00f3wnaniu z donicami wykonanymi z innych materia\u0142\u00f3w. Pozwala to na \u0142atwe przestawianie ich z miejsca na miejsce zale\u017cnie od w\u0142asnej koncepcji. W naszej ofercie dost\u0119pne s\u0105 donice aluminiowe w wielu kolorach i kszta\u0142tach, dzi\u0119ki czemu mo\u017cna je dopasowa\u0107 do reszty stylizacji.<\/p>\n<h2>Sto\u017cek z aluminium<\/h2>\n<p>Bardzo ciekaw\u0105 propozycj\u0105 z pewno\u015bci\u0105 jest aluminiowa donica sto\u017ckowa Silvestro 2. Jest ona produkowana we wszelkich kolorach palety RAL. Co pozwala na dowolne dopasowanie do indywidualnych preferencji. Donica jest dosy\u0107 du\u017ca, ma kszta\u0142t sto\u017cka o \u015brednicy 80 cm i wysoko\u015bci 80 cm. W dnie donicy znajduje si\u0119 otw\u00f3r odp\u0142ywowy zapewniaj\u0105cy odp\u0142yw nadmiaru wody. Op\u0142ywowy kszta\u0142t donicy \u015bwietnie prezentuje si\u0119 w patiach biurowych, oraz tarasach. Aluminium, z kt\u00f3rego j\u0105 wykonano jest najwy\u017cszej jako\u015bci dzi\u0119ki czemu donice s\u0105 odporne na wszelkie warunku atmosferyczne, mrozy, silne opady deszczu, \u015bniegu, czy wysokie temperatury. Aluminiowa donica sto\u017ckowa doskonale prezentuje si\u0119 w zestawieniu z ro\u015blinami ozdobnymi, oraz kompozycjami klasycznych kwiat\u00f3w. Dzi\u0119ki temu \u015bwietnie wpasowuje si\u0119 w ka\u017cd\u0105 przestrze\u0144. Dodatkowym atutem jest niewielka waga. Daje ona mo\u017cliwo\u015b\u0107 zmiany aran\u017cacji danej przestrzeni bez wi\u0119kszych problem\u00f3w i dodatkowo gwarantuje bezpiecze\u0144stwo dla powierzchni, na kt\u00f3rej ustawia si\u0119 donic\u0119.<\/p>\n<p>Donice wykonane z wysokiej jako\u015bci aluminium s\u0105 naprawd\u0119 \u015bwietnym wyborem. Pasuj\u0105 one do ka\u017cdego rodzaju przestrzeni wewn\u0119trznej jak i zewn\u0119trznej. Bez obawy mo\u017cna w nich zasadzi\u0107 najr\u00f3\u017cniejsze rodzaje ro\u015blin. Zar\u00f3wno wi\u0119ksze drzewa i krzewy, jak i mniejsze kwiaty i trawy. S\u0105 one bardzo stabilne i wytrzyma\u0142e.<\/p>\n","protected":false},"excerpt":{"rendered":"<p>Donica aluminiowa Silvestro 2 produkowana jest we wszystkich kolorach palety RAL. Donica produkowana jest w standardzie z otworami odp\u0142ywowymi. Waga to :23kg, a wymiary : \u015brednica:80cm , wysoko\u015b\u0107:80cm. Zalecane stosowanie jako donica tarasowa.<\/p>\n","protected":false},"featured_media":57364,"template":"","meta":{"_acf_changed":false},"product_brand":[],"product_cat":[116],"product_tag":[446,448,444,447,451],"class_list":{"0":"post-50963","1":"product","2":"type-product","3":"status-publish","4":"has-post-thumbnail","6":"product_cat-donice-z-aluminium","7":"product_tag-donice-aluminiowe","8":"product_tag-donice-balkonowe","9":"product_tag-donice-ogrodowe","10":"product_tag-donice-tarasowe","11":"product_tag-donice-wewnetrzne","12":"description-off","13":"tm-has-options","15":"first","16":"instock","17":"shipping-taxable","18":"purchasable","19":"product-type-simple"},"acf":[],"yoast_head":"<!-- This site is optimized with the Yoast SEO plugin v27.5 - https:\/\/yoast.com\/product\/yoast-seo-wordpress\/ -->\n<title>Aluminiowa donica sto\u017ckowa Silvestro 2 Nowoczesna<\/title>\n<meta name=\"description\" content=\"Aluminiowa donica sto\u017ckowa doskonale prezentuje si\u0119 w zestawieniu z ro\u015blinami ozdobnymi, oraz kompozycjami klasycznych kwiat\u00f3w.\" \/>\n<meta name=\"robots\" content=\"index, follow, max-snippet:-1, max-image-preview:large, max-video-preview:-1\" \/>\n<link rel=\"canonical\" href=\"https:\/\/worldofflowerpots.com\/sklep\/aluminiowa-donica-stozkowa-silvestro-2\/\" \/>\n<meta property=\"og:locale\" content=\"pl_PL\" \/>\n<meta property=\"og:type\" content=\"article\" \/>\n<meta property=\"og:title\" content=\"Aluminiowa donica sto\u017ckowa Silvestro 2 Nowoczesna\" \/>\n<meta property=\"og:description\" content=\"Aluminiowa donica sto\u017ckowa doskonale prezentuje si\u0119 w zestawieniu z ro\u015blinami ozdobnymi, oraz kompozycjami klasycznych kwiat\u00f3w.\" \/>\n<meta property=\"og:url\" content=\"https:\/\/worldofflowerpots.com\/sklep\/aluminiowa-donica-stozkowa-silvestro-2\/\" \/>\n<meta property=\"og:site_name\" content=\"World of Flowerpots\" \/>\n<meta property=\"article:modified_time\" content=\"2019-04-04T09:59:33+00:00\" \/>\n<meta property=\"og:image\" content=\"https:\/\/worldofflowerpots.com\/wp-content\/uploads\/2019\/01\/Aluminiowa-donica-sto\u017ckowa-Silvestro_2.jpg\" \/>\n\t<meta property=\"og:image:width\" content=\"2280\" \/>\n\t<meta property=\"og:image:height\" content=\"1612\" \/>\n\t<meta property=\"og:image:type\" content=\"image\/jpeg\" \/>\n<meta name=\"twitter:card\" content=\"summary_large_image\" \/>\n<meta name=\"twitter:label1\" content=\"Szacowany czas czytania\" \/>\n\t<meta name=\"twitter:data1\" content=\"2 minuty\" \/>\n<script type=\"application\/ld+json\" class=\"yoast-schema-graph\">{\"@context\":\"https:\\\/\\\/schema.org\",\"@graph\":[{\"@type\":\"WebPage\",\"@id\":\"https:\\\/\\\/worldofflowerpots.com\\\/sklep\\\/aluminiowa-donica-stozkowa-silvestro-2\\\/\",\"url\":\"https:\\\/\\\/worldofflowerpots.com\\\/sklep\\\/aluminiowa-donica-stozkowa-silvestro-2\\\/\",\"name\":\"Aluminiowa donica sto\u017ckowa Silvestro 2 Nowoczesna\",\"isPartOf\":{\"@id\":\"https:\\\/\\\/worldofflowerpots.com\\\/#website\"},\"primaryImageOfPage\":{\"@id\":\"https:\\\/\\\/worldofflowerpots.com\\\/sklep\\\/aluminiowa-donica-stozkowa-silvestro-2\\\/#primaryimage\"},\"image\":{\"@id\":\"https:\\\/\\\/worldofflowerpots.com\\\/sklep\\\/aluminiowa-donica-stozkowa-silvestro-2\\\/#primaryimage\"},\"thumbnailUrl\":\"https:\\\/\\\/worldofflowerpots.com\\\/wp-content\\\/uploads\\\/2019\\\/01\\\/Aluminiowa-donica-sto\u017ckowa-Silvestro_2.jpg\",\"datePublished\":\"2019-01-18T14:12:51+00:00\",\"dateModified\":\"2019-04-04T09:59:33+00:00\",\"description\":\"Aluminiowa donica sto\u017ckowa doskonale prezentuje si\u0119 w zestawieniu z ro\u015blinami ozdobnymi, oraz kompozycjami klasycznych kwiat\u00f3w.\",\"breadcrumb\":{\"@id\":\"https:\\\/\\\/worldofflowerpots.com\\\/sklep\\\/aluminiowa-donica-stozkowa-silvestro-2\\\/#breadcrumb\"},\"inLanguage\":\"pl-PL\",\"potentialAction\":[{\"@type\":\"ReadAction\",\"target\":[\"https:\\\/\\\/worldofflowerpots.com\\\/sklep\\\/aluminiowa-donica-stozkowa-silvestro-2\\\/\"]}]},{\"@type\":\"ImageObject\",\"inLanguage\":\"pl-PL\",\"@id\":\"https:\\\/\\\/worldofflowerpots.com\\\/sklep\\\/aluminiowa-donica-stozkowa-silvestro-2\\\/#primaryimage\",\"url\":\"https:\\\/\\\/worldofflowerpots.com\\\/wp-content\\\/uploads\\\/2019\\\/01\\\/Aluminiowa-donica-sto\u017ckowa-Silvestro_2.jpg\",\"contentUrl\":\"https:\\\/\\\/worldofflowerpots.com\\\/wp-content\\\/uploads\\\/2019\\\/01\\\/Aluminiowa-donica-sto\u017ckowa-Silvestro_2.jpg\",\"width\":2280,\"height\":1612},{\"@type\":\"BreadcrumbList\",\"@id\":\"https:\\\/\\\/worldofflowerpots.com\\\/sklep\\\/aluminiowa-donica-stozkowa-silvestro-2\\\/#breadcrumb\",\"itemListElement\":[{\"@type\":\"ListItem\",\"position\":1,\"name\":\"Strona g\u0142\u00f3wna\",\"item\":\"https:\\\/\\\/worldofflowerpots.com\\\/\"},{\"@type\":\"ListItem\",\"position\":2,\"name\":\"Sklep\",\"item\":\"https:\\\/\\\/worldofflowerpots.com\\\/sklep\\\/\"},{\"@type\":\"ListItem\",\"position\":3,\"name\":\"Aluminiowa donica sto\u017ckowa Silvestro 2\"}]},{\"@type\":\"WebSite\",\"@id\":\"https:\\\/\\\/worldofflowerpots.com\\\/#website\",\"url\":\"https:\\\/\\\/worldofflowerpots.com\\\/\",\"name\":\"World of Flowerpots\",\"description\":\"producent donic ozdobnych\",\"potentialAction\":[{\"@type\":\"SearchAction\",\"target\":{\"@type\":\"EntryPoint\",\"urlTemplate\":\"https:\\\/\\\/worldofflowerpots.com\\\/?s={search_term_string}\"},\"query-input\":{\"@type\":\"PropertyValueSpecification\",\"valueRequired\":true,\"valueName\":\"search_term_string\"}}],\"inLanguage\":\"pl-PL\"}]}<\/script>\n<!-- \/ Yoast SEO plugin. -->","yoast_head_json":{"title":"Aluminiowa donica sto\u017ckowa Silvestro 2 Nowoczesna","description":"Aluminiowa donica sto\u017ckowa doskonale prezentuje si\u0119 w zestawieniu z ro\u015blinami ozdobnymi, oraz kompozycjami klasycznych kwiat\u00f3w.","robots":{"index":"index","follow":"follow","max-snippet":"max-snippet:-1","max-image-preview":"max-image-preview:large","max-video-preview":"max-video-preview:-1"},"canonical":"https:\/\/worldofflowerpots.com\/sklep\/aluminiowa-donica-stozkowa-silvestro-2\/","og_locale":"pl_PL","og_type":"article","og_title":"Aluminiowa donica sto\u017ckowa Silvestro 2 Nowoczesna","og_description":"Aluminiowa donica sto\u017ckowa doskonale prezentuje si\u0119 w zestawieniu z ro\u015blinami ozdobnymi, oraz kompozycjami klasycznych kwiat\u00f3w.","og_url":"https:\/\/worldofflowerpots.com\/sklep\/aluminiowa-donica-stozkowa-silvestro-2\/","og_site_name":"World of Flowerpots","article_modified_time":"2019-04-04T09:59:33+00:00","og_image":[{"width":2280,"height":1612,"url":"https:\/\/worldofflowerpots.com\/wp-content\/uploads\/2019\/01\/Aluminiowa-donica-sto\u017ckowa-Silvestro_2.jpg","type":"image\/jpeg"}],"twitter_card":"summary_large_image","twitter_misc":{"Szacowany czas czytania":"2 minuty"},"schema":{"@context":"https:\/\/schema.org","@graph":[{"@type":"WebPage","@id":"https:\/\/worldofflowerpots.com\/sklep\/aluminiowa-donica-stozkowa-silvestro-2\/","url":"https:\/\/worldofflowerpots.com\/sklep\/aluminiowa-donica-stozkowa-silvestro-2\/","name":"Aluminiowa donica sto\u017ckowa Silvestro 2 Nowoczesna","isPartOf":{"@id":"https:\/\/worldofflowerpots.com\/#website"},"primaryImageOfPage":{"@id":"https:\/\/worldofflowerpots.com\/sklep\/aluminiowa-donica-stozkowa-silvestro-2\/#primaryimage"},"image":{"@id":"https:\/\/worldofflowerpots.com\/sklep\/aluminiowa-donica-stozkowa-silvestro-2\/#primaryimage"},"thumbnailUrl":"https:\/\/worldofflowerpots.com\/wp-content\/uploads\/2019\/01\/Aluminiowa-donica-sto\u017ckowa-Silvestro_2.jpg","datePublished":"2019-01-18T14:12:51+00:00","dateModified":"2019-04-04T09:59:33+00:00","description":"Aluminiowa donica sto\u017ckowa doskonale prezentuje si\u0119 w zestawieniu z ro\u015blinami ozdobnymi, oraz kompozycjami klasycznych kwiat\u00f3w.","breadcrumb":{"@id":"https:\/\/worldofflowerpots.com\/sklep\/aluminiowa-donica-stozkowa-silvestro-2\/#breadcrumb"},"inLanguage":"pl-PL","potentialAction":[{"@type":"ReadAction","target":["https:\/\/worldofflowerpots.com\/sklep\/aluminiowa-donica-stozkowa-silvestro-2\/"]}]},{"@type":"ImageObject","inLanguage":"pl-PL","@id":"https:\/\/worldofflowerpots.com\/sklep\/aluminiowa-donica-stozkowa-silvestro-2\/#primaryimage","url":"https:\/\/worldofflowerpots.com\/wp-content\/uploads\/2019\/01\/Aluminiowa-donica-sto\u017ckowa-Silvestro_2.jpg","contentUrl":"https:\/\/worldofflowerpots.com\/wp-content\/uploads\/2019\/01\/Aluminiowa-donica-sto\u017ckowa-Silvestro_2.jpg","width":2280,"height":1612},{"@type":"BreadcrumbList","@id":"https:\/\/worldofflowerpots.com\/sklep\/aluminiowa-donica-stozkowa-silvestro-2\/#breadcrumb","itemListElement":[{"@type":"ListItem","position":1,"name":"Strona g\u0142\u00f3wna","item":"https:\/\/worldofflowerpots.com\/"},{"@type":"ListItem","position":2,"name":"Sklep","item":"https:\/\/worldofflowerpots.com\/sklep\/"},{"@type":"ListItem","position":3,"name":"Aluminiowa donica sto\u017ckowa Silvestro 2"}]},{"@type":"WebSite","@id":"https:\/\/worldofflowerpots.com\/#website","url":"https:\/\/worldofflowerpots.com\/","name":"World of Flowerpots","description":"producent donic ozdobnych","potentialAction":[{"@type":"SearchAction","target":{"@type":"EntryPoint","urlTemplate":"https:\/\/worldofflowerpots.com\/?s={search_term_string}"},"query-input":{"@type":"PropertyValueSpecification","valueRequired":true,"valueName":"search_term_string"}}],"inLanguage":"pl-PL"}]}},"_links":{"self":[{"href":"https:\/\/worldofflowerpots.com\/pl\/wp-json\/wp\/v2\/product\/50963","targetHints":{"allow":["GET"]}}],"collection":[{"href":"https:\/\/worldofflowerpots.com\/pl\/wp-json\/wp\/v2\/product"}],"about":[{"href":"https:\/\/worldofflowerpots.com\/pl\/wp-json\/wp\/v2\/types\/product"}],"wp:featuredmedia":[{"embeddable":true,"href":"https:\/\/worldofflowerpots.com\/pl\/wp-json\/wp\/v2\/media\/57364"}],"wp:attachment":[{"href":"https:\/\/worldofflowerpots.com\/pl\/wp-json\/wp\/v2\/media?parent=50963"}],"wp:term":[{"taxonomy":"product_brand","embeddable":true,"href":"https:\/\/worldofflowerpots.com\/pl\/wp-json\/wp\/v2\/product_brand?post=50963"},{"taxonomy":"product_cat","embeddable":true,"href":"https:\/\/worldofflowerpots.com\/pl\/wp-json\/wp\/v2\/product_cat?post=50963"},{"taxonomy":"product_tag","embeddable":true,"href":"https:\/\/worldofflowerpots.com\/pl\/wp-json\/wp\/v2\/product_tag?post=50963"}],"curies":[{"name":"wp","href":"https:\/\/api.w.org\/{rel}","templated":true}]}}