{"id":50964,"date":"2019-01-18T15:12:51","date_gmt":"2019-01-18T14:12:51","guid":{"rendered":"https:\/\/worldofflowerpots.com\/product\/import-placeholder-for-272\/"},"modified":"2019-04-05T09:57:16","modified_gmt":"2019-04-05T07:57:16","slug":"duza-stozkowa-donica-z-aluminium-silvestro-3","status":"publish","type":"product","link":"https:\/\/worldofflowerpots.com\/pl\/sklep\/duza-stozkowa-donica-z-aluminium-silvestro-3\/","title":{"rendered":"Du\u017ca sto\u017ckowa donica z aluminium Silvestro 3"},"content":{"rendered":"<h2>Klasyczna i du\u017ca sto\u017ckowa donica z aluminium<\/h2>\n<p>Wyb\u00f3r donicy do ogrodu czy tarasu, cho\u0107 na pierwszy rzut oka wydaje si\u0119 \u0142atwym wyzwaniem, wcale do takich nie nale\u017cy. Trzeba wzi\u0105\u0107 pod uwag\u0119 nie tylko to czy ro\u015bliny jakie chcemy posadzi\u0107 zmieszcz\u0105 si\u0119 w donicy ale te\u017c czy ca\u0142o\u015b\u0107 kompozycji b\u0119dzie pasowa\u0142a do otoczenia. Silvestro 3 to du\u017ca sto\u017ckowa donica z aluminium, charakteryzuj\u0105ca si\u0119 nienagannym stylem i elegancj\u0105, a jednocze\u015bnie du\u017c\u0105 funkcjonalno\u015bci\u0105 i wytrzyma\u0142o\u015bci\u0105. Je\u015bli poszukujecie Pa\u0144stwo wszechstronnego produktu do skomponowania ogrodu lub tarasu, ta propozycja spe\u0142ni wszelkie oczekiwania.<\/p>\n<h2>Styl i lekko\u015b\u0107<\/h2>\n<p>Donica Silvestro 3 charakteryzuje si\u0119 klasycznym, okr\u0105g\u0142ym kszta\u0142tem. Szeroki wyb\u00f3r koloru dost\u0119pnego w ofercie, sprawia, i\u017c doskonale dopasuje si\u0119 do ka\u017cdej aran\u017cacji. Jednocze\u015bnie jej gabaryty sprawiaj\u0105, \u017ce nawet najwi\u0119ksze ro\u015bliny poczuj\u0105 si\u0119 w niej bardzo swobodnie i komfortowo. Du\u017ca pojemno\u015b\u0107 donicy \u2013 580 litr\u00f3w, gwarantuje wszechstronno\u015b\u0107 zastosowania do ro\u015blin o du\u017cych wymaganiach glebowych. Dzi\u0119ki u\u017cyciu aluminium, materia\u0142u s\u0142yn\u0105cego z wytrzyma\u0142o\u015bci, jest dostosowana do u\u017cytkowania w ka\u017cdych, nawet skrajnych warunkach atmosferycznych. Donica ma 100 \u015brednicy oraz 100 cm wysoko\u015bci. Pomimo sporych rozmiar\u00f3w, stosunkowo niewielka waga donicy, nie stanowi zagro\u017cenia dla \u017cadnego pod\u0142o\u017ca. Dodatkow\u0105 zalet\u0105 u\u017cytego materia\u0142u jest niepalno\u015b\u0107, nietoksyczno\u015b\u0107 a przede wszystkim odporno\u015b\u0107 na korozj\u0119. Cechy te powoduj\u0105, \u017ce produkt mo\u017ce by\u0107 w spos\u00f3b bezpieczny u\u017cytkowany przez wiele lat, bez objaw\u00f3w zu\u017cycia.<\/p>\n<h2>Idealne wykonanie<\/h2>\n<p>R\u00f3wnie\u017c spos\u00f3b malowania donicy stanowi niepodwa\u017calny atut produktu. Metoda malowania proszkowego charakteryzuje si\u0119 bowiem idealnie jednolit\u0105 pow\u0142ok\u0105 oraz wi\u0119ksz\u0105 odporno\u015bci\u0105 na czynniki atmosferyczne w stosunku do tradycyjnego malowania. W przypadku lakierowania proszkowego zminimalizowany zostaje problem zarysowa\u0144 powierzchni czy te\u017c \u0142uszcz\u0105cej si\u0119, odpadaj\u0105cej po jakim\u015b czasie farby. Wype\u0142niona pod\u0142o\u017cem donica jest bardzo stabilna. Z powodzeniem mo\u017ce by\u0107 wi\u0119c u\u017cytkowana na otwartych przestrzeniach, nara\u017conych na dzia\u0142anie podmuch\u00f3w silnego wiatru. W dnie posiada otw\u00f3r odp\u0142ywowy. Ta du\u017ca sto\u017ckowa donica z aluminium, z powodzeniem spe\u0142ni wymagania zar\u00f3wno ogrodnik\u00f3w amator\u00f3w jak i specjalist\u00f3w od aran\u017cacji przestrzeni.<\/p>\n","protected":false},"excerpt":{"rendered":"<p>Donica aluminiowa Silvestro 3 produkowana jest we wszystkich kolorach palety RAL. Donica produkowana jest w standardzie z otworami odp\u0142ywowymi. Waga to :31kg, a wymiary : \u015brednica:100cm , wysoko\u015b\u0107:100cm. Zalecane stosowanie jako donica tarasowa.<\/p>\n","protected":false},"featured_media":57374,"template":"","meta":{"_acf_changed":false},"product_brand":[],"product_cat":[116],"product_tag":[446,444,447,451],"class_list":{"0":"post-50964","1":"product","2":"type-product","3":"status-publish","4":"has-post-thumbnail","6":"product_cat-donice-z-aluminium","7":"product_tag-donice-aluminiowe","8":"product_tag-donice-ogrodowe","9":"product_tag-donice-tarasowe","10":"product_tag-donice-wewnetrzne","11":"description-off","12":"tm-has-options","14":"first","15":"instock","16":"shipping-taxable","17":"purchasable","18":"product-type-simple"},"acf":[],"yoast_head":"<!-- This site is optimized with the Yoast SEO plugin v27.5 - https:\/\/yoast.com\/product\/yoast-seo-wordpress\/ -->\n<title>Du\u017ca sto\u017ckowa donica z aluminium Silvestro 3 Tarasowa<\/title>\n<meta name=\"description\" content=\"Silvestro 3 to du\u017ca sto\u017ckowa donica z aluminium, charakteryzuj\u0105ca si\u0119 nienagannym stylem i elegancj\u0105, a jednocze\u015bnie du\u017c\u0105 funkcjonalno\u015bci\u0105 i wytrzyma\u0142o\u015bci\u0105.\" \/>\n<meta name=\"robots\" content=\"index, follow, max-snippet:-1, max-image-preview:large, max-video-preview:-1\" \/>\n<link rel=\"canonical\" href=\"https:\/\/worldofflowerpots.com\/sklep\/duza-stozkowa-donica-z-aluminium-silvestro-3\/\" \/>\n<meta property=\"og:locale\" content=\"pl_PL\" \/>\n<meta property=\"og:type\" content=\"article\" \/>\n<meta property=\"og:title\" content=\"Du\u017ca sto\u017ckowa donica z aluminium Silvestro 3 Tarasowa\" \/>\n<meta property=\"og:description\" content=\"Silvestro 3 to du\u017ca sto\u017ckowa donica z aluminium, charakteryzuj\u0105ca si\u0119 nienagannym stylem i elegancj\u0105, a jednocze\u015bnie du\u017c\u0105 funkcjonalno\u015bci\u0105 i wytrzyma\u0142o\u015bci\u0105.\" \/>\n<meta property=\"og:url\" content=\"https:\/\/worldofflowerpots.com\/sklep\/duza-stozkowa-donica-z-aluminium-silvestro-3\/\" \/>\n<meta property=\"og:site_name\" content=\"World of Flowerpots\" \/>\n<meta property=\"article:modified_time\" content=\"2019-04-05T07:57:16+00:00\" \/>\n<meta property=\"og:image\" content=\"https:\/\/worldofflowerpots.com\/wp-content\/uploads\/2019\/01\/Du\u017ca-sto\u017ckowa-donica-z-aluminium-Silvestro_3-1.jpg\" \/>\n\t<meta property=\"og:image:width\" content=\"2280\" \/>\n\t<meta property=\"og:image:height\" content=\"1612\" \/>\n\t<meta property=\"og:image:type\" content=\"image\/jpeg\" \/>\n<meta name=\"twitter:card\" content=\"summary_large_image\" \/>\n<meta name=\"twitter:label1\" content=\"Szacowany czas czytania\" \/>\n\t<meta name=\"twitter:data1\" content=\"2 minuty\" \/>\n<script type=\"application\/ld+json\" class=\"yoast-schema-graph\">{\"@context\":\"https:\\\/\\\/schema.org\",\"@graph\":[{\"@type\":\"WebPage\",\"@id\":\"https:\\\/\\\/worldofflowerpots.com\\\/sklep\\\/duza-stozkowa-donica-z-aluminium-silvestro-3\\\/\",\"url\":\"https:\\\/\\\/worldofflowerpots.com\\\/sklep\\\/duza-stozkowa-donica-z-aluminium-silvestro-3\\\/\",\"name\":\"Du\u017ca sto\u017ckowa donica z aluminium Silvestro 3 Tarasowa\",\"isPartOf\":{\"@id\":\"https:\\\/\\\/worldofflowerpots.com\\\/#website\"},\"primaryImageOfPage\":{\"@id\":\"https:\\\/\\\/worldofflowerpots.com\\\/sklep\\\/duza-stozkowa-donica-z-aluminium-silvestro-3\\\/#primaryimage\"},\"image\":{\"@id\":\"https:\\\/\\\/worldofflowerpots.com\\\/sklep\\\/duza-stozkowa-donica-z-aluminium-silvestro-3\\\/#primaryimage\"},\"thumbnailUrl\":\"https:\\\/\\\/worldofflowerpots.com\\\/wp-content\\\/uploads\\\/2019\\\/01\\\/Du\u017ca-sto\u017ckowa-donica-z-aluminium-Silvestro_3-1.jpg\",\"datePublished\":\"2019-01-18T14:12:51+00:00\",\"dateModified\":\"2019-04-05T07:57:16+00:00\",\"description\":\"Silvestro 3 to du\u017ca sto\u017ckowa donica z aluminium, charakteryzuj\u0105ca si\u0119 nienagannym stylem i elegancj\u0105, a jednocze\u015bnie du\u017c\u0105 funkcjonalno\u015bci\u0105 i wytrzyma\u0142o\u015bci\u0105.\",\"breadcrumb\":{\"@id\":\"https:\\\/\\\/worldofflowerpots.com\\\/sklep\\\/duza-stozkowa-donica-z-aluminium-silvestro-3\\\/#breadcrumb\"},\"inLanguage\":\"pl-PL\",\"potentialAction\":[{\"@type\":\"ReadAction\",\"target\":[\"https:\\\/\\\/worldofflowerpots.com\\\/sklep\\\/duza-stozkowa-donica-z-aluminium-silvestro-3\\\/\"]}]},{\"@type\":\"ImageObject\",\"inLanguage\":\"pl-PL\",\"@id\":\"https:\\\/\\\/worldofflowerpots.com\\\/sklep\\\/duza-stozkowa-donica-z-aluminium-silvestro-3\\\/#primaryimage\",\"url\":\"https:\\\/\\\/worldofflowerpots.com\\\/wp-content\\\/uploads\\\/2019\\\/01\\\/Du\u017ca-sto\u017ckowa-donica-z-aluminium-Silvestro_3-1.jpg\",\"contentUrl\":\"https:\\\/\\\/worldofflowerpots.com\\\/wp-content\\\/uploads\\\/2019\\\/01\\\/Du\u017ca-sto\u017ckowa-donica-z-aluminium-Silvestro_3-1.jpg\",\"width\":2280,\"height\":1612},{\"@type\":\"BreadcrumbList\",\"@id\":\"https:\\\/\\\/worldofflowerpots.com\\\/sklep\\\/duza-stozkowa-donica-z-aluminium-silvestro-3\\\/#breadcrumb\",\"itemListElement\":[{\"@type\":\"ListItem\",\"position\":1,\"name\":\"Strona g\u0142\u00f3wna\",\"item\":\"https:\\\/\\\/worldofflowerpots.com\\\/\"},{\"@type\":\"ListItem\",\"position\":2,\"name\":\"Sklep\",\"item\":\"https:\\\/\\\/worldofflowerpots.com\\\/sklep\\\/\"},{\"@type\":\"ListItem\",\"position\":3,\"name\":\"Du\u017ca sto\u017ckowa donica z aluminium Silvestro 3\"}]},{\"@type\":\"WebSite\",\"@id\":\"https:\\\/\\\/worldofflowerpots.com\\\/#website\",\"url\":\"https:\\\/\\\/worldofflowerpots.com\\\/\",\"name\":\"World of Flowerpots\",\"description\":\"producent donic ozdobnych\",\"potentialAction\":[{\"@type\":\"SearchAction\",\"target\":{\"@type\":\"EntryPoint\",\"urlTemplate\":\"https:\\\/\\\/worldofflowerpots.com\\\/?s={search_term_string}\"},\"query-input\":{\"@type\":\"PropertyValueSpecification\",\"valueRequired\":true,\"valueName\":\"search_term_string\"}}],\"inLanguage\":\"pl-PL\"}]}<\/script>\n<!-- \/ Yoast SEO plugin. -->","yoast_head_json":{"title":"Du\u017ca sto\u017ckowa donica z aluminium Silvestro 3 Tarasowa","description":"Silvestro 3 to du\u017ca sto\u017ckowa donica z aluminium, charakteryzuj\u0105ca si\u0119 nienagannym stylem i elegancj\u0105, a jednocze\u015bnie du\u017c\u0105 funkcjonalno\u015bci\u0105 i wytrzyma\u0142o\u015bci\u0105.","robots":{"index":"index","follow":"follow","max-snippet":"max-snippet:-1","max-image-preview":"max-image-preview:large","max-video-preview":"max-video-preview:-1"},"canonical":"https:\/\/worldofflowerpots.com\/sklep\/duza-stozkowa-donica-z-aluminium-silvestro-3\/","og_locale":"pl_PL","og_type":"article","og_title":"Du\u017ca sto\u017ckowa donica z aluminium Silvestro 3 Tarasowa","og_description":"Silvestro 3 to du\u017ca sto\u017ckowa donica z aluminium, charakteryzuj\u0105ca si\u0119 nienagannym stylem i elegancj\u0105, a jednocze\u015bnie du\u017c\u0105 funkcjonalno\u015bci\u0105 i wytrzyma\u0142o\u015bci\u0105.","og_url":"https:\/\/worldofflowerpots.com\/sklep\/duza-stozkowa-donica-z-aluminium-silvestro-3\/","og_site_name":"World of Flowerpots","article_modified_time":"2019-04-05T07:57:16+00:00","og_image":[{"width":2280,"height":1612,"url":"https:\/\/worldofflowerpots.com\/wp-content\/uploads\/2019\/01\/Du\u017ca-sto\u017ckowa-donica-z-aluminium-Silvestro_3-1.jpg","type":"image\/jpeg"}],"twitter_card":"summary_large_image","twitter_misc":{"Szacowany czas czytania":"2 minuty"},"schema":{"@context":"https:\/\/schema.org","@graph":[{"@type":"WebPage","@id":"https:\/\/worldofflowerpots.com\/sklep\/duza-stozkowa-donica-z-aluminium-silvestro-3\/","url":"https:\/\/worldofflowerpots.com\/sklep\/duza-stozkowa-donica-z-aluminium-silvestro-3\/","name":"Du\u017ca sto\u017ckowa donica z aluminium Silvestro 3 Tarasowa","isPartOf":{"@id":"https:\/\/worldofflowerpots.com\/#website"},"primaryImageOfPage":{"@id":"https:\/\/worldofflowerpots.com\/sklep\/duza-stozkowa-donica-z-aluminium-silvestro-3\/#primaryimage"},"image":{"@id":"https:\/\/worldofflowerpots.com\/sklep\/duza-stozkowa-donica-z-aluminium-silvestro-3\/#primaryimage"},"thumbnailUrl":"https:\/\/worldofflowerpots.com\/wp-content\/uploads\/2019\/01\/Du\u017ca-sto\u017ckowa-donica-z-aluminium-Silvestro_3-1.jpg","datePublished":"2019-01-18T14:12:51+00:00","dateModified":"2019-04-05T07:57:16+00:00","description":"Silvestro 3 to du\u017ca sto\u017ckowa donica z aluminium, charakteryzuj\u0105ca si\u0119 nienagannym stylem i elegancj\u0105, a jednocze\u015bnie du\u017c\u0105 funkcjonalno\u015bci\u0105 i wytrzyma\u0142o\u015bci\u0105.","breadcrumb":{"@id":"https:\/\/worldofflowerpots.com\/sklep\/duza-stozkowa-donica-z-aluminium-silvestro-3\/#breadcrumb"},"inLanguage":"pl-PL","potentialAction":[{"@type":"ReadAction","target":["https:\/\/worldofflowerpots.com\/sklep\/duza-stozkowa-donica-z-aluminium-silvestro-3\/"]}]},{"@type":"ImageObject","inLanguage":"pl-PL","@id":"https:\/\/worldofflowerpots.com\/sklep\/duza-stozkowa-donica-z-aluminium-silvestro-3\/#primaryimage","url":"https:\/\/worldofflowerpots.com\/wp-content\/uploads\/2019\/01\/Du\u017ca-sto\u017ckowa-donica-z-aluminium-Silvestro_3-1.jpg","contentUrl":"https:\/\/worldofflowerpots.com\/wp-content\/uploads\/2019\/01\/Du\u017ca-sto\u017ckowa-donica-z-aluminium-Silvestro_3-1.jpg","width":2280,"height":1612},{"@type":"BreadcrumbList","@id":"https:\/\/worldofflowerpots.com\/sklep\/duza-stozkowa-donica-z-aluminium-silvestro-3\/#breadcrumb","itemListElement":[{"@type":"ListItem","position":1,"name":"Strona g\u0142\u00f3wna","item":"https:\/\/worldofflowerpots.com\/"},{"@type":"ListItem","position":2,"name":"Sklep","item":"https:\/\/worldofflowerpots.com\/sklep\/"},{"@type":"ListItem","position":3,"name":"Du\u017ca sto\u017ckowa donica z aluminium Silvestro 3"}]},{"@type":"WebSite","@id":"https:\/\/worldofflowerpots.com\/#website","url":"https:\/\/worldofflowerpots.com\/","name":"World of Flowerpots","description":"producent donic ozdobnych","potentialAction":[{"@type":"SearchAction","target":{"@type":"EntryPoint","urlTemplate":"https:\/\/worldofflowerpots.com\/?s={search_term_string}"},"query-input":{"@type":"PropertyValueSpecification","valueRequired":true,"valueName":"search_term_string"}}],"inLanguage":"pl-PL"}]}},"_links":{"self":[{"href":"https:\/\/worldofflowerpots.com\/pl\/wp-json\/wp\/v2\/product\/50964","targetHints":{"allow":["GET"]}}],"collection":[{"href":"https:\/\/worldofflowerpots.com\/pl\/wp-json\/wp\/v2\/product"}],"about":[{"href":"https:\/\/worldofflowerpots.com\/pl\/wp-json\/wp\/v2\/types\/product"}],"wp:featuredmedia":[{"embeddable":true,"href":"https:\/\/worldofflowerpots.com\/pl\/wp-json\/wp\/v2\/media\/57374"}],"wp:attachment":[{"href":"https:\/\/worldofflowerpots.com\/pl\/wp-json\/wp\/v2\/media?parent=50964"}],"wp:term":[{"taxonomy":"product_brand","embeddable":true,"href":"https:\/\/worldofflowerpots.com\/pl\/wp-json\/wp\/v2\/product_brand?post=50964"},{"taxonomy":"product_cat","embeddable":true,"href":"https:\/\/worldofflowerpots.com\/pl\/wp-json\/wp\/v2\/product_cat?post=50964"},{"taxonomy":"product_tag","embeddable":true,"href":"https:\/\/worldofflowerpots.com\/pl\/wp-json\/wp\/v2\/product_tag?post=50964"}],"curies":[{"name":"wp","href":"https:\/\/api.w.org\/{rel}","templated":true}]}}