{"id":50971,"date":"2019-01-18T15:13:12","date_gmt":"2019-01-18T14:13:12","guid":{"rendered":"https:\/\/worldofflowerpots.com\/product\/import-placeholder-for-273\/"},"modified":"2019-04-04T11:43:37","modified_gmt":"2019-04-04T09:43:37","slug":"donice-okragle-z-aluminium-tiziano-1","status":"publish","type":"product","link":"https:\/\/worldofflowerpots.com\/pl\/sklep\/donice-okragle-z-aluminium-tiziano-1\/","title":{"rendered":"Donice okr\u0105g\u0142e z aluminium Tiziano 1"},"content":{"rendered":"<h2><strong>Zewn\u0119trzna donica aluminiowa Tiziano 1<\/strong><\/h2>\n<p>Donice okr\u0105g\u0142e z aluminium Tiziano 1 idealnie nadaj\u0105 si\u0119 do stosowania zewn\u0119trznego. Charakteryzuje si\u0119 niewielkimi rozmiarami i kszta\u0142tem walca. Wa\u017cy jedynie 13 kilogram\u00f3w. \u015arednica podstawy to 60 cm, a wysoko\u015b\u0107 r\u00f3wnie\u017c 60 cm. Obj\u0119to\u015b\u0107 donicy to 160 litr\u00f3w. Produkowana jest w standardzie z otworami odp\u0142ywowymi &#8211; zapewnia to prawid\u0142owe odprowadzenie nadmiaru wody na zewn\u0105trz donicy. Donica dost\u0119pna jest we wszystkich kolorach palety RAL, dzi\u0119ki czemu gama oferowanych barw jest bardzo szeroka. Jest przeznaczona do u\u017cytku jako donica tarasowa, ale \u015bwietnie sprawdzi si\u0119 r\u00f3wnie\u017c do zastosowania w ogrodach oraz wn\u0119trzach.<\/p>\n<h2><strong>Nietypowa prostota <\/strong><\/h2>\n<p>Oryginalny kszta\u0142t tuby to rzadko\u015b\u0107 w\u015br\u00f3d donic tych gabaryt\u00f3w. Dzi\u0119ki minimalistycznej formie i niesamowitym wyborze barw, doskonale eksponuje urod\u0119 kwiat\u00f3w i innych ro\u015blin. Idealnie podkre\u015bla charakter niebanalnych kompozycji. Prostota i elegancja sprawia, \u017ce donice okr\u0105g\u0142e z aluminium daj\u0105 du\u017c\u0105 mo\u017cliwo\u015b\u0107 realizacji uk\u0142ad\u00f3w kwiatowych. Uniwersalny kszta\u0142t i barwy w niczym nie ograniczaj\u0105 inwencji amator\u00f3w ogrodnictwa. Donica Tiziano mo\u017ce by\u0107 elementem aran\u017cacji przydomowego ogrodu lub cz\u0119\u015bci\u0105 ozdoby tarasu. Kompozycja z jej udzia\u0142em mo\u017ce by\u0107 centraln\u0105 cz\u0119\u015bci\u0105 ziele\u0144ca, wok\u00f3\u0142 kt\u00f3rej budowana b\u0119dzie dalsza jego cz\u0119\u015b\u0107. Donice okr\u0105g\u0142e z aluminium, dzi\u0119ki swoim niewielkim rozmiarom sprawdz\u0105 si\u0119 r\u00f3wnie\u017c w r\u00f3\u017cnego rodzaju k\u0105tach oraz wn\u0119kach. W takich miejscach aran\u017c jest cz\u0119sto bardzo utrudniony ze wzgl\u0119du na ograniczon\u0105 ilo\u015b\u0107 miejsca.<\/p>\n<h2><strong>Niezawodne aluminium<\/strong><\/h2>\n<p>Donica Tiziano 1 charakteryzuje si\u0119 wysokim poziomem wykonania, w tym odporno\u015bci\u0105 na uszkodzenia mechaniczne oraz r\u00f3\u017cnorodne warunki atmosferyczne. Zapewnia to materia\u0142 jakiego u\u017cyto do produkcji. Aluminium to wyj\u0105tkowy surowiec, kt\u00f3ry zachowuje swoj\u0105 trwa\u0142o\u015b\u0107 nawet w bardzo niskiej temperaturze otoczenia. Nie jest podatny na rdzewienie, a zatem znakomicie prezentuje si\u0119 przez d\u0142ugi czas. Bez konieczno\u015bci dodatkowego zabezpieczania przez wiele lat zachowuje nienaganny wygl\u0105d od momentu zakupu. Dzi\u0119ki wykorzystaniu aluminium, donica prezentuje si\u0119 nowocze\u015bnie i elegancko. Mimo matowego wyko\u0144czenia produktu, w ograniczonym stopniu odbija \u015bwiat\u0142o &#8211; nie razi, lecz przykuwa uwag\u0119. Aluminium jest szeroko wykorzystywane ze wzgl\u0119du na swoj\u0105 wytrzyma\u0142o\u015b\u0107 m.in. w budownictwie czy produkcji maszyn.<\/p>\n","protected":false},"excerpt":{"rendered":"<p>Donica aluminiowa Tiziano 1 produkowana jest we wszystkich kolorach palety RAL. Donica produkowana jest w standardzie z otworami odp\u0142ywowymi. Waga to :13kg, a wymiary : \u015brednica:60cm,\u00a0 wysoko\u015b\u0107:60cm. Zalecane stosowanie jako donica tarasowa.<\/p>\n","protected":false},"featured_media":57298,"template":"","meta":{"_acf_changed":false},"product_brand":[],"product_cat":[116],"product_tag":[446,448,444,447,451],"class_list":{"0":"post-50971","1":"product","2":"type-product","3":"status-publish","4":"has-post-thumbnail","6":"product_cat-donice-z-aluminium","7":"product_tag-donice-aluminiowe","8":"product_tag-donice-balkonowe","9":"product_tag-donice-ogrodowe","10":"product_tag-donice-tarasowe","11":"product_tag-donice-wewnetrzne","12":"description-off","13":"tm-has-options","15":"first","16":"instock","17":"shipping-taxable","18":"purchasable","19":"product-type-simple"},"acf":[],"yoast_head":"<!-- This site is optimized with the Yoast SEO plugin v27.5 - https:\/\/yoast.com\/product\/yoast-seo-wordpress\/ -->\n<title>Donice okr\u0105g\u0142e z aluminium Tiziano 1 do Ogrodu i na Taras<\/title>\n<meta name=\"description\" content=\"Donice okr\u0105g\u0142e z aluminium, dzi\u0119ki swoim niewielkim rozmiarom sprawdz\u0105 si\u0119 r\u00f3wnie\u017c w r\u00f3\u017cnego rodzaju k\u0105tach oraz wn\u0119kach.\" \/>\n<meta name=\"robots\" content=\"index, follow, max-snippet:-1, max-image-preview:large, max-video-preview:-1\" \/>\n<link rel=\"canonical\" href=\"https:\/\/worldofflowerpots.com\/sklep\/donice-okragle-z-aluminium-tiziano-1\/\" \/>\n<meta property=\"og:locale\" content=\"pl_PL\" \/>\n<meta property=\"og:type\" content=\"article\" \/>\n<meta property=\"og:title\" content=\"Donice okr\u0105g\u0142e z aluminium Tiziano 1 do Ogrodu i na Taras\" \/>\n<meta property=\"og:description\" content=\"Donice okr\u0105g\u0142e z aluminium, dzi\u0119ki swoim niewielkim rozmiarom sprawdz\u0105 si\u0119 r\u00f3wnie\u017c w r\u00f3\u017cnego rodzaju k\u0105tach oraz wn\u0119kach.\" \/>\n<meta property=\"og:url\" content=\"https:\/\/worldofflowerpots.com\/sklep\/donice-okragle-z-aluminium-tiziano-1\/\" \/>\n<meta property=\"og:site_name\" content=\"World of Flowerpots\" \/>\n<meta property=\"article:modified_time\" content=\"2019-04-04T09:43:37+00:00\" \/>\n<meta property=\"og:image\" content=\"https:\/\/worldofflowerpots.com\/wp-content\/uploads\/2019\/01\/Donice-okr\u0105g\u0142e-z-aluminium-Tiziano_1.jpg\" \/>\n\t<meta property=\"og:image:width\" content=\"2280\" \/>\n\t<meta property=\"og:image:height\" content=\"1612\" \/>\n\t<meta property=\"og:image:type\" content=\"image\/jpeg\" \/>\n<meta name=\"twitter:card\" content=\"summary_large_image\" \/>\n<meta name=\"twitter:label1\" content=\"Szacowany czas czytania\" \/>\n\t<meta name=\"twitter:data1\" content=\"2 minuty\" \/>\n<script type=\"application\/ld+json\" class=\"yoast-schema-graph\">{\"@context\":\"https:\\\/\\\/schema.org\",\"@graph\":[{\"@type\":\"WebPage\",\"@id\":\"https:\\\/\\\/worldofflowerpots.com\\\/sklep\\\/donice-okragle-z-aluminium-tiziano-1\\\/\",\"url\":\"https:\\\/\\\/worldofflowerpots.com\\\/sklep\\\/donice-okragle-z-aluminium-tiziano-1\\\/\",\"name\":\"Donice okr\u0105g\u0142e z aluminium Tiziano 1 do Ogrodu i na Taras\",\"isPartOf\":{\"@id\":\"https:\\\/\\\/worldofflowerpots.com\\\/#website\"},\"primaryImageOfPage\":{\"@id\":\"https:\\\/\\\/worldofflowerpots.com\\\/sklep\\\/donice-okragle-z-aluminium-tiziano-1\\\/#primaryimage\"},\"image\":{\"@id\":\"https:\\\/\\\/worldofflowerpots.com\\\/sklep\\\/donice-okragle-z-aluminium-tiziano-1\\\/#primaryimage\"},\"thumbnailUrl\":\"https:\\\/\\\/worldofflowerpots.com\\\/wp-content\\\/uploads\\\/2019\\\/01\\\/Donice-okr\u0105g\u0142e-z-aluminium-Tiziano_1.jpg\",\"datePublished\":\"2019-01-18T14:13:12+00:00\",\"dateModified\":\"2019-04-04T09:43:37+00:00\",\"description\":\"Donice okr\u0105g\u0142e z aluminium, dzi\u0119ki swoim niewielkim rozmiarom sprawdz\u0105 si\u0119 r\u00f3wnie\u017c w r\u00f3\u017cnego rodzaju k\u0105tach oraz wn\u0119kach.\",\"breadcrumb\":{\"@id\":\"https:\\\/\\\/worldofflowerpots.com\\\/sklep\\\/donice-okragle-z-aluminium-tiziano-1\\\/#breadcrumb\"},\"inLanguage\":\"pl-PL\",\"potentialAction\":[{\"@type\":\"ReadAction\",\"target\":[\"https:\\\/\\\/worldofflowerpots.com\\\/sklep\\\/donice-okragle-z-aluminium-tiziano-1\\\/\"]}]},{\"@type\":\"ImageObject\",\"inLanguage\":\"pl-PL\",\"@id\":\"https:\\\/\\\/worldofflowerpots.com\\\/sklep\\\/donice-okragle-z-aluminium-tiziano-1\\\/#primaryimage\",\"url\":\"https:\\\/\\\/worldofflowerpots.com\\\/wp-content\\\/uploads\\\/2019\\\/01\\\/Donice-okr\u0105g\u0142e-z-aluminium-Tiziano_1.jpg\",\"contentUrl\":\"https:\\\/\\\/worldofflowerpots.com\\\/wp-content\\\/uploads\\\/2019\\\/01\\\/Donice-okr\u0105g\u0142e-z-aluminium-Tiziano_1.jpg\",\"width\":2280,\"height\":1612},{\"@type\":\"BreadcrumbList\",\"@id\":\"https:\\\/\\\/worldofflowerpots.com\\\/sklep\\\/donice-okragle-z-aluminium-tiziano-1\\\/#breadcrumb\",\"itemListElement\":[{\"@type\":\"ListItem\",\"position\":1,\"name\":\"Strona g\u0142\u00f3wna\",\"item\":\"https:\\\/\\\/worldofflowerpots.com\\\/\"},{\"@type\":\"ListItem\",\"position\":2,\"name\":\"Sklep\",\"item\":\"https:\\\/\\\/worldofflowerpots.com\\\/sklep\\\/\"},{\"@type\":\"ListItem\",\"position\":3,\"name\":\"Donice okr\u0105g\u0142e z aluminium Tiziano 1\"}]},{\"@type\":\"WebSite\",\"@id\":\"https:\\\/\\\/worldofflowerpots.com\\\/#website\",\"url\":\"https:\\\/\\\/worldofflowerpots.com\\\/\",\"name\":\"World of Flowerpots\",\"description\":\"producent donic ozdobnych\",\"potentialAction\":[{\"@type\":\"SearchAction\",\"target\":{\"@type\":\"EntryPoint\",\"urlTemplate\":\"https:\\\/\\\/worldofflowerpots.com\\\/?s={search_term_string}\"},\"query-input\":{\"@type\":\"PropertyValueSpecification\",\"valueRequired\":true,\"valueName\":\"search_term_string\"}}],\"inLanguage\":\"pl-PL\"}]}<\/script>\n<!-- \/ Yoast SEO plugin. -->","yoast_head_json":{"title":"Donice okr\u0105g\u0142e z aluminium Tiziano 1 do Ogrodu i na Taras","description":"Donice okr\u0105g\u0142e z aluminium, dzi\u0119ki swoim niewielkim rozmiarom sprawdz\u0105 si\u0119 r\u00f3wnie\u017c w r\u00f3\u017cnego rodzaju k\u0105tach oraz wn\u0119kach.","robots":{"index":"index","follow":"follow","max-snippet":"max-snippet:-1","max-image-preview":"max-image-preview:large","max-video-preview":"max-video-preview:-1"},"canonical":"https:\/\/worldofflowerpots.com\/sklep\/donice-okragle-z-aluminium-tiziano-1\/","og_locale":"pl_PL","og_type":"article","og_title":"Donice okr\u0105g\u0142e z aluminium Tiziano 1 do Ogrodu i na Taras","og_description":"Donice okr\u0105g\u0142e z aluminium, dzi\u0119ki swoim niewielkim rozmiarom sprawdz\u0105 si\u0119 r\u00f3wnie\u017c w r\u00f3\u017cnego rodzaju k\u0105tach oraz wn\u0119kach.","og_url":"https:\/\/worldofflowerpots.com\/sklep\/donice-okragle-z-aluminium-tiziano-1\/","og_site_name":"World of Flowerpots","article_modified_time":"2019-04-04T09:43:37+00:00","og_image":[{"width":2280,"height":1612,"url":"https:\/\/worldofflowerpots.com\/wp-content\/uploads\/2019\/01\/Donice-okr\u0105g\u0142e-z-aluminium-Tiziano_1.jpg","type":"image\/jpeg"}],"twitter_card":"summary_large_image","twitter_misc":{"Szacowany czas czytania":"2 minuty"},"schema":{"@context":"https:\/\/schema.org","@graph":[{"@type":"WebPage","@id":"https:\/\/worldofflowerpots.com\/sklep\/donice-okragle-z-aluminium-tiziano-1\/","url":"https:\/\/worldofflowerpots.com\/sklep\/donice-okragle-z-aluminium-tiziano-1\/","name":"Donice okr\u0105g\u0142e z aluminium Tiziano 1 do Ogrodu i na Taras","isPartOf":{"@id":"https:\/\/worldofflowerpots.com\/#website"},"primaryImageOfPage":{"@id":"https:\/\/worldofflowerpots.com\/sklep\/donice-okragle-z-aluminium-tiziano-1\/#primaryimage"},"image":{"@id":"https:\/\/worldofflowerpots.com\/sklep\/donice-okragle-z-aluminium-tiziano-1\/#primaryimage"},"thumbnailUrl":"https:\/\/worldofflowerpots.com\/wp-content\/uploads\/2019\/01\/Donice-okr\u0105g\u0142e-z-aluminium-Tiziano_1.jpg","datePublished":"2019-01-18T14:13:12+00:00","dateModified":"2019-04-04T09:43:37+00:00","description":"Donice okr\u0105g\u0142e z aluminium, dzi\u0119ki swoim niewielkim rozmiarom sprawdz\u0105 si\u0119 r\u00f3wnie\u017c w r\u00f3\u017cnego rodzaju k\u0105tach oraz wn\u0119kach.","breadcrumb":{"@id":"https:\/\/worldofflowerpots.com\/sklep\/donice-okragle-z-aluminium-tiziano-1\/#breadcrumb"},"inLanguage":"pl-PL","potentialAction":[{"@type":"ReadAction","target":["https:\/\/worldofflowerpots.com\/sklep\/donice-okragle-z-aluminium-tiziano-1\/"]}]},{"@type":"ImageObject","inLanguage":"pl-PL","@id":"https:\/\/worldofflowerpots.com\/sklep\/donice-okragle-z-aluminium-tiziano-1\/#primaryimage","url":"https:\/\/worldofflowerpots.com\/wp-content\/uploads\/2019\/01\/Donice-okr\u0105g\u0142e-z-aluminium-Tiziano_1.jpg","contentUrl":"https:\/\/worldofflowerpots.com\/wp-content\/uploads\/2019\/01\/Donice-okr\u0105g\u0142e-z-aluminium-Tiziano_1.jpg","width":2280,"height":1612},{"@type":"BreadcrumbList","@id":"https:\/\/worldofflowerpots.com\/sklep\/donice-okragle-z-aluminium-tiziano-1\/#breadcrumb","itemListElement":[{"@type":"ListItem","position":1,"name":"Strona g\u0142\u00f3wna","item":"https:\/\/worldofflowerpots.com\/"},{"@type":"ListItem","position":2,"name":"Sklep","item":"https:\/\/worldofflowerpots.com\/sklep\/"},{"@type":"ListItem","position":3,"name":"Donice okr\u0105g\u0142e z aluminium Tiziano 1"}]},{"@type":"WebSite","@id":"https:\/\/worldofflowerpots.com\/#website","url":"https:\/\/worldofflowerpots.com\/","name":"World of Flowerpots","description":"producent donic ozdobnych","potentialAction":[{"@type":"SearchAction","target":{"@type":"EntryPoint","urlTemplate":"https:\/\/worldofflowerpots.com\/?s={search_term_string}"},"query-input":{"@type":"PropertyValueSpecification","valueRequired":true,"valueName":"search_term_string"}}],"inLanguage":"pl-PL"}]}},"_links":{"self":[{"href":"https:\/\/worldofflowerpots.com\/pl\/wp-json\/wp\/v2\/product\/50971","targetHints":{"allow":["GET"]}}],"collection":[{"href":"https:\/\/worldofflowerpots.com\/pl\/wp-json\/wp\/v2\/product"}],"about":[{"href":"https:\/\/worldofflowerpots.com\/pl\/wp-json\/wp\/v2\/types\/product"}],"wp:featuredmedia":[{"embeddable":true,"href":"https:\/\/worldofflowerpots.com\/pl\/wp-json\/wp\/v2\/media\/57298"}],"wp:attachment":[{"href":"https:\/\/worldofflowerpots.com\/pl\/wp-json\/wp\/v2\/media?parent=50971"}],"wp:term":[{"taxonomy":"product_brand","embeddable":true,"href":"https:\/\/worldofflowerpots.com\/pl\/wp-json\/wp\/v2\/product_brand?post=50971"},{"taxonomy":"product_cat","embeddable":true,"href":"https:\/\/worldofflowerpots.com\/pl\/wp-json\/wp\/v2\/product_cat?post=50971"},{"taxonomy":"product_tag","embeddable":true,"href":"https:\/\/worldofflowerpots.com\/pl\/wp-json\/wp\/v2\/product_tag?post=50971"}],"curies":[{"name":"wp","href":"https:\/\/api.w.org\/{rel}","templated":true}]}}