{"id":50972,"date":"2019-01-18T15:13:12","date_gmt":"2019-01-18T14:13:12","guid":{"rendered":"https:\/\/worldofflowerpots.com\/product\/import-placeholder-for-274\/"},"modified":"2019-04-04T11:47:08","modified_gmt":"2019-04-04T09:47:08","slug":"okragle-donice-aluminiowe-tiziano-2","status":"publish","type":"product","link":"https:\/\/worldofflowerpots.com\/pl\/sklep\/okragle-donice-aluminiowe-tiziano-2\/","title":{"rendered":"Okr\u0105g\u0142e donice aluminiowe Tiziano 2"},"content":{"rendered":"<h2><strong>Donice aluminiowe \u2013 ponadczasowy design<\/strong><\/h2>\n<p>Taras jest nieod\u0142\u0105cznym elementem domu. Gdy jest w\u0142a\u015bciwie zaaran\u017cowany, ozdobiony ciekawymi ro\u015blinami nieruchomo\u015b\u0107 zyskuje na warto\u015bci. Warto wi\u0119c zadba\u0107 o w\u0142a\u015bciwe jego wyposa\u017cenie \u2013 opr\u00f3cz wyj\u0105tkowych ro\u015blin, mo\u017cna pomy\u015ble\u0107 o ciekawych, nietuzinkowych dodatkach.<\/p>\n<h2><strong>Aluminium \u2013 styl i klasa<\/strong><\/h2>\n<p>Szczeg\u00f3lnie interesuj\u0105ce mog\u0105 okaza\u0107 si\u0119 w tym temacie okr\u0105g\u0142e donice aluminiowe. Stanowi\u0105c nieod\u0142\u0105czny element architektury tarasu czy ogrodu b\u0119d\u0105 niew\u0105tpliwie ich wyj\u0105tkow\u0105 ozdob\u0105. Donice z naszej oferty s\u0105 dost\u0119pne w r\u00f3\u017cnych kolorach. Ze wzgl\u0119du na swoj\u0105 trwa\u0142o\u015b\u0107 i odporno\u015b\u0107 na warunki atmosferyczne mog\u0105 okaza\u0107 si\u0119 idealnym rozwi\u0105zaniem do zastosowa\u0144 zewn\u0119trznych. W wersji standardowej w dnie wykonywane s\u0105 otwory odp\u0142ywowe. Te wyj\u0105tkowe donice ozdobi\u0105 zar\u00f3wno przydomowy taras jak i przestrze\u0144 przed firm\u0105 czy lokalem us\u0142ugowym. Okr\u0105g\u0142e donice aluminiowe s\u0105 odporne na warunki atmosferyczne i uszkodzenia. Tiziano 2 ma ponadczasowy kszta\u0142t tuby, wi\u0119c idealnie komponuje si\u0119 z dodatkami o innych fakturach i ro\u015blinami. Mimo, \u017ce ka\u017cdego dnia nara\u017cone s\u0105 na dzia\u0142anie warunk\u00f3w atmosferycznych nie rdzewiej\u0105 i nie niszcz\u0105 si\u0119. Wr\u0119cz przeciwnie, \u015bwietnie radz\u0105 sobie w ka\u017cdych warunkach pogodowych.<\/p>\n<h2><strong>Donice aluminiowe \u2013 wysoka jako\u015b\u0107<\/strong><\/h2>\n<p>Kompozycje ro\u015blinne w takich donicach zyskuj\u0105 oryginaln\u0105 form\u0119, mog\u0105 zosta\u0107 ciekawie zaaran\u017cowane. U\u017cyte do ich produkcji aluminium jest bardzo wdzi\u0119cznym materia\u0142em \u2013 stylowym, lekkim i funkcjonalnym. Jest praktyczne, \u0142atwe w utrzymaniu czysto\u015bci, a z odpowiednimi ro\u015blinami prezentuje si\u0119 nad wyraz unikatowo. Donice aluminiowe wsp\u00f3\u0142graj\u0105 z ka\u017cdym otoczeniem, s\u0105 klas\u0105 sam\u0105 w sobie, a co najwa\u017cniejsze s\u0105 \u0142atwe w aran\u017cacji. \u015awietnie komponuj\u0105 si\u0119 z elementami drewna, szk\u0142em, laminatem, egzotyczn\u0105 czy rodzim\u0105 ro\u015blinno\u015bci\u0105. Idealnie nadaj\u0105 si\u0119 dla zar\u00f3wno ro\u015blin nisko jak i wysoko rosn\u0105cych, w tej kwestii ograniczeniem mo\u017ce by\u0107 jedynie wyobra\u017ania u\u017cytkownika.<\/p>\n<p>Aluminium to materia\u0142, kt\u00f3ry wykorzystywany jest w przemy\u015ble od dawna i spe\u0142nia swoje funkcje bez najmniejszych problem\u00f3w. Dlatego te\u017c donice aluminiowe okr\u0105g\u0142e znajduj\u0105 coraz cz\u0119\u015bciej zastosowanie w architekturze krajobrazu, zar\u00f3wno tej ma\u0142ej jak i du\u017cej, s\u0105 trwa\u0142e, nie wymagaj\u0105 stosowania \u017cadnych \u015brodk\u00f3w konserwuj\u0105cych. Mimo dzia\u0142ania niekorzystnych czynnik\u00f3w zewn\u0119trznych jak np. deszcz czy \u015bnieg prezentuj\u0105 si\u0119 niezmiennie i w ka\u017cdej kompozycji wyj\u0105tkowo dobrze.<\/p>\n","protected":false},"excerpt":{"rendered":"<p>Donica aluminiowa Tiziano 2 produkowana jest we wszystkich kolorach palety RAL. Donica produkowana jest w standardzie z otworami odp\u0142ywowymi. Waga to : 24 kg, a wymiary: \u015brednica: 80 cm,\u00a0 wysoko\u015b\u0107: 80 cm. Zalecane stosowanie jako donica tarasowa.<\/p>\n","protected":false},"featured_media":57308,"template":"","meta":{"_acf_changed":false},"product_brand":[],"product_cat":[116],"product_tag":[446,448,444,447,451],"class_list":{"0":"post-50972","1":"product","2":"type-product","3":"status-publish","4":"has-post-thumbnail","6":"product_cat-donice-z-aluminium","7":"product_tag-donice-aluminiowe","8":"product_tag-donice-balkonowe","9":"product_tag-donice-ogrodowe","10":"product_tag-donice-tarasowe","11":"product_tag-donice-wewnetrzne","12":"description-off","13":"tm-has-options","15":"first","16":"instock","17":"shipping-taxable","18":"purchasable","19":"product-type-simple"},"acf":[],"yoast_head":"<!-- This site is optimized with the Yoast SEO plugin v27.5 - https:\/\/yoast.com\/product\/yoast-seo-wordpress\/ -->\n<title>Okr\u0105g\u0142e Donice Aluminiowe Tiziano 2 - Zewn\u0119trzne Ogrodowe i Tarasowe<\/title>\n<meta name=\"description\" content=\"Okr\u0105g\u0142e donice aluminiowe wsp\u00f3\u0142graj\u0105 z ka\u017cdym otoczeniem, s\u0105 klas\u0105 sam\u0105 w sobie, a co najwa\u017cniejsze s\u0105 lekkie i \u0142atwe w aran\u017cacji.\" \/>\n<meta name=\"robots\" content=\"index, follow, max-snippet:-1, max-image-preview:large, max-video-preview:-1\" \/>\n<link rel=\"canonical\" href=\"https:\/\/worldofflowerpots.com\/sklep\/okragle-donice-aluminiowe-tiziano-2\/\" \/>\n<meta property=\"og:locale\" content=\"pl_PL\" \/>\n<meta property=\"og:type\" content=\"article\" \/>\n<meta property=\"og:title\" content=\"Okr\u0105g\u0142e Donice Aluminiowe Tiziano 2 - Zewn\u0119trzne Ogrodowe i Tarasowe\" \/>\n<meta property=\"og:description\" content=\"Okr\u0105g\u0142e donice aluminiowe wsp\u00f3\u0142graj\u0105 z ka\u017cdym otoczeniem, s\u0105 klas\u0105 sam\u0105 w sobie, a co najwa\u017cniejsze s\u0105 lekkie i \u0142atwe w aran\u017cacji.\" \/>\n<meta property=\"og:url\" content=\"https:\/\/worldofflowerpots.com\/sklep\/okragle-donice-aluminiowe-tiziano-2\/\" \/>\n<meta property=\"og:site_name\" content=\"World of Flowerpots\" \/>\n<meta property=\"article:modified_time\" content=\"2019-04-04T09:47:08+00:00\" \/>\n<meta property=\"og:image\" content=\"https:\/\/worldofflowerpots.com\/wp-content\/uploads\/2019\/01\/Okr\u0105g\u0142e-donice-aluminiowe-Tiziano_2.jpg\" \/>\n\t<meta property=\"og:image:width\" content=\"2280\" \/>\n\t<meta property=\"og:image:height\" content=\"1612\" \/>\n\t<meta property=\"og:image:type\" content=\"image\/jpeg\" \/>\n<meta name=\"twitter:card\" content=\"summary_large_image\" \/>\n<meta name=\"twitter:label1\" content=\"Szacowany czas czytania\" \/>\n\t<meta name=\"twitter:data1\" content=\"2 minuty\" \/>\n<script type=\"application\/ld+json\" class=\"yoast-schema-graph\">{\"@context\":\"https:\\\/\\\/schema.org\",\"@graph\":[{\"@type\":\"WebPage\",\"@id\":\"https:\\\/\\\/worldofflowerpots.com\\\/sklep\\\/okragle-donice-aluminiowe-tiziano-2\\\/\",\"url\":\"https:\\\/\\\/worldofflowerpots.com\\\/sklep\\\/okragle-donice-aluminiowe-tiziano-2\\\/\",\"name\":\"Okr\u0105g\u0142e Donice Aluminiowe Tiziano 2 - Zewn\u0119trzne Ogrodowe i Tarasowe\",\"isPartOf\":{\"@id\":\"https:\\\/\\\/worldofflowerpots.com\\\/#website\"},\"primaryImageOfPage\":{\"@id\":\"https:\\\/\\\/worldofflowerpots.com\\\/sklep\\\/okragle-donice-aluminiowe-tiziano-2\\\/#primaryimage\"},\"image\":{\"@id\":\"https:\\\/\\\/worldofflowerpots.com\\\/sklep\\\/okragle-donice-aluminiowe-tiziano-2\\\/#primaryimage\"},\"thumbnailUrl\":\"https:\\\/\\\/worldofflowerpots.com\\\/wp-content\\\/uploads\\\/2019\\\/01\\\/Okr\u0105g\u0142e-donice-aluminiowe-Tiziano_2.jpg\",\"datePublished\":\"2019-01-18T14:13:12+00:00\",\"dateModified\":\"2019-04-04T09:47:08+00:00\",\"description\":\"Okr\u0105g\u0142e donice aluminiowe wsp\u00f3\u0142graj\u0105 z ka\u017cdym otoczeniem, s\u0105 klas\u0105 sam\u0105 w sobie, a co najwa\u017cniejsze s\u0105 lekkie i \u0142atwe w aran\u017cacji.\",\"breadcrumb\":{\"@id\":\"https:\\\/\\\/worldofflowerpots.com\\\/sklep\\\/okragle-donice-aluminiowe-tiziano-2\\\/#breadcrumb\"},\"inLanguage\":\"pl-PL\",\"potentialAction\":[{\"@type\":\"ReadAction\",\"target\":[\"https:\\\/\\\/worldofflowerpots.com\\\/sklep\\\/okragle-donice-aluminiowe-tiziano-2\\\/\"]}]},{\"@type\":\"ImageObject\",\"inLanguage\":\"pl-PL\",\"@id\":\"https:\\\/\\\/worldofflowerpots.com\\\/sklep\\\/okragle-donice-aluminiowe-tiziano-2\\\/#primaryimage\",\"url\":\"https:\\\/\\\/worldofflowerpots.com\\\/wp-content\\\/uploads\\\/2019\\\/01\\\/Okr\u0105g\u0142e-donice-aluminiowe-Tiziano_2.jpg\",\"contentUrl\":\"https:\\\/\\\/worldofflowerpots.com\\\/wp-content\\\/uploads\\\/2019\\\/01\\\/Okr\u0105g\u0142e-donice-aluminiowe-Tiziano_2.jpg\",\"width\":2280,\"height\":1612},{\"@type\":\"BreadcrumbList\",\"@id\":\"https:\\\/\\\/worldofflowerpots.com\\\/sklep\\\/okragle-donice-aluminiowe-tiziano-2\\\/#breadcrumb\",\"itemListElement\":[{\"@type\":\"ListItem\",\"position\":1,\"name\":\"Strona g\u0142\u00f3wna\",\"item\":\"https:\\\/\\\/worldofflowerpots.com\\\/\"},{\"@type\":\"ListItem\",\"position\":2,\"name\":\"Sklep\",\"item\":\"https:\\\/\\\/worldofflowerpots.com\\\/sklep\\\/\"},{\"@type\":\"ListItem\",\"position\":3,\"name\":\"Okr\u0105g\u0142e donice aluminiowe Tiziano 2\"}]},{\"@type\":\"WebSite\",\"@id\":\"https:\\\/\\\/worldofflowerpots.com\\\/#website\",\"url\":\"https:\\\/\\\/worldofflowerpots.com\\\/\",\"name\":\"World of Flowerpots\",\"description\":\"producent donic ozdobnych\",\"potentialAction\":[{\"@type\":\"SearchAction\",\"target\":{\"@type\":\"EntryPoint\",\"urlTemplate\":\"https:\\\/\\\/worldofflowerpots.com\\\/?s={search_term_string}\"},\"query-input\":{\"@type\":\"PropertyValueSpecification\",\"valueRequired\":true,\"valueName\":\"search_term_string\"}}],\"inLanguage\":\"pl-PL\"}]}<\/script>\n<!-- \/ Yoast SEO plugin. -->","yoast_head_json":{"title":"Okr\u0105g\u0142e Donice Aluminiowe Tiziano 2 - Zewn\u0119trzne Ogrodowe i Tarasowe","description":"Okr\u0105g\u0142e donice aluminiowe wsp\u00f3\u0142graj\u0105 z ka\u017cdym otoczeniem, s\u0105 klas\u0105 sam\u0105 w sobie, a co najwa\u017cniejsze s\u0105 lekkie i \u0142atwe w aran\u017cacji.","robots":{"index":"index","follow":"follow","max-snippet":"max-snippet:-1","max-image-preview":"max-image-preview:large","max-video-preview":"max-video-preview:-1"},"canonical":"https:\/\/worldofflowerpots.com\/sklep\/okragle-donice-aluminiowe-tiziano-2\/","og_locale":"pl_PL","og_type":"article","og_title":"Okr\u0105g\u0142e Donice Aluminiowe Tiziano 2 - Zewn\u0119trzne Ogrodowe i Tarasowe","og_description":"Okr\u0105g\u0142e donice aluminiowe wsp\u00f3\u0142graj\u0105 z ka\u017cdym otoczeniem, s\u0105 klas\u0105 sam\u0105 w sobie, a co najwa\u017cniejsze s\u0105 lekkie i \u0142atwe w aran\u017cacji.","og_url":"https:\/\/worldofflowerpots.com\/sklep\/okragle-donice-aluminiowe-tiziano-2\/","og_site_name":"World of Flowerpots","article_modified_time":"2019-04-04T09:47:08+00:00","og_image":[{"width":2280,"height":1612,"url":"https:\/\/worldofflowerpots.com\/wp-content\/uploads\/2019\/01\/Okr\u0105g\u0142e-donice-aluminiowe-Tiziano_2.jpg","type":"image\/jpeg"}],"twitter_card":"summary_large_image","twitter_misc":{"Szacowany czas czytania":"2 minuty"},"schema":{"@context":"https:\/\/schema.org","@graph":[{"@type":"WebPage","@id":"https:\/\/worldofflowerpots.com\/sklep\/okragle-donice-aluminiowe-tiziano-2\/","url":"https:\/\/worldofflowerpots.com\/sklep\/okragle-donice-aluminiowe-tiziano-2\/","name":"Okr\u0105g\u0142e Donice Aluminiowe Tiziano 2 - Zewn\u0119trzne Ogrodowe i Tarasowe","isPartOf":{"@id":"https:\/\/worldofflowerpots.com\/#website"},"primaryImageOfPage":{"@id":"https:\/\/worldofflowerpots.com\/sklep\/okragle-donice-aluminiowe-tiziano-2\/#primaryimage"},"image":{"@id":"https:\/\/worldofflowerpots.com\/sklep\/okragle-donice-aluminiowe-tiziano-2\/#primaryimage"},"thumbnailUrl":"https:\/\/worldofflowerpots.com\/wp-content\/uploads\/2019\/01\/Okr\u0105g\u0142e-donice-aluminiowe-Tiziano_2.jpg","datePublished":"2019-01-18T14:13:12+00:00","dateModified":"2019-04-04T09:47:08+00:00","description":"Okr\u0105g\u0142e donice aluminiowe wsp\u00f3\u0142graj\u0105 z ka\u017cdym otoczeniem, s\u0105 klas\u0105 sam\u0105 w sobie, a co najwa\u017cniejsze s\u0105 lekkie i \u0142atwe w aran\u017cacji.","breadcrumb":{"@id":"https:\/\/worldofflowerpots.com\/sklep\/okragle-donice-aluminiowe-tiziano-2\/#breadcrumb"},"inLanguage":"pl-PL","potentialAction":[{"@type":"ReadAction","target":["https:\/\/worldofflowerpots.com\/sklep\/okragle-donice-aluminiowe-tiziano-2\/"]}]},{"@type":"ImageObject","inLanguage":"pl-PL","@id":"https:\/\/worldofflowerpots.com\/sklep\/okragle-donice-aluminiowe-tiziano-2\/#primaryimage","url":"https:\/\/worldofflowerpots.com\/wp-content\/uploads\/2019\/01\/Okr\u0105g\u0142e-donice-aluminiowe-Tiziano_2.jpg","contentUrl":"https:\/\/worldofflowerpots.com\/wp-content\/uploads\/2019\/01\/Okr\u0105g\u0142e-donice-aluminiowe-Tiziano_2.jpg","width":2280,"height":1612},{"@type":"BreadcrumbList","@id":"https:\/\/worldofflowerpots.com\/sklep\/okragle-donice-aluminiowe-tiziano-2\/#breadcrumb","itemListElement":[{"@type":"ListItem","position":1,"name":"Strona g\u0142\u00f3wna","item":"https:\/\/worldofflowerpots.com\/"},{"@type":"ListItem","position":2,"name":"Sklep","item":"https:\/\/worldofflowerpots.com\/sklep\/"},{"@type":"ListItem","position":3,"name":"Okr\u0105g\u0142e donice aluminiowe Tiziano 2"}]},{"@type":"WebSite","@id":"https:\/\/worldofflowerpots.com\/#website","url":"https:\/\/worldofflowerpots.com\/","name":"World of Flowerpots","description":"producent donic ozdobnych","potentialAction":[{"@type":"SearchAction","target":{"@type":"EntryPoint","urlTemplate":"https:\/\/worldofflowerpots.com\/?s={search_term_string}"},"query-input":{"@type":"PropertyValueSpecification","valueRequired":true,"valueName":"search_term_string"}}],"inLanguage":"pl-PL"}]}},"_links":{"self":[{"href":"https:\/\/worldofflowerpots.com\/pl\/wp-json\/wp\/v2\/product\/50972","targetHints":{"allow":["GET"]}}],"collection":[{"href":"https:\/\/worldofflowerpots.com\/pl\/wp-json\/wp\/v2\/product"}],"about":[{"href":"https:\/\/worldofflowerpots.com\/pl\/wp-json\/wp\/v2\/types\/product"}],"wp:featuredmedia":[{"embeddable":true,"href":"https:\/\/worldofflowerpots.com\/pl\/wp-json\/wp\/v2\/media\/57308"}],"wp:attachment":[{"href":"https:\/\/worldofflowerpots.com\/pl\/wp-json\/wp\/v2\/media?parent=50972"}],"wp:term":[{"taxonomy":"product_brand","embeddable":true,"href":"https:\/\/worldofflowerpots.com\/pl\/wp-json\/wp\/v2\/product_brand?post=50972"},{"taxonomy":"product_cat","embeddable":true,"href":"https:\/\/worldofflowerpots.com\/pl\/wp-json\/wp\/v2\/product_cat?post=50972"},{"taxonomy":"product_tag","embeddable":true,"href":"https:\/\/worldofflowerpots.com\/pl\/wp-json\/wp\/v2\/product_tag?post=50972"}],"curies":[{"name":"wp","href":"https:\/\/api.w.org\/{rel}","templated":true}]}}