{"id":50973,"date":"2019-01-18T15:13:12","date_gmt":"2019-01-18T14:13:12","guid":{"rendered":"https:\/\/worldofflowerpots.com\/product\/import-placeholder-for-275\/"},"modified":"2019-04-04T11:49:35","modified_gmt":"2019-04-04T09:49:35","slug":"duze-donice-okragle-z-aluminium-tiziano-3","status":"publish","type":"product","link":"https:\/\/worldofflowerpots.com\/pl\/sklep\/duze-donice-okragle-z-aluminium-tiziano-3\/","title":{"rendered":"Du\u017ce donice okr\u0105g\u0142e z aluminium Tiziano 3"},"content":{"rendered":"<h2>Obowi\u0105zkowa w projektowaniu zieleni<\/h2>\n<p>Przestrze\u0144, w kt\u00f3rej \u017cyjemy wp\u0142ywa na nasze funkcjonowanie i nastr\u00f3j. W pi\u0119knych miejscach ch\u0119tniej przebywamy i sp\u0119dzamy wolny czas. Warto wi\u0119c zadba\u0107 o nasze mieszkania, domy, tarasy i ogrody, tak by sta\u0142y si\u0119 naszym ma\u0142ym prywatnym rajem na ziemi. Niebagatelny wp\u0142yw na wygl\u0105d otoczenia, w kt\u00f3rym przebywamy maj\u0105 ro\u015bliny. Ziele\u0144 w\u015br\u00f3d nas oczyszcza powietrze, dzia\u0142a uspakajaj\u0105co na organizm cz\u0142owieka i zawsze wygl\u0105da dobrze. Niewa\u017cne w jakim stylu zaprojektowana jest przestrze\u0144, ro\u015bliny to nieod\u0142\u0105czna cz\u0119\u015b\u0107 ka\u017cdej aran\u017cacji. Nieoboj\u0119tne jest te\u017c zatem jak zostan\u0105 zaprezentowane.\u00a0Du\u017ce donice okr\u0105g\u0142e z aluminium \u015bwietnie wtapiaj\u0105 si\u0119 i dopasowuj\u0105 do ka\u017cdego wystroju zieleni zar\u00f3wno na tarasach jak i w ogrodach.<\/p>\n<h2>Pi\u0119kna i pojemna<\/h2>\n<p>Donica albuminowa Tiziano jest du\u017ca i pojemna, a jednocze\u015bnie lekka. Istnieje mo\u017cliwo\u015b\u0107 wyprodukowania jej we wszystkich kolorach palety RAL, co daje szeroki wachlarz opcji zaaran\u017cowania tarasu. Wysok\u0105 jako\u015b\u0107 produktu, doskona\u0142e wybarwienie i znakomit\u0105 g\u0142adko\u015b\u0107 powierzchni zapewnia malowanie proszkowe. Donice wykonane s\u0105 z mocnego, najlepszego gatunku aluminium o grubo\u015bci 2 mm co sprawia, \u017ce s\u0105 bardzo wytrzyma\u0142e i stabilne. Dlatego te\u017c donice te stanowi\u0105 \u015bwietn\u0105 podstaw\u0119 dla ro\u015blin o znacznych rozmiarach. Solidne wykonanie oraz dob\u00f3r materia\u0142\u00f3w najwy\u017cszej jako\u015bci czyni\u0105 je wysoce odpornymi na warunki atmosferyczne. Ka\u017cda donica wyposa\u017cona jest w otw\u00f3r odp\u0142ywowy, zapewniaj\u0105cy bie\u017c\u0105ce usuwanie nadmiaru wody.<\/p>\n<h2>Dopasowana w ka\u017cdym kolorze<\/h2>\n<p>Du\u017ce donice okr\u0105g\u0142e z aluminium\u00a0wy\u015bmienicie sprawdz\u0105 si\u0119 w\u015br\u00f3d zieleni eleganckich i szykownych taras\u00f3w lub ogrod\u00f3w. Zasadzone w nich kwiaty ubarwi\u0105 i upi\u0119ksz\u0105 podjazd b\u0105d\u017a ogr\u00f3d. Ze wzgl\u0119du na spory rozmiar donicy mo\u017cna w nich umie\u015bci\u0107 r\u00f3wnie\u017c krzewy iglaste czy mniejsze drzewka. \u015awietnie wkomponuj\u0105 si\u0119 one w zar\u00f3wno nowoczesn\u0105 jak i tradycyjn\u0105 przestrze\u0144. Wyb\u00f3r donicy w stonowanym kolorze, np. szarym b\u0119dzie doskona\u0142ym t\u0142em dla ro\u015blin i innych element\u00f3w dekoracji nawet najbardziej luksusowego tarasu. Wyb\u00f3r donicy w jaskrawym kolorze natomiast nada miejscu niepowtarzalny i oryginalny charakter. Kompozycja kilku\u00a0du\u017cych donic okr\u0105g\u0142ych z aluminium, wzbogaconych gr\u0105 \u015bwiate\u0142 i o\u015bwietlenia, mo\u017ce stanowi\u0107 pi\u0119kn\u0105 dekoracj\u0119 i unikatowy wygl\u0105d. Jest to donica jedyna w swoim rodzaju. Delikatny i lekki wygl\u0105d w po\u0142\u0105czeniu z mocn\u0105 i solidn\u0105 jako\u015bci\u0105.<\/p>\n","protected":false},"excerpt":{"rendered":"<p>Donica aluminiowa Tiziano 3 produkowana jest we wszystkich kolorach palety RAL. Donica produkowana jest w standardzie z otworami odp\u0142ywowymi. Waga to: 36 kg, a wymiary: \u015brednica: 100 cm,\u00a0 wysoko\u015b\u0107: 100 cm. Zalecane stosowanie jako donica tarasowa.<\/p>\n","protected":false},"featured_media":57318,"template":"","meta":{"_acf_changed":false},"product_brand":[],"product_cat":[116],"product_tag":[446,448,444,447,451],"class_list":{"0":"post-50973","1":"product","2":"type-product","3":"status-publish","4":"has-post-thumbnail","6":"product_cat-donice-z-aluminium","7":"product_tag-donice-aluminiowe","8":"product_tag-donice-balkonowe","9":"product_tag-donice-ogrodowe","10":"product_tag-donice-tarasowe","11":"product_tag-donice-wewnetrzne","12":"description-off","13":"tm-has-options","15":"first","16":"instock","17":"shipping-taxable","18":"purchasable","19":"product-type-simple"},"acf":[],"yoast_head":"<!-- This site is optimized with the Yoast SEO plugin v27.5 - https:\/\/yoast.com\/product\/yoast-seo-wordpress\/ -->\n<title>Du\u017ce Donice Okr\u0105g\u0142e z Aluminium Tiziano 3 Lekkie i Uniwersalne<\/title>\n<meta name=\"description\" content=\"Du\u017ce donice okr\u0105g\u0142e z aluminium \u015bwietnie wtapiaj\u0105 si\u0119 i dopasowuj\u0105 do ka\u017cdego wystroju zieleni zar\u00f3wno na tarasach jak i w ogrodach.\" \/>\n<meta name=\"robots\" content=\"index, follow, max-snippet:-1, max-image-preview:large, max-video-preview:-1\" \/>\n<link rel=\"canonical\" href=\"https:\/\/worldofflowerpots.com\/sklep\/duze-donice-okragle-z-aluminium-tiziano-3\/\" \/>\n<meta property=\"og:locale\" content=\"pl_PL\" \/>\n<meta property=\"og:type\" content=\"article\" \/>\n<meta property=\"og:title\" content=\"Du\u017ce Donice Okr\u0105g\u0142e z Aluminium Tiziano 3 Lekkie i Uniwersalne\" \/>\n<meta property=\"og:description\" content=\"Du\u017ce donice okr\u0105g\u0142e z aluminium \u015bwietnie wtapiaj\u0105 si\u0119 i dopasowuj\u0105 do ka\u017cdego wystroju zieleni zar\u00f3wno na tarasach jak i w ogrodach.\" \/>\n<meta property=\"og:url\" content=\"https:\/\/worldofflowerpots.com\/sklep\/duze-donice-okragle-z-aluminium-tiziano-3\/\" \/>\n<meta property=\"og:site_name\" content=\"World of Flowerpots\" \/>\n<meta property=\"article:modified_time\" content=\"2019-04-04T09:49:35+00:00\" \/>\n<meta property=\"og:image\" content=\"https:\/\/worldofflowerpots.com\/wp-content\/uploads\/2019\/01\/Du\u017ce-donice-okr\u0105g\u0142e-z-aluminium-Tiziano_3.jpg\" \/>\n\t<meta property=\"og:image:width\" content=\"2280\" \/>\n\t<meta property=\"og:image:height\" content=\"1612\" \/>\n\t<meta property=\"og:image:type\" content=\"image\/jpeg\" \/>\n<meta name=\"twitter:card\" content=\"summary_large_image\" \/>\n<meta name=\"twitter:label1\" content=\"Szacowany czas czytania\" \/>\n\t<meta name=\"twitter:data1\" content=\"2 minuty\" \/>\n<script type=\"application\/ld+json\" class=\"yoast-schema-graph\">{\"@context\":\"https:\\\/\\\/schema.org\",\"@graph\":[{\"@type\":\"WebPage\",\"@id\":\"https:\\\/\\\/worldofflowerpots.com\\\/sklep\\\/duze-donice-okragle-z-aluminium-tiziano-3\\\/\",\"url\":\"https:\\\/\\\/worldofflowerpots.com\\\/sklep\\\/duze-donice-okragle-z-aluminium-tiziano-3\\\/\",\"name\":\"Du\u017ce Donice Okr\u0105g\u0142e z Aluminium Tiziano 3 Lekkie i Uniwersalne\",\"isPartOf\":{\"@id\":\"https:\\\/\\\/worldofflowerpots.com\\\/#website\"},\"primaryImageOfPage\":{\"@id\":\"https:\\\/\\\/worldofflowerpots.com\\\/sklep\\\/duze-donice-okragle-z-aluminium-tiziano-3\\\/#primaryimage\"},\"image\":{\"@id\":\"https:\\\/\\\/worldofflowerpots.com\\\/sklep\\\/duze-donice-okragle-z-aluminium-tiziano-3\\\/#primaryimage\"},\"thumbnailUrl\":\"https:\\\/\\\/worldofflowerpots.com\\\/wp-content\\\/uploads\\\/2019\\\/01\\\/Du\u017ce-donice-okr\u0105g\u0142e-z-aluminium-Tiziano_3.jpg\",\"datePublished\":\"2019-01-18T14:13:12+00:00\",\"dateModified\":\"2019-04-04T09:49:35+00:00\",\"description\":\"Du\u017ce donice okr\u0105g\u0142e z aluminium \u015bwietnie wtapiaj\u0105 si\u0119 i dopasowuj\u0105 do ka\u017cdego wystroju zieleni zar\u00f3wno na tarasach jak i w ogrodach.\",\"breadcrumb\":{\"@id\":\"https:\\\/\\\/worldofflowerpots.com\\\/sklep\\\/duze-donice-okragle-z-aluminium-tiziano-3\\\/#breadcrumb\"},\"inLanguage\":\"pl-PL\",\"potentialAction\":[{\"@type\":\"ReadAction\",\"target\":[\"https:\\\/\\\/worldofflowerpots.com\\\/sklep\\\/duze-donice-okragle-z-aluminium-tiziano-3\\\/\"]}]},{\"@type\":\"ImageObject\",\"inLanguage\":\"pl-PL\",\"@id\":\"https:\\\/\\\/worldofflowerpots.com\\\/sklep\\\/duze-donice-okragle-z-aluminium-tiziano-3\\\/#primaryimage\",\"url\":\"https:\\\/\\\/worldofflowerpots.com\\\/wp-content\\\/uploads\\\/2019\\\/01\\\/Du\u017ce-donice-okr\u0105g\u0142e-z-aluminium-Tiziano_3.jpg\",\"contentUrl\":\"https:\\\/\\\/worldofflowerpots.com\\\/wp-content\\\/uploads\\\/2019\\\/01\\\/Du\u017ce-donice-okr\u0105g\u0142e-z-aluminium-Tiziano_3.jpg\",\"width\":2280,\"height\":1612},{\"@type\":\"BreadcrumbList\",\"@id\":\"https:\\\/\\\/worldofflowerpots.com\\\/sklep\\\/duze-donice-okragle-z-aluminium-tiziano-3\\\/#breadcrumb\",\"itemListElement\":[{\"@type\":\"ListItem\",\"position\":1,\"name\":\"Strona g\u0142\u00f3wna\",\"item\":\"https:\\\/\\\/worldofflowerpots.com\\\/\"},{\"@type\":\"ListItem\",\"position\":2,\"name\":\"Sklep\",\"item\":\"https:\\\/\\\/worldofflowerpots.com\\\/sklep\\\/\"},{\"@type\":\"ListItem\",\"position\":3,\"name\":\"Du\u017ce donice okr\u0105g\u0142e z aluminium Tiziano 3\"}]},{\"@type\":\"WebSite\",\"@id\":\"https:\\\/\\\/worldofflowerpots.com\\\/#website\",\"url\":\"https:\\\/\\\/worldofflowerpots.com\\\/\",\"name\":\"World of Flowerpots\",\"description\":\"producent donic ozdobnych\",\"potentialAction\":[{\"@type\":\"SearchAction\",\"target\":{\"@type\":\"EntryPoint\",\"urlTemplate\":\"https:\\\/\\\/worldofflowerpots.com\\\/?s={search_term_string}\"},\"query-input\":{\"@type\":\"PropertyValueSpecification\",\"valueRequired\":true,\"valueName\":\"search_term_string\"}}],\"inLanguage\":\"pl-PL\"}]}<\/script>\n<!-- \/ Yoast SEO plugin. -->","yoast_head_json":{"title":"Du\u017ce Donice Okr\u0105g\u0142e z Aluminium Tiziano 3 Lekkie i Uniwersalne","description":"Du\u017ce donice okr\u0105g\u0142e z aluminium \u015bwietnie wtapiaj\u0105 si\u0119 i dopasowuj\u0105 do ka\u017cdego wystroju zieleni zar\u00f3wno na tarasach jak i w ogrodach.","robots":{"index":"index","follow":"follow","max-snippet":"max-snippet:-1","max-image-preview":"max-image-preview:large","max-video-preview":"max-video-preview:-1"},"canonical":"https:\/\/worldofflowerpots.com\/sklep\/duze-donice-okragle-z-aluminium-tiziano-3\/","og_locale":"pl_PL","og_type":"article","og_title":"Du\u017ce Donice Okr\u0105g\u0142e z Aluminium Tiziano 3 Lekkie i Uniwersalne","og_description":"Du\u017ce donice okr\u0105g\u0142e z aluminium \u015bwietnie wtapiaj\u0105 si\u0119 i dopasowuj\u0105 do ka\u017cdego wystroju zieleni zar\u00f3wno na tarasach jak i w ogrodach.","og_url":"https:\/\/worldofflowerpots.com\/sklep\/duze-donice-okragle-z-aluminium-tiziano-3\/","og_site_name":"World of Flowerpots","article_modified_time":"2019-04-04T09:49:35+00:00","og_image":[{"width":2280,"height":1612,"url":"https:\/\/worldofflowerpots.com\/wp-content\/uploads\/2019\/01\/Du\u017ce-donice-okr\u0105g\u0142e-z-aluminium-Tiziano_3.jpg","type":"image\/jpeg"}],"twitter_card":"summary_large_image","twitter_misc":{"Szacowany czas czytania":"2 minuty"},"schema":{"@context":"https:\/\/schema.org","@graph":[{"@type":"WebPage","@id":"https:\/\/worldofflowerpots.com\/sklep\/duze-donice-okragle-z-aluminium-tiziano-3\/","url":"https:\/\/worldofflowerpots.com\/sklep\/duze-donice-okragle-z-aluminium-tiziano-3\/","name":"Du\u017ce Donice Okr\u0105g\u0142e z Aluminium Tiziano 3 Lekkie i Uniwersalne","isPartOf":{"@id":"https:\/\/worldofflowerpots.com\/#website"},"primaryImageOfPage":{"@id":"https:\/\/worldofflowerpots.com\/sklep\/duze-donice-okragle-z-aluminium-tiziano-3\/#primaryimage"},"image":{"@id":"https:\/\/worldofflowerpots.com\/sklep\/duze-donice-okragle-z-aluminium-tiziano-3\/#primaryimage"},"thumbnailUrl":"https:\/\/worldofflowerpots.com\/wp-content\/uploads\/2019\/01\/Du\u017ce-donice-okr\u0105g\u0142e-z-aluminium-Tiziano_3.jpg","datePublished":"2019-01-18T14:13:12+00:00","dateModified":"2019-04-04T09:49:35+00:00","description":"Du\u017ce donice okr\u0105g\u0142e z aluminium \u015bwietnie wtapiaj\u0105 si\u0119 i dopasowuj\u0105 do ka\u017cdego wystroju zieleni zar\u00f3wno na tarasach jak i w ogrodach.","breadcrumb":{"@id":"https:\/\/worldofflowerpots.com\/sklep\/duze-donice-okragle-z-aluminium-tiziano-3\/#breadcrumb"},"inLanguage":"pl-PL","potentialAction":[{"@type":"ReadAction","target":["https:\/\/worldofflowerpots.com\/sklep\/duze-donice-okragle-z-aluminium-tiziano-3\/"]}]},{"@type":"ImageObject","inLanguage":"pl-PL","@id":"https:\/\/worldofflowerpots.com\/sklep\/duze-donice-okragle-z-aluminium-tiziano-3\/#primaryimage","url":"https:\/\/worldofflowerpots.com\/wp-content\/uploads\/2019\/01\/Du\u017ce-donice-okr\u0105g\u0142e-z-aluminium-Tiziano_3.jpg","contentUrl":"https:\/\/worldofflowerpots.com\/wp-content\/uploads\/2019\/01\/Du\u017ce-donice-okr\u0105g\u0142e-z-aluminium-Tiziano_3.jpg","width":2280,"height":1612},{"@type":"BreadcrumbList","@id":"https:\/\/worldofflowerpots.com\/sklep\/duze-donice-okragle-z-aluminium-tiziano-3\/#breadcrumb","itemListElement":[{"@type":"ListItem","position":1,"name":"Strona g\u0142\u00f3wna","item":"https:\/\/worldofflowerpots.com\/"},{"@type":"ListItem","position":2,"name":"Sklep","item":"https:\/\/worldofflowerpots.com\/sklep\/"},{"@type":"ListItem","position":3,"name":"Du\u017ce donice okr\u0105g\u0142e z aluminium Tiziano 3"}]},{"@type":"WebSite","@id":"https:\/\/worldofflowerpots.com\/#website","url":"https:\/\/worldofflowerpots.com\/","name":"World of Flowerpots","description":"producent donic ozdobnych","potentialAction":[{"@type":"SearchAction","target":{"@type":"EntryPoint","urlTemplate":"https:\/\/worldofflowerpots.com\/?s={search_term_string}"},"query-input":{"@type":"PropertyValueSpecification","valueRequired":true,"valueName":"search_term_string"}}],"inLanguage":"pl-PL"}]}},"_links":{"self":[{"href":"https:\/\/worldofflowerpots.com\/pl\/wp-json\/wp\/v2\/product\/50973","targetHints":{"allow":["GET"]}}],"collection":[{"href":"https:\/\/worldofflowerpots.com\/pl\/wp-json\/wp\/v2\/product"}],"about":[{"href":"https:\/\/worldofflowerpots.com\/pl\/wp-json\/wp\/v2\/types\/product"}],"wp:featuredmedia":[{"embeddable":true,"href":"https:\/\/worldofflowerpots.com\/pl\/wp-json\/wp\/v2\/media\/57318"}],"wp:attachment":[{"href":"https:\/\/worldofflowerpots.com\/pl\/wp-json\/wp\/v2\/media?parent=50973"}],"wp:term":[{"taxonomy":"product_brand","embeddable":true,"href":"https:\/\/worldofflowerpots.com\/pl\/wp-json\/wp\/v2\/product_brand?post=50973"},{"taxonomy":"product_cat","embeddable":true,"href":"https:\/\/worldofflowerpots.com\/pl\/wp-json\/wp\/v2\/product_cat?post=50973"},{"taxonomy":"product_tag","embeddable":true,"href":"https:\/\/worldofflowerpots.com\/pl\/wp-json\/wp\/v2\/product_tag?post=50973"}],"curies":[{"name":"wp","href":"https:\/\/api.w.org\/{rel}","templated":true}]}}