{"id":50975,"date":"2019-01-18T15:13:13","date_gmt":"2019-01-18T14:13:13","guid":{"rendered":"https:\/\/worldofflowerpots.com\/product\/import-placeholder-for-277\/"},"modified":"2019-04-04T11:09:22","modified_gmt":"2019-04-04T09:09:22","slug":"aluminiowa-smukla-donica-vittorio-2","status":"publish","type":"product","link":"https:\/\/worldofflowerpots.com\/pl\/sklep\/aluminiowa-smukla-donica-vittorio-2\/","title":{"rendered":"Aluminiowa smuk\u0142a donica Vittorio 2"},"content":{"rendered":"<h2>Uniwersalne zastosowanie<\/h2>\n<p>Decyduj\u0105c si\u0119 na zakup donicy do u\u017cytku zewn\u0119trznego warto zdecydowa\u0107 si\u0119 na donic\u0119 wykonan\u0105 z aluminium. Jest to idealne po\u0142\u0105czenie nowoczesnego designu i prostej konstrukcji, bez przepychu i zb\u0119dnych dodatk\u00f3w. W naszej ofercie dost\u0119pne s\u0105 donice w najr\u00f3\u017cniejszych kszta\u0142tach i kolorach, zar\u00f3wno w macie jak i b\u0142ysku. Dlatego mo\u017cna dopasowa\u0107 najlepsze rozwi\u0105zanie do w\u0142asnych preferencji i stylu w jakim urz\u0105dzono przestrze\u0144, w kt\u00f3rej stanie donica. Dodatkowo donice aluminiowe s\u0105 wykonane z najwy\u017cszej jako\u015bci materia\u0142u, dzi\u0119ki czemu s\u0105 odporne na warunki atmosferyczne. Nie straszne im opady deszczu czy \u015bniegu, wysokie temperatury, mrozy i wiatr. Spokojnie mo\u017cna je postawi\u0107 w ogrodzie, czy na tarasie. B\u0119dzie to inwestycja na d\u0142ugie lata. Kolejn\u0105 wa\u017cn\u0105 zalet\u0105 jest to, \u017ce donice te s\u0105 bardzo lekkie, w por\u00f3wnaniu z donicami wykonanymi z innych materia\u0142\u00f3w. Mo\u017cna je w ka\u017cdym momencie przestawia\u0107 z miejsca na miejsce, bez obawy o uszkodzenie pod\u0142o\u017ca.<\/p>\n<h2>Unikatowy kszta\u0142t<\/h2>\n<p>W\u015br\u00f3d szerokiej oferty bardzo ciekaw\u0105 propozycj\u0105 jest aluminiowa smuk\u0142a donica Vittorio 2. Ma ona unikatowy kszta\u0142t prostopad\u0142o\u015bcianu o wymiarach: 40 cm x 40 cm w podstawie oraz 100 cm wysoko\u015bci. Dost\u0119pna jest we wszystkich kolorach z palety RAL, dzi\u0119ki czemu mo\u017cna wybra\u0107 najbardziej dogodn\u0105 propozycj\u0119. Jej prosty, stylowy kszta\u0142t \u015bwietnie sprawdza si\u0119 w przypadku strzelistych, wysokich ro\u015blin. \u015awietnie podkre\u015bla ich charakter, eksponuje je i zapewnia stabilno\u015b\u0107 &#8211; nie ma obawy, \u017ce donica si\u0119 przewr\u00f3ci i uszkodzi ro\u015blin\u0119. Idealnie sprawdzi si\u0119 w aran\u017cacji ka\u017cdego wn\u0119trza, tarasu czy ogrodu. Dodatkowym atutem jest jej odporno\u015b\u0107 na najtrudniejsze warunki atmosferyczne. Z drugiej strony materia\u0142, z kt\u00f3rego j\u0105 wykonano jest delikatny i lekki. Pozwala to na stawianie jej w pomieszczeniach, nawet na mi\u0119kkich i nieodpornych na czynniki mechaniczne pod\u0142o\u017cach takich jak panele czy wyk\u0142adziny. Nie ma obawy, \u017ce si\u0119 zniszcz\u0105. W dnie donicy znajduj\u0105 si\u0119 standardowe otwory odp\u0142ywowe. Pusta donica wa\u017cy zaledwie 12 kg.<\/p>\n<p>Aluminiowa smuk\u0142a donica to \u015bwietny wyb\u00f3r. Bardzo dobrym pomys\u0142em jest kupienie kilku donic i ustawienie ich obok siebie. Pozwoli to stworzy\u0107 niepowtarzalny klimat i wyeksponowa\u0107 charakter zasadzonych w nich ro\u015blin.<\/p>\n","protected":false},"excerpt":{"rendered":"<p>Donica aluminiowa Vittorio 2 produkowana jest we wszystkich kolorach palety RAL. Donica produkowana jest w standardzie z otworami odp\u0142ywowymi. Waga to :16kg, a wymiary : d\u0142ugo\u015b\u0107:40cm, szeroko\u015b\u0107:40cm, wysoko\u015b\u0107:100cm. Zalecane stosowanie jako donica tarasowa.<\/p>\n","protected":false},"featured_media":57278,"template":"","meta":{"_acf_changed":false},"product_brand":[],"product_cat":[116],"product_tag":[446,448,444,447,451],"class_list":{"0":"post-50975","1":"product","2":"type-product","3":"status-publish","4":"has-post-thumbnail","6":"product_cat-donice-z-aluminium","7":"product_tag-donice-aluminiowe","8":"product_tag-donice-balkonowe","9":"product_tag-donice-ogrodowe","10":"product_tag-donice-tarasowe","11":"product_tag-donice-wewnetrzne","12":"description-off","13":"tm-has-options","15":"first","16":"instock","17":"shipping-taxable","18":"purchasable","19":"product-type-simple"},"acf":[],"yoast_head":"<!-- This site is optimized with the Yoast SEO plugin v27.5 - https:\/\/yoast.com\/product\/yoast-seo-wordpress\/ -->\n<title>Aluminiowa smuk\u0142a donica Vittorio 2 - Wysoka i Uniwersalna<\/title>\n<meta name=\"description\" content=\"W\u015br\u00f3d szerokiej oferty bardzo ciekaw\u0105 propozycj\u0105 jest aluminiowa smuk\u0142a donica Vittorio 2. Pusta donica wa\u017cy zaledwie 12 kg.\" \/>\n<meta name=\"robots\" content=\"index, follow, max-snippet:-1, max-image-preview:large, max-video-preview:-1\" \/>\n<link rel=\"canonical\" href=\"https:\/\/worldofflowerpots.com\/sklep\/aluminiowa-smukla-donica-vittorio-2\/\" \/>\n<meta property=\"og:locale\" content=\"pl_PL\" \/>\n<meta property=\"og:type\" content=\"article\" \/>\n<meta property=\"og:title\" content=\"Aluminiowa smuk\u0142a donica Vittorio 2 - Wysoka i Uniwersalna\" \/>\n<meta property=\"og:description\" content=\"W\u015br\u00f3d szerokiej oferty bardzo ciekaw\u0105 propozycj\u0105 jest aluminiowa smuk\u0142a donica Vittorio 2. Pusta donica wa\u017cy zaledwie 12 kg.\" \/>\n<meta property=\"og:url\" content=\"https:\/\/worldofflowerpots.com\/sklep\/aluminiowa-smukla-donica-vittorio-2\/\" \/>\n<meta property=\"og:site_name\" content=\"World of Flowerpots\" \/>\n<meta property=\"article:modified_time\" content=\"2019-04-04T09:09:22+00:00\" \/>\n<meta property=\"og:image\" content=\"https:\/\/worldofflowerpots.com\/wp-content\/uploads\/2019\/01\/Aluminiowa-smuk\u0142a-donica-Vittorio_2.jpg\" \/>\n\t<meta property=\"og:image:width\" content=\"2280\" \/>\n\t<meta property=\"og:image:height\" content=\"1612\" \/>\n\t<meta property=\"og:image:type\" content=\"image\/jpeg\" \/>\n<meta name=\"twitter:card\" content=\"summary_large_image\" \/>\n<meta name=\"twitter:label1\" content=\"Szacowany czas czytania\" \/>\n\t<meta name=\"twitter:data1\" content=\"2 minuty\" \/>\n<script type=\"application\/ld+json\" class=\"yoast-schema-graph\">{\"@context\":\"https:\\\/\\\/schema.org\",\"@graph\":[{\"@type\":\"WebPage\",\"@id\":\"https:\\\/\\\/worldofflowerpots.com\\\/sklep\\\/aluminiowa-smukla-donica-vittorio-2\\\/\",\"url\":\"https:\\\/\\\/worldofflowerpots.com\\\/sklep\\\/aluminiowa-smukla-donica-vittorio-2\\\/\",\"name\":\"Aluminiowa smuk\u0142a donica Vittorio 2 - Wysoka i Uniwersalna\",\"isPartOf\":{\"@id\":\"https:\\\/\\\/worldofflowerpots.com\\\/#website\"},\"primaryImageOfPage\":{\"@id\":\"https:\\\/\\\/worldofflowerpots.com\\\/sklep\\\/aluminiowa-smukla-donica-vittorio-2\\\/#primaryimage\"},\"image\":{\"@id\":\"https:\\\/\\\/worldofflowerpots.com\\\/sklep\\\/aluminiowa-smukla-donica-vittorio-2\\\/#primaryimage\"},\"thumbnailUrl\":\"https:\\\/\\\/worldofflowerpots.com\\\/wp-content\\\/uploads\\\/2019\\\/01\\\/Aluminiowa-smuk\u0142a-donica-Vittorio_2.jpg\",\"datePublished\":\"2019-01-18T14:13:13+00:00\",\"dateModified\":\"2019-04-04T09:09:22+00:00\",\"description\":\"W\u015br\u00f3d szerokiej oferty bardzo ciekaw\u0105 propozycj\u0105 jest aluminiowa smuk\u0142a donica Vittorio 2. Pusta donica wa\u017cy zaledwie 12 kg.\",\"breadcrumb\":{\"@id\":\"https:\\\/\\\/worldofflowerpots.com\\\/sklep\\\/aluminiowa-smukla-donica-vittorio-2\\\/#breadcrumb\"},\"inLanguage\":\"pl-PL\",\"potentialAction\":[{\"@type\":\"ReadAction\",\"target\":[\"https:\\\/\\\/worldofflowerpots.com\\\/sklep\\\/aluminiowa-smukla-donica-vittorio-2\\\/\"]}]},{\"@type\":\"ImageObject\",\"inLanguage\":\"pl-PL\",\"@id\":\"https:\\\/\\\/worldofflowerpots.com\\\/sklep\\\/aluminiowa-smukla-donica-vittorio-2\\\/#primaryimage\",\"url\":\"https:\\\/\\\/worldofflowerpots.com\\\/wp-content\\\/uploads\\\/2019\\\/01\\\/Aluminiowa-smuk\u0142a-donica-Vittorio_2.jpg\",\"contentUrl\":\"https:\\\/\\\/worldofflowerpots.com\\\/wp-content\\\/uploads\\\/2019\\\/01\\\/Aluminiowa-smuk\u0142a-donica-Vittorio_2.jpg\",\"width\":2280,\"height\":1612},{\"@type\":\"BreadcrumbList\",\"@id\":\"https:\\\/\\\/worldofflowerpots.com\\\/sklep\\\/aluminiowa-smukla-donica-vittorio-2\\\/#breadcrumb\",\"itemListElement\":[{\"@type\":\"ListItem\",\"position\":1,\"name\":\"Strona g\u0142\u00f3wna\",\"item\":\"https:\\\/\\\/worldofflowerpots.com\\\/\"},{\"@type\":\"ListItem\",\"position\":2,\"name\":\"Sklep\",\"item\":\"https:\\\/\\\/worldofflowerpots.com\\\/sklep\\\/\"},{\"@type\":\"ListItem\",\"position\":3,\"name\":\"Aluminiowa smuk\u0142a donica Vittorio 2\"}]},{\"@type\":\"WebSite\",\"@id\":\"https:\\\/\\\/worldofflowerpots.com\\\/#website\",\"url\":\"https:\\\/\\\/worldofflowerpots.com\\\/\",\"name\":\"World of Flowerpots\",\"description\":\"producent donic ozdobnych\",\"potentialAction\":[{\"@type\":\"SearchAction\",\"target\":{\"@type\":\"EntryPoint\",\"urlTemplate\":\"https:\\\/\\\/worldofflowerpots.com\\\/?s={search_term_string}\"},\"query-input\":{\"@type\":\"PropertyValueSpecification\",\"valueRequired\":true,\"valueName\":\"search_term_string\"}}],\"inLanguage\":\"pl-PL\"}]}<\/script>\n<!-- \/ Yoast SEO plugin. -->","yoast_head_json":{"title":"Aluminiowa smuk\u0142a donica Vittorio 2 - Wysoka i Uniwersalna","description":"W\u015br\u00f3d szerokiej oferty bardzo ciekaw\u0105 propozycj\u0105 jest aluminiowa smuk\u0142a donica Vittorio 2. Pusta donica wa\u017cy zaledwie 12 kg.","robots":{"index":"index","follow":"follow","max-snippet":"max-snippet:-1","max-image-preview":"max-image-preview:large","max-video-preview":"max-video-preview:-1"},"canonical":"https:\/\/worldofflowerpots.com\/sklep\/aluminiowa-smukla-donica-vittorio-2\/","og_locale":"pl_PL","og_type":"article","og_title":"Aluminiowa smuk\u0142a donica Vittorio 2 - Wysoka i Uniwersalna","og_description":"W\u015br\u00f3d szerokiej oferty bardzo ciekaw\u0105 propozycj\u0105 jest aluminiowa smuk\u0142a donica Vittorio 2. Pusta donica wa\u017cy zaledwie 12 kg.","og_url":"https:\/\/worldofflowerpots.com\/sklep\/aluminiowa-smukla-donica-vittorio-2\/","og_site_name":"World of Flowerpots","article_modified_time":"2019-04-04T09:09:22+00:00","og_image":[{"width":2280,"height":1612,"url":"https:\/\/worldofflowerpots.com\/wp-content\/uploads\/2019\/01\/Aluminiowa-smuk\u0142a-donica-Vittorio_2.jpg","type":"image\/jpeg"}],"twitter_card":"summary_large_image","twitter_misc":{"Szacowany czas czytania":"2 minuty"},"schema":{"@context":"https:\/\/schema.org","@graph":[{"@type":"WebPage","@id":"https:\/\/worldofflowerpots.com\/sklep\/aluminiowa-smukla-donica-vittorio-2\/","url":"https:\/\/worldofflowerpots.com\/sklep\/aluminiowa-smukla-donica-vittorio-2\/","name":"Aluminiowa smuk\u0142a donica Vittorio 2 - Wysoka i Uniwersalna","isPartOf":{"@id":"https:\/\/worldofflowerpots.com\/#website"},"primaryImageOfPage":{"@id":"https:\/\/worldofflowerpots.com\/sklep\/aluminiowa-smukla-donica-vittorio-2\/#primaryimage"},"image":{"@id":"https:\/\/worldofflowerpots.com\/sklep\/aluminiowa-smukla-donica-vittorio-2\/#primaryimage"},"thumbnailUrl":"https:\/\/worldofflowerpots.com\/wp-content\/uploads\/2019\/01\/Aluminiowa-smuk\u0142a-donica-Vittorio_2.jpg","datePublished":"2019-01-18T14:13:13+00:00","dateModified":"2019-04-04T09:09:22+00:00","description":"W\u015br\u00f3d szerokiej oferty bardzo ciekaw\u0105 propozycj\u0105 jest aluminiowa smuk\u0142a donica Vittorio 2. Pusta donica wa\u017cy zaledwie 12 kg.","breadcrumb":{"@id":"https:\/\/worldofflowerpots.com\/sklep\/aluminiowa-smukla-donica-vittorio-2\/#breadcrumb"},"inLanguage":"pl-PL","potentialAction":[{"@type":"ReadAction","target":["https:\/\/worldofflowerpots.com\/sklep\/aluminiowa-smukla-donica-vittorio-2\/"]}]},{"@type":"ImageObject","inLanguage":"pl-PL","@id":"https:\/\/worldofflowerpots.com\/sklep\/aluminiowa-smukla-donica-vittorio-2\/#primaryimage","url":"https:\/\/worldofflowerpots.com\/wp-content\/uploads\/2019\/01\/Aluminiowa-smuk\u0142a-donica-Vittorio_2.jpg","contentUrl":"https:\/\/worldofflowerpots.com\/wp-content\/uploads\/2019\/01\/Aluminiowa-smuk\u0142a-donica-Vittorio_2.jpg","width":2280,"height":1612},{"@type":"BreadcrumbList","@id":"https:\/\/worldofflowerpots.com\/sklep\/aluminiowa-smukla-donica-vittorio-2\/#breadcrumb","itemListElement":[{"@type":"ListItem","position":1,"name":"Strona g\u0142\u00f3wna","item":"https:\/\/worldofflowerpots.com\/"},{"@type":"ListItem","position":2,"name":"Sklep","item":"https:\/\/worldofflowerpots.com\/sklep\/"},{"@type":"ListItem","position":3,"name":"Aluminiowa smuk\u0142a donica Vittorio 2"}]},{"@type":"WebSite","@id":"https:\/\/worldofflowerpots.com\/#website","url":"https:\/\/worldofflowerpots.com\/","name":"World of Flowerpots","description":"producent donic ozdobnych","potentialAction":[{"@type":"SearchAction","target":{"@type":"EntryPoint","urlTemplate":"https:\/\/worldofflowerpots.com\/?s={search_term_string}"},"query-input":{"@type":"PropertyValueSpecification","valueRequired":true,"valueName":"search_term_string"}}],"inLanguage":"pl-PL"}]}},"_links":{"self":[{"href":"https:\/\/worldofflowerpots.com\/pl\/wp-json\/wp\/v2\/product\/50975","targetHints":{"allow":["GET"]}}],"collection":[{"href":"https:\/\/worldofflowerpots.com\/pl\/wp-json\/wp\/v2\/product"}],"about":[{"href":"https:\/\/worldofflowerpots.com\/pl\/wp-json\/wp\/v2\/types\/product"}],"wp:featuredmedia":[{"embeddable":true,"href":"https:\/\/worldofflowerpots.com\/pl\/wp-json\/wp\/v2\/media\/57278"}],"wp:attachment":[{"href":"https:\/\/worldofflowerpots.com\/pl\/wp-json\/wp\/v2\/media?parent=50975"}],"wp:term":[{"taxonomy":"product_brand","embeddable":true,"href":"https:\/\/worldofflowerpots.com\/pl\/wp-json\/wp\/v2\/product_brand?post=50975"},{"taxonomy":"product_cat","embeddable":true,"href":"https:\/\/worldofflowerpots.com\/pl\/wp-json\/wp\/v2\/product_cat?post=50975"},{"taxonomy":"product_tag","embeddable":true,"href":"https:\/\/worldofflowerpots.com\/pl\/wp-json\/wp\/v2\/product_tag?post=50975"}],"curies":[{"name":"wp","href":"https:\/\/api.w.org\/{rel}","templated":true}]}}