{"id":50976,"date":"2019-01-18T15:13:13","date_gmt":"2019-01-18T14:13:13","guid":{"rendered":"https:\/\/worldofflowerpots.com\/product\/import-placeholder-for-278\/"},"modified":"2019-04-04T11:14:39","modified_gmt":"2019-04-04T09:14:39","slug":"smukla-donica-aluminiowa-vittorio-3","status":"publish","type":"product","link":"https:\/\/worldofflowerpots.com\/pl\/sklep\/smukla-donica-aluminiowa-vittorio-3\/","title":{"rendered":"Smuk\u0142a donica aluminiowa Vittorio 3"},"content":{"rendered":"<h2><strong>Donica aluminiowa Vittorio 3 &#8211; smuk\u0142a pi\u0119kno\u015b\u0107 na tarasie<\/strong><\/h2>\n<p>Element, bez kt\u00f3rego nie mo\u017ce oby\u0107 si\u0119 \u017caden taras to ro\u015blinno\u015b\u0107. A najlepszym miejscem na jej posadzenie jest \u0142adna donica. Ale nie mo\u017ce by\u0107 to przypadkowy wyb\u00f3r. Poniewa\u017c taras jest teraz cz\u0119sto przed\u0142u\u017ceniem salonu, warto postawi\u0107 na odpowiedni\u0105 aran\u017cacj\u0119 zieleni. W tym r\u00f3wnie\u017c na pi\u0119kne donice, kt\u00f3re dopasuj\u0105 si\u0119 do wystroju i wydob\u0119d\u0105 urod\u0119 ro\u015blin, ale te\u017c reszty mebli na tarasie lub balkonie.<\/p>\n<h2><strong>W ka\u017cdym stylu<\/strong><\/h2>\n<p>Styl rustykalny nadal jest w modzie, dlaczego by wi\u0119c nie postawi\u0107 na niego na tarasie. Smuk\u0142a donica aluminiowa Vittorio 3 to w\u0142a\u015bciwy wyb\u00f3r w tym wypadku. Jej geometryczny kszta\u0142t oraz zastosowany materia\u0142 znakomicie b\u0119d\u0105 wygl\u0105da\u0107 z prostymi meblami z drewna. R\u00f3wnie\u017c taras w stylu skandynawskim, tak lubianym przez wiele os\u00f3b, to dobre miejsce na posadzenie ro\u015blinno\u015bci w tej donicy. Tu szczeg\u00f3lnie sprawdzi si\u0119 Vittorio 3 w kolorze szarym lub bia\u0142ym, w po\u0142\u0105czeniu z rattanowymi fotelami lub kanapami.<\/p>\n<p>Nie tylko przydomowy taras b\u0119dzie dobrym miejscem dla donicy Vittorio 3. Mo\u017cna postawi\u0107 j\u0105 tak\u017ce przed wej\u015bciem do domu lub biurowca, a tak\u017ce w du\u017cym holu. Donica b\u0119dzie pi\u0119knie prezentowa\u0107 si\u0119 w minimalistycznym wn\u0119trzu, gdzie zastosowano szk\u0142o i metal w elementach wyko\u0144czeniowych. Tym bardziej, \u017ce wyst\u0119puje w 3 kolorach: bia\u0142ym, szarym i czarnym.<\/p>\n<p>Swobodnie, wi\u0119c mo\u017cna dopasowa\u0107 j\u0105 do r\u00f3\u017cnej kolorystyki pomieszcze\u0144 lub elewacji.<\/p>\n<h2><strong>Magia kolor\u00f3w nie tylko natury<\/strong><\/h2>\n<p>Kolory to r\u00f3wnie\u017c doskona\u0142e t\u0142o dla ro\u015blinno\u015bci we wszystkich odcieniach zieleni, a tak\u017ce innych barwach, czyli nadaje si\u0119 do posadzenia w niej zar\u00f3wno ro\u015blin li\u015bciastych jak i kwitn\u0105cych.<\/p>\n<p>Zastosowane aluminium sprawia, \u017ce donica mimo swoich rozmiar\u00f3w jest lekka i dzi\u0119ki temu dosy\u0107 mobilna. To z kolei daje mo\u017cliwo\u015b\u0107 zmian aran\u017cacji, poniewa\u017c smuk\u0142a donica aluminiowa jest \u0142atwa do przesuni\u0119cia w wybrane miejsce. Na dnie znajduj\u0105 si\u0119 nawiercone otwory odp\u0142ywowe. Jest to wa\u017cne dla w\u0142a\u015bciwego nawil\u017cenia bry\u0142y korzeniowej. Wielko\u015b\u0107 naczynia sprawia, \u017ce donica nadaje si\u0119 do posadzenia w niej wi\u0119kszej ro\u015blinno\u015bci, np. krzew\u00f3w lub drzewek. Aluminium u\u017cyte do wyrobu donicy ma najwy\u017csz\u0105 jako\u015b\u0107, kt\u00f3ra daje mo\u017cliwo\u015b\u0107 u\u017cycia jej na zewn\u0105trz nie wp\u0142ywaj\u0105c na jako\u015b\u0107 i wygl\u0105d naczynia.<\/p>\n<p>Smuk\u0142a donica aluminiowa Vittorio 3 to doskona\u0142y wyb\u00f3r dla tych, kt\u00f3rzy ceni\u0105 dyskretny urok minimalizmu oraz geometryczne bry\u0142y.<\/p>\n<p>&nbsp;<\/p>\n","protected":false},"excerpt":{"rendered":"<p>Donica aluminiowa Vittorio 3 produkowana jest we wszystkich kolorach palety RAL. Donica produkowana jest w standardzie z otworami odp\u0142ywowymi. Waga to :20kg, a wymiary : d\u0142ugo\u015b\u0107:50cm, wysoko\u015b\u0107:50cm, wysoko\u015b\u0107:100cm. Zalecane stosowanie jako donica tarasowa.<\/p>\n","protected":false},"featured_media":57288,"template":"","meta":{"_acf_changed":false},"product_brand":[],"product_cat":[116],"product_tag":[446,448,444,447,451],"class_list":{"0":"post-50976","1":"product","2":"type-product","3":"status-publish","4":"has-post-thumbnail","6":"product_cat-donice-z-aluminium","7":"product_tag-donice-aluminiowe","8":"product_tag-donice-balkonowe","9":"product_tag-donice-ogrodowe","10":"product_tag-donice-tarasowe","11":"product_tag-donice-wewnetrzne","12":"description-off","13":"tm-has-options","15":"first","16":"instock","17":"shipping-taxable","18":"purchasable","19":"product-type-simple"},"acf":[],"yoast_head":"<!-- This site is optimized with the Yoast SEO plugin v27.5 - https:\/\/yoast.com\/product\/yoast-seo-wordpress\/ -->\n<title>Smuk\u0142a Donica Aluminiowa Elegancka i Modna Vittorio 3<\/title>\n<meta name=\"description\" content=\"Smuk\u0142a donica aluminiowa Vittorio 3 to doskona\u0142y wyb\u00f3r dla tych, kt\u00f3rzy ceni\u0105 dyskretny urok minimalizmu oraz geometryczne bry\u0142y.\" \/>\n<meta name=\"robots\" content=\"index, follow, max-snippet:-1, max-image-preview:large, max-video-preview:-1\" \/>\n<link rel=\"canonical\" href=\"https:\/\/worldofflowerpots.com\/sklep\/smukla-donica-aluminiowa-vittorio-3\/\" \/>\n<meta property=\"og:locale\" content=\"pl_PL\" \/>\n<meta property=\"og:type\" content=\"article\" \/>\n<meta property=\"og:title\" content=\"Smuk\u0142a Donica Aluminiowa Elegancka i Modna Vittorio 3\" \/>\n<meta property=\"og:description\" content=\"Smuk\u0142a donica aluminiowa Vittorio 3 to doskona\u0142y wyb\u00f3r dla tych, kt\u00f3rzy ceni\u0105 dyskretny urok minimalizmu oraz geometryczne bry\u0142y.\" \/>\n<meta property=\"og:url\" content=\"https:\/\/worldofflowerpots.com\/sklep\/smukla-donica-aluminiowa-vittorio-3\/\" \/>\n<meta property=\"og:site_name\" content=\"World of Flowerpots\" \/>\n<meta property=\"article:modified_time\" content=\"2019-04-04T09:14:39+00:00\" \/>\n<meta property=\"og:image\" content=\"https:\/\/worldofflowerpots.com\/wp-content\/uploads\/2019\/01\/Smuk\u0142a-donica-aluminiowa-Vittorio_3.jpg\" \/>\n\t<meta property=\"og:image:width\" content=\"2280\" \/>\n\t<meta property=\"og:image:height\" content=\"1612\" \/>\n\t<meta property=\"og:image:type\" content=\"image\/jpeg\" \/>\n<meta name=\"twitter:card\" content=\"summary_large_image\" \/>\n<meta name=\"twitter:label1\" content=\"Szacowany czas czytania\" \/>\n\t<meta name=\"twitter:data1\" content=\"2 minuty\" \/>\n<script type=\"application\/ld+json\" class=\"yoast-schema-graph\">{\"@context\":\"https:\\\/\\\/schema.org\",\"@graph\":[{\"@type\":\"WebPage\",\"@id\":\"https:\\\/\\\/worldofflowerpots.com\\\/sklep\\\/smukla-donica-aluminiowa-vittorio-3\\\/\",\"url\":\"https:\\\/\\\/worldofflowerpots.com\\\/sklep\\\/smukla-donica-aluminiowa-vittorio-3\\\/\",\"name\":\"Smuk\u0142a Donica Aluminiowa Elegancka i Modna Vittorio 3\",\"isPartOf\":{\"@id\":\"https:\\\/\\\/worldofflowerpots.com\\\/#website\"},\"primaryImageOfPage\":{\"@id\":\"https:\\\/\\\/worldofflowerpots.com\\\/sklep\\\/smukla-donica-aluminiowa-vittorio-3\\\/#primaryimage\"},\"image\":{\"@id\":\"https:\\\/\\\/worldofflowerpots.com\\\/sklep\\\/smukla-donica-aluminiowa-vittorio-3\\\/#primaryimage\"},\"thumbnailUrl\":\"https:\\\/\\\/worldofflowerpots.com\\\/wp-content\\\/uploads\\\/2019\\\/01\\\/Smuk\u0142a-donica-aluminiowa-Vittorio_3.jpg\",\"datePublished\":\"2019-01-18T14:13:13+00:00\",\"dateModified\":\"2019-04-04T09:14:39+00:00\",\"description\":\"Smuk\u0142a donica aluminiowa Vittorio 3 to doskona\u0142y wyb\u00f3r dla tych, kt\u00f3rzy ceni\u0105 dyskretny urok minimalizmu oraz geometryczne bry\u0142y.\",\"breadcrumb\":{\"@id\":\"https:\\\/\\\/worldofflowerpots.com\\\/sklep\\\/smukla-donica-aluminiowa-vittorio-3\\\/#breadcrumb\"},\"inLanguage\":\"pl-PL\",\"potentialAction\":[{\"@type\":\"ReadAction\",\"target\":[\"https:\\\/\\\/worldofflowerpots.com\\\/sklep\\\/smukla-donica-aluminiowa-vittorio-3\\\/\"]}]},{\"@type\":\"ImageObject\",\"inLanguage\":\"pl-PL\",\"@id\":\"https:\\\/\\\/worldofflowerpots.com\\\/sklep\\\/smukla-donica-aluminiowa-vittorio-3\\\/#primaryimage\",\"url\":\"https:\\\/\\\/worldofflowerpots.com\\\/wp-content\\\/uploads\\\/2019\\\/01\\\/Smuk\u0142a-donica-aluminiowa-Vittorio_3.jpg\",\"contentUrl\":\"https:\\\/\\\/worldofflowerpots.com\\\/wp-content\\\/uploads\\\/2019\\\/01\\\/Smuk\u0142a-donica-aluminiowa-Vittorio_3.jpg\",\"width\":2280,\"height\":1612},{\"@type\":\"BreadcrumbList\",\"@id\":\"https:\\\/\\\/worldofflowerpots.com\\\/sklep\\\/smukla-donica-aluminiowa-vittorio-3\\\/#breadcrumb\",\"itemListElement\":[{\"@type\":\"ListItem\",\"position\":1,\"name\":\"Strona g\u0142\u00f3wna\",\"item\":\"https:\\\/\\\/worldofflowerpots.com\\\/\"},{\"@type\":\"ListItem\",\"position\":2,\"name\":\"Sklep\",\"item\":\"https:\\\/\\\/worldofflowerpots.com\\\/sklep\\\/\"},{\"@type\":\"ListItem\",\"position\":3,\"name\":\"Smuk\u0142a donica aluminiowa Vittorio 3\"}]},{\"@type\":\"WebSite\",\"@id\":\"https:\\\/\\\/worldofflowerpots.com\\\/#website\",\"url\":\"https:\\\/\\\/worldofflowerpots.com\\\/\",\"name\":\"World of Flowerpots\",\"description\":\"producent donic ozdobnych\",\"potentialAction\":[{\"@type\":\"SearchAction\",\"target\":{\"@type\":\"EntryPoint\",\"urlTemplate\":\"https:\\\/\\\/worldofflowerpots.com\\\/?s={search_term_string}\"},\"query-input\":{\"@type\":\"PropertyValueSpecification\",\"valueRequired\":true,\"valueName\":\"search_term_string\"}}],\"inLanguage\":\"pl-PL\"}]}<\/script>\n<!-- \/ Yoast SEO plugin. -->","yoast_head_json":{"title":"Smuk\u0142a Donica Aluminiowa Elegancka i Modna Vittorio 3","description":"Smuk\u0142a donica aluminiowa Vittorio 3 to doskona\u0142y wyb\u00f3r dla tych, kt\u00f3rzy ceni\u0105 dyskretny urok minimalizmu oraz geometryczne bry\u0142y.","robots":{"index":"index","follow":"follow","max-snippet":"max-snippet:-1","max-image-preview":"max-image-preview:large","max-video-preview":"max-video-preview:-1"},"canonical":"https:\/\/worldofflowerpots.com\/sklep\/smukla-donica-aluminiowa-vittorio-3\/","og_locale":"pl_PL","og_type":"article","og_title":"Smuk\u0142a Donica Aluminiowa Elegancka i Modna Vittorio 3","og_description":"Smuk\u0142a donica aluminiowa Vittorio 3 to doskona\u0142y wyb\u00f3r dla tych, kt\u00f3rzy ceni\u0105 dyskretny urok minimalizmu oraz geometryczne bry\u0142y.","og_url":"https:\/\/worldofflowerpots.com\/sklep\/smukla-donica-aluminiowa-vittorio-3\/","og_site_name":"World of Flowerpots","article_modified_time":"2019-04-04T09:14:39+00:00","og_image":[{"width":2280,"height":1612,"url":"https:\/\/worldofflowerpots.com\/wp-content\/uploads\/2019\/01\/Smuk\u0142a-donica-aluminiowa-Vittorio_3.jpg","type":"image\/jpeg"}],"twitter_card":"summary_large_image","twitter_misc":{"Szacowany czas czytania":"2 minuty"},"schema":{"@context":"https:\/\/schema.org","@graph":[{"@type":"WebPage","@id":"https:\/\/worldofflowerpots.com\/sklep\/smukla-donica-aluminiowa-vittorio-3\/","url":"https:\/\/worldofflowerpots.com\/sklep\/smukla-donica-aluminiowa-vittorio-3\/","name":"Smuk\u0142a Donica Aluminiowa Elegancka i Modna Vittorio 3","isPartOf":{"@id":"https:\/\/worldofflowerpots.com\/#website"},"primaryImageOfPage":{"@id":"https:\/\/worldofflowerpots.com\/sklep\/smukla-donica-aluminiowa-vittorio-3\/#primaryimage"},"image":{"@id":"https:\/\/worldofflowerpots.com\/sklep\/smukla-donica-aluminiowa-vittorio-3\/#primaryimage"},"thumbnailUrl":"https:\/\/worldofflowerpots.com\/wp-content\/uploads\/2019\/01\/Smuk\u0142a-donica-aluminiowa-Vittorio_3.jpg","datePublished":"2019-01-18T14:13:13+00:00","dateModified":"2019-04-04T09:14:39+00:00","description":"Smuk\u0142a donica aluminiowa Vittorio 3 to doskona\u0142y wyb\u00f3r dla tych, kt\u00f3rzy ceni\u0105 dyskretny urok minimalizmu oraz geometryczne bry\u0142y.","breadcrumb":{"@id":"https:\/\/worldofflowerpots.com\/sklep\/smukla-donica-aluminiowa-vittorio-3\/#breadcrumb"},"inLanguage":"pl-PL","potentialAction":[{"@type":"ReadAction","target":["https:\/\/worldofflowerpots.com\/sklep\/smukla-donica-aluminiowa-vittorio-3\/"]}]},{"@type":"ImageObject","inLanguage":"pl-PL","@id":"https:\/\/worldofflowerpots.com\/sklep\/smukla-donica-aluminiowa-vittorio-3\/#primaryimage","url":"https:\/\/worldofflowerpots.com\/wp-content\/uploads\/2019\/01\/Smuk\u0142a-donica-aluminiowa-Vittorio_3.jpg","contentUrl":"https:\/\/worldofflowerpots.com\/wp-content\/uploads\/2019\/01\/Smuk\u0142a-donica-aluminiowa-Vittorio_3.jpg","width":2280,"height":1612},{"@type":"BreadcrumbList","@id":"https:\/\/worldofflowerpots.com\/sklep\/smukla-donica-aluminiowa-vittorio-3\/#breadcrumb","itemListElement":[{"@type":"ListItem","position":1,"name":"Strona g\u0142\u00f3wna","item":"https:\/\/worldofflowerpots.com\/"},{"@type":"ListItem","position":2,"name":"Sklep","item":"https:\/\/worldofflowerpots.com\/sklep\/"},{"@type":"ListItem","position":3,"name":"Smuk\u0142a donica aluminiowa Vittorio 3"}]},{"@type":"WebSite","@id":"https:\/\/worldofflowerpots.com\/#website","url":"https:\/\/worldofflowerpots.com\/","name":"World of Flowerpots","description":"producent donic ozdobnych","potentialAction":[{"@type":"SearchAction","target":{"@type":"EntryPoint","urlTemplate":"https:\/\/worldofflowerpots.com\/?s={search_term_string}"},"query-input":{"@type":"PropertyValueSpecification","valueRequired":true,"valueName":"search_term_string"}}],"inLanguage":"pl-PL"}]}},"_links":{"self":[{"href":"https:\/\/worldofflowerpots.com\/pl\/wp-json\/wp\/v2\/product\/50976","targetHints":{"allow":["GET"]}}],"collection":[{"href":"https:\/\/worldofflowerpots.com\/pl\/wp-json\/wp\/v2\/product"}],"about":[{"href":"https:\/\/worldofflowerpots.com\/pl\/wp-json\/wp\/v2\/types\/product"}],"wp:featuredmedia":[{"embeddable":true,"href":"https:\/\/worldofflowerpots.com\/pl\/wp-json\/wp\/v2\/media\/57288"}],"wp:attachment":[{"href":"https:\/\/worldofflowerpots.com\/pl\/wp-json\/wp\/v2\/media?parent=50976"}],"wp:term":[{"taxonomy":"product_brand","embeddable":true,"href":"https:\/\/worldofflowerpots.com\/pl\/wp-json\/wp\/v2\/product_brand?post=50976"},{"taxonomy":"product_cat","embeddable":true,"href":"https:\/\/worldofflowerpots.com\/pl\/wp-json\/wp\/v2\/product_cat?post=50976"},{"taxonomy":"product_tag","embeddable":true,"href":"https:\/\/worldofflowerpots.com\/pl\/wp-json\/wp\/v2\/product_tag?post=50976"}],"curies":[{"name":"wp","href":"https:\/\/api.w.org\/{rel}","templated":true}]}}