{"id":50984,"date":"2019-01-18T15:13:36","date_gmt":"2019-01-18T14:13:36","guid":{"rendered":"https:\/\/worldofflowerpots.com\/product\/import-placeholder-for-541\/"},"modified":"2019-04-03T12:43:27","modified_gmt":"2019-04-03T10:43:27","slug":"kwadratowa-donica-na-kolkach-ernesto-mobile","status":"publish","type":"product","link":"https:\/\/worldofflowerpots.com\/pl\/sklep\/kwadratowa-donica-na-kolkach-ernesto-mobile\/","title":{"rendered":"Kwadratowa donica na k\u00f3\u0142kach\u00a0Ernesto Mobile"},"content":{"rendered":"<h2>Donice Ernesto Mobile<\/h2>\n<p>Komponuj\u0105c przestrze\u0144 ogrodu czy tarasu aran\u017cujemy go w taki spos\u00f3b, aby przebywanie w tych miejscach sprawia\u0142o nam satysfakcj\u0119. Po pracy czy na wakacjach, szukamy na ogrodzie i tarasie wytchnienia. To miejsce komfortowego wypoczynku na le\u017caku powinno by\u0107 wyposa\u017cone w wygodne meble wypoczynkowe, ale te\u017c przyjemne dla oka dekoracje. Do element\u00f3w, kt\u00f3re bez w\u0105tpienia o\u017cywiaj\u0105 ogrody i tarasy nale\u017c\u0105 ro\u015bliny, a szczeg\u00f3lnie pi\u0119kne, kolorowe kwiaty donicowe.<\/p>\n<p>Wyb\u00f3r dobrej donicy, dostosowanej do u\u017cytkowania na zewn\u0105trz jest r\u00f3wnie istotn\u0105 kwesti\u0105, jak wybranie gatunk\u00f3w kwiat\u00f3w, kt\u00f3re b\u0119d\u0105 cieszy\u0142y nasze oczy podczas relaksowania si\u0119 z rodzin\u0105 na tarasie naszego domu. Donice tarasowe s\u0105 solidne, wytrzyma\u0142e, odporne na mrozy, wi\u0119c nie ma konieczno\u015bci chowa\u0107 ich na zim\u0119. Z pewno\u015bci\u0105 pos\u0142u\u017c\u0105 nam latami, nawet b\u0119d\u0105c wystawionymi na dzia\u0142anie niekorzystnych czynnik\u00f3w \u015brodowiska naturalnego.\u00a0 Wyb\u00f3r donic na rynku jest naprawd\u0119 ogromny i odzwierciedla fantazj\u0119 tw\u00f3rcz\u0105 ich producent\u00f3w. Produkowane s\u0105 donice z r\u00f3\u017cnych tworzyw i r\u00f3\u017cnych kszta\u0142t\u00f3w, a niekt\u00f3re posiadaj\u0105 nawet &#8230; k\u00f3\u0142ka.<\/p>\n<h2>Kwadratowa donica na k\u00f3\u0142kach\u00a0Ernesto Mobile.<\/h2>\n<p>Donica aluminiowa na k\u00f3\u0142kach Ernesto Mobile nale\u017cy do du\u017cych donic tarasowych. Mo\u017cna j\u0105 zastosowa\u0107 tak\u017ce w pomieszczeniu, oraz na balkonie. Zastosowanie k\u00f3\u0142ek w konstrukcji umo\u017cliwia \u0142atwe manewrowanie, gdy zachodzi potrzeba zmiany miejsca ustawienia donicy Ernesto Mobile. K\u00f3\u0142ka s\u0105 tym bardziej trafionym rozwi\u0105zaniem, \u017ce donica ma spore gabaryty, a tym samym i b\u0119dzie mia\u0142a spory ci\u0119\u017car, po wype\u0142nieniu ziemi\u0105 i ro\u015blinno\u015bci\u0105.<\/p>\n<p>Donica Erneto Mobile ma 80 cm d\u0142ugo\u015bci, 80 cm szeroko\u015bci i 80 cm wysoko\u015bci. Jest to optymalny rozmiar na taras. Zasadzenia w takich donicach prezentuj\u0105 si\u0119 bardzo okazale i widowiskowo.\u00a0Aluminium zastosowane w produkcji donicy to materia\u0142 wytrzyma\u0142y i ponadczasowy. Pasuje do ka\u017cdego wn\u0119trza i aran\u017cacji zewn\u0119trznych. Aluminium mo\u017cna pomalowa\u0107 na ka\u017cdy kolor z palety barw RAL.<\/p>\n<p>Nowoczesne donice Ernesto Mobile upi\u0119ksz\u0105 ka\u017cdy ogr\u00f3d i ka\u017cdy taras. Dzi\u0119ki k\u00f3\u0142kom mo\u017cemy w takiej donicy zasadzi\u0107 ro\u015bliny ciep\u0142olubne, kt\u00f3re przy och\u0142odzeniu wystarczy przemie\u015bci\u0107 z tarasu do salonu, gdzie spokojnie sp\u0119dz\u0105 zim\u0119, przed kolejnym sezonem tarasowym.<\/p>\n","protected":false},"excerpt":{"rendered":"<p>Donica Ernesto Mobile z aluminium. Produkowana we wszystkich kolorach palety RAL (w macie lub po\u0142ysku). Donica w standardzie produkowana jest z otworami odp\u0142ywowymi w dnie. Dzi\u0119ki zastosowaniu k\u00f3\u0142ek mo\u017cna bez problemu przestawi\u0107 donice w dowolne miejsce. Wymiary donicy: szeroko\u015b\u0107: 80 cm, d\u0142ugo\u015b\u0107: 80 cm, wysoko\u015b\u0107: 80cm.<\/p>\n","protected":false},"featured_media":56649,"template":"","meta":{"_acf_changed":false},"product_brand":[],"product_cat":[219,116],"product_tag":[446,451],"class_list":{"0":"post-50984","1":"product","2":"type-product","3":"status-publish","4":"has-post-thumbnail","6":"product_cat-donice-na-kolkach","7":"product_cat-donice-z-aluminium","8":"product_tag-donice-aluminiowe","9":"product_tag-donice-wewnetrzne","10":"description-off","11":"tm-has-options","13":"first","14":"instock","15":"shipping-taxable","16":"purchasable","17":"product-type-simple"},"acf":[],"yoast_head":"<!-- This site is optimized with the Yoast SEO plugin v27.5 - https:\/\/yoast.com\/product\/yoast-seo-wordpress\/ -->\n<title>Kwadratowa donica na k\u00f3\u0142kach Ernesto Mobile Sze\u015bcian na K\u00f3\u0142kach<\/title>\n<meta name=\"description\" content=\"Aluminiowa kwadratowa donica na k\u00f3\u0142kach Ernesto Mobile nale\u017cy do du\u017cych donic tarasowych. Mo\u017cna j\u0105 zastosowa\u0107 tak\u017ce w pomieszczeniu, oraz na balkonie.\" \/>\n<meta name=\"robots\" content=\"index, follow, max-snippet:-1, max-image-preview:large, max-video-preview:-1\" \/>\n<link rel=\"canonical\" href=\"https:\/\/worldofflowerpots.com\/sklep\/kwadratowa-donica-na-kolkach-ernesto-mobile\/\" \/>\n<meta property=\"og:locale\" content=\"pl_PL\" \/>\n<meta property=\"og:type\" content=\"article\" \/>\n<meta property=\"og:title\" content=\"Kwadratowa donica na k\u00f3\u0142kach Ernesto Mobile Sze\u015bcian na K\u00f3\u0142kach\" \/>\n<meta property=\"og:description\" content=\"Aluminiowa kwadratowa donica na k\u00f3\u0142kach Ernesto Mobile nale\u017cy do du\u017cych donic tarasowych. Mo\u017cna j\u0105 zastosowa\u0107 tak\u017ce w pomieszczeniu, oraz na balkonie.\" \/>\n<meta property=\"og:url\" content=\"https:\/\/worldofflowerpots.com\/sklep\/kwadratowa-donica-na-kolkach-ernesto-mobile\/\" \/>\n<meta property=\"og:site_name\" content=\"World of Flowerpots\" \/>\n<meta property=\"article:modified_time\" content=\"2019-04-03T10:43:27+00:00\" \/>\n<meta property=\"og:image\" content=\"https:\/\/worldofflowerpots.com\/wp-content\/uploads\/2019\/01\/Kwadratowa-donica-na-k\u00f3\u0142kach-Ernesto-Mobile.jpg\" \/>\n\t<meta property=\"og:image:width\" content=\"4000\" \/>\n\t<meta property=\"og:image:height\" content=\"3000\" \/>\n\t<meta property=\"og:image:type\" content=\"image\/jpeg\" \/>\n<meta name=\"twitter:card\" content=\"summary_large_image\" \/>\n<meta name=\"twitter:label1\" content=\"Szacowany czas czytania\" \/>\n\t<meta name=\"twitter:data1\" content=\"2 minuty\" \/>\n<script type=\"application\/ld+json\" class=\"yoast-schema-graph\">{\"@context\":\"https:\\\/\\\/schema.org\",\"@graph\":[{\"@type\":\"WebPage\",\"@id\":\"https:\\\/\\\/worldofflowerpots.com\\\/sklep\\\/kwadratowa-donica-na-kolkach-ernesto-mobile\\\/\",\"url\":\"https:\\\/\\\/worldofflowerpots.com\\\/sklep\\\/kwadratowa-donica-na-kolkach-ernesto-mobile\\\/\",\"name\":\"Kwadratowa donica na k\u00f3\u0142kach Ernesto Mobile Sze\u015bcian na K\u00f3\u0142kach\",\"isPartOf\":{\"@id\":\"https:\\\/\\\/worldofflowerpots.com\\\/#website\"},\"primaryImageOfPage\":{\"@id\":\"https:\\\/\\\/worldofflowerpots.com\\\/sklep\\\/kwadratowa-donica-na-kolkach-ernesto-mobile\\\/#primaryimage\"},\"image\":{\"@id\":\"https:\\\/\\\/worldofflowerpots.com\\\/sklep\\\/kwadratowa-donica-na-kolkach-ernesto-mobile\\\/#primaryimage\"},\"thumbnailUrl\":\"https:\\\/\\\/worldofflowerpots.com\\\/wp-content\\\/uploads\\\/2019\\\/01\\\/Kwadratowa-donica-na-k\u00f3\u0142kach-Ernesto-Mobile.jpg\",\"datePublished\":\"2019-01-18T14:13:36+00:00\",\"dateModified\":\"2019-04-03T10:43:27+00:00\",\"description\":\"Aluminiowa kwadratowa donica na k\u00f3\u0142kach Ernesto Mobile nale\u017cy do du\u017cych donic tarasowych. Mo\u017cna j\u0105 zastosowa\u0107 tak\u017ce w pomieszczeniu, oraz na balkonie.\",\"breadcrumb\":{\"@id\":\"https:\\\/\\\/worldofflowerpots.com\\\/sklep\\\/kwadratowa-donica-na-kolkach-ernesto-mobile\\\/#breadcrumb\"},\"inLanguage\":\"pl-PL\",\"potentialAction\":[{\"@type\":\"ReadAction\",\"target\":[\"https:\\\/\\\/worldofflowerpots.com\\\/sklep\\\/kwadratowa-donica-na-kolkach-ernesto-mobile\\\/\"]}]},{\"@type\":\"ImageObject\",\"inLanguage\":\"pl-PL\",\"@id\":\"https:\\\/\\\/worldofflowerpots.com\\\/sklep\\\/kwadratowa-donica-na-kolkach-ernesto-mobile\\\/#primaryimage\",\"url\":\"https:\\\/\\\/worldofflowerpots.com\\\/wp-content\\\/uploads\\\/2019\\\/01\\\/Kwadratowa-donica-na-k\u00f3\u0142kach-Ernesto-Mobile.jpg\",\"contentUrl\":\"https:\\\/\\\/worldofflowerpots.com\\\/wp-content\\\/uploads\\\/2019\\\/01\\\/Kwadratowa-donica-na-k\u00f3\u0142kach-Ernesto-Mobile.jpg\",\"width\":4000,\"height\":3000},{\"@type\":\"BreadcrumbList\",\"@id\":\"https:\\\/\\\/worldofflowerpots.com\\\/sklep\\\/kwadratowa-donica-na-kolkach-ernesto-mobile\\\/#breadcrumb\",\"itemListElement\":[{\"@type\":\"ListItem\",\"position\":1,\"name\":\"Strona g\u0142\u00f3wna\",\"item\":\"https:\\\/\\\/worldofflowerpots.com\\\/\"},{\"@type\":\"ListItem\",\"position\":2,\"name\":\"Sklep\",\"item\":\"https:\\\/\\\/worldofflowerpots.com\\\/sklep\\\/\"},{\"@type\":\"ListItem\",\"position\":3,\"name\":\"Kwadratowa donica na k\u00f3\u0142kach\u00a0Ernesto Mobile\"}]},{\"@type\":\"WebSite\",\"@id\":\"https:\\\/\\\/worldofflowerpots.com\\\/#website\",\"url\":\"https:\\\/\\\/worldofflowerpots.com\\\/\",\"name\":\"World of Flowerpots\",\"description\":\"producent donic ozdobnych\",\"potentialAction\":[{\"@type\":\"SearchAction\",\"target\":{\"@type\":\"EntryPoint\",\"urlTemplate\":\"https:\\\/\\\/worldofflowerpots.com\\\/?s={search_term_string}\"},\"query-input\":{\"@type\":\"PropertyValueSpecification\",\"valueRequired\":true,\"valueName\":\"search_term_string\"}}],\"inLanguage\":\"pl-PL\"}]}<\/script>\n<!-- \/ Yoast SEO plugin. -->","yoast_head_json":{"title":"Kwadratowa donica na k\u00f3\u0142kach Ernesto Mobile Sze\u015bcian na K\u00f3\u0142kach","description":"Aluminiowa kwadratowa donica na k\u00f3\u0142kach Ernesto Mobile nale\u017cy do du\u017cych donic tarasowych. Mo\u017cna j\u0105 zastosowa\u0107 tak\u017ce w pomieszczeniu, oraz na balkonie.","robots":{"index":"index","follow":"follow","max-snippet":"max-snippet:-1","max-image-preview":"max-image-preview:large","max-video-preview":"max-video-preview:-1"},"canonical":"https:\/\/worldofflowerpots.com\/sklep\/kwadratowa-donica-na-kolkach-ernesto-mobile\/","og_locale":"pl_PL","og_type":"article","og_title":"Kwadratowa donica na k\u00f3\u0142kach Ernesto Mobile Sze\u015bcian na K\u00f3\u0142kach","og_description":"Aluminiowa kwadratowa donica na k\u00f3\u0142kach Ernesto Mobile nale\u017cy do du\u017cych donic tarasowych. Mo\u017cna j\u0105 zastosowa\u0107 tak\u017ce w pomieszczeniu, oraz na balkonie.","og_url":"https:\/\/worldofflowerpots.com\/sklep\/kwadratowa-donica-na-kolkach-ernesto-mobile\/","og_site_name":"World of Flowerpots","article_modified_time":"2019-04-03T10:43:27+00:00","og_image":[{"width":4000,"height":3000,"url":"https:\/\/worldofflowerpots.com\/wp-content\/uploads\/2019\/01\/Kwadratowa-donica-na-k\u00f3\u0142kach-Ernesto-Mobile.jpg","type":"image\/jpeg"}],"twitter_card":"summary_large_image","twitter_misc":{"Szacowany czas czytania":"2 minuty"},"schema":{"@context":"https:\/\/schema.org","@graph":[{"@type":"WebPage","@id":"https:\/\/worldofflowerpots.com\/sklep\/kwadratowa-donica-na-kolkach-ernesto-mobile\/","url":"https:\/\/worldofflowerpots.com\/sklep\/kwadratowa-donica-na-kolkach-ernesto-mobile\/","name":"Kwadratowa donica na k\u00f3\u0142kach Ernesto Mobile Sze\u015bcian na K\u00f3\u0142kach","isPartOf":{"@id":"https:\/\/worldofflowerpots.com\/#website"},"primaryImageOfPage":{"@id":"https:\/\/worldofflowerpots.com\/sklep\/kwadratowa-donica-na-kolkach-ernesto-mobile\/#primaryimage"},"image":{"@id":"https:\/\/worldofflowerpots.com\/sklep\/kwadratowa-donica-na-kolkach-ernesto-mobile\/#primaryimage"},"thumbnailUrl":"https:\/\/worldofflowerpots.com\/wp-content\/uploads\/2019\/01\/Kwadratowa-donica-na-k\u00f3\u0142kach-Ernesto-Mobile.jpg","datePublished":"2019-01-18T14:13:36+00:00","dateModified":"2019-04-03T10:43:27+00:00","description":"Aluminiowa kwadratowa donica na k\u00f3\u0142kach Ernesto Mobile nale\u017cy do du\u017cych donic tarasowych. Mo\u017cna j\u0105 zastosowa\u0107 tak\u017ce w pomieszczeniu, oraz na balkonie.","breadcrumb":{"@id":"https:\/\/worldofflowerpots.com\/sklep\/kwadratowa-donica-na-kolkach-ernesto-mobile\/#breadcrumb"},"inLanguage":"pl-PL","potentialAction":[{"@type":"ReadAction","target":["https:\/\/worldofflowerpots.com\/sklep\/kwadratowa-donica-na-kolkach-ernesto-mobile\/"]}]},{"@type":"ImageObject","inLanguage":"pl-PL","@id":"https:\/\/worldofflowerpots.com\/sklep\/kwadratowa-donica-na-kolkach-ernesto-mobile\/#primaryimage","url":"https:\/\/worldofflowerpots.com\/wp-content\/uploads\/2019\/01\/Kwadratowa-donica-na-k\u00f3\u0142kach-Ernesto-Mobile.jpg","contentUrl":"https:\/\/worldofflowerpots.com\/wp-content\/uploads\/2019\/01\/Kwadratowa-donica-na-k\u00f3\u0142kach-Ernesto-Mobile.jpg","width":4000,"height":3000},{"@type":"BreadcrumbList","@id":"https:\/\/worldofflowerpots.com\/sklep\/kwadratowa-donica-na-kolkach-ernesto-mobile\/#breadcrumb","itemListElement":[{"@type":"ListItem","position":1,"name":"Strona g\u0142\u00f3wna","item":"https:\/\/worldofflowerpots.com\/"},{"@type":"ListItem","position":2,"name":"Sklep","item":"https:\/\/worldofflowerpots.com\/sklep\/"},{"@type":"ListItem","position":3,"name":"Kwadratowa donica na k\u00f3\u0142kach\u00a0Ernesto Mobile"}]},{"@type":"WebSite","@id":"https:\/\/worldofflowerpots.com\/#website","url":"https:\/\/worldofflowerpots.com\/","name":"World of Flowerpots","description":"producent donic ozdobnych","potentialAction":[{"@type":"SearchAction","target":{"@type":"EntryPoint","urlTemplate":"https:\/\/worldofflowerpots.com\/?s={search_term_string}"},"query-input":{"@type":"PropertyValueSpecification","valueRequired":true,"valueName":"search_term_string"}}],"inLanguage":"pl-PL"}]}},"_links":{"self":[{"href":"https:\/\/worldofflowerpots.com\/pl\/wp-json\/wp\/v2\/product\/50984","targetHints":{"allow":["GET"]}}],"collection":[{"href":"https:\/\/worldofflowerpots.com\/pl\/wp-json\/wp\/v2\/product"}],"about":[{"href":"https:\/\/worldofflowerpots.com\/pl\/wp-json\/wp\/v2\/types\/product"}],"wp:featuredmedia":[{"embeddable":true,"href":"https:\/\/worldofflowerpots.com\/pl\/wp-json\/wp\/v2\/media\/56649"}],"wp:attachment":[{"href":"https:\/\/worldofflowerpots.com\/pl\/wp-json\/wp\/v2\/media?parent=50984"}],"wp:term":[{"taxonomy":"product_brand","embeddable":true,"href":"https:\/\/worldofflowerpots.com\/pl\/wp-json\/wp\/v2\/product_brand?post=50984"},{"taxonomy":"product_cat","embeddable":true,"href":"https:\/\/worldofflowerpots.com\/pl\/wp-json\/wp\/v2\/product_cat?post=50984"},{"taxonomy":"product_tag","embeddable":true,"href":"https:\/\/worldofflowerpots.com\/pl\/wp-json\/wp\/v2\/product_tag?post=50984"}],"curies":[{"name":"wp","href":"https:\/\/api.w.org\/{rel}","templated":true}]}}