{"id":50985,"date":"2019-01-18T15:13:37","date_gmt":"2019-01-18T14:13:37","guid":{"rendered":"https:\/\/worldofflowerpots.com\/product\/import-placeholder-for-542\/"},"modified":"2019-04-03T12:39:31","modified_gmt":"2019-04-03T10:39:31","slug":"donica-na-kolkach-ivo-mobile","status":"publish","type":"product","link":"https:\/\/worldofflowerpots.com\/pl\/sklep\/donica-na-kolkach-ivo-mobile\/","title":{"rendered":"Donica na k\u00f3\u0142kach Ivo Mobile"},"content":{"rendered":"<p>Decyduj\u0105c si\u0119 na zakup donic bardzo dobrym wyborem b\u0119d\u0105 donice wykonane z wysokiej klasy aluminium. Bardzo cz\u0119sto decyduj\u0105 si\u0119 na ni\u0105 profesjonalni architekci i amatorzy, kt\u00f3rzy chc\u0105 mie\u0107 pi\u0119kny ogr\u00f3d, albo dom.<\/p>\n<h2><strong>Mobilny sze\u015bcian<\/strong><\/h2>\n<p>Jedn\u0105 z ciekawych propozycji jest\u00a0aluminiowa donica na k\u00f3\u0142kach Ivo Mobile. Ma ona kszta\u0142t sze\u015bcianu o bokach d\u0142ugo\u015bci 60 cm. Produkowana jest w zar\u00f3wno w macie jak i w po\u0142ysku we wszystkich kolorach palety RAL. Dlatego mo\u017cna indywidualnie dobra\u0107 najbardziej pasuj\u0105cy i dogodny model i stworzy\u0107 niepowtarzaln\u0105 kompozycj\u0119. Dodatkowo mo\u017cliwo\u015b\u0107 wybrania kolorystyki matowej lub po\u0142yskuj\u0105cej pozwala na uzyskanie eleganckiego wystroju np. biura lub hotelu. Wa\u017cn\u0105 cech\u0105 donic aluminiowych jest to, \u017ce \u015bwietnie nadaj\u0105 si\u0119 zar\u00f3wno do u\u017cytku wewn\u0119trznego i zewn\u0119trznego. Dost\u0119pne s\u0105 w wielu kolorach i kszta\u0142tach dzi\u0119ki czemu mo\u017cna je dopasowa\u0107 do ka\u017cdej przestrzeni. Du\u017c\u0105 zalet\u0105 aluminiowych donic jest r\u00f3wnie\u017c ich nowoczesny i minimalistyczny wygl\u0105d. Ustawiaj\u0105c kilka donic obok siebie z pewno\u015bci\u0105 uda si\u0119 podkre\u015bli\u0107 wyj\u0105tkow\u0105 urod\u0119 sadzonych w nich ro\u015blin.<\/p>\n<p>Dodatkowo donice aluminiowe s\u0105 bardzo wytrzyma\u0142e i trwa\u0142e. Materia\u0142 najwy\u017cszej jako\u015bci jest \u015bwietnym zabezpieczeniem przed czynnikami atmosferycznymi takie jak za wysoka lub za niska temperatura, czy obfite opady deszczu i \u015bniegu. Kolejn\u0105 zalet\u0105 jest stosunkowo niska waga donic. Dzi\u0119ki temu mo\u017cna je przestawia\u0107 z miejsca na miejsce w ka\u017cdym momencie bez wi\u0119kszych problem\u00f3w.<\/p>\n<h2><strong>Trzeba cz\u0119sto przestawi\u0107 wype\u0142nion\u0105 donic\u0119? <\/strong><\/h2>\n<p>Donice z serii Mobile \u015bwietnie sprawdz\u0105 si\u0119 te\u017c na tarasie, balkonie czy podje\u017adzie. Dno donic jest wyposa\u017cone w otwory odp\u0142ywowe oraz konstrukcj\u0119 z k\u00f3\u0142kami, kt\u00f3re umo\u017cliwiaj\u0105 szybkie i proste przestawianie w inne miejsce. Donica na k\u00f3\u0142kach jest odporna na warunki atmosferyczne, nie ma te\u017c obawy, \u017ce zardzewieje, ani ulegnie zniszczeniu. Dodatkowym atutem jest specjalne ocieplanie warstw\u0105 styropianu o grubo\u015bci dw\u00f3ch centymetr\u00f3w. W przypadku u\u017cytku zewn\u0119trznego jest to znakomita ochrona dla ro\u015blin przed przemarzni\u0119ciem.<\/p>\n<p>Donice wykonane z aluminium s\u0105 bardzo ciekaw\u0105 propozycj\u0105 i idealn\u0105 inwestycj\u0105 na d\u0142ugie lata. Jest to po\u0142\u0105czenie klasyki i nowoczesno\u015bci, pasuj\u0105ce do ka\u017cdego typu przestrzeni.<\/p>\n","protected":false},"excerpt":{"rendered":"<p>Donica Ivo Mobile z aluminium. Produkowana we wszystkich kolorach palety RAL (w macie lub po\u0142ysku). Donica w standardzie produkowana jest z otworami odp\u0142ywowymi w dnie. Dzi\u0119ki zastosowaniu k\u00f3\u0142ek mo\u017cna bez problemu przestawi\u0107 donice w dowolne miejsce. Wymiary donicy: szeroko\u015b\u0107: 60cm, d\u0142ugo\u015b\u0107:60cm, wysoko\u015b\u0107:60cm<\/p>\n","protected":false},"featured_media":56629,"template":"","meta":{"_acf_changed":false},"product_brand":[],"product_cat":[219,116],"product_tag":[446,451],"class_list":{"0":"post-50985","1":"product","2":"type-product","3":"status-publish","4":"has-post-thumbnail","6":"product_cat-donice-na-kolkach","7":"product_cat-donice-z-aluminium","8":"product_tag-donice-aluminiowe","9":"product_tag-donice-wewnetrzne","10":"description-off","11":"tm-has-options","13":"first","14":"instock","15":"shipping-taxable","16":"purchasable","17":"product-type-simple"},"acf":[],"yoast_head":"<!-- This site is optimized with the Yoast SEO plugin v27.5 - https:\/\/yoast.com\/product\/yoast-seo-wordpress\/ -->\n<title>Donica na k\u00f3\u0142kach Ivo Mobile - ma\u0142a, zgrabna, mobilna<\/title>\n<meta name=\"description\" content=\"Jedn\u0105 z ciekawych propozycji jest aluminiowa donica na k\u00f3\u0142kach Ivo Mobile. Ma ona kszta\u0142t sze\u015bcianu o bokach d\u0142ugo\u015bci 60 cm.\" \/>\n<meta name=\"robots\" content=\"index, follow, max-snippet:-1, max-image-preview:large, max-video-preview:-1\" \/>\n<link rel=\"canonical\" href=\"https:\/\/worldofflowerpots.com\/sklep\/donica-na-kolkach-ivo-mobile\/\" \/>\n<meta property=\"og:locale\" content=\"pl_PL\" \/>\n<meta property=\"og:type\" content=\"article\" \/>\n<meta property=\"og:title\" content=\"Donica na k\u00f3\u0142kach Ivo Mobile - ma\u0142a, zgrabna, mobilna\" \/>\n<meta property=\"og:description\" content=\"Jedn\u0105 z ciekawych propozycji jest aluminiowa donica na k\u00f3\u0142kach Ivo Mobile. Ma ona kszta\u0142t sze\u015bcianu o bokach d\u0142ugo\u015bci 60 cm.\" \/>\n<meta property=\"og:url\" content=\"https:\/\/worldofflowerpots.com\/sklep\/donica-na-kolkach-ivo-mobile\/\" \/>\n<meta property=\"og:site_name\" content=\"World of Flowerpots\" \/>\n<meta property=\"article:modified_time\" content=\"2019-04-03T10:39:31+00:00\" \/>\n<meta property=\"og:image\" content=\"https:\/\/worldofflowerpots.com\/wp-content\/uploads\/2019\/01\/Donica-na-k\u00f3\u0142kach-Ivo-Mobile.jpg\" \/>\n\t<meta property=\"og:image:width\" content=\"4000\" \/>\n\t<meta property=\"og:image:height\" content=\"3000\" \/>\n\t<meta property=\"og:image:type\" content=\"image\/jpeg\" \/>\n<meta name=\"twitter:card\" content=\"summary_large_image\" \/>\n<meta name=\"twitter:label1\" content=\"Szacowany czas czytania\" \/>\n\t<meta name=\"twitter:data1\" content=\"2 minuty\" \/>\n<script type=\"application\/ld+json\" class=\"yoast-schema-graph\">{\"@context\":\"https:\\\/\\\/schema.org\",\"@graph\":[{\"@type\":\"WebPage\",\"@id\":\"https:\\\/\\\/worldofflowerpots.com\\\/sklep\\\/donica-na-kolkach-ivo-mobile\\\/\",\"url\":\"https:\\\/\\\/worldofflowerpots.com\\\/sklep\\\/donica-na-kolkach-ivo-mobile\\\/\",\"name\":\"Donica na k\u00f3\u0142kach Ivo Mobile - ma\u0142a, zgrabna, mobilna\",\"isPartOf\":{\"@id\":\"https:\\\/\\\/worldofflowerpots.com\\\/#website\"},\"primaryImageOfPage\":{\"@id\":\"https:\\\/\\\/worldofflowerpots.com\\\/sklep\\\/donica-na-kolkach-ivo-mobile\\\/#primaryimage\"},\"image\":{\"@id\":\"https:\\\/\\\/worldofflowerpots.com\\\/sklep\\\/donica-na-kolkach-ivo-mobile\\\/#primaryimage\"},\"thumbnailUrl\":\"https:\\\/\\\/worldofflowerpots.com\\\/wp-content\\\/uploads\\\/2019\\\/01\\\/Donica-na-k\u00f3\u0142kach-Ivo-Mobile.jpg\",\"datePublished\":\"2019-01-18T14:13:37+00:00\",\"dateModified\":\"2019-04-03T10:39:31+00:00\",\"description\":\"Jedn\u0105 z ciekawych propozycji jest aluminiowa donica na k\u00f3\u0142kach Ivo Mobile. Ma ona kszta\u0142t sze\u015bcianu o bokach d\u0142ugo\u015bci 60 cm.\",\"breadcrumb\":{\"@id\":\"https:\\\/\\\/worldofflowerpots.com\\\/sklep\\\/donica-na-kolkach-ivo-mobile\\\/#breadcrumb\"},\"inLanguage\":\"pl-PL\",\"potentialAction\":[{\"@type\":\"ReadAction\",\"target\":[\"https:\\\/\\\/worldofflowerpots.com\\\/sklep\\\/donica-na-kolkach-ivo-mobile\\\/\"]}]},{\"@type\":\"ImageObject\",\"inLanguage\":\"pl-PL\",\"@id\":\"https:\\\/\\\/worldofflowerpots.com\\\/sklep\\\/donica-na-kolkach-ivo-mobile\\\/#primaryimage\",\"url\":\"https:\\\/\\\/worldofflowerpots.com\\\/wp-content\\\/uploads\\\/2019\\\/01\\\/Donica-na-k\u00f3\u0142kach-Ivo-Mobile.jpg\",\"contentUrl\":\"https:\\\/\\\/worldofflowerpots.com\\\/wp-content\\\/uploads\\\/2019\\\/01\\\/Donica-na-k\u00f3\u0142kach-Ivo-Mobile.jpg\",\"width\":4000,\"height\":3000},{\"@type\":\"BreadcrumbList\",\"@id\":\"https:\\\/\\\/worldofflowerpots.com\\\/sklep\\\/donica-na-kolkach-ivo-mobile\\\/#breadcrumb\",\"itemListElement\":[{\"@type\":\"ListItem\",\"position\":1,\"name\":\"Strona g\u0142\u00f3wna\",\"item\":\"https:\\\/\\\/worldofflowerpots.com\\\/\"},{\"@type\":\"ListItem\",\"position\":2,\"name\":\"Sklep\",\"item\":\"https:\\\/\\\/worldofflowerpots.com\\\/sklep\\\/\"},{\"@type\":\"ListItem\",\"position\":3,\"name\":\"Donica na k\u00f3\u0142kach Ivo Mobile\"}]},{\"@type\":\"WebSite\",\"@id\":\"https:\\\/\\\/worldofflowerpots.com\\\/#website\",\"url\":\"https:\\\/\\\/worldofflowerpots.com\\\/\",\"name\":\"World of Flowerpots\",\"description\":\"producent donic ozdobnych\",\"potentialAction\":[{\"@type\":\"SearchAction\",\"target\":{\"@type\":\"EntryPoint\",\"urlTemplate\":\"https:\\\/\\\/worldofflowerpots.com\\\/?s={search_term_string}\"},\"query-input\":{\"@type\":\"PropertyValueSpecification\",\"valueRequired\":true,\"valueName\":\"search_term_string\"}}],\"inLanguage\":\"pl-PL\"}]}<\/script>\n<!-- \/ Yoast SEO plugin. -->","yoast_head_json":{"title":"Donica na k\u00f3\u0142kach Ivo Mobile - ma\u0142a, zgrabna, mobilna","description":"Jedn\u0105 z ciekawych propozycji jest aluminiowa donica na k\u00f3\u0142kach Ivo Mobile. Ma ona kszta\u0142t sze\u015bcianu o bokach d\u0142ugo\u015bci 60 cm.","robots":{"index":"index","follow":"follow","max-snippet":"max-snippet:-1","max-image-preview":"max-image-preview:large","max-video-preview":"max-video-preview:-1"},"canonical":"https:\/\/worldofflowerpots.com\/sklep\/donica-na-kolkach-ivo-mobile\/","og_locale":"pl_PL","og_type":"article","og_title":"Donica na k\u00f3\u0142kach Ivo Mobile - ma\u0142a, zgrabna, mobilna","og_description":"Jedn\u0105 z ciekawych propozycji jest aluminiowa donica na k\u00f3\u0142kach Ivo Mobile. Ma ona kszta\u0142t sze\u015bcianu o bokach d\u0142ugo\u015bci 60 cm.","og_url":"https:\/\/worldofflowerpots.com\/sklep\/donica-na-kolkach-ivo-mobile\/","og_site_name":"World of Flowerpots","article_modified_time":"2019-04-03T10:39:31+00:00","og_image":[{"width":4000,"height":3000,"url":"https:\/\/worldofflowerpots.com\/wp-content\/uploads\/2019\/01\/Donica-na-k\u00f3\u0142kach-Ivo-Mobile.jpg","type":"image\/jpeg"}],"twitter_card":"summary_large_image","twitter_misc":{"Szacowany czas czytania":"2 minuty"},"schema":{"@context":"https:\/\/schema.org","@graph":[{"@type":"WebPage","@id":"https:\/\/worldofflowerpots.com\/sklep\/donica-na-kolkach-ivo-mobile\/","url":"https:\/\/worldofflowerpots.com\/sklep\/donica-na-kolkach-ivo-mobile\/","name":"Donica na k\u00f3\u0142kach Ivo Mobile - ma\u0142a, zgrabna, mobilna","isPartOf":{"@id":"https:\/\/worldofflowerpots.com\/#website"},"primaryImageOfPage":{"@id":"https:\/\/worldofflowerpots.com\/sklep\/donica-na-kolkach-ivo-mobile\/#primaryimage"},"image":{"@id":"https:\/\/worldofflowerpots.com\/sklep\/donica-na-kolkach-ivo-mobile\/#primaryimage"},"thumbnailUrl":"https:\/\/worldofflowerpots.com\/wp-content\/uploads\/2019\/01\/Donica-na-k\u00f3\u0142kach-Ivo-Mobile.jpg","datePublished":"2019-01-18T14:13:37+00:00","dateModified":"2019-04-03T10:39:31+00:00","description":"Jedn\u0105 z ciekawych propozycji jest aluminiowa donica na k\u00f3\u0142kach Ivo Mobile. Ma ona kszta\u0142t sze\u015bcianu o bokach d\u0142ugo\u015bci 60 cm.","breadcrumb":{"@id":"https:\/\/worldofflowerpots.com\/sklep\/donica-na-kolkach-ivo-mobile\/#breadcrumb"},"inLanguage":"pl-PL","potentialAction":[{"@type":"ReadAction","target":["https:\/\/worldofflowerpots.com\/sklep\/donica-na-kolkach-ivo-mobile\/"]}]},{"@type":"ImageObject","inLanguage":"pl-PL","@id":"https:\/\/worldofflowerpots.com\/sklep\/donica-na-kolkach-ivo-mobile\/#primaryimage","url":"https:\/\/worldofflowerpots.com\/wp-content\/uploads\/2019\/01\/Donica-na-k\u00f3\u0142kach-Ivo-Mobile.jpg","contentUrl":"https:\/\/worldofflowerpots.com\/wp-content\/uploads\/2019\/01\/Donica-na-k\u00f3\u0142kach-Ivo-Mobile.jpg","width":4000,"height":3000},{"@type":"BreadcrumbList","@id":"https:\/\/worldofflowerpots.com\/sklep\/donica-na-kolkach-ivo-mobile\/#breadcrumb","itemListElement":[{"@type":"ListItem","position":1,"name":"Strona g\u0142\u00f3wna","item":"https:\/\/worldofflowerpots.com\/"},{"@type":"ListItem","position":2,"name":"Sklep","item":"https:\/\/worldofflowerpots.com\/sklep\/"},{"@type":"ListItem","position":3,"name":"Donica na k\u00f3\u0142kach Ivo Mobile"}]},{"@type":"WebSite","@id":"https:\/\/worldofflowerpots.com\/#website","url":"https:\/\/worldofflowerpots.com\/","name":"World of Flowerpots","description":"producent donic ozdobnych","potentialAction":[{"@type":"SearchAction","target":{"@type":"EntryPoint","urlTemplate":"https:\/\/worldofflowerpots.com\/?s={search_term_string}"},"query-input":{"@type":"PropertyValueSpecification","valueRequired":true,"valueName":"search_term_string"}}],"inLanguage":"pl-PL"}]}},"_links":{"self":[{"href":"https:\/\/worldofflowerpots.com\/pl\/wp-json\/wp\/v2\/product\/50985","targetHints":{"allow":["GET"]}}],"collection":[{"href":"https:\/\/worldofflowerpots.com\/pl\/wp-json\/wp\/v2\/product"}],"about":[{"href":"https:\/\/worldofflowerpots.com\/pl\/wp-json\/wp\/v2\/types\/product"}],"wp:featuredmedia":[{"embeddable":true,"href":"https:\/\/worldofflowerpots.com\/pl\/wp-json\/wp\/v2\/media\/56629"}],"wp:attachment":[{"href":"https:\/\/worldofflowerpots.com\/pl\/wp-json\/wp\/v2\/media?parent=50985"}],"wp:term":[{"taxonomy":"product_brand","embeddable":true,"href":"https:\/\/worldofflowerpots.com\/pl\/wp-json\/wp\/v2\/product_brand?post=50985"},{"taxonomy":"product_cat","embeddable":true,"href":"https:\/\/worldofflowerpots.com\/pl\/wp-json\/wp\/v2\/product_cat?post=50985"},{"taxonomy":"product_tag","embeddable":true,"href":"https:\/\/worldofflowerpots.com\/pl\/wp-json\/wp\/v2\/product_tag?post=50985"}],"curies":[{"name":"wp","href":"https:\/\/api.w.org\/{rel}","templated":true}]}}