{"id":50986,"date":"2019-01-18T15:13:37","date_gmt":"2019-01-18T14:13:37","guid":{"rendered":"https:\/\/worldofflowerpots.com\/product\/import-placeholder-for-543\/"},"modified":"2019-04-03T12:41:31","modified_gmt":"2019-04-03T10:41:31","slug":"prostokatna-donica-na-kolkach-fabio-mobile","status":"publish","type":"product","link":"https:\/\/worldofflowerpots.com\/pl\/sklep\/prostokatna-donica-na-kolkach-fabio-mobile\/","title":{"rendered":"Prostok\u0105tna donica na k\u00f3\u0142kach Fabio Mobile"},"content":{"rendered":"<h2>Stylowe aluminium do nowoczesnego wn\u0119trza i ogrodu<\/h2>\n<p>Decyduj\u0105c si\u0119 na zakup donicy do u\u017cytku zewn\u0119trznego z pewno\u015bci\u0105 \u015bwietnym wyborem b\u0119d\u0105 donice wykonane z aluminium. S\u0105 one bardzo popularne w\u015br\u00f3d os\u00f3b, kt\u00f3re lubi\u0105 zmienia\u0107 aran\u017cacje wok\u00f3\u0142 siebie. Donice aluminiowe to po\u0142\u0105czenie nowoczesnego wygl\u0105du z minimalistycznym kszta\u0142tem bez zb\u0119dnego przepychu i dodatkowych ozd\u00f3b. \u015awietnie wpisuj\u0105 si\u0119 one w wystr\u00f3j ka\u017cdego rodzaju ogrodu, stworz\u0105 niepowtarzalne efekty wizualne. Po\u0142\u0105czone i ustawione obok siebie donice z pewno\u015bci\u0105 w wyrazisty spos\u00f3b podkre\u015bl\u0105 wyj\u0105tkow\u0105 urod\u0119 ogrodu. Donice aluminiowe s\u0105 bardzo trwa\u0142e i wytrzyma\u0142e, dzi\u0119ki czemu nie straszna im jest niska temperatura, wilgo\u0107 i mrozy. Dodatkowym atutem jest to, \u017ce s\u0105 bardzo lekkie. Mo\u017cna je bezpiecznie przestawia\u0107 i tworzy\u0107 nowe kompozycje, zale\u017cnie od koncepcji. W donicach mo\u017cna sadzi\u0107 praktycznie wszystkie rodzaje ro\u015blin. \u015awietnie b\u0119d\u0105 wygl\u0105da\u0142y w nich zar\u00f3wno krzewy, jak i drzewka ozdobne, trawy, czy kwiaty. Warto zwr\u00f3ci\u0107 na to uwag\u0119 przy wyborze, poniewa\u017c barwa donicy wp\u0142ywa na wygl\u0105d poszczeg\u00f3lnych ro\u015blin.<\/p>\n<h2>Prostok\u0105t na k\u00f3\u0142kach<\/h2>\n<p>W naszej ofercie dost\u0119pne s\u0105 donice aluminiowe w wielu r\u00f3\u017cnych kszta\u0142tach i kolorach. \u015awietn\u0105 propozycj\u0105 jest prostok\u0105tna donice na k\u00f3\u0142kach Fabio Mobile. Jest ona bardzo du\u017ca o podstawie o wymiarach 80 cm na 100 cm i wysoko\u015bci 60 cm. Jest ona bardzo lekka, a dodatkowe zastosowanie k\u00f3\u0142ek pozwala bez \u017cadnego problemu przestawia\u0107 j\u0105 z miejsca na miejsce. Na dnie donicy znajduj\u0105 si\u0119 standardowe otwory odp\u0142ywowe. Warto wspomnie\u0107, \u017ce donice wykonane z aluminium \u015bwietnie si\u0119 sprawdzaj\u0105 nie tylko w ogrodach i tarasach, ale r\u00f3wnie\u017c wewn\u0105trz budynk\u00f3w. W po\u0142\u0105czeniu z ulubionymi ro\u015blinami stan\u0105 si\u0119 one niew\u0105tpliwe wspania\u0142ym wyko\u0144czeniem ka\u017cdego pomieszczenia. Prostok\u0105tna donica na k\u00f3\u0142kach Fabio Mobile jest dost\u0119pna w bardzo wielu kolorach w ramach palety RAL, zar\u00f3wno w po\u0142ysku jak i macie. Dlatego mo\u017cna j\u0105 idealnie dopasowa\u0107 do kolorystyki wn\u0119trza i rodzaju ro\u015blin, kt\u00f3re b\u0119d\u0105 w niej zasadzone.<\/p>\n<p>Donice aluminiowe r\u00f3wnie\u017c \u015bwietnie wygl\u0105daj\u0105 na drewnianych tarasach. Tworz\u0105 niepowtarzalny styl i nadaj\u0105 ka\u017cdej przestrzeni niebywa\u0142y charakter. Dodatkowo s\u0105 one odporne na warunki atmosferyczne, dlatego nie ma obawy, \u017ce si\u0119 zniszcz\u0105.<\/p>\n<p>Donice z aluminium to \u015bwietny wyb\u00f3r, pasuj\u0105cy do ka\u017cdej przestrzeni zewn\u0119trznej i wewn\u0119trznej.<\/p>\n","protected":false},"excerpt":{"rendered":"<p>Donica Fabio Mobile z aluminium. Produkowana we wszystkich kolorach palety RAL (w macie lub po\u0142ysku). Donica w standardzie produkowana jest z otworami odp\u0142ywowymi w dnie. Dzi\u0119ki zastosowaniu k\u00f3\u0142ek mo\u017cna bez problemu przestawi\u0107 donice w dowolne miejsce. Wymiary donicy: szeroko\u015b\u0107: 80cm, d\u0142ugo\u015b\u0107:100cm, wysoko\u015b\u0107:60cm.<\/p>\n","protected":false},"featured_media":56639,"template":"","meta":{"_acf_changed":false},"product_brand":[],"product_cat":[219,116],"product_tag":[446,451],"class_list":{"0":"post-50986","1":"product","2":"type-product","3":"status-publish","4":"has-post-thumbnail","6":"product_cat-donice-na-kolkach","7":"product_cat-donice-z-aluminium","8":"product_tag-donice-aluminiowe","9":"product_tag-donice-wewnetrzne","10":"description-off","11":"tm-has-options","13":"first","14":"instock","15":"shipping-taxable","16":"purchasable","17":"product-type-simple"},"acf":[],"yoast_head":"<!-- This site is optimized with the Yoast SEO plugin v27.5 - https:\/\/yoast.com\/product\/yoast-seo-wordpress\/ -->\n<title>Prostok\u0105tna donica na k\u00f3\u0142kach Fabio Mobile - do szybkiej zmiany aran\u017cacji<\/title>\n<meta name=\"description\" content=\"Prostok\u0105tna donica na k\u00f3\u0142kach Fabio Mobile jest dost\u0119pna w bardzo wielu kolorach w ramach palety RAL, zar\u00f3wno w po\u0142ysku jak i macie.\" \/>\n<meta name=\"robots\" content=\"index, follow, max-snippet:-1, max-image-preview:large, max-video-preview:-1\" \/>\n<link rel=\"canonical\" href=\"https:\/\/worldofflowerpots.com\/sklep\/prostokatna-donica-na-kolkach-fabio-mobile\/\" \/>\n<meta property=\"og:locale\" content=\"pl_PL\" \/>\n<meta property=\"og:type\" content=\"article\" \/>\n<meta property=\"og:title\" content=\"Prostok\u0105tna donica na k\u00f3\u0142kach Fabio Mobile - do szybkiej zmiany aran\u017cacji\" \/>\n<meta property=\"og:description\" content=\"Prostok\u0105tna donica na k\u00f3\u0142kach Fabio Mobile jest dost\u0119pna w bardzo wielu kolorach w ramach palety RAL, zar\u00f3wno w po\u0142ysku jak i macie.\" \/>\n<meta property=\"og:url\" content=\"https:\/\/worldofflowerpots.com\/sklep\/prostokatna-donica-na-kolkach-fabio-mobile\/\" \/>\n<meta property=\"og:site_name\" content=\"World of Flowerpots\" \/>\n<meta property=\"article:modified_time\" content=\"2019-04-03T10:41:31+00:00\" \/>\n<meta property=\"og:image\" content=\"https:\/\/worldofflowerpots.com\/wp-content\/uploads\/2019\/01\/Prostok\u0105tna-donica-na-k\u00f3\u0142kach-Fabio-Mobile.jpg\" \/>\n\t<meta property=\"og:image:width\" content=\"4000\" \/>\n\t<meta property=\"og:image:height\" content=\"3000\" \/>\n\t<meta property=\"og:image:type\" content=\"image\/jpeg\" \/>\n<meta name=\"twitter:card\" content=\"summary_large_image\" \/>\n<meta name=\"twitter:label1\" content=\"Szacowany czas czytania\" \/>\n\t<meta name=\"twitter:data1\" content=\"2 minuty\" \/>\n<script type=\"application\/ld+json\" class=\"yoast-schema-graph\">{\"@context\":\"https:\\\/\\\/schema.org\",\"@graph\":[{\"@type\":\"WebPage\",\"@id\":\"https:\\\/\\\/worldofflowerpots.com\\\/sklep\\\/prostokatna-donica-na-kolkach-fabio-mobile\\\/\",\"url\":\"https:\\\/\\\/worldofflowerpots.com\\\/sklep\\\/prostokatna-donica-na-kolkach-fabio-mobile\\\/\",\"name\":\"Prostok\u0105tna donica na k\u00f3\u0142kach Fabio Mobile - do szybkiej zmiany aran\u017cacji\",\"isPartOf\":{\"@id\":\"https:\\\/\\\/worldofflowerpots.com\\\/#website\"},\"primaryImageOfPage\":{\"@id\":\"https:\\\/\\\/worldofflowerpots.com\\\/sklep\\\/prostokatna-donica-na-kolkach-fabio-mobile\\\/#primaryimage\"},\"image\":{\"@id\":\"https:\\\/\\\/worldofflowerpots.com\\\/sklep\\\/prostokatna-donica-na-kolkach-fabio-mobile\\\/#primaryimage\"},\"thumbnailUrl\":\"https:\\\/\\\/worldofflowerpots.com\\\/wp-content\\\/uploads\\\/2019\\\/01\\\/Prostok\u0105tna-donica-na-k\u00f3\u0142kach-Fabio-Mobile.jpg\",\"datePublished\":\"2019-01-18T14:13:37+00:00\",\"dateModified\":\"2019-04-03T10:41:31+00:00\",\"description\":\"Prostok\u0105tna donica na k\u00f3\u0142kach Fabio Mobile jest dost\u0119pna w bardzo wielu kolorach w ramach palety RAL, zar\u00f3wno w po\u0142ysku jak i macie.\",\"breadcrumb\":{\"@id\":\"https:\\\/\\\/worldofflowerpots.com\\\/sklep\\\/prostokatna-donica-na-kolkach-fabio-mobile\\\/#breadcrumb\"},\"inLanguage\":\"pl-PL\",\"potentialAction\":[{\"@type\":\"ReadAction\",\"target\":[\"https:\\\/\\\/worldofflowerpots.com\\\/sklep\\\/prostokatna-donica-na-kolkach-fabio-mobile\\\/\"]}]},{\"@type\":\"ImageObject\",\"inLanguage\":\"pl-PL\",\"@id\":\"https:\\\/\\\/worldofflowerpots.com\\\/sklep\\\/prostokatna-donica-na-kolkach-fabio-mobile\\\/#primaryimage\",\"url\":\"https:\\\/\\\/worldofflowerpots.com\\\/wp-content\\\/uploads\\\/2019\\\/01\\\/Prostok\u0105tna-donica-na-k\u00f3\u0142kach-Fabio-Mobile.jpg\",\"contentUrl\":\"https:\\\/\\\/worldofflowerpots.com\\\/wp-content\\\/uploads\\\/2019\\\/01\\\/Prostok\u0105tna-donica-na-k\u00f3\u0142kach-Fabio-Mobile.jpg\",\"width\":4000,\"height\":3000},{\"@type\":\"BreadcrumbList\",\"@id\":\"https:\\\/\\\/worldofflowerpots.com\\\/sklep\\\/prostokatna-donica-na-kolkach-fabio-mobile\\\/#breadcrumb\",\"itemListElement\":[{\"@type\":\"ListItem\",\"position\":1,\"name\":\"Strona g\u0142\u00f3wna\",\"item\":\"https:\\\/\\\/worldofflowerpots.com\\\/\"},{\"@type\":\"ListItem\",\"position\":2,\"name\":\"Sklep\",\"item\":\"https:\\\/\\\/worldofflowerpots.com\\\/sklep\\\/\"},{\"@type\":\"ListItem\",\"position\":3,\"name\":\"Prostok\u0105tna donica na k\u00f3\u0142kach Fabio Mobile\"}]},{\"@type\":\"WebSite\",\"@id\":\"https:\\\/\\\/worldofflowerpots.com\\\/#website\",\"url\":\"https:\\\/\\\/worldofflowerpots.com\\\/\",\"name\":\"World of Flowerpots\",\"description\":\"producent donic ozdobnych\",\"potentialAction\":[{\"@type\":\"SearchAction\",\"target\":{\"@type\":\"EntryPoint\",\"urlTemplate\":\"https:\\\/\\\/worldofflowerpots.com\\\/?s={search_term_string}\"},\"query-input\":{\"@type\":\"PropertyValueSpecification\",\"valueRequired\":true,\"valueName\":\"search_term_string\"}}],\"inLanguage\":\"pl-PL\"}]}<\/script>\n<!-- \/ Yoast SEO plugin. -->","yoast_head_json":{"title":"Prostok\u0105tna donica na k\u00f3\u0142kach Fabio Mobile - do szybkiej zmiany aran\u017cacji","description":"Prostok\u0105tna donica na k\u00f3\u0142kach Fabio Mobile jest dost\u0119pna w bardzo wielu kolorach w ramach palety RAL, zar\u00f3wno w po\u0142ysku jak i macie.","robots":{"index":"index","follow":"follow","max-snippet":"max-snippet:-1","max-image-preview":"max-image-preview:large","max-video-preview":"max-video-preview:-1"},"canonical":"https:\/\/worldofflowerpots.com\/sklep\/prostokatna-donica-na-kolkach-fabio-mobile\/","og_locale":"pl_PL","og_type":"article","og_title":"Prostok\u0105tna donica na k\u00f3\u0142kach Fabio Mobile - do szybkiej zmiany aran\u017cacji","og_description":"Prostok\u0105tna donica na k\u00f3\u0142kach Fabio Mobile jest dost\u0119pna w bardzo wielu kolorach w ramach palety RAL, zar\u00f3wno w po\u0142ysku jak i macie.","og_url":"https:\/\/worldofflowerpots.com\/sklep\/prostokatna-donica-na-kolkach-fabio-mobile\/","og_site_name":"World of Flowerpots","article_modified_time":"2019-04-03T10:41:31+00:00","og_image":[{"width":4000,"height":3000,"url":"https:\/\/worldofflowerpots.com\/wp-content\/uploads\/2019\/01\/Prostok\u0105tna-donica-na-k\u00f3\u0142kach-Fabio-Mobile.jpg","type":"image\/jpeg"}],"twitter_card":"summary_large_image","twitter_misc":{"Szacowany czas czytania":"2 minuty"},"schema":{"@context":"https:\/\/schema.org","@graph":[{"@type":"WebPage","@id":"https:\/\/worldofflowerpots.com\/sklep\/prostokatna-donica-na-kolkach-fabio-mobile\/","url":"https:\/\/worldofflowerpots.com\/sklep\/prostokatna-donica-na-kolkach-fabio-mobile\/","name":"Prostok\u0105tna donica na k\u00f3\u0142kach Fabio Mobile - do szybkiej zmiany aran\u017cacji","isPartOf":{"@id":"https:\/\/worldofflowerpots.com\/#website"},"primaryImageOfPage":{"@id":"https:\/\/worldofflowerpots.com\/sklep\/prostokatna-donica-na-kolkach-fabio-mobile\/#primaryimage"},"image":{"@id":"https:\/\/worldofflowerpots.com\/sklep\/prostokatna-donica-na-kolkach-fabio-mobile\/#primaryimage"},"thumbnailUrl":"https:\/\/worldofflowerpots.com\/wp-content\/uploads\/2019\/01\/Prostok\u0105tna-donica-na-k\u00f3\u0142kach-Fabio-Mobile.jpg","datePublished":"2019-01-18T14:13:37+00:00","dateModified":"2019-04-03T10:41:31+00:00","description":"Prostok\u0105tna donica na k\u00f3\u0142kach Fabio Mobile jest dost\u0119pna w bardzo wielu kolorach w ramach palety RAL, zar\u00f3wno w po\u0142ysku jak i macie.","breadcrumb":{"@id":"https:\/\/worldofflowerpots.com\/sklep\/prostokatna-donica-na-kolkach-fabio-mobile\/#breadcrumb"},"inLanguage":"pl-PL","potentialAction":[{"@type":"ReadAction","target":["https:\/\/worldofflowerpots.com\/sklep\/prostokatna-donica-na-kolkach-fabio-mobile\/"]}]},{"@type":"ImageObject","inLanguage":"pl-PL","@id":"https:\/\/worldofflowerpots.com\/sklep\/prostokatna-donica-na-kolkach-fabio-mobile\/#primaryimage","url":"https:\/\/worldofflowerpots.com\/wp-content\/uploads\/2019\/01\/Prostok\u0105tna-donica-na-k\u00f3\u0142kach-Fabio-Mobile.jpg","contentUrl":"https:\/\/worldofflowerpots.com\/wp-content\/uploads\/2019\/01\/Prostok\u0105tna-donica-na-k\u00f3\u0142kach-Fabio-Mobile.jpg","width":4000,"height":3000},{"@type":"BreadcrumbList","@id":"https:\/\/worldofflowerpots.com\/sklep\/prostokatna-donica-na-kolkach-fabio-mobile\/#breadcrumb","itemListElement":[{"@type":"ListItem","position":1,"name":"Strona g\u0142\u00f3wna","item":"https:\/\/worldofflowerpots.com\/"},{"@type":"ListItem","position":2,"name":"Sklep","item":"https:\/\/worldofflowerpots.com\/sklep\/"},{"@type":"ListItem","position":3,"name":"Prostok\u0105tna donica na k\u00f3\u0142kach Fabio Mobile"}]},{"@type":"WebSite","@id":"https:\/\/worldofflowerpots.com\/#website","url":"https:\/\/worldofflowerpots.com\/","name":"World of Flowerpots","description":"producent donic ozdobnych","potentialAction":[{"@type":"SearchAction","target":{"@type":"EntryPoint","urlTemplate":"https:\/\/worldofflowerpots.com\/?s={search_term_string}"},"query-input":{"@type":"PropertyValueSpecification","valueRequired":true,"valueName":"search_term_string"}}],"inLanguage":"pl-PL"}]}},"_links":{"self":[{"href":"https:\/\/worldofflowerpots.com\/pl\/wp-json\/wp\/v2\/product\/50986","targetHints":{"allow":["GET"]}}],"collection":[{"href":"https:\/\/worldofflowerpots.com\/pl\/wp-json\/wp\/v2\/product"}],"about":[{"href":"https:\/\/worldofflowerpots.com\/pl\/wp-json\/wp\/v2\/types\/product"}],"wp:featuredmedia":[{"embeddable":true,"href":"https:\/\/worldofflowerpots.com\/pl\/wp-json\/wp\/v2\/media\/56639"}],"wp:attachment":[{"href":"https:\/\/worldofflowerpots.com\/pl\/wp-json\/wp\/v2\/media?parent=50986"}],"wp:term":[{"taxonomy":"product_brand","embeddable":true,"href":"https:\/\/worldofflowerpots.com\/pl\/wp-json\/wp\/v2\/product_brand?post=50986"},{"taxonomy":"product_cat","embeddable":true,"href":"https:\/\/worldofflowerpots.com\/pl\/wp-json\/wp\/v2\/product_cat?post=50986"},{"taxonomy":"product_tag","embeddable":true,"href":"https:\/\/worldofflowerpots.com\/pl\/wp-json\/wp\/v2\/product_tag?post=50986"}],"curies":[{"name":"wp","href":"https:\/\/api.w.org\/{rel}","templated":true}]}}