{"id":50987,"date":"2019-01-18T15:13:37","date_gmt":"2019-01-18T14:13:37","guid":{"rendered":"https:\/\/worldofflowerpots.com\/product\/import-placeholder-for-544\/"},"modified":"2019-04-03T14:29:23","modified_gmt":"2019-04-03T12:29:23","slug":"palenisko-metalowe-corten-fiamma","status":"publish","type":"product","link":"https:\/\/worldofflowerpots.com\/pl\/sklep\/palenisko-metalowe-corten-fiamma\/","title":{"rendered":"Palenisko metalowe &#8211; corten Fiamma"},"content":{"rendered":"<h2><strong>Twoje ognisko domowe<\/strong><\/h2>\n<p>Palenisko ogrodowe\u00a0ze stali cortenowskiej Fiamma to perfekcyjne rozwi\u0105zanie dla ka\u017cdego ogrodu. Jego niezwyk\u0142e cechy zapewniaj\u0105 przewag\u0119 funkcjonalno\u015bci nad tradycyjnym, murowanym paleniskiem ogrodowym. Oryginalna estetyka stali cortenowskiej uczyni z niego wa\u017cny element ma\u0142ej architektury. Dla ka\u017cdego, kto planuje aran\u017cacj\u0119 ogrodu z u\u017cyciem\u00a0element\u00f3w w z\u0142ocistobr\u0105zowym odcieniu, to po prostu niezb\u0119dne rozwi\u0105zanie. Je\u015bli tw\u00f3j ogr\u00f3d pozostanie w klasycznym, np. kamienno &#8211; drewnianym stylu,\u00a0palenisko ogrodowe\u00a0z cortenu\u00a0oka\u017ce si\u0119 \u015bwietnym kontrapunktem. Warto zacz\u0105\u0107 od niego planowanie tej cz\u0119\u015bci posesji, kt\u00f3ra podczas grillowania czy ogniska skupi domownik\u00f3w i go\u015bci. Z paleniskiem corten Fiamma s\u0142owa &#8222;ognisko domowe&#8221; mog\u0105 nabra\u0107 zupe\u0142nie nowego znaczenia.<\/p>\n<h2><strong>Funkcjonalno\u015b\u0107 i bezpiecze\u0144stwo przede wszystkim<\/strong><\/h2>\n<p>Corten to bardzo odporny na skrajne warunki atmosferyczne stop stali z udzia\u0142em niklu, fosforu miedzi i chromu. Jego urokliwy odcie\u0144, kojarz\u0105cy si\u0119 z rdzawym nalotem,\u00a0odpowiada za\u00a0\u00a0ochron\u0119 przed korozj\u0105 w stopniu przewy\u017cszaj\u0105cym stal kwasoodporn\u0105. W sumie daje to trwa\u0142o\u015b\u0107 na lata, kt\u00f3r\u0105 nie mo\u017ce si\u0119 pochwali\u0107\u00a0palenisko ogrodowe\u00a0z kamienia lub betonu. Zgrabna forma walca z g\u0142\u0119bok\u0105 mis\u0105 na paliwo i \u017car zapewniaj\u0105 wysokie bezpiecze\u0144stwo u\u017cytkowania. Uk\u0142ad ma\u0142ych otwor\u00f3w wewn\u0105trz misy i wi\u0119kszych na zewn\u0119trznej kraw\u0119dzi tworzy idealn\u0105 cyrkulacj\u0119 powietrza podczas spalania. Trzydziestocentymetrowy rant skutecznie zatrzyma kawa\u0142ki \u017carz\u0105cego si\u0119 drewna i w\u0119gle, kt\u00f3re mog\u0105 wytoczy\u0107 si\u0119 poza granic\u0119 paleniska. Konkretne wymiary &#8211; 120 cm \u015brednicy i 40 cm wysoko\u015bci to gwarancja solidno\u015bci.<\/p>\n<h2><strong>Palenisko bezobs\u0142ugowe<\/strong><\/h2>\n<p>By cieszy\u0107 si\u0119 widokiem bezpiecznego ognia w ogrodzie, wystarczy ustawi\u0107 palenisko na r\u00f3wnym i utwardzonym\u00a0pod\u0142o\u017cu. Ze wzgl\u0119d\u00f3w bezpiecze\u0144stwa i estetyki nie nadaje si\u0119 do tego kostka brukowa. Oczywi\u015bcie, nikt nie zwolni nas od obowi\u0105zk\u00f3w przy ruszcie lub utrzymywaniu ognia. Na szcz\u0119\u015bcie to jedyne obowi\u0105zki, jakie czekaj\u0105 u\u017cytkownika paleniska. Fiamma nie wymaga konserwacji i pos\u0142u\u017cy przez d\u0142ugie lata.<\/p>\n","protected":false},"excerpt":{"rendered":"<p>Palenisko wykonane jest z blachy corten. Palenisko\u00a0produkowane jest w standardzie z otworami zapewniaj\u0105cymi odpowiedni\u0105 cyrkulacj\u0119 powietrza. Waga paleniska to 102 kg, a wymiary: \u015brednica: 120 cm, Wysoko\u015b\u0107: 40 cm.<\/p>\n","protected":false},"featured_media":56869,"template":"","meta":{"_acf_changed":false},"product_brand":[],"product_cat":[141],"product_tag":[],"class_list":{"0":"post-50987","1":"product","2":"type-product","3":"status-publish","4":"has-post-thumbnail","6":"product_cat-paleniska-ze-stali-corten","7":"description-off","8":"tm-has-options","10":"first","11":"instock","12":"shipping-taxable","13":"purchasable","14":"product-type-simple"},"acf":[],"yoast_head":"<!-- This site is optimized with the Yoast SEO plugin v27.5 - https:\/\/yoast.com\/product\/yoast-seo-wordpress\/ -->\n<title>Palenisko Ogrodowe Fiamma - Nowe Znaczenie Ogniska Domowego<\/title>\n<meta name=\"description\" content=\"Palenisko ogrodowe ze stali cortenowskiej Fiamma to perfekcyjne rozwi\u0105zanie dla ka\u017cdego ogrodu. Fiamma nie wymaga konserwacji i pos\u0142u\u017cy przez d\u0142ugie lata.\" \/>\n<meta name=\"robots\" content=\"index, follow, max-snippet:-1, max-image-preview:large, max-video-preview:-1\" \/>\n<link rel=\"canonical\" href=\"https:\/\/worldofflowerpots.com\/sklep\/palenisko-metalowe-corten-fiamma\/\" \/>\n<meta property=\"og:locale\" content=\"pl_PL\" \/>\n<meta property=\"og:type\" content=\"article\" \/>\n<meta property=\"og:title\" content=\"Palenisko Ogrodowe Fiamma - Nowe Znaczenie Ogniska Domowego\" \/>\n<meta property=\"og:description\" content=\"Palenisko ogrodowe ze stali cortenowskiej Fiamma to perfekcyjne rozwi\u0105zanie dla ka\u017cdego ogrodu. Fiamma nie wymaga konserwacji i pos\u0142u\u017cy przez d\u0142ugie lata.\" \/>\n<meta property=\"og:url\" content=\"https:\/\/worldofflowerpots.com\/sklep\/palenisko-metalowe-corten-fiamma\/\" \/>\n<meta property=\"og:site_name\" content=\"World of Flowerpots\" \/>\n<meta property=\"article:modified_time\" content=\"2019-04-03T12:29:23+00:00\" \/>\n<meta property=\"og:image\" content=\"https:\/\/worldofflowerpots.com\/wp-content\/uploads\/2019\/01\/Palenisko-ogrodowe-Fiamma.jpg\" \/>\n\t<meta property=\"og:image:width\" content=\"1920\" \/>\n\t<meta property=\"og:image:height\" content=\"1080\" \/>\n\t<meta property=\"og:image:type\" content=\"image\/jpeg\" \/>\n<meta name=\"twitter:card\" content=\"summary_large_image\" \/>\n<meta name=\"twitter:label1\" content=\"Szacowany czas czytania\" \/>\n\t<meta name=\"twitter:data1\" content=\"2 minuty\" \/>\n<script type=\"application\/ld+json\" class=\"yoast-schema-graph\">{\"@context\":\"https:\\\/\\\/schema.org\",\"@graph\":[{\"@type\":\"WebPage\",\"@id\":\"https:\\\/\\\/worldofflowerpots.com\\\/sklep\\\/palenisko-metalowe-corten-fiamma\\\/\",\"url\":\"https:\\\/\\\/worldofflowerpots.com\\\/sklep\\\/palenisko-metalowe-corten-fiamma\\\/\",\"name\":\"Palenisko Ogrodowe Fiamma - Nowe Znaczenie Ogniska Domowego\",\"isPartOf\":{\"@id\":\"https:\\\/\\\/worldofflowerpots.com\\\/#website\"},\"primaryImageOfPage\":{\"@id\":\"https:\\\/\\\/worldofflowerpots.com\\\/sklep\\\/palenisko-metalowe-corten-fiamma\\\/#primaryimage\"},\"image\":{\"@id\":\"https:\\\/\\\/worldofflowerpots.com\\\/sklep\\\/palenisko-metalowe-corten-fiamma\\\/#primaryimage\"},\"thumbnailUrl\":\"https:\\\/\\\/worldofflowerpots.com\\\/wp-content\\\/uploads\\\/2019\\\/01\\\/Palenisko-ogrodowe-Fiamma.jpg\",\"datePublished\":\"2019-01-18T14:13:37+00:00\",\"dateModified\":\"2019-04-03T12:29:23+00:00\",\"description\":\"Palenisko ogrodowe ze stali cortenowskiej Fiamma to perfekcyjne rozwi\u0105zanie dla ka\u017cdego ogrodu. Fiamma nie wymaga konserwacji i pos\u0142u\u017cy przez d\u0142ugie lata.\",\"breadcrumb\":{\"@id\":\"https:\\\/\\\/worldofflowerpots.com\\\/sklep\\\/palenisko-metalowe-corten-fiamma\\\/#breadcrumb\"},\"inLanguage\":\"pl-PL\",\"potentialAction\":[{\"@type\":\"ReadAction\",\"target\":[\"https:\\\/\\\/worldofflowerpots.com\\\/sklep\\\/palenisko-metalowe-corten-fiamma\\\/\"]}]},{\"@type\":\"ImageObject\",\"inLanguage\":\"pl-PL\",\"@id\":\"https:\\\/\\\/worldofflowerpots.com\\\/sklep\\\/palenisko-metalowe-corten-fiamma\\\/#primaryimage\",\"url\":\"https:\\\/\\\/worldofflowerpots.com\\\/wp-content\\\/uploads\\\/2019\\\/01\\\/Palenisko-ogrodowe-Fiamma.jpg\",\"contentUrl\":\"https:\\\/\\\/worldofflowerpots.com\\\/wp-content\\\/uploads\\\/2019\\\/01\\\/Palenisko-ogrodowe-Fiamma.jpg\",\"width\":1920,\"height\":1080},{\"@type\":\"BreadcrumbList\",\"@id\":\"https:\\\/\\\/worldofflowerpots.com\\\/sklep\\\/palenisko-metalowe-corten-fiamma\\\/#breadcrumb\",\"itemListElement\":[{\"@type\":\"ListItem\",\"position\":1,\"name\":\"Strona g\u0142\u00f3wna\",\"item\":\"https:\\\/\\\/worldofflowerpots.com\\\/\"},{\"@type\":\"ListItem\",\"position\":2,\"name\":\"Sklep\",\"item\":\"https:\\\/\\\/worldofflowerpots.com\\\/sklep\\\/\"},{\"@type\":\"ListItem\",\"position\":3,\"name\":\"Palenisko metalowe &#8211; corten Fiamma\"}]},{\"@type\":\"WebSite\",\"@id\":\"https:\\\/\\\/worldofflowerpots.com\\\/#website\",\"url\":\"https:\\\/\\\/worldofflowerpots.com\\\/\",\"name\":\"World of Flowerpots\",\"description\":\"producent donic ozdobnych\",\"potentialAction\":[{\"@type\":\"SearchAction\",\"target\":{\"@type\":\"EntryPoint\",\"urlTemplate\":\"https:\\\/\\\/worldofflowerpots.com\\\/?s={search_term_string}\"},\"query-input\":{\"@type\":\"PropertyValueSpecification\",\"valueRequired\":true,\"valueName\":\"search_term_string\"}}],\"inLanguage\":\"pl-PL\"}]}<\/script>\n<!-- \/ Yoast SEO plugin. -->","yoast_head_json":{"title":"Palenisko Ogrodowe Fiamma - Nowe Znaczenie Ogniska Domowego","description":"Palenisko ogrodowe ze stali cortenowskiej Fiamma to perfekcyjne rozwi\u0105zanie dla ka\u017cdego ogrodu. Fiamma nie wymaga konserwacji i pos\u0142u\u017cy przez d\u0142ugie lata.","robots":{"index":"index","follow":"follow","max-snippet":"max-snippet:-1","max-image-preview":"max-image-preview:large","max-video-preview":"max-video-preview:-1"},"canonical":"https:\/\/worldofflowerpots.com\/sklep\/palenisko-metalowe-corten-fiamma\/","og_locale":"pl_PL","og_type":"article","og_title":"Palenisko Ogrodowe Fiamma - Nowe Znaczenie Ogniska Domowego","og_description":"Palenisko ogrodowe ze stali cortenowskiej Fiamma to perfekcyjne rozwi\u0105zanie dla ka\u017cdego ogrodu. Fiamma nie wymaga konserwacji i pos\u0142u\u017cy przez d\u0142ugie lata.","og_url":"https:\/\/worldofflowerpots.com\/sklep\/palenisko-metalowe-corten-fiamma\/","og_site_name":"World of Flowerpots","article_modified_time":"2019-04-03T12:29:23+00:00","og_image":[{"width":1920,"height":1080,"url":"https:\/\/worldofflowerpots.com\/wp-content\/uploads\/2019\/01\/Palenisko-ogrodowe-Fiamma.jpg","type":"image\/jpeg"}],"twitter_card":"summary_large_image","twitter_misc":{"Szacowany czas czytania":"2 minuty"},"schema":{"@context":"https:\/\/schema.org","@graph":[{"@type":"WebPage","@id":"https:\/\/worldofflowerpots.com\/sklep\/palenisko-metalowe-corten-fiamma\/","url":"https:\/\/worldofflowerpots.com\/sklep\/palenisko-metalowe-corten-fiamma\/","name":"Palenisko Ogrodowe Fiamma - Nowe Znaczenie Ogniska Domowego","isPartOf":{"@id":"https:\/\/worldofflowerpots.com\/#website"},"primaryImageOfPage":{"@id":"https:\/\/worldofflowerpots.com\/sklep\/palenisko-metalowe-corten-fiamma\/#primaryimage"},"image":{"@id":"https:\/\/worldofflowerpots.com\/sklep\/palenisko-metalowe-corten-fiamma\/#primaryimage"},"thumbnailUrl":"https:\/\/worldofflowerpots.com\/wp-content\/uploads\/2019\/01\/Palenisko-ogrodowe-Fiamma.jpg","datePublished":"2019-01-18T14:13:37+00:00","dateModified":"2019-04-03T12:29:23+00:00","description":"Palenisko ogrodowe ze stali cortenowskiej Fiamma to perfekcyjne rozwi\u0105zanie dla ka\u017cdego ogrodu. Fiamma nie wymaga konserwacji i pos\u0142u\u017cy przez d\u0142ugie lata.","breadcrumb":{"@id":"https:\/\/worldofflowerpots.com\/sklep\/palenisko-metalowe-corten-fiamma\/#breadcrumb"},"inLanguage":"pl-PL","potentialAction":[{"@type":"ReadAction","target":["https:\/\/worldofflowerpots.com\/sklep\/palenisko-metalowe-corten-fiamma\/"]}]},{"@type":"ImageObject","inLanguage":"pl-PL","@id":"https:\/\/worldofflowerpots.com\/sklep\/palenisko-metalowe-corten-fiamma\/#primaryimage","url":"https:\/\/worldofflowerpots.com\/wp-content\/uploads\/2019\/01\/Palenisko-ogrodowe-Fiamma.jpg","contentUrl":"https:\/\/worldofflowerpots.com\/wp-content\/uploads\/2019\/01\/Palenisko-ogrodowe-Fiamma.jpg","width":1920,"height":1080},{"@type":"BreadcrumbList","@id":"https:\/\/worldofflowerpots.com\/sklep\/palenisko-metalowe-corten-fiamma\/#breadcrumb","itemListElement":[{"@type":"ListItem","position":1,"name":"Strona g\u0142\u00f3wna","item":"https:\/\/worldofflowerpots.com\/"},{"@type":"ListItem","position":2,"name":"Sklep","item":"https:\/\/worldofflowerpots.com\/sklep\/"},{"@type":"ListItem","position":3,"name":"Palenisko metalowe &#8211; corten Fiamma"}]},{"@type":"WebSite","@id":"https:\/\/worldofflowerpots.com\/#website","url":"https:\/\/worldofflowerpots.com\/","name":"World of Flowerpots","description":"producent donic ozdobnych","potentialAction":[{"@type":"SearchAction","target":{"@type":"EntryPoint","urlTemplate":"https:\/\/worldofflowerpots.com\/?s={search_term_string}"},"query-input":{"@type":"PropertyValueSpecification","valueRequired":true,"valueName":"search_term_string"}}],"inLanguage":"pl-PL"}]}},"_links":{"self":[{"href":"https:\/\/worldofflowerpots.com\/pl\/wp-json\/wp\/v2\/product\/50987","targetHints":{"allow":["GET"]}}],"collection":[{"href":"https:\/\/worldofflowerpots.com\/pl\/wp-json\/wp\/v2\/product"}],"about":[{"href":"https:\/\/worldofflowerpots.com\/pl\/wp-json\/wp\/v2\/types\/product"}],"wp:featuredmedia":[{"embeddable":true,"href":"https:\/\/worldofflowerpots.com\/pl\/wp-json\/wp\/v2\/media\/56869"}],"wp:attachment":[{"href":"https:\/\/worldofflowerpots.com\/pl\/wp-json\/wp\/v2\/media?parent=50987"}],"wp:term":[{"taxonomy":"product_brand","embeddable":true,"href":"https:\/\/worldofflowerpots.com\/pl\/wp-json\/wp\/v2\/product_brand?post=50987"},{"taxonomy":"product_cat","embeddable":true,"href":"https:\/\/worldofflowerpots.com\/pl\/wp-json\/wp\/v2\/product_cat?post=50987"},{"taxonomy":"product_tag","embeddable":true,"href":"https:\/\/worldofflowerpots.com\/pl\/wp-json\/wp\/v2\/product_tag?post=50987"}],"curies":[{"name":"wp","href":"https:\/\/api.w.org\/{rel}","templated":true}]}}