{"id":55374,"date":"2019-03-13T11:16:07","date_gmt":"2019-03-13T10:16:07","guid":{"rendered":"https:\/\/worldofflowerpots.com\/?post_type=product&#038;p=55374"},"modified":"2019-04-03T14:21:34","modified_gmt":"2019-04-03T12:21:34","slug":"donice-tarasowe-duze-luca","status":"publish","type":"product","link":"https:\/\/worldofflowerpots.com\/pl\/sklep\/donice-tarasowe-duze-luca\/","title":{"rendered":"Donice tarasowe du\u017ce Luca"},"content":{"rendered":"<h2><strong>Donice tarasowe du\u017ce tak jak ich mo\u017cliwo\u015bci<\/strong><\/h2>\n<p>Donica wykonana jest z nowoczesnego materia\u0142u o bardzo dobrych w\u0142a\u015bciwo\u015bciach. Wykonane s\u0105 one jest z w\u0142\u00f3kna szklanego, pokrytego nast\u0119pnie mieszank\u0105 kwarcu i \u017cywicy akrylowej. Efektem takiego po\u0142\u0105czenia jest materia\u0142 o wygl\u0105dzie zbli\u017conym do betonu czy naturalnego kamienia. Taki efekt wizualny oraz same w\u0142a\u015bciwo\u015bci materia\u0142u stanowi\u0105 ciekaw\u0105 alternatyw\u0119 przy wyborze solidnych donic zewn\u0119trznych. Dzi\u0119ki zastosowaniu w\u0142\u00f3kna szklanego materia\u0142 ten sprawdzi si\u0119 w trudnych warunkach atmosferycznych przez ca\u0142y rok. Jest on odporny na dzia\u0142anie mrozu deszczu, nie ulega odbarwieniom pod wp\u0142ywem promieniowania UV. W razie powstania niewielkich uszkodze\u0144, \u0142atwo mo\u017cna je ukry\u0107, u\u017cywaj\u0105c dobrej jako\u015bciowo farby elewacyjnej. Za spraw\u0105 zastosowanego kwarcu rada ta mo\u017ce nie zd\u0105\u017cy\u0107 by\u0107 wykorzystana, gdy\u017c nadaje on powierzchni doskona\u0142ej wytrzyma\u0142o\u015bci na uszkodzenia. Jedyne co mo\u017ce by\u0107 gro\u017ane dla jej struktury to sta\u0142e pozostawanie donicy w wodzie. Mog\u0142oby to skutkowa\u0107 uszkodzeniem jej powierzchni.<\/p>\n<h2><strong>\u00a0<\/strong><strong>Aran\u017cacja w przestrzeni<\/strong><\/h2>\n<p>Donice Luca to d\u0142ugie pod\u0142u\u017cne, stosunkowo niskie opcje. Ich wymiary to\u00a0200 cm x 50 cm przy wysoko\u015bci 50 cm. Dzi\u0119ki takim gabarytom mo\u017cna stwierdzi\u0107, \u017ce s\u0105 to donice tarasowe du\u017ce. S\u0105 one za to stosunkowo lekkie co u\u0142atwia ich przestawianie, przed ustaleniem docelowej lokalizacji. Model ten \u015bwietnie sprawdzi si\u0119 jako mobilna bariera rozgraniczaj\u0105ca przestrze\u0144 tarasu lub ogrodu. Wydzielaj\u0105c przestrze\u0144 jednak nie zas\u0142aniaj\u0105c przy tym widoku. Mo\u017ce te\u017c stanowi\u0107 ciekawe rozwi\u0105zanie zagospodarowania niskiego tarasu z szerokimi schodami. Mo\u017cemy przyk\u0142adowo utworzy\u0107 w ten spos\u00f3b tarasowo r\u00f3\u017cne kompozycje ro\u015blinne, a dodatkowo b\u0119dzie stanowi\u0107 ciekaw\u0105 form\u0119 zabezpieczenie boku schod\u00f3w. Dzi\u0119ki znacznym rozmiarom donica nadaje si\u0119 do tworzenia barwnych wielokwiatowych zestawie\u0144 ro\u015blinnych lub po\u0142\u0105cze\u0144 ro\u015blin pn\u0105cych si\u0119 z mniejszymi krzewami. \u015awietnie sprawdzi si\u0119 te\u017c jako du\u017ca donica tarasowa tworz\u0105ca nasz podr\u0119czny zapas \u015bwie\u017cych zi\u00f3\u0142.<\/p>\n<h2><strong>Naturalna harmonia<\/strong><\/h2>\n<p>Wizualnie materia\u0142 posiada ciekaw\u0105 faktur\u0119 i \u015bwietnie wpisuje si\u0119 w naturalny krajobraz. Produkt dost\u0119pny jest w pi\u0119ciu jednolitych naturalnych stonowanych kolorach lub w jednym z dw\u00f3ch ciekawych wzor\u00f3w o jednym z czterech wybranych kolor\u00f3w. Pozwala to na dopasowanie donicy do naszych upodoba\u0144 oraz elewacji budynku lub innych element\u00f3w znajduj\u0105cych si\u0119 w otoczeniu. Jest to organiczna forma, kt\u00f3ra wpisze si\u0119 w naturalny klimat naszego ogrodu. \u015awietnie sprawdzi si\u0119 jako prze\u0142amanie stonowanego nowoczesnego stylu, ale b\u0119dzie te\u017c wsp\u00f3\u0142gra\u0107 z bardziej z\u0142o\u017conymi, r\u00f3\u017cnorodnymi aran\u017cacjami.<\/p>\n","protected":false},"excerpt":{"rendered":"<p>Donica Luca z w\u0142\u00f3kna szklanego pokrytego kwarcem i \u017cywic\u0105 akrylow\u0105. Wyst\u0119puje w pi\u0119ciu podstawowych jednolitych kolorach: bia\u0142ym, szarym, czarnym i dw\u00f3ch odcieniach br\u0105zu. Dost\u0119pna tak\u017ce w dw\u00f3ch wzorach w czterech wersjach kolorystycznych. Donica produkowana jest w standardzie z otworami odp\u0142ywowymi. Waga donicy to: 42 kg, a wymiary: d\u0142ugo\u015b\u0107: 200 cm, szeroko\u015b\u0107: 50 cm, wysoko\u015b\u0107: 50 cm.<\/p>\n","protected":false},"featured_media":56859,"template":"","meta":{"_acf_changed":false},"product_brand":[],"product_cat":[385],"product_tag":[444,447,451],"class_list":{"0":"post-55374","1":"product","2":"type-product","3":"status-publish","4":"has-post-thumbnail","6":"product_cat-donice-stone","7":"product_tag-donice-ogrodowe","8":"product_tag-donice-tarasowe","9":"product_tag-donice-wewnetrzne","10":"description-off","11":"tm-has-options","13":"first","14":"instock","15":"shipping-taxable","16":"purchasable","17":"product-type-simple"},"acf":[],"yoast_head":"<!-- This site is optimized with the Yoast SEO plugin v27.5 - https:\/\/yoast.com\/product\/yoast-seo-wordpress\/ -->\n<title>Donice tarasowe du\u017ce Luca Stone - Du\u017ce, lekkie i wytrzyma\u0142e<\/title>\n<meta name=\"description\" content=\"Donice tarasowe du\u017ce zapewni\u0105 ro\u015blinom odpowiednie oparcie i b\u0119d\u0105 \u015bwietnie wygl\u0105da\u0107 w ka\u017cdej scenerii. S\u0105 lekkie i niezwylke wytrzyma\u0142e\" \/>\n<meta name=\"robots\" content=\"index, follow, max-snippet:-1, max-image-preview:large, max-video-preview:-1\" \/>\n<link rel=\"canonical\" href=\"https:\/\/worldofflowerpots.com\/sklep\/donice-tarasowe-duze-luca\/\" \/>\n<meta property=\"og:locale\" content=\"pl_PL\" \/>\n<meta property=\"og:type\" content=\"article\" \/>\n<meta property=\"og:title\" content=\"Donice tarasowe du\u017ce Luca Stone - Du\u017ce, lekkie i wytrzyma\u0142e\" \/>\n<meta property=\"og:description\" content=\"Donice tarasowe du\u017ce zapewni\u0105 ro\u015blinom odpowiednie oparcie i b\u0119d\u0105 \u015bwietnie wygl\u0105da\u0107 w ka\u017cdej scenerii. S\u0105 lekkie i niezwylke wytrzyma\u0142e\" \/>\n<meta property=\"og:url\" content=\"https:\/\/worldofflowerpots.com\/sklep\/donice-tarasowe-duze-luca\/\" \/>\n<meta property=\"og:site_name\" content=\"World of Flowerpots\" \/>\n<meta property=\"article:modified_time\" content=\"2019-04-03T12:21:34+00:00\" \/>\n<meta property=\"og:image\" content=\"https:\/\/worldofflowerpots.com\/wp-content\/uploads\/2019\/03\/donice-tarasowe-du\u017ce-Luca.jpg\" \/>\n\t<meta property=\"og:image:width\" content=\"2280\" \/>\n\t<meta property=\"og:image:height\" content=\"1612\" \/>\n\t<meta property=\"og:image:type\" content=\"image\/jpeg\" \/>\n<meta name=\"twitter:card\" content=\"summary_large_image\" \/>\n<meta name=\"twitter:label1\" content=\"Szacowany czas czytania\" \/>\n\t<meta name=\"twitter:data1\" content=\"2 minuty\" \/>\n<script type=\"application\/ld+json\" class=\"yoast-schema-graph\">{\"@context\":\"https:\\\/\\\/schema.org\",\"@graph\":[{\"@type\":\"WebPage\",\"@id\":\"https:\\\/\\\/worldofflowerpots.com\\\/sklep\\\/donice-tarasowe-duze-luca\\\/\",\"url\":\"https:\\\/\\\/worldofflowerpots.com\\\/sklep\\\/donice-tarasowe-duze-luca\\\/\",\"name\":\"Donice tarasowe du\u017ce Luca Stone - Du\u017ce, lekkie i wytrzyma\u0142e\",\"isPartOf\":{\"@id\":\"https:\\\/\\\/worldofflowerpots.com\\\/#website\"},\"primaryImageOfPage\":{\"@id\":\"https:\\\/\\\/worldofflowerpots.com\\\/sklep\\\/donice-tarasowe-duze-luca\\\/#primaryimage\"},\"image\":{\"@id\":\"https:\\\/\\\/worldofflowerpots.com\\\/sklep\\\/donice-tarasowe-duze-luca\\\/#primaryimage\"},\"thumbnailUrl\":\"https:\\\/\\\/worldofflowerpots.com\\\/wp-content\\\/uploads\\\/2019\\\/03\\\/donice-tarasowe-du\u017ce-Luca.jpg\",\"datePublished\":\"2019-03-13T10:16:07+00:00\",\"dateModified\":\"2019-04-03T12:21:34+00:00\",\"description\":\"Donice tarasowe du\u017ce zapewni\u0105 ro\u015blinom odpowiednie oparcie i b\u0119d\u0105 \u015bwietnie wygl\u0105da\u0107 w ka\u017cdej scenerii. S\u0105 lekkie i niezwylke wytrzyma\u0142e\",\"breadcrumb\":{\"@id\":\"https:\\\/\\\/worldofflowerpots.com\\\/sklep\\\/donice-tarasowe-duze-luca\\\/#breadcrumb\"},\"inLanguage\":\"pl-PL\",\"potentialAction\":[{\"@type\":\"ReadAction\",\"target\":[\"https:\\\/\\\/worldofflowerpots.com\\\/sklep\\\/donice-tarasowe-duze-luca\\\/\"]}]},{\"@type\":\"ImageObject\",\"inLanguage\":\"pl-PL\",\"@id\":\"https:\\\/\\\/worldofflowerpots.com\\\/sklep\\\/donice-tarasowe-duze-luca\\\/#primaryimage\",\"url\":\"https:\\\/\\\/worldofflowerpots.com\\\/wp-content\\\/uploads\\\/2019\\\/03\\\/donice-tarasowe-du\u017ce-Luca.jpg\",\"contentUrl\":\"https:\\\/\\\/worldofflowerpots.com\\\/wp-content\\\/uploads\\\/2019\\\/03\\\/donice-tarasowe-du\u017ce-Luca.jpg\",\"width\":2280,\"height\":1612},{\"@type\":\"BreadcrumbList\",\"@id\":\"https:\\\/\\\/worldofflowerpots.com\\\/sklep\\\/donice-tarasowe-duze-luca\\\/#breadcrumb\",\"itemListElement\":[{\"@type\":\"ListItem\",\"position\":1,\"name\":\"Strona g\u0142\u00f3wna\",\"item\":\"https:\\\/\\\/worldofflowerpots.com\\\/\"},{\"@type\":\"ListItem\",\"position\":2,\"name\":\"Sklep\",\"item\":\"https:\\\/\\\/worldofflowerpots.com\\\/sklep\\\/\"},{\"@type\":\"ListItem\",\"position\":3,\"name\":\"Donice tarasowe du\u017ce Luca\"}]},{\"@type\":\"WebSite\",\"@id\":\"https:\\\/\\\/worldofflowerpots.com\\\/#website\",\"url\":\"https:\\\/\\\/worldofflowerpots.com\\\/\",\"name\":\"World of Flowerpots\",\"description\":\"producent donic ozdobnych\",\"potentialAction\":[{\"@type\":\"SearchAction\",\"target\":{\"@type\":\"EntryPoint\",\"urlTemplate\":\"https:\\\/\\\/worldofflowerpots.com\\\/?s={search_term_string}\"},\"query-input\":{\"@type\":\"PropertyValueSpecification\",\"valueRequired\":true,\"valueName\":\"search_term_string\"}}],\"inLanguage\":\"pl-PL\"}]}<\/script>\n<!-- \/ Yoast SEO plugin. -->","yoast_head_json":{"title":"Donice tarasowe du\u017ce Luca Stone - Du\u017ce, lekkie i wytrzyma\u0142e","description":"Donice tarasowe du\u017ce zapewni\u0105 ro\u015blinom odpowiednie oparcie i b\u0119d\u0105 \u015bwietnie wygl\u0105da\u0107 w ka\u017cdej scenerii. S\u0105 lekkie i niezwylke wytrzyma\u0142e","robots":{"index":"index","follow":"follow","max-snippet":"max-snippet:-1","max-image-preview":"max-image-preview:large","max-video-preview":"max-video-preview:-1"},"canonical":"https:\/\/worldofflowerpots.com\/sklep\/donice-tarasowe-duze-luca\/","og_locale":"pl_PL","og_type":"article","og_title":"Donice tarasowe du\u017ce Luca Stone - Du\u017ce, lekkie i wytrzyma\u0142e","og_description":"Donice tarasowe du\u017ce zapewni\u0105 ro\u015blinom odpowiednie oparcie i b\u0119d\u0105 \u015bwietnie wygl\u0105da\u0107 w ka\u017cdej scenerii. S\u0105 lekkie i niezwylke wytrzyma\u0142e","og_url":"https:\/\/worldofflowerpots.com\/sklep\/donice-tarasowe-duze-luca\/","og_site_name":"World of Flowerpots","article_modified_time":"2019-04-03T12:21:34+00:00","og_image":[{"width":2280,"height":1612,"url":"https:\/\/worldofflowerpots.com\/wp-content\/uploads\/2019\/03\/donice-tarasowe-du\u017ce-Luca.jpg","type":"image\/jpeg"}],"twitter_card":"summary_large_image","twitter_misc":{"Szacowany czas czytania":"2 minuty"},"schema":{"@context":"https:\/\/schema.org","@graph":[{"@type":"WebPage","@id":"https:\/\/worldofflowerpots.com\/sklep\/donice-tarasowe-duze-luca\/","url":"https:\/\/worldofflowerpots.com\/sklep\/donice-tarasowe-duze-luca\/","name":"Donice tarasowe du\u017ce Luca Stone - Du\u017ce, lekkie i wytrzyma\u0142e","isPartOf":{"@id":"https:\/\/worldofflowerpots.com\/#website"},"primaryImageOfPage":{"@id":"https:\/\/worldofflowerpots.com\/sklep\/donice-tarasowe-duze-luca\/#primaryimage"},"image":{"@id":"https:\/\/worldofflowerpots.com\/sklep\/donice-tarasowe-duze-luca\/#primaryimage"},"thumbnailUrl":"https:\/\/worldofflowerpots.com\/wp-content\/uploads\/2019\/03\/donice-tarasowe-du\u017ce-Luca.jpg","datePublished":"2019-03-13T10:16:07+00:00","dateModified":"2019-04-03T12:21:34+00:00","description":"Donice tarasowe du\u017ce zapewni\u0105 ro\u015blinom odpowiednie oparcie i b\u0119d\u0105 \u015bwietnie wygl\u0105da\u0107 w ka\u017cdej scenerii. S\u0105 lekkie i niezwylke wytrzyma\u0142e","breadcrumb":{"@id":"https:\/\/worldofflowerpots.com\/sklep\/donice-tarasowe-duze-luca\/#breadcrumb"},"inLanguage":"pl-PL","potentialAction":[{"@type":"ReadAction","target":["https:\/\/worldofflowerpots.com\/sklep\/donice-tarasowe-duze-luca\/"]}]},{"@type":"ImageObject","inLanguage":"pl-PL","@id":"https:\/\/worldofflowerpots.com\/sklep\/donice-tarasowe-duze-luca\/#primaryimage","url":"https:\/\/worldofflowerpots.com\/wp-content\/uploads\/2019\/03\/donice-tarasowe-du\u017ce-Luca.jpg","contentUrl":"https:\/\/worldofflowerpots.com\/wp-content\/uploads\/2019\/03\/donice-tarasowe-du\u017ce-Luca.jpg","width":2280,"height":1612},{"@type":"BreadcrumbList","@id":"https:\/\/worldofflowerpots.com\/sklep\/donice-tarasowe-duze-luca\/#breadcrumb","itemListElement":[{"@type":"ListItem","position":1,"name":"Strona g\u0142\u00f3wna","item":"https:\/\/worldofflowerpots.com\/"},{"@type":"ListItem","position":2,"name":"Sklep","item":"https:\/\/worldofflowerpots.com\/sklep\/"},{"@type":"ListItem","position":3,"name":"Donice tarasowe du\u017ce Luca"}]},{"@type":"WebSite","@id":"https:\/\/worldofflowerpots.com\/#website","url":"https:\/\/worldofflowerpots.com\/","name":"World of Flowerpots","description":"producent donic ozdobnych","potentialAction":[{"@type":"SearchAction","target":{"@type":"EntryPoint","urlTemplate":"https:\/\/worldofflowerpots.com\/?s={search_term_string}"},"query-input":{"@type":"PropertyValueSpecification","valueRequired":true,"valueName":"search_term_string"}}],"inLanguage":"pl-PL"}]}},"_links":{"self":[{"href":"https:\/\/worldofflowerpots.com\/pl\/wp-json\/wp\/v2\/product\/55374","targetHints":{"allow":["GET"]}}],"collection":[{"href":"https:\/\/worldofflowerpots.com\/pl\/wp-json\/wp\/v2\/product"}],"about":[{"href":"https:\/\/worldofflowerpots.com\/pl\/wp-json\/wp\/v2\/types\/product"}],"wp:featuredmedia":[{"embeddable":true,"href":"https:\/\/worldofflowerpots.com\/pl\/wp-json\/wp\/v2\/media\/56859"}],"wp:attachment":[{"href":"https:\/\/worldofflowerpots.com\/pl\/wp-json\/wp\/v2\/media?parent=55374"}],"wp:term":[{"taxonomy":"product_brand","embeddable":true,"href":"https:\/\/worldofflowerpots.com\/pl\/wp-json\/wp\/v2\/product_brand?post=55374"},{"taxonomy":"product_cat","embeddable":true,"href":"https:\/\/worldofflowerpots.com\/pl\/wp-json\/wp\/v2\/product_cat?post=55374"},{"taxonomy":"product_tag","embeddable":true,"href":"https:\/\/worldofflowerpots.com\/pl\/wp-json\/wp\/v2\/product_tag?post=55374"}],"curies":[{"name":"wp","href":"https:\/\/api.w.org\/{rel}","templated":true}]}}