{"id":55491,"date":"2019-03-13T11:45:55","date_gmt":"2019-03-13T10:45:55","guid":{"rendered":"https:\/\/worldofflowerpots.com\/?post_type=product&#038;p=55491"},"modified":"2019-04-03T14:16:09","modified_gmt":"2019-04-03T12:16:09","slug":"doniczki-duze-do-wnetrz-bruno","status":"publish","type":"product","link":"https:\/\/worldofflowerpots.com\/pl\/sklep\/doniczki-duze-do-wnetrz-bruno\/","title":{"rendered":"Doniczki du\u017ce do wn\u0119trz Bruno"},"content":{"rendered":"<h2>Ro\u015bliny w projekcie wn\u0119trza<\/h2>\n<p>O stylu, jako\u015bci i elegancji wn\u0119trza decyduj\u0105 nawet niepozorne detale. Wchodz\u0105c do pomieszczenia, niezale\u017cnie od tego, czy jest ono du\u017ce, czy ma\u0142e, zwykle nasz\u0105 uwag\u0119 na pocz\u0105tku skupia kolor \u015bcian, rodzaj mebli oraz materia\u0142, z kt\u00f3rego wykonana jest pod\u0142oga. Architekci wn\u0119trz oraz projektanci coraz cz\u0119\u015bciej zwracaj\u0105 uwag\u0119 i podkre\u015blaj\u0105, jak wa\u017cne s\u0105 detale. Podkre\u015blaj\u0105 one wszystkie komponenty wn\u0119trza, a odpowiednio dobrane powoduj\u0105, \u017ce\u00a0ca\u0142o\u015b\u0107 nabiera kszta\u0142tu i si\u0119 ze sob\u0105 komponuje. Dotyczy to na poz\u00f3r nieistotnych element\u00f3w takich jak drzwi, okna, albo nawet parapety i balustrady. Co ciekawe wsp\u00f3\u0142cze\u015bnie istnieje trend, zgodnie z kt\u00f3rym coraz cz\u0119\u015bciej podkre\u015bla si\u0119 rol\u0119 bujnej zieleni w naszych pokojach. Powinna by\u0107 ona traktowana jak komponent naszego wystroju, co zwi\u0105zane jest tak\u017ce z odpowiedni\u0105 donic\u0105 dostosowan\u0105 do rodzaju ro\u015bliny oraz samego wn\u0119trza pomieszczenia. Do ich uprawy niezb\u0119dne s\u0105 doniczki du\u017ce do wn\u0119trz.<\/p>\n<h2><strong>Donica du\u017ca i zgrabna<\/strong><\/h2>\n<p>Z ca\u0142\u0105 pewno\u015bci\u0105 ro\u015bliny nadaj\u0105 si\u0119 niemal do ka\u017cdego rodzaju pomieszcze\u0144, ale najtrudniej jest umeblowa\u0107 du\u017ce pomieszczenia. Wtedy niezb\u0119dne s\u0105 doniczki du\u017ce do wn\u0119trz np. donica Bruno z serii Stone. Przy wyborze donicy Bruno warto zwr\u00f3ci\u0107 uwag\u0119 na unikatowy materia\u0142, z kt\u00f3rego jest wykonana. Jej wn\u0119trze wykonywane jest z w\u0142\u00f3kna szklanego, a pow\u0142oka zewn\u0119trzna kwarcu oraz \u017cywicy akrylowej. Taka mieszanka powoduje, \u017ce do z\u0142udzenia przypomina naturalny kamie\u0144 lub beton, zachowuj\u0105c przy tym naturalny wygl\u0105d. Dodatkowo donica Bruno dost\u0119pna jest w 5 jednolitych kolorach oraz dw\u00f3ch wzorach w 4 kolorach, co u\u0142atwi nam urz\u0105dzenie pomieszczenia.<\/p>\n<p>Opr\u00f3cz walor\u00f3w estetycznych wa\u017cne s\u0105 tak\u017ce praktyczne zalety materia\u0142u. Wspomniana wy\u017cej mieszanka i powsta\u0142e z niej donice s\u0105 bardzo lekkie. Jednocze\u015bnie s\u0105 odporne na niekorzystne warunki atmosferyczne i uszkodzenia mechaniczne. Materia\u0142 wykorzystany do produkcji donicy sprawi, \u017ce nie ulegnie negatywnym skutkom ekspozycji na promienie UV. W zwi\u0105zku z tym donica nie wyblaknie, zachowuj\u0105c swoje w\u0142a\u015bciwo\u015bci wizualne. Gabaryty prezentowanej donicy bez problemu nadaj\u0105 si\u0119 do du\u017cych wn\u0119trz. Doniczki du\u017ce do wn\u0119trz podkre\u015blaj\u0105 wielko\u015b\u0107 pomieszczenia, w kt\u00f3rym je postawimy. Sprawi to, \u017ce pomieszczenie optycznie stanie si\u0119 dla nas wi\u0119ksze, a na go\u015bciach sprawi niezwyk\u0142e wra\u017cenie.<\/p>\n","protected":false},"excerpt":{"rendered":"<p>Donica Bruno z w\u0142\u00f3kna szklanego pokrytego kwarcem i \u017cywic\u0105 akrylow\u0105. Wyst\u0119puje w pi\u0119ciu podstawowych jednolitych kolorach: bia\u0142ym, szarym, czarnym i dw\u00f3ch odcieniach br\u0105zu. Dost\u0119pna tak\u017ce w dw\u00f3ch wzorach w czterech wersjach kolorystycznych. Donica produkowana jest w standardzie z otworami odp\u0142ywowymi. Waga donicy to: 37,5 kg, a wymiary: d\u0142ugo\u015b\u0107: 150 cm, szeroko\u015b\u0107: 50 cm, wysoko\u015b\u0107: 50 cm.<\/p>\n","protected":false},"featured_media":56849,"template":"","meta":{"_acf_changed":false},"product_brand":[],"product_cat":[385],"product_tag":[444,447,451],"class_list":{"0":"post-55491","1":"product","2":"type-product","3":"status-publish","4":"has-post-thumbnail","6":"product_cat-donice-stone","7":"product_tag-donice-ogrodowe","8":"product_tag-donice-tarasowe","9":"product_tag-donice-wewnetrzne","10":"description-off","11":"tm-has-options","13":"first","14":"instock","15":"shipping-taxable","16":"purchasable","17":"product-type-simple"},"acf":[],"yoast_head":"<!-- This site is optimized with the Yoast SEO plugin v27.5 - https:\/\/yoast.com\/product\/yoast-seo-wordpress\/ -->\n<title>Doniczki du\u017ce do wn\u0119trz Bruno - Jednolite lub wzorzyste<\/title>\n<meta name=\"description\" content=\"Doniczki du\u017ce do wn\u0119trz podkre\u015blaj\u0105 wielko\u015b\u0107 pomieszczenia, w kt\u00f3rym je postawimy. Donice Stone s\u0105 lekkie i super wytrzyma\u0142e.\" \/>\n<meta name=\"robots\" content=\"index, follow, max-snippet:-1, max-image-preview:large, max-video-preview:-1\" \/>\n<link rel=\"canonical\" href=\"https:\/\/worldofflowerpots.com\/sklep\/doniczki-duze-do-wnetrz-bruno\/\" \/>\n<meta property=\"og:locale\" content=\"pl_PL\" \/>\n<meta property=\"og:type\" content=\"article\" \/>\n<meta property=\"og:title\" content=\"Doniczki du\u017ce do wn\u0119trz Bruno - Jednolite lub wzorzyste\" \/>\n<meta property=\"og:description\" content=\"Doniczki du\u017ce do wn\u0119trz podkre\u015blaj\u0105 wielko\u015b\u0107 pomieszczenia, w kt\u00f3rym je postawimy. Donice Stone s\u0105 lekkie i super wytrzyma\u0142e.\" \/>\n<meta property=\"og:url\" content=\"https:\/\/worldofflowerpots.com\/sklep\/doniczki-duze-do-wnetrz-bruno\/\" \/>\n<meta property=\"og:site_name\" content=\"World of Flowerpots\" \/>\n<meta property=\"article:modified_time\" content=\"2019-04-03T12:16:09+00:00\" \/>\n<meta property=\"og:image\" content=\"https:\/\/worldofflowerpots.com\/wp-content\/uploads\/2019\/03\/doniczki-du\u017ce-do-wn\u0119trz-Bruno.jpg\" \/>\n\t<meta property=\"og:image:width\" content=\"2280\" \/>\n\t<meta property=\"og:image:height\" content=\"1612\" \/>\n\t<meta property=\"og:image:type\" content=\"image\/jpeg\" \/>\n<meta name=\"twitter:card\" content=\"summary_large_image\" \/>\n<meta name=\"twitter:label1\" content=\"Szacowany czas czytania\" \/>\n\t<meta name=\"twitter:data1\" content=\"2 minuty\" \/>\n<script type=\"application\/ld+json\" class=\"yoast-schema-graph\">{\"@context\":\"https:\\\/\\\/schema.org\",\"@graph\":[{\"@type\":\"WebPage\",\"@id\":\"https:\\\/\\\/worldofflowerpots.com\\\/sklep\\\/doniczki-duze-do-wnetrz-bruno\\\/\",\"url\":\"https:\\\/\\\/worldofflowerpots.com\\\/sklep\\\/doniczki-duze-do-wnetrz-bruno\\\/\",\"name\":\"Doniczki du\u017ce do wn\u0119trz Bruno - Jednolite lub wzorzyste\",\"isPartOf\":{\"@id\":\"https:\\\/\\\/worldofflowerpots.com\\\/#website\"},\"primaryImageOfPage\":{\"@id\":\"https:\\\/\\\/worldofflowerpots.com\\\/sklep\\\/doniczki-duze-do-wnetrz-bruno\\\/#primaryimage\"},\"image\":{\"@id\":\"https:\\\/\\\/worldofflowerpots.com\\\/sklep\\\/doniczki-duze-do-wnetrz-bruno\\\/#primaryimage\"},\"thumbnailUrl\":\"https:\\\/\\\/worldofflowerpots.com\\\/wp-content\\\/uploads\\\/2019\\\/03\\\/doniczki-du\u017ce-do-wn\u0119trz-Bruno.jpg\",\"datePublished\":\"2019-03-13T10:45:55+00:00\",\"dateModified\":\"2019-04-03T12:16:09+00:00\",\"description\":\"Doniczki du\u017ce do wn\u0119trz podkre\u015blaj\u0105 wielko\u015b\u0107 pomieszczenia, w kt\u00f3rym je postawimy. Donice Stone s\u0105 lekkie i super wytrzyma\u0142e.\",\"breadcrumb\":{\"@id\":\"https:\\\/\\\/worldofflowerpots.com\\\/sklep\\\/doniczki-duze-do-wnetrz-bruno\\\/#breadcrumb\"},\"inLanguage\":\"pl-PL\",\"potentialAction\":[{\"@type\":\"ReadAction\",\"target\":[\"https:\\\/\\\/worldofflowerpots.com\\\/sklep\\\/doniczki-duze-do-wnetrz-bruno\\\/\"]}]},{\"@type\":\"ImageObject\",\"inLanguage\":\"pl-PL\",\"@id\":\"https:\\\/\\\/worldofflowerpots.com\\\/sklep\\\/doniczki-duze-do-wnetrz-bruno\\\/#primaryimage\",\"url\":\"https:\\\/\\\/worldofflowerpots.com\\\/wp-content\\\/uploads\\\/2019\\\/03\\\/doniczki-du\u017ce-do-wn\u0119trz-Bruno.jpg\",\"contentUrl\":\"https:\\\/\\\/worldofflowerpots.com\\\/wp-content\\\/uploads\\\/2019\\\/03\\\/doniczki-du\u017ce-do-wn\u0119trz-Bruno.jpg\",\"width\":2280,\"height\":1612},{\"@type\":\"BreadcrumbList\",\"@id\":\"https:\\\/\\\/worldofflowerpots.com\\\/sklep\\\/doniczki-duze-do-wnetrz-bruno\\\/#breadcrumb\",\"itemListElement\":[{\"@type\":\"ListItem\",\"position\":1,\"name\":\"Strona g\u0142\u00f3wna\",\"item\":\"https:\\\/\\\/worldofflowerpots.com\\\/\"},{\"@type\":\"ListItem\",\"position\":2,\"name\":\"Sklep\",\"item\":\"https:\\\/\\\/worldofflowerpots.com\\\/sklep\\\/\"},{\"@type\":\"ListItem\",\"position\":3,\"name\":\"Doniczki du\u017ce do wn\u0119trz Bruno\"}]},{\"@type\":\"WebSite\",\"@id\":\"https:\\\/\\\/worldofflowerpots.com\\\/#website\",\"url\":\"https:\\\/\\\/worldofflowerpots.com\\\/\",\"name\":\"World of Flowerpots\",\"description\":\"producent donic ozdobnych\",\"potentialAction\":[{\"@type\":\"SearchAction\",\"target\":{\"@type\":\"EntryPoint\",\"urlTemplate\":\"https:\\\/\\\/worldofflowerpots.com\\\/?s={search_term_string}\"},\"query-input\":{\"@type\":\"PropertyValueSpecification\",\"valueRequired\":true,\"valueName\":\"search_term_string\"}}],\"inLanguage\":\"pl-PL\"}]}<\/script>\n<!-- \/ Yoast SEO plugin. -->","yoast_head_json":{"title":"Doniczki du\u017ce do wn\u0119trz Bruno - Jednolite lub wzorzyste","description":"Doniczki du\u017ce do wn\u0119trz podkre\u015blaj\u0105 wielko\u015b\u0107 pomieszczenia, w kt\u00f3rym je postawimy. Donice Stone s\u0105 lekkie i super wytrzyma\u0142e.","robots":{"index":"index","follow":"follow","max-snippet":"max-snippet:-1","max-image-preview":"max-image-preview:large","max-video-preview":"max-video-preview:-1"},"canonical":"https:\/\/worldofflowerpots.com\/sklep\/doniczki-duze-do-wnetrz-bruno\/","og_locale":"pl_PL","og_type":"article","og_title":"Doniczki du\u017ce do wn\u0119trz Bruno - Jednolite lub wzorzyste","og_description":"Doniczki du\u017ce do wn\u0119trz podkre\u015blaj\u0105 wielko\u015b\u0107 pomieszczenia, w kt\u00f3rym je postawimy. Donice Stone s\u0105 lekkie i super wytrzyma\u0142e.","og_url":"https:\/\/worldofflowerpots.com\/sklep\/doniczki-duze-do-wnetrz-bruno\/","og_site_name":"World of Flowerpots","article_modified_time":"2019-04-03T12:16:09+00:00","og_image":[{"width":2280,"height":1612,"url":"https:\/\/worldofflowerpots.com\/wp-content\/uploads\/2019\/03\/doniczki-du\u017ce-do-wn\u0119trz-Bruno.jpg","type":"image\/jpeg"}],"twitter_card":"summary_large_image","twitter_misc":{"Szacowany czas czytania":"2 minuty"},"schema":{"@context":"https:\/\/schema.org","@graph":[{"@type":"WebPage","@id":"https:\/\/worldofflowerpots.com\/sklep\/doniczki-duze-do-wnetrz-bruno\/","url":"https:\/\/worldofflowerpots.com\/sklep\/doniczki-duze-do-wnetrz-bruno\/","name":"Doniczki du\u017ce do wn\u0119trz Bruno - Jednolite lub wzorzyste","isPartOf":{"@id":"https:\/\/worldofflowerpots.com\/#website"},"primaryImageOfPage":{"@id":"https:\/\/worldofflowerpots.com\/sklep\/doniczki-duze-do-wnetrz-bruno\/#primaryimage"},"image":{"@id":"https:\/\/worldofflowerpots.com\/sklep\/doniczki-duze-do-wnetrz-bruno\/#primaryimage"},"thumbnailUrl":"https:\/\/worldofflowerpots.com\/wp-content\/uploads\/2019\/03\/doniczki-du\u017ce-do-wn\u0119trz-Bruno.jpg","datePublished":"2019-03-13T10:45:55+00:00","dateModified":"2019-04-03T12:16:09+00:00","description":"Doniczki du\u017ce do wn\u0119trz podkre\u015blaj\u0105 wielko\u015b\u0107 pomieszczenia, w kt\u00f3rym je postawimy. Donice Stone s\u0105 lekkie i super wytrzyma\u0142e.","breadcrumb":{"@id":"https:\/\/worldofflowerpots.com\/sklep\/doniczki-duze-do-wnetrz-bruno\/#breadcrumb"},"inLanguage":"pl-PL","potentialAction":[{"@type":"ReadAction","target":["https:\/\/worldofflowerpots.com\/sklep\/doniczki-duze-do-wnetrz-bruno\/"]}]},{"@type":"ImageObject","inLanguage":"pl-PL","@id":"https:\/\/worldofflowerpots.com\/sklep\/doniczki-duze-do-wnetrz-bruno\/#primaryimage","url":"https:\/\/worldofflowerpots.com\/wp-content\/uploads\/2019\/03\/doniczki-du\u017ce-do-wn\u0119trz-Bruno.jpg","contentUrl":"https:\/\/worldofflowerpots.com\/wp-content\/uploads\/2019\/03\/doniczki-du\u017ce-do-wn\u0119trz-Bruno.jpg","width":2280,"height":1612},{"@type":"BreadcrumbList","@id":"https:\/\/worldofflowerpots.com\/sklep\/doniczki-duze-do-wnetrz-bruno\/#breadcrumb","itemListElement":[{"@type":"ListItem","position":1,"name":"Strona g\u0142\u00f3wna","item":"https:\/\/worldofflowerpots.com\/"},{"@type":"ListItem","position":2,"name":"Sklep","item":"https:\/\/worldofflowerpots.com\/sklep\/"},{"@type":"ListItem","position":3,"name":"Doniczki du\u017ce do wn\u0119trz Bruno"}]},{"@type":"WebSite","@id":"https:\/\/worldofflowerpots.com\/#website","url":"https:\/\/worldofflowerpots.com\/","name":"World of Flowerpots","description":"producent donic ozdobnych","potentialAction":[{"@type":"SearchAction","target":{"@type":"EntryPoint","urlTemplate":"https:\/\/worldofflowerpots.com\/?s={search_term_string}"},"query-input":{"@type":"PropertyValueSpecification","valueRequired":true,"valueName":"search_term_string"}}],"inLanguage":"pl-PL"}]}},"_links":{"self":[{"href":"https:\/\/worldofflowerpots.com\/pl\/wp-json\/wp\/v2\/product\/55491","targetHints":{"allow":["GET"]}}],"collection":[{"href":"https:\/\/worldofflowerpots.com\/pl\/wp-json\/wp\/v2\/product"}],"about":[{"href":"https:\/\/worldofflowerpots.com\/pl\/wp-json\/wp\/v2\/types\/product"}],"wp:featuredmedia":[{"embeddable":true,"href":"https:\/\/worldofflowerpots.com\/pl\/wp-json\/wp\/v2\/media\/56849"}],"wp:attachment":[{"href":"https:\/\/worldofflowerpots.com\/pl\/wp-json\/wp\/v2\/media?parent=55491"}],"wp:term":[{"taxonomy":"product_brand","embeddable":true,"href":"https:\/\/worldofflowerpots.com\/pl\/wp-json\/wp\/v2\/product_brand?post=55491"},{"taxonomy":"product_cat","embeddable":true,"href":"https:\/\/worldofflowerpots.com\/pl\/wp-json\/wp\/v2\/product_cat?post=55491"},{"taxonomy":"product_tag","embeddable":true,"href":"https:\/\/worldofflowerpots.com\/pl\/wp-json\/wp\/v2\/product_tag?post=55491"}],"curies":[{"name":"wp","href":"https:\/\/api.w.org\/{rel}","templated":true}]}}