{"id":55497,"date":"2019-03-13T12:39:58","date_gmt":"2019-03-13T11:39:58","guid":{"rendered":"https:\/\/worldofflowerpots.com\/?post_type=product&#038;p=55497"},"modified":"2019-04-03T14:14:07","modified_gmt":"2019-04-03T12:14:07","slug":"donice-z-kamienia-enzo","status":"publish","type":"product","link":"https:\/\/worldofflowerpots.com\/pl\/sklep\/donice-z-kamienia-enzo\/","title":{"rendered":"Donice z kamienia Enzo"},"content":{"rendered":"<h2>Eleganckie donice z kamienia Enzo<\/h2>\n<p>Oferowane przez nas donice Stone to eleganckie i modne akcesoria, kt\u00f3rymi gustownie udekorujesz ogr\u00f3d b\u0105d\u017a balkon.\u00a0Produkty wygl\u0105daj\u0105ce jak donice z kamienia\u00a0charakteryzuj\u0105 si\u0119 ponadczasowym stylem, kt\u00f3ry znajdzie uznanie wielu pasjonat\u00f3w ogrodnictwa. \u00a0Jest to produkt wysokiej jako\u015bci. Jako baz\u0119 produkcji wykorzystano w\u0142\u00f3kno szklane, a zmieszany z \u017cywic\u0105 akrylow\u0105 kwarc stanowi pi\u0119kn\u0105 pow\u0142ok\u0119 wyko\u0144czeniow\u0105. Co wi\u0119cej, gwarantuje to wysok\u0105 odporno\u015b\u0107\u00a0donicy na dzia\u0142anie deszczu, mrozu i promieni UV.<\/p>\n<p>Produkt ten nie wymaga czyszczenia jak r\u00f3wnie\u017c wyj\u0105tkowo \u0142atwo poddaje si\u0119 renowacji. W przypadku drobnych uszkodze\u0144 wystarczy zakupi\u0107 pr\u00f3bk\u0119 wysokiej jako\u015b\u0107 farby elewacyjnej i w szybki spos\u00f3b, niewielkim kosztem, mo\u017cemy odnowi\u0107 donic\u0119. Dzi\u0119ki temu donice Stone mog\u0105 by\u0107 umieszczone w r\u00f3\u017cnych lokalizacjach, r\u00f3wnie\u017c w tych nara\u017conych na aktywno\u015b\u0107 dzieci lub zwierz\u0105t domowych.<\/p>\n<p>W ofercie znajduj\u0105 si\u0119 produkty w stonowanej gamie kolorystycznej. Warto zapozna\u0107 si\u0119 z pi\u0119cioma r\u00f3\u017cnymi wersjami kolorystycznymi o jednolitym pokryciu oraz z czterema wersjami kolorystycznymi dost\u0119pnymi dla dw\u00f3ch wzor\u00f3w powierzchni. Jednolite donice jak i wzorzyste s\u0105 utrzymane w sp\u00f3jnej estetyce, co daje mo\u017cliwo\u015b\u0107 dowolnego \u0142\u0105czenia r\u00f3\u017cnych typ\u00f3w produkt\u00f3w podczas aran\u017cacji.<\/p>\n<h2>Donice Enzo<\/h2>\n<p>Donice z kamienia\u00a0Enzo to pi\u0119kny produkt o klasycznym kszta\u0142cie prostopad\u0142o\u015bcianu. Wymiary donicy to 1200 mm na 500 mm na 500 mm (wysoko\u015b\u0107), co umo\u017cliwia do\u015b\u0107 wszechstronne wykorzystanie produktu podczas aran\u017cacji. Donice z kamienia pi\u0119knie wygl\u0105daj\u0105 gdy jest ich kilka obok siebie. Nasadzaj\u0105c w nich pn\u0105ce si\u0119 ro\u015bliny, takie jak na przyk\u0142ad bluszcz, trzykrotka, groszek pachn\u0105cy stworzymy pi\u0119kn\u0105, naturaln\u0105 dekoracj\u0119 barierek balkonu. Innym pomys\u0142em na wykorzystanie produktu, mo\u017ce by\u0107 umieszczenie donic na tarasie. Je\u017celi zdecydujemy si\u0119 na umieszczenie w nich sadzonek kolorowych r\u00f3\u017c, po kr\u00f3tkim czasie b\u0119dziemy w\u0142a\u015bcicielami pi\u0119knej ozdoby. Tak wykorzystane\u00a0donice z kamienia\u00a0polecane s\u0105 szczeg\u00f3lnie dla os\u00f3b kochaj\u0105cych pachn\u0105ce kwiaty. R\u00f3\u017ce nie s\u0105 bardzo wymagaj\u0105c\u0105 ro\u015blin\u0105, a ich wielokrotny i d\u0142ugi czas kwitnienia daje du\u017co rado\u015bci. Natomiast jako\u015b\u0107 materia\u0142u, z kt\u00f3rego wykonane s\u0105 donice gwarantuje nam, \u017ce raz posadzona ro\u015blina b\u0119dzie cieszy\u0107 nasze oczy przez d\u0142ugi czas.<\/p>\n","protected":false},"excerpt":{"rendered":"<p>Donica Enzo z w\u0142\u00f3kna szklanego pokrytego kwarcem i \u017cywic\u0105 akrylow\u0105. Wyst\u0119puje w pi\u0119ciu podstawowych kolorach: bia\u0142ym, szarym, czarnym i dw\u00f3ch odcieniach br\u0105zu. Dost\u0119pna tak\u017ce w dw\u00f3ch wzorach w czterech wersjach kolorystycznych. Donica produkowana jest w standardzie z otworami odp\u0142ywowymi. Waga donicy to: 30 kg, a wymiary: d\u0142ugo\u015b\u0107: 120 cm, szeroko\u015b\u0107: 50 cm, wysoko\u015b\u0107: 50 cm.<\/p>\n","protected":false},"featured_media":56839,"template":"","meta":{"_acf_changed":false},"product_brand":[],"product_cat":[385],"product_tag":[444,447,451],"class_list":{"0":"post-55497","1":"product","2":"type-product","3":"status-publish","4":"has-post-thumbnail","6":"product_cat-donice-stone","7":"product_tag-donice-ogrodowe","8":"product_tag-donice-tarasowe","9":"product_tag-donice-wewnetrzne","10":"description-off","11":"tm-has-options","13":"first","14":"instock","15":"shipping-taxable","16":"purchasable","17":"product-type-simple"},"acf":[],"yoast_head":"<!-- This site is optimized with the Yoast SEO plugin v27.5 - https:\/\/yoast.com\/product\/yoast-seo-wordpress\/ -->\n<title>Donice z kamienia Enzo - Odpowne na warunki atmosferyczne<\/title>\n<meta name=\"description\" content=\"Donice z kamienia pi\u0119knie wygl\u0105daj\u0105 gdy jest ich kilka obok siebie. Nasadzaj\u0105c w nich pn\u0105ce si\u0119 ro\u015bliny, stworzymy pi\u0119kn\u0105, naturaln\u0105 dekoracj\u0119.\" \/>\n<meta name=\"robots\" content=\"index, follow, max-snippet:-1, max-image-preview:large, max-video-preview:-1\" \/>\n<link rel=\"canonical\" href=\"https:\/\/worldofflowerpots.com\/sklep\/donice-z-kamienia-enzo\/\" \/>\n<meta property=\"og:locale\" content=\"pl_PL\" \/>\n<meta property=\"og:type\" content=\"article\" \/>\n<meta property=\"og:title\" content=\"Donice z kamienia Enzo - Odpowne na warunki atmosferyczne\" \/>\n<meta property=\"og:description\" content=\"Donice z kamienia pi\u0119knie wygl\u0105daj\u0105 gdy jest ich kilka obok siebie. Nasadzaj\u0105c w nich pn\u0105ce si\u0119 ro\u015bliny, stworzymy pi\u0119kn\u0105, naturaln\u0105 dekoracj\u0119.\" \/>\n<meta property=\"og:url\" content=\"https:\/\/worldofflowerpots.com\/sklep\/donice-z-kamienia-enzo\/\" \/>\n<meta property=\"og:site_name\" content=\"World of Flowerpots\" \/>\n<meta property=\"article:modified_time\" content=\"2019-04-03T12:14:07+00:00\" \/>\n<meta property=\"og:image\" content=\"https:\/\/worldofflowerpots.com\/wp-content\/uploads\/2019\/03\/donice-z-kamienia-Enzo.jpg\" \/>\n\t<meta property=\"og:image:width\" content=\"2280\" \/>\n\t<meta property=\"og:image:height\" content=\"1612\" \/>\n\t<meta property=\"og:image:type\" content=\"image\/jpeg\" \/>\n<meta name=\"twitter:card\" content=\"summary_large_image\" \/>\n<meta name=\"twitter:label1\" content=\"Szacowany czas czytania\" \/>\n\t<meta name=\"twitter:data1\" content=\"2 minuty\" \/>\n<script type=\"application\/ld+json\" class=\"yoast-schema-graph\">{\"@context\":\"https:\\\/\\\/schema.org\",\"@graph\":[{\"@type\":\"WebPage\",\"@id\":\"https:\\\/\\\/worldofflowerpots.com\\\/sklep\\\/donice-z-kamienia-enzo\\\/\",\"url\":\"https:\\\/\\\/worldofflowerpots.com\\\/sklep\\\/donice-z-kamienia-enzo\\\/\",\"name\":\"Donice z kamienia Enzo - Odpowne na warunki atmosferyczne\",\"isPartOf\":{\"@id\":\"https:\\\/\\\/worldofflowerpots.com\\\/#website\"},\"primaryImageOfPage\":{\"@id\":\"https:\\\/\\\/worldofflowerpots.com\\\/sklep\\\/donice-z-kamienia-enzo\\\/#primaryimage\"},\"image\":{\"@id\":\"https:\\\/\\\/worldofflowerpots.com\\\/sklep\\\/donice-z-kamienia-enzo\\\/#primaryimage\"},\"thumbnailUrl\":\"https:\\\/\\\/worldofflowerpots.com\\\/wp-content\\\/uploads\\\/2019\\\/03\\\/donice-z-kamienia-Enzo.jpg\",\"datePublished\":\"2019-03-13T11:39:58+00:00\",\"dateModified\":\"2019-04-03T12:14:07+00:00\",\"description\":\"Donice z kamienia pi\u0119knie wygl\u0105daj\u0105 gdy jest ich kilka obok siebie. Nasadzaj\u0105c w nich pn\u0105ce si\u0119 ro\u015bliny, stworzymy pi\u0119kn\u0105, naturaln\u0105 dekoracj\u0119.\",\"breadcrumb\":{\"@id\":\"https:\\\/\\\/worldofflowerpots.com\\\/sklep\\\/donice-z-kamienia-enzo\\\/#breadcrumb\"},\"inLanguage\":\"pl-PL\",\"potentialAction\":[{\"@type\":\"ReadAction\",\"target\":[\"https:\\\/\\\/worldofflowerpots.com\\\/sklep\\\/donice-z-kamienia-enzo\\\/\"]}]},{\"@type\":\"ImageObject\",\"inLanguage\":\"pl-PL\",\"@id\":\"https:\\\/\\\/worldofflowerpots.com\\\/sklep\\\/donice-z-kamienia-enzo\\\/#primaryimage\",\"url\":\"https:\\\/\\\/worldofflowerpots.com\\\/wp-content\\\/uploads\\\/2019\\\/03\\\/donice-z-kamienia-Enzo.jpg\",\"contentUrl\":\"https:\\\/\\\/worldofflowerpots.com\\\/wp-content\\\/uploads\\\/2019\\\/03\\\/donice-z-kamienia-Enzo.jpg\",\"width\":2280,\"height\":1612},{\"@type\":\"BreadcrumbList\",\"@id\":\"https:\\\/\\\/worldofflowerpots.com\\\/sklep\\\/donice-z-kamienia-enzo\\\/#breadcrumb\",\"itemListElement\":[{\"@type\":\"ListItem\",\"position\":1,\"name\":\"Strona g\u0142\u00f3wna\",\"item\":\"https:\\\/\\\/worldofflowerpots.com\\\/\"},{\"@type\":\"ListItem\",\"position\":2,\"name\":\"Sklep\",\"item\":\"https:\\\/\\\/worldofflowerpots.com\\\/sklep\\\/\"},{\"@type\":\"ListItem\",\"position\":3,\"name\":\"Donice z kamienia Enzo\"}]},{\"@type\":\"WebSite\",\"@id\":\"https:\\\/\\\/worldofflowerpots.com\\\/#website\",\"url\":\"https:\\\/\\\/worldofflowerpots.com\\\/\",\"name\":\"World of Flowerpots\",\"description\":\"producent donic ozdobnych\",\"potentialAction\":[{\"@type\":\"SearchAction\",\"target\":{\"@type\":\"EntryPoint\",\"urlTemplate\":\"https:\\\/\\\/worldofflowerpots.com\\\/?s={search_term_string}\"},\"query-input\":{\"@type\":\"PropertyValueSpecification\",\"valueRequired\":true,\"valueName\":\"search_term_string\"}}],\"inLanguage\":\"pl-PL\"}]}<\/script>\n<!-- \/ Yoast SEO plugin. -->","yoast_head_json":{"title":"Donice z kamienia Enzo - Odpowne na warunki atmosferyczne","description":"Donice z kamienia pi\u0119knie wygl\u0105daj\u0105 gdy jest ich kilka obok siebie. Nasadzaj\u0105c w nich pn\u0105ce si\u0119 ro\u015bliny, stworzymy pi\u0119kn\u0105, naturaln\u0105 dekoracj\u0119.","robots":{"index":"index","follow":"follow","max-snippet":"max-snippet:-1","max-image-preview":"max-image-preview:large","max-video-preview":"max-video-preview:-1"},"canonical":"https:\/\/worldofflowerpots.com\/sklep\/donice-z-kamienia-enzo\/","og_locale":"pl_PL","og_type":"article","og_title":"Donice z kamienia Enzo - Odpowne na warunki atmosferyczne","og_description":"Donice z kamienia pi\u0119knie wygl\u0105daj\u0105 gdy jest ich kilka obok siebie. Nasadzaj\u0105c w nich pn\u0105ce si\u0119 ro\u015bliny, stworzymy pi\u0119kn\u0105, naturaln\u0105 dekoracj\u0119.","og_url":"https:\/\/worldofflowerpots.com\/sklep\/donice-z-kamienia-enzo\/","og_site_name":"World of Flowerpots","article_modified_time":"2019-04-03T12:14:07+00:00","og_image":[{"width":2280,"height":1612,"url":"https:\/\/worldofflowerpots.com\/wp-content\/uploads\/2019\/03\/donice-z-kamienia-Enzo.jpg","type":"image\/jpeg"}],"twitter_card":"summary_large_image","twitter_misc":{"Szacowany czas czytania":"2 minuty"},"schema":{"@context":"https:\/\/schema.org","@graph":[{"@type":"WebPage","@id":"https:\/\/worldofflowerpots.com\/sklep\/donice-z-kamienia-enzo\/","url":"https:\/\/worldofflowerpots.com\/sklep\/donice-z-kamienia-enzo\/","name":"Donice z kamienia Enzo - Odpowne na warunki atmosferyczne","isPartOf":{"@id":"https:\/\/worldofflowerpots.com\/#website"},"primaryImageOfPage":{"@id":"https:\/\/worldofflowerpots.com\/sklep\/donice-z-kamienia-enzo\/#primaryimage"},"image":{"@id":"https:\/\/worldofflowerpots.com\/sklep\/donice-z-kamienia-enzo\/#primaryimage"},"thumbnailUrl":"https:\/\/worldofflowerpots.com\/wp-content\/uploads\/2019\/03\/donice-z-kamienia-Enzo.jpg","datePublished":"2019-03-13T11:39:58+00:00","dateModified":"2019-04-03T12:14:07+00:00","description":"Donice z kamienia pi\u0119knie wygl\u0105daj\u0105 gdy jest ich kilka obok siebie. Nasadzaj\u0105c w nich pn\u0105ce si\u0119 ro\u015bliny, stworzymy pi\u0119kn\u0105, naturaln\u0105 dekoracj\u0119.","breadcrumb":{"@id":"https:\/\/worldofflowerpots.com\/sklep\/donice-z-kamienia-enzo\/#breadcrumb"},"inLanguage":"pl-PL","potentialAction":[{"@type":"ReadAction","target":["https:\/\/worldofflowerpots.com\/sklep\/donice-z-kamienia-enzo\/"]}]},{"@type":"ImageObject","inLanguage":"pl-PL","@id":"https:\/\/worldofflowerpots.com\/sklep\/donice-z-kamienia-enzo\/#primaryimage","url":"https:\/\/worldofflowerpots.com\/wp-content\/uploads\/2019\/03\/donice-z-kamienia-Enzo.jpg","contentUrl":"https:\/\/worldofflowerpots.com\/wp-content\/uploads\/2019\/03\/donice-z-kamienia-Enzo.jpg","width":2280,"height":1612},{"@type":"BreadcrumbList","@id":"https:\/\/worldofflowerpots.com\/sklep\/donice-z-kamienia-enzo\/#breadcrumb","itemListElement":[{"@type":"ListItem","position":1,"name":"Strona g\u0142\u00f3wna","item":"https:\/\/worldofflowerpots.com\/"},{"@type":"ListItem","position":2,"name":"Sklep","item":"https:\/\/worldofflowerpots.com\/sklep\/"},{"@type":"ListItem","position":3,"name":"Donice z kamienia Enzo"}]},{"@type":"WebSite","@id":"https:\/\/worldofflowerpots.com\/#website","url":"https:\/\/worldofflowerpots.com\/","name":"World of Flowerpots","description":"producent donic ozdobnych","potentialAction":[{"@type":"SearchAction","target":{"@type":"EntryPoint","urlTemplate":"https:\/\/worldofflowerpots.com\/?s={search_term_string}"},"query-input":{"@type":"PropertyValueSpecification","valueRequired":true,"valueName":"search_term_string"}}],"inLanguage":"pl-PL"}]}},"_links":{"self":[{"href":"https:\/\/worldofflowerpots.com\/pl\/wp-json\/wp\/v2\/product\/55497","targetHints":{"allow":["GET"]}}],"collection":[{"href":"https:\/\/worldofflowerpots.com\/pl\/wp-json\/wp\/v2\/product"}],"about":[{"href":"https:\/\/worldofflowerpots.com\/pl\/wp-json\/wp\/v2\/types\/product"}],"wp:featuredmedia":[{"embeddable":true,"href":"https:\/\/worldofflowerpots.com\/pl\/wp-json\/wp\/v2\/media\/56839"}],"wp:attachment":[{"href":"https:\/\/worldofflowerpots.com\/pl\/wp-json\/wp\/v2\/media?parent=55497"}],"wp:term":[{"taxonomy":"product_brand","embeddable":true,"href":"https:\/\/worldofflowerpots.com\/pl\/wp-json\/wp\/v2\/product_brand?post=55497"},{"taxonomy":"product_cat","embeddable":true,"href":"https:\/\/worldofflowerpots.com\/pl\/wp-json\/wp\/v2\/product_cat?post=55497"},{"taxonomy":"product_tag","embeddable":true,"href":"https:\/\/worldofflowerpots.com\/pl\/wp-json\/wp\/v2\/product_tag?post=55497"}],"curies":[{"name":"wp","href":"https:\/\/api.w.org\/{rel}","templated":true}]}}