{"id":55504,"date":"2019-03-13T12:51:36","date_gmt":"2019-03-13T11:51:36","guid":{"rendered":"https:\/\/worldofflowerpots.com\/?post_type=product&#038;p=55504"},"modified":"2019-04-03T14:03:06","modified_gmt":"2019-04-03T12:03:06","slug":"kamienne-donice-ogrodowe-leonardo","status":"publish","type":"product","link":"https:\/\/worldofflowerpots.com\/pl\/sklep\/kamienne-donice-ogrodowe-leonardo\/","title":{"rendered":"Kamienne donice ogrodowe Leonardo"},"content":{"rendered":"<h2><strong>Nowoczesne kamienne donice ogrodowe Stone<\/strong><\/h2>\n<p>Donice Stone to produkt wyj\u0105tkowy, elegancki i bardzo dobrze komponuj\u0105cy si\u0119 z wystrojem przydomowych ogrod\u00f3w. Te\u00a0kamienne donice ogrodowe\u00a0s\u0105 wysokiej jako\u015bci, g\u0142\u00f3wnie dzi\u0119ki innowacyjnej metodzie ich produkcji. Produkt wykonany jest z w\u0142\u00f3kna szklanego i pokryty kwarcem zmieszanym z \u017cywic\u0105 akrylow\u0105. Dzi\u0119ki temu uzyskano wyj\u0105tkowo elegancki produkt, kt\u00f3ry jest dodatkowo odporny na dzia\u0142ania promieni UV, deszczu oraz mrozu. Spos\u00f3b wyko\u0144czenia powierzchni zewn\u0119trznej umo\u017cliwia szybkie i proste naprawienie drobnych ubytk\u00f3w i zarysowa\u0144 przy u\u017cyciu farby elewacyjnej wysokiej jako\u015bci. Jest jednak niskie ryzyko ich powstania ze wzgl\u0119du na w\u0142a\u015bciwo\u015bci zastosowanego kwarcu. Nale\u017cy jednak pami\u0119ta\u0107, aby unika\u0107 d\u0142ugiego moczenia donicy w wodzie, gdy\u017c mog\u0142oby to spowodowa\u0107 uszkodzenie\u00a0jej powierzchni zewn\u0119trznej.<\/p>\n<p>Produkt Leonardo to jedna z propozycji serii donic Stone. Pi\u0119kna, klasyczna i jednocze\u015bnie nowoczesna. Dost\u0119pna w korzystnej cenie zapewni mi\u0142\u0105 dla oka aran\u017cacj\u0119 przydomowego ogrodu.\u00a0Kamienne donice ogrodowe\u00a0Leonardo s\u0105 dost\u0119pne w r\u00f3\u017cnych wersjach kolorystycznych:<\/p>\n<ul>\n<li>jednolita, pi\u0119\u0107 opcji kolorystycznych do wyboru,<\/li>\n<li>wzorzysta, dwa wzory dost\u0119pne w czterech kolorach do wyboru.<\/li>\n<\/ul>\n<h2><strong>Niezwyk\u0142a wytrzyma\u0142o\u015b\u0107 i pi\u0119kno<\/strong><\/h2>\n<p>Wybieraj\u0105c donice Stone mo\u017cna by\u0107 pewnym, \u017ce zachowaj\u0105 oryginalny kolor przez d\u0142ugi czas. Sp\u00f3jno\u015b\u0107 kolorystyczna ca\u0142ej serii\u00a0kamiennych donic ogrodowych\u00a0Stone wp\u0142ywa na wysok\u0105 atrakcyjno\u015b\u0107 produktu. W prosty spos\u00f3b, decyduj\u0105c si\u0119 na zakup kilku produkt\u00f3w z serii, zapewnimy\u00a0integralno\u015b\u0107 dodatk\u00f3w w naszym ogrodzie. Donice Leonardo maj\u0105 kszta\u0142t prostopad\u0142o\u015bcianu. Ich wymiar produktu to\u00a0100 cm d\u0142ugo\u015bci, 50 cm szeroko\u015bci i 50 cm wysoko\u015bci. Te\u00a0uniwersalne rozmiary sprawiaj\u0105, \u017ce donica Leonardo idealnie wkomponuje si\u0119 r\u00f3wnie\u017c w wystr\u00f3j domowego balkonu, czy te\u017c tarasu. Mo\u017cemy tak\u017ce pokusi\u0107 si\u0119 o usytuowanie donicy w ogrodzie.<\/p>\n<p>Umieszczaj\u0105c j\u0105 na kwietnikach, mo\u017cemy w prosty spos\u00f3b przyci\u0105gn\u0105\u0107 uwag\u0119 do ciekawych ro\u015blin i r\u00f3\u017cnobarwnych kwiat\u00f3w. Dobieraj\u0105c r\u00f3\u017cne opcje kolorystyczne, mo\u017cna uzyska\u0107 r\u00f3\u017cny efekt ekspozycji ro\u015blin &#8211;\u00a0kamienne donice ogrodowe\u00a0mog\u0105 by\u0107 ozdob\u0105 sam\u0105 w sobie b\u0105d\u017a te\u017c dobrze dobranym dodatkiem do bardziej efektownych ro\u015blin. Istotn\u0105 zalet\u0105 jest waga produktu.\u00a0Imituj\u0105ce kamie\u0144 donice\u00a0ogrodowe s\u0105\u00a0bardzo lekkie, co znacznie u\u0142atwia zmian\u0119 aran\u017cacji wedle uznania.<\/p>\n","protected":false},"excerpt":{"rendered":"<p>Donica Leonardo z w\u0142\u00f3kna szklanego pokrytego kwarcem i \u017cywic\u0105 akrylow\u0105. Wyst\u0119puje w pi\u0119ciu podstawowych jednolitych kolorach: bia\u0142ym, szarym, czarnym i dw\u00f3ch odcieniach br\u0105zu. Dost\u0119pna tak\u017ce w dw\u00f3ch wzorach w czterech wersjach kolorystycznych. Donica produkowana jest w standardzie z otworami odp\u0142ywowymi. Waga donicy to: 25 kg, a wymiary: d\u0142ugo\u015b\u0107: 100 cm, szeroko\u015b\u0107: 50 cm, wysoko\u015b\u0107: 50 cm.<\/p>\n","protected":false},"featured_media":56829,"template":"","meta":{"_acf_changed":false},"product_brand":[],"product_cat":[385],"product_tag":[448,444,447,451],"class_list":{"0":"post-55504","1":"product","2":"type-product","3":"status-publish","4":"has-post-thumbnail","6":"product_cat-donice-stone","7":"product_tag-donice-balkonowe","8":"product_tag-donice-ogrodowe","9":"product_tag-donice-tarasowe","10":"product_tag-donice-wewnetrzne","11":"description-off","12":"tm-has-options","14":"first","15":"instock","16":"shipping-taxable","17":"purchasable","18":"product-type-simple"},"acf":[],"yoast_head":"<!-- This site is optimized with the Yoast SEO plugin v27.5 - https:\/\/yoast.com\/product\/yoast-seo-wordpress\/ -->\n<title>Kamienne donice ogrodowe Leonardo - Do ogrodu i do salonu<\/title>\n<meta name=\"description\" content=\"Te kamienne donice ogrodowe s\u0105 wysokiej jako\u015bci, g\u0142\u00f3wnie dzi\u0119ki innowacyjnej metodzie ich produkcji. S\u0105 odporne na mr\u00f3z, deszcz, \u015bnieg i nadmiar s\u0142o\u0144ca.\" \/>\n<meta name=\"robots\" content=\"index, follow, max-snippet:-1, max-image-preview:large, max-video-preview:-1\" \/>\n<link rel=\"canonical\" href=\"https:\/\/worldofflowerpots.com\/sklep\/kamienne-donice-ogrodowe-leonardo\/\" \/>\n<meta property=\"og:locale\" content=\"pl_PL\" \/>\n<meta property=\"og:type\" content=\"article\" \/>\n<meta property=\"og:title\" content=\"Kamienne donice ogrodowe Leonardo - Do ogrodu i do salonu\" \/>\n<meta property=\"og:description\" content=\"Te kamienne donice ogrodowe s\u0105 wysokiej jako\u015bci, g\u0142\u00f3wnie dzi\u0119ki innowacyjnej metodzie ich produkcji. S\u0105 odporne na mr\u00f3z, deszcz, \u015bnieg i nadmiar s\u0142o\u0144ca.\" \/>\n<meta property=\"og:url\" content=\"https:\/\/worldofflowerpots.com\/sklep\/kamienne-donice-ogrodowe-leonardo\/\" \/>\n<meta property=\"og:site_name\" content=\"World of Flowerpots\" \/>\n<meta property=\"article:modified_time\" content=\"2019-04-03T12:03:06+00:00\" \/>\n<meta property=\"og:image\" content=\"https:\/\/worldofflowerpots.com\/wp-content\/uploads\/2019\/03\/kamienne-donice-ogrodowe-Leonardo.jpg\" \/>\n\t<meta property=\"og:image:width\" content=\"2280\" \/>\n\t<meta property=\"og:image:height\" content=\"1612\" \/>\n\t<meta property=\"og:image:type\" content=\"image\/jpeg\" \/>\n<meta name=\"twitter:card\" content=\"summary_large_image\" \/>\n<meta name=\"twitter:label1\" content=\"Szacowany czas czytania\" \/>\n\t<meta name=\"twitter:data1\" content=\"2 minuty\" \/>\n<script type=\"application\/ld+json\" class=\"yoast-schema-graph\">{\"@context\":\"https:\\\/\\\/schema.org\",\"@graph\":[{\"@type\":\"WebPage\",\"@id\":\"https:\\\/\\\/worldofflowerpots.com\\\/sklep\\\/kamienne-donice-ogrodowe-leonardo\\\/\",\"url\":\"https:\\\/\\\/worldofflowerpots.com\\\/sklep\\\/kamienne-donice-ogrodowe-leonardo\\\/\",\"name\":\"Kamienne donice ogrodowe Leonardo - Do ogrodu i do salonu\",\"isPartOf\":{\"@id\":\"https:\\\/\\\/worldofflowerpots.com\\\/#website\"},\"primaryImageOfPage\":{\"@id\":\"https:\\\/\\\/worldofflowerpots.com\\\/sklep\\\/kamienne-donice-ogrodowe-leonardo\\\/#primaryimage\"},\"image\":{\"@id\":\"https:\\\/\\\/worldofflowerpots.com\\\/sklep\\\/kamienne-donice-ogrodowe-leonardo\\\/#primaryimage\"},\"thumbnailUrl\":\"https:\\\/\\\/worldofflowerpots.com\\\/wp-content\\\/uploads\\\/2019\\\/03\\\/kamienne-donice-ogrodowe-Leonardo.jpg\",\"datePublished\":\"2019-03-13T11:51:36+00:00\",\"dateModified\":\"2019-04-03T12:03:06+00:00\",\"description\":\"Te kamienne donice ogrodowe s\u0105 wysokiej jako\u015bci, g\u0142\u00f3wnie dzi\u0119ki innowacyjnej metodzie ich produkcji. S\u0105 odporne na mr\u00f3z, deszcz, \u015bnieg i nadmiar s\u0142o\u0144ca.\",\"breadcrumb\":{\"@id\":\"https:\\\/\\\/worldofflowerpots.com\\\/sklep\\\/kamienne-donice-ogrodowe-leonardo\\\/#breadcrumb\"},\"inLanguage\":\"pl-PL\",\"potentialAction\":[{\"@type\":\"ReadAction\",\"target\":[\"https:\\\/\\\/worldofflowerpots.com\\\/sklep\\\/kamienne-donice-ogrodowe-leonardo\\\/\"]}]},{\"@type\":\"ImageObject\",\"inLanguage\":\"pl-PL\",\"@id\":\"https:\\\/\\\/worldofflowerpots.com\\\/sklep\\\/kamienne-donice-ogrodowe-leonardo\\\/#primaryimage\",\"url\":\"https:\\\/\\\/worldofflowerpots.com\\\/wp-content\\\/uploads\\\/2019\\\/03\\\/kamienne-donice-ogrodowe-Leonardo.jpg\",\"contentUrl\":\"https:\\\/\\\/worldofflowerpots.com\\\/wp-content\\\/uploads\\\/2019\\\/03\\\/kamienne-donice-ogrodowe-Leonardo.jpg\",\"width\":2280,\"height\":1612},{\"@type\":\"BreadcrumbList\",\"@id\":\"https:\\\/\\\/worldofflowerpots.com\\\/sklep\\\/kamienne-donice-ogrodowe-leonardo\\\/#breadcrumb\",\"itemListElement\":[{\"@type\":\"ListItem\",\"position\":1,\"name\":\"Strona g\u0142\u00f3wna\",\"item\":\"https:\\\/\\\/worldofflowerpots.com\\\/\"},{\"@type\":\"ListItem\",\"position\":2,\"name\":\"Sklep\",\"item\":\"https:\\\/\\\/worldofflowerpots.com\\\/sklep\\\/\"},{\"@type\":\"ListItem\",\"position\":3,\"name\":\"Kamienne donice ogrodowe Leonardo\"}]},{\"@type\":\"WebSite\",\"@id\":\"https:\\\/\\\/worldofflowerpots.com\\\/#website\",\"url\":\"https:\\\/\\\/worldofflowerpots.com\\\/\",\"name\":\"World of Flowerpots\",\"description\":\"producent donic ozdobnych\",\"potentialAction\":[{\"@type\":\"SearchAction\",\"target\":{\"@type\":\"EntryPoint\",\"urlTemplate\":\"https:\\\/\\\/worldofflowerpots.com\\\/?s={search_term_string}\"},\"query-input\":{\"@type\":\"PropertyValueSpecification\",\"valueRequired\":true,\"valueName\":\"search_term_string\"}}],\"inLanguage\":\"pl-PL\"}]}<\/script>\n<!-- \/ Yoast SEO plugin. -->","yoast_head_json":{"title":"Kamienne donice ogrodowe Leonardo - Do ogrodu i do salonu","description":"Te kamienne donice ogrodowe s\u0105 wysokiej jako\u015bci, g\u0142\u00f3wnie dzi\u0119ki innowacyjnej metodzie ich produkcji. S\u0105 odporne na mr\u00f3z, deszcz, \u015bnieg i nadmiar s\u0142o\u0144ca.","robots":{"index":"index","follow":"follow","max-snippet":"max-snippet:-1","max-image-preview":"max-image-preview:large","max-video-preview":"max-video-preview:-1"},"canonical":"https:\/\/worldofflowerpots.com\/sklep\/kamienne-donice-ogrodowe-leonardo\/","og_locale":"pl_PL","og_type":"article","og_title":"Kamienne donice ogrodowe Leonardo - Do ogrodu i do salonu","og_description":"Te kamienne donice ogrodowe s\u0105 wysokiej jako\u015bci, g\u0142\u00f3wnie dzi\u0119ki innowacyjnej metodzie ich produkcji. S\u0105 odporne na mr\u00f3z, deszcz, \u015bnieg i nadmiar s\u0142o\u0144ca.","og_url":"https:\/\/worldofflowerpots.com\/sklep\/kamienne-donice-ogrodowe-leonardo\/","og_site_name":"World of Flowerpots","article_modified_time":"2019-04-03T12:03:06+00:00","og_image":[{"width":2280,"height":1612,"url":"https:\/\/worldofflowerpots.com\/wp-content\/uploads\/2019\/03\/kamienne-donice-ogrodowe-Leonardo.jpg","type":"image\/jpeg"}],"twitter_card":"summary_large_image","twitter_misc":{"Szacowany czas czytania":"2 minuty"},"schema":{"@context":"https:\/\/schema.org","@graph":[{"@type":"WebPage","@id":"https:\/\/worldofflowerpots.com\/sklep\/kamienne-donice-ogrodowe-leonardo\/","url":"https:\/\/worldofflowerpots.com\/sklep\/kamienne-donice-ogrodowe-leonardo\/","name":"Kamienne donice ogrodowe Leonardo - Do ogrodu i do salonu","isPartOf":{"@id":"https:\/\/worldofflowerpots.com\/#website"},"primaryImageOfPage":{"@id":"https:\/\/worldofflowerpots.com\/sklep\/kamienne-donice-ogrodowe-leonardo\/#primaryimage"},"image":{"@id":"https:\/\/worldofflowerpots.com\/sklep\/kamienne-donice-ogrodowe-leonardo\/#primaryimage"},"thumbnailUrl":"https:\/\/worldofflowerpots.com\/wp-content\/uploads\/2019\/03\/kamienne-donice-ogrodowe-Leonardo.jpg","datePublished":"2019-03-13T11:51:36+00:00","dateModified":"2019-04-03T12:03:06+00:00","description":"Te kamienne donice ogrodowe s\u0105 wysokiej jako\u015bci, g\u0142\u00f3wnie dzi\u0119ki innowacyjnej metodzie ich produkcji. S\u0105 odporne na mr\u00f3z, deszcz, \u015bnieg i nadmiar s\u0142o\u0144ca.","breadcrumb":{"@id":"https:\/\/worldofflowerpots.com\/sklep\/kamienne-donice-ogrodowe-leonardo\/#breadcrumb"},"inLanguage":"pl-PL","potentialAction":[{"@type":"ReadAction","target":["https:\/\/worldofflowerpots.com\/sklep\/kamienne-donice-ogrodowe-leonardo\/"]}]},{"@type":"ImageObject","inLanguage":"pl-PL","@id":"https:\/\/worldofflowerpots.com\/sklep\/kamienne-donice-ogrodowe-leonardo\/#primaryimage","url":"https:\/\/worldofflowerpots.com\/wp-content\/uploads\/2019\/03\/kamienne-donice-ogrodowe-Leonardo.jpg","contentUrl":"https:\/\/worldofflowerpots.com\/wp-content\/uploads\/2019\/03\/kamienne-donice-ogrodowe-Leonardo.jpg","width":2280,"height":1612},{"@type":"BreadcrumbList","@id":"https:\/\/worldofflowerpots.com\/sklep\/kamienne-donice-ogrodowe-leonardo\/#breadcrumb","itemListElement":[{"@type":"ListItem","position":1,"name":"Strona g\u0142\u00f3wna","item":"https:\/\/worldofflowerpots.com\/"},{"@type":"ListItem","position":2,"name":"Sklep","item":"https:\/\/worldofflowerpots.com\/sklep\/"},{"@type":"ListItem","position":3,"name":"Kamienne donice ogrodowe Leonardo"}]},{"@type":"WebSite","@id":"https:\/\/worldofflowerpots.com\/#website","url":"https:\/\/worldofflowerpots.com\/","name":"World of Flowerpots","description":"producent donic ozdobnych","potentialAction":[{"@type":"SearchAction","target":{"@type":"EntryPoint","urlTemplate":"https:\/\/worldofflowerpots.com\/?s={search_term_string}"},"query-input":{"@type":"PropertyValueSpecification","valueRequired":true,"valueName":"search_term_string"}}],"inLanguage":"pl-PL"}]}},"_links":{"self":[{"href":"https:\/\/worldofflowerpots.com\/pl\/wp-json\/wp\/v2\/product\/55504","targetHints":{"allow":["GET"]}}],"collection":[{"href":"https:\/\/worldofflowerpots.com\/pl\/wp-json\/wp\/v2\/product"}],"about":[{"href":"https:\/\/worldofflowerpots.com\/pl\/wp-json\/wp\/v2\/types\/product"}],"wp:featuredmedia":[{"embeddable":true,"href":"https:\/\/worldofflowerpots.com\/pl\/wp-json\/wp\/v2\/media\/56829"}],"wp:attachment":[{"href":"https:\/\/worldofflowerpots.com\/pl\/wp-json\/wp\/v2\/media?parent=55504"}],"wp:term":[{"taxonomy":"product_brand","embeddable":true,"href":"https:\/\/worldofflowerpots.com\/pl\/wp-json\/wp\/v2\/product_brand?post=55504"},{"taxonomy":"product_cat","embeddable":true,"href":"https:\/\/worldofflowerpots.com\/pl\/wp-json\/wp\/v2\/product_cat?post=55504"},{"taxonomy":"product_tag","embeddable":true,"href":"https:\/\/worldofflowerpots.com\/pl\/wp-json\/wp\/v2\/product_tag?post=55504"}],"curies":[{"name":"wp","href":"https:\/\/api.w.org\/{rel}","templated":true}]}}