{"id":55513,"date":"2019-03-13T13:04:24","date_gmt":"2019-03-13T12:04:24","guid":{"rendered":"https:\/\/worldofflowerpots.com\/?post_type=product&#038;p=55513"},"modified":"2019-04-03T13:59:08","modified_gmt":"2019-04-03T11:59:08","slug":"donice-kamienne-urano","status":"publish","type":"product","link":"https:\/\/worldofflowerpots.com\/pl\/sklep\/donice-kamienne-urano\/","title":{"rendered":"Donice kamienne Urano"},"content":{"rendered":"<h2>Donice kamienne Urano<\/h2>\n<p>Gusta lubuj\u0105ce si\u0119 w prostych, minimalistycznych formach oraz w surowych, a zarazem pi\u0119knych materia\u0142ach jak beton lub kamie\u0144, pokochaj\u0105 Urano. Ta zwarta i zgrabna konstrukcja zamkni\u0119ta w bryle sze\u015bcianu o boku 500mm cechuje si\u0119 nowoczesn\u0105 form\u0105 i lekk\u0105 konstrukcj\u0105. Nowoczesno\u015b\u0107 przejawia si\u0119 w tym przypadku nie tylko w aspekcie wizualnym, ale r\u00f3wnie\u017c i technologicznym. Produkty serii Stone s\u0105 bowiem \u00a0wykonane z lekkiego i niezwykle wytrzyma\u0142ego w\u0142\u00f3kna szklanego. Jest ono pokryte specjaln\u0105 mieszank\u0105 zawieraj\u0105c\u0105 \u017cywic\u0119 akrylow\u0105 oraz drobiny kwarcu. Pozwala to uzyska\u0107 niezwykle realistyczn\u0105 imitacj\u0119 betonu oraz kamienia zachowuj\u0105c przy tym lekko\u015b\u0107 formy. Odporno\u015bci na promienie UV oraz wysokiej wytrzyma\u0142o\u015b\u0107 na warunki atmosferyczne sprawia, \u017ce produkt mo\u017ce zosta\u0107 u\u017cyty r\u00f3wnie\u017c na zewn\u0105trz. Idealnie nadaje si\u0119 do przystrojenia tarasu, ogrodu, patio, balkonu oraz innych aran\u017cacji na \u015bwie\u017cym powietrzu.<\/p>\n<p>Dost\u0119pne s\u0105 dwa wzory nadaj\u0105ce donicy industrialny wygl\u0105d, w czterech wariantach kolorystycznych. Mi\u0142o\u015bnicy g\u0142adkich powierzchni \u00a0z pewno\u015bci\u0105 zadowol\u0105 si\u0119 jednym z pi\u0119ciu kolor\u00f3w imituj\u0105cych jednolit\u0105 g\u0142adk\u0105 powierzchni\u0119.<\/p>\n<h2><strong>Imitacja kamienia naturalnego<\/strong><\/h2>\n<p>Donice kamienne serii Stone to idealne rozwi\u0105zanie do nowoczesnych wn\u0119trz. Awangardowa struktura do z\u0142udzenia przypominaj\u0105ca najmodniejsze materia\u0142y jak kamie\u0144 lub niezwykle popularny beton, wype\u0142ni ka\u017cde wn\u0119trze nowoczesnym designem. Urano podkre\u015bla wszelkiego rodzaju domow\u0105 i ogrodow\u0105 faun\u0119 zar\u00f3wno we wewn\u0105trz jak i na zewn\u0105trz pomieszczenia, o ka\u017cdej porze roku. Nawet najmniej okaza\u0142a ro\u015blina zasadzona w donicy kamiennej Urano b\u0119dzie sprawia\u0142a wra\u017cenie wyniesionej na piedesta\u0142. Wystarczy, \u017ce zostanie osadzona na solidnym fundamencie w postaci donic Stone. Taka kompozycja to z pewno\u015bci\u0105 \u00a0pi\u0119kna ozdoba ka\u017cdej przestrzeni, kt\u00f3ra b\u0119dzie zwraca\u0107 uwag\u0119 ka\u017cdego b\u0119d\u0105cego w \u00a0jej pobli\u017cu.<\/p>\n<p>Donica jest bardzo trwa\u0142a dzi\u0119ki swojej strukturze, w\u0142\u00f3kna szklane zapewniaj\u0105 stabiln\u0105 i mocn\u0105 kompozycj\u0119. Donice tej serii nie powinny na sta\u0142e znajdowa\u0107 si\u0119 w zanurzeniu gdy\u017c jest to zagro\u017cone uszkodzeniem zewn\u0119trznej pow\u0142oki krawcowo-akrylowej. Produkty serii Stone s\u0105 bardzo wytrzyma\u0142e i proste w utrzymaniu. Ewentualne drobne uszkodzenia mo\u017cna naprawi\u0107 aplikuj\u0105c na uszkodzony obszar dobr\u0105 farb\u0119 elewacyjn\u0105. Produkt ten dzi\u0119ki swojej zgrabnej formie, jest idealnym uzupe\u0142nieniem wszelkich wn\u0119trz.<\/p>\n","protected":false},"excerpt":{"rendered":"<p>Donica Urano z w\u0142\u00f3kna szklanego pokrytego kwarcem i \u017cywic\u0105 akrylow\u0105. Wyst\u0119puje w pi\u0119ciu podstawowych jednolitych kolorach: bia\u0142ym, szarym, czarnym i dw\u00f3ch odcieniach br\u0105zu. Dost\u0119pna tak\u017ce w dw\u00f3ch wzorach w czterech wersjach kolorystycznych. Donica produkowana jest w standardzie z otworami odp\u0142ywowymi. Waga donicy to: 15 kg, a wymiary: d\u0142ugo\u015b\u0107: 50 cm, szeroko\u015b\u0107: 50 cm, wysoko\u015b\u0107: 50 cm.<\/p>\n","protected":false},"featured_media":56819,"template":"","meta":{"_acf_changed":false},"product_brand":[],"product_cat":[385],"product_tag":[448,444,447,451],"class_list":{"0":"post-55513","1":"product","2":"type-product","3":"status-publish","4":"has-post-thumbnail","6":"product_cat-donice-stone","7":"product_tag-donice-balkonowe","8":"product_tag-donice-ogrodowe","9":"product_tag-donice-tarasowe","10":"product_tag-donice-wewnetrzne","11":"description-off","12":"tm-has-options","14":"first","15":"instock","16":"shipping-taxable","17":"purchasable","18":"product-type-simple"},"acf":[],"yoast_head":"<!-- This site is optimized with the Yoast SEO plugin v27.5 - https:\/\/yoast.com\/product\/yoast-seo-wordpress\/ -->\n<title>Donice kamienne Urano - l\u017cejsza alternatywa dla donic betonowych<\/title>\n<meta name=\"description\" content=\"Donice kamienne Stone to idealne rozwi\u0105zanie do nowoczesnych wn\u0119trz. Struktura przypominaj\u0105ca kamie\u0144 lub beton wype\u0142ni ka\u017cde wn\u0119trze nowoczesnym designem.\" \/>\n<meta name=\"robots\" content=\"index, follow, max-snippet:-1, max-image-preview:large, max-video-preview:-1\" \/>\n<link rel=\"canonical\" href=\"https:\/\/worldofflowerpots.com\/sklep\/donice-kamienne-urano\/\" \/>\n<meta property=\"og:locale\" content=\"pl_PL\" \/>\n<meta property=\"og:type\" content=\"article\" \/>\n<meta property=\"og:title\" content=\"Donice kamienne Urano - l\u017cejsza alternatywa dla donic betonowych\" \/>\n<meta property=\"og:description\" content=\"Donice kamienne Stone to idealne rozwi\u0105zanie do nowoczesnych wn\u0119trz. Struktura przypominaj\u0105ca kamie\u0144 lub beton wype\u0142ni ka\u017cde wn\u0119trze nowoczesnym designem.\" \/>\n<meta property=\"og:url\" content=\"https:\/\/worldofflowerpots.com\/sklep\/donice-kamienne-urano\/\" \/>\n<meta property=\"og:site_name\" content=\"World of Flowerpots\" \/>\n<meta property=\"article:modified_time\" content=\"2019-04-03T11:59:08+00:00\" \/>\n<meta property=\"og:image\" content=\"https:\/\/worldofflowerpots.com\/wp-content\/uploads\/2019\/03\/donice-kamienne-Urano.jpg\" \/>\n\t<meta property=\"og:image:width\" content=\"2280\" \/>\n\t<meta property=\"og:image:height\" content=\"1612\" \/>\n\t<meta property=\"og:image:type\" content=\"image\/jpeg\" \/>\n<meta name=\"twitter:card\" content=\"summary_large_image\" \/>\n<meta name=\"twitter:label1\" content=\"Szacowany czas czytania\" \/>\n\t<meta name=\"twitter:data1\" content=\"2 minuty\" \/>\n<script type=\"application\/ld+json\" class=\"yoast-schema-graph\">{\"@context\":\"https:\\\/\\\/schema.org\",\"@graph\":[{\"@type\":\"WebPage\",\"@id\":\"https:\\\/\\\/worldofflowerpots.com\\\/sklep\\\/donice-kamienne-urano\\\/\",\"url\":\"https:\\\/\\\/worldofflowerpots.com\\\/sklep\\\/donice-kamienne-urano\\\/\",\"name\":\"Donice kamienne Urano - l\u017cejsza alternatywa dla donic betonowych\",\"isPartOf\":{\"@id\":\"https:\\\/\\\/worldofflowerpots.com\\\/#website\"},\"primaryImageOfPage\":{\"@id\":\"https:\\\/\\\/worldofflowerpots.com\\\/sklep\\\/donice-kamienne-urano\\\/#primaryimage\"},\"image\":{\"@id\":\"https:\\\/\\\/worldofflowerpots.com\\\/sklep\\\/donice-kamienne-urano\\\/#primaryimage\"},\"thumbnailUrl\":\"https:\\\/\\\/worldofflowerpots.com\\\/wp-content\\\/uploads\\\/2019\\\/03\\\/donice-kamienne-Urano.jpg\",\"datePublished\":\"2019-03-13T12:04:24+00:00\",\"dateModified\":\"2019-04-03T11:59:08+00:00\",\"description\":\"Donice kamienne Stone to idealne rozwi\u0105zanie do nowoczesnych wn\u0119trz. Struktura przypominaj\u0105ca kamie\u0144 lub beton wype\u0142ni ka\u017cde wn\u0119trze nowoczesnym designem.\",\"breadcrumb\":{\"@id\":\"https:\\\/\\\/worldofflowerpots.com\\\/sklep\\\/donice-kamienne-urano\\\/#breadcrumb\"},\"inLanguage\":\"pl-PL\",\"potentialAction\":[{\"@type\":\"ReadAction\",\"target\":[\"https:\\\/\\\/worldofflowerpots.com\\\/sklep\\\/donice-kamienne-urano\\\/\"]}]},{\"@type\":\"ImageObject\",\"inLanguage\":\"pl-PL\",\"@id\":\"https:\\\/\\\/worldofflowerpots.com\\\/sklep\\\/donice-kamienne-urano\\\/#primaryimage\",\"url\":\"https:\\\/\\\/worldofflowerpots.com\\\/wp-content\\\/uploads\\\/2019\\\/03\\\/donice-kamienne-Urano.jpg\",\"contentUrl\":\"https:\\\/\\\/worldofflowerpots.com\\\/wp-content\\\/uploads\\\/2019\\\/03\\\/donice-kamienne-Urano.jpg\",\"width\":2280,\"height\":1612},{\"@type\":\"BreadcrumbList\",\"@id\":\"https:\\\/\\\/worldofflowerpots.com\\\/sklep\\\/donice-kamienne-urano\\\/#breadcrumb\",\"itemListElement\":[{\"@type\":\"ListItem\",\"position\":1,\"name\":\"Strona g\u0142\u00f3wna\",\"item\":\"https:\\\/\\\/worldofflowerpots.com\\\/\"},{\"@type\":\"ListItem\",\"position\":2,\"name\":\"Sklep\",\"item\":\"https:\\\/\\\/worldofflowerpots.com\\\/sklep\\\/\"},{\"@type\":\"ListItem\",\"position\":3,\"name\":\"Donice kamienne Urano\"}]},{\"@type\":\"WebSite\",\"@id\":\"https:\\\/\\\/worldofflowerpots.com\\\/#website\",\"url\":\"https:\\\/\\\/worldofflowerpots.com\\\/\",\"name\":\"World of Flowerpots\",\"description\":\"producent donic ozdobnych\",\"potentialAction\":[{\"@type\":\"SearchAction\",\"target\":{\"@type\":\"EntryPoint\",\"urlTemplate\":\"https:\\\/\\\/worldofflowerpots.com\\\/?s={search_term_string}\"},\"query-input\":{\"@type\":\"PropertyValueSpecification\",\"valueRequired\":true,\"valueName\":\"search_term_string\"}}],\"inLanguage\":\"pl-PL\"}]}<\/script>\n<!-- \/ Yoast SEO plugin. -->","yoast_head_json":{"title":"Donice kamienne Urano - l\u017cejsza alternatywa dla donic betonowych","description":"Donice kamienne Stone to idealne rozwi\u0105zanie do nowoczesnych wn\u0119trz. Struktura przypominaj\u0105ca kamie\u0144 lub beton wype\u0142ni ka\u017cde wn\u0119trze nowoczesnym designem.","robots":{"index":"index","follow":"follow","max-snippet":"max-snippet:-1","max-image-preview":"max-image-preview:large","max-video-preview":"max-video-preview:-1"},"canonical":"https:\/\/worldofflowerpots.com\/sklep\/donice-kamienne-urano\/","og_locale":"pl_PL","og_type":"article","og_title":"Donice kamienne Urano - l\u017cejsza alternatywa dla donic betonowych","og_description":"Donice kamienne Stone to idealne rozwi\u0105zanie do nowoczesnych wn\u0119trz. Struktura przypominaj\u0105ca kamie\u0144 lub beton wype\u0142ni ka\u017cde wn\u0119trze nowoczesnym designem.","og_url":"https:\/\/worldofflowerpots.com\/sklep\/donice-kamienne-urano\/","og_site_name":"World of Flowerpots","article_modified_time":"2019-04-03T11:59:08+00:00","og_image":[{"width":2280,"height":1612,"url":"https:\/\/worldofflowerpots.com\/wp-content\/uploads\/2019\/03\/donice-kamienne-Urano.jpg","type":"image\/jpeg"}],"twitter_card":"summary_large_image","twitter_misc":{"Szacowany czas czytania":"2 minuty"},"schema":{"@context":"https:\/\/schema.org","@graph":[{"@type":"WebPage","@id":"https:\/\/worldofflowerpots.com\/sklep\/donice-kamienne-urano\/","url":"https:\/\/worldofflowerpots.com\/sklep\/donice-kamienne-urano\/","name":"Donice kamienne Urano - l\u017cejsza alternatywa dla donic betonowych","isPartOf":{"@id":"https:\/\/worldofflowerpots.com\/#website"},"primaryImageOfPage":{"@id":"https:\/\/worldofflowerpots.com\/sklep\/donice-kamienne-urano\/#primaryimage"},"image":{"@id":"https:\/\/worldofflowerpots.com\/sklep\/donice-kamienne-urano\/#primaryimage"},"thumbnailUrl":"https:\/\/worldofflowerpots.com\/wp-content\/uploads\/2019\/03\/donice-kamienne-Urano.jpg","datePublished":"2019-03-13T12:04:24+00:00","dateModified":"2019-04-03T11:59:08+00:00","description":"Donice kamienne Stone to idealne rozwi\u0105zanie do nowoczesnych wn\u0119trz. Struktura przypominaj\u0105ca kamie\u0144 lub beton wype\u0142ni ka\u017cde wn\u0119trze nowoczesnym designem.","breadcrumb":{"@id":"https:\/\/worldofflowerpots.com\/sklep\/donice-kamienne-urano\/#breadcrumb"},"inLanguage":"pl-PL","potentialAction":[{"@type":"ReadAction","target":["https:\/\/worldofflowerpots.com\/sklep\/donice-kamienne-urano\/"]}]},{"@type":"ImageObject","inLanguage":"pl-PL","@id":"https:\/\/worldofflowerpots.com\/sklep\/donice-kamienne-urano\/#primaryimage","url":"https:\/\/worldofflowerpots.com\/wp-content\/uploads\/2019\/03\/donice-kamienne-Urano.jpg","contentUrl":"https:\/\/worldofflowerpots.com\/wp-content\/uploads\/2019\/03\/donice-kamienne-Urano.jpg","width":2280,"height":1612},{"@type":"BreadcrumbList","@id":"https:\/\/worldofflowerpots.com\/sklep\/donice-kamienne-urano\/#breadcrumb","itemListElement":[{"@type":"ListItem","position":1,"name":"Strona g\u0142\u00f3wna","item":"https:\/\/worldofflowerpots.com\/"},{"@type":"ListItem","position":2,"name":"Sklep","item":"https:\/\/worldofflowerpots.com\/sklep\/"},{"@type":"ListItem","position":3,"name":"Donice kamienne Urano"}]},{"@type":"WebSite","@id":"https:\/\/worldofflowerpots.com\/#website","url":"https:\/\/worldofflowerpots.com\/","name":"World of Flowerpots","description":"producent donic ozdobnych","potentialAction":[{"@type":"SearchAction","target":{"@type":"EntryPoint","urlTemplate":"https:\/\/worldofflowerpots.com\/?s={search_term_string}"},"query-input":{"@type":"PropertyValueSpecification","valueRequired":true,"valueName":"search_term_string"}}],"inLanguage":"pl-PL"}]}},"_links":{"self":[{"href":"https:\/\/worldofflowerpots.com\/pl\/wp-json\/wp\/v2\/product\/55513","targetHints":{"allow":["GET"]}}],"collection":[{"href":"https:\/\/worldofflowerpots.com\/pl\/wp-json\/wp\/v2\/product"}],"about":[{"href":"https:\/\/worldofflowerpots.com\/pl\/wp-json\/wp\/v2\/types\/product"}],"wp:featuredmedia":[{"embeddable":true,"href":"https:\/\/worldofflowerpots.com\/pl\/wp-json\/wp\/v2\/media\/56819"}],"wp:attachment":[{"href":"https:\/\/worldofflowerpots.com\/pl\/wp-json\/wp\/v2\/media?parent=55513"}],"wp:term":[{"taxonomy":"product_brand","embeddable":true,"href":"https:\/\/worldofflowerpots.com\/pl\/wp-json\/wp\/v2\/product_brand?post=55513"},{"taxonomy":"product_cat","embeddable":true,"href":"https:\/\/worldofflowerpots.com\/pl\/wp-json\/wp\/v2\/product_cat?post=55513"},{"taxonomy":"product_tag","embeddable":true,"href":"https:\/\/worldofflowerpots.com\/pl\/wp-json\/wp\/v2\/product_tag?post=55513"}],"curies":[{"name":"wp","href":"https:\/\/api.w.org\/{rel}","templated":true}]}}