{"id":55519,"date":"2019-03-13T13:28:07","date_gmt":"2019-03-13T12:28:07","guid":{"rendered":"https:\/\/worldofflowerpots.com\/?post_type=product&#038;p=55519"},"modified":"2019-04-03T13:56:54","modified_gmt":"2019-04-03T11:56:54","slug":"ozdobne-doniczki-manuel","status":"publish","type":"product","link":"https:\/\/worldofflowerpots.com\/pl\/sklep\/ozdobne-doniczki-manuel\/","title":{"rendered":"Ozdobne doniczki Manuel"},"content":{"rendered":"<h2><strong>Ozdobne doniczki Manuel<\/strong><\/h2>\n<p>Ozdobna donica Manuel, wykonana z w\u0142\u00f3kna szklanego pokrytego kwarcem oraz \u017cywic\u0105 akrylow\u0105 zapewni Twojemu ogrodowi po\u017c\u0105dany indywidualizm. Dzi\u0119ki r\u0119cznemu nak\u0142adaniu zewn\u0119trznej warstwy pokrycia donicy, wygl\u0105dem przypomina kamie\u0144 lub beton. W rzeczywisto\u015bci jednak ozdobne doniczki z kolekcji Stone s\u0105 niezwykle lekkie: umo\u017cliwi to samodzieln\u0105 zmian\u0119 ich po\u0142o\u017cenia. Materia\u0142, z kt\u00f3rego zosta\u0142y stworzone ozdobne donice jest r\u00f3wnie\u017c odporny na promieniowanie UV oraz niesprzyjaj\u0105ce warunki atmosferyczne. W razie deszczu oraz mrozu nie musimy chroni\u0107 doniczek przed ich dzia\u0142aniem. Ozdobne doniczki Stone nie powinny jednak zbyt d\u0142ugo przebywa\u0107 w wodzie. Ci\u0105g\u0142y kontakt z ni\u0105 mo\u017ce doprowadzi\u0107 do uszkodze\u0144 pow\u0142oki zewn\u0119trznej. Niezwykle \u0142atwo mo\u017cna jednak podda\u0107 je procesom renowacji, nak\u0142adaj\u0105c warstw\u0119 dobrej farby elewacyjnej. Donica Manuel o wymiarach 100 x 30 x 80 cm b\u0119dzie doskona\u0142ym dodatkiem do ogrodu. Wpisuje si\u0119 ona w ide\u0119 minimalizmu. W zale\u017cno\u015bci od preferencji klienta, donica Manuel wykonywana jest w a\u017c pi\u0119ciu jednolitych kolorach oraz dw\u00f3ch wzorach.<\/p>\n<h2><strong>Ozdoba sama w sobie<\/strong><\/h2>\n<p>Moda na posiadanie betonowych donic trwa nieprzerwanie od kilku sezon\u00f3w. Ozdobne doniczki to bardzo cz\u0119sty wyb\u00f3r umo\u017cliwiaj\u0105cy urozmaicenie ogrodu. Donice Stone s\u0105 \u015bwietn\u0105 alternatyw\u0105 dla donic betonowych. Wygl\u0105daj\u0105 podobnie jednak s\u0105 du\u017co l\u017cejsze. Doskonale b\u0119d\u0105 komponowa\u0142y si\u0119 z innymi elementami w\u00a0 ogrodzie. Zgodnie z najnowszymi trendami mo\u017cemy posadzi\u0107 w nich nie tylko ro\u015bliny, ale te\u017c drzewa czy krzewy. Dobrze dopasowana do ro\u015bliny donica b\u0119dzie pozwala\u0142a jej na szybki wzrost. Tego typu os\u0142onki na ro\u015bliny mo\u017cna postawi\u0107 w dowolnym miejscu dzia\u0142ki, aby stanowi\u0142y element urozmaicaj\u0105cy aran\u017cacj\u0119 przestrzeni zewn\u0119trznej. Co wi\u0119c posadzi\u0107 w betonowych donicach? W\u0105skie donice ogrodowe takie jak Manuel s\u0105 doskona\u0142ym miejscem do zasadzenia wrzos\u00f3w, bereberys\u00f3w, wysokich traw lub bylin. Swoje miejsce w tej donicy znale\u017a\u0107 mog\u0105 r\u00f3wnie\u017c sezonowe kwiaty. Doskona\u0142ym wyborem b\u0119dzie te\u017c lawenda, kt\u00f3ra uprzyjemni wygl\u0105d naszego ogrodu. Zapewni nam r\u00f3wnie\u017c doskona\u0142\u0105 aur\u0119 podczas wypoczynku.<\/p>\n","protected":false},"excerpt":{"rendered":"<p>Donica Manuel z w\u0142\u00f3kna szklanego pokrytego kwarcem i \u017cywic\u0105 akrylow\u0105. Wyst\u0119puje w pi\u0119ciu podstawowych jednolitych kolorach: bia\u0142ym, szarym, czarnym i dw\u00f3ch odcieniach br\u0105zu. Dost\u0119pna tak\u017ce w dw\u00f3ch wzorach w czterech wersjach kolorystycznych. Donica produkowana jest w standardzie z otworami odp\u0142ywowymi. Waga donicy to: 15 kg, a wymiary: d\u0142ugo\u015b\u0107: 100 cm, szeroko\u015b\u0107: 30 cm, wysoko\u015b\u0107: 80 cm.<\/p>\n","protected":false},"featured_media":56809,"template":"","meta":{"_acf_changed":false},"product_brand":[],"product_cat":[385],"product_tag":[448,444,447,451],"class_list":{"0":"post-55519","1":"product","2":"type-product","3":"status-publish","4":"has-post-thumbnail","6":"product_cat-donice-stone","7":"product_tag-donice-balkonowe","8":"product_tag-donice-ogrodowe","9":"product_tag-donice-tarasowe","10":"product_tag-donice-wewnetrzne","11":"description-off","12":"tm-has-options","14":"first","15":"instock","16":"shipping-taxable","17":"purchasable","18":"product-type-simple"},"acf":[],"yoast_head":"<!-- This site is optimized with the Yoast SEO plugin v27.5 - https:\/\/yoast.com\/product\/yoast-seo-wordpress\/ -->\n<title>Ozdobne doniczki Manuel - w\u0105skie donice idealne do ro\u015blin pn\u0105cych<\/title>\n<meta name=\"description\" content=\"Ozdobne doniczki to bardzo cz\u0119sty wyb\u00f3r umo\u017cliwiaj\u0105cy urozmaicenie ogrodu. Wygl\u0105daj\u0105 podobnie do donic betonowych, ale s\u0105 du\u017co l\u017cejsze.\" \/>\n<meta name=\"robots\" content=\"index, follow, max-snippet:-1, max-image-preview:large, max-video-preview:-1\" \/>\n<link rel=\"canonical\" href=\"https:\/\/worldofflowerpots.com\/sklep\/ozdobne-doniczki-manuel\/\" \/>\n<meta property=\"og:locale\" content=\"pl_PL\" \/>\n<meta property=\"og:type\" content=\"article\" \/>\n<meta property=\"og:title\" content=\"Ozdobne doniczki Manuel - w\u0105skie donice idealne do ro\u015blin pn\u0105cych\" \/>\n<meta property=\"og:description\" content=\"Ozdobne doniczki to bardzo cz\u0119sty wyb\u00f3r umo\u017cliwiaj\u0105cy urozmaicenie ogrodu. Wygl\u0105daj\u0105 podobnie do donic betonowych, ale s\u0105 du\u017co l\u017cejsze.\" \/>\n<meta property=\"og:url\" content=\"https:\/\/worldofflowerpots.com\/sklep\/ozdobne-doniczki-manuel\/\" \/>\n<meta property=\"og:site_name\" content=\"World of Flowerpots\" \/>\n<meta property=\"article:modified_time\" content=\"2019-04-03T11:56:54+00:00\" \/>\n<meta property=\"og:image\" content=\"https:\/\/worldofflowerpots.com\/wp-content\/uploads\/2019\/03\/ozdobne-doniczki-Manuel.jpg\" \/>\n\t<meta property=\"og:image:width\" content=\"2280\" \/>\n\t<meta property=\"og:image:height\" content=\"1612\" \/>\n\t<meta property=\"og:image:type\" content=\"image\/jpeg\" \/>\n<meta name=\"twitter:card\" content=\"summary_large_image\" \/>\n<meta name=\"twitter:label1\" content=\"Szacowany czas czytania\" \/>\n\t<meta name=\"twitter:data1\" content=\"2 minuty\" \/>\n<script type=\"application\/ld+json\" class=\"yoast-schema-graph\">{\"@context\":\"https:\\\/\\\/schema.org\",\"@graph\":[{\"@type\":\"WebPage\",\"@id\":\"https:\\\/\\\/worldofflowerpots.com\\\/sklep\\\/ozdobne-doniczki-manuel\\\/\",\"url\":\"https:\\\/\\\/worldofflowerpots.com\\\/sklep\\\/ozdobne-doniczki-manuel\\\/\",\"name\":\"Ozdobne doniczki Manuel - w\u0105skie donice idealne do ro\u015blin pn\u0105cych\",\"isPartOf\":{\"@id\":\"https:\\\/\\\/worldofflowerpots.com\\\/#website\"},\"primaryImageOfPage\":{\"@id\":\"https:\\\/\\\/worldofflowerpots.com\\\/sklep\\\/ozdobne-doniczki-manuel\\\/#primaryimage\"},\"image\":{\"@id\":\"https:\\\/\\\/worldofflowerpots.com\\\/sklep\\\/ozdobne-doniczki-manuel\\\/#primaryimage\"},\"thumbnailUrl\":\"https:\\\/\\\/worldofflowerpots.com\\\/wp-content\\\/uploads\\\/2019\\\/03\\\/ozdobne-doniczki-Manuel.jpg\",\"datePublished\":\"2019-03-13T12:28:07+00:00\",\"dateModified\":\"2019-04-03T11:56:54+00:00\",\"description\":\"Ozdobne doniczki to bardzo cz\u0119sty wyb\u00f3r umo\u017cliwiaj\u0105cy urozmaicenie ogrodu. Wygl\u0105daj\u0105 podobnie do donic betonowych, ale s\u0105 du\u017co l\u017cejsze.\",\"breadcrumb\":{\"@id\":\"https:\\\/\\\/worldofflowerpots.com\\\/sklep\\\/ozdobne-doniczki-manuel\\\/#breadcrumb\"},\"inLanguage\":\"pl-PL\",\"potentialAction\":[{\"@type\":\"ReadAction\",\"target\":[\"https:\\\/\\\/worldofflowerpots.com\\\/sklep\\\/ozdobne-doniczki-manuel\\\/\"]}]},{\"@type\":\"ImageObject\",\"inLanguage\":\"pl-PL\",\"@id\":\"https:\\\/\\\/worldofflowerpots.com\\\/sklep\\\/ozdobne-doniczki-manuel\\\/#primaryimage\",\"url\":\"https:\\\/\\\/worldofflowerpots.com\\\/wp-content\\\/uploads\\\/2019\\\/03\\\/ozdobne-doniczki-Manuel.jpg\",\"contentUrl\":\"https:\\\/\\\/worldofflowerpots.com\\\/wp-content\\\/uploads\\\/2019\\\/03\\\/ozdobne-doniczki-Manuel.jpg\",\"width\":2280,\"height\":1612},{\"@type\":\"BreadcrumbList\",\"@id\":\"https:\\\/\\\/worldofflowerpots.com\\\/sklep\\\/ozdobne-doniczki-manuel\\\/#breadcrumb\",\"itemListElement\":[{\"@type\":\"ListItem\",\"position\":1,\"name\":\"Strona g\u0142\u00f3wna\",\"item\":\"https:\\\/\\\/worldofflowerpots.com\\\/\"},{\"@type\":\"ListItem\",\"position\":2,\"name\":\"Sklep\",\"item\":\"https:\\\/\\\/worldofflowerpots.com\\\/sklep\\\/\"},{\"@type\":\"ListItem\",\"position\":3,\"name\":\"Ozdobne doniczki Manuel\"}]},{\"@type\":\"WebSite\",\"@id\":\"https:\\\/\\\/worldofflowerpots.com\\\/#website\",\"url\":\"https:\\\/\\\/worldofflowerpots.com\\\/\",\"name\":\"World of Flowerpots\",\"description\":\"producent donic ozdobnych\",\"potentialAction\":[{\"@type\":\"SearchAction\",\"target\":{\"@type\":\"EntryPoint\",\"urlTemplate\":\"https:\\\/\\\/worldofflowerpots.com\\\/?s={search_term_string}\"},\"query-input\":{\"@type\":\"PropertyValueSpecification\",\"valueRequired\":true,\"valueName\":\"search_term_string\"}}],\"inLanguage\":\"pl-PL\"}]}<\/script>\n<!-- \/ Yoast SEO plugin. -->","yoast_head_json":{"title":"Ozdobne doniczki Manuel - w\u0105skie donice idealne do ro\u015blin pn\u0105cych","description":"Ozdobne doniczki to bardzo cz\u0119sty wyb\u00f3r umo\u017cliwiaj\u0105cy urozmaicenie ogrodu. Wygl\u0105daj\u0105 podobnie do donic betonowych, ale s\u0105 du\u017co l\u017cejsze.","robots":{"index":"index","follow":"follow","max-snippet":"max-snippet:-1","max-image-preview":"max-image-preview:large","max-video-preview":"max-video-preview:-1"},"canonical":"https:\/\/worldofflowerpots.com\/sklep\/ozdobne-doniczki-manuel\/","og_locale":"pl_PL","og_type":"article","og_title":"Ozdobne doniczki Manuel - w\u0105skie donice idealne do ro\u015blin pn\u0105cych","og_description":"Ozdobne doniczki to bardzo cz\u0119sty wyb\u00f3r umo\u017cliwiaj\u0105cy urozmaicenie ogrodu. Wygl\u0105daj\u0105 podobnie do donic betonowych, ale s\u0105 du\u017co l\u017cejsze.","og_url":"https:\/\/worldofflowerpots.com\/sklep\/ozdobne-doniczki-manuel\/","og_site_name":"World of Flowerpots","article_modified_time":"2019-04-03T11:56:54+00:00","og_image":[{"width":2280,"height":1612,"url":"https:\/\/worldofflowerpots.com\/wp-content\/uploads\/2019\/03\/ozdobne-doniczki-Manuel.jpg","type":"image\/jpeg"}],"twitter_card":"summary_large_image","twitter_misc":{"Szacowany czas czytania":"2 minuty"},"schema":{"@context":"https:\/\/schema.org","@graph":[{"@type":"WebPage","@id":"https:\/\/worldofflowerpots.com\/sklep\/ozdobne-doniczki-manuel\/","url":"https:\/\/worldofflowerpots.com\/sklep\/ozdobne-doniczki-manuel\/","name":"Ozdobne doniczki Manuel - w\u0105skie donice idealne do ro\u015blin pn\u0105cych","isPartOf":{"@id":"https:\/\/worldofflowerpots.com\/#website"},"primaryImageOfPage":{"@id":"https:\/\/worldofflowerpots.com\/sklep\/ozdobne-doniczki-manuel\/#primaryimage"},"image":{"@id":"https:\/\/worldofflowerpots.com\/sklep\/ozdobne-doniczki-manuel\/#primaryimage"},"thumbnailUrl":"https:\/\/worldofflowerpots.com\/wp-content\/uploads\/2019\/03\/ozdobne-doniczki-Manuel.jpg","datePublished":"2019-03-13T12:28:07+00:00","dateModified":"2019-04-03T11:56:54+00:00","description":"Ozdobne doniczki to bardzo cz\u0119sty wyb\u00f3r umo\u017cliwiaj\u0105cy urozmaicenie ogrodu. Wygl\u0105daj\u0105 podobnie do donic betonowych, ale s\u0105 du\u017co l\u017cejsze.","breadcrumb":{"@id":"https:\/\/worldofflowerpots.com\/sklep\/ozdobne-doniczki-manuel\/#breadcrumb"},"inLanguage":"pl-PL","potentialAction":[{"@type":"ReadAction","target":["https:\/\/worldofflowerpots.com\/sklep\/ozdobne-doniczki-manuel\/"]}]},{"@type":"ImageObject","inLanguage":"pl-PL","@id":"https:\/\/worldofflowerpots.com\/sklep\/ozdobne-doniczki-manuel\/#primaryimage","url":"https:\/\/worldofflowerpots.com\/wp-content\/uploads\/2019\/03\/ozdobne-doniczki-Manuel.jpg","contentUrl":"https:\/\/worldofflowerpots.com\/wp-content\/uploads\/2019\/03\/ozdobne-doniczki-Manuel.jpg","width":2280,"height":1612},{"@type":"BreadcrumbList","@id":"https:\/\/worldofflowerpots.com\/sklep\/ozdobne-doniczki-manuel\/#breadcrumb","itemListElement":[{"@type":"ListItem","position":1,"name":"Strona g\u0142\u00f3wna","item":"https:\/\/worldofflowerpots.com\/"},{"@type":"ListItem","position":2,"name":"Sklep","item":"https:\/\/worldofflowerpots.com\/sklep\/"},{"@type":"ListItem","position":3,"name":"Ozdobne doniczki Manuel"}]},{"@type":"WebSite","@id":"https:\/\/worldofflowerpots.com\/#website","url":"https:\/\/worldofflowerpots.com\/","name":"World of Flowerpots","description":"producent donic ozdobnych","potentialAction":[{"@type":"SearchAction","target":{"@type":"EntryPoint","urlTemplate":"https:\/\/worldofflowerpots.com\/?s={search_term_string}"},"query-input":{"@type":"PropertyValueSpecification","valueRequired":true,"valueName":"search_term_string"}}],"inLanguage":"pl-PL"}]}},"_links":{"self":[{"href":"https:\/\/worldofflowerpots.com\/pl\/wp-json\/wp\/v2\/product\/55519","targetHints":{"allow":["GET"]}}],"collection":[{"href":"https:\/\/worldofflowerpots.com\/pl\/wp-json\/wp\/v2\/product"}],"about":[{"href":"https:\/\/worldofflowerpots.com\/pl\/wp-json\/wp\/v2\/types\/product"}],"wp:featuredmedia":[{"embeddable":true,"href":"https:\/\/worldofflowerpots.com\/pl\/wp-json\/wp\/v2\/media\/56809"}],"wp:attachment":[{"href":"https:\/\/worldofflowerpots.com\/pl\/wp-json\/wp\/v2\/media?parent=55519"}],"wp:term":[{"taxonomy":"product_brand","embeddable":true,"href":"https:\/\/worldofflowerpots.com\/pl\/wp-json\/wp\/v2\/product_brand?post=55519"},{"taxonomy":"product_cat","embeddable":true,"href":"https:\/\/worldofflowerpots.com\/pl\/wp-json\/wp\/v2\/product_cat?post=55519"},{"taxonomy":"product_tag","embeddable":true,"href":"https:\/\/worldofflowerpots.com\/pl\/wp-json\/wp\/v2\/product_tag?post=55519"}],"curies":[{"name":"wp","href":"https:\/\/api.w.org\/{rel}","templated":true}]}}