{"id":55525,"date":"2019-03-13T13:43:55","date_gmt":"2019-03-13T12:43:55","guid":{"rendered":"https:\/\/worldofflowerpots.com\/?post_type=product&#038;p=55525"},"modified":"2019-04-03T13:54:24","modified_gmt":"2019-04-03T11:54:24","slug":"doniczki-na-kwiaty-lorenzo","status":"publish","type":"product","link":"https:\/\/worldofflowerpots.com\/pl\/sklep\/doniczki-na-kwiaty-lorenzo\/","title":{"rendered":"Doniczki na kwiaty Lorenzo"},"content":{"rendered":"<h2><strong>Lorenzo &#8211; prostota i oryginalno\u015b\u0107<\/strong><\/h2>\n<p>W\u015br\u00f3d wymy\u015blnych wzor\u00f3w i skomplikowanych aran\u017cacji trudno trafi\u0107 na co\u015b, co przykuje uwag\u0119 i wzbudzi zainteresowanie. W\u015br\u00f3d r\u00f3\u017cnokszta\u0142tnych ozd\u00f3b i wielobarwnych krasnali, proste, regularne kszta\u0142ty oraz stonowane kolory s\u0105 zwykle mi\u0142\u0105 odmian\u0105 dla oka. Postawmy zatem na prostot\u0119! Doniczki na kwiaty Lorenzo doskonale pasuj\u0105 do nowoczesnego designu i tworz\u0105 tak upragniony oryginalny klimat. S\u0105 zarazem praktyczn\u0105 ozdob\u0105 ka\u017cdego ogrodu. Donice wykonane s\u0105 z w\u0142\u00f3kna szklanego i mimo du\u017cych rozmiar\u00f3w s\u0105 wyj\u0105tkowo lekkie, a zarazem solidne. Ich zewn\u0119trzna powierzchnia pokryta jest mieszanin\u0105 kwarcu i \u017cywicy akrylowej, co daje wizualny efekt kamienia b\u0105d\u017a betonu. Oferujemy doniczki na kwiaty, kt\u00f3re s\u0105 odporne na promienie UV oraz niekorzystne warunki atmosferyczne takie jak mr\u00f3z, deszcz i wysoka temperatura. Niebywa\u0142\u0105 ich zalet\u0105 jest to, \u017ce wszelkie ewentualne drobne uszkodzenia mo\u017cna zamaskowa\u0107 przy pomocy farby elewacyjnej. Zdarzaj\u0105 si\u0119 one jednak bardzo rzadko ze wzgl\u0119du na w\u0142a\u015bciwo\u015bci zastosowanego kwarcu.<\/p>\n<h2><strong>R\u00f3\u017cne wzory i kolory<\/strong><\/h2>\n<p>Wybieraj\u0105c doniczki na kwiaty Lorenzo, mamy do dyspozycji dwa warianty\u00a0powierzchni zewn\u0119trznej: g\u0142adki, gdzie mo\u017cemy wybra\u0107 spo\u015br\u00f3d pi\u0119ciu kolor\u00f3w oraz dwa desenie, kt\u00f3re dost\u0119pne s\u0105 w czterech wersjach kolorystycznych.<\/p>\n<p>Dzi\u0119ki naszym doniczkom mo\u017cna w ciekawy spos\u00f3b zaaran\u017cowa\u0107 ogr\u00f3d b\u0105d\u017a taras. Ustawiaj\u0105c kilka donic w niewielkich odleg\u0142o\u015bciach wzd\u0142u\u017c \u015bcie\u017cki, mo\u017cna stworzy\u0107 oryginalne ogrodzenie. Posadzenie w nich zwisaj\u0105cych kwiat\u00f3w da niesamowity efekt. Dzi\u0119ki nim mo\u017cemy dyskretnie odgrodzi\u0107 pewn\u0105 cz\u0119\u015b\u0107 ogrodu i stworzy\u0107 mi\u0142y, cichy zak\u0105tek. Otaczaj\u0105c nimi basen stela\u017cowy, wtopimy go w otoczenie i wprawimy w zachwyt naszych go\u015bci. Je\u015bli posiadamy otwarty taras, to doniczki na kwiaty utworz\u0105 mi\u0142y parkanik. Rzecz jasna nie musimy ogranicza\u0107 si\u0119 jedynie do kwiat\u00f3w. Uzupe\u0142nienie doniczek ziemi\u0105 i przykrycie jej warstw\u0105 ozdobnych kamieni stworzy ciekaw\u0105 dekoracj\u0119 w naszym ogrodzie.<\/p>\n<p>Umieszczenie w nich niskich lampek solarnych da wieczorem niezapomniany efekt.<\/p>\n<h2><strong>Jeden czy wi\u0119cej?<\/strong><\/h2>\n<p>Nie ograniczajmy si\u0119 do jednego wzoru. Zestawienie Lorenzo z innymi donicami z naszej oferty pozwoli na utworzenie niespotykanych dekoracji.\u00a0\u0141\u0105cz\u0105c r\u00f3\u017cne wielko\u015bci donic mo\u017cna stworzy\u0107 kwieciste wyspy. Postawmy kilka ko\u0142o le\u017cak\u00f3w i cieszmy si\u0119 zapachem \u015bwie\u017cych kwiat\u00f3w. W zasadzie ogranicza nas tylko w\u0142asna wyobra\u017ania, a z pomoc\u0105 naszych donic, mo\u017cemy sta\u0107 si\u0119 prawdziwymi architektami krajobrazu.<\/p>\n","protected":false},"excerpt":{"rendered":"<p>Donica Lorenzo z w\u0142\u00f3kna szklanego pokrytego kwarcem i \u017cywic\u0105 akrylow\u0105. Wyst\u0119puje w pi\u0119ciu podstawowych jednolitych kolorach: bia\u0142ym, szarym, czarnym i dw\u00f3ch odcieniach br\u0105zu. Dost\u0119pna tak\u017ce w dw\u00f3ch wzorach w czterech wersjach kolorystycznych. Donica produkowana jest w standardzie z otworami odp\u0142ywowymi. Waga donicy to: 19 kg, a wymiary: d\u0142ugo\u015b\u0107: 90 cm, szeroko\u015b\u0107: 25 cm, wysoko\u015b\u0107: 80 cm.<\/p>\n","protected":false},"featured_media":56799,"template":"","meta":{"_acf_changed":false},"product_brand":[],"product_cat":[385],"product_tag":[448,444,447,451],"class_list":{"0":"post-55525","1":"product","2":"type-product","3":"status-publish","4":"has-post-thumbnail","6":"product_cat-donice-stone","7":"product_tag-donice-balkonowe","8":"product_tag-donice-ogrodowe","9":"product_tag-donice-tarasowe","10":"product_tag-donice-wewnetrzne","11":"description-off","12":"tm-has-options","14":"first","15":"instock","16":"shipping-taxable","17":"purchasable","18":"product-type-simple"},"acf":[],"yoast_head":"<!-- This site is optimized with the Yoast SEO plugin v27.5 - https:\/\/yoast.com\/product\/yoast-seo-wordpress\/ -->\n<title>Doniczki na kwiaty Lorenzo - kr\u00f3tkie i w\u0105skie dla drobnych ro\u015blin<\/title>\n<meta name=\"description\" content=\"Oferujemy doniczki na kwiaty, kt\u00f3re s\u0105 odporne na promienie UV oraz niekorzystne warunki atmosferyczne takie jak mr\u00f3z, deszcz i wysoka temperatura.\" \/>\n<meta name=\"robots\" content=\"index, follow, max-snippet:-1, max-image-preview:large, max-video-preview:-1\" \/>\n<link rel=\"canonical\" href=\"https:\/\/worldofflowerpots.com\/sklep\/doniczki-na-kwiaty-lorenzo\/\" \/>\n<meta property=\"og:locale\" content=\"pl_PL\" \/>\n<meta property=\"og:type\" content=\"article\" \/>\n<meta property=\"og:title\" content=\"Doniczki na kwiaty Lorenzo - kr\u00f3tkie i w\u0105skie dla drobnych ro\u015blin\" \/>\n<meta property=\"og:description\" content=\"Oferujemy doniczki na kwiaty, kt\u00f3re s\u0105 odporne na promienie UV oraz niekorzystne warunki atmosferyczne takie jak mr\u00f3z, deszcz i wysoka temperatura.\" \/>\n<meta property=\"og:url\" content=\"https:\/\/worldofflowerpots.com\/sklep\/doniczki-na-kwiaty-lorenzo\/\" \/>\n<meta property=\"og:site_name\" content=\"World of Flowerpots\" \/>\n<meta property=\"article:modified_time\" content=\"2019-04-03T11:54:24+00:00\" \/>\n<meta property=\"og:image\" content=\"https:\/\/worldofflowerpots.com\/wp-content\/uploads\/2019\/03\/doniczki-na-kwiaty-Lorenzo.jpg\" \/>\n\t<meta property=\"og:image:width\" content=\"2280\" \/>\n\t<meta property=\"og:image:height\" content=\"1612\" \/>\n\t<meta property=\"og:image:type\" content=\"image\/jpeg\" \/>\n<meta name=\"twitter:card\" content=\"summary_large_image\" \/>\n<meta name=\"twitter:label1\" content=\"Szacowany czas czytania\" \/>\n\t<meta name=\"twitter:data1\" content=\"2 minuty\" \/>\n<script type=\"application\/ld+json\" class=\"yoast-schema-graph\">{\"@context\":\"https:\\\/\\\/schema.org\",\"@graph\":[{\"@type\":\"WebPage\",\"@id\":\"https:\\\/\\\/worldofflowerpots.com\\\/sklep\\\/doniczki-na-kwiaty-lorenzo\\\/\",\"url\":\"https:\\\/\\\/worldofflowerpots.com\\\/sklep\\\/doniczki-na-kwiaty-lorenzo\\\/\",\"name\":\"Doniczki na kwiaty Lorenzo - kr\u00f3tkie i w\u0105skie dla drobnych ro\u015blin\",\"isPartOf\":{\"@id\":\"https:\\\/\\\/worldofflowerpots.com\\\/#website\"},\"primaryImageOfPage\":{\"@id\":\"https:\\\/\\\/worldofflowerpots.com\\\/sklep\\\/doniczki-na-kwiaty-lorenzo\\\/#primaryimage\"},\"image\":{\"@id\":\"https:\\\/\\\/worldofflowerpots.com\\\/sklep\\\/doniczki-na-kwiaty-lorenzo\\\/#primaryimage\"},\"thumbnailUrl\":\"https:\\\/\\\/worldofflowerpots.com\\\/wp-content\\\/uploads\\\/2019\\\/03\\\/doniczki-na-kwiaty-Lorenzo.jpg\",\"datePublished\":\"2019-03-13T12:43:55+00:00\",\"dateModified\":\"2019-04-03T11:54:24+00:00\",\"description\":\"Oferujemy doniczki na kwiaty, kt\u00f3re s\u0105 odporne na promienie UV oraz niekorzystne warunki atmosferyczne takie jak mr\u00f3z, deszcz i wysoka temperatura.\",\"breadcrumb\":{\"@id\":\"https:\\\/\\\/worldofflowerpots.com\\\/sklep\\\/doniczki-na-kwiaty-lorenzo\\\/#breadcrumb\"},\"inLanguage\":\"pl-PL\",\"potentialAction\":[{\"@type\":\"ReadAction\",\"target\":[\"https:\\\/\\\/worldofflowerpots.com\\\/sklep\\\/doniczki-na-kwiaty-lorenzo\\\/\"]}]},{\"@type\":\"ImageObject\",\"inLanguage\":\"pl-PL\",\"@id\":\"https:\\\/\\\/worldofflowerpots.com\\\/sklep\\\/doniczki-na-kwiaty-lorenzo\\\/#primaryimage\",\"url\":\"https:\\\/\\\/worldofflowerpots.com\\\/wp-content\\\/uploads\\\/2019\\\/03\\\/doniczki-na-kwiaty-Lorenzo.jpg\",\"contentUrl\":\"https:\\\/\\\/worldofflowerpots.com\\\/wp-content\\\/uploads\\\/2019\\\/03\\\/doniczki-na-kwiaty-Lorenzo.jpg\",\"width\":2280,\"height\":1612},{\"@type\":\"BreadcrumbList\",\"@id\":\"https:\\\/\\\/worldofflowerpots.com\\\/sklep\\\/doniczki-na-kwiaty-lorenzo\\\/#breadcrumb\",\"itemListElement\":[{\"@type\":\"ListItem\",\"position\":1,\"name\":\"Strona g\u0142\u00f3wna\",\"item\":\"https:\\\/\\\/worldofflowerpots.com\\\/\"},{\"@type\":\"ListItem\",\"position\":2,\"name\":\"Sklep\",\"item\":\"https:\\\/\\\/worldofflowerpots.com\\\/sklep\\\/\"},{\"@type\":\"ListItem\",\"position\":3,\"name\":\"Doniczki na kwiaty Lorenzo\"}]},{\"@type\":\"WebSite\",\"@id\":\"https:\\\/\\\/worldofflowerpots.com\\\/#website\",\"url\":\"https:\\\/\\\/worldofflowerpots.com\\\/\",\"name\":\"World of Flowerpots\",\"description\":\"producent donic ozdobnych\",\"potentialAction\":[{\"@type\":\"SearchAction\",\"target\":{\"@type\":\"EntryPoint\",\"urlTemplate\":\"https:\\\/\\\/worldofflowerpots.com\\\/?s={search_term_string}\"},\"query-input\":{\"@type\":\"PropertyValueSpecification\",\"valueRequired\":true,\"valueName\":\"search_term_string\"}}],\"inLanguage\":\"pl-PL\"}]}<\/script>\n<!-- \/ Yoast SEO plugin. -->","yoast_head_json":{"title":"Doniczki na kwiaty Lorenzo - kr\u00f3tkie i w\u0105skie dla drobnych ro\u015blin","description":"Oferujemy doniczki na kwiaty, kt\u00f3re s\u0105 odporne na promienie UV oraz niekorzystne warunki atmosferyczne takie jak mr\u00f3z, deszcz i wysoka temperatura.","robots":{"index":"index","follow":"follow","max-snippet":"max-snippet:-1","max-image-preview":"max-image-preview:large","max-video-preview":"max-video-preview:-1"},"canonical":"https:\/\/worldofflowerpots.com\/sklep\/doniczki-na-kwiaty-lorenzo\/","og_locale":"pl_PL","og_type":"article","og_title":"Doniczki na kwiaty Lorenzo - kr\u00f3tkie i w\u0105skie dla drobnych ro\u015blin","og_description":"Oferujemy doniczki na kwiaty, kt\u00f3re s\u0105 odporne na promienie UV oraz niekorzystne warunki atmosferyczne takie jak mr\u00f3z, deszcz i wysoka temperatura.","og_url":"https:\/\/worldofflowerpots.com\/sklep\/doniczki-na-kwiaty-lorenzo\/","og_site_name":"World of Flowerpots","article_modified_time":"2019-04-03T11:54:24+00:00","og_image":[{"width":2280,"height":1612,"url":"https:\/\/worldofflowerpots.com\/wp-content\/uploads\/2019\/03\/doniczki-na-kwiaty-Lorenzo.jpg","type":"image\/jpeg"}],"twitter_card":"summary_large_image","twitter_misc":{"Szacowany czas czytania":"2 minuty"},"schema":{"@context":"https:\/\/schema.org","@graph":[{"@type":"WebPage","@id":"https:\/\/worldofflowerpots.com\/sklep\/doniczki-na-kwiaty-lorenzo\/","url":"https:\/\/worldofflowerpots.com\/sklep\/doniczki-na-kwiaty-lorenzo\/","name":"Doniczki na kwiaty Lorenzo - kr\u00f3tkie i w\u0105skie dla drobnych ro\u015blin","isPartOf":{"@id":"https:\/\/worldofflowerpots.com\/#website"},"primaryImageOfPage":{"@id":"https:\/\/worldofflowerpots.com\/sklep\/doniczki-na-kwiaty-lorenzo\/#primaryimage"},"image":{"@id":"https:\/\/worldofflowerpots.com\/sklep\/doniczki-na-kwiaty-lorenzo\/#primaryimage"},"thumbnailUrl":"https:\/\/worldofflowerpots.com\/wp-content\/uploads\/2019\/03\/doniczki-na-kwiaty-Lorenzo.jpg","datePublished":"2019-03-13T12:43:55+00:00","dateModified":"2019-04-03T11:54:24+00:00","description":"Oferujemy doniczki na kwiaty, kt\u00f3re s\u0105 odporne na promienie UV oraz niekorzystne warunki atmosferyczne takie jak mr\u00f3z, deszcz i wysoka temperatura.","breadcrumb":{"@id":"https:\/\/worldofflowerpots.com\/sklep\/doniczki-na-kwiaty-lorenzo\/#breadcrumb"},"inLanguage":"pl-PL","potentialAction":[{"@type":"ReadAction","target":["https:\/\/worldofflowerpots.com\/sklep\/doniczki-na-kwiaty-lorenzo\/"]}]},{"@type":"ImageObject","inLanguage":"pl-PL","@id":"https:\/\/worldofflowerpots.com\/sklep\/doniczki-na-kwiaty-lorenzo\/#primaryimage","url":"https:\/\/worldofflowerpots.com\/wp-content\/uploads\/2019\/03\/doniczki-na-kwiaty-Lorenzo.jpg","contentUrl":"https:\/\/worldofflowerpots.com\/wp-content\/uploads\/2019\/03\/doniczki-na-kwiaty-Lorenzo.jpg","width":2280,"height":1612},{"@type":"BreadcrumbList","@id":"https:\/\/worldofflowerpots.com\/sklep\/doniczki-na-kwiaty-lorenzo\/#breadcrumb","itemListElement":[{"@type":"ListItem","position":1,"name":"Strona g\u0142\u00f3wna","item":"https:\/\/worldofflowerpots.com\/"},{"@type":"ListItem","position":2,"name":"Sklep","item":"https:\/\/worldofflowerpots.com\/sklep\/"},{"@type":"ListItem","position":3,"name":"Doniczki na kwiaty Lorenzo"}]},{"@type":"WebSite","@id":"https:\/\/worldofflowerpots.com\/#website","url":"https:\/\/worldofflowerpots.com\/","name":"World of Flowerpots","description":"producent donic ozdobnych","potentialAction":[{"@type":"SearchAction","target":{"@type":"EntryPoint","urlTemplate":"https:\/\/worldofflowerpots.com\/?s={search_term_string}"},"query-input":{"@type":"PropertyValueSpecification","valueRequired":true,"valueName":"search_term_string"}}],"inLanguage":"pl-PL"}]}},"_links":{"self":[{"href":"https:\/\/worldofflowerpots.com\/pl\/wp-json\/wp\/v2\/product\/55525","targetHints":{"allow":["GET"]}}],"collection":[{"href":"https:\/\/worldofflowerpots.com\/pl\/wp-json\/wp\/v2\/product"}],"about":[{"href":"https:\/\/worldofflowerpots.com\/pl\/wp-json\/wp\/v2\/types\/product"}],"wp:featuredmedia":[{"embeddable":true,"href":"https:\/\/worldofflowerpots.com\/pl\/wp-json\/wp\/v2\/media\/56799"}],"wp:attachment":[{"href":"https:\/\/worldofflowerpots.com\/pl\/wp-json\/wp\/v2\/media?parent=55525"}],"wp:term":[{"taxonomy":"product_brand","embeddable":true,"href":"https:\/\/worldofflowerpots.com\/pl\/wp-json\/wp\/v2\/product_brand?post=55525"},{"taxonomy":"product_cat","embeddable":true,"href":"https:\/\/worldofflowerpots.com\/pl\/wp-json\/wp\/v2\/product_cat?post=55525"},{"taxonomy":"product_tag","embeddable":true,"href":"https:\/\/worldofflowerpots.com\/pl\/wp-json\/wp\/v2\/product_tag?post=55525"}],"curies":[{"name":"wp","href":"https:\/\/api.w.org\/{rel}","templated":true}]}}