{"id":55532,"date":"2019-03-13T14:17:25","date_gmt":"2019-03-13T13:17:25","guid":{"rendered":"https:\/\/worldofflowerpots.com\/?post_type=product&#038;p=55532"},"modified":"2019-04-04T09:06:18","modified_gmt":"2019-04-04T07:06:18","slug":"donice-do-wnetrz-luigi","status":"publish","type":"product","link":"https:\/\/worldofflowerpots.com\/pl\/sklep\/donice-do-wnetrz-luigi\/","title":{"rendered":"Donice do wn\u0119trz Luigi"},"content":{"rendered":"<h2>Donice Stone jako dekoracja wn\u0119trz<\/h2>\n<p>Nowatorskie produkty serii Stone to donice\u00a0wyprodukowane z\u00a0dobrego gatunku\u00a0materia\u0142\u00f3w.\u00a0Celem by\u0142o uzyskanie atrakcyjnego wygl\u0105du imituj\u0105cego po\u0142\u0105czenie betonu i kamienia.\u00a0Donice do wn\u0119trz\u00a0bardzo dobrze wpasowuj\u0105 si\u0119 jako dekoracja r\u00f3\u017cnego rodzaju przestrzeni publicznych. Kilka dost\u0119pnych kolor\u00f3w produktu daje mo\u017cliwo\u015b\u0107 dobrego wkomponowania\u00a0wystroju\u00a0wn\u0119trza. Dost\u0119pne jest pi\u0119\u0107\u00a0kolor\u00f3w powierzchni jednolitej oraz cztery kolory dla ka\u017cdego z dw\u00f3ch wzor\u00f3w.\u00a0 Materia\u0142, z kt\u00f3rego s\u0105 wykonane donice jest wytrzyma\u0142y na niekorzystne warunki atmosferyczne takie jak promienie UV, deszcz, czy mr\u00f3z. Umo\u017cliwia to zastosowanie tych samych donic zar\u00f3wno wewn\u0105trz obiektu, jak i na tarasie lub patio. Nale\u017cy jedynie mie\u0107 na uwadze, by donice z serii Stone nie sta\u0142y przez d\u0142u\u017cszy czas w wodzie, gdy\u017c mo\u017ce to uszkodzi\u0107 ich powierzchni\u0119.<\/p>\n<p>Donice do wn\u0119trz\u00a0cechuj\u0105 si\u0119 pi\u0119knym, r\u0119cznie wykonanym pokryciem wykonanym z mieszanki \u017cywicy akrylowej z kwarcem. Pow\u0142oka ta jest prosta do renowacji &#8211; w przypadku niewielkich uszkodze\u0144 mo\u017cna pokry\u0107 je profesjonaln\u0105 farb\u0105 elewacyjn\u0105.\u00a0Ze wzgl\u0119du na zastosowanie kwarcu w procesie wyko\u0144czenia donicy zadanie to nie wymaga cz\u0119stego stosowania<\/p>\n<h2>W\u0105ska i smuk\u0142a<\/h2>\n<p>Produkt Luigi z serii Stone to artyku\u0142 przygotowany z my\u015bl\u0105 o dekoracji wn\u0119trz. Odpowiednio dobrane rozmiary (400 mm na 400 mm na 800 mm wysoko\u015bci) w atrakcyjny spos\u00f3b\u00a0wyeksponuj\u0105 zielone ro\u015bliny. Proponujemy posadzi\u0107 w nich palm\u0119 koralow\u0105, \u017celazne li\u015bcie b\u0105d\u017a skrzyd\u0142okwiat.\u00a0Donice do wn\u0119trz\u00a0charakteryzuj\u0105 si\u0119 lekko\u015bci\u0105 wykonania, co u\u0142atwia ich przenoszenie w zale\u017cno\u015bci od zmiany koncepcji wystroju. Co wi\u0119cej, dzi\u0119ki kwadratowej podstawie donicy mamy niezwykle stabilny przedmiot, kt\u00f3ry nie zostanie przez przypadek przewr\u00f3cony przez dziecko b\u0105d\u017a psa. Wp\u0142ywa to nie tylko na zwi\u0119kszenie bezpiecze\u0144stwa os\u00f3b przebywaj\u0105cych w pomieszczeniu, ale te\u017c zmniejsza ryzyko powstania ba\u0142aganu. Szeroko\u015b\u0107 donicy Luigi pozwala na wygodny dost\u0119p do rosn\u0105cych w nich ro\u015blin.\u00a0Usprawnia to ich piel\u0119gnacj\u0119 (przycinanie, podlewanie, nawo\u017cenie). Takie udogodnienie ma du\u017ce znaczenie w przypadku wi\u0119kszych powierzchni, przyspieszaj\u0105c prac\u0119 os\u00f3b dbaj\u0105cych o nasze ro\u015bliny.<\/p>\n<p>Polecamy zapoznanie si\u0119 r\u00f3wnie\u017c z innymi produktami z serii Stone, co pozwoli na ciekaw\u0105 aran\u017cacj\u0119 wybranej przestrzeni. Gwarantujemy wysok\u0105 jako\u015b\u0107 wykonania, korzystn\u0105 cen\u0119 oraz szeroki wyb\u00f3r r\u00f3\u017cnych typ\u00f3w produkt\u00f3w.<\/p>\n","protected":false},"excerpt":{"rendered":"<p>Donica Luigi z w\u0142\u00f3kna szklanego pokrytego kwarcem i \u017cywic\u0105 akrylow\u0105. Wyst\u0119puje w pi\u0119ciu podstawowych jednolitych kolorach: bia\u0142ym, szarym, czarnym i dw\u00f3ch odcieniach br\u0105zu. Dost\u0119pna tak\u017ce w dw\u00f3ch wzorach w czterech wersjach kolorystycznych. Donica produkowana jest w standardzie z otworami odp\u0142ywowymi. Waga donicy to: 16 kg, a wymiary: d\u0142ugo\u015b\u0107: 40 cm, szeroko\u015b\u0107: 40 cm, wysoko\u015b\u0107: 80 cm.<\/p>\n","protected":false},"featured_media":56789,"template":"","meta":{"_acf_changed":false},"product_brand":[],"product_cat":[385],"product_tag":[448,444,447,451],"class_list":{"0":"post-55532","1":"product","2":"type-product","3":"status-publish","4":"has-post-thumbnail","6":"product_cat-donice-stone","7":"product_tag-donice-balkonowe","8":"product_tag-donice-ogrodowe","9":"product_tag-donice-tarasowe","10":"product_tag-donice-wewnetrzne","11":"description-off","12":"tm-has-options","14":"first","15":"instock","16":"shipping-taxable","17":"purchasable","18":"product-type-simple"},"acf":[],"yoast_head":"<!-- This site is optimized with the Yoast SEO plugin v27.5 - https:\/\/yoast.com\/product\/yoast-seo-wordpress\/ -->\n<title>donice do wn\u0119trz Luigi - w\u0105ska i wysoka donica do niewielkich ro\u015blin<\/title>\n<meta name=\"description\" content=\"Donice do wn\u0119trz bardzo dobrze wpasowuj\u0105 si\u0119 jako dekoracja r\u00f3\u017cnego rodzaju przestrzeni publicznych. \u015awietnie imituj\u0105 donice betonowe lub kamienne.\" \/>\n<meta name=\"robots\" content=\"index, follow, max-snippet:-1, max-image-preview:large, max-video-preview:-1\" \/>\n<link rel=\"canonical\" href=\"https:\/\/worldofflowerpots.com\/sklep\/donice-do-wnetrz-luigi\/\" \/>\n<meta property=\"og:locale\" content=\"pl_PL\" \/>\n<meta property=\"og:type\" content=\"article\" \/>\n<meta property=\"og:title\" content=\"donice do wn\u0119trz Luigi - w\u0105ska i wysoka donica do niewielkich ro\u015blin\" \/>\n<meta property=\"og:description\" content=\"Donice do wn\u0119trz bardzo dobrze wpasowuj\u0105 si\u0119 jako dekoracja r\u00f3\u017cnego rodzaju przestrzeni publicznych. \u015awietnie imituj\u0105 donice betonowe lub kamienne.\" \/>\n<meta property=\"og:url\" content=\"https:\/\/worldofflowerpots.com\/sklep\/donice-do-wnetrz-luigi\/\" \/>\n<meta property=\"og:site_name\" content=\"World of Flowerpots\" \/>\n<meta property=\"article:modified_time\" content=\"2019-04-04T07:06:18+00:00\" \/>\n<meta property=\"og:image\" content=\"https:\/\/worldofflowerpots.com\/wp-content\/uploads\/2019\/03\/donice-do-wn\u0119trz-Luigi.jpg\" \/>\n\t<meta property=\"og:image:width\" content=\"2280\" \/>\n\t<meta property=\"og:image:height\" content=\"1612\" \/>\n\t<meta property=\"og:image:type\" content=\"image\/jpeg\" \/>\n<meta name=\"twitter:card\" content=\"summary_large_image\" \/>\n<meta name=\"twitter:label1\" content=\"Szacowany czas czytania\" \/>\n\t<meta name=\"twitter:data1\" content=\"2 minuty\" \/>\n<script type=\"application\/ld+json\" class=\"yoast-schema-graph\">{\"@context\":\"https:\\\/\\\/schema.org\",\"@graph\":[{\"@type\":\"WebPage\",\"@id\":\"https:\\\/\\\/worldofflowerpots.com\\\/sklep\\\/donice-do-wnetrz-luigi\\\/\",\"url\":\"https:\\\/\\\/worldofflowerpots.com\\\/sklep\\\/donice-do-wnetrz-luigi\\\/\",\"name\":\"donice do wn\u0119trz Luigi - w\u0105ska i wysoka donica do niewielkich ro\u015blin\",\"isPartOf\":{\"@id\":\"https:\\\/\\\/worldofflowerpots.com\\\/#website\"},\"primaryImageOfPage\":{\"@id\":\"https:\\\/\\\/worldofflowerpots.com\\\/sklep\\\/donice-do-wnetrz-luigi\\\/#primaryimage\"},\"image\":{\"@id\":\"https:\\\/\\\/worldofflowerpots.com\\\/sklep\\\/donice-do-wnetrz-luigi\\\/#primaryimage\"},\"thumbnailUrl\":\"https:\\\/\\\/worldofflowerpots.com\\\/wp-content\\\/uploads\\\/2019\\\/03\\\/donice-do-wn\u0119trz-Luigi.jpg\",\"datePublished\":\"2019-03-13T13:17:25+00:00\",\"dateModified\":\"2019-04-04T07:06:18+00:00\",\"description\":\"Donice do wn\u0119trz bardzo dobrze wpasowuj\u0105 si\u0119 jako dekoracja r\u00f3\u017cnego rodzaju przestrzeni publicznych. \u015awietnie imituj\u0105 donice betonowe lub kamienne.\",\"breadcrumb\":{\"@id\":\"https:\\\/\\\/worldofflowerpots.com\\\/sklep\\\/donice-do-wnetrz-luigi\\\/#breadcrumb\"},\"inLanguage\":\"pl-PL\",\"potentialAction\":[{\"@type\":\"ReadAction\",\"target\":[\"https:\\\/\\\/worldofflowerpots.com\\\/sklep\\\/donice-do-wnetrz-luigi\\\/\"]}]},{\"@type\":\"ImageObject\",\"inLanguage\":\"pl-PL\",\"@id\":\"https:\\\/\\\/worldofflowerpots.com\\\/sklep\\\/donice-do-wnetrz-luigi\\\/#primaryimage\",\"url\":\"https:\\\/\\\/worldofflowerpots.com\\\/wp-content\\\/uploads\\\/2019\\\/03\\\/donice-do-wn\u0119trz-Luigi.jpg\",\"contentUrl\":\"https:\\\/\\\/worldofflowerpots.com\\\/wp-content\\\/uploads\\\/2019\\\/03\\\/donice-do-wn\u0119trz-Luigi.jpg\",\"width\":2280,\"height\":1612},{\"@type\":\"BreadcrumbList\",\"@id\":\"https:\\\/\\\/worldofflowerpots.com\\\/sklep\\\/donice-do-wnetrz-luigi\\\/#breadcrumb\",\"itemListElement\":[{\"@type\":\"ListItem\",\"position\":1,\"name\":\"Strona g\u0142\u00f3wna\",\"item\":\"https:\\\/\\\/worldofflowerpots.com\\\/\"},{\"@type\":\"ListItem\",\"position\":2,\"name\":\"Sklep\",\"item\":\"https:\\\/\\\/worldofflowerpots.com\\\/sklep\\\/\"},{\"@type\":\"ListItem\",\"position\":3,\"name\":\"Donice do wn\u0119trz Luigi\"}]},{\"@type\":\"WebSite\",\"@id\":\"https:\\\/\\\/worldofflowerpots.com\\\/#website\",\"url\":\"https:\\\/\\\/worldofflowerpots.com\\\/\",\"name\":\"World of Flowerpots\",\"description\":\"producent donic ozdobnych\",\"potentialAction\":[{\"@type\":\"SearchAction\",\"target\":{\"@type\":\"EntryPoint\",\"urlTemplate\":\"https:\\\/\\\/worldofflowerpots.com\\\/?s={search_term_string}\"},\"query-input\":{\"@type\":\"PropertyValueSpecification\",\"valueRequired\":true,\"valueName\":\"search_term_string\"}}],\"inLanguage\":\"pl-PL\"}]}<\/script>\n<!-- \/ Yoast SEO plugin. -->","yoast_head_json":{"title":"donice do wn\u0119trz Luigi - w\u0105ska i wysoka donica do niewielkich ro\u015blin","description":"Donice do wn\u0119trz bardzo dobrze wpasowuj\u0105 si\u0119 jako dekoracja r\u00f3\u017cnego rodzaju przestrzeni publicznych. \u015awietnie imituj\u0105 donice betonowe lub kamienne.","robots":{"index":"index","follow":"follow","max-snippet":"max-snippet:-1","max-image-preview":"max-image-preview:large","max-video-preview":"max-video-preview:-1"},"canonical":"https:\/\/worldofflowerpots.com\/sklep\/donice-do-wnetrz-luigi\/","og_locale":"pl_PL","og_type":"article","og_title":"donice do wn\u0119trz Luigi - w\u0105ska i wysoka donica do niewielkich ro\u015blin","og_description":"Donice do wn\u0119trz bardzo dobrze wpasowuj\u0105 si\u0119 jako dekoracja r\u00f3\u017cnego rodzaju przestrzeni publicznych. \u015awietnie imituj\u0105 donice betonowe lub kamienne.","og_url":"https:\/\/worldofflowerpots.com\/sklep\/donice-do-wnetrz-luigi\/","og_site_name":"World of Flowerpots","article_modified_time":"2019-04-04T07:06:18+00:00","og_image":[{"width":2280,"height":1612,"url":"https:\/\/worldofflowerpots.com\/wp-content\/uploads\/2019\/03\/donice-do-wn\u0119trz-Luigi.jpg","type":"image\/jpeg"}],"twitter_card":"summary_large_image","twitter_misc":{"Szacowany czas czytania":"2 minuty"},"schema":{"@context":"https:\/\/schema.org","@graph":[{"@type":"WebPage","@id":"https:\/\/worldofflowerpots.com\/sklep\/donice-do-wnetrz-luigi\/","url":"https:\/\/worldofflowerpots.com\/sklep\/donice-do-wnetrz-luigi\/","name":"donice do wn\u0119trz Luigi - w\u0105ska i wysoka donica do niewielkich ro\u015blin","isPartOf":{"@id":"https:\/\/worldofflowerpots.com\/#website"},"primaryImageOfPage":{"@id":"https:\/\/worldofflowerpots.com\/sklep\/donice-do-wnetrz-luigi\/#primaryimage"},"image":{"@id":"https:\/\/worldofflowerpots.com\/sklep\/donice-do-wnetrz-luigi\/#primaryimage"},"thumbnailUrl":"https:\/\/worldofflowerpots.com\/wp-content\/uploads\/2019\/03\/donice-do-wn\u0119trz-Luigi.jpg","datePublished":"2019-03-13T13:17:25+00:00","dateModified":"2019-04-04T07:06:18+00:00","description":"Donice do wn\u0119trz bardzo dobrze wpasowuj\u0105 si\u0119 jako dekoracja r\u00f3\u017cnego rodzaju przestrzeni publicznych. \u015awietnie imituj\u0105 donice betonowe lub kamienne.","breadcrumb":{"@id":"https:\/\/worldofflowerpots.com\/sklep\/donice-do-wnetrz-luigi\/#breadcrumb"},"inLanguage":"pl-PL","potentialAction":[{"@type":"ReadAction","target":["https:\/\/worldofflowerpots.com\/sklep\/donice-do-wnetrz-luigi\/"]}]},{"@type":"ImageObject","inLanguage":"pl-PL","@id":"https:\/\/worldofflowerpots.com\/sklep\/donice-do-wnetrz-luigi\/#primaryimage","url":"https:\/\/worldofflowerpots.com\/wp-content\/uploads\/2019\/03\/donice-do-wn\u0119trz-Luigi.jpg","contentUrl":"https:\/\/worldofflowerpots.com\/wp-content\/uploads\/2019\/03\/donice-do-wn\u0119trz-Luigi.jpg","width":2280,"height":1612},{"@type":"BreadcrumbList","@id":"https:\/\/worldofflowerpots.com\/sklep\/donice-do-wnetrz-luigi\/#breadcrumb","itemListElement":[{"@type":"ListItem","position":1,"name":"Strona g\u0142\u00f3wna","item":"https:\/\/worldofflowerpots.com\/"},{"@type":"ListItem","position":2,"name":"Sklep","item":"https:\/\/worldofflowerpots.com\/sklep\/"},{"@type":"ListItem","position":3,"name":"Donice do wn\u0119trz Luigi"}]},{"@type":"WebSite","@id":"https:\/\/worldofflowerpots.com\/#website","url":"https:\/\/worldofflowerpots.com\/","name":"World of Flowerpots","description":"producent donic ozdobnych","potentialAction":[{"@type":"SearchAction","target":{"@type":"EntryPoint","urlTemplate":"https:\/\/worldofflowerpots.com\/?s={search_term_string}"},"query-input":{"@type":"PropertyValueSpecification","valueRequired":true,"valueName":"search_term_string"}}],"inLanguage":"pl-PL"}]}},"_links":{"self":[{"href":"https:\/\/worldofflowerpots.com\/pl\/wp-json\/wp\/v2\/product\/55532","targetHints":{"allow":["GET"]}}],"collection":[{"href":"https:\/\/worldofflowerpots.com\/pl\/wp-json\/wp\/v2\/product"}],"about":[{"href":"https:\/\/worldofflowerpots.com\/pl\/wp-json\/wp\/v2\/types\/product"}],"wp:featuredmedia":[{"embeddable":true,"href":"https:\/\/worldofflowerpots.com\/pl\/wp-json\/wp\/v2\/media\/56789"}],"wp:attachment":[{"href":"https:\/\/worldofflowerpots.com\/pl\/wp-json\/wp\/v2\/media?parent=55532"}],"wp:term":[{"taxonomy":"product_brand","embeddable":true,"href":"https:\/\/worldofflowerpots.com\/pl\/wp-json\/wp\/v2\/product_brand?post=55532"},{"taxonomy":"product_cat","embeddable":true,"href":"https:\/\/worldofflowerpots.com\/pl\/wp-json\/wp\/v2\/product_cat?post=55532"},{"taxonomy":"product_tag","embeddable":true,"href":"https:\/\/worldofflowerpots.com\/pl\/wp-json\/wp\/v2\/product_tag?post=55532"}],"curies":[{"name":"wp","href":"https:\/\/api.w.org\/{rel}","templated":true}]}}