{"id":55538,"date":"2019-03-13T14:46:57","date_gmt":"2019-03-13T13:46:57","guid":{"rendered":"https:\/\/worldofflowerpots.com\/?post_type=product&#038;p=55538"},"modified":"2019-04-03T13:42:22","modified_gmt":"2019-04-03T11:42:22","slug":"doniczki-balkonowe-filippo","status":"publish","type":"product","link":"https:\/\/worldofflowerpots.com\/pl\/sklep\/doniczki-balkonowe-filippo\/","title":{"rendered":"Doniczki balkonowe Filippo"},"content":{"rendered":"<h2><strong>Doniczki balkonowe Filippo<\/strong><\/h2>\n<p>Pi\u0119kne, zadbane ro\u015bliny i przyci\u0105gaj\u0105ce wzrok donice to podstawa udanej aran\u017cacji ogrodu, tarasu lub balkonu. Odpowiednie doniczki zapewni\u0105 ro\u015blinom ochron\u0119, podkre\u015bl\u0105 ich pi\u0119kno, a odbiorcom zagwarantuj\u0105 pozytywne wra\u017cenia estetyczne. Jak spo\u015br\u00f3d wielu dost\u0119pnych produkt\u00f3w wybra\u0107 te najlepsze? Dokonuj\u0105c wyboru warto wzi\u0105\u0107 pod uwag\u0119 trzy rzeczy: jako\u015b\u0107 materia\u0142u, przeznaczenie donicy oraz oczywi\u015bcie walory estetyczne.<\/p>\n<p>Produkty z serii Stone s\u0105 wykonane z w\u0142\u00f3kna szklanego pokrytego kwarcem z dodatkiem \u017cywicy akrylowej. Po\u0142\u0105czenie tych dw\u00f3ch materia\u0142\u00f3w zapewnia efekt wizualny podobny do betonu lub kamienia. Donice Stone\u00a0pokochaj\u0105 wszyscy, kt\u00f3rzy ceni\u0105 sobie nietuzinkowy wygl\u0105d i liczne zalety nowoczesnych donic &#8211; lekko\u015b\u0107, odporno\u015b\u0107 i wytrzyma\u0142o\u015b\u0107.<\/p>\n<p>Doniczki Stone sprawdz\u0105 si\u0119 jako doniczki balkonowe oraz ogrodowe. \u015awietnie si\u0119 wkomponuj\u0105 r\u00f3wnie\u017c w miejscach u\u017cyteczno\u015bci publicznej.<\/p>\n<h2><strong>Zalety donicy Filippo<\/strong><\/h2>\n<p>Filippo urzeka przede wszystkim kszta\u0142tem i g\u0142\u0119bi\u0105 koloru. Jego inne zalety to:<\/p>\n<ul>\n<li>&#8211; Intryguj\u0105ca forma pozwalaj\u0105ca na swobod\u0119 aran\u017cacji.<\/li>\n<li>&#8211; Do\u015b\u0107 du\u017ca g\u0142\u0119boko\u015b\u0107 (640 mm), z kt\u00f3r\u0105 idealnie b\u0119d\u0105 si\u0119 czu\u0107 ro\u015bliny potrzebuj\u0105ce przestrzeni na system korzeniowy.<\/li>\n<li>&#8211; Materia\u0142y u\u017cyte do produkcji Filippo zapewniaj\u0105 efekt wizualny podobny do betonu, przy jednoczesnym zachowaniu lekko\u015bci.<\/li>\n<li>&#8211; Odporno\u015b\u0107 na zewn\u0119trzne warunki atmosferyczne (deszcz, mr\u00f3z) oraz promieniowanie UV.<\/li>\n<li>&#8211; Odporno\u015b\u0107 na uszkodzenia mechaniczne (za spraw\u0105 zastosowanego kwarcu)<\/li>\n<li>&#8211; Mo\u017cliwo\u015b\u0107 \u0142atwego ukrycia drobnych uszkodze\u0144 warstwy zewn\u0119trznej (wystarczy na\u0142o\u017cy\u0107 na uszkodzenie dobr\u0105 farb\u0119 elewacyjn\u0105).<\/li>\n<\/ul>\n<p>Aby ochroni\u0107 doniczki balkonowe i ogrodowe z serii Stone przed szybkim niszczeniem, nale\u017cy zadba\u0107 o to, by nie by\u0142y stale zanurzone w wodzie. Dzi\u0119ki temu zachowaj\u0105 swoje pi\u0119kno na d\u0142ugie lata.<\/p>\n<h2><strong>Jakie ro\u015bliny b\u0119d\u0105 czu\u0107 si\u0119 najlepiej z Filippo?<\/strong><\/h2>\n<p>Seria Stone jest utrzymana w ciemnej, niemal\u017ce jednolitej tonacji kolorystycznej. Dzi\u0119ki temu stanowi dobre t\u0142o dla ro\u015blin kolorowych, kwitn\u0105cych lub o intensywnych barwach. Takie po\u0142\u0105czenie pozwoli unikn\u0105\u0107 niepo\u017c\u0105danego &#8222;pstrokatego&#8221; efektu i w naturalny spos\u00f3b podkre\u015bli pi\u0119kno kwiat\u00f3w.<\/p>\n<p>Donica Filippo jest g\u0142\u0119boka, wi\u0119c dobrze czuj\u0105 si\u0119 w niej ro\u015bliny, kt\u00f3re potrzebuj\u0105 du\u017co miejsca na rozbudowany system korzeniowy.<\/p>\n<p>Wymiary donicy Filippo:\u00a0440 x 440 x h:640 mm<\/p>\n","protected":false},"excerpt":{"rendered":"<p>Donica Filippo z w\u0142\u00f3kna szklanego pokrytego kwarcem i \u017cywic\u0105 akrylow\u0105. Wyst\u0119puje w pi\u0119ciu podstawowych jednolitych kolorach: bia\u0142ym, szarym, czarnym i dw\u00f3ch odcieniach br\u0105zu. Dost\u0119pna tak\u017ce w dw\u00f3ch wzorach w czterech wersjach kolorystycznych. Donica produkowana jest w standardzie z otworami odp\u0142ywowymi. Waga donicy to: 8 kg, a wymiary: d\u0142ugo\u015b\u0107: 44 cm, szeroko\u015b\u0107: 44 cm, wysoko\u015b\u0107: 64 cm.<\/p>\n","protected":false},"featured_media":56779,"template":"","meta":{"_acf_changed":false},"product_brand":[],"product_cat":[385],"product_tag":[448,444,447,451],"class_list":{"0":"post-55538","1":"product","2":"type-product","3":"status-publish","4":"has-post-thumbnail","6":"product_cat-donice-stone","7":"product_tag-donice-balkonowe","8":"product_tag-donice-ogrodowe","9":"product_tag-donice-tarasowe","10":"product_tag-donice-wewnetrzne","11":"description-off","12":"tm-has-options","14":"first","15":"instock","16":"shipping-taxable","17":"purchasable","18":"product-type-simple"},"acf":[],"yoast_head":"<!-- This site is optimized with the Yoast SEO plugin v27.5 - https:\/\/yoast.com\/product\/yoast-seo-wordpress\/ -->\n<title>Doniczki balkonowe Filippo - oryginalny kszta\u0142t i lekka konstrukcja<\/title>\n<meta name=\"description\" content=\"Doniczki Stone sprawdz\u0105 si\u0119 jako doniczki balkonowe oraz ogrodowe. \u015awietnie si\u0119 wkomponuj\u0105 r\u00f3wnie\u017c w miejscach u\u017cyteczno\u015bci publicznej.\" \/>\n<meta name=\"robots\" content=\"index, follow, max-snippet:-1, max-image-preview:large, max-video-preview:-1\" \/>\n<link rel=\"canonical\" href=\"https:\/\/worldofflowerpots.com\/sklep\/doniczki-balkonowe-filippo\/\" \/>\n<meta property=\"og:locale\" content=\"pl_PL\" \/>\n<meta property=\"og:type\" content=\"article\" \/>\n<meta property=\"og:title\" content=\"Doniczki balkonowe Filippo - oryginalny kszta\u0142t i lekka konstrukcja\" \/>\n<meta property=\"og:description\" content=\"Doniczki Stone sprawdz\u0105 si\u0119 jako doniczki balkonowe oraz ogrodowe. \u015awietnie si\u0119 wkomponuj\u0105 r\u00f3wnie\u017c w miejscach u\u017cyteczno\u015bci publicznej.\" \/>\n<meta property=\"og:url\" content=\"https:\/\/worldofflowerpots.com\/sklep\/doniczki-balkonowe-filippo\/\" \/>\n<meta property=\"og:site_name\" content=\"World of Flowerpots\" \/>\n<meta property=\"article:modified_time\" content=\"2019-04-03T11:42:22+00:00\" \/>\n<meta property=\"og:image\" content=\"https:\/\/worldofflowerpots.com\/wp-content\/uploads\/2019\/03\/doniczki-balkonowe-Filippo.jpg\" \/>\n\t<meta property=\"og:image:width\" content=\"2280\" \/>\n\t<meta property=\"og:image:height\" content=\"1612\" \/>\n\t<meta property=\"og:image:type\" content=\"image\/jpeg\" \/>\n<meta name=\"twitter:card\" content=\"summary_large_image\" \/>\n<meta name=\"twitter:label1\" content=\"Szacowany czas czytania\" \/>\n\t<meta name=\"twitter:data1\" content=\"2 minuty\" \/>\n<script type=\"application\/ld+json\" class=\"yoast-schema-graph\">{\"@context\":\"https:\\\/\\\/schema.org\",\"@graph\":[{\"@type\":\"WebPage\",\"@id\":\"https:\\\/\\\/worldofflowerpots.com\\\/sklep\\\/doniczki-balkonowe-filippo\\\/\",\"url\":\"https:\\\/\\\/worldofflowerpots.com\\\/sklep\\\/doniczki-balkonowe-filippo\\\/\",\"name\":\"Doniczki balkonowe Filippo - oryginalny kszta\u0142t i lekka konstrukcja\",\"isPartOf\":{\"@id\":\"https:\\\/\\\/worldofflowerpots.com\\\/#website\"},\"primaryImageOfPage\":{\"@id\":\"https:\\\/\\\/worldofflowerpots.com\\\/sklep\\\/doniczki-balkonowe-filippo\\\/#primaryimage\"},\"image\":{\"@id\":\"https:\\\/\\\/worldofflowerpots.com\\\/sklep\\\/doniczki-balkonowe-filippo\\\/#primaryimage\"},\"thumbnailUrl\":\"https:\\\/\\\/worldofflowerpots.com\\\/wp-content\\\/uploads\\\/2019\\\/03\\\/doniczki-balkonowe-Filippo.jpg\",\"datePublished\":\"2019-03-13T13:46:57+00:00\",\"dateModified\":\"2019-04-03T11:42:22+00:00\",\"description\":\"Doniczki Stone sprawdz\u0105 si\u0119 jako doniczki balkonowe oraz ogrodowe. \u015awietnie si\u0119 wkomponuj\u0105 r\u00f3wnie\u017c w miejscach u\u017cyteczno\u015bci publicznej.\",\"breadcrumb\":{\"@id\":\"https:\\\/\\\/worldofflowerpots.com\\\/sklep\\\/doniczki-balkonowe-filippo\\\/#breadcrumb\"},\"inLanguage\":\"pl-PL\",\"potentialAction\":[{\"@type\":\"ReadAction\",\"target\":[\"https:\\\/\\\/worldofflowerpots.com\\\/sklep\\\/doniczki-balkonowe-filippo\\\/\"]}]},{\"@type\":\"ImageObject\",\"inLanguage\":\"pl-PL\",\"@id\":\"https:\\\/\\\/worldofflowerpots.com\\\/sklep\\\/doniczki-balkonowe-filippo\\\/#primaryimage\",\"url\":\"https:\\\/\\\/worldofflowerpots.com\\\/wp-content\\\/uploads\\\/2019\\\/03\\\/doniczki-balkonowe-Filippo.jpg\",\"contentUrl\":\"https:\\\/\\\/worldofflowerpots.com\\\/wp-content\\\/uploads\\\/2019\\\/03\\\/doniczki-balkonowe-Filippo.jpg\",\"width\":2280,\"height\":1612},{\"@type\":\"BreadcrumbList\",\"@id\":\"https:\\\/\\\/worldofflowerpots.com\\\/sklep\\\/doniczki-balkonowe-filippo\\\/#breadcrumb\",\"itemListElement\":[{\"@type\":\"ListItem\",\"position\":1,\"name\":\"Strona g\u0142\u00f3wna\",\"item\":\"https:\\\/\\\/worldofflowerpots.com\\\/\"},{\"@type\":\"ListItem\",\"position\":2,\"name\":\"Sklep\",\"item\":\"https:\\\/\\\/worldofflowerpots.com\\\/sklep\\\/\"},{\"@type\":\"ListItem\",\"position\":3,\"name\":\"Doniczki balkonowe Filippo\"}]},{\"@type\":\"WebSite\",\"@id\":\"https:\\\/\\\/worldofflowerpots.com\\\/#website\",\"url\":\"https:\\\/\\\/worldofflowerpots.com\\\/\",\"name\":\"World of Flowerpots\",\"description\":\"producent donic ozdobnych\",\"potentialAction\":[{\"@type\":\"SearchAction\",\"target\":{\"@type\":\"EntryPoint\",\"urlTemplate\":\"https:\\\/\\\/worldofflowerpots.com\\\/?s={search_term_string}\"},\"query-input\":{\"@type\":\"PropertyValueSpecification\",\"valueRequired\":true,\"valueName\":\"search_term_string\"}}],\"inLanguage\":\"pl-PL\"}]}<\/script>\n<!-- \/ Yoast SEO plugin. -->","yoast_head_json":{"title":"Doniczki balkonowe Filippo - oryginalny kszta\u0142t i lekka konstrukcja","description":"Doniczki Stone sprawdz\u0105 si\u0119 jako doniczki balkonowe oraz ogrodowe. \u015awietnie si\u0119 wkomponuj\u0105 r\u00f3wnie\u017c w miejscach u\u017cyteczno\u015bci publicznej.","robots":{"index":"index","follow":"follow","max-snippet":"max-snippet:-1","max-image-preview":"max-image-preview:large","max-video-preview":"max-video-preview:-1"},"canonical":"https:\/\/worldofflowerpots.com\/sklep\/doniczki-balkonowe-filippo\/","og_locale":"pl_PL","og_type":"article","og_title":"Doniczki balkonowe Filippo - oryginalny kszta\u0142t i lekka konstrukcja","og_description":"Doniczki Stone sprawdz\u0105 si\u0119 jako doniczki balkonowe oraz ogrodowe. \u015awietnie si\u0119 wkomponuj\u0105 r\u00f3wnie\u017c w miejscach u\u017cyteczno\u015bci publicznej.","og_url":"https:\/\/worldofflowerpots.com\/sklep\/doniczki-balkonowe-filippo\/","og_site_name":"World of Flowerpots","article_modified_time":"2019-04-03T11:42:22+00:00","og_image":[{"width":2280,"height":1612,"url":"https:\/\/worldofflowerpots.com\/wp-content\/uploads\/2019\/03\/doniczki-balkonowe-Filippo.jpg","type":"image\/jpeg"}],"twitter_card":"summary_large_image","twitter_misc":{"Szacowany czas czytania":"2 minuty"},"schema":{"@context":"https:\/\/schema.org","@graph":[{"@type":"WebPage","@id":"https:\/\/worldofflowerpots.com\/sklep\/doniczki-balkonowe-filippo\/","url":"https:\/\/worldofflowerpots.com\/sklep\/doniczki-balkonowe-filippo\/","name":"Doniczki balkonowe Filippo - oryginalny kszta\u0142t i lekka konstrukcja","isPartOf":{"@id":"https:\/\/worldofflowerpots.com\/#website"},"primaryImageOfPage":{"@id":"https:\/\/worldofflowerpots.com\/sklep\/doniczki-balkonowe-filippo\/#primaryimage"},"image":{"@id":"https:\/\/worldofflowerpots.com\/sklep\/doniczki-balkonowe-filippo\/#primaryimage"},"thumbnailUrl":"https:\/\/worldofflowerpots.com\/wp-content\/uploads\/2019\/03\/doniczki-balkonowe-Filippo.jpg","datePublished":"2019-03-13T13:46:57+00:00","dateModified":"2019-04-03T11:42:22+00:00","description":"Doniczki Stone sprawdz\u0105 si\u0119 jako doniczki balkonowe oraz ogrodowe. \u015awietnie si\u0119 wkomponuj\u0105 r\u00f3wnie\u017c w miejscach u\u017cyteczno\u015bci publicznej.","breadcrumb":{"@id":"https:\/\/worldofflowerpots.com\/sklep\/doniczki-balkonowe-filippo\/#breadcrumb"},"inLanguage":"pl-PL","potentialAction":[{"@type":"ReadAction","target":["https:\/\/worldofflowerpots.com\/sklep\/doniczki-balkonowe-filippo\/"]}]},{"@type":"ImageObject","inLanguage":"pl-PL","@id":"https:\/\/worldofflowerpots.com\/sklep\/doniczki-balkonowe-filippo\/#primaryimage","url":"https:\/\/worldofflowerpots.com\/wp-content\/uploads\/2019\/03\/doniczki-balkonowe-Filippo.jpg","contentUrl":"https:\/\/worldofflowerpots.com\/wp-content\/uploads\/2019\/03\/doniczki-balkonowe-Filippo.jpg","width":2280,"height":1612},{"@type":"BreadcrumbList","@id":"https:\/\/worldofflowerpots.com\/sklep\/doniczki-balkonowe-filippo\/#breadcrumb","itemListElement":[{"@type":"ListItem","position":1,"name":"Strona g\u0142\u00f3wna","item":"https:\/\/worldofflowerpots.com\/"},{"@type":"ListItem","position":2,"name":"Sklep","item":"https:\/\/worldofflowerpots.com\/sklep\/"},{"@type":"ListItem","position":3,"name":"Doniczki balkonowe Filippo"}]},{"@type":"WebSite","@id":"https:\/\/worldofflowerpots.com\/#website","url":"https:\/\/worldofflowerpots.com\/","name":"World of Flowerpots","description":"producent donic ozdobnych","potentialAction":[{"@type":"SearchAction","target":{"@type":"EntryPoint","urlTemplate":"https:\/\/worldofflowerpots.com\/?s={search_term_string}"},"query-input":{"@type":"PropertyValueSpecification","valueRequired":true,"valueName":"search_term_string"}}],"inLanguage":"pl-PL"}]}},"_links":{"self":[{"href":"https:\/\/worldofflowerpots.com\/pl\/wp-json\/wp\/v2\/product\/55538","targetHints":{"allow":["GET"]}}],"collection":[{"href":"https:\/\/worldofflowerpots.com\/pl\/wp-json\/wp\/v2\/product"}],"about":[{"href":"https:\/\/worldofflowerpots.com\/pl\/wp-json\/wp\/v2\/types\/product"}],"wp:featuredmedia":[{"embeddable":true,"href":"https:\/\/worldofflowerpots.com\/pl\/wp-json\/wp\/v2\/media\/56779"}],"wp:attachment":[{"href":"https:\/\/worldofflowerpots.com\/pl\/wp-json\/wp\/v2\/media?parent=55538"}],"wp:term":[{"taxonomy":"product_brand","embeddable":true,"href":"https:\/\/worldofflowerpots.com\/pl\/wp-json\/wp\/v2\/product_brand?post=55538"},{"taxonomy":"product_cat","embeddable":true,"href":"https:\/\/worldofflowerpots.com\/pl\/wp-json\/wp\/v2\/product_cat?post=55538"},{"taxonomy":"product_tag","embeddable":true,"href":"https:\/\/worldofflowerpots.com\/pl\/wp-json\/wp\/v2\/product_tag?post=55538"}],"curies":[{"name":"wp","href":"https:\/\/api.w.org\/{rel}","templated":true}]}}