{"id":55544,"date":"2019-03-13T14:57:46","date_gmt":"2019-03-13T13:57:46","guid":{"rendered":"https:\/\/worldofflowerpots.com\/?post_type=product&#038;p=55544"},"modified":"2019-04-03T13:39:39","modified_gmt":"2019-04-03T11:39:39","slug":"wysoka-donica-mattia","status":"publish","type":"product","link":"https:\/\/worldofflowerpots.com\/pl\/sklep\/wysoka-donica-mattia\/","title":{"rendered":"Wysoka donica Mattia"},"content":{"rendered":"<h2><strong>Nowoczesna i ponadczasowa<\/strong><\/h2>\n<p>Wysoka donica Mattia to nowoczesny produkt o wyj\u0105tkowym wygl\u0105dzie i innowacyjnej technologii realizacji. Jest wykonana z w\u0142\u00f3kna szklanego\u00a0pokrytego kwarcem zmieszanym z \u017cywic\u0105 akrylow\u0105. Ta technologia niezwykle upodabnia\u00a0donic\u0119 do donic kamiennych lub betonowych. Jest jednak o wiele l\u017cejsza, co pozwala na wi\u0119cej mo\u017cliwo\u015bci jej zastosowania &#8211; jest bardziej mobilna i pozwala na bezproblemowe\u00a0zmiany aran\u017cacji otoczenia.<\/p>\n<p>Oryginalny kszta\u0142t, smuk\u0142a linia i surowy wygl\u0105d sprawiaj\u0105, \u017ce ten model pasuje do r\u00f3\u017cnego typu wn\u0119trz i ogrod\u00f3w oraz jest szczeg\u00f3lnie ch\u0119tnie wybierany przez klient\u00f3w. Doskonale prezentuje si\u0119 zar\u00f3wno w wystroju klasycznym, jak i nowoczesnym, czy rustykalnym. To elegancki dodatek, kt\u00f3ry podkre\u015bla pi\u0119kno zieleni. Dzi\u0119ki wysoko\u015bci i smuk\u0142o\u015bci szczeg\u00f3lnie dobrze prezentuje si\u0119 przy drzwiach. Kilka donic ustawionych obok siebie mo\u017ce stanowi\u0107 niski &#8222;murek&#8221;, kt\u00f3ry os\u0142oni taras, lub odgrodzi przestrze\u0144, dzi\u0119ki czemu zapewni wi\u0119ksz\u0105 prywatno\u015b\u0107. To dobry wyb\u00f3r nie tylko dla dom\u00f3w prywatnych, ale r\u00f3wnie\u017c lokali us\u0142ugowych, restauracji i hoteli. Wyj\u0105tkowo efektownie wysoka donica Mattia prezentuje si\u0119 na otwartych przestrzeniach oraz w wysokich pomieszczeniach. Dzi\u0119ki oszcz\u0119dnej, ale eleganckiej formie jest to produkt ponadczasowy i uniwersalny.<\/p>\n<h2><strong>Jako\u015b\u0107 i oryginalno\u015b\u0107<\/strong><\/h2>\n<p>Dzi\u0119ki doskona\u0142ej jako\u015bci wykonania wysoka donica Mattia jest odporna na zewn\u0119trzne warunki atmosferyczne, takie jak na przyk\u0142ad deszcz i mr\u00f3z (nie mo\u017ce jednak stale sta\u0107 w wodzie, poniewa\u017c mo\u017ce to spowodowa\u0107 uszkodzenie powierzchni zewn\u0119trznej). Donice bardzo trudno jest uszkodzi\u0107 jednak, w\u00a0razie drobnych uszkodze\u0144 pow\u0142oki zewn\u0119trznej mo\u017cna je ukry\u0107 nak\u0142adaj\u0105c warstw\u0119 dobrej farby elewacyjnej. Dzi\u0119ki temu wysoka donica Mattia mo\u017ce s\u0142u\u017cy\u0107 przez d\u0142ugi czas nie trac\u0105c przy tym na efektowno\u015bci. Wysoka donica Mattia pi\u0119knie prezentuje si\u0119 w zestawieniu z ro\u015blinami &#8222;lej\u0105cymi&#8221; oraz takimi, kt\u00f3re maj\u0105 d\u0142ugie \u0142odygi.<\/p>\n<p>Wysoka donica Mattia ma 1 m wysoko\u015bci i \u015brednic\u0119 42 cm. Wyko\u0144czenie powierzchni zewn\u0119trznej mo\u017ce by\u0107 jednolite w 5 kolorach lub w jednym z dw\u00f3ch wzor\u00f3w, w 4 kolorach. Dzi\u0119ki temu mo\u017cliwe s\u0105 r\u00f3\u017cne opcje aran\u017cacji. Dodatkowo seria Stone oferuje donice w r\u00f3\u017cnych kszta\u0142tach, co daje opcj\u0119 tworzenia oryginalnych kompozycji w wielu wariantach.<\/p>\n","protected":false},"excerpt":{"rendered":"<p>Donica Mattia z w\u0142\u00f3kna szklanego pokrytego kwarcem i \u017cywic\u0105 akrylow\u0105. Wyst\u0119puje w pi\u0119ciu podstawowych jednolitych kolorach: bia\u0142ym, szarym, czarnym i dw\u00f3ch odcieniach br\u0105zu. Dost\u0119pna tak\u017ce w dw\u00f3ch wzorach w czterech wersjach kolorystycznych. Donica produkowana jest w standardzie z otworami odp\u0142ywowymi. Waga donicy to: 15 kg, a wymiary: \u015brednica: 42 cm, wysoko\u015b\u0107: 100 cm.<\/p>\n","protected":false},"featured_media":56769,"template":"","meta":{"_acf_changed":false},"product_brand":[],"product_cat":[385],"product_tag":[448,444,447,451],"class_list":{"0":"post-55544","1":"product","2":"type-product","3":"status-publish","4":"has-post-thumbnail","6":"product_cat-donice-stone","7":"product_tag-donice-balkonowe","8":"product_tag-donice-ogrodowe","9":"product_tag-donice-tarasowe","10":"product_tag-donice-wewnetrzne","11":"description-off","12":"tm-has-options","14":"first","15":"instock","16":"shipping-taxable","17":"purchasable","18":"product-type-simple"},"acf":[],"yoast_head":"<!-- This site is optimized with the Yoast SEO plugin v27.5 - https:\/\/yoast.com\/product\/yoast-seo-wordpress\/ -->\n<title>Wysoka donica Mattia - idealna do biura lub przedpokoju<\/title>\n<meta name=\"description\" content=\"Wysoka donica Mattia to nowoczesny produkt o wyj\u0105tkowym wygl\u0105dzie i innowacyjnej technologii realizacji. Elegancki dodatek, kt\u00f3ry podkre\u015bla pi\u0119kno zieleni.\" \/>\n<meta name=\"robots\" content=\"index, follow, max-snippet:-1, max-image-preview:large, max-video-preview:-1\" \/>\n<link rel=\"canonical\" href=\"https:\/\/worldofflowerpots.com\/sklep\/wysoka-donica-mattia\/\" \/>\n<meta property=\"og:locale\" content=\"pl_PL\" \/>\n<meta property=\"og:type\" content=\"article\" \/>\n<meta property=\"og:title\" content=\"Wysoka donica Mattia - idealna do biura lub przedpokoju\" \/>\n<meta property=\"og:description\" content=\"Wysoka donica Mattia to nowoczesny produkt o wyj\u0105tkowym wygl\u0105dzie i innowacyjnej technologii realizacji. Elegancki dodatek, kt\u00f3ry podkre\u015bla pi\u0119kno zieleni.\" \/>\n<meta property=\"og:url\" content=\"https:\/\/worldofflowerpots.com\/sklep\/wysoka-donica-mattia\/\" \/>\n<meta property=\"og:site_name\" content=\"World of Flowerpots\" \/>\n<meta property=\"article:modified_time\" content=\"2019-04-03T11:39:39+00:00\" \/>\n<meta property=\"og:image\" content=\"https:\/\/worldofflowerpots.com\/wp-content\/uploads\/2019\/03\/wysoka-donica-Mattia.jpg\" \/>\n\t<meta property=\"og:image:width\" content=\"2280\" \/>\n\t<meta property=\"og:image:height\" content=\"1612\" \/>\n\t<meta property=\"og:image:type\" content=\"image\/jpeg\" \/>\n<meta name=\"twitter:card\" content=\"summary_large_image\" \/>\n<meta name=\"twitter:label1\" content=\"Szacowany czas czytania\" \/>\n\t<meta name=\"twitter:data1\" content=\"2 minuty\" \/>\n<script type=\"application\/ld+json\" class=\"yoast-schema-graph\">{\"@context\":\"https:\\\/\\\/schema.org\",\"@graph\":[{\"@type\":\"WebPage\",\"@id\":\"https:\\\/\\\/worldofflowerpots.com\\\/sklep\\\/wysoka-donica-mattia\\\/\",\"url\":\"https:\\\/\\\/worldofflowerpots.com\\\/sklep\\\/wysoka-donica-mattia\\\/\",\"name\":\"Wysoka donica Mattia - idealna do biura lub przedpokoju\",\"isPartOf\":{\"@id\":\"https:\\\/\\\/worldofflowerpots.com\\\/#website\"},\"primaryImageOfPage\":{\"@id\":\"https:\\\/\\\/worldofflowerpots.com\\\/sklep\\\/wysoka-donica-mattia\\\/#primaryimage\"},\"image\":{\"@id\":\"https:\\\/\\\/worldofflowerpots.com\\\/sklep\\\/wysoka-donica-mattia\\\/#primaryimage\"},\"thumbnailUrl\":\"https:\\\/\\\/worldofflowerpots.com\\\/wp-content\\\/uploads\\\/2019\\\/03\\\/wysoka-donica-Mattia.jpg\",\"datePublished\":\"2019-03-13T13:57:46+00:00\",\"dateModified\":\"2019-04-03T11:39:39+00:00\",\"description\":\"Wysoka donica Mattia to nowoczesny produkt o wyj\u0105tkowym wygl\u0105dzie i innowacyjnej technologii realizacji. Elegancki dodatek, kt\u00f3ry podkre\u015bla pi\u0119kno zieleni.\",\"breadcrumb\":{\"@id\":\"https:\\\/\\\/worldofflowerpots.com\\\/sklep\\\/wysoka-donica-mattia\\\/#breadcrumb\"},\"inLanguage\":\"pl-PL\",\"potentialAction\":[{\"@type\":\"ReadAction\",\"target\":[\"https:\\\/\\\/worldofflowerpots.com\\\/sklep\\\/wysoka-donica-mattia\\\/\"]}]},{\"@type\":\"ImageObject\",\"inLanguage\":\"pl-PL\",\"@id\":\"https:\\\/\\\/worldofflowerpots.com\\\/sklep\\\/wysoka-donica-mattia\\\/#primaryimage\",\"url\":\"https:\\\/\\\/worldofflowerpots.com\\\/wp-content\\\/uploads\\\/2019\\\/03\\\/wysoka-donica-Mattia.jpg\",\"contentUrl\":\"https:\\\/\\\/worldofflowerpots.com\\\/wp-content\\\/uploads\\\/2019\\\/03\\\/wysoka-donica-Mattia.jpg\",\"width\":2280,\"height\":1612},{\"@type\":\"BreadcrumbList\",\"@id\":\"https:\\\/\\\/worldofflowerpots.com\\\/sklep\\\/wysoka-donica-mattia\\\/#breadcrumb\",\"itemListElement\":[{\"@type\":\"ListItem\",\"position\":1,\"name\":\"Strona g\u0142\u00f3wna\",\"item\":\"https:\\\/\\\/worldofflowerpots.com\\\/\"},{\"@type\":\"ListItem\",\"position\":2,\"name\":\"Sklep\",\"item\":\"https:\\\/\\\/worldofflowerpots.com\\\/sklep\\\/\"},{\"@type\":\"ListItem\",\"position\":3,\"name\":\"Wysoka donica Mattia\"}]},{\"@type\":\"WebSite\",\"@id\":\"https:\\\/\\\/worldofflowerpots.com\\\/#website\",\"url\":\"https:\\\/\\\/worldofflowerpots.com\\\/\",\"name\":\"World of Flowerpots\",\"description\":\"producent donic ozdobnych\",\"potentialAction\":[{\"@type\":\"SearchAction\",\"target\":{\"@type\":\"EntryPoint\",\"urlTemplate\":\"https:\\\/\\\/worldofflowerpots.com\\\/?s={search_term_string}\"},\"query-input\":{\"@type\":\"PropertyValueSpecification\",\"valueRequired\":true,\"valueName\":\"search_term_string\"}}],\"inLanguage\":\"pl-PL\"}]}<\/script>\n<!-- \/ Yoast SEO plugin. -->","yoast_head_json":{"title":"Wysoka donica Mattia - idealna do biura lub przedpokoju","description":"Wysoka donica Mattia to nowoczesny produkt o wyj\u0105tkowym wygl\u0105dzie i innowacyjnej technologii realizacji. Elegancki dodatek, kt\u00f3ry podkre\u015bla pi\u0119kno zieleni.","robots":{"index":"index","follow":"follow","max-snippet":"max-snippet:-1","max-image-preview":"max-image-preview:large","max-video-preview":"max-video-preview:-1"},"canonical":"https:\/\/worldofflowerpots.com\/sklep\/wysoka-donica-mattia\/","og_locale":"pl_PL","og_type":"article","og_title":"Wysoka donica Mattia - idealna do biura lub przedpokoju","og_description":"Wysoka donica Mattia to nowoczesny produkt o wyj\u0105tkowym wygl\u0105dzie i innowacyjnej technologii realizacji. Elegancki dodatek, kt\u00f3ry podkre\u015bla pi\u0119kno zieleni.","og_url":"https:\/\/worldofflowerpots.com\/sklep\/wysoka-donica-mattia\/","og_site_name":"World of Flowerpots","article_modified_time":"2019-04-03T11:39:39+00:00","og_image":[{"width":2280,"height":1612,"url":"https:\/\/worldofflowerpots.com\/wp-content\/uploads\/2019\/03\/wysoka-donica-Mattia.jpg","type":"image\/jpeg"}],"twitter_card":"summary_large_image","twitter_misc":{"Szacowany czas czytania":"2 minuty"},"schema":{"@context":"https:\/\/schema.org","@graph":[{"@type":"WebPage","@id":"https:\/\/worldofflowerpots.com\/sklep\/wysoka-donica-mattia\/","url":"https:\/\/worldofflowerpots.com\/sklep\/wysoka-donica-mattia\/","name":"Wysoka donica Mattia - idealna do biura lub przedpokoju","isPartOf":{"@id":"https:\/\/worldofflowerpots.com\/#website"},"primaryImageOfPage":{"@id":"https:\/\/worldofflowerpots.com\/sklep\/wysoka-donica-mattia\/#primaryimage"},"image":{"@id":"https:\/\/worldofflowerpots.com\/sklep\/wysoka-donica-mattia\/#primaryimage"},"thumbnailUrl":"https:\/\/worldofflowerpots.com\/wp-content\/uploads\/2019\/03\/wysoka-donica-Mattia.jpg","datePublished":"2019-03-13T13:57:46+00:00","dateModified":"2019-04-03T11:39:39+00:00","description":"Wysoka donica Mattia to nowoczesny produkt o wyj\u0105tkowym wygl\u0105dzie i innowacyjnej technologii realizacji. Elegancki dodatek, kt\u00f3ry podkre\u015bla pi\u0119kno zieleni.","breadcrumb":{"@id":"https:\/\/worldofflowerpots.com\/sklep\/wysoka-donica-mattia\/#breadcrumb"},"inLanguage":"pl-PL","potentialAction":[{"@type":"ReadAction","target":["https:\/\/worldofflowerpots.com\/sklep\/wysoka-donica-mattia\/"]}]},{"@type":"ImageObject","inLanguage":"pl-PL","@id":"https:\/\/worldofflowerpots.com\/sklep\/wysoka-donica-mattia\/#primaryimage","url":"https:\/\/worldofflowerpots.com\/wp-content\/uploads\/2019\/03\/wysoka-donica-Mattia.jpg","contentUrl":"https:\/\/worldofflowerpots.com\/wp-content\/uploads\/2019\/03\/wysoka-donica-Mattia.jpg","width":2280,"height":1612},{"@type":"BreadcrumbList","@id":"https:\/\/worldofflowerpots.com\/sklep\/wysoka-donica-mattia\/#breadcrumb","itemListElement":[{"@type":"ListItem","position":1,"name":"Strona g\u0142\u00f3wna","item":"https:\/\/worldofflowerpots.com\/"},{"@type":"ListItem","position":2,"name":"Sklep","item":"https:\/\/worldofflowerpots.com\/sklep\/"},{"@type":"ListItem","position":3,"name":"Wysoka donica Mattia"}]},{"@type":"WebSite","@id":"https:\/\/worldofflowerpots.com\/#website","url":"https:\/\/worldofflowerpots.com\/","name":"World of Flowerpots","description":"producent donic ozdobnych","potentialAction":[{"@type":"SearchAction","target":{"@type":"EntryPoint","urlTemplate":"https:\/\/worldofflowerpots.com\/?s={search_term_string}"},"query-input":{"@type":"PropertyValueSpecification","valueRequired":true,"valueName":"search_term_string"}}],"inLanguage":"pl-PL"}]}},"_links":{"self":[{"href":"https:\/\/worldofflowerpots.com\/pl\/wp-json\/wp\/v2\/product\/55544","targetHints":{"allow":["GET"]}}],"collection":[{"href":"https:\/\/worldofflowerpots.com\/pl\/wp-json\/wp\/v2\/product"}],"about":[{"href":"https:\/\/worldofflowerpots.com\/pl\/wp-json\/wp\/v2\/types\/product"}],"wp:featuredmedia":[{"embeddable":true,"href":"https:\/\/worldofflowerpots.com\/pl\/wp-json\/wp\/v2\/media\/56769"}],"wp:attachment":[{"href":"https:\/\/worldofflowerpots.com\/pl\/wp-json\/wp\/v2\/media?parent=55544"}],"wp:term":[{"taxonomy":"product_brand","embeddable":true,"href":"https:\/\/worldofflowerpots.com\/pl\/wp-json\/wp\/v2\/product_brand?post=55544"},{"taxonomy":"product_cat","embeddable":true,"href":"https:\/\/worldofflowerpots.com\/pl\/wp-json\/wp\/v2\/product_cat?post=55544"},{"taxonomy":"product_tag","embeddable":true,"href":"https:\/\/worldofflowerpots.com\/pl\/wp-json\/wp\/v2\/product_tag?post=55544"}],"curies":[{"name":"wp","href":"https:\/\/api.w.org\/{rel}","templated":true}]}}