{"id":55551,"date":"2019-03-14T09:16:13","date_gmt":"2019-03-14T08:16:13","guid":{"rendered":"https:\/\/worldofflowerpots.com\/?post_type=product&#038;p=55551"},"modified":"2019-04-03T13:37:16","modified_gmt":"2019-04-03T11:37:16","slug":"donice-balkonowe-andrea","status":"publish","type":"product","link":"https:\/\/worldofflowerpots.com\/pl\/sklep\/donice-balkonowe-andrea\/","title":{"rendered":"Donice balkonowe Andrea"},"content":{"rendered":"<h2><strong>Innowacyjne po\u0142\u0105czenie materia\u0142\u00f3w<\/strong><\/h2>\n<p>Nowoczesne donice z serii Stone s\u0105 wykonywane z wysokiej jako\u015bci materia\u0142\u00f3w. S\u0105 \u015bwietn\u0105 alternatyw\u0105 dla donic z kamienia i betonu, kt\u00f3re ze wzgl\u0119du na wag\u0119 nie mog\u0105 by\u0107 postawione w ka\u017cdym miejscu. Oferowane donice wytwarza si\u0119 z w\u0142\u00f3kna szklanego i r\u0119cznie pokrywa kwarcem zmieszanym z \u017cywic\u0105 akrylow\u0105. Jest to produkt bardzo lekki, jednocze\u015bnie stabilny i odporny na dzia\u0142anie r\u00f3\u017cnego rodzaj\u00f3w warunk\u00f3w atmosferycznych: deszczu, mrozu, promieni s\u0142onecznych. Donice balkonowe dost\u0119pne s\u0105 w sp\u00f3jnej gamie kolorystycznej. Prezentujemy Pa\u0144stwu pi\u0119\u0107 r\u00f3\u017cnych jednolitych propozycji kolorystycznych. Je\u017celi poszukujesz czego\u015b bardziej wyrazistego, koniecznie zapoznaj si\u0119 z ofert\u0105 wzor\u00f3w w czterech kolorach. Kolory s\u0105 stonowane, bardzo dobrze pasuj\u0105 do r\u00f3\u017cnych styl aran\u017cacji. Dzi\u0119ki r\u0119cznemu nak\u0142adaniu powierzchni zewn\u0119trznej ka\u017cda donica jest wyj\u0105tkowa.<\/p>\n<h2><strong>Atrakcyjne donice balkonowe<\/strong><\/h2>\n<p>Donice balkonowe s\u0105 obowi\u0105zkowym elementem dekoracyjnym balkon\u00f3w. Dodaj\u0105 wiele uroku i ciesz\u0105 nasze oczy na co dzie\u0144. Donice balkonowe wzbogacaj\u0105 zar\u00f3wno elegancki jak i bardziej industrialny styl. W zale\u017cno\u015bci od sposobu doboru ro\u015blin, kt\u00f3re s\u0105 w nich posadzone, mo\u017cemy podkre\u015bla\u0107 pi\u0119kno donicy, b\u0105d\u017a te\u017c atrakcyjno\u015b\u0107 samej ro\u015bliny. Dok\u0142adne i profesjonalne wykonanie donic gwarantuje, \u017ce produkty b\u0119d\u0105 s\u0142u\u017cy\u0107 u\u017cytkownikowi przez d\u0142ugie lata. Wymiary produktu pozwalaj\u0105 na posadzenie w donicy wielu r\u00f3\u017cnych typ\u00f3w ro\u015blin. \u015arednica 470 mm i wysoko\u015b\u0107 640 mm b\u0119dzie optymalna zar\u00f3wno dla w\u0142a\u015bcicieli wi\u0119kszych jak i mniejszych powierzchni balkonowych.<\/p>\n<h2><strong>Przydatna na ka\u017cdym balkonie<\/strong><\/h2>\n<p>Donic\u0119 mo\u017cemy umiejscowi\u0107 w wybrany przez siebie spos\u00f3b.\u00a0Donice balkonowe\u00a0Andrea prezentuj\u0105 si\u0119 pi\u0119knie zar\u00f3wno na balkonie, jak i na tarasie, w ogrodzie oraz wn\u0119trzu domu. Doskonale sprawdzaj\u0105 si\u0119 tak\u017ce we wn\u0119trzach biurowych. Technika wykonania nie zapewnia jedynie odporno\u015bci na d\u0142u\u017csze przebywanie w wodzie. Je\u017celi jednak zdarzy nam si\u0119 delikatnie uszkodzi\u0107 powierzchni\u0119 donicy, w prosty i tani spos\u00f3b mo\u017cna j\u0105 naprawi\u0107 przy u\u017cyciu dobrej jako\u015bci farby elewacyjnej. Ciekawym pomys\u0142em mo\u017ce by\u0107 posadzenie w nich r\u00f3\u017cnego rodzaju zi\u00f3\u0142 (rozmaryn, mi\u0119ta, melisa). Zapewni to prosty sta\u0142y dost\u0119p do \u015bwie\u017cych zi\u00f3\u0142 u\u017cywanych na co dzie\u0144 w kuchni. Wyj\u0105tkowy charakter donic podkre\u015bli delikatne li\u015bcie zi\u00f3\u0142, sprawiaj\u0105c \u017ce praktyczno\u015b\u0107 ich uprawy b\u0119dzie po\u0142\u0105czona z mi\u0142ymi dla oka walorami estetycznymi. Dla os\u00f3b mniej aktywnych w kuchni, polecamy za\u0142o\u017cenie balkonowej hodowli poziomek b\u0105d\u017a pomidork\u00f3w koktajlowych &#8211; przy niewielkim nak\u0142adzie pracy b\u0119dziemy cieszy\u0107 si\u0119 smacznymi przek\u0105skami.<\/p>\n","protected":false},"excerpt":{"rendered":"<p>Donica Andrea z w\u0142\u00f3kna szklanego pokrytego kwarcem i \u017cywic\u0105 akrylow\u0105. Wyst\u0119puje w pi\u0119ciu podstawowych jednolitych kolorach: bia\u0142ym, szarym, czarnym i dw\u00f3ch odcieniach br\u0105zu. Dost\u0119pna tak\u017ce w dw\u00f3ch wzorach w czterech wersjach kolorystycznych. Donica produkowana jest w standardzie z otworami odp\u0142ywowymi. Waga donicy to: 8 kg, a wymiary: \u015brednica: 47 cm, wysoko\u015b\u0107: 64 cm.<\/p>\n","protected":false},"featured_media":56759,"template":"","meta":{"_acf_changed":false},"product_brand":[],"product_cat":[385],"product_tag":[448,444,447,451],"class_list":{"0":"post-55551","1":"product","2":"type-product","3":"status-publish","4":"has-post-thumbnail","6":"product_cat-donice-stone","7":"product_tag-donice-balkonowe","8":"product_tag-donice-ogrodowe","9":"product_tag-donice-tarasowe","10":"product_tag-donice-wewnetrzne","11":"description-off","12":"tm-has-options","14":"first","15":"instock","16":"shipping-taxable","17":"purchasable","18":"product-type-simple"},"acf":[],"yoast_head":"<!-- This site is optimized with the Yoast SEO plugin v27.5 - https:\/\/yoast.com\/product\/yoast-seo-wordpress\/ -->\n<title>Donice balkonowe Andrea - zgrabna i elegancka do mniejszych ro\u015blin<\/title>\n<meta name=\"description\" content=\"Donice balkonowe s\u0105 obowi\u0105zkowym elementem dekoracyjnym balkon\u00f3w. Dodaj\u0105 uroku i ciesz\u0105 nasze oczy na co dzie\u0144. S\u0105 zgrabne i pasuj\u0105 do mniejszych ro\u015blin.\" \/>\n<meta name=\"robots\" content=\"index, follow, max-snippet:-1, max-image-preview:large, max-video-preview:-1\" \/>\n<link rel=\"canonical\" href=\"https:\/\/worldofflowerpots.com\/sklep\/donice-balkonowe-andrea\/\" \/>\n<meta property=\"og:locale\" content=\"pl_PL\" \/>\n<meta property=\"og:type\" content=\"article\" \/>\n<meta property=\"og:title\" content=\"Donice balkonowe Andrea - zgrabna i elegancka do mniejszych ro\u015blin\" \/>\n<meta property=\"og:description\" content=\"Donice balkonowe s\u0105 obowi\u0105zkowym elementem dekoracyjnym balkon\u00f3w. Dodaj\u0105 uroku i ciesz\u0105 nasze oczy na co dzie\u0144. S\u0105 zgrabne i pasuj\u0105 do mniejszych ro\u015blin.\" \/>\n<meta property=\"og:url\" content=\"https:\/\/worldofflowerpots.com\/sklep\/donice-balkonowe-andrea\/\" \/>\n<meta property=\"og:site_name\" content=\"World of Flowerpots\" \/>\n<meta property=\"article:modified_time\" content=\"2019-04-03T11:37:16+00:00\" \/>\n<meta property=\"og:image\" content=\"https:\/\/worldofflowerpots.com\/wp-content\/uploads\/2019\/03\/donice-balkonowe-Andrea.jpg\" \/>\n\t<meta property=\"og:image:width\" content=\"2280\" \/>\n\t<meta property=\"og:image:height\" content=\"1612\" \/>\n\t<meta property=\"og:image:type\" content=\"image\/jpeg\" \/>\n<meta name=\"twitter:card\" content=\"summary_large_image\" \/>\n<meta name=\"twitter:label1\" content=\"Szacowany czas czytania\" \/>\n\t<meta name=\"twitter:data1\" content=\"2 minuty\" \/>\n<script type=\"application\/ld+json\" class=\"yoast-schema-graph\">{\"@context\":\"https:\\\/\\\/schema.org\",\"@graph\":[{\"@type\":\"WebPage\",\"@id\":\"https:\\\/\\\/worldofflowerpots.com\\\/sklep\\\/donice-balkonowe-andrea\\\/\",\"url\":\"https:\\\/\\\/worldofflowerpots.com\\\/sklep\\\/donice-balkonowe-andrea\\\/\",\"name\":\"Donice balkonowe Andrea - zgrabna i elegancka do mniejszych ro\u015blin\",\"isPartOf\":{\"@id\":\"https:\\\/\\\/worldofflowerpots.com\\\/#website\"},\"primaryImageOfPage\":{\"@id\":\"https:\\\/\\\/worldofflowerpots.com\\\/sklep\\\/donice-balkonowe-andrea\\\/#primaryimage\"},\"image\":{\"@id\":\"https:\\\/\\\/worldofflowerpots.com\\\/sklep\\\/donice-balkonowe-andrea\\\/#primaryimage\"},\"thumbnailUrl\":\"https:\\\/\\\/worldofflowerpots.com\\\/wp-content\\\/uploads\\\/2019\\\/03\\\/donice-balkonowe-Andrea.jpg\",\"datePublished\":\"2019-03-14T08:16:13+00:00\",\"dateModified\":\"2019-04-03T11:37:16+00:00\",\"description\":\"Donice balkonowe s\u0105 obowi\u0105zkowym elementem dekoracyjnym balkon\u00f3w. Dodaj\u0105 uroku i ciesz\u0105 nasze oczy na co dzie\u0144. S\u0105 zgrabne i pasuj\u0105 do mniejszych ro\u015blin.\",\"breadcrumb\":{\"@id\":\"https:\\\/\\\/worldofflowerpots.com\\\/sklep\\\/donice-balkonowe-andrea\\\/#breadcrumb\"},\"inLanguage\":\"pl-PL\",\"potentialAction\":[{\"@type\":\"ReadAction\",\"target\":[\"https:\\\/\\\/worldofflowerpots.com\\\/sklep\\\/donice-balkonowe-andrea\\\/\"]}]},{\"@type\":\"ImageObject\",\"inLanguage\":\"pl-PL\",\"@id\":\"https:\\\/\\\/worldofflowerpots.com\\\/sklep\\\/donice-balkonowe-andrea\\\/#primaryimage\",\"url\":\"https:\\\/\\\/worldofflowerpots.com\\\/wp-content\\\/uploads\\\/2019\\\/03\\\/donice-balkonowe-Andrea.jpg\",\"contentUrl\":\"https:\\\/\\\/worldofflowerpots.com\\\/wp-content\\\/uploads\\\/2019\\\/03\\\/donice-balkonowe-Andrea.jpg\",\"width\":2280,\"height\":1612},{\"@type\":\"BreadcrumbList\",\"@id\":\"https:\\\/\\\/worldofflowerpots.com\\\/sklep\\\/donice-balkonowe-andrea\\\/#breadcrumb\",\"itemListElement\":[{\"@type\":\"ListItem\",\"position\":1,\"name\":\"Strona g\u0142\u00f3wna\",\"item\":\"https:\\\/\\\/worldofflowerpots.com\\\/\"},{\"@type\":\"ListItem\",\"position\":2,\"name\":\"Sklep\",\"item\":\"https:\\\/\\\/worldofflowerpots.com\\\/sklep\\\/\"},{\"@type\":\"ListItem\",\"position\":3,\"name\":\"Donice balkonowe Andrea\"}]},{\"@type\":\"WebSite\",\"@id\":\"https:\\\/\\\/worldofflowerpots.com\\\/#website\",\"url\":\"https:\\\/\\\/worldofflowerpots.com\\\/\",\"name\":\"World of Flowerpots\",\"description\":\"producent donic ozdobnych\",\"potentialAction\":[{\"@type\":\"SearchAction\",\"target\":{\"@type\":\"EntryPoint\",\"urlTemplate\":\"https:\\\/\\\/worldofflowerpots.com\\\/?s={search_term_string}\"},\"query-input\":{\"@type\":\"PropertyValueSpecification\",\"valueRequired\":true,\"valueName\":\"search_term_string\"}}],\"inLanguage\":\"pl-PL\"}]}<\/script>\n<!-- \/ Yoast SEO plugin. -->","yoast_head_json":{"title":"Donice balkonowe Andrea - zgrabna i elegancka do mniejszych ro\u015blin","description":"Donice balkonowe s\u0105 obowi\u0105zkowym elementem dekoracyjnym balkon\u00f3w. Dodaj\u0105 uroku i ciesz\u0105 nasze oczy na co dzie\u0144. S\u0105 zgrabne i pasuj\u0105 do mniejszych ro\u015blin.","robots":{"index":"index","follow":"follow","max-snippet":"max-snippet:-1","max-image-preview":"max-image-preview:large","max-video-preview":"max-video-preview:-1"},"canonical":"https:\/\/worldofflowerpots.com\/sklep\/donice-balkonowe-andrea\/","og_locale":"pl_PL","og_type":"article","og_title":"Donice balkonowe Andrea - zgrabna i elegancka do mniejszych ro\u015blin","og_description":"Donice balkonowe s\u0105 obowi\u0105zkowym elementem dekoracyjnym balkon\u00f3w. Dodaj\u0105 uroku i ciesz\u0105 nasze oczy na co dzie\u0144. S\u0105 zgrabne i pasuj\u0105 do mniejszych ro\u015blin.","og_url":"https:\/\/worldofflowerpots.com\/sklep\/donice-balkonowe-andrea\/","og_site_name":"World of Flowerpots","article_modified_time":"2019-04-03T11:37:16+00:00","og_image":[{"width":2280,"height":1612,"url":"https:\/\/worldofflowerpots.com\/wp-content\/uploads\/2019\/03\/donice-balkonowe-Andrea.jpg","type":"image\/jpeg"}],"twitter_card":"summary_large_image","twitter_misc":{"Szacowany czas czytania":"2 minuty"},"schema":{"@context":"https:\/\/schema.org","@graph":[{"@type":"WebPage","@id":"https:\/\/worldofflowerpots.com\/sklep\/donice-balkonowe-andrea\/","url":"https:\/\/worldofflowerpots.com\/sklep\/donice-balkonowe-andrea\/","name":"Donice balkonowe Andrea - zgrabna i elegancka do mniejszych ro\u015blin","isPartOf":{"@id":"https:\/\/worldofflowerpots.com\/#website"},"primaryImageOfPage":{"@id":"https:\/\/worldofflowerpots.com\/sklep\/donice-balkonowe-andrea\/#primaryimage"},"image":{"@id":"https:\/\/worldofflowerpots.com\/sklep\/donice-balkonowe-andrea\/#primaryimage"},"thumbnailUrl":"https:\/\/worldofflowerpots.com\/wp-content\/uploads\/2019\/03\/donice-balkonowe-Andrea.jpg","datePublished":"2019-03-14T08:16:13+00:00","dateModified":"2019-04-03T11:37:16+00:00","description":"Donice balkonowe s\u0105 obowi\u0105zkowym elementem dekoracyjnym balkon\u00f3w. Dodaj\u0105 uroku i ciesz\u0105 nasze oczy na co dzie\u0144. S\u0105 zgrabne i pasuj\u0105 do mniejszych ro\u015blin.","breadcrumb":{"@id":"https:\/\/worldofflowerpots.com\/sklep\/donice-balkonowe-andrea\/#breadcrumb"},"inLanguage":"pl-PL","potentialAction":[{"@type":"ReadAction","target":["https:\/\/worldofflowerpots.com\/sklep\/donice-balkonowe-andrea\/"]}]},{"@type":"ImageObject","inLanguage":"pl-PL","@id":"https:\/\/worldofflowerpots.com\/sklep\/donice-balkonowe-andrea\/#primaryimage","url":"https:\/\/worldofflowerpots.com\/wp-content\/uploads\/2019\/03\/donice-balkonowe-Andrea.jpg","contentUrl":"https:\/\/worldofflowerpots.com\/wp-content\/uploads\/2019\/03\/donice-balkonowe-Andrea.jpg","width":2280,"height":1612},{"@type":"BreadcrumbList","@id":"https:\/\/worldofflowerpots.com\/sklep\/donice-balkonowe-andrea\/#breadcrumb","itemListElement":[{"@type":"ListItem","position":1,"name":"Strona g\u0142\u00f3wna","item":"https:\/\/worldofflowerpots.com\/"},{"@type":"ListItem","position":2,"name":"Sklep","item":"https:\/\/worldofflowerpots.com\/sklep\/"},{"@type":"ListItem","position":3,"name":"Donice balkonowe Andrea"}]},{"@type":"WebSite","@id":"https:\/\/worldofflowerpots.com\/#website","url":"https:\/\/worldofflowerpots.com\/","name":"World of Flowerpots","description":"producent donic ozdobnych","potentialAction":[{"@type":"SearchAction","target":{"@type":"EntryPoint","urlTemplate":"https:\/\/worldofflowerpots.com\/?s={search_term_string}"},"query-input":{"@type":"PropertyValueSpecification","valueRequired":true,"valueName":"search_term_string"}}],"inLanguage":"pl-PL"}]}},"_links":{"self":[{"href":"https:\/\/worldofflowerpots.com\/pl\/wp-json\/wp\/v2\/product\/55551","targetHints":{"allow":["GET"]}}],"collection":[{"href":"https:\/\/worldofflowerpots.com\/pl\/wp-json\/wp\/v2\/product"}],"about":[{"href":"https:\/\/worldofflowerpots.com\/pl\/wp-json\/wp\/v2\/types\/product"}],"wp:featuredmedia":[{"embeddable":true,"href":"https:\/\/worldofflowerpots.com\/pl\/wp-json\/wp\/v2\/media\/56759"}],"wp:attachment":[{"href":"https:\/\/worldofflowerpots.com\/pl\/wp-json\/wp\/v2\/media?parent=55551"}],"wp:term":[{"taxonomy":"product_brand","embeddable":true,"href":"https:\/\/worldofflowerpots.com\/pl\/wp-json\/wp\/v2\/product_brand?post=55551"},{"taxonomy":"product_cat","embeddable":true,"href":"https:\/\/worldofflowerpots.com\/pl\/wp-json\/wp\/v2\/product_cat?post=55551"},{"taxonomy":"product_tag","embeddable":true,"href":"https:\/\/worldofflowerpots.com\/pl\/wp-json\/wp\/v2\/product_tag?post=55551"}],"curies":[{"name":"wp","href":"https:\/\/api.w.org\/{rel}","templated":true}]}}