{"id":55557,"date":"2019-03-14T09:47:14","date_gmt":"2019-03-14T08:47:14","guid":{"rendered":"https:\/\/worldofflowerpots.com\/?post_type=product&#038;p=55557"},"modified":"2019-04-03T13:10:50","modified_gmt":"2019-04-03T11:10:50","slug":"donice-do-salonu-federico","status":"publish","type":"product","link":"https:\/\/worldofflowerpots.com\/pl\/sklep\/donice-do-salonu-federico\/","title":{"rendered":"Donice do salonu Federico"},"content":{"rendered":"<h2><strong>Gustowne donice do salonu z serii Stone<\/strong><\/h2>\n<p>Donice z nowoczesnej serii Stone s\u0105 produktem stworzonym specjalnie z my\u015bl\u0105 o pasjonatach ogrodnictwa. Kamienne donice cechuj\u0105 si\u0119 wysok\u0105 funkcjonalno\u015bci\u0105, a jednocze\u015bnie zachowuj\u0105 walory estetyczne.\u00a0Donice do salonu\u00a0Stone s\u0105 dost\u0119pne w zwartym zakresie kolorystycznym. Do wyboru mamy pi\u0119\u0107 atrakcyjnych jednolitych kolor\u00f3w dobrze komponuj\u0105cych si\u0119 z barwami ro\u015blin oraz cztery wersje kolorystyczne dla dw\u00f3ch rodzaj\u00f3w wzor\u00f3w. Produkt ten jest wykonywany z materia\u0142\u00f3w, kt\u00f3rych w\u0142a\u015bciwo\u015bci gwarantuj\u0105 odporno\u015b\u0107 na promieniowanie s\u0142oneczne, wod\u0119 i nawet mr\u00f3z. U\u017cycie w\u0142\u00f3kna szklanego, kwarcu i \u017cycicy akrylowej gwarantuje wytrzyma\u0142o\u015b\u0107 i d\u0142ug\u0105 eksploatacj\u0119 produktu. Co wi\u0119cej, w przypadku pojawienia si\u0119 niewielkich uszkodze\u0144 na produkcie, jeste\u015bmy w stanie nieznacznym kosztem przywr\u00f3ci\u0107 produkt do pierwotnego stanu. Wystarczy pokry\u0107 niewielkie ubytki wysokiej jako\u015bci farb\u0105 elewacyjn\u0105. Donice tak samo dobrze si\u0119 sprawdzaj\u0105 we wszystkich wn\u0119trzach jak i na zewn\u0105trz.<\/p>\n<h2><strong>Donice do salonu Federico<\/strong><\/h2>\n<p>Przegl\u0105daj\u0105c aktualne trendy wn\u0119trzarskie, mo\u017cna zauwa\u017camy, \u017ce coraz bardziej popularnym trendem jest projektowanie mieszka\u0144 zgodnie z stylem botanicznym. Styl ten cechuje si\u0119 du\u017c\u0105 ilo\u015bci\u0105 ro\u015blin w mieszkaniu. Przyjemnie ogl\u0105da si\u0119 zielono &#8211; br\u0105zowe, jasne aran\u017cacje mieszka\u0144, loft\u00f3w i dom\u00f3w. Jest to styl daj\u0105cy poczucie spokoju i du\u017cej przestrzeni. Je\u017celi jeste\u015bmy zwolennikami tego stylu wystroju, warto pokusi\u0107 si\u0119 o wyposa\u017cenie mieszkania w pi\u0119kne\u00a0donice do salonu\u00a0z atrakcyjnymi ro\u015blinami. Idealn\u0105 propozycj\u0105 jest donica Federico, kt\u00f3rej kszta\u0142t przypomina wazon. Z pewno\u015bci\u0105 dobrze pasuje do wystroju ka\u017cdego mieszkania.\u00a0Jej dopasowany do warunk\u00f3w domowych wymiar (\u015brednica 450 mm, wysoko\u015b\u0107 800 mm), pozwala na umieszczenie donic w dowolnym miejscu mieszkania.<\/p>\n<p>Donice do salonu\u00a0mog\u0105 by\u0107 umieszczane bezpo\u015brednio na pod\u0142odze, b\u0105d\u017a te\u017c na r\u00f3\u017cnego rodzaju niskich kwietnikach lub stolikach. Sadz\u0105c w nich pi\u0119kne ro\u015bliny pokojowe, staniemy si\u0119 w\u0142a\u015bcicielami atrakcyjnych, element\u00f3w dekoracji pokoju dziennego. Obiekty te b\u0119d\u0105 cieszy\u0107 oko zar\u00f3wno domownik\u00f3w, jak i zostan\u0105 na pewno dostrze\u017cone i docenione przez naszych go\u015bci.<\/p>\n","protected":false},"excerpt":{"rendered":"<p>Donica Federico z w\u0142\u00f3kna szklanego pokrytego kwarcem i \u017cywic\u0105 akrylow\u0105. Wyst\u0119puje w pi\u0119ciu podstawowych jednolitych kolorach: bia\u0142ym, szarym, czarnym i dw\u00f3ch odcieniach br\u0105zu. Dost\u0119pna tak\u017ce w dw\u00f3ch wzorach w czterech wersjach kolorystycznych. Donica produkowana jest w standardzie z otworami odp\u0142ywowymi. Waga donicy to: 15 kg, a wymiary: \u015brednica: 45 cm, wysoko\u015b\u0107: 80 cm.<\/p>\n","protected":false},"featured_media":56749,"template":"","meta":{"_acf_changed":false},"product_brand":[],"product_cat":[385],"product_tag":[448,444,447,451],"class_list":{"0":"post-55557","1":"product","2":"type-product","3":"status-publish","4":"has-post-thumbnail","6":"product_cat-donice-stone","7":"product_tag-donice-balkonowe","8":"product_tag-donice-ogrodowe","9":"product_tag-donice-tarasowe","10":"product_tag-donice-wewnetrzne","11":"description-off","12":"tm-has-options","14":"first","15":"instock","16":"shipping-taxable","17":"purchasable","18":"product-type-simple"},"acf":[],"yoast_head":"<!-- This site is optimized with the Yoast SEO plugin v27.5 - https:\/\/yoast.com\/product\/yoast-seo-wordpress\/ -->\n<title>Donice do salonu Federico - elegancja w kszta\u0142cie wazonu<\/title>\n<meta name=\"description\" content=\"Donice do salonu mog\u0105 by\u0107 umieszczane bezpo\u015brednio na pod\u0142odze, b\u0105d\u017a te\u017c na r\u00f3\u017cnego rodzaju niskich kwietnikach lub stolikach.\" \/>\n<meta name=\"robots\" content=\"index, follow, max-snippet:-1, max-image-preview:large, max-video-preview:-1\" \/>\n<link rel=\"canonical\" href=\"https:\/\/worldofflowerpots.com\/sklep\/donice-do-salonu-federico\/\" \/>\n<meta property=\"og:locale\" content=\"pl_PL\" \/>\n<meta property=\"og:type\" content=\"article\" \/>\n<meta property=\"og:title\" content=\"Donice do salonu Federico - elegancja w kszta\u0142cie wazonu\" \/>\n<meta property=\"og:description\" content=\"Donice do salonu mog\u0105 by\u0107 umieszczane bezpo\u015brednio na pod\u0142odze, b\u0105d\u017a te\u017c na r\u00f3\u017cnego rodzaju niskich kwietnikach lub stolikach.\" \/>\n<meta property=\"og:url\" content=\"https:\/\/worldofflowerpots.com\/sklep\/donice-do-salonu-federico\/\" \/>\n<meta property=\"og:site_name\" content=\"World of Flowerpots\" \/>\n<meta property=\"article:modified_time\" content=\"2019-04-03T11:10:50+00:00\" \/>\n<meta property=\"og:image\" content=\"https:\/\/worldofflowerpots.com\/wp-content\/uploads\/2019\/03\/donice-do-salonu-Federico.jpg\" \/>\n\t<meta property=\"og:image:width\" content=\"2280\" \/>\n\t<meta property=\"og:image:height\" content=\"1612\" \/>\n\t<meta property=\"og:image:type\" content=\"image\/jpeg\" \/>\n<meta name=\"twitter:card\" content=\"summary_large_image\" \/>\n<meta name=\"twitter:label1\" content=\"Szacowany czas czytania\" \/>\n\t<meta name=\"twitter:data1\" content=\"2 minuty\" \/>\n<script type=\"application\/ld+json\" class=\"yoast-schema-graph\">{\"@context\":\"https:\\\/\\\/schema.org\",\"@graph\":[{\"@type\":\"WebPage\",\"@id\":\"https:\\\/\\\/worldofflowerpots.com\\\/sklep\\\/donice-do-salonu-federico\\\/\",\"url\":\"https:\\\/\\\/worldofflowerpots.com\\\/sklep\\\/donice-do-salonu-federico\\\/\",\"name\":\"Donice do salonu Federico - elegancja w kszta\u0142cie wazonu\",\"isPartOf\":{\"@id\":\"https:\\\/\\\/worldofflowerpots.com\\\/#website\"},\"primaryImageOfPage\":{\"@id\":\"https:\\\/\\\/worldofflowerpots.com\\\/sklep\\\/donice-do-salonu-federico\\\/#primaryimage\"},\"image\":{\"@id\":\"https:\\\/\\\/worldofflowerpots.com\\\/sklep\\\/donice-do-salonu-federico\\\/#primaryimage\"},\"thumbnailUrl\":\"https:\\\/\\\/worldofflowerpots.com\\\/wp-content\\\/uploads\\\/2019\\\/03\\\/donice-do-salonu-Federico.jpg\",\"datePublished\":\"2019-03-14T08:47:14+00:00\",\"dateModified\":\"2019-04-03T11:10:50+00:00\",\"description\":\"Donice do salonu mog\u0105 by\u0107 umieszczane bezpo\u015brednio na pod\u0142odze, b\u0105d\u017a te\u017c na r\u00f3\u017cnego rodzaju niskich kwietnikach lub stolikach.\",\"breadcrumb\":{\"@id\":\"https:\\\/\\\/worldofflowerpots.com\\\/sklep\\\/donice-do-salonu-federico\\\/#breadcrumb\"},\"inLanguage\":\"pl-PL\",\"potentialAction\":[{\"@type\":\"ReadAction\",\"target\":[\"https:\\\/\\\/worldofflowerpots.com\\\/sklep\\\/donice-do-salonu-federico\\\/\"]}]},{\"@type\":\"ImageObject\",\"inLanguage\":\"pl-PL\",\"@id\":\"https:\\\/\\\/worldofflowerpots.com\\\/sklep\\\/donice-do-salonu-federico\\\/#primaryimage\",\"url\":\"https:\\\/\\\/worldofflowerpots.com\\\/wp-content\\\/uploads\\\/2019\\\/03\\\/donice-do-salonu-Federico.jpg\",\"contentUrl\":\"https:\\\/\\\/worldofflowerpots.com\\\/wp-content\\\/uploads\\\/2019\\\/03\\\/donice-do-salonu-Federico.jpg\",\"width\":2280,\"height\":1612},{\"@type\":\"BreadcrumbList\",\"@id\":\"https:\\\/\\\/worldofflowerpots.com\\\/sklep\\\/donice-do-salonu-federico\\\/#breadcrumb\",\"itemListElement\":[{\"@type\":\"ListItem\",\"position\":1,\"name\":\"Strona g\u0142\u00f3wna\",\"item\":\"https:\\\/\\\/worldofflowerpots.com\\\/\"},{\"@type\":\"ListItem\",\"position\":2,\"name\":\"Sklep\",\"item\":\"https:\\\/\\\/worldofflowerpots.com\\\/sklep\\\/\"},{\"@type\":\"ListItem\",\"position\":3,\"name\":\"Donice do salonu Federico\"}]},{\"@type\":\"WebSite\",\"@id\":\"https:\\\/\\\/worldofflowerpots.com\\\/#website\",\"url\":\"https:\\\/\\\/worldofflowerpots.com\\\/\",\"name\":\"World of Flowerpots\",\"description\":\"producent donic ozdobnych\",\"potentialAction\":[{\"@type\":\"SearchAction\",\"target\":{\"@type\":\"EntryPoint\",\"urlTemplate\":\"https:\\\/\\\/worldofflowerpots.com\\\/?s={search_term_string}\"},\"query-input\":{\"@type\":\"PropertyValueSpecification\",\"valueRequired\":true,\"valueName\":\"search_term_string\"}}],\"inLanguage\":\"pl-PL\"}]}<\/script>\n<!-- \/ Yoast SEO plugin. -->","yoast_head_json":{"title":"Donice do salonu Federico - elegancja w kszta\u0142cie wazonu","description":"Donice do salonu mog\u0105 by\u0107 umieszczane bezpo\u015brednio na pod\u0142odze, b\u0105d\u017a te\u017c na r\u00f3\u017cnego rodzaju niskich kwietnikach lub stolikach.","robots":{"index":"index","follow":"follow","max-snippet":"max-snippet:-1","max-image-preview":"max-image-preview:large","max-video-preview":"max-video-preview:-1"},"canonical":"https:\/\/worldofflowerpots.com\/sklep\/donice-do-salonu-federico\/","og_locale":"pl_PL","og_type":"article","og_title":"Donice do salonu Federico - elegancja w kszta\u0142cie wazonu","og_description":"Donice do salonu mog\u0105 by\u0107 umieszczane bezpo\u015brednio na pod\u0142odze, b\u0105d\u017a te\u017c na r\u00f3\u017cnego rodzaju niskich kwietnikach lub stolikach.","og_url":"https:\/\/worldofflowerpots.com\/sklep\/donice-do-salonu-federico\/","og_site_name":"World of Flowerpots","article_modified_time":"2019-04-03T11:10:50+00:00","og_image":[{"width":2280,"height":1612,"url":"https:\/\/worldofflowerpots.com\/wp-content\/uploads\/2019\/03\/donice-do-salonu-Federico.jpg","type":"image\/jpeg"}],"twitter_card":"summary_large_image","twitter_misc":{"Szacowany czas czytania":"2 minuty"},"schema":{"@context":"https:\/\/schema.org","@graph":[{"@type":"WebPage","@id":"https:\/\/worldofflowerpots.com\/sklep\/donice-do-salonu-federico\/","url":"https:\/\/worldofflowerpots.com\/sklep\/donice-do-salonu-federico\/","name":"Donice do salonu Federico - elegancja w kszta\u0142cie wazonu","isPartOf":{"@id":"https:\/\/worldofflowerpots.com\/#website"},"primaryImageOfPage":{"@id":"https:\/\/worldofflowerpots.com\/sklep\/donice-do-salonu-federico\/#primaryimage"},"image":{"@id":"https:\/\/worldofflowerpots.com\/sklep\/donice-do-salonu-federico\/#primaryimage"},"thumbnailUrl":"https:\/\/worldofflowerpots.com\/wp-content\/uploads\/2019\/03\/donice-do-salonu-Federico.jpg","datePublished":"2019-03-14T08:47:14+00:00","dateModified":"2019-04-03T11:10:50+00:00","description":"Donice do salonu mog\u0105 by\u0107 umieszczane bezpo\u015brednio na pod\u0142odze, b\u0105d\u017a te\u017c na r\u00f3\u017cnego rodzaju niskich kwietnikach lub stolikach.","breadcrumb":{"@id":"https:\/\/worldofflowerpots.com\/sklep\/donice-do-salonu-federico\/#breadcrumb"},"inLanguage":"pl-PL","potentialAction":[{"@type":"ReadAction","target":["https:\/\/worldofflowerpots.com\/sklep\/donice-do-salonu-federico\/"]}]},{"@type":"ImageObject","inLanguage":"pl-PL","@id":"https:\/\/worldofflowerpots.com\/sklep\/donice-do-salonu-federico\/#primaryimage","url":"https:\/\/worldofflowerpots.com\/wp-content\/uploads\/2019\/03\/donice-do-salonu-Federico.jpg","contentUrl":"https:\/\/worldofflowerpots.com\/wp-content\/uploads\/2019\/03\/donice-do-salonu-Federico.jpg","width":2280,"height":1612},{"@type":"BreadcrumbList","@id":"https:\/\/worldofflowerpots.com\/sklep\/donice-do-salonu-federico\/#breadcrumb","itemListElement":[{"@type":"ListItem","position":1,"name":"Strona g\u0142\u00f3wna","item":"https:\/\/worldofflowerpots.com\/"},{"@type":"ListItem","position":2,"name":"Sklep","item":"https:\/\/worldofflowerpots.com\/sklep\/"},{"@type":"ListItem","position":3,"name":"Donice do salonu Federico"}]},{"@type":"WebSite","@id":"https:\/\/worldofflowerpots.com\/#website","url":"https:\/\/worldofflowerpots.com\/","name":"World of Flowerpots","description":"producent donic ozdobnych","potentialAction":[{"@type":"SearchAction","target":{"@type":"EntryPoint","urlTemplate":"https:\/\/worldofflowerpots.com\/?s={search_term_string}"},"query-input":{"@type":"PropertyValueSpecification","valueRequired":true,"valueName":"search_term_string"}}],"inLanguage":"pl-PL"}]}},"_links":{"self":[{"href":"https:\/\/worldofflowerpots.com\/pl\/wp-json\/wp\/v2\/product\/55557","targetHints":{"allow":["GET"]}}],"collection":[{"href":"https:\/\/worldofflowerpots.com\/pl\/wp-json\/wp\/v2\/product"}],"about":[{"href":"https:\/\/worldofflowerpots.com\/pl\/wp-json\/wp\/v2\/types\/product"}],"wp:featuredmedia":[{"embeddable":true,"href":"https:\/\/worldofflowerpots.com\/pl\/wp-json\/wp\/v2\/media\/56749"}],"wp:attachment":[{"href":"https:\/\/worldofflowerpots.com\/pl\/wp-json\/wp\/v2\/media?parent=55557"}],"wp:term":[{"taxonomy":"product_brand","embeddable":true,"href":"https:\/\/worldofflowerpots.com\/pl\/wp-json\/wp\/v2\/product_brand?post=55557"},{"taxonomy":"product_cat","embeddable":true,"href":"https:\/\/worldofflowerpots.com\/pl\/wp-json\/wp\/v2\/product_cat?post=55557"},{"taxonomy":"product_tag","embeddable":true,"href":"https:\/\/worldofflowerpots.com\/pl\/wp-json\/wp\/v2\/product_tag?post=55557"}],"curies":[{"name":"wp","href":"https:\/\/api.w.org\/{rel}","templated":true}]}}