{"id":55563,"date":"2019-03-14T11:34:46","date_gmt":"2019-03-14T10:34:46","guid":{"rendered":"https:\/\/worldofflowerpots.com\/?post_type=product&#038;p=55563"},"modified":"2019-04-03T13:08:29","modified_gmt":"2019-04-03T11:08:29","slug":"nowoczesne-donice-do-salonu-cloe","status":"publish","type":"product","link":"https:\/\/worldofflowerpots.com\/pl\/sklep\/nowoczesne-donice-do-salonu-cloe\/","title":{"rendered":"Nowoczesne donice do salonu Cloe"},"content":{"rendered":"<h2>Nowoczesne donice do salonu Stone<\/h2>\n<p>Donice ogrodowe ju\u017c od dawna goszcz\u0105 w naszych domach jako sta\u0142y element dekoracyjny. Dzi\u0119ki nim wn\u0119trza maj\u0105 wymarzony klimat.\u00a0Nowoczesne donice do salonu z serii Stone sprawdzaj\u0105 si\u0119 idealnie do prostych, eleganckich wn\u0119trz. S\u0105 idealne dla os\u00f3b ceni\u0105cych nowoczesny design po\u0142\u0105czony z u\u017cyteczno\u015bci\u0105 produktu.<\/p>\n<h2><strong>Innowacyjne po\u0142\u0105czenie materia\u0142\u00f3w<\/strong><\/h2>\n<p>Donice wykonujemy \u00a0s\u0105 z w\u0142\u00f3kna szklanego i pokrywamy kwarcem zmieszanym z \u017cywic\u0105 akrylow\u0105. Dzi\u0119ki temu uzyskujemy wizualny efekt zbli\u017cony do kamienia i betonu. Ostatnia, zewn\u0119trzna warstwa, jest nak\u0142adana r\u0119cznie dzi\u0119ki czemu ka\u017cdy produkt jest wyj\u0105tkowy i niepowtarzalny. Maj\u0105 Pa\u0144stwo pewno\u015b\u0107, \u017ce nikt nie b\u0119dzie mia\u0142 dok\u0142adnie takiej samej doniczki. Sam materia\u0142 jest bardzo lekki co \u015bwietnie kontrastuje z wygl\u0105dem produktu. Kolejnym jego plusem jest odporno\u015b\u0107 na promienie UV oraz warunki atmosferyczne takie jak mr\u00f3z i deszcz. Dzi\u0119ki temu donica sprawdza si\u0119 r\u00f3wnie\u017c na zewn\u0105trz. Zastosowany kwarc nadaje powierzchni bardzo wysokiej odporno\u015bci na uszkodzenia. W razie powstania drobnych uszczerbk\u00f3w mo\u017cna u\u017cy\u0107 wysoko jako\u015bciowej farby elewacyjnej do ich pokrycia. Donice jednak nie\u00a0mog\u0105 by\u0107 umieszczone na sta\u0142e w wodzie, poniewa\u017c mo\u017ce to doprowadzi\u0107 do uszkodze\u0144 powierzchni zewn\u0119trznej, kt\u00f3re nie b\u0119d\u0105 mo\u017cliwe do usuni\u0119cia.<\/p>\n<h2><strong>Jednolita lub wzorzysta<\/strong><\/h2>\n<p>Model Cloe to elegancka, kwadratowa donica o wymiarach 50x50x50 cm. Dost\u0119pna jest w 5 kolorach jako donica jednolita lub w jednym z dw\u00f3ch wzor\u00f3w, w 4 kolorach. Donice jednolite \u015bwietnie sprawdz\u0105 si\u0119 do typowo eleganckich, prostych wn\u0119trz bazuj\u0105cych na stonowanych kolorach i wzorach. B\u0119d\u0105 idealnym dope\u0142nieniem klasycznego wystroju. Podkre\u015bl\u0105 pi\u0119kno prostoty nie przy\u0107miewaj\u0105c jej. Idealnie nadadz\u0105 si\u0119 dla takich ro\u015blin jak dracaena fragrans, yucca czy ficus lyrata.<\/p>\n<p>Jako nowoczesne donice do salonu, najlepiej sprawdz\u0105 si\u0119 wersje wzorzyste. B\u0119d\u0105 si\u0119 \u015bwietnie komponowa\u0107 ze sztuk\u0105 nowoczesn\u0105 i odwa\u017cnym wystrojem. Nadadz\u0105 wn\u0119trzu charakter. Idealnie podkre\u015bl\u0105 wyj\u0105tkowo\u015b\u0107 takich ro\u015blin jak cycas revoluta, lucky bamboo czy zamioculcas zamiifolia.<\/p>\n<p>Ta nowoczesna donica dzi\u0119ki r\u00f3\u017cnym wersjom kolorystycznym jest produktem uniwersalnym. Mo\u017ce podkre\u015bli\u0107 surowe wn\u0119trze, ale za spraw\u0105 odpowiednich dodatk\u00f3w skomponuje si\u0119 z przytulnym, ciep\u0142ym pomieszczeniem. Idealnie b\u0119dzie te\u017c pasowa\u0107 na drewniany taras lub betonow\u0105 \u015bcie\u017ck\u0119 do drzwi wej\u015bciowych. Za spraw\u0105 niskich \u015bcianek bardzo dobrze wyeksponuje r\u00f3wnie\u017c niskie ro\u015bliny.<\/p>\n","protected":false},"excerpt":{"rendered":"<p>Donica Cloe z w\u0142\u00f3kna szklanego pokrytego kwarcem i \u017cywic\u0105 akrylow\u0105. Wyst\u0119puje w pi\u0119ciu podstawowych jednolitych kolorach: bia\u0142ym, szarym, czarnym i dw\u00f3ch odcieniach br\u0105zu. Dost\u0119pna tak\u017ce w dw\u00f3ch wzorach w czterech wersjach kolorystycznych. Donica produkowana jest w standardzie z otworami odp\u0142ywowymi. Waga donicy to: 15 kg, a wymiary: d\u0142ugo\u015b\u0107: 50 cm, szeroko\u015b\u0107: 50 cm, wysoko\u015b\u0107: 50 cm.<\/p>\n","protected":false},"featured_media":56739,"template":"","meta":{"_acf_changed":false},"product_brand":[],"product_cat":[385],"product_tag":[448,444,447,451],"class_list":{"0":"post-55563","1":"product","2":"type-product","3":"status-publish","4":"has-post-thumbnail","6":"product_cat-donice-stone","7":"product_tag-donice-balkonowe","8":"product_tag-donice-ogrodowe","9":"product_tag-donice-tarasowe","10":"product_tag-donice-wewnetrzne","11":"description-off","12":"tm-has-options","14":"first","15":"instock","16":"shipping-taxable","17":"purchasable","18":"product-type-simple"},"acf":[],"yoast_head":"<!-- This site is optimized with the Yoast SEO plugin v27.5 - https:\/\/yoast.com\/product\/yoast-seo-wordpress\/ -->\n<title>Nowoczesne donice do salonu Cloe - do eleganickich wn\u0119trz<\/title>\n<meta name=\"description\" content=\"Nowoczesne donice do salonu Stone sprawdzaj\u0105 si\u0119 w eleganckich wn\u0119trzach. S\u0105 idealne dla os\u00f3b ceni\u0105cych nowoczesny design po\u0142\u0105czony z u\u017cyteczno\u015bci\u0105.\" \/>\n<meta name=\"robots\" content=\"index, follow, max-snippet:-1, max-image-preview:large, max-video-preview:-1\" \/>\n<link rel=\"canonical\" href=\"https:\/\/worldofflowerpots.com\/sklep\/nowoczesne-donice-do-salonu-cloe\/\" \/>\n<meta property=\"og:locale\" content=\"pl_PL\" \/>\n<meta property=\"og:type\" content=\"article\" \/>\n<meta property=\"og:title\" content=\"Nowoczesne donice do salonu Cloe - do eleganickich wn\u0119trz\" \/>\n<meta property=\"og:description\" content=\"Nowoczesne donice do salonu Stone sprawdzaj\u0105 si\u0119 w eleganckich wn\u0119trzach. S\u0105 idealne dla os\u00f3b ceni\u0105cych nowoczesny design po\u0142\u0105czony z u\u017cyteczno\u015bci\u0105.\" \/>\n<meta property=\"og:url\" content=\"https:\/\/worldofflowerpots.com\/sklep\/nowoczesne-donice-do-salonu-cloe\/\" \/>\n<meta property=\"og:site_name\" content=\"World of Flowerpots\" \/>\n<meta property=\"article:modified_time\" content=\"2019-04-03T11:08:29+00:00\" \/>\n<meta property=\"og:image\" content=\"https:\/\/worldofflowerpots.com\/wp-content\/uploads\/2019\/03\/nowoczesne-donice-do-salonu-Cloe.jpg\" \/>\n\t<meta property=\"og:image:width\" content=\"2280\" \/>\n\t<meta property=\"og:image:height\" content=\"1612\" \/>\n\t<meta property=\"og:image:type\" content=\"image\/jpeg\" \/>\n<meta name=\"twitter:card\" content=\"summary_large_image\" \/>\n<meta name=\"twitter:label1\" content=\"Szacowany czas czytania\" \/>\n\t<meta name=\"twitter:data1\" content=\"2 minuty\" \/>\n<script type=\"application\/ld+json\" class=\"yoast-schema-graph\">{\"@context\":\"https:\\\/\\\/schema.org\",\"@graph\":[{\"@type\":\"WebPage\",\"@id\":\"https:\\\/\\\/worldofflowerpots.com\\\/sklep\\\/nowoczesne-donice-do-salonu-cloe\\\/\",\"url\":\"https:\\\/\\\/worldofflowerpots.com\\\/sklep\\\/nowoczesne-donice-do-salonu-cloe\\\/\",\"name\":\"Nowoczesne donice do salonu Cloe - do eleganickich wn\u0119trz\",\"isPartOf\":{\"@id\":\"https:\\\/\\\/worldofflowerpots.com\\\/#website\"},\"primaryImageOfPage\":{\"@id\":\"https:\\\/\\\/worldofflowerpots.com\\\/sklep\\\/nowoczesne-donice-do-salonu-cloe\\\/#primaryimage\"},\"image\":{\"@id\":\"https:\\\/\\\/worldofflowerpots.com\\\/sklep\\\/nowoczesne-donice-do-salonu-cloe\\\/#primaryimage\"},\"thumbnailUrl\":\"https:\\\/\\\/worldofflowerpots.com\\\/wp-content\\\/uploads\\\/2019\\\/03\\\/nowoczesne-donice-do-salonu-Cloe.jpg\",\"datePublished\":\"2019-03-14T10:34:46+00:00\",\"dateModified\":\"2019-04-03T11:08:29+00:00\",\"description\":\"Nowoczesne donice do salonu Stone sprawdzaj\u0105 si\u0119 w eleganckich wn\u0119trzach. S\u0105 idealne dla os\u00f3b ceni\u0105cych nowoczesny design po\u0142\u0105czony z u\u017cyteczno\u015bci\u0105.\",\"breadcrumb\":{\"@id\":\"https:\\\/\\\/worldofflowerpots.com\\\/sklep\\\/nowoczesne-donice-do-salonu-cloe\\\/#breadcrumb\"},\"inLanguage\":\"pl-PL\",\"potentialAction\":[{\"@type\":\"ReadAction\",\"target\":[\"https:\\\/\\\/worldofflowerpots.com\\\/sklep\\\/nowoczesne-donice-do-salonu-cloe\\\/\"]}]},{\"@type\":\"ImageObject\",\"inLanguage\":\"pl-PL\",\"@id\":\"https:\\\/\\\/worldofflowerpots.com\\\/sklep\\\/nowoczesne-donice-do-salonu-cloe\\\/#primaryimage\",\"url\":\"https:\\\/\\\/worldofflowerpots.com\\\/wp-content\\\/uploads\\\/2019\\\/03\\\/nowoczesne-donice-do-salonu-Cloe.jpg\",\"contentUrl\":\"https:\\\/\\\/worldofflowerpots.com\\\/wp-content\\\/uploads\\\/2019\\\/03\\\/nowoczesne-donice-do-salonu-Cloe.jpg\",\"width\":2280,\"height\":1612},{\"@type\":\"BreadcrumbList\",\"@id\":\"https:\\\/\\\/worldofflowerpots.com\\\/sklep\\\/nowoczesne-donice-do-salonu-cloe\\\/#breadcrumb\",\"itemListElement\":[{\"@type\":\"ListItem\",\"position\":1,\"name\":\"Strona g\u0142\u00f3wna\",\"item\":\"https:\\\/\\\/worldofflowerpots.com\\\/\"},{\"@type\":\"ListItem\",\"position\":2,\"name\":\"Sklep\",\"item\":\"https:\\\/\\\/worldofflowerpots.com\\\/sklep\\\/\"},{\"@type\":\"ListItem\",\"position\":3,\"name\":\"Nowoczesne donice do salonu Cloe\"}]},{\"@type\":\"WebSite\",\"@id\":\"https:\\\/\\\/worldofflowerpots.com\\\/#website\",\"url\":\"https:\\\/\\\/worldofflowerpots.com\\\/\",\"name\":\"World of Flowerpots\",\"description\":\"producent donic ozdobnych\",\"potentialAction\":[{\"@type\":\"SearchAction\",\"target\":{\"@type\":\"EntryPoint\",\"urlTemplate\":\"https:\\\/\\\/worldofflowerpots.com\\\/?s={search_term_string}\"},\"query-input\":{\"@type\":\"PropertyValueSpecification\",\"valueRequired\":true,\"valueName\":\"search_term_string\"}}],\"inLanguage\":\"pl-PL\"}]}<\/script>\n<!-- \/ Yoast SEO plugin. -->","yoast_head_json":{"title":"Nowoczesne donice do salonu Cloe - do eleganickich wn\u0119trz","description":"Nowoczesne donice do salonu Stone sprawdzaj\u0105 si\u0119 w eleganckich wn\u0119trzach. S\u0105 idealne dla os\u00f3b ceni\u0105cych nowoczesny design po\u0142\u0105czony z u\u017cyteczno\u015bci\u0105.","robots":{"index":"index","follow":"follow","max-snippet":"max-snippet:-1","max-image-preview":"max-image-preview:large","max-video-preview":"max-video-preview:-1"},"canonical":"https:\/\/worldofflowerpots.com\/sklep\/nowoczesne-donice-do-salonu-cloe\/","og_locale":"pl_PL","og_type":"article","og_title":"Nowoczesne donice do salonu Cloe - do eleganickich wn\u0119trz","og_description":"Nowoczesne donice do salonu Stone sprawdzaj\u0105 si\u0119 w eleganckich wn\u0119trzach. S\u0105 idealne dla os\u00f3b ceni\u0105cych nowoczesny design po\u0142\u0105czony z u\u017cyteczno\u015bci\u0105.","og_url":"https:\/\/worldofflowerpots.com\/sklep\/nowoczesne-donice-do-salonu-cloe\/","og_site_name":"World of Flowerpots","article_modified_time":"2019-04-03T11:08:29+00:00","og_image":[{"width":2280,"height":1612,"url":"https:\/\/worldofflowerpots.com\/wp-content\/uploads\/2019\/03\/nowoczesne-donice-do-salonu-Cloe.jpg","type":"image\/jpeg"}],"twitter_card":"summary_large_image","twitter_misc":{"Szacowany czas czytania":"2 minuty"},"schema":{"@context":"https:\/\/schema.org","@graph":[{"@type":"WebPage","@id":"https:\/\/worldofflowerpots.com\/sklep\/nowoczesne-donice-do-salonu-cloe\/","url":"https:\/\/worldofflowerpots.com\/sklep\/nowoczesne-donice-do-salonu-cloe\/","name":"Nowoczesne donice do salonu Cloe - do eleganickich wn\u0119trz","isPartOf":{"@id":"https:\/\/worldofflowerpots.com\/#website"},"primaryImageOfPage":{"@id":"https:\/\/worldofflowerpots.com\/sklep\/nowoczesne-donice-do-salonu-cloe\/#primaryimage"},"image":{"@id":"https:\/\/worldofflowerpots.com\/sklep\/nowoczesne-donice-do-salonu-cloe\/#primaryimage"},"thumbnailUrl":"https:\/\/worldofflowerpots.com\/wp-content\/uploads\/2019\/03\/nowoczesne-donice-do-salonu-Cloe.jpg","datePublished":"2019-03-14T10:34:46+00:00","dateModified":"2019-04-03T11:08:29+00:00","description":"Nowoczesne donice do salonu Stone sprawdzaj\u0105 si\u0119 w eleganckich wn\u0119trzach. S\u0105 idealne dla os\u00f3b ceni\u0105cych nowoczesny design po\u0142\u0105czony z u\u017cyteczno\u015bci\u0105.","breadcrumb":{"@id":"https:\/\/worldofflowerpots.com\/sklep\/nowoczesne-donice-do-salonu-cloe\/#breadcrumb"},"inLanguage":"pl-PL","potentialAction":[{"@type":"ReadAction","target":["https:\/\/worldofflowerpots.com\/sklep\/nowoczesne-donice-do-salonu-cloe\/"]}]},{"@type":"ImageObject","inLanguage":"pl-PL","@id":"https:\/\/worldofflowerpots.com\/sklep\/nowoczesne-donice-do-salonu-cloe\/#primaryimage","url":"https:\/\/worldofflowerpots.com\/wp-content\/uploads\/2019\/03\/nowoczesne-donice-do-salonu-Cloe.jpg","contentUrl":"https:\/\/worldofflowerpots.com\/wp-content\/uploads\/2019\/03\/nowoczesne-donice-do-salonu-Cloe.jpg","width":2280,"height":1612},{"@type":"BreadcrumbList","@id":"https:\/\/worldofflowerpots.com\/sklep\/nowoczesne-donice-do-salonu-cloe\/#breadcrumb","itemListElement":[{"@type":"ListItem","position":1,"name":"Strona g\u0142\u00f3wna","item":"https:\/\/worldofflowerpots.com\/"},{"@type":"ListItem","position":2,"name":"Sklep","item":"https:\/\/worldofflowerpots.com\/sklep\/"},{"@type":"ListItem","position":3,"name":"Nowoczesne donice do salonu Cloe"}]},{"@type":"WebSite","@id":"https:\/\/worldofflowerpots.com\/#website","url":"https:\/\/worldofflowerpots.com\/","name":"World of Flowerpots","description":"producent donic ozdobnych","potentialAction":[{"@type":"SearchAction","target":{"@type":"EntryPoint","urlTemplate":"https:\/\/worldofflowerpots.com\/?s={search_term_string}"},"query-input":{"@type":"PropertyValueSpecification","valueRequired":true,"valueName":"search_term_string"}}],"inLanguage":"pl-PL"}]}},"_links":{"self":[{"href":"https:\/\/worldofflowerpots.com\/pl\/wp-json\/wp\/v2\/product\/55563","targetHints":{"allow":["GET"]}}],"collection":[{"href":"https:\/\/worldofflowerpots.com\/pl\/wp-json\/wp\/v2\/product"}],"about":[{"href":"https:\/\/worldofflowerpots.com\/pl\/wp-json\/wp\/v2\/types\/product"}],"wp:featuredmedia":[{"embeddable":true,"href":"https:\/\/worldofflowerpots.com\/pl\/wp-json\/wp\/v2\/media\/56739"}],"wp:attachment":[{"href":"https:\/\/worldofflowerpots.com\/pl\/wp-json\/wp\/v2\/media?parent=55563"}],"wp:term":[{"taxonomy":"product_brand","embeddable":true,"href":"https:\/\/worldofflowerpots.com\/pl\/wp-json\/wp\/v2\/product_brand?post=55563"},{"taxonomy":"product_cat","embeddable":true,"href":"https:\/\/worldofflowerpots.com\/pl\/wp-json\/wp\/v2\/product_cat?post=55563"},{"taxonomy":"product_tag","embeddable":true,"href":"https:\/\/worldofflowerpots.com\/pl\/wp-json\/wp\/v2\/product_tag?post=55563"}],"curies":[{"name":"wp","href":"https:\/\/api.w.org\/{rel}","templated":true}]}}