{"id":55564,"date":"2019-03-14T11:47:38","date_gmt":"2019-03-14T10:47:38","guid":{"rendered":"https:\/\/worldofflowerpots.com\/?post_type=product&#038;p=55564"},"modified":"2019-04-03T13:05:21","modified_gmt":"2019-04-03T11:05:21","slug":"donice-ogrodowe-z-betonu-anna","status":"publish","type":"product","link":"https:\/\/worldofflowerpots.com\/pl\/sklep\/donice-ogrodowe-z-betonu-anna\/","title":{"rendered":"Donice ogrodowe z betonu Anna"},"content":{"rendered":"<h2><strong>Wytrzyma\u0142o\u015b\u0107 materia\u0142u<\/strong><\/h2>\n<p>Donice wykonane z w\u0142\u00f3kna szklanego pokrytego kwarcem po\u0142\u0105czonym z \u017cywic\u0105 akrylow\u0105 do z\u0142udzenia przypominaj\u0105\u00a0donice ogrodowe z betonu\u00a0czy kamienia. Taka ozdoba jest jednak du\u017co l\u017cejsza i wyj\u0105tkowo trwa\u0142a. Jest tak\u017ce odporna na trudne warunki atmosferyczne panuj\u0105ce zwykle w ogrodzie, czyli s\u0142o\u0144ce, deszcz czy mr\u00f3z. Oznacza to, \u017ce mo\u017ce ona zdobi\u0107 ogr\u00f3d przez ca\u0142y rok! Powierzchnia donicy jest \u0142atwa do utrzymania w czysto\u015bci. Jej renowacja po sezonie, w razie jakichkolwiek drobnych uszkodze\u0144 czy zarysowa\u0144, jest niezwykle \u0142atwa. Mo\u017cna j\u0105 \u0142atwo samemu odnowi\u0107 wykorzystuj\u0105c dobrej jako\u015bci farb\u0119 elewacyjn\u0105. Ju\u017c jedna warstwa wystarczy, by donica wygl\u0105da\u0142a jak nowa. Nie trzeba si\u0119 jednak tym zbytnio martwi\u0107, gdy\u017c zastosowany kwarc zabezpiecza powierzchni\u0119 zewn\u0119trzn\u0105 przed uszkodzeniami mechnicznymi.<\/p>\n<h2><strong>Nowoczesny design<\/strong><\/h2>\n<p>Wyb\u00f3r donicy z w\u0142\u00f3kna szklanego to nie tylko oznaka wygody, ale tak\u017ce nowoczesno\u015bci. Prosta, ale zarazem elegancka forma donicy Anna b\u0119dzie \u015bwietnie wygl\u0105da\u0107 w wielu aran\u017cacjach. Donica ta ma wymiary 600x600x600mm i jest dost\u0119pna w pi\u0119ciu jednolitych kolorach do wyboru. Mo\u017cna tak\u017ce wybra\u0107 jeden z dw\u00f3ch wzor\u00f3w w a\u017c czterech wersjach kolorystycznych.<\/p>\n<p>Kilka jednakowych kwadratowych donic ustawionych w rz\u0119dzie mo\u017ce stanowi\u0107 niezwyk\u0142\u0105 ozdob\u0119 wjazdu do bramy, tarasu czy wej\u015bcia do domu. Wystarczy zasadzi\u0107 w nich na przyk\u0142ad niewielkie krzewy iglaste, kt\u00f3re b\u0119d\u0105 pi\u0119knie zielone przez ca\u0142y rok.\u00a0Kwadratowa bry\u0142a donicy Anna zapewnia jej du\u017c\u0105 stabilno\u015b\u0107, mo\u017cna j\u0105 zatem bez problemu ustawi\u0107 w miejscach nara\u017conych na przeci\u0105g czy wiatr. Takie donice doskonale sprawdz\u0105 si\u0119 w nowoczesnych ogrodach, w kt\u00f3rych kr\u00f3luje minimalizm i harmonia kompozycji, zazwyczaj przedstawiana w postaci betonu czy kamienia.<\/p>\n<h2><strong>Klimat miasta<\/strong><\/h2>\n<p>Donice z w\u0142\u00f3kna szklanego, podobnie jak\u00a0donice ogrodowe z betonu, \u015bwietnie wpisz\u0105 si\u0119 tak\u017ce w nowoczesny, miejski styl. Donica Anna dzi\u0119ki swoim geometrycznym kszta\u0142tom i prostej formie b\u0119dzie idealnie pasowa\u0107 r\u00f3wnie\u017c na balkonie czy tarasie miejskiego osiedla. Mo\u017ce sta\u0107 si\u0119 tam niezwyk\u0142\u0105, ale zarazem klasyczn\u0105 ozdob\u0105. Taka prosta donica ze wzgl\u0119du na sw\u00f3j surowy charakter mo\u017ce tak\u017ce stanowi\u0107 dekoracj\u0119 wej\u015bcia do biura czy firmy. Takie wn\u0119trza coraz cz\u0119\u015bciej stylizuje si\u0119 na industrialne, gdzie po\u0142\u0105czenie metalu czy szk\u0142a z kolorystyk\u0105 i tworzywem donicy stworzy wyj\u0105tkow\u0105 kombinacj\u0119. Jak wida\u0107, donice z w\u0142\u00f3kna szklanego mog\u0105 funkcjonowa\u0107 prawie identycznie jak klasyczne\u00a0donice ogrodowe z betonu.<\/p>\n","protected":false},"excerpt":{"rendered":"<p>Donica Anna z w\u0142\u00f3kna szklanego pokrytego kwarcem i \u017cywic\u0105 akrylow\u0105. Wyst\u0119puje w pi\u0119ciu podstawowych jednolitych kolorach: bia\u0142ym, szarym, czarnym i dw\u00f3ch odcieniach br\u0105zu. Dost\u0119pna tak\u017ce w dw\u00f3ch wzorach w czterech wersjach kolorystycznych. Donica produkowana jest w standardzie z otworami odp\u0142ywowymi. Waga donicy to: 18 kg, a wymiary: d\u0142ugo\u015b\u0107: 60 cm, szeroko\u015b\u0107: 60 cm, wysoko\u015b\u0107: 60 cm.<\/p>\n","protected":false},"featured_media":56729,"template":"","meta":{"_acf_changed":false},"product_brand":[],"product_cat":[385],"product_tag":[448,444,447,451],"class_list":{"0":"post-55564","1":"product","2":"type-product","3":"status-publish","4":"has-post-thumbnail","6":"product_cat-donice-stone","7":"product_tag-donice-balkonowe","8":"product_tag-donice-ogrodowe","9":"product_tag-donice-tarasowe","10":"product_tag-donice-wewnetrzne","11":"description-off","12":"tm-has-options","14":"first","15":"instock","16":"shipping-taxable","17":"purchasable","18":"product-type-simple"},"acf":[],"yoast_head":"<!-- This site is optimized with the Yoast SEO plugin v27.5 - https:\/\/yoast.com\/product\/yoast-seo-wordpress\/ -->\n<title>Donice ogrodowe z betonu Anna - dopasowana do wszytskich ro\u015blin<\/title>\n<meta name=\"description\" content=\"Donice wykonane z w\u0142\u00f3kna szklanego pokrytego kwarcem po\u0142\u0105czonym z \u017cywic\u0105 akrylow\u0105 do z\u0142udzenia przypominaj\u0105 donice ogrodowe z betonu czy kamienia.\" \/>\n<meta name=\"robots\" content=\"index, follow, max-snippet:-1, max-image-preview:large, max-video-preview:-1\" \/>\n<link rel=\"canonical\" href=\"https:\/\/worldofflowerpots.com\/sklep\/donice-ogrodowe-z-betonu-anna\/\" \/>\n<meta property=\"og:locale\" content=\"pl_PL\" \/>\n<meta property=\"og:type\" content=\"article\" \/>\n<meta property=\"og:title\" content=\"Donice ogrodowe z betonu Anna - dopasowana do wszytskich ro\u015blin\" \/>\n<meta property=\"og:description\" content=\"Donice wykonane z w\u0142\u00f3kna szklanego pokrytego kwarcem po\u0142\u0105czonym z \u017cywic\u0105 akrylow\u0105 do z\u0142udzenia przypominaj\u0105 donice ogrodowe z betonu czy kamienia.\" \/>\n<meta property=\"og:url\" content=\"https:\/\/worldofflowerpots.com\/sklep\/donice-ogrodowe-z-betonu-anna\/\" \/>\n<meta property=\"og:site_name\" content=\"World of Flowerpots\" \/>\n<meta property=\"article:modified_time\" content=\"2019-04-03T11:05:21+00:00\" \/>\n<meta property=\"og:image\" content=\"https:\/\/worldofflowerpots.com\/wp-content\/uploads\/2019\/03\/donice-ogrodowe-z-betonu-Anna.jpg\" \/>\n\t<meta property=\"og:image:width\" content=\"2280\" \/>\n\t<meta property=\"og:image:height\" content=\"1612\" \/>\n\t<meta property=\"og:image:type\" content=\"image\/jpeg\" \/>\n<meta name=\"twitter:card\" content=\"summary_large_image\" \/>\n<meta name=\"twitter:label1\" content=\"Szacowany czas czytania\" \/>\n\t<meta name=\"twitter:data1\" content=\"2 minuty\" \/>\n<script type=\"application\/ld+json\" class=\"yoast-schema-graph\">{\"@context\":\"https:\\\/\\\/schema.org\",\"@graph\":[{\"@type\":\"WebPage\",\"@id\":\"https:\\\/\\\/worldofflowerpots.com\\\/sklep\\\/donice-ogrodowe-z-betonu-anna\\\/\",\"url\":\"https:\\\/\\\/worldofflowerpots.com\\\/sklep\\\/donice-ogrodowe-z-betonu-anna\\\/\",\"name\":\"Donice ogrodowe z betonu Anna - dopasowana do wszytskich ro\u015blin\",\"isPartOf\":{\"@id\":\"https:\\\/\\\/worldofflowerpots.com\\\/#website\"},\"primaryImageOfPage\":{\"@id\":\"https:\\\/\\\/worldofflowerpots.com\\\/sklep\\\/donice-ogrodowe-z-betonu-anna\\\/#primaryimage\"},\"image\":{\"@id\":\"https:\\\/\\\/worldofflowerpots.com\\\/sklep\\\/donice-ogrodowe-z-betonu-anna\\\/#primaryimage\"},\"thumbnailUrl\":\"https:\\\/\\\/worldofflowerpots.com\\\/wp-content\\\/uploads\\\/2019\\\/03\\\/donice-ogrodowe-z-betonu-Anna.jpg\",\"datePublished\":\"2019-03-14T10:47:38+00:00\",\"dateModified\":\"2019-04-03T11:05:21+00:00\",\"description\":\"Donice wykonane z w\u0142\u00f3kna szklanego pokrytego kwarcem po\u0142\u0105czonym z \u017cywic\u0105 akrylow\u0105 do z\u0142udzenia przypominaj\u0105 donice ogrodowe z betonu czy kamienia.\",\"breadcrumb\":{\"@id\":\"https:\\\/\\\/worldofflowerpots.com\\\/sklep\\\/donice-ogrodowe-z-betonu-anna\\\/#breadcrumb\"},\"inLanguage\":\"pl-PL\",\"potentialAction\":[{\"@type\":\"ReadAction\",\"target\":[\"https:\\\/\\\/worldofflowerpots.com\\\/sklep\\\/donice-ogrodowe-z-betonu-anna\\\/\"]}]},{\"@type\":\"ImageObject\",\"inLanguage\":\"pl-PL\",\"@id\":\"https:\\\/\\\/worldofflowerpots.com\\\/sklep\\\/donice-ogrodowe-z-betonu-anna\\\/#primaryimage\",\"url\":\"https:\\\/\\\/worldofflowerpots.com\\\/wp-content\\\/uploads\\\/2019\\\/03\\\/donice-ogrodowe-z-betonu-Anna.jpg\",\"contentUrl\":\"https:\\\/\\\/worldofflowerpots.com\\\/wp-content\\\/uploads\\\/2019\\\/03\\\/donice-ogrodowe-z-betonu-Anna.jpg\",\"width\":2280,\"height\":1612},{\"@type\":\"BreadcrumbList\",\"@id\":\"https:\\\/\\\/worldofflowerpots.com\\\/sklep\\\/donice-ogrodowe-z-betonu-anna\\\/#breadcrumb\",\"itemListElement\":[{\"@type\":\"ListItem\",\"position\":1,\"name\":\"Strona g\u0142\u00f3wna\",\"item\":\"https:\\\/\\\/worldofflowerpots.com\\\/\"},{\"@type\":\"ListItem\",\"position\":2,\"name\":\"Sklep\",\"item\":\"https:\\\/\\\/worldofflowerpots.com\\\/sklep\\\/\"},{\"@type\":\"ListItem\",\"position\":3,\"name\":\"Donice ogrodowe z betonu Anna\"}]},{\"@type\":\"WebSite\",\"@id\":\"https:\\\/\\\/worldofflowerpots.com\\\/#website\",\"url\":\"https:\\\/\\\/worldofflowerpots.com\\\/\",\"name\":\"World of Flowerpots\",\"description\":\"producent donic ozdobnych\",\"potentialAction\":[{\"@type\":\"SearchAction\",\"target\":{\"@type\":\"EntryPoint\",\"urlTemplate\":\"https:\\\/\\\/worldofflowerpots.com\\\/?s={search_term_string}\"},\"query-input\":{\"@type\":\"PropertyValueSpecification\",\"valueRequired\":true,\"valueName\":\"search_term_string\"}}],\"inLanguage\":\"pl-PL\"}]}<\/script>\n<!-- \/ Yoast SEO plugin. -->","yoast_head_json":{"title":"Donice ogrodowe z betonu Anna - dopasowana do wszytskich ro\u015blin","description":"Donice wykonane z w\u0142\u00f3kna szklanego pokrytego kwarcem po\u0142\u0105czonym z \u017cywic\u0105 akrylow\u0105 do z\u0142udzenia przypominaj\u0105 donice ogrodowe z betonu czy kamienia.","robots":{"index":"index","follow":"follow","max-snippet":"max-snippet:-1","max-image-preview":"max-image-preview:large","max-video-preview":"max-video-preview:-1"},"canonical":"https:\/\/worldofflowerpots.com\/sklep\/donice-ogrodowe-z-betonu-anna\/","og_locale":"pl_PL","og_type":"article","og_title":"Donice ogrodowe z betonu Anna - dopasowana do wszytskich ro\u015blin","og_description":"Donice wykonane z w\u0142\u00f3kna szklanego pokrytego kwarcem po\u0142\u0105czonym z \u017cywic\u0105 akrylow\u0105 do z\u0142udzenia przypominaj\u0105 donice ogrodowe z betonu czy kamienia.","og_url":"https:\/\/worldofflowerpots.com\/sklep\/donice-ogrodowe-z-betonu-anna\/","og_site_name":"World of Flowerpots","article_modified_time":"2019-04-03T11:05:21+00:00","og_image":[{"width":2280,"height":1612,"url":"https:\/\/worldofflowerpots.com\/wp-content\/uploads\/2019\/03\/donice-ogrodowe-z-betonu-Anna.jpg","type":"image\/jpeg"}],"twitter_card":"summary_large_image","twitter_misc":{"Szacowany czas czytania":"2 minuty"},"schema":{"@context":"https:\/\/schema.org","@graph":[{"@type":"WebPage","@id":"https:\/\/worldofflowerpots.com\/sklep\/donice-ogrodowe-z-betonu-anna\/","url":"https:\/\/worldofflowerpots.com\/sklep\/donice-ogrodowe-z-betonu-anna\/","name":"Donice ogrodowe z betonu Anna - dopasowana do wszytskich ro\u015blin","isPartOf":{"@id":"https:\/\/worldofflowerpots.com\/#website"},"primaryImageOfPage":{"@id":"https:\/\/worldofflowerpots.com\/sklep\/donice-ogrodowe-z-betonu-anna\/#primaryimage"},"image":{"@id":"https:\/\/worldofflowerpots.com\/sklep\/donice-ogrodowe-z-betonu-anna\/#primaryimage"},"thumbnailUrl":"https:\/\/worldofflowerpots.com\/wp-content\/uploads\/2019\/03\/donice-ogrodowe-z-betonu-Anna.jpg","datePublished":"2019-03-14T10:47:38+00:00","dateModified":"2019-04-03T11:05:21+00:00","description":"Donice wykonane z w\u0142\u00f3kna szklanego pokrytego kwarcem po\u0142\u0105czonym z \u017cywic\u0105 akrylow\u0105 do z\u0142udzenia przypominaj\u0105 donice ogrodowe z betonu czy kamienia.","breadcrumb":{"@id":"https:\/\/worldofflowerpots.com\/sklep\/donice-ogrodowe-z-betonu-anna\/#breadcrumb"},"inLanguage":"pl-PL","potentialAction":[{"@type":"ReadAction","target":["https:\/\/worldofflowerpots.com\/sklep\/donice-ogrodowe-z-betonu-anna\/"]}]},{"@type":"ImageObject","inLanguage":"pl-PL","@id":"https:\/\/worldofflowerpots.com\/sklep\/donice-ogrodowe-z-betonu-anna\/#primaryimage","url":"https:\/\/worldofflowerpots.com\/wp-content\/uploads\/2019\/03\/donice-ogrodowe-z-betonu-Anna.jpg","contentUrl":"https:\/\/worldofflowerpots.com\/wp-content\/uploads\/2019\/03\/donice-ogrodowe-z-betonu-Anna.jpg","width":2280,"height":1612},{"@type":"BreadcrumbList","@id":"https:\/\/worldofflowerpots.com\/sklep\/donice-ogrodowe-z-betonu-anna\/#breadcrumb","itemListElement":[{"@type":"ListItem","position":1,"name":"Strona g\u0142\u00f3wna","item":"https:\/\/worldofflowerpots.com\/"},{"@type":"ListItem","position":2,"name":"Sklep","item":"https:\/\/worldofflowerpots.com\/sklep\/"},{"@type":"ListItem","position":3,"name":"Donice ogrodowe z betonu Anna"}]},{"@type":"WebSite","@id":"https:\/\/worldofflowerpots.com\/#website","url":"https:\/\/worldofflowerpots.com\/","name":"World of Flowerpots","description":"producent donic ozdobnych","potentialAction":[{"@type":"SearchAction","target":{"@type":"EntryPoint","urlTemplate":"https:\/\/worldofflowerpots.com\/?s={search_term_string}"},"query-input":{"@type":"PropertyValueSpecification","valueRequired":true,"valueName":"search_term_string"}}],"inLanguage":"pl-PL"}]}},"_links":{"self":[{"href":"https:\/\/worldofflowerpots.com\/pl\/wp-json\/wp\/v2\/product\/55564","targetHints":{"allow":["GET"]}}],"collection":[{"href":"https:\/\/worldofflowerpots.com\/pl\/wp-json\/wp\/v2\/product"}],"about":[{"href":"https:\/\/worldofflowerpots.com\/pl\/wp-json\/wp\/v2\/types\/product"}],"wp:featuredmedia":[{"embeddable":true,"href":"https:\/\/worldofflowerpots.com\/pl\/wp-json\/wp\/v2\/media\/56729"}],"wp:attachment":[{"href":"https:\/\/worldofflowerpots.com\/pl\/wp-json\/wp\/v2\/media?parent=55564"}],"wp:term":[{"taxonomy":"product_brand","embeddable":true,"href":"https:\/\/worldofflowerpots.com\/pl\/wp-json\/wp\/v2\/product_brand?post=55564"},{"taxonomy":"product_cat","embeddable":true,"href":"https:\/\/worldofflowerpots.com\/pl\/wp-json\/wp\/v2\/product_cat?post=55564"},{"taxonomy":"product_tag","embeddable":true,"href":"https:\/\/worldofflowerpots.com\/pl\/wp-json\/wp\/v2\/product_tag?post=55564"}],"curies":[{"name":"wp","href":"https:\/\/api.w.org\/{rel}","templated":true}]}}