{"id":55565,"date":"2019-03-14T11:54:41","date_gmt":"2019-03-14T10:54:41","guid":{"rendered":"https:\/\/worldofflowerpots.com\/?post_type=product&#038;p=55565"},"modified":"2019-04-03T13:02:39","modified_gmt":"2019-04-03T11:02:39","slug":"lekkie-donice-ogrodowe-elena","status":"publish","type":"product","link":"https:\/\/worldofflowerpots.com\/pl\/sklep\/lekkie-donice-ogrodowe-elena\/","title":{"rendered":"Lekkie donice ogrodowe Elena"},"content":{"rendered":"<h2><strong>Nowoczesno\u015b\u0107 i design w ultralekkim wydaniu<\/strong><\/h2>\n<p>Donica Elena z nowatorskiej linii Stone zosta\u0142a stworzona dla najbardziej wymagaj\u0105cych u\u017cytkownik\u00f3w. Wykonana jest z w\u0142\u00f3kna szklanego pokrytego kwarcem zmieszanym z \u017cywic\u0105 akrylow\u0105. Pozwala jej to \u0142\u0105czy\u0107 niezwyk\u0142\u0105 lekko\u015b\u0107 z elegancj\u0105. Sze\u015bcian o wymiarach 700x700xh700 mm doskonale wpasuje si\u0119 w stylow\u0105 aran\u017cacj\u0119 ogrodu. Wierzchnia warstwa wyko\u0144czenia nak\u0142adana jest r\u0119cznie, co nie tylko zapewnia niepowtarzalno\u015b\u0107 ka\u017cdej donicy, ale r\u00f3wnie\u017c gustowny wygl\u0105d. Dzi\u0119ki temu te lekkie donice ogrodowe przypominaj\u0105 wygl\u0105dem ci\u0119\u017ckie kamienne b\u0105d\u017a betonowe. Donica Elena dost\u0119pna jest w 5 kolorach jednolitych, a tak\u017ce w dw\u00f3ch wzorach. W przypadku wzor\u00f3w, mo\u017cna dodatkowo wybra\u0107 jeden z 4 kolor\u00f3w.<\/p>\n<h2><strong>Praktyczne i pi\u0119kne rozwi\u0105zania<\/strong><\/h2>\n<p>Lekkie donice ogrodowe charakteryzuje wytrzyma\u0142o\u015b\u0107 na warunki atmosferyczne, takie jak deszcz, mr\u00f3z i promienie s\u0142oneczne. Nic dziwnego, skoro w\u0142\u00f3kno szklane, z kt\u00f3rego s\u0105 wykonane, wykorzystywane jest nawet do produkcji jacht\u00f3w. Donica Elena i inne z linii Stone nie mog\u0105 jednak sta\u0107 w wodzie, ze wzgl\u0119du na wierzchni\u0105 warstw\u0119 \u017cywicy. Mog\u0142aby ona ulec uszkodzeniu. Mo\u017cna zatem udekorowa\u0107 nimi otoczenie oczka wodnego, nie wstawiaj\u0105c ich jedynie do samej niecki. Nadaj\u0105 si\u0119 r\u00f3wnie\u017c idealnie na nas\u0142onecznione tarasy, nadaj\u0105c im niepowtarzalny klimat. \u015awietnie sprawdz\u0105 si\u0119 tak\u017ce jako element dekoracyjny w zewn\u0119trznych ogrodach restauracji. Nie trzeba ich chowa\u0107 do \u015brodka na zim\u0119. U\u017cyte materia\u0142y zapewniaj\u0105 wystarczaj\u0105c\u0105 mrozoodporno\u015b\u0107, by s\u0142u\u017cy\u0107 przez wiele sezon\u00f3w bez zb\u0119dnego nak\u0142adu pracy.<\/p>\n<p>Dzi\u0119ki zastosowaniu lekkich materia\u0142\u00f3w, donice z serii Stone s\u0105 \u0142atwe do ustawienia i ewentualnego przesuni\u0119cia. Umo\u017cliwia to bezproblemow\u0105 zmian\u0119 aran\u017cacji przestrzeni, a tak\u017ce transport. Powierzchni\u0119 zewn\u0119trzn\u0105 mo\u017cna bez trudu utrzyma\u0107 w czysto\u015bci. Drobne ubytki powsta\u0142e podczas u\u017cytkowania daje si\u0119 bez problemu zamaskowa\u0107, maluj\u0105c donic\u0119 farb\u0105 elewacyjn\u0105 w dobranym kolorze. W ten sam spos\u00f3b mo\u017cna od\u015bwie\u017cy\u0107 wygl\u0105d przestrzeni, zmieniaj\u0105c kolor donic.<\/p>\n<h2><strong>Klasyka i nowoczesno\u015b\u0107<\/strong><\/h2>\n<p>Donica Elena i pozosta\u0142e lekkie donice ogrodowe z serii Stone to nowoczesne materia\u0142y i klasyczne wyko\u0144czenie powierzchni. Efektem jest uniwersalny produkt, kt\u00f3ry doda nut\u0119 elegancji ka\u017cdej przestrzeni. Modny, prostopad\u0142o\u015bcienny kszta\u0142t z wyrazistymi kraw\u0119dziami to gwarancja pi\u0119knego designu i przyjemnego dla oka urz\u0105dzenia ogrodu.<\/p>\n","protected":false},"excerpt":{"rendered":"<p>Donica Elena z w\u0142\u00f3kna szklanego pokrytego kwarcem i \u017cywic\u0105 akrylow\u0105. Wyst\u0119puje w pi\u0119ciu podstawowych jednolitych kolorach: bia\u0142ym, szarym, czarnym i dw\u00f3ch odcieniach br\u0105zu. Dost\u0119pna tak\u017ce w dw\u00f3ch wzorach w czterech wersjach kolorystycznych. Donica produkowana jest w standardzie z otworami odp\u0142ywowymi. Waga donicy to: 20 kg, a wymiary: d\u0142ugo\u015b\u0107: 70 cm, szeroko\u015b\u0107: 70 cm, wysoko\u015b\u0107: 70 cm.<\/p>\n","protected":false},"featured_media":56719,"template":"","meta":{"_acf_changed":false},"product_brand":[],"product_cat":[385],"product_tag":[444,447,451],"class_list":{"0":"post-55565","1":"product","2":"type-product","3":"status-publish","4":"has-post-thumbnail","6":"product_cat-donice-stone","7":"product_tag-donice-ogrodowe","8":"product_tag-donice-tarasowe","9":"product_tag-donice-wewnetrzne","10":"description-off","11":"tm-has-options","13":"first","14":"instock","15":"shipping-taxable","16":"purchasable","17":"product-type-simple"},"acf":[],"yoast_head":"<!-- This site is optimized with the Yoast SEO plugin v27.5 - https:\/\/yoast.com\/product\/yoast-seo-wordpress\/ -->\n<title>Lekkie donice ogrodowe Elena - dopasowane do ka\u017cdej przestrzeni<\/title>\n<meta name=\"description\" content=\"Lekkie donice ogrodowe charakteryzuje wytrzyma\u0142o\u015b\u0107 na warunki atmosferyczne, takie jak deszcz, mr\u00f3z i promienie s\u0142oneczne.\" \/>\n<meta name=\"robots\" content=\"index, follow, max-snippet:-1, max-image-preview:large, max-video-preview:-1\" \/>\n<link rel=\"canonical\" href=\"https:\/\/worldofflowerpots.com\/sklep\/lekkie-donice-ogrodowe-elena\/\" \/>\n<meta property=\"og:locale\" content=\"pl_PL\" \/>\n<meta property=\"og:type\" content=\"article\" \/>\n<meta property=\"og:title\" content=\"Lekkie donice ogrodowe Elena - dopasowane do ka\u017cdej przestrzeni\" \/>\n<meta property=\"og:description\" content=\"Lekkie donice ogrodowe charakteryzuje wytrzyma\u0142o\u015b\u0107 na warunki atmosferyczne, takie jak deszcz, mr\u00f3z i promienie s\u0142oneczne.\" \/>\n<meta property=\"og:url\" content=\"https:\/\/worldofflowerpots.com\/sklep\/lekkie-donice-ogrodowe-elena\/\" \/>\n<meta property=\"og:site_name\" content=\"World of Flowerpots\" \/>\n<meta property=\"article:modified_time\" content=\"2019-04-03T11:02:39+00:00\" \/>\n<meta property=\"og:image\" content=\"https:\/\/worldofflowerpots.com\/wp-content\/uploads\/2019\/03\/lekkie-donice-ogrodowe-Elena.jpg\" \/>\n\t<meta property=\"og:image:width\" content=\"2280\" \/>\n\t<meta property=\"og:image:height\" content=\"1612\" \/>\n\t<meta property=\"og:image:type\" content=\"image\/jpeg\" \/>\n<meta name=\"twitter:card\" content=\"summary_large_image\" \/>\n<meta name=\"twitter:label1\" content=\"Szacowany czas czytania\" \/>\n\t<meta name=\"twitter:data1\" content=\"2 minuty\" \/>\n<script type=\"application\/ld+json\" class=\"yoast-schema-graph\">{\"@context\":\"https:\\\/\\\/schema.org\",\"@graph\":[{\"@type\":\"WebPage\",\"@id\":\"https:\\\/\\\/worldofflowerpots.com\\\/sklep\\\/lekkie-donice-ogrodowe-elena\\\/\",\"url\":\"https:\\\/\\\/worldofflowerpots.com\\\/sklep\\\/lekkie-donice-ogrodowe-elena\\\/\",\"name\":\"Lekkie donice ogrodowe Elena - dopasowane do ka\u017cdej przestrzeni\",\"isPartOf\":{\"@id\":\"https:\\\/\\\/worldofflowerpots.com\\\/#website\"},\"primaryImageOfPage\":{\"@id\":\"https:\\\/\\\/worldofflowerpots.com\\\/sklep\\\/lekkie-donice-ogrodowe-elena\\\/#primaryimage\"},\"image\":{\"@id\":\"https:\\\/\\\/worldofflowerpots.com\\\/sklep\\\/lekkie-donice-ogrodowe-elena\\\/#primaryimage\"},\"thumbnailUrl\":\"https:\\\/\\\/worldofflowerpots.com\\\/wp-content\\\/uploads\\\/2019\\\/03\\\/lekkie-donice-ogrodowe-Elena.jpg\",\"datePublished\":\"2019-03-14T10:54:41+00:00\",\"dateModified\":\"2019-04-03T11:02:39+00:00\",\"description\":\"Lekkie donice ogrodowe charakteryzuje wytrzyma\u0142o\u015b\u0107 na warunki atmosferyczne, takie jak deszcz, mr\u00f3z i promienie s\u0142oneczne.\",\"breadcrumb\":{\"@id\":\"https:\\\/\\\/worldofflowerpots.com\\\/sklep\\\/lekkie-donice-ogrodowe-elena\\\/#breadcrumb\"},\"inLanguage\":\"pl-PL\",\"potentialAction\":[{\"@type\":\"ReadAction\",\"target\":[\"https:\\\/\\\/worldofflowerpots.com\\\/sklep\\\/lekkie-donice-ogrodowe-elena\\\/\"]}]},{\"@type\":\"ImageObject\",\"inLanguage\":\"pl-PL\",\"@id\":\"https:\\\/\\\/worldofflowerpots.com\\\/sklep\\\/lekkie-donice-ogrodowe-elena\\\/#primaryimage\",\"url\":\"https:\\\/\\\/worldofflowerpots.com\\\/wp-content\\\/uploads\\\/2019\\\/03\\\/lekkie-donice-ogrodowe-Elena.jpg\",\"contentUrl\":\"https:\\\/\\\/worldofflowerpots.com\\\/wp-content\\\/uploads\\\/2019\\\/03\\\/lekkie-donice-ogrodowe-Elena.jpg\",\"width\":2280,\"height\":1612},{\"@type\":\"BreadcrumbList\",\"@id\":\"https:\\\/\\\/worldofflowerpots.com\\\/sklep\\\/lekkie-donice-ogrodowe-elena\\\/#breadcrumb\",\"itemListElement\":[{\"@type\":\"ListItem\",\"position\":1,\"name\":\"Strona g\u0142\u00f3wna\",\"item\":\"https:\\\/\\\/worldofflowerpots.com\\\/\"},{\"@type\":\"ListItem\",\"position\":2,\"name\":\"Sklep\",\"item\":\"https:\\\/\\\/worldofflowerpots.com\\\/sklep\\\/\"},{\"@type\":\"ListItem\",\"position\":3,\"name\":\"Lekkie donice ogrodowe Elena\"}]},{\"@type\":\"WebSite\",\"@id\":\"https:\\\/\\\/worldofflowerpots.com\\\/#website\",\"url\":\"https:\\\/\\\/worldofflowerpots.com\\\/\",\"name\":\"World of Flowerpots\",\"description\":\"producent donic ozdobnych\",\"potentialAction\":[{\"@type\":\"SearchAction\",\"target\":{\"@type\":\"EntryPoint\",\"urlTemplate\":\"https:\\\/\\\/worldofflowerpots.com\\\/?s={search_term_string}\"},\"query-input\":{\"@type\":\"PropertyValueSpecification\",\"valueRequired\":true,\"valueName\":\"search_term_string\"}}],\"inLanguage\":\"pl-PL\"}]}<\/script>\n<!-- \/ Yoast SEO plugin. -->","yoast_head_json":{"title":"Lekkie donice ogrodowe Elena - dopasowane do ka\u017cdej przestrzeni","description":"Lekkie donice ogrodowe charakteryzuje wytrzyma\u0142o\u015b\u0107 na warunki atmosferyczne, takie jak deszcz, mr\u00f3z i promienie s\u0142oneczne.","robots":{"index":"index","follow":"follow","max-snippet":"max-snippet:-1","max-image-preview":"max-image-preview:large","max-video-preview":"max-video-preview:-1"},"canonical":"https:\/\/worldofflowerpots.com\/sklep\/lekkie-donice-ogrodowe-elena\/","og_locale":"pl_PL","og_type":"article","og_title":"Lekkie donice ogrodowe Elena - dopasowane do ka\u017cdej przestrzeni","og_description":"Lekkie donice ogrodowe charakteryzuje wytrzyma\u0142o\u015b\u0107 na warunki atmosferyczne, takie jak deszcz, mr\u00f3z i promienie s\u0142oneczne.","og_url":"https:\/\/worldofflowerpots.com\/sklep\/lekkie-donice-ogrodowe-elena\/","og_site_name":"World of Flowerpots","article_modified_time":"2019-04-03T11:02:39+00:00","og_image":[{"width":2280,"height":1612,"url":"https:\/\/worldofflowerpots.com\/wp-content\/uploads\/2019\/03\/lekkie-donice-ogrodowe-Elena.jpg","type":"image\/jpeg"}],"twitter_card":"summary_large_image","twitter_misc":{"Szacowany czas czytania":"2 minuty"},"schema":{"@context":"https:\/\/schema.org","@graph":[{"@type":"WebPage","@id":"https:\/\/worldofflowerpots.com\/sklep\/lekkie-donice-ogrodowe-elena\/","url":"https:\/\/worldofflowerpots.com\/sklep\/lekkie-donice-ogrodowe-elena\/","name":"Lekkie donice ogrodowe Elena - dopasowane do ka\u017cdej przestrzeni","isPartOf":{"@id":"https:\/\/worldofflowerpots.com\/#website"},"primaryImageOfPage":{"@id":"https:\/\/worldofflowerpots.com\/sklep\/lekkie-donice-ogrodowe-elena\/#primaryimage"},"image":{"@id":"https:\/\/worldofflowerpots.com\/sklep\/lekkie-donice-ogrodowe-elena\/#primaryimage"},"thumbnailUrl":"https:\/\/worldofflowerpots.com\/wp-content\/uploads\/2019\/03\/lekkie-donice-ogrodowe-Elena.jpg","datePublished":"2019-03-14T10:54:41+00:00","dateModified":"2019-04-03T11:02:39+00:00","description":"Lekkie donice ogrodowe charakteryzuje wytrzyma\u0142o\u015b\u0107 na warunki atmosferyczne, takie jak deszcz, mr\u00f3z i promienie s\u0142oneczne.","breadcrumb":{"@id":"https:\/\/worldofflowerpots.com\/sklep\/lekkie-donice-ogrodowe-elena\/#breadcrumb"},"inLanguage":"pl-PL","potentialAction":[{"@type":"ReadAction","target":["https:\/\/worldofflowerpots.com\/sklep\/lekkie-donice-ogrodowe-elena\/"]}]},{"@type":"ImageObject","inLanguage":"pl-PL","@id":"https:\/\/worldofflowerpots.com\/sklep\/lekkie-donice-ogrodowe-elena\/#primaryimage","url":"https:\/\/worldofflowerpots.com\/wp-content\/uploads\/2019\/03\/lekkie-donice-ogrodowe-Elena.jpg","contentUrl":"https:\/\/worldofflowerpots.com\/wp-content\/uploads\/2019\/03\/lekkie-donice-ogrodowe-Elena.jpg","width":2280,"height":1612},{"@type":"BreadcrumbList","@id":"https:\/\/worldofflowerpots.com\/sklep\/lekkie-donice-ogrodowe-elena\/#breadcrumb","itemListElement":[{"@type":"ListItem","position":1,"name":"Strona g\u0142\u00f3wna","item":"https:\/\/worldofflowerpots.com\/"},{"@type":"ListItem","position":2,"name":"Sklep","item":"https:\/\/worldofflowerpots.com\/sklep\/"},{"@type":"ListItem","position":3,"name":"Lekkie donice ogrodowe Elena"}]},{"@type":"WebSite","@id":"https:\/\/worldofflowerpots.com\/#website","url":"https:\/\/worldofflowerpots.com\/","name":"World of Flowerpots","description":"producent donic ozdobnych","potentialAction":[{"@type":"SearchAction","target":{"@type":"EntryPoint","urlTemplate":"https:\/\/worldofflowerpots.com\/?s={search_term_string}"},"query-input":{"@type":"PropertyValueSpecification","valueRequired":true,"valueName":"search_term_string"}}],"inLanguage":"pl-PL"}]}},"_links":{"self":[{"href":"https:\/\/worldofflowerpots.com\/pl\/wp-json\/wp\/v2\/product\/55565","targetHints":{"allow":["GET"]}}],"collection":[{"href":"https:\/\/worldofflowerpots.com\/pl\/wp-json\/wp\/v2\/product"}],"about":[{"href":"https:\/\/worldofflowerpots.com\/pl\/wp-json\/wp\/v2\/types\/product"}],"wp:featuredmedia":[{"embeddable":true,"href":"https:\/\/worldofflowerpots.com\/pl\/wp-json\/wp\/v2\/media\/56719"}],"wp:attachment":[{"href":"https:\/\/worldofflowerpots.com\/pl\/wp-json\/wp\/v2\/media?parent=55565"}],"wp:term":[{"taxonomy":"product_brand","embeddable":true,"href":"https:\/\/worldofflowerpots.com\/pl\/wp-json\/wp\/v2\/product_brand?post=55565"},{"taxonomy":"product_cat","embeddable":true,"href":"https:\/\/worldofflowerpots.com\/pl\/wp-json\/wp\/v2\/product_cat?post=55565"},{"taxonomy":"product_tag","embeddable":true,"href":"https:\/\/worldofflowerpots.com\/pl\/wp-json\/wp\/v2\/product_tag?post=55565"}],"curies":[{"name":"wp","href":"https:\/\/api.w.org\/{rel}","templated":true}]}}