{"id":55567,"date":"2019-03-14T12:19:10","date_gmt":"2019-03-14T11:19:10","guid":{"rendered":"https:\/\/worldofflowerpots.com\/?post_type=product&#038;p=55567"},"modified":"2019-04-03T12:59:45","modified_gmt":"2019-04-03T10:59:45","slug":"doniczki-ogrodowe-betonowe-claudia","status":"publish","type":"product","link":"https:\/\/worldofflowerpots.com\/pl\/sklep\/doniczki-ogrodowe-betonowe-claudia\/","title":{"rendered":"Doniczki ogrodowe betonowe Claudia"},"content":{"rendered":"<h2>Modne doniczki ogrodowe<\/h2>\n<p>Je\u017celi jeste\u015b fanem ogrodnictwa i uwielbiasz prac\u0119 na \u015bwie\u017cym powietrzu, warto zapozna\u0107 si\u0119 z now\u0105 seri\u0105 Stone. Ta nowa grupa produktowa zosta\u0142a zaprojektowana z my\u015bl\u0105 o pasjonatach ogrodnictwa. Aby sprosta\u0107 wymaganiom naszych klient\u00f3w stworzyli\u015bmy produkty podobnie wygl\u0105daj\u0105ce jak\u00a0doniczki ogrodowe betonowe. Konstrukcja wewn\u0119trzna donic z serii Stone jest wykonana z trwa\u0142ego w\u0142\u00f3kna szklanego, dzi\u0119ki czemu produkt jest wytrzyma\u0142y i bardzo lekki. Decyduj\u0105c si\u0119 na zakup donic Stone, nie musimy obawia\u0107 si\u0119 wp\u0142ywu promieni UV, deszczu, czy te\u017c mrozu na produkt. Nie zalecamy jedynie ustawiania na\u00a0sta\u0142e donic w wodze, gdy\u017c mo\u017ce to prowadzi\u0107 do uszkodzenia powierzchni zewn\u0119trznej. Jest ona wykonana z kwarcu zmieszanego z \u017cywic\u0105 akrylow\u0105. Wszystkie produkty z nowej serii Stone s\u0105 dost\u0119pne w jednym z pi\u0119ciu\u00a0jednolitych\u00a0kolor\u00f3w, lub w jednym z czterech odcieni dla ka\u017cdego z dw\u00f3ch dost\u0119pnych wzor\u00f3w. Polecamy mieszanie r\u00f3\u017cnych wersji kolorystycznych, dzi\u0119ki czemu mamy mo\u017cliwo\u015b\u0107 uzyskania ciekawych aran\u017cacji w naszym ogrodzie.<\/p>\n<h2><strong>Drobna Claudia<\/strong><\/h2>\n<p>Produkt Claudia to doniczka o klasycznym,\u00a0prostopad\u0142o\u015bciennym\u00a0kszta\u0142cie. Jej niewielkie wymiary (800 x 800 mm i wysoko\u015b\u0107 600 mm) daj\u0105 du\u017c\u0105 dowolno\u015b\u0107 w wykorzystaniu donicy podczas aran\u017cacji ogrodu.\u00a0Doniczki ogrodowe betonowe\u00a0s\u0105 modnym elementem dekoracyjnym popularnym w wielu ogrodach. Donice Stone s\u0105 ich l\u017cejsz\u0105 alternatyw\u0105. Bardzo dobrze wkomponowuj\u0105 si\u0119 zar\u00f3wno w nowoczesne aran\u017cacje, jak i w te bardziej tradycyjne.<\/p>\n<p>Proponujemy posadzi\u0107 w pi\u0119knych doniczkach zielone ro\u015bliny lub kolorowe kwiaty. \u017b\u00f3\u0142te tulipany\u00a0lub\u00a0bia\u0142e r\u00f3\u017ce b\u0119d\u0105 atrakcyjnie prezentowa\u0107 si\u0119 w donicach Claudia. Sadzenie ro\u015blin w donicach ma t\u0119 zalet\u0119, \u017ce w prosty spos\u00f3b mo\u017cemy zmieni\u0107 miejsce ich po\u0142o\u017cenia. Podobnie, je\u017celi mamy nowe ro\u015bliny, co do kt\u00f3rych upodoba\u0144 nie jeste\u015bmy pewni, warto r\u00f3wnie\u017c zasadzi\u0107 je w doniczkach. Dzi\u0119ki temu, je\u017celi widzimy, \u017ce ro\u015blina nie ro\u015bnie tak jak by\u015bmy chcieli, mo\u017cemy \u0142atwo zmieni\u0107 jej po\u0142o\u017cenie. By\u0107 mo\u017ce umie\u015bcili\u015bmy j\u0105 w zbyt nas\u0142onecznionym miejscu, lub zbyt ma\u0142o wilgotnym? Czasem najlepsz\u0105 metod\u0105 odnalezienia dobrego miejsca dla ro\u015bliny s\u0105 eksperymenty. Produkty z serii Stone umo\u017cliwiaj\u0105 \u0142\u0105czenie wielu kolor\u00f3w i kszta\u0142t\u00f3w donic, dzi\u0119ki czemu uzyskamy w\u0142asne, wyj\u0105tkowe mobilne aran\u017cacje w naszym ogrodzie.<\/p>\n","protected":false},"excerpt":{"rendered":"<p>Donica Claudia z w\u0142\u00f3kna szklanego pokrytego kwarcem i \u017cywic\u0105 akrylow\u0105. Wyst\u0119puje w pi\u0119ciu podstawowych jednolitych kolorach: bia\u0142ym, szarym, czarnym i dw\u00f3ch odcieniach br\u0105zu. Dost\u0119pna tak\u017ce w dw\u00f3ch wzorach w czterech wersjach kolorystycznych. Donica produkowana jest w standardzie z otworami odp\u0142ywowymi. Waga donicy to: 22 kg, a wymiary: d\u0142ugo\u015b\u0107: 80 cm, szeroko\u015b\u0107: 80 cm, wysoko\u015b\u0107: 60 cm.<\/p>\n","protected":false},"featured_media":56709,"template":"","meta":{"_acf_changed":false},"product_brand":[],"product_cat":[385],"product_tag":[444,447,451],"class_list":{"0":"post-55567","1":"product","2":"type-product","3":"status-publish","4":"has-post-thumbnail","6":"product_cat-donice-stone","7":"product_tag-donice-ogrodowe","8":"product_tag-donice-tarasowe","9":"product_tag-donice-wewnetrzne","10":"description-off","11":"tm-has-options","13":"first","14":"instock","15":"shipping-taxable","16":"purchasable","17":"product-type-simple"},"acf":[],"yoast_head":"<!-- This site is optimized with the Yoast SEO plugin v27.5 - https:\/\/yoast.com\/product\/yoast-seo-wordpress\/ -->\n<title>Doniczki ogrodowe betonowe Claudia - stabilna podpora dla \u015brednich ro\u015blin<\/title>\n<meta name=\"description\" content=\"Aby sprosta\u0107 wymaganiom naszych klient\u00f3w stworzyli\u015bmy produkty podobnie wygl\u0105daj\u0105ce jak doniczki ogrodowe betonowe. S\u0105 jedna du\u017co l\u017cejsze.\" \/>\n<meta name=\"robots\" content=\"index, follow, max-snippet:-1, max-image-preview:large, max-video-preview:-1\" \/>\n<link rel=\"canonical\" href=\"https:\/\/worldofflowerpots.com\/sklep\/doniczki-ogrodowe-betonowe-claudia\/\" \/>\n<meta property=\"og:locale\" content=\"pl_PL\" \/>\n<meta property=\"og:type\" content=\"article\" \/>\n<meta property=\"og:title\" content=\"Doniczki ogrodowe betonowe Claudia - stabilna podpora dla \u015brednich ro\u015blin\" \/>\n<meta property=\"og:description\" content=\"Aby sprosta\u0107 wymaganiom naszych klient\u00f3w stworzyli\u015bmy produkty podobnie wygl\u0105daj\u0105ce jak doniczki ogrodowe betonowe. S\u0105 jedna du\u017co l\u017cejsze.\" \/>\n<meta property=\"og:url\" content=\"https:\/\/worldofflowerpots.com\/sklep\/doniczki-ogrodowe-betonowe-claudia\/\" \/>\n<meta property=\"og:site_name\" content=\"World of Flowerpots\" \/>\n<meta property=\"article:modified_time\" content=\"2019-04-03T10:59:45+00:00\" \/>\n<meta property=\"og:image\" content=\"https:\/\/worldofflowerpots.com\/wp-content\/uploads\/2019\/03\/doniczki-ogrodowe-betonowe-Claudia.jpg\" \/>\n\t<meta property=\"og:image:width\" content=\"2280\" \/>\n\t<meta property=\"og:image:height\" content=\"1612\" \/>\n\t<meta property=\"og:image:type\" content=\"image\/jpeg\" \/>\n<meta name=\"twitter:card\" content=\"summary_large_image\" \/>\n<meta name=\"twitter:label1\" content=\"Szacowany czas czytania\" \/>\n\t<meta name=\"twitter:data1\" content=\"2 minuty\" \/>\n<script type=\"application\/ld+json\" class=\"yoast-schema-graph\">{\"@context\":\"https:\\\/\\\/schema.org\",\"@graph\":[{\"@type\":\"WebPage\",\"@id\":\"https:\\\/\\\/worldofflowerpots.com\\\/sklep\\\/doniczki-ogrodowe-betonowe-claudia\\\/\",\"url\":\"https:\\\/\\\/worldofflowerpots.com\\\/sklep\\\/doniczki-ogrodowe-betonowe-claudia\\\/\",\"name\":\"Doniczki ogrodowe betonowe Claudia - stabilna podpora dla \u015brednich ro\u015blin\",\"isPartOf\":{\"@id\":\"https:\\\/\\\/worldofflowerpots.com\\\/#website\"},\"primaryImageOfPage\":{\"@id\":\"https:\\\/\\\/worldofflowerpots.com\\\/sklep\\\/doniczki-ogrodowe-betonowe-claudia\\\/#primaryimage\"},\"image\":{\"@id\":\"https:\\\/\\\/worldofflowerpots.com\\\/sklep\\\/doniczki-ogrodowe-betonowe-claudia\\\/#primaryimage\"},\"thumbnailUrl\":\"https:\\\/\\\/worldofflowerpots.com\\\/wp-content\\\/uploads\\\/2019\\\/03\\\/doniczki-ogrodowe-betonowe-Claudia.jpg\",\"datePublished\":\"2019-03-14T11:19:10+00:00\",\"dateModified\":\"2019-04-03T10:59:45+00:00\",\"description\":\"Aby sprosta\u0107 wymaganiom naszych klient\u00f3w stworzyli\u015bmy produkty podobnie wygl\u0105daj\u0105ce jak doniczki ogrodowe betonowe. S\u0105 jedna du\u017co l\u017cejsze.\",\"breadcrumb\":{\"@id\":\"https:\\\/\\\/worldofflowerpots.com\\\/sklep\\\/doniczki-ogrodowe-betonowe-claudia\\\/#breadcrumb\"},\"inLanguage\":\"pl-PL\",\"potentialAction\":[{\"@type\":\"ReadAction\",\"target\":[\"https:\\\/\\\/worldofflowerpots.com\\\/sklep\\\/doniczki-ogrodowe-betonowe-claudia\\\/\"]}]},{\"@type\":\"ImageObject\",\"inLanguage\":\"pl-PL\",\"@id\":\"https:\\\/\\\/worldofflowerpots.com\\\/sklep\\\/doniczki-ogrodowe-betonowe-claudia\\\/#primaryimage\",\"url\":\"https:\\\/\\\/worldofflowerpots.com\\\/wp-content\\\/uploads\\\/2019\\\/03\\\/doniczki-ogrodowe-betonowe-Claudia.jpg\",\"contentUrl\":\"https:\\\/\\\/worldofflowerpots.com\\\/wp-content\\\/uploads\\\/2019\\\/03\\\/doniczki-ogrodowe-betonowe-Claudia.jpg\",\"width\":2280,\"height\":1612},{\"@type\":\"BreadcrumbList\",\"@id\":\"https:\\\/\\\/worldofflowerpots.com\\\/sklep\\\/doniczki-ogrodowe-betonowe-claudia\\\/#breadcrumb\",\"itemListElement\":[{\"@type\":\"ListItem\",\"position\":1,\"name\":\"Strona g\u0142\u00f3wna\",\"item\":\"https:\\\/\\\/worldofflowerpots.com\\\/\"},{\"@type\":\"ListItem\",\"position\":2,\"name\":\"Sklep\",\"item\":\"https:\\\/\\\/worldofflowerpots.com\\\/sklep\\\/\"},{\"@type\":\"ListItem\",\"position\":3,\"name\":\"Doniczki ogrodowe betonowe Claudia\"}]},{\"@type\":\"WebSite\",\"@id\":\"https:\\\/\\\/worldofflowerpots.com\\\/#website\",\"url\":\"https:\\\/\\\/worldofflowerpots.com\\\/\",\"name\":\"World of Flowerpots\",\"description\":\"producent donic ozdobnych\",\"potentialAction\":[{\"@type\":\"SearchAction\",\"target\":{\"@type\":\"EntryPoint\",\"urlTemplate\":\"https:\\\/\\\/worldofflowerpots.com\\\/?s={search_term_string}\"},\"query-input\":{\"@type\":\"PropertyValueSpecification\",\"valueRequired\":true,\"valueName\":\"search_term_string\"}}],\"inLanguage\":\"pl-PL\"}]}<\/script>\n<!-- \/ Yoast SEO plugin. -->","yoast_head_json":{"title":"Doniczki ogrodowe betonowe Claudia - stabilna podpora dla \u015brednich ro\u015blin","description":"Aby sprosta\u0107 wymaganiom naszych klient\u00f3w stworzyli\u015bmy produkty podobnie wygl\u0105daj\u0105ce jak doniczki ogrodowe betonowe. S\u0105 jedna du\u017co l\u017cejsze.","robots":{"index":"index","follow":"follow","max-snippet":"max-snippet:-1","max-image-preview":"max-image-preview:large","max-video-preview":"max-video-preview:-1"},"canonical":"https:\/\/worldofflowerpots.com\/sklep\/doniczki-ogrodowe-betonowe-claudia\/","og_locale":"pl_PL","og_type":"article","og_title":"Doniczki ogrodowe betonowe Claudia - stabilna podpora dla \u015brednich ro\u015blin","og_description":"Aby sprosta\u0107 wymaganiom naszych klient\u00f3w stworzyli\u015bmy produkty podobnie wygl\u0105daj\u0105ce jak doniczki ogrodowe betonowe. S\u0105 jedna du\u017co l\u017cejsze.","og_url":"https:\/\/worldofflowerpots.com\/sklep\/doniczki-ogrodowe-betonowe-claudia\/","og_site_name":"World of Flowerpots","article_modified_time":"2019-04-03T10:59:45+00:00","og_image":[{"width":2280,"height":1612,"url":"https:\/\/worldofflowerpots.com\/wp-content\/uploads\/2019\/03\/doniczki-ogrodowe-betonowe-Claudia.jpg","type":"image\/jpeg"}],"twitter_card":"summary_large_image","twitter_misc":{"Szacowany czas czytania":"2 minuty"},"schema":{"@context":"https:\/\/schema.org","@graph":[{"@type":"WebPage","@id":"https:\/\/worldofflowerpots.com\/sklep\/doniczki-ogrodowe-betonowe-claudia\/","url":"https:\/\/worldofflowerpots.com\/sklep\/doniczki-ogrodowe-betonowe-claudia\/","name":"Doniczki ogrodowe betonowe Claudia - stabilna podpora dla \u015brednich ro\u015blin","isPartOf":{"@id":"https:\/\/worldofflowerpots.com\/#website"},"primaryImageOfPage":{"@id":"https:\/\/worldofflowerpots.com\/sklep\/doniczki-ogrodowe-betonowe-claudia\/#primaryimage"},"image":{"@id":"https:\/\/worldofflowerpots.com\/sklep\/doniczki-ogrodowe-betonowe-claudia\/#primaryimage"},"thumbnailUrl":"https:\/\/worldofflowerpots.com\/wp-content\/uploads\/2019\/03\/doniczki-ogrodowe-betonowe-Claudia.jpg","datePublished":"2019-03-14T11:19:10+00:00","dateModified":"2019-04-03T10:59:45+00:00","description":"Aby sprosta\u0107 wymaganiom naszych klient\u00f3w stworzyli\u015bmy produkty podobnie wygl\u0105daj\u0105ce jak doniczki ogrodowe betonowe. S\u0105 jedna du\u017co l\u017cejsze.","breadcrumb":{"@id":"https:\/\/worldofflowerpots.com\/sklep\/doniczki-ogrodowe-betonowe-claudia\/#breadcrumb"},"inLanguage":"pl-PL","potentialAction":[{"@type":"ReadAction","target":["https:\/\/worldofflowerpots.com\/sklep\/doniczki-ogrodowe-betonowe-claudia\/"]}]},{"@type":"ImageObject","inLanguage":"pl-PL","@id":"https:\/\/worldofflowerpots.com\/sklep\/doniczki-ogrodowe-betonowe-claudia\/#primaryimage","url":"https:\/\/worldofflowerpots.com\/wp-content\/uploads\/2019\/03\/doniczki-ogrodowe-betonowe-Claudia.jpg","contentUrl":"https:\/\/worldofflowerpots.com\/wp-content\/uploads\/2019\/03\/doniczki-ogrodowe-betonowe-Claudia.jpg","width":2280,"height":1612},{"@type":"BreadcrumbList","@id":"https:\/\/worldofflowerpots.com\/sklep\/doniczki-ogrodowe-betonowe-claudia\/#breadcrumb","itemListElement":[{"@type":"ListItem","position":1,"name":"Strona g\u0142\u00f3wna","item":"https:\/\/worldofflowerpots.com\/"},{"@type":"ListItem","position":2,"name":"Sklep","item":"https:\/\/worldofflowerpots.com\/sklep\/"},{"@type":"ListItem","position":3,"name":"Doniczki ogrodowe betonowe Claudia"}]},{"@type":"WebSite","@id":"https:\/\/worldofflowerpots.com\/#website","url":"https:\/\/worldofflowerpots.com\/","name":"World of Flowerpots","description":"producent donic ozdobnych","potentialAction":[{"@type":"SearchAction","target":{"@type":"EntryPoint","urlTemplate":"https:\/\/worldofflowerpots.com\/?s={search_term_string}"},"query-input":{"@type":"PropertyValueSpecification","valueRequired":true,"valueName":"search_term_string"}}],"inLanguage":"pl-PL"}]}},"_links":{"self":[{"href":"https:\/\/worldofflowerpots.com\/pl\/wp-json\/wp\/v2\/product\/55567","targetHints":{"allow":["GET"]}}],"collection":[{"href":"https:\/\/worldofflowerpots.com\/pl\/wp-json\/wp\/v2\/product"}],"about":[{"href":"https:\/\/worldofflowerpots.com\/pl\/wp-json\/wp\/v2\/types\/product"}],"wp:featuredmedia":[{"embeddable":true,"href":"https:\/\/worldofflowerpots.com\/pl\/wp-json\/wp\/v2\/media\/56709"}],"wp:attachment":[{"href":"https:\/\/worldofflowerpots.com\/pl\/wp-json\/wp\/v2\/media?parent=55567"}],"wp:term":[{"taxonomy":"product_brand","embeddable":true,"href":"https:\/\/worldofflowerpots.com\/pl\/wp-json\/wp\/v2\/product_brand?post=55567"},{"taxonomy":"product_cat","embeddable":true,"href":"https:\/\/worldofflowerpots.com\/pl\/wp-json\/wp\/v2\/product_cat?post=55567"},{"taxonomy":"product_tag","embeddable":true,"href":"https:\/\/worldofflowerpots.com\/pl\/wp-json\/wp\/v2\/product_tag?post=55567"}],"curies":[{"name":"wp","href":"https:\/\/api.w.org\/{rel}","templated":true}]}}