{"id":55568,"date":"2019-03-14T13:33:22","date_gmt":"2019-03-14T12:33:22","guid":{"rendered":"https:\/\/worldofflowerpots.com\/?post_type=product&#038;p=55568"},"modified":"2019-04-03T12:55:30","modified_gmt":"2019-04-03T10:55:30","slug":"duze-donice-kamienne-laura","status":"publish","type":"product","link":"https:\/\/worldofflowerpots.com\/pl\/sklep\/duze-donice-kamienne-laura\/","title":{"rendered":"Du\u017ce donice kamienne Laura"},"content":{"rendered":"<h2><strong>Du\u017ce donice kamienne Stone<\/strong><\/h2>\n<p>Donice z grupy Stone mog\u0105 by\u0107 ozdob\u0105 ka\u017cdego oryginalnego, nowoczesnego wn\u0119trza, tarasu czy ogrodu. Wykonane s\u0105 z w\u0142\u00f3kna szklanego, pokrytego kwarcem zmieszanym z \u017cywic\u0105 akrylow\u0105. Warstwa zewn\u0119trzna jest zawsze nak\u0142adana r\u0119cznie, z dba\u0142o\u015bci\u0105 o efektowny ko\u0144cowy efekt wizualny, przypominaj\u0105cy faktur\u0105 i wygl\u0105dem kamie\u0144 lub beton. Dzi\u0119ki temu ka\u017cda z donic jest oryginalna i wyj\u0105tkowa. Donice Stone maj\u0105 wyko\u0144czenie powierzchni zewn\u0119trznej w odcieniu jednolitym w pi\u0119ciu kolorach. Mo\u017cliwy jest tak\u017ce wyb\u00f3r jednego z dw\u00f3ch wzor\u00f3w w 4 kolorach. Klient ma wi\u0119c do wyboru a\u017c trzyna\u015bcie wariacji wyko\u0144czenia powierzchni zewn\u0119trznej donicy. Oryginalny wygl\u0105d projektu,\u00a0struktura idealnie imituj\u0105ca kamienny wygl\u0105du sprawia, \u017ce masz do dyspozycji donice, kt\u00f3re s\u0105 eleganckie i naturalistyczne, a jednocze\u015bnie \u0142atwe w przenoszeniu i por\u0119czne dzi\u0119ki niewielkiej wadze.<\/p>\n<h2><strong>Innowacyjne po\u0142\u0105czenie materia\u0142\u00f3w <\/strong><\/h2>\n<p>Wykorzystane przy produkcji materia\u0142y i najwy\u017csza jako\u015b\u0107 wykonania sprawiaj\u0105, \u017ce donice s\u0105 lekkie, a jednocze\u015bnie bardzo odporne. Niestraszny im deszcz, mr\u00f3z, \u015bnieg czy promienie UV. Nie powinny jednak sta\u0107 w wodzie, poniewa\u017c mo\u017ce to wywo\u0142a\u0107 uszkodzenie powierzchni zewn\u0119trznej. Jednak\u017ce ewentualne niewielkie\u00a0ubytki\u00a0\u0142atwo ukry\u0107, nak\u0142adaj\u0105c warstw\u0119 dobrej farby elewacyjnej, co tylko zwi\u0119kszy interesuj\u0105ce wra\u017cenie.<\/p>\n<p>Model Laura to solidny, efektownie wygl\u0105daj\u0105cy produkt o wymiarach\u00a0800x800xh800 mm. Idealnie nadaje si\u0119 wi\u0119c do posadzenia wi\u0119kszych ro\u015blin ozdobnych albo stworzenia\u00a0 du\u017cego, pi\u0119knego kwietnika. Mo\u017ce sta\u0107 si\u0119 doskona\u0142ym elementem wystroju du\u017cego salonu (na przyk\u0142ad w stylu loftowym) lub ogrodu. R\u00f3wnie imponuj\u0105co b\u0119dzie prezentowa\u0107 si\u0119 zar\u00f3wno w przestrzeni otwartej, jak i zamkni\u0119tej, dodaj\u0105c im\u00a0niepowtarzalnego\u00a0klimatu i charakteru.<\/p>\n<h2><strong>Dopasuj ca\u0142y zestaw<\/strong><\/h2>\n<p>Nowoczesny, oryginalny design oparty na sztuce ch\u0142odnego minimalizmu i unikatowy wygl\u0105d sprawiaj\u0105, \u017ce walory estetyczne du\u017cych kamiennych donic z serii Stone s\u0105 bezdyskusyjne i b\u0119d\u0105 ozdob\u0105 ka\u017cdej przestrzeni. Model Laura to tylko jeden z wielu opcji rozmiarowych w naszej ofercie. Je\u015bli potrzebujesz donic\u0119 o innej wielko\u015bci, koniecznie zapoznaj si\u0119 z propozycjami ca\u0142ej serii. Zaprojektuj sw\u00f3j dom i ogr\u00f3d, inspiruj\u0105c si\u0119 naszym wzornictwem, zainwestuj w du\u017ce donice kamienne, a wn\u0119trze na pewno zachwyci wszystkich twoich znajomych!<\/p>\n","protected":false},"excerpt":{"rendered":"<p>Donica Laura z w\u0142\u00f3kna szklanego pokrytego kwarcem i \u017cywic\u0105 akrylow\u0105. Wyst\u0119puje w pi\u0119ciu podstawowych jednolitych kolorach: bia\u0142ym, szarym, czarnym i dw\u00f3ch odcieniach br\u0105zu. Dost\u0119pna tak\u017ce w dw\u00f3ch wzorach w czterech wersjach kolorystycznych. Donica produkowana jest w standardzie z otworami odp\u0142ywowymi. Waga donicy to: 24 kg, a wymiary: d\u0142ugo\u015b\u0107: 80 cm, szeroko\u015b\u0107: 80 cm, wysoko\u015b\u0107: 80 cm.<\/p>\n","protected":false},"featured_media":56699,"template":"","meta":{"_acf_changed":false},"product_brand":[],"product_cat":[385],"product_tag":[444,447,451],"class_list":{"0":"post-55568","1":"product","2":"type-product","3":"status-publish","4":"has-post-thumbnail","6":"product_cat-donice-stone","7":"product_tag-donice-ogrodowe","8":"product_tag-donice-tarasowe","9":"product_tag-donice-wewnetrzne","10":"description-off","11":"tm-has-options","13":"first","14":"instock","15":"shipping-taxable","16":"purchasable","17":"product-type-simple"},"acf":[],"yoast_head":"<!-- This site is optimized with the Yoast SEO plugin v27.5 - https:\/\/yoast.com\/product\/yoast-seo-wordpress\/ -->\n<title>Du\u017ce donice kamienne Laura - do du\u017cych pomieszcze\u0144<\/title>\n<meta name=\"description\" content=\"Zaprojektuj sw\u00f3j dom i ogr\u00f3d, inspiruj\u0105c si\u0119 naszym wzornictwem, zainwestuj w du\u017ce donice kamienne, a wn\u0119trze na pewno zachwyci wszystkich twoich znajomych!\" \/>\n<meta name=\"robots\" content=\"index, follow, max-snippet:-1, max-image-preview:large, max-video-preview:-1\" \/>\n<link rel=\"canonical\" href=\"https:\/\/worldofflowerpots.com\/sklep\/duze-donice-kamienne-laura\/\" \/>\n<meta property=\"og:locale\" content=\"pl_PL\" \/>\n<meta property=\"og:type\" content=\"article\" \/>\n<meta property=\"og:title\" content=\"Du\u017ce donice kamienne Laura - do du\u017cych pomieszcze\u0144\" \/>\n<meta property=\"og:description\" content=\"Zaprojektuj sw\u00f3j dom i ogr\u00f3d, inspiruj\u0105c si\u0119 naszym wzornictwem, zainwestuj w du\u017ce donice kamienne, a wn\u0119trze na pewno zachwyci wszystkich twoich znajomych!\" \/>\n<meta property=\"og:url\" content=\"https:\/\/worldofflowerpots.com\/sklep\/duze-donice-kamienne-laura\/\" \/>\n<meta property=\"og:site_name\" content=\"World of Flowerpots\" \/>\n<meta property=\"article:modified_time\" content=\"2019-04-03T10:55:30+00:00\" \/>\n<meta property=\"og:image\" content=\"https:\/\/worldofflowerpots.com\/wp-content\/uploads\/2019\/03\/du\u017ce-donice-kamienne-Laura.jpg\" \/>\n\t<meta property=\"og:image:width\" content=\"2280\" \/>\n\t<meta property=\"og:image:height\" content=\"1612\" \/>\n\t<meta property=\"og:image:type\" content=\"image\/jpeg\" \/>\n<meta name=\"twitter:card\" content=\"summary_large_image\" \/>\n<meta name=\"twitter:label1\" content=\"Szacowany czas czytania\" \/>\n\t<meta name=\"twitter:data1\" content=\"2 minuty\" \/>\n<script type=\"application\/ld+json\" class=\"yoast-schema-graph\">{\"@context\":\"https:\\\/\\\/schema.org\",\"@graph\":[{\"@type\":\"WebPage\",\"@id\":\"https:\\\/\\\/worldofflowerpots.com\\\/sklep\\\/duze-donice-kamienne-laura\\\/\",\"url\":\"https:\\\/\\\/worldofflowerpots.com\\\/sklep\\\/duze-donice-kamienne-laura\\\/\",\"name\":\"Du\u017ce donice kamienne Laura - do du\u017cych pomieszcze\u0144\",\"isPartOf\":{\"@id\":\"https:\\\/\\\/worldofflowerpots.com\\\/#website\"},\"primaryImageOfPage\":{\"@id\":\"https:\\\/\\\/worldofflowerpots.com\\\/sklep\\\/duze-donice-kamienne-laura\\\/#primaryimage\"},\"image\":{\"@id\":\"https:\\\/\\\/worldofflowerpots.com\\\/sklep\\\/duze-donice-kamienne-laura\\\/#primaryimage\"},\"thumbnailUrl\":\"https:\\\/\\\/worldofflowerpots.com\\\/wp-content\\\/uploads\\\/2019\\\/03\\\/du\u017ce-donice-kamienne-Laura.jpg\",\"datePublished\":\"2019-03-14T12:33:22+00:00\",\"dateModified\":\"2019-04-03T10:55:30+00:00\",\"description\":\"Zaprojektuj sw\u00f3j dom i ogr\u00f3d, inspiruj\u0105c si\u0119 naszym wzornictwem, zainwestuj w du\u017ce donice kamienne, a wn\u0119trze na pewno zachwyci wszystkich twoich znajomych!\",\"breadcrumb\":{\"@id\":\"https:\\\/\\\/worldofflowerpots.com\\\/sklep\\\/duze-donice-kamienne-laura\\\/#breadcrumb\"},\"inLanguage\":\"pl-PL\",\"potentialAction\":[{\"@type\":\"ReadAction\",\"target\":[\"https:\\\/\\\/worldofflowerpots.com\\\/sklep\\\/duze-donice-kamienne-laura\\\/\"]}]},{\"@type\":\"ImageObject\",\"inLanguage\":\"pl-PL\",\"@id\":\"https:\\\/\\\/worldofflowerpots.com\\\/sklep\\\/duze-donice-kamienne-laura\\\/#primaryimage\",\"url\":\"https:\\\/\\\/worldofflowerpots.com\\\/wp-content\\\/uploads\\\/2019\\\/03\\\/du\u017ce-donice-kamienne-Laura.jpg\",\"contentUrl\":\"https:\\\/\\\/worldofflowerpots.com\\\/wp-content\\\/uploads\\\/2019\\\/03\\\/du\u017ce-donice-kamienne-Laura.jpg\",\"width\":2280,\"height\":1612},{\"@type\":\"BreadcrumbList\",\"@id\":\"https:\\\/\\\/worldofflowerpots.com\\\/sklep\\\/duze-donice-kamienne-laura\\\/#breadcrumb\",\"itemListElement\":[{\"@type\":\"ListItem\",\"position\":1,\"name\":\"Strona g\u0142\u00f3wna\",\"item\":\"https:\\\/\\\/worldofflowerpots.com\\\/\"},{\"@type\":\"ListItem\",\"position\":2,\"name\":\"Sklep\",\"item\":\"https:\\\/\\\/worldofflowerpots.com\\\/sklep\\\/\"},{\"@type\":\"ListItem\",\"position\":3,\"name\":\"Du\u017ce donice kamienne Laura\"}]},{\"@type\":\"WebSite\",\"@id\":\"https:\\\/\\\/worldofflowerpots.com\\\/#website\",\"url\":\"https:\\\/\\\/worldofflowerpots.com\\\/\",\"name\":\"World of Flowerpots\",\"description\":\"producent donic ozdobnych\",\"potentialAction\":[{\"@type\":\"SearchAction\",\"target\":{\"@type\":\"EntryPoint\",\"urlTemplate\":\"https:\\\/\\\/worldofflowerpots.com\\\/?s={search_term_string}\"},\"query-input\":{\"@type\":\"PropertyValueSpecification\",\"valueRequired\":true,\"valueName\":\"search_term_string\"}}],\"inLanguage\":\"pl-PL\"}]}<\/script>\n<!-- \/ Yoast SEO plugin. -->","yoast_head_json":{"title":"Du\u017ce donice kamienne Laura - do du\u017cych pomieszcze\u0144","description":"Zaprojektuj sw\u00f3j dom i ogr\u00f3d, inspiruj\u0105c si\u0119 naszym wzornictwem, zainwestuj w du\u017ce donice kamienne, a wn\u0119trze na pewno zachwyci wszystkich twoich znajomych!","robots":{"index":"index","follow":"follow","max-snippet":"max-snippet:-1","max-image-preview":"max-image-preview:large","max-video-preview":"max-video-preview:-1"},"canonical":"https:\/\/worldofflowerpots.com\/sklep\/duze-donice-kamienne-laura\/","og_locale":"pl_PL","og_type":"article","og_title":"Du\u017ce donice kamienne Laura - do du\u017cych pomieszcze\u0144","og_description":"Zaprojektuj sw\u00f3j dom i ogr\u00f3d, inspiruj\u0105c si\u0119 naszym wzornictwem, zainwestuj w du\u017ce donice kamienne, a wn\u0119trze na pewno zachwyci wszystkich twoich znajomych!","og_url":"https:\/\/worldofflowerpots.com\/sklep\/duze-donice-kamienne-laura\/","og_site_name":"World of Flowerpots","article_modified_time":"2019-04-03T10:55:30+00:00","og_image":[{"width":2280,"height":1612,"url":"https:\/\/worldofflowerpots.com\/wp-content\/uploads\/2019\/03\/du\u017ce-donice-kamienne-Laura.jpg","type":"image\/jpeg"}],"twitter_card":"summary_large_image","twitter_misc":{"Szacowany czas czytania":"2 minuty"},"schema":{"@context":"https:\/\/schema.org","@graph":[{"@type":"WebPage","@id":"https:\/\/worldofflowerpots.com\/sklep\/duze-donice-kamienne-laura\/","url":"https:\/\/worldofflowerpots.com\/sklep\/duze-donice-kamienne-laura\/","name":"Du\u017ce donice kamienne Laura - do du\u017cych pomieszcze\u0144","isPartOf":{"@id":"https:\/\/worldofflowerpots.com\/#website"},"primaryImageOfPage":{"@id":"https:\/\/worldofflowerpots.com\/sklep\/duze-donice-kamienne-laura\/#primaryimage"},"image":{"@id":"https:\/\/worldofflowerpots.com\/sklep\/duze-donice-kamienne-laura\/#primaryimage"},"thumbnailUrl":"https:\/\/worldofflowerpots.com\/wp-content\/uploads\/2019\/03\/du\u017ce-donice-kamienne-Laura.jpg","datePublished":"2019-03-14T12:33:22+00:00","dateModified":"2019-04-03T10:55:30+00:00","description":"Zaprojektuj sw\u00f3j dom i ogr\u00f3d, inspiruj\u0105c si\u0119 naszym wzornictwem, zainwestuj w du\u017ce donice kamienne, a wn\u0119trze na pewno zachwyci wszystkich twoich znajomych!","breadcrumb":{"@id":"https:\/\/worldofflowerpots.com\/sklep\/duze-donice-kamienne-laura\/#breadcrumb"},"inLanguage":"pl-PL","potentialAction":[{"@type":"ReadAction","target":["https:\/\/worldofflowerpots.com\/sklep\/duze-donice-kamienne-laura\/"]}]},{"@type":"ImageObject","inLanguage":"pl-PL","@id":"https:\/\/worldofflowerpots.com\/sklep\/duze-donice-kamienne-laura\/#primaryimage","url":"https:\/\/worldofflowerpots.com\/wp-content\/uploads\/2019\/03\/du\u017ce-donice-kamienne-Laura.jpg","contentUrl":"https:\/\/worldofflowerpots.com\/wp-content\/uploads\/2019\/03\/du\u017ce-donice-kamienne-Laura.jpg","width":2280,"height":1612},{"@type":"BreadcrumbList","@id":"https:\/\/worldofflowerpots.com\/sklep\/duze-donice-kamienne-laura\/#breadcrumb","itemListElement":[{"@type":"ListItem","position":1,"name":"Strona g\u0142\u00f3wna","item":"https:\/\/worldofflowerpots.com\/"},{"@type":"ListItem","position":2,"name":"Sklep","item":"https:\/\/worldofflowerpots.com\/sklep\/"},{"@type":"ListItem","position":3,"name":"Du\u017ce donice kamienne Laura"}]},{"@type":"WebSite","@id":"https:\/\/worldofflowerpots.com\/#website","url":"https:\/\/worldofflowerpots.com\/","name":"World of Flowerpots","description":"producent donic ozdobnych","potentialAction":[{"@type":"SearchAction","target":{"@type":"EntryPoint","urlTemplate":"https:\/\/worldofflowerpots.com\/?s={search_term_string}"},"query-input":{"@type":"PropertyValueSpecification","valueRequired":true,"valueName":"search_term_string"}}],"inLanguage":"pl-PL"}]}},"_links":{"self":[{"href":"https:\/\/worldofflowerpots.com\/pl\/wp-json\/wp\/v2\/product\/55568","targetHints":{"allow":["GET"]}}],"collection":[{"href":"https:\/\/worldofflowerpots.com\/pl\/wp-json\/wp\/v2\/product"}],"about":[{"href":"https:\/\/worldofflowerpots.com\/pl\/wp-json\/wp\/v2\/types\/product"}],"wp:featuredmedia":[{"embeddable":true,"href":"https:\/\/worldofflowerpots.com\/pl\/wp-json\/wp\/v2\/media\/56699"}],"wp:attachment":[{"href":"https:\/\/worldofflowerpots.com\/pl\/wp-json\/wp\/v2\/media?parent=55568"}],"wp:term":[{"taxonomy":"product_brand","embeddable":true,"href":"https:\/\/worldofflowerpots.com\/pl\/wp-json\/wp\/v2\/product_brand?post=55568"},{"taxonomy":"product_cat","embeddable":true,"href":"https:\/\/worldofflowerpots.com\/pl\/wp-json\/wp\/v2\/product_cat?post=55568"},{"taxonomy":"product_tag","embeddable":true,"href":"https:\/\/worldofflowerpots.com\/pl\/wp-json\/wp\/v2\/product_tag?post=55568"}],"curies":[{"name":"wp","href":"https:\/\/api.w.org\/{rel}","templated":true}]}}