{"id":55569,"date":"2019-03-14T13:54:23","date_gmt":"2019-03-14T12:54:23","guid":{"rendered":"https:\/\/worldofflowerpots.com\/?post_type=product&#038;p=55569"},"modified":"2019-04-03T12:51:14","modified_gmt":"2019-04-03T10:51:14","slug":"duze-donice-do-domu-sara","status":"publish","type":"product","link":"https:\/\/worldofflowerpots.com\/pl\/sklep\/duze-donice-do-domu-sara\/","title":{"rendered":"Du\u017ce donice do domu Sara"},"content":{"rendered":"<h2><strong>Stylowe donice Sara z serii Stone<\/strong><\/h2>\n<p>Poszukuj\u0105c donic warto zapozna\u0107 si\u0119 z nasz\u0105 ofert\u0105 produkt\u00f3w Stone. Jest to seria przygotowana specjalnie dla pasjonat\u00f3w ogrodnictwa, kt\u00f3rzy poszukuj\u0105 ciekawych donic do przyozdobienia wn\u0119trza swojego mieszkania lub ogrodu. Jednym z typ\u00f3w, kt\u00f3re mo\u017cesz u nas naby\u0107 s\u0105\u00a0du\u017ce donice do domu. Produkty s\u0105 dost\u0119pne w kilku wersjach kolorystycznych. Do wyboru mamy powierzchnie jednolite (pi\u0119\u0107 kolor\u00f3w) oraz ciekawe dwa typy wzor\u00f3w (cztery kolory). Warstwa zewn\u0119trzna donic zosta\u0142a wykonana z mieszanki kwarcu i \u017cywicy akrylowej. Po\u0142\u0105czenie to prezentuje si\u0119 pi\u0119knie zar\u00f3wno w jasnym o\u015bwietlonym pomieszczeniu, jak i w p\u00f3\u0142cieniu. Produkt jest wykonany z w\u0142\u00f3kna szklanego, dzi\u0119ki czemu nie musimy obawia\u0107 si\u0119 zniszczenia donicy przez wiatr, mr\u00f3z, promienie s\u0142oneczne.<\/p>\n<p>R\u0119czne wykonanie warstwy zewn\u0119trznej donicy gwarantuje wysok\u0105 jako\u015b\u0107 pokrycia i wp\u0142ywa pozytywnie na ko\u0144cowy wygl\u0105d produkt\u00f3w z serii Stone. Nale\u017cy jedynie mie\u0107 na uwadze, by nie ustawia\u0107 donic w wodzie, gdy\u017c b\u0119dzie to niekorzystnie wp\u0142ywa\u0107 na ich wygl\u0105d zewn\u0119trzny.<\/p>\n<h2><strong>Du\u017ce donice do domu\u00a0Sara<\/strong><\/h2>\n<p>Produkt Sara polecany jest przede wszystkim dla w\u0142a\u015bcicieli wi\u0119kszych powierzchni mieszkalnych. Donice Sara maj\u0105 do\u015b\u0107 du\u017ce wymiary (1000 mm na 1000 mm, przy 800 mm wysoko\u015bci). Pozwala to na umieszczenie w nich wysokich, roz\u0142o\u017cystych ro\u015blin. Taka aran\u017cacja \u0142adnie wype\u0142ni wn\u0119trze naszego salonu, sypialni lub korytarza dodaj\u0105c radosnych, zielonych element\u00f3w do wystroju.\u00a0Du\u017ce donice do domu\u00a0stwarzaj\u0105 wyj\u0105tkow\u0105 mo\u017cliwo\u015b\u0107 \u0142\u0105czenia kilku rodzaj\u00f3w ro\u015blin pokojowych. Dzi\u0119ki temu tworzymy nietypowe aran\u017cacje, komponuj\u0105ce si\u0119 w gustowny spos\u00f3b z wystrojem mieszkania. Mo\u017cna w nich umie\u015bci\u0107 na przyk\u0142ad proste i niewymagaj\u0105ce w hodowli palmy doniczkowe, takie jak: daktylowiec kanadyjski, czy palma kokosowa.<\/p>\n<p>Donice Sara to dobre rozwi\u0105zanie w przypadku ch\u0119ci utrzymania sp\u00f3jnej estetyki wystroju. Produkty te maj\u0105 harmonijn\u0105, stonowan\u0105 kolorystyk\u0119, kt\u00f3r\u0105 mo\u017cna bez problemu dopasowa\u0107 do barw obecnych w naszym mieszkaniu. Co wi\u0119cej,\u00a0du\u017ce donice do domu\u00a0nie wa\u017c\u0105 du\u017co, dzi\u0119ki czemu bez k\u0142opotu zmienimy aran\u017cacj\u0119 wn\u0119trza przestawiaj\u0105c ro\u015bliny w nowe miejsce. Zmiana ustawienia donic mo\u017ce by\u0107 r\u00f3wnie\u017c konieczna ze wzgl\u0119du na r\u00f3\u017cne wymagania danych ro\u015blin i zmieniaj\u0105cych si\u0119 warunk\u00f3w w mieszkaniu wraz z np. rozpocz\u0119ciem sezonu grzewczego.<\/p>\n","protected":false},"excerpt":{"rendered":"<p>Donica Sara z w\u0142\u00f3kna szklanego pokrytego kwarcem i \u017cywic\u0105 akrylow\u0105. Wyst\u0119puje w pi\u0119ciu podstawowych jednolitych kolorach: bia\u0142ym, szarym, czarnym i dw\u00f3ch odcieniach br\u0105zu. Dost\u0119pna tak\u017ce w dw\u00f3ch wzorach w czterech wersjach kolorystycznych. Donica produkowana jest w standardzie z otworami odp\u0142ywowymi. Waga donicy to: 26 kg, a wymiary: d\u0142ugo\u015b\u0107: 100 cm, szeroko\u015b\u0107: 100 cm, wysoko\u015b\u0107: 80 cm.<\/p>\n","protected":false},"featured_media":56689,"template":"","meta":{"_acf_changed":false},"product_brand":[],"product_cat":[385],"product_tag":[444,451],"class_list":{"0":"post-55569","1":"product","2":"type-product","3":"status-publish","4":"has-post-thumbnail","6":"product_cat-donice-stone","7":"product_tag-donice-ogrodowe","8":"product_tag-donice-wewnetrzne","9":"description-off","10":"tm-has-options","12":"first","13":"instock","14":"shipping-taxable","15":"purchasable","16":"product-type-simple"},"acf":[],"yoast_head":"<!-- This site is optimized with the Yoast SEO plugin v27.5 - https:\/\/yoast.com\/product\/yoast-seo-wordpress\/ -->\n<title>Du\u017ce donice do domu Sara - do du\u017cych i wymagaj\u0105cych ro\u015blin<\/title>\n<meta name=\"description\" content=\"Jednym z typ\u00f3w, kt\u00f3re mo\u017cesz u nas naby\u0107 s\u0105 du\u017ce donice do domu. Stwarzaj\u0105 one wyj\u0105tkow\u0105 mo\u017cliwo\u015b\u0107 \u0142\u0105czenia kilku rodzaj\u00f3w ro\u015blin pokojowych.\" \/>\n<meta name=\"robots\" content=\"index, follow, max-snippet:-1, max-image-preview:large, max-video-preview:-1\" \/>\n<link rel=\"canonical\" href=\"https:\/\/worldofflowerpots.com\/sklep\/duze-donice-do-domu-sara\/\" \/>\n<meta property=\"og:locale\" content=\"pl_PL\" \/>\n<meta property=\"og:type\" content=\"article\" \/>\n<meta property=\"og:title\" content=\"Du\u017ce donice do domu Sara - do du\u017cych i wymagaj\u0105cych ro\u015blin\" \/>\n<meta property=\"og:description\" content=\"Jednym z typ\u00f3w, kt\u00f3re mo\u017cesz u nas naby\u0107 s\u0105 du\u017ce donice do domu. Stwarzaj\u0105 one wyj\u0105tkow\u0105 mo\u017cliwo\u015b\u0107 \u0142\u0105czenia kilku rodzaj\u00f3w ro\u015blin pokojowych.\" \/>\n<meta property=\"og:url\" content=\"https:\/\/worldofflowerpots.com\/sklep\/duze-donice-do-domu-sara\/\" \/>\n<meta property=\"og:site_name\" content=\"World of Flowerpots\" \/>\n<meta property=\"article:modified_time\" content=\"2019-04-03T10:51:14+00:00\" \/>\n<meta property=\"og:image\" content=\"https:\/\/worldofflowerpots.com\/wp-content\/uploads\/2019\/03\/du\u017ce-donice-do-domu-Sara.jpg\" \/>\n\t<meta property=\"og:image:width\" content=\"2280\" \/>\n\t<meta property=\"og:image:height\" content=\"1612\" \/>\n\t<meta property=\"og:image:type\" content=\"image\/jpeg\" \/>\n<meta name=\"twitter:card\" content=\"summary_large_image\" \/>\n<meta name=\"twitter:label1\" content=\"Szacowany czas czytania\" \/>\n\t<meta name=\"twitter:data1\" content=\"2 minuty\" \/>\n<script type=\"application\/ld+json\" class=\"yoast-schema-graph\">{\"@context\":\"https:\\\/\\\/schema.org\",\"@graph\":[{\"@type\":\"WebPage\",\"@id\":\"https:\\\/\\\/worldofflowerpots.com\\\/sklep\\\/duze-donice-do-domu-sara\\\/\",\"url\":\"https:\\\/\\\/worldofflowerpots.com\\\/sklep\\\/duze-donice-do-domu-sara\\\/\",\"name\":\"Du\u017ce donice do domu Sara - do du\u017cych i wymagaj\u0105cych ro\u015blin\",\"isPartOf\":{\"@id\":\"https:\\\/\\\/worldofflowerpots.com\\\/#website\"},\"primaryImageOfPage\":{\"@id\":\"https:\\\/\\\/worldofflowerpots.com\\\/sklep\\\/duze-donice-do-domu-sara\\\/#primaryimage\"},\"image\":{\"@id\":\"https:\\\/\\\/worldofflowerpots.com\\\/sklep\\\/duze-donice-do-domu-sara\\\/#primaryimage\"},\"thumbnailUrl\":\"https:\\\/\\\/worldofflowerpots.com\\\/wp-content\\\/uploads\\\/2019\\\/03\\\/du\u017ce-donice-do-domu-Sara.jpg\",\"datePublished\":\"2019-03-14T12:54:23+00:00\",\"dateModified\":\"2019-04-03T10:51:14+00:00\",\"description\":\"Jednym z typ\u00f3w, kt\u00f3re mo\u017cesz u nas naby\u0107 s\u0105 du\u017ce donice do domu. Stwarzaj\u0105 one wyj\u0105tkow\u0105 mo\u017cliwo\u015b\u0107 \u0142\u0105czenia kilku rodzaj\u00f3w ro\u015blin pokojowych.\",\"breadcrumb\":{\"@id\":\"https:\\\/\\\/worldofflowerpots.com\\\/sklep\\\/duze-donice-do-domu-sara\\\/#breadcrumb\"},\"inLanguage\":\"pl-PL\",\"potentialAction\":[{\"@type\":\"ReadAction\",\"target\":[\"https:\\\/\\\/worldofflowerpots.com\\\/sklep\\\/duze-donice-do-domu-sara\\\/\"]}]},{\"@type\":\"ImageObject\",\"inLanguage\":\"pl-PL\",\"@id\":\"https:\\\/\\\/worldofflowerpots.com\\\/sklep\\\/duze-donice-do-domu-sara\\\/#primaryimage\",\"url\":\"https:\\\/\\\/worldofflowerpots.com\\\/wp-content\\\/uploads\\\/2019\\\/03\\\/du\u017ce-donice-do-domu-Sara.jpg\",\"contentUrl\":\"https:\\\/\\\/worldofflowerpots.com\\\/wp-content\\\/uploads\\\/2019\\\/03\\\/du\u017ce-donice-do-domu-Sara.jpg\",\"width\":2280,\"height\":1612},{\"@type\":\"BreadcrumbList\",\"@id\":\"https:\\\/\\\/worldofflowerpots.com\\\/sklep\\\/duze-donice-do-domu-sara\\\/#breadcrumb\",\"itemListElement\":[{\"@type\":\"ListItem\",\"position\":1,\"name\":\"Strona g\u0142\u00f3wna\",\"item\":\"https:\\\/\\\/worldofflowerpots.com\\\/\"},{\"@type\":\"ListItem\",\"position\":2,\"name\":\"Sklep\",\"item\":\"https:\\\/\\\/worldofflowerpots.com\\\/sklep\\\/\"},{\"@type\":\"ListItem\",\"position\":3,\"name\":\"Du\u017ce donice do domu Sara\"}]},{\"@type\":\"WebSite\",\"@id\":\"https:\\\/\\\/worldofflowerpots.com\\\/#website\",\"url\":\"https:\\\/\\\/worldofflowerpots.com\\\/\",\"name\":\"World of Flowerpots\",\"description\":\"producent donic ozdobnych\",\"potentialAction\":[{\"@type\":\"SearchAction\",\"target\":{\"@type\":\"EntryPoint\",\"urlTemplate\":\"https:\\\/\\\/worldofflowerpots.com\\\/?s={search_term_string}\"},\"query-input\":{\"@type\":\"PropertyValueSpecification\",\"valueRequired\":true,\"valueName\":\"search_term_string\"}}],\"inLanguage\":\"pl-PL\"}]}<\/script>\n<!-- \/ Yoast SEO plugin. -->","yoast_head_json":{"title":"Du\u017ce donice do domu Sara - do du\u017cych i wymagaj\u0105cych ro\u015blin","description":"Jednym z typ\u00f3w, kt\u00f3re mo\u017cesz u nas naby\u0107 s\u0105 du\u017ce donice do domu. Stwarzaj\u0105 one wyj\u0105tkow\u0105 mo\u017cliwo\u015b\u0107 \u0142\u0105czenia kilku rodzaj\u00f3w ro\u015blin pokojowych.","robots":{"index":"index","follow":"follow","max-snippet":"max-snippet:-1","max-image-preview":"max-image-preview:large","max-video-preview":"max-video-preview:-1"},"canonical":"https:\/\/worldofflowerpots.com\/sklep\/duze-donice-do-domu-sara\/","og_locale":"pl_PL","og_type":"article","og_title":"Du\u017ce donice do domu Sara - do du\u017cych i wymagaj\u0105cych ro\u015blin","og_description":"Jednym z typ\u00f3w, kt\u00f3re mo\u017cesz u nas naby\u0107 s\u0105 du\u017ce donice do domu. Stwarzaj\u0105 one wyj\u0105tkow\u0105 mo\u017cliwo\u015b\u0107 \u0142\u0105czenia kilku rodzaj\u00f3w ro\u015blin pokojowych.","og_url":"https:\/\/worldofflowerpots.com\/sklep\/duze-donice-do-domu-sara\/","og_site_name":"World of Flowerpots","article_modified_time":"2019-04-03T10:51:14+00:00","og_image":[{"width":2280,"height":1612,"url":"https:\/\/worldofflowerpots.com\/wp-content\/uploads\/2019\/03\/du\u017ce-donice-do-domu-Sara.jpg","type":"image\/jpeg"}],"twitter_card":"summary_large_image","twitter_misc":{"Szacowany czas czytania":"2 minuty"},"schema":{"@context":"https:\/\/schema.org","@graph":[{"@type":"WebPage","@id":"https:\/\/worldofflowerpots.com\/sklep\/duze-donice-do-domu-sara\/","url":"https:\/\/worldofflowerpots.com\/sklep\/duze-donice-do-domu-sara\/","name":"Du\u017ce donice do domu Sara - do du\u017cych i wymagaj\u0105cych ro\u015blin","isPartOf":{"@id":"https:\/\/worldofflowerpots.com\/#website"},"primaryImageOfPage":{"@id":"https:\/\/worldofflowerpots.com\/sklep\/duze-donice-do-domu-sara\/#primaryimage"},"image":{"@id":"https:\/\/worldofflowerpots.com\/sklep\/duze-donice-do-domu-sara\/#primaryimage"},"thumbnailUrl":"https:\/\/worldofflowerpots.com\/wp-content\/uploads\/2019\/03\/du\u017ce-donice-do-domu-Sara.jpg","datePublished":"2019-03-14T12:54:23+00:00","dateModified":"2019-04-03T10:51:14+00:00","description":"Jednym z typ\u00f3w, kt\u00f3re mo\u017cesz u nas naby\u0107 s\u0105 du\u017ce donice do domu. Stwarzaj\u0105 one wyj\u0105tkow\u0105 mo\u017cliwo\u015b\u0107 \u0142\u0105czenia kilku rodzaj\u00f3w ro\u015blin pokojowych.","breadcrumb":{"@id":"https:\/\/worldofflowerpots.com\/sklep\/duze-donice-do-domu-sara\/#breadcrumb"},"inLanguage":"pl-PL","potentialAction":[{"@type":"ReadAction","target":["https:\/\/worldofflowerpots.com\/sklep\/duze-donice-do-domu-sara\/"]}]},{"@type":"ImageObject","inLanguage":"pl-PL","@id":"https:\/\/worldofflowerpots.com\/sklep\/duze-donice-do-domu-sara\/#primaryimage","url":"https:\/\/worldofflowerpots.com\/wp-content\/uploads\/2019\/03\/du\u017ce-donice-do-domu-Sara.jpg","contentUrl":"https:\/\/worldofflowerpots.com\/wp-content\/uploads\/2019\/03\/du\u017ce-donice-do-domu-Sara.jpg","width":2280,"height":1612},{"@type":"BreadcrumbList","@id":"https:\/\/worldofflowerpots.com\/sklep\/duze-donice-do-domu-sara\/#breadcrumb","itemListElement":[{"@type":"ListItem","position":1,"name":"Strona g\u0142\u00f3wna","item":"https:\/\/worldofflowerpots.com\/"},{"@type":"ListItem","position":2,"name":"Sklep","item":"https:\/\/worldofflowerpots.com\/sklep\/"},{"@type":"ListItem","position":3,"name":"Du\u017ce donice do domu Sara"}]},{"@type":"WebSite","@id":"https:\/\/worldofflowerpots.com\/#website","url":"https:\/\/worldofflowerpots.com\/","name":"World of Flowerpots","description":"producent donic ozdobnych","potentialAction":[{"@type":"SearchAction","target":{"@type":"EntryPoint","urlTemplate":"https:\/\/worldofflowerpots.com\/?s={search_term_string}"},"query-input":{"@type":"PropertyValueSpecification","valueRequired":true,"valueName":"search_term_string"}}],"inLanguage":"pl-PL"}]}},"_links":{"self":[{"href":"https:\/\/worldofflowerpots.com\/pl\/wp-json\/wp\/v2\/product\/55569","targetHints":{"allow":["GET"]}}],"collection":[{"href":"https:\/\/worldofflowerpots.com\/pl\/wp-json\/wp\/v2\/product"}],"about":[{"href":"https:\/\/worldofflowerpots.com\/pl\/wp-json\/wp\/v2\/types\/product"}],"wp:featuredmedia":[{"embeddable":true,"href":"https:\/\/worldofflowerpots.com\/pl\/wp-json\/wp\/v2\/media\/56689"}],"wp:attachment":[{"href":"https:\/\/worldofflowerpots.com\/pl\/wp-json\/wp\/v2\/media?parent=55569"}],"wp:term":[{"taxonomy":"product_brand","embeddable":true,"href":"https:\/\/worldofflowerpots.com\/pl\/wp-json\/wp\/v2\/product_brand?post=55569"},{"taxonomy":"product_cat","embeddable":true,"href":"https:\/\/worldofflowerpots.com\/pl\/wp-json\/wp\/v2\/product_cat?post=55569"},{"taxonomy":"product_tag","embeddable":true,"href":"https:\/\/worldofflowerpots.com\/pl\/wp-json\/wp\/v2\/product_tag?post=55569"}],"curies":[{"name":"wp","href":"https:\/\/api.w.org\/{rel}","templated":true}]}}