{"id":55576,"date":"2019-03-14T14:15:13","date_gmt":"2019-03-14T13:15:13","guid":{"rendered":"https:\/\/worldofflowerpots.com\/?post_type=product&#038;p=55576"},"modified":"2019-04-03T12:48:05","modified_gmt":"2019-04-03T10:48:05","slug":"donice-ogrodowe-stefano","status":"publish","type":"product","link":"https:\/\/worldofflowerpots.com\/pl\/sklep\/donice-ogrodowe-stefano\/","title":{"rendered":"Donice ogrodowe Stefano"},"content":{"rendered":"<h2><strong>Super wytrzyma\u0142e donice Stefano<\/strong><\/h2>\n<p>W dzisiejszych czasach coraz\u00a0wi\u0119cej os\u00f3b decyduje si\u0119 na upi\u0119kszenie swojej posesji, za pomoc\u0105 \u017cywych kwiat\u00f3w. Jednak, kwiaty zasadzone, w ziemi mog\u0105 spowodowa\u0107 trudno\u015bci przy wykonywaniu niekt\u00f3rych czynno\u015bci, np. koszenie trawy. Dlatego idealnym rozwi\u0105zaniem b\u0119dzie zainwestowanie w donice. Aby zaopatrzy\u0107 si\u0119 w dobrej jako\u015bci donice ogrodowe sklep internetowy w obecnych czasach jest pierwszym miejscem poszukiwa\u0144.<\/p>\n<p>Prezentujemy Pa\u0144stwu nowo\u015b\u0107 w postaci donic Stone wykonanych z w\u0142\u00f3kna szklanego, pokrytych warstw\u0105 kwarcu zmieszanego z \u017cywic\u0105 akrylow\u0105.\u00a0Efekt\u00a0jest\u00a0bardzo zachwycaj\u0105cy, poniewa\u017c warstwa zewn\u0119trzna nak\u0142adana, jest r\u0119cznie z najwi\u0119ksz\u0105 dba\u0142o\u015bci\u0105 o ka\u017cdy detal. Donice kwarcowe swoim wygl\u0105dem przypominaj\u0105 donice wykonane z betonu. Do zalet donic mo\u017cemy zaliczy\u0107 niebywa\u0142\u0105 lekko\u015b\u0107. Donice s\u0105 tak\u017ce niezwykle wytrzyma\u0142e za spraw\u0105 kwarcu znajduj\u0105cego si\u0119 na zewn\u0119trznej warstwie ich powierzchni. S\u0105 one odporne tak\u017ce na promienie UV, dzi\u0119ki czemu mo\u017cemy cieszy\u0107 si\u0119 ich pi\u0119knym wygl\u0105dem. Donicom oboj\u0119tne s\u0105 tak\u017ce niekorzystne warunki atmosferyczne takie\u00a0jak\u00a0mr\u00f3z, deszcz itp. Jednak warto pami\u0119ta\u0107, aby donice nie przebywa\u0142y zbyt d\u0142ugo w wodzie, poniewa\u017c mo\u017ce powodowa\u0107 to uszkodzenie zewn\u0119trznej warstwy.<\/p>\n<h2><strong>Idealne dopasowanie<\/strong><\/h2>\n<p>Donice Stone idealnie b\u0119d\u0105 pasowa\u0107 do ka\u017cdego rodzaju ogrodu.\u00a0Model Stefano jest wyj\u0105tkowy, gdy\u017c mo\u017cna go naby\u0107 w pi\u0119ciu wariantach d\u0142ugo\u015bci od jednego metra do dw\u00f3ch. Dzi\u0119ki dost\u0119pnej kolorystyce mo\u017cemy\u00a0je dopasowa\u0107 do otoczenia naszej posesji, elewacji domu czy te\u017c rodzaju i koloru kwiat\u00f3w. Donice idealnie b\u0119d\u0105 wygl\u0105da\u0107, wzd\u0142u\u017c \u015bcie\u017cek kamiennych, oczek wodny, skalniak\u00f3w czy te\u017c innych ozd\u00f3b, takich jak drewniany wiatrak, studnia. Donice ogrodowe wykonane z w\u0142\u00f3kna szklanego, mo\u017cemy r\u00f3wnie\u017c ustawi\u0107 na tarasie, balkonie, werandzie. Z pewno\u015bci\u0105, b\u0119d\u0105 tworzy\u0142y idealn\u0105 ca\u0142o\u015b\u0107 z wszystkimi ro\u015blinami, od r\u00f3\u017c, a\u017c po ma\u0142e tuje. Donice ogrodowe, mog\u0105 by\u0107 idealnym prezentem, dla osoby, kt\u00f3ra kocha kwiaty, a tak\u017ce sp\u0119dza ka\u017cd\u0105 woln\u0105 chwil\u0119. Zastosowanie donicy\u00a0zale\u017cy\u00a0jedynie od Twojej wyobra\u017ani, a tak\u017ce upodobania. Dzi\u0119ki czemu b\u0119dziesz m\u00f3g\u0142 urz\u0105dzi\u0107 sw\u00f3j ogr\u00f3d, w taki spos\u00f3b, aby\u015b m\u00f3g\u0142 cieszy\u0107 si\u0119 pi\u0119knym i zadowalaj\u0105cym widokiem. Dzi\u0119ki odpowiedniemu wyborowi mo\u017cemy cieszy\u0107 si\u0119 pi\u0119knym i zadowalaj\u0105cym widokiem, przez bardzo d\u0142ugi czas.<\/p>\n","protected":false},"excerpt":{"rendered":"<p>Donica Stefano z w\u0142\u00f3kna szklanego pokrytego kwarcem i \u017cywic\u0105 akrylow\u0105. Wyst\u0119puje w pi\u0119ciu podstawowych jednolitych kolorach: bia\u0142ym, szarym, czarnym i dw\u00f3ch odcieniach br\u0105zu. Dost\u0119pna tak\u017ce w dw\u00f3ch wzorach w czterech wersjach kolorystycznych. Donica produkowana jest w standardzie z otworami odp\u0142ywowymi.<\/p>\n<p style=\"margin: 0cm; margin-bottom: .0001pt;\">Dost\u0119pne warianty donicy:<\/p>\n<p style=\"margin: 0cm; margin-bottom: .0001pt;\">Stefano 1000 o wymiarach 1000x400xh:400, waga 20 kg, pojemno\u015b\u0107 123 l<\/p>\n<p style=\"margin: 0cm; margin-bottom: .0001pt;\">Stefano 1200 o wymiarach 1200x400xh:400, waga 23 kg, pojemno\u015b\u0107 149 l<\/p>\n<p style=\"margin: 0cm; margin-bottom: .0001pt;\">Stefano 1500 o wymiarach 1500x400xh:400, waga 26 kg, pojemno\u015b\u0107 187 l<\/p>\n<p style=\"margin: 0cm; margin-bottom: .0001pt;\">Stefano 1800 o wymiarach 1800x400xh:400, waga 30 kg, pojemno\u015b\u0107 220 l<\/p>\n<p style=\"margin: 0cm; margin-bottom: .0001pt;\">Stefano 2000 o wymiarach 2000x400xh:400, waga 36 kg, pojemno\u015b\u0107 252 l<\/p>\n<p>&nbsp;<\/p>\n","protected":false},"featured_media":56659,"template":"","meta":{"_acf_changed":false},"product_brand":[],"product_cat":[385],"product_tag":[448,444,447,451],"class_list":{"0":"post-55576","1":"product","2":"type-product","3":"status-publish","4":"has-post-thumbnail","6":"product_cat-donice-stone","7":"product_tag-donice-balkonowe","8":"product_tag-donice-ogrodowe","9":"product_tag-donice-tarasowe","10":"product_tag-donice-wewnetrzne","11":"description-off","12":"tm-has-options","14":"first","15":"instock","16":"shipping-taxable","17":"purchasable","18":"product-type-simple"},"acf":[],"yoast_head":"<!-- This site is optimized with the Yoast SEO plugin v27.5 - https:\/\/yoast.com\/product\/yoast-seo-wordpress\/ -->\n<title>Donice ogrodowe Stefano - jeden model a\u017c pi\u0119\u0107 wariant\u00f3w<\/title>\n<meta name=\"description\" content=\"Aby zaopatrzy\u0107 si\u0119 w dobrej jako\u015bci donice ogrodowe sklep internetowy w obecnych czasach jest pierwszym miejscem poszukiwa\u0144.\" \/>\n<meta name=\"robots\" content=\"index, follow, max-snippet:-1, max-image-preview:large, max-video-preview:-1\" \/>\n<link rel=\"canonical\" href=\"https:\/\/worldofflowerpots.com\/sklep\/donice-ogrodowe-stefano\/\" \/>\n<meta property=\"og:locale\" content=\"pl_PL\" \/>\n<meta property=\"og:type\" content=\"article\" \/>\n<meta property=\"og:title\" content=\"Donice ogrodowe Stefano - jeden model a\u017c pi\u0119\u0107 wariant\u00f3w\" \/>\n<meta property=\"og:description\" content=\"Aby zaopatrzy\u0107 si\u0119 w dobrej jako\u015bci donice ogrodowe sklep internetowy w obecnych czasach jest pierwszym miejscem poszukiwa\u0144.\" \/>\n<meta property=\"og:url\" content=\"https:\/\/worldofflowerpots.com\/sklep\/donice-ogrodowe-stefano\/\" \/>\n<meta property=\"og:site_name\" content=\"World of Flowerpots\" \/>\n<meta property=\"article:modified_time\" content=\"2019-04-03T10:48:05+00:00\" \/>\n<meta property=\"og:image\" content=\"https:\/\/worldofflowerpots.com\/wp-content\/uploads\/2019\/03\/donice-ogrodowe-sklep-internetowy-Stefano_1000.jpg\" \/>\n\t<meta property=\"og:image:width\" content=\"2280\" \/>\n\t<meta property=\"og:image:height\" content=\"1612\" \/>\n\t<meta property=\"og:image:type\" content=\"image\/jpeg\" \/>\n<meta name=\"twitter:card\" content=\"summary_large_image\" \/>\n<meta name=\"twitter:label1\" content=\"Szacowany czas czytania\" \/>\n\t<meta name=\"twitter:data1\" content=\"2 minuty\" \/>\n<script type=\"application\/ld+json\" class=\"yoast-schema-graph\">{\"@context\":\"https:\\\/\\\/schema.org\",\"@graph\":[{\"@type\":\"WebPage\",\"@id\":\"https:\\\/\\\/worldofflowerpots.com\\\/sklep\\\/donice-ogrodowe-stefano\\\/\",\"url\":\"https:\\\/\\\/worldofflowerpots.com\\\/sklep\\\/donice-ogrodowe-stefano\\\/\",\"name\":\"Donice ogrodowe Stefano - jeden model a\u017c pi\u0119\u0107 wariant\u00f3w\",\"isPartOf\":{\"@id\":\"https:\\\/\\\/worldofflowerpots.com\\\/#website\"},\"primaryImageOfPage\":{\"@id\":\"https:\\\/\\\/worldofflowerpots.com\\\/sklep\\\/donice-ogrodowe-stefano\\\/#primaryimage\"},\"image\":{\"@id\":\"https:\\\/\\\/worldofflowerpots.com\\\/sklep\\\/donice-ogrodowe-stefano\\\/#primaryimage\"},\"thumbnailUrl\":\"https:\\\/\\\/worldofflowerpots.com\\\/wp-content\\\/uploads\\\/2019\\\/03\\\/donice-ogrodowe-sklep-internetowy-Stefano_1000.jpg\",\"datePublished\":\"2019-03-14T13:15:13+00:00\",\"dateModified\":\"2019-04-03T10:48:05+00:00\",\"description\":\"Aby zaopatrzy\u0107 si\u0119 w dobrej jako\u015bci donice ogrodowe sklep internetowy w obecnych czasach jest pierwszym miejscem poszukiwa\u0144.\",\"breadcrumb\":{\"@id\":\"https:\\\/\\\/worldofflowerpots.com\\\/sklep\\\/donice-ogrodowe-stefano\\\/#breadcrumb\"},\"inLanguage\":\"pl-PL\",\"potentialAction\":[{\"@type\":\"ReadAction\",\"target\":[\"https:\\\/\\\/worldofflowerpots.com\\\/sklep\\\/donice-ogrodowe-stefano\\\/\"]}]},{\"@type\":\"ImageObject\",\"inLanguage\":\"pl-PL\",\"@id\":\"https:\\\/\\\/worldofflowerpots.com\\\/sklep\\\/donice-ogrodowe-stefano\\\/#primaryimage\",\"url\":\"https:\\\/\\\/worldofflowerpots.com\\\/wp-content\\\/uploads\\\/2019\\\/03\\\/donice-ogrodowe-sklep-internetowy-Stefano_1000.jpg\",\"contentUrl\":\"https:\\\/\\\/worldofflowerpots.com\\\/wp-content\\\/uploads\\\/2019\\\/03\\\/donice-ogrodowe-sklep-internetowy-Stefano_1000.jpg\",\"width\":2280,\"height\":1612},{\"@type\":\"BreadcrumbList\",\"@id\":\"https:\\\/\\\/worldofflowerpots.com\\\/sklep\\\/donice-ogrodowe-stefano\\\/#breadcrumb\",\"itemListElement\":[{\"@type\":\"ListItem\",\"position\":1,\"name\":\"Strona g\u0142\u00f3wna\",\"item\":\"https:\\\/\\\/worldofflowerpots.com\\\/\"},{\"@type\":\"ListItem\",\"position\":2,\"name\":\"Sklep\",\"item\":\"https:\\\/\\\/worldofflowerpots.com\\\/sklep\\\/\"},{\"@type\":\"ListItem\",\"position\":3,\"name\":\"Donice ogrodowe Stefano\"}]},{\"@type\":\"WebSite\",\"@id\":\"https:\\\/\\\/worldofflowerpots.com\\\/#website\",\"url\":\"https:\\\/\\\/worldofflowerpots.com\\\/\",\"name\":\"World of Flowerpots\",\"description\":\"producent donic ozdobnych\",\"potentialAction\":[{\"@type\":\"SearchAction\",\"target\":{\"@type\":\"EntryPoint\",\"urlTemplate\":\"https:\\\/\\\/worldofflowerpots.com\\\/?s={search_term_string}\"},\"query-input\":{\"@type\":\"PropertyValueSpecification\",\"valueRequired\":true,\"valueName\":\"search_term_string\"}}],\"inLanguage\":\"pl-PL\"}]}<\/script>\n<!-- \/ Yoast SEO plugin. -->","yoast_head_json":{"title":"Donice ogrodowe Stefano - jeden model a\u017c pi\u0119\u0107 wariant\u00f3w","description":"Aby zaopatrzy\u0107 si\u0119 w dobrej jako\u015bci donice ogrodowe sklep internetowy w obecnych czasach jest pierwszym miejscem poszukiwa\u0144.","robots":{"index":"index","follow":"follow","max-snippet":"max-snippet:-1","max-image-preview":"max-image-preview:large","max-video-preview":"max-video-preview:-1"},"canonical":"https:\/\/worldofflowerpots.com\/sklep\/donice-ogrodowe-stefano\/","og_locale":"pl_PL","og_type":"article","og_title":"Donice ogrodowe Stefano - jeden model a\u017c pi\u0119\u0107 wariant\u00f3w","og_description":"Aby zaopatrzy\u0107 si\u0119 w dobrej jako\u015bci donice ogrodowe sklep internetowy w obecnych czasach jest pierwszym miejscem poszukiwa\u0144.","og_url":"https:\/\/worldofflowerpots.com\/sklep\/donice-ogrodowe-stefano\/","og_site_name":"World of Flowerpots","article_modified_time":"2019-04-03T10:48:05+00:00","og_image":[{"width":2280,"height":1612,"url":"https:\/\/worldofflowerpots.com\/wp-content\/uploads\/2019\/03\/donice-ogrodowe-sklep-internetowy-Stefano_1000.jpg","type":"image\/jpeg"}],"twitter_card":"summary_large_image","twitter_misc":{"Szacowany czas czytania":"2 minuty"},"schema":{"@context":"https:\/\/schema.org","@graph":[{"@type":"WebPage","@id":"https:\/\/worldofflowerpots.com\/sklep\/donice-ogrodowe-stefano\/","url":"https:\/\/worldofflowerpots.com\/sklep\/donice-ogrodowe-stefano\/","name":"Donice ogrodowe Stefano - jeden model a\u017c pi\u0119\u0107 wariant\u00f3w","isPartOf":{"@id":"https:\/\/worldofflowerpots.com\/#website"},"primaryImageOfPage":{"@id":"https:\/\/worldofflowerpots.com\/sklep\/donice-ogrodowe-stefano\/#primaryimage"},"image":{"@id":"https:\/\/worldofflowerpots.com\/sklep\/donice-ogrodowe-stefano\/#primaryimage"},"thumbnailUrl":"https:\/\/worldofflowerpots.com\/wp-content\/uploads\/2019\/03\/donice-ogrodowe-sklep-internetowy-Stefano_1000.jpg","datePublished":"2019-03-14T13:15:13+00:00","dateModified":"2019-04-03T10:48:05+00:00","description":"Aby zaopatrzy\u0107 si\u0119 w dobrej jako\u015bci donice ogrodowe sklep internetowy w obecnych czasach jest pierwszym miejscem poszukiwa\u0144.","breadcrumb":{"@id":"https:\/\/worldofflowerpots.com\/sklep\/donice-ogrodowe-stefano\/#breadcrumb"},"inLanguage":"pl-PL","potentialAction":[{"@type":"ReadAction","target":["https:\/\/worldofflowerpots.com\/sklep\/donice-ogrodowe-stefano\/"]}]},{"@type":"ImageObject","inLanguage":"pl-PL","@id":"https:\/\/worldofflowerpots.com\/sklep\/donice-ogrodowe-stefano\/#primaryimage","url":"https:\/\/worldofflowerpots.com\/wp-content\/uploads\/2019\/03\/donice-ogrodowe-sklep-internetowy-Stefano_1000.jpg","contentUrl":"https:\/\/worldofflowerpots.com\/wp-content\/uploads\/2019\/03\/donice-ogrodowe-sklep-internetowy-Stefano_1000.jpg","width":2280,"height":1612},{"@type":"BreadcrumbList","@id":"https:\/\/worldofflowerpots.com\/sklep\/donice-ogrodowe-stefano\/#breadcrumb","itemListElement":[{"@type":"ListItem","position":1,"name":"Strona g\u0142\u00f3wna","item":"https:\/\/worldofflowerpots.com\/"},{"@type":"ListItem","position":2,"name":"Sklep","item":"https:\/\/worldofflowerpots.com\/sklep\/"},{"@type":"ListItem","position":3,"name":"Donice ogrodowe Stefano"}]},{"@type":"WebSite","@id":"https:\/\/worldofflowerpots.com\/#website","url":"https:\/\/worldofflowerpots.com\/","name":"World of Flowerpots","description":"producent donic ozdobnych","potentialAction":[{"@type":"SearchAction","target":{"@type":"EntryPoint","urlTemplate":"https:\/\/worldofflowerpots.com\/?s={search_term_string}"},"query-input":{"@type":"PropertyValueSpecification","valueRequired":true,"valueName":"search_term_string"}}],"inLanguage":"pl-PL"}]}},"_links":{"self":[{"href":"https:\/\/worldofflowerpots.com\/pl\/wp-json\/wp\/v2\/product\/55576","targetHints":{"allow":["GET"]}}],"collection":[{"href":"https:\/\/worldofflowerpots.com\/pl\/wp-json\/wp\/v2\/product"}],"about":[{"href":"https:\/\/worldofflowerpots.com\/pl\/wp-json\/wp\/v2\/types\/product"}],"wp:featuredmedia":[{"embeddable":true,"href":"https:\/\/worldofflowerpots.com\/pl\/wp-json\/wp\/v2\/media\/56659"}],"wp:attachment":[{"href":"https:\/\/worldofflowerpots.com\/pl\/wp-json\/wp\/v2\/media?parent=55576"}],"wp:term":[{"taxonomy":"product_brand","embeddable":true,"href":"https:\/\/worldofflowerpots.com\/pl\/wp-json\/wp\/v2\/product_brand?post=55576"},{"taxonomy":"product_cat","embeddable":true,"href":"https:\/\/worldofflowerpots.com\/pl\/wp-json\/wp\/v2\/product_cat?post=55576"},{"taxonomy":"product_tag","embeddable":true,"href":"https:\/\/worldofflowerpots.com\/pl\/wp-json\/wp\/v2\/product_tag?post=55576"}],"curies":[{"name":"wp","href":"https:\/\/api.w.org\/{rel}","templated":true}]}}