{"id":55579,"date":"2019-03-15T10:04:24","date_gmt":"2019-03-15T09:04:24","guid":{"rendered":"https:\/\/worldofflowerpots.com\/?post_type=product&#038;p=55579"},"modified":"2019-04-16T10:53:54","modified_gmt":"2019-04-16T08:53:54","slug":"donice-na-zamowienie-seria-5","status":"publish","type":"product","link":"https:\/\/worldofflowerpots.com\/pl\/sklep\/donice-na-zamowienie-seria-5\/","title":{"rendered":"Donice na zam\u00f3wienie Seria 5"},"content":{"rendered":"<h2><img loading=\"lazy\" decoding=\"async\" class=\"aligncenter wp-image-59007 size-full\" src=\"https:\/\/worldofflowerpots.com\/wp-content\/uploads\/2016\/12\/przygotowanie-donic-do-u\u017cytkowania-2.png\" alt=\"\" width=\"836\" height=\"598\" srcset=\"https:\/\/worldofflowerpots.com\/wp-content\/uploads\/2016\/12\/przygotowanie-donic-do-u\u017cytkowania-2.png 836w, https:\/\/worldofflowerpots.com\/wp-content\/uploads\/2016\/12\/przygotowanie-donic-do-u\u017cytkowania-2-300x215.png 300w, https:\/\/worldofflowerpots.com\/wp-content\/uploads\/2016\/12\/przygotowanie-donic-do-u\u017cytkowania-2-768x549.png 768w, https:\/\/worldofflowerpots.com\/wp-content\/uploads\/2016\/12\/przygotowanie-donic-do-u\u017cytkowania-2-600x429.png 600w\" sizes=\"auto, (max-width: 836px) 100vw, 836px\" \/><\/h2>\n<h2><strong>Donice betonowe <\/strong><\/h2>\n<p>Donice na zam\u00f3wienie\u00a0z Serii 5 to idealny element dope\u0142niaj\u0105cy do domu, firmy, czy ogrodu. Wykonane zosta\u0142y w duchu industrialnym. Styl ten narodzi\u0142 si\u0119 w latach 50 XX wieku w Ameryce i pocz\u0105tkowo by\u0142 kojarzony tylko z artystami. Obecnie prze\u017cywamy renesans stylu industrialnego, a popularno\u015bci\u0105 cieszy si\u0119 minimalizm i prostota kszta\u0142t\u00f3w. Najlepszym dope\u0142nieniem wystroju wn\u0119trza jest beton. Seria 5 to atrakcyjne donice wykonane z ultra betonu. Dzi\u0119ki du\u017cej wytrzyma\u0142o\u015bci ultra betonu i g\u0142adkiej powierzchni, mo\u017cna z powodzeniem u\u017cywa\u0107 ich przez lata. Je\u015bli chodzi o rozmiar donicy, to d\u0142ugo\u015b\u0107 mo\u017ce by\u0107 dowolna &#8211; od 100 cm do 200 cm co 1 cm, za\u015b szeroko\u015b\u0107 i wysoko\u015b\u0107 wynosz\u0105 r\u00f3wno 50 cm.<\/p>\n<h2><strong>Bezpiecze\u0144stwo i estetyka<\/strong><\/h2>\n<p>Seria 5 to solidne donice, wykonane z wysokiej jako\u015bci ultra betonu. Ten rodzaj tworzywa cechuje si\u0119 wysok\u0105 wytrzyma\u0142o\u015bci\u0105 u\u017cytkowania. W\u015br\u00f3d jego zalet znajdujemy tak\u017ce odporno\u015b\u0107 na mr\u00f3z i deszcz (je\u015bli donice u\u017cywane s\u0105 na tarasie, w ogrodzie) oraz bezpiecze\u0144stwo dla ro\u015blin. Istotne jest tak\u017ce to, \u017ce donice nie wymagaj\u0105 konserwacji. R\u00f3wnie du\u017c\u0105 zalet\u0105 Serii 5 jest nowoczesny i estetyczny wygl\u0105d inspirowany stylem industrialnym.\u00a0Donice na wymiar\u00a0s\u0105 gwarancj\u0105 najlepszego dopasowania do otoczenia. Dzi\u0119ki mo\u017cliwo\u015bci zmiany d\u0142ugo\u015bci, doniczki \u0142atwo dostosowa\u0107 do ro\u015blin z p\u0142ytko rozmieszczonymi korzeniami, jak i do tych z rozbudowan\u0105 podstaw\u0105.<\/p>\n<h2><strong>Spos\u00f3b na idealne dopasowanie<\/strong><\/h2>\n<p>Donice na zam\u00f3wienie\u00a0z Serii 5 to \u015bwietny pomys\u0142 na uzupe\u0142nienie wystroju lub wyr\u00f3\u017cnienie si\u0119. Doniczki najlepiej komponuj\u0105 si\u0119 z otwartymi przestrzeniami, pomieszczeniami o wysokich sufitach i wyposa\u017conych w meble z dusz\u0105. Warto te\u017c \u0142\u0105czy\u0107 je z ciekawymi dodatkami m.in. metalowe instalacje, druciane klosze na lampy, czy czarne ramy okienne. Kolorystyka donicy dobrze wsp\u00f3\u0142gra z p\u0142ytkami imituj\u0105cymi drewno, z naturalnym drewnem, betonem, a tak\u017ce popularn\u0105 sztukateri\u0105 z betonu architektonicznego. W du\u017cych przestrzeniach, gdzie salon, kuchnia i sypialnia to cz\u0119sto jedno pomieszczenie do o\u017cywienia wn\u0119trza konieczne s\u0105 kwiaty. Seria 5 sprawdza si\u0119 \u015bwietnie zar\u00f3wno w domu, jak i ogrodzie, czy biurze. Donice estetycznie prezentuj\u0105 si\u0119 na tle \u015bcian w bieli, szaro\u015bciach i be\u017cach, gdzie stanowi\u0105 wyra\u017any kontrast i widoczny element ozdobny. Warto te\u017c pami\u0119ta\u0107, \u017ce minimalizm i prostota s\u0105 obecnie najbardziej po\u017c\u0105dane. Seria 5 to uosobienie tych cech.<\/p>\n","protected":false},"excerpt":{"rendered":"<p>Donica Seria 5 z betonu (ultra betonu). Wyst\u0119puje w trzech podstawowych kolorach: bia\u0142ym, szarym oraz czarnym. Donica produkowana jest w standardzie z otworami odp\u0142ywowymi. Waga donicy jest zale\u017cna od d\u0142ugo\u015bci, a wymiary: d\u0142ugo\u015b\u0107: 100-200 cm co 1 cm, szeroko\u015b\u0107: 50 cm, wysoko\u015b\u0107: 50 cm.<\/p>\n","protected":false},"featured_media":57826,"template":"","meta":{"_acf_changed":false},"product_brand":[],"product_cat":[144],"product_tag":[445,444],"class_list":{"0":"post-55579","1":"product","2":"type-product","3":"status-publish","4":"has-post-thumbnail","6":"product_cat-donice-z-betonu","7":"product_tag-donice-betonowe","8":"product_tag-donice-ogrodowe","9":"description-off","10":"tm-has-options","12":"first","13":"instock","14":"shipping-taxable","15":"purchasable","16":"product-type-simple"},"acf":[],"yoast_head":"<!-- This site is optimized with the Yoast SEO plugin v27.5 - https:\/\/yoast.com\/product\/yoast-seo-wordpress\/ -->\n<title>Donice na zam\u00f3wienie Seria 5 - idealnie dopasowane do Twoich potrzeb<\/title>\n<meta name=\"description\" content=\"Donice na zam\u00f3wienie z Serii 5 to \u015bwietny pomys\u0142 na uzupe\u0142nienie wystroju lub wyr\u00f3\u017cnienie si\u0119. Doniczki najlepiej komponuj\u0105 si\u0119 z otwartymi przestrzeniami.\" \/>\n<meta name=\"robots\" content=\"index, follow, max-snippet:-1, max-image-preview:large, max-video-preview:-1\" \/>\n<link rel=\"canonical\" href=\"https:\/\/worldofflowerpots.com\/sklep\/donice-na-zamowienie-seria-5\/\" \/>\n<meta property=\"og:locale\" content=\"pl_PL\" \/>\n<meta property=\"og:type\" content=\"article\" \/>\n<meta property=\"og:title\" content=\"Donice na zam\u00f3wienie Seria 5 - idealnie dopasowane do Twoich potrzeb\" \/>\n<meta property=\"og:description\" content=\"Donice na zam\u00f3wienie z Serii 5 to \u015bwietny pomys\u0142 na uzupe\u0142nienie wystroju lub wyr\u00f3\u017cnienie si\u0119. Doniczki najlepiej komponuj\u0105 si\u0119 z otwartymi przestrzeniami.\" \/>\n<meta property=\"og:url\" content=\"https:\/\/worldofflowerpots.com\/sklep\/donice-na-zamowienie-seria-5\/\" \/>\n<meta property=\"og:site_name\" content=\"World of Flowerpots\" \/>\n<meta property=\"article:modified_time\" content=\"2019-04-16T08:53:54+00:00\" \/>\n<meta property=\"og:image\" content=\"https:\/\/worldofflowerpots.com\/wp-content\/uploads\/2019\/03\/donice-na-zam\u00f3wienie-Seria-5-czarny-1.jpg\" \/>\n\t<meta property=\"og:image:width\" content=\"2280\" \/>\n\t<meta property=\"og:image:height\" content=\"1612\" \/>\n\t<meta property=\"og:image:type\" content=\"image\/jpeg\" \/>\n<meta name=\"twitter:card\" content=\"summary_large_image\" \/>\n<meta name=\"twitter:label1\" content=\"Szacowany czas czytania\" \/>\n\t<meta name=\"twitter:data1\" content=\"2 minuty\" \/>\n<script type=\"application\/ld+json\" class=\"yoast-schema-graph\">{\"@context\":\"https:\\\/\\\/schema.org\",\"@graph\":[{\"@type\":\"WebPage\",\"@id\":\"https:\\\/\\\/worldofflowerpots.com\\\/sklep\\\/donice-na-zamowienie-seria-5\\\/\",\"url\":\"https:\\\/\\\/worldofflowerpots.com\\\/sklep\\\/donice-na-zamowienie-seria-5\\\/\",\"name\":\"Donice na zam\u00f3wienie Seria 5 - idealnie dopasowane do Twoich potrzeb\",\"isPartOf\":{\"@id\":\"https:\\\/\\\/worldofflowerpots.com\\\/#website\"},\"primaryImageOfPage\":{\"@id\":\"https:\\\/\\\/worldofflowerpots.com\\\/sklep\\\/donice-na-zamowienie-seria-5\\\/#primaryimage\"},\"image\":{\"@id\":\"https:\\\/\\\/worldofflowerpots.com\\\/sklep\\\/donice-na-zamowienie-seria-5\\\/#primaryimage\"},\"thumbnailUrl\":\"https:\\\/\\\/worldofflowerpots.com\\\/wp-content\\\/uploads\\\/2019\\\/03\\\/donice-na-zam\u00f3wienie-Seria-5-czarny-1.jpg\",\"datePublished\":\"2019-03-15T09:04:24+00:00\",\"dateModified\":\"2019-04-16T08:53:54+00:00\",\"description\":\"Donice na zam\u00f3wienie z Serii 5 to \u015bwietny pomys\u0142 na uzupe\u0142nienie wystroju lub wyr\u00f3\u017cnienie si\u0119. Doniczki najlepiej komponuj\u0105 si\u0119 z otwartymi przestrzeniami.\",\"breadcrumb\":{\"@id\":\"https:\\\/\\\/worldofflowerpots.com\\\/sklep\\\/donice-na-zamowienie-seria-5\\\/#breadcrumb\"},\"inLanguage\":\"pl-PL\",\"potentialAction\":[{\"@type\":\"ReadAction\",\"target\":[\"https:\\\/\\\/worldofflowerpots.com\\\/sklep\\\/donice-na-zamowienie-seria-5\\\/\"]}]},{\"@type\":\"ImageObject\",\"inLanguage\":\"pl-PL\",\"@id\":\"https:\\\/\\\/worldofflowerpots.com\\\/sklep\\\/donice-na-zamowienie-seria-5\\\/#primaryimage\",\"url\":\"https:\\\/\\\/worldofflowerpots.com\\\/wp-content\\\/uploads\\\/2019\\\/03\\\/donice-na-zam\u00f3wienie-Seria-5-czarny-1.jpg\",\"contentUrl\":\"https:\\\/\\\/worldofflowerpots.com\\\/wp-content\\\/uploads\\\/2019\\\/03\\\/donice-na-zam\u00f3wienie-Seria-5-czarny-1.jpg\",\"width\":2280,\"height\":1612},{\"@type\":\"BreadcrumbList\",\"@id\":\"https:\\\/\\\/worldofflowerpots.com\\\/sklep\\\/donice-na-zamowienie-seria-5\\\/#breadcrumb\",\"itemListElement\":[{\"@type\":\"ListItem\",\"position\":1,\"name\":\"Strona g\u0142\u00f3wna\",\"item\":\"https:\\\/\\\/worldofflowerpots.com\\\/\"},{\"@type\":\"ListItem\",\"position\":2,\"name\":\"Sklep\",\"item\":\"https:\\\/\\\/worldofflowerpots.com\\\/sklep\\\/\"},{\"@type\":\"ListItem\",\"position\":3,\"name\":\"Donice na zam\u00f3wienie Seria 5\"}]},{\"@type\":\"WebSite\",\"@id\":\"https:\\\/\\\/worldofflowerpots.com\\\/#website\",\"url\":\"https:\\\/\\\/worldofflowerpots.com\\\/\",\"name\":\"World of Flowerpots\",\"description\":\"producent donic ozdobnych\",\"potentialAction\":[{\"@type\":\"SearchAction\",\"target\":{\"@type\":\"EntryPoint\",\"urlTemplate\":\"https:\\\/\\\/worldofflowerpots.com\\\/?s={search_term_string}\"},\"query-input\":{\"@type\":\"PropertyValueSpecification\",\"valueRequired\":true,\"valueName\":\"search_term_string\"}}],\"inLanguage\":\"pl-PL\"}]}<\/script>\n<!-- \/ Yoast SEO plugin. -->","yoast_head_json":{"title":"Donice na zam\u00f3wienie Seria 5 - idealnie dopasowane do Twoich potrzeb","description":"Donice na zam\u00f3wienie z Serii 5 to \u015bwietny pomys\u0142 na uzupe\u0142nienie wystroju lub wyr\u00f3\u017cnienie si\u0119. Doniczki najlepiej komponuj\u0105 si\u0119 z otwartymi przestrzeniami.","robots":{"index":"index","follow":"follow","max-snippet":"max-snippet:-1","max-image-preview":"max-image-preview:large","max-video-preview":"max-video-preview:-1"},"canonical":"https:\/\/worldofflowerpots.com\/sklep\/donice-na-zamowienie-seria-5\/","og_locale":"pl_PL","og_type":"article","og_title":"Donice na zam\u00f3wienie Seria 5 - idealnie dopasowane do Twoich potrzeb","og_description":"Donice na zam\u00f3wienie z Serii 5 to \u015bwietny pomys\u0142 na uzupe\u0142nienie wystroju lub wyr\u00f3\u017cnienie si\u0119. Doniczki najlepiej komponuj\u0105 si\u0119 z otwartymi przestrzeniami.","og_url":"https:\/\/worldofflowerpots.com\/sklep\/donice-na-zamowienie-seria-5\/","og_site_name":"World of Flowerpots","article_modified_time":"2019-04-16T08:53:54+00:00","og_image":[{"width":2280,"height":1612,"url":"https:\/\/worldofflowerpots.com\/wp-content\/uploads\/2019\/03\/donice-na-zam\u00f3wienie-Seria-5-czarny-1.jpg","type":"image\/jpeg"}],"twitter_card":"summary_large_image","twitter_misc":{"Szacowany czas czytania":"2 minuty"},"schema":{"@context":"https:\/\/schema.org","@graph":[{"@type":"WebPage","@id":"https:\/\/worldofflowerpots.com\/sklep\/donice-na-zamowienie-seria-5\/","url":"https:\/\/worldofflowerpots.com\/sklep\/donice-na-zamowienie-seria-5\/","name":"Donice na zam\u00f3wienie Seria 5 - idealnie dopasowane do Twoich potrzeb","isPartOf":{"@id":"https:\/\/worldofflowerpots.com\/#website"},"primaryImageOfPage":{"@id":"https:\/\/worldofflowerpots.com\/sklep\/donice-na-zamowienie-seria-5\/#primaryimage"},"image":{"@id":"https:\/\/worldofflowerpots.com\/sklep\/donice-na-zamowienie-seria-5\/#primaryimage"},"thumbnailUrl":"https:\/\/worldofflowerpots.com\/wp-content\/uploads\/2019\/03\/donice-na-zam\u00f3wienie-Seria-5-czarny-1.jpg","datePublished":"2019-03-15T09:04:24+00:00","dateModified":"2019-04-16T08:53:54+00:00","description":"Donice na zam\u00f3wienie z Serii 5 to \u015bwietny pomys\u0142 na uzupe\u0142nienie wystroju lub wyr\u00f3\u017cnienie si\u0119. Doniczki najlepiej komponuj\u0105 si\u0119 z otwartymi przestrzeniami.","breadcrumb":{"@id":"https:\/\/worldofflowerpots.com\/sklep\/donice-na-zamowienie-seria-5\/#breadcrumb"},"inLanguage":"pl-PL","potentialAction":[{"@type":"ReadAction","target":["https:\/\/worldofflowerpots.com\/sklep\/donice-na-zamowienie-seria-5\/"]}]},{"@type":"ImageObject","inLanguage":"pl-PL","@id":"https:\/\/worldofflowerpots.com\/sklep\/donice-na-zamowienie-seria-5\/#primaryimage","url":"https:\/\/worldofflowerpots.com\/wp-content\/uploads\/2019\/03\/donice-na-zam\u00f3wienie-Seria-5-czarny-1.jpg","contentUrl":"https:\/\/worldofflowerpots.com\/wp-content\/uploads\/2019\/03\/donice-na-zam\u00f3wienie-Seria-5-czarny-1.jpg","width":2280,"height":1612},{"@type":"BreadcrumbList","@id":"https:\/\/worldofflowerpots.com\/sklep\/donice-na-zamowienie-seria-5\/#breadcrumb","itemListElement":[{"@type":"ListItem","position":1,"name":"Strona g\u0142\u00f3wna","item":"https:\/\/worldofflowerpots.com\/"},{"@type":"ListItem","position":2,"name":"Sklep","item":"https:\/\/worldofflowerpots.com\/sklep\/"},{"@type":"ListItem","position":3,"name":"Donice na zam\u00f3wienie Seria 5"}]},{"@type":"WebSite","@id":"https:\/\/worldofflowerpots.com\/#website","url":"https:\/\/worldofflowerpots.com\/","name":"World of Flowerpots","description":"producent donic ozdobnych","potentialAction":[{"@type":"SearchAction","target":{"@type":"EntryPoint","urlTemplate":"https:\/\/worldofflowerpots.com\/?s={search_term_string}"},"query-input":{"@type":"PropertyValueSpecification","valueRequired":true,"valueName":"search_term_string"}}],"inLanguage":"pl-PL"}]}},"_links":{"self":[{"href":"https:\/\/worldofflowerpots.com\/pl\/wp-json\/wp\/v2\/product\/55579","targetHints":{"allow":["GET"]}}],"collection":[{"href":"https:\/\/worldofflowerpots.com\/pl\/wp-json\/wp\/v2\/product"}],"about":[{"href":"https:\/\/worldofflowerpots.com\/pl\/wp-json\/wp\/v2\/types\/product"}],"wp:featuredmedia":[{"embeddable":true,"href":"https:\/\/worldofflowerpots.com\/pl\/wp-json\/wp\/v2\/media\/57826"}],"wp:attachment":[{"href":"https:\/\/worldofflowerpots.com\/pl\/wp-json\/wp\/v2\/media?parent=55579"}],"wp:term":[{"taxonomy":"product_brand","embeddable":true,"href":"https:\/\/worldofflowerpots.com\/pl\/wp-json\/wp\/v2\/product_brand?post=55579"},{"taxonomy":"product_cat","embeddable":true,"href":"https:\/\/worldofflowerpots.com\/pl\/wp-json\/wp\/v2\/product_cat?post=55579"},{"taxonomy":"product_tag","embeddable":true,"href":"https:\/\/worldofflowerpots.com\/pl\/wp-json\/wp\/v2\/product_tag?post=55579"}],"curies":[{"name":"wp","href":"https:\/\/api.w.org\/{rel}","templated":true}]}}