{"id":55603,"date":"2019-03-15T10:28:58","date_gmt":"2019-03-15T09:28:58","guid":{"rendered":"https:\/\/worldofflowerpots.com\/?post_type=product&#038;p=55603"},"modified":"2019-04-03T14:31:06","modified_gmt":"2019-04-03T12:31:06","slug":"palenisko-z-cortenu-fiamma-piazza","status":"publish","type":"product","link":"https:\/\/worldofflowerpots.com\/pl\/sklep\/palenisko-z-cortenu-fiamma-piazza\/","title":{"rendered":"Palenisko z cortenu Fiamma Piazza"},"content":{"rendered":"<h2>Igra z ogniem, zdobi, tworzy nastr\u00f3j<\/h2>\n<p>Bezpieczne<strong>\u00a0<\/strong>palenisko z cortenu, zdobi\u0105ce\u00a0ogr\u00f3d intryguj\u0105cym kszta\u0142tem i niezwyk\u0142\u0105 kolorystyk\u0105 &#8211; tak brzmi najkr\u00f3tsza charakterystyka Fiamma Piazza. W naszej rodzinie produkt\u00f3w z cortenu to najbardziej oryginalna pozycja. Mimo solidnych rozmiar\u00f3w, gwarantuj\u0105cych bezpieczne u\u017cytkowanie, a\u017curowa, otwarta konstrukcja dodaje mu lekko\u015bci i finezji. Dzi\u0119ki temu Fiamma Piazza b\u0119dzie \u015bwietnie si\u0119 prezentowa\u0107 nawet w niewielkim ogrodzie, zw\u0142aszcza w otoczeniu regularnych, geometrycznych kszta\u0142t\u00f3w.<\/p>\n<h2><strong>Bezobs\u0142ugowy corten<\/strong><\/h2>\n<p>Corten, stop czterech metali o najbardziej antykorozyjnych w\u0142a\u015bciwo\u015bciach na \u015bwiecie, jest wprost stworzony do konstrukcji paleniska. Charakterystyczna pow\u0142oka, przywodz\u0105ca na my\u015bl rdzawy osad, to w\u0142a\u015bnie utleniona warstwa stopu o niezmiennych w\u0142a\u015bciwo\u015bciach. Dlatego Fiamma Piazza to palenisko bezobs\u0142ugowe. Oczywi\u015bcie, nie mamy tu na my\u015bli dorzucania drewna, w\u0119gli czy brykietu. Odporny na ekstremalne warunki atmosferyczne corten nie wymaga konserwacji ani wymiany po kilku latach u\u017cytkowania.<\/p>\n<h2><strong>\u017bar w geometrycznej bryle<\/strong><\/h2>\n<p>Poprzez zastosowany materia\u0142<strong>\u00a0palenisko z cortenu\u00a0<\/strong>Fiamma Piazza znakomicie wygl\u0105da na tle soczystej zieleni. Z\u0142ocistorudy odcie\u0144, mieni\u0105cy si\u0119 w \u015bwietle s\u0142onecznym lub blasku ognia, wcale nie sprawia wra\u017cenia, \u017ce palenisko wykonano z metalu. Niewielki, zgrabny otw\u00f3r na \u017car, optycznie zmniejsza bry\u0142\u0119 konstrukcji, cho\u0107 kwadrat o boku 126 cm wci\u0105\u017c chroni otoczenie. Estetyczny wz\u00f3r rantu wn\u0119trza, przywodz\u0105cy na my\u015bl fragment ornamentu, w ciemno\u015bci zamieni si\u0119 w \u017carz\u0105cy kszta\u0142t. Przestronne boki o wysoko\u015bci ponad 40 cm s\u0105 w wi\u0119kszej cz\u0119\u015bci ods\u0142oni\u0119te. Zapewnia to w\u0142a\u015bciw\u0105 cyrkulacj\u0119 powietrza i jeszcze bardziej dodaje lekko\u015bci geometrycznemu obrysowi.<\/p>\n<h2><strong>Najgor\u0119tsza cz\u0119\u015b\u0107 ogrodu<\/strong><\/h2>\n<p>Wystarczy przygotowa\u0107 odpowiednie miejsce do ustawienia Fiamma Piazza, kt\u00f3re pomie\u015bci domownik\u00f3w i zaproszonych go\u015bci. Dzi\u0119ki\u00a0palenisku z cortenu\u00a0mo\u017cna cieszy\u0107 si\u0119 magi\u0105 otwartego ognia w bezpieczny i estetyczny spos\u00f3b. Nale\u017cy pami\u0119ta\u0107, by przygotowa\u0107 pod nie specjalny podk\u0142ad, najlepiej nieco wi\u0119kszy kwadrat z chudego betonu. Nie zalecamy ustawia\u0107 go jednorazowo w miejscu o innym przeznaczeniu, na przyk\u0142ad na placyku z kostki brukowej. Zreszt\u0105, niew\u0105tpliwe uroki Fiamma Piazza a\u017c prosz\u0105 o aran\u017cacj\u0119 niewielkiego trawnika z geometrycznie wytyczonymi \u015bcie\u017ckami i klombami.<\/p>\n","protected":false},"excerpt":{"rendered":"<p>Palenisko wykonane jest z blachy corten. Palenisko produkowane jest w standardzie z otworami zapewniaj\u0105cymi odpowiedni\u0105 cyrkulacj\u0119 powietrza. Waga paleniska to 138 kg, a wymiary: d\u0142ugo\u015b\u0107: 121,6 cm, szeroko\u015b\u0107: 121,6 cm, wysoko\u015b\u0107: 46,2 cm.<\/p>\n","protected":false},"featured_media":56879,"template":"","meta":{"_acf_changed":false},"product_brand":[],"product_cat":[141],"product_tag":[],"class_list":{"0":"post-55603","1":"product","2":"type-product","3":"status-publish","4":"has-post-thumbnail","6":"product_cat-paleniska-ze-stali-corten","7":"description-off","8":"tm-has-options","10":"first","11":"instock","12":"shipping-taxable","13":"purchasable","14":"product-type-simple"},"acf":[],"yoast_head":"<!-- This site is optimized with the Yoast SEO plugin v27.5 - https:\/\/yoast.com\/product\/yoast-seo-wordpress\/ -->\n<title>Palenisko z cortenu Fiamma Piazza - nowoczesne i bezpieczne<\/title>\n<meta name=\"description\" content=\"Poprzez zastosowany materia\u0142 palenisko z cortenu Fiamma Piazza znakomicie wygl\u0105da na tle soczystej zieleni. Pasuje do ka\u017cdego stylu ogrodu.\" \/>\n<meta name=\"robots\" content=\"index, follow, max-snippet:-1, max-image-preview:large, max-video-preview:-1\" \/>\n<link rel=\"canonical\" href=\"https:\/\/worldofflowerpots.com\/sklep\/palenisko-z-cortenu-fiamma-piazza\/\" \/>\n<meta property=\"og:locale\" content=\"pl_PL\" \/>\n<meta property=\"og:type\" content=\"article\" \/>\n<meta property=\"og:title\" content=\"Palenisko z cortenu Fiamma Piazza - nowoczesne i bezpieczne\" \/>\n<meta property=\"og:description\" content=\"Poprzez zastosowany materia\u0142 palenisko z cortenu Fiamma Piazza znakomicie wygl\u0105da na tle soczystej zieleni. Pasuje do ka\u017cdego stylu ogrodu.\" \/>\n<meta property=\"og:url\" content=\"https:\/\/worldofflowerpots.com\/sklep\/palenisko-z-cortenu-fiamma-piazza\/\" \/>\n<meta property=\"og:site_name\" content=\"World of Flowerpots\" \/>\n<meta property=\"article:modified_time\" content=\"2019-04-03T12:31:06+00:00\" \/>\n<meta property=\"og:image\" content=\"https:\/\/worldofflowerpots.com\/wp-content\/uploads\/2019\/03\/Palenisko-z-cortenu-Fiamma-Piazza-1.jpg\" \/>\n\t<meta property=\"og:image:width\" content=\"1920\" \/>\n\t<meta property=\"og:image:height\" content=\"1080\" \/>\n\t<meta property=\"og:image:type\" content=\"image\/jpeg\" \/>\n<meta name=\"twitter:card\" content=\"summary_large_image\" \/>\n<meta name=\"twitter:label1\" content=\"Szacowany czas czytania\" \/>\n\t<meta name=\"twitter:data1\" content=\"2 minuty\" \/>\n<script type=\"application\/ld+json\" class=\"yoast-schema-graph\">{\"@context\":\"https:\\\/\\\/schema.org\",\"@graph\":[{\"@type\":\"WebPage\",\"@id\":\"https:\\\/\\\/worldofflowerpots.com\\\/sklep\\\/palenisko-z-cortenu-fiamma-piazza\\\/\",\"url\":\"https:\\\/\\\/worldofflowerpots.com\\\/sklep\\\/palenisko-z-cortenu-fiamma-piazza\\\/\",\"name\":\"Palenisko z cortenu Fiamma Piazza - nowoczesne i bezpieczne\",\"isPartOf\":{\"@id\":\"https:\\\/\\\/worldofflowerpots.com\\\/#website\"},\"primaryImageOfPage\":{\"@id\":\"https:\\\/\\\/worldofflowerpots.com\\\/sklep\\\/palenisko-z-cortenu-fiamma-piazza\\\/#primaryimage\"},\"image\":{\"@id\":\"https:\\\/\\\/worldofflowerpots.com\\\/sklep\\\/palenisko-z-cortenu-fiamma-piazza\\\/#primaryimage\"},\"thumbnailUrl\":\"https:\\\/\\\/worldofflowerpots.com\\\/wp-content\\\/uploads\\\/2019\\\/03\\\/Palenisko-z-cortenu-Fiamma-Piazza-1.jpg\",\"datePublished\":\"2019-03-15T09:28:58+00:00\",\"dateModified\":\"2019-04-03T12:31:06+00:00\",\"description\":\"Poprzez zastosowany materia\u0142 palenisko z cortenu Fiamma Piazza znakomicie wygl\u0105da na tle soczystej zieleni. Pasuje do ka\u017cdego stylu ogrodu.\",\"breadcrumb\":{\"@id\":\"https:\\\/\\\/worldofflowerpots.com\\\/sklep\\\/palenisko-z-cortenu-fiamma-piazza\\\/#breadcrumb\"},\"inLanguage\":\"pl-PL\",\"potentialAction\":[{\"@type\":\"ReadAction\",\"target\":[\"https:\\\/\\\/worldofflowerpots.com\\\/sklep\\\/palenisko-z-cortenu-fiamma-piazza\\\/\"]}]},{\"@type\":\"ImageObject\",\"inLanguage\":\"pl-PL\",\"@id\":\"https:\\\/\\\/worldofflowerpots.com\\\/sklep\\\/palenisko-z-cortenu-fiamma-piazza\\\/#primaryimage\",\"url\":\"https:\\\/\\\/worldofflowerpots.com\\\/wp-content\\\/uploads\\\/2019\\\/03\\\/Palenisko-z-cortenu-Fiamma-Piazza-1.jpg\",\"contentUrl\":\"https:\\\/\\\/worldofflowerpots.com\\\/wp-content\\\/uploads\\\/2019\\\/03\\\/Palenisko-z-cortenu-Fiamma-Piazza-1.jpg\",\"width\":1920,\"height\":1080},{\"@type\":\"BreadcrumbList\",\"@id\":\"https:\\\/\\\/worldofflowerpots.com\\\/sklep\\\/palenisko-z-cortenu-fiamma-piazza\\\/#breadcrumb\",\"itemListElement\":[{\"@type\":\"ListItem\",\"position\":1,\"name\":\"Strona g\u0142\u00f3wna\",\"item\":\"https:\\\/\\\/worldofflowerpots.com\\\/\"},{\"@type\":\"ListItem\",\"position\":2,\"name\":\"Sklep\",\"item\":\"https:\\\/\\\/worldofflowerpots.com\\\/sklep\\\/\"},{\"@type\":\"ListItem\",\"position\":3,\"name\":\"Palenisko z cortenu Fiamma Piazza\"}]},{\"@type\":\"WebSite\",\"@id\":\"https:\\\/\\\/worldofflowerpots.com\\\/#website\",\"url\":\"https:\\\/\\\/worldofflowerpots.com\\\/\",\"name\":\"World of Flowerpots\",\"description\":\"producent donic ozdobnych\",\"potentialAction\":[{\"@type\":\"SearchAction\",\"target\":{\"@type\":\"EntryPoint\",\"urlTemplate\":\"https:\\\/\\\/worldofflowerpots.com\\\/?s={search_term_string}\"},\"query-input\":{\"@type\":\"PropertyValueSpecification\",\"valueRequired\":true,\"valueName\":\"search_term_string\"}}],\"inLanguage\":\"pl-PL\"}]}<\/script>\n<!-- \/ Yoast SEO plugin. -->","yoast_head_json":{"title":"Palenisko z cortenu Fiamma Piazza - nowoczesne i bezpieczne","description":"Poprzez zastosowany materia\u0142 palenisko z cortenu Fiamma Piazza znakomicie wygl\u0105da na tle soczystej zieleni. Pasuje do ka\u017cdego stylu ogrodu.","robots":{"index":"index","follow":"follow","max-snippet":"max-snippet:-1","max-image-preview":"max-image-preview:large","max-video-preview":"max-video-preview:-1"},"canonical":"https:\/\/worldofflowerpots.com\/sklep\/palenisko-z-cortenu-fiamma-piazza\/","og_locale":"pl_PL","og_type":"article","og_title":"Palenisko z cortenu Fiamma Piazza - nowoczesne i bezpieczne","og_description":"Poprzez zastosowany materia\u0142 palenisko z cortenu Fiamma Piazza znakomicie wygl\u0105da na tle soczystej zieleni. Pasuje do ka\u017cdego stylu ogrodu.","og_url":"https:\/\/worldofflowerpots.com\/sklep\/palenisko-z-cortenu-fiamma-piazza\/","og_site_name":"World of Flowerpots","article_modified_time":"2019-04-03T12:31:06+00:00","og_image":[{"width":1920,"height":1080,"url":"https:\/\/worldofflowerpots.com\/wp-content\/uploads\/2019\/03\/Palenisko-z-cortenu-Fiamma-Piazza-1.jpg","type":"image\/jpeg"}],"twitter_card":"summary_large_image","twitter_misc":{"Szacowany czas czytania":"2 minuty"},"schema":{"@context":"https:\/\/schema.org","@graph":[{"@type":"WebPage","@id":"https:\/\/worldofflowerpots.com\/sklep\/palenisko-z-cortenu-fiamma-piazza\/","url":"https:\/\/worldofflowerpots.com\/sklep\/palenisko-z-cortenu-fiamma-piazza\/","name":"Palenisko z cortenu Fiamma Piazza - nowoczesne i bezpieczne","isPartOf":{"@id":"https:\/\/worldofflowerpots.com\/#website"},"primaryImageOfPage":{"@id":"https:\/\/worldofflowerpots.com\/sklep\/palenisko-z-cortenu-fiamma-piazza\/#primaryimage"},"image":{"@id":"https:\/\/worldofflowerpots.com\/sklep\/palenisko-z-cortenu-fiamma-piazza\/#primaryimage"},"thumbnailUrl":"https:\/\/worldofflowerpots.com\/wp-content\/uploads\/2019\/03\/Palenisko-z-cortenu-Fiamma-Piazza-1.jpg","datePublished":"2019-03-15T09:28:58+00:00","dateModified":"2019-04-03T12:31:06+00:00","description":"Poprzez zastosowany materia\u0142 palenisko z cortenu Fiamma Piazza znakomicie wygl\u0105da na tle soczystej zieleni. Pasuje do ka\u017cdego stylu ogrodu.","breadcrumb":{"@id":"https:\/\/worldofflowerpots.com\/sklep\/palenisko-z-cortenu-fiamma-piazza\/#breadcrumb"},"inLanguage":"pl-PL","potentialAction":[{"@type":"ReadAction","target":["https:\/\/worldofflowerpots.com\/sklep\/palenisko-z-cortenu-fiamma-piazza\/"]}]},{"@type":"ImageObject","inLanguage":"pl-PL","@id":"https:\/\/worldofflowerpots.com\/sklep\/palenisko-z-cortenu-fiamma-piazza\/#primaryimage","url":"https:\/\/worldofflowerpots.com\/wp-content\/uploads\/2019\/03\/Palenisko-z-cortenu-Fiamma-Piazza-1.jpg","contentUrl":"https:\/\/worldofflowerpots.com\/wp-content\/uploads\/2019\/03\/Palenisko-z-cortenu-Fiamma-Piazza-1.jpg","width":1920,"height":1080},{"@type":"BreadcrumbList","@id":"https:\/\/worldofflowerpots.com\/sklep\/palenisko-z-cortenu-fiamma-piazza\/#breadcrumb","itemListElement":[{"@type":"ListItem","position":1,"name":"Strona g\u0142\u00f3wna","item":"https:\/\/worldofflowerpots.com\/"},{"@type":"ListItem","position":2,"name":"Sklep","item":"https:\/\/worldofflowerpots.com\/sklep\/"},{"@type":"ListItem","position":3,"name":"Palenisko z cortenu Fiamma Piazza"}]},{"@type":"WebSite","@id":"https:\/\/worldofflowerpots.com\/#website","url":"https:\/\/worldofflowerpots.com\/","name":"World of Flowerpots","description":"producent donic ozdobnych","potentialAction":[{"@type":"SearchAction","target":{"@type":"EntryPoint","urlTemplate":"https:\/\/worldofflowerpots.com\/?s={search_term_string}"},"query-input":{"@type":"PropertyValueSpecification","valueRequired":true,"valueName":"search_term_string"}}],"inLanguage":"pl-PL"}]}},"_links":{"self":[{"href":"https:\/\/worldofflowerpots.com\/pl\/wp-json\/wp\/v2\/product\/55603","targetHints":{"allow":["GET"]}}],"collection":[{"href":"https:\/\/worldofflowerpots.com\/pl\/wp-json\/wp\/v2\/product"}],"about":[{"href":"https:\/\/worldofflowerpots.com\/pl\/wp-json\/wp\/v2\/types\/product"}],"wp:featuredmedia":[{"embeddable":true,"href":"https:\/\/worldofflowerpots.com\/pl\/wp-json\/wp\/v2\/media\/56879"}],"wp:attachment":[{"href":"https:\/\/worldofflowerpots.com\/pl\/wp-json\/wp\/v2\/media?parent=55603"}],"wp:term":[{"taxonomy":"product_brand","embeddable":true,"href":"https:\/\/worldofflowerpots.com\/pl\/wp-json\/wp\/v2\/product_brand?post=55603"},{"taxonomy":"product_cat","embeddable":true,"href":"https:\/\/worldofflowerpots.com\/pl\/wp-json\/wp\/v2\/product_cat?post=55603"},{"taxonomy":"product_tag","embeddable":true,"href":"https:\/\/worldofflowerpots.com\/pl\/wp-json\/wp\/v2\/product_tag?post=55603"}],"curies":[{"name":"wp","href":"https:\/\/api.w.org\/{rel}","templated":true}]}}