{"id":55615,"date":"2019-03-15T10:37:45","date_gmt":"2019-03-15T09:37:45","guid":{"rendered":"https:\/\/worldofflowerpots.com\/?post_type=product&#038;p=55615"},"modified":"2019-04-03T14:49:33","modified_gmt":"2019-04-03T12:49:33","slug":"donica-trapezowa-daniele-corten","status":"publish","type":"product","link":"https:\/\/worldofflowerpots.com\/pl\/sklep\/donica-trapezowa-daniele-corten\/","title":{"rendered":"Donica trapezowa Daniele Corten"},"content":{"rendered":"<h2>Donica trapezowa Daniele Corten<\/h2>\n<p>Dekoruj\u0105c ro\u015blinami przestrze\u0144 wok\u00f3\u0142 siebie zawsze do pewnego stopnia odchodzimy od \u015bcis\u0142ej przewidywalno\u015bci. Otwieraj\u0105c si\u0119 na towarzystwo natury pozwalamy jej zaskakiwa\u0107 nas swoj\u0105 odmienno\u015bci\u0105 od przestrzeni, kt\u00f3rymi cz\u0142owiek rz\u0105dzi niepodzielnie. Nawet odrobina zieleni stanowi odskoczni\u0119 od rzeczywisto\u015bci ukszta\u0142towanej w paradygmacie k\u0105t\u00f3w prostych i wizualnej jednolito\u015bci. Nieprzebrane bogactwo kszta\u0142t\u00f3w, kolor\u00f3w i tekstur, obecne cho\u0107by i w najmniejszym kwietniku ma w sobie co\u015b z bezpiecznej przystani. Donica trapezowa corten wychodzi na przeciw potrzebie kontaktu z estetyk\u0105 chodz\u0105cej w\u0142asnymi \u015bcie\u017ckami natury. Zachowuje przy tym wierno\u015b\u0107 standardom solidno\u015bci i trwa\u0142o\u015bci.<\/p>\n<h2><strong>Dopasowanie do natury\u00a0<\/strong><\/h2>\n<p>Pochy\u0142e \u015bciany tej donicy wymykaj\u0105 si\u0119 w\u0142adzy prostych, pionowych powierzchni, kt\u00f3rych pr\u00f3\u017cno wypatrywa\u0107 w przyrodzie. Z drugiej strony, jej praktyczny, kwadratowy obrys sprawia, \u017ce znalezienie dla niej odpowiedniego miejsca nie nastr\u0119cza trudno\u015bci. Dzi\u0119ki przemy\u015blanej formie zachodzi r\u00f3wnowaga mi\u0119dzy swobod\u0105 a u\u017cyteczno\u015bci\u0105 \u2013 tak potrzebna w tylko cz\u0119\u015bciowo oswojonej przestrzeni ogrodu. Kolejnym atutem, kt\u00f3ry sprawia, \u017ce donica Daniele Corten stanowi idealne ogniwo spajaj\u0105ce w\u0142adz\u0119 cz\u0142owieka i natury jest materia\u0142 wykonania. Stal o podwy\u017cszonej odporno\u015bci na warunki atmosferyczne, czyli corten to niezwyk\u0142e tworzywo. Na jego powierzchni naturalnie pojawia si\u0119 pow\u0142oka przypominaj\u0105ca rdz\u0119, kt\u00f3ra nie jest jednak oznak\u0105 zniszczenia. To w\u0142a\u015bnie ta charakterystyczna patyna jest czynnikiem stanowi\u0105cym o odporno\u015bci wykonanych z cortenu przedmiot\u00f3w na deszcz, wiatr i mr\u00f3z. Wyrazista faktura pozornej korozji nadaje donicy bardziej surowego charakteru i pozwala jej harmonizowa\u0107 z naturalnym otoczeniem.<\/p>\n<h2><strong>Gdzie tylko chcesz<\/strong><\/h2>\n<p>Donica trapezowa corten ma wymiary 89,8 cm na 89,8 cm i wysoko\u015b\u0107 80,6 cm. Solidna konstrukcja z odpornej stali sprawia, \u017ce mo\u017cna bez obaw ulokowa\u0107 j\u0105 w dowolnym miejscu. Wytrzyma\u0142a pow\u0142oka zniesie ka\u017cde warunki.<\/p>\n<p>Daniele Corten dzi\u0119ki swoim stonowanym barwom i matowej powierzchni korzystnie wypada w towarzystwie ro\u015blin i ods\u0142oni\u0119tej ziemi. Dobrze b\u0119dzie wygl\u0105da\u0142a w naturalnym ogrodzie, otoczona przez k\u0119py swobodnie rosn\u0105cych zi\u00f3\u0142 i opleciona przez pn\u0105cza. W bardziej surowych aran\u017cacjach mo\u017ce pos\u0142u\u017cy\u0107 jako uzupe\u0142nienie skalniaka z sukulent\u00f3w. Uniwersalny design pozwala r\u00f3wnie\u017c mi\u0142o\u015bnikom \u015bci\u015blej zorganizowanego terenu znale\u017a\u0107 dla niej zastosowanie. Metaliczna faktura i intryguj\u0105ca geometria sprawiaj\u0105, \u017ce donica ta doskonale pos\u0142u\u017cy te\u017c jako element wystroju w stylu loft.<\/p>\n","protected":false},"excerpt":{"rendered":"<p>Donica Daniele Corten z blachy cortenowej o grubo\u015bci 2 mm. W dnie posiada otwory odp\u0142ywowe, natomiast jej \u015bcianki ocieplone s\u0105 styropianem o grubo\u015bci 2 cm. Wymiary donicy: d\u0142ugo\u015b\u0107: 89,8 cm, szeroko\u015b\u0107: 89,8 cm, wysoko\u015b\u0107: 80,6 cm.<\/p>\n","protected":false},"featured_media":56939,"template":"","meta":{"_acf_changed":false},"product_brand":[],"product_cat":[126],"product_tag":[444,449,450],"class_list":{"0":"post-55615","1":"product","2":"type-product","3":"status-publish","4":"has-post-thumbnail","6":"product_cat-donice-ze-stali-corten","7":"product_tag-donice-ogrodowe","8":"product_tag-donice-z-cortenu","9":"product_tag-donice-z-efektem-rdzy","10":"description-off","11":"tm-has-options","13":"first","14":"instock","15":"shipping-taxable","16":"purchasable","17":"product-type-simple"},"acf":[],"yoast_head":"<!-- This site is optimized with the Yoast SEO plugin v27.5 - https:\/\/yoast.com\/product\/yoast-seo-wordpress\/ -->\n<title>donica trapezowa corten - Daniele Corten - wyj\u0105tkowy kszta\u0142t<\/title>\n<meta name=\"description\" content=\"Donica trapezowa corten wychodzi na przeciw potrzebie kontaktu z estetyk\u0105 chodz\u0105cej w\u0142asnymi \u015bcie\u017ckami natury. Zachowuje przy tym wierno\u015b\u0107 standardom.\" \/>\n<meta name=\"robots\" content=\"index, follow, max-snippet:-1, max-image-preview:large, max-video-preview:-1\" \/>\n<link rel=\"canonical\" href=\"https:\/\/worldofflowerpots.com\/sklep\/donica-trapezowa-daniele-corten\/\" \/>\n<meta property=\"og:locale\" content=\"pl_PL\" \/>\n<meta property=\"og:type\" content=\"article\" \/>\n<meta property=\"og:title\" content=\"donica trapezowa corten - Daniele Corten - wyj\u0105tkowy kszta\u0142t\" \/>\n<meta property=\"og:description\" content=\"Donica trapezowa corten wychodzi na przeciw potrzebie kontaktu z estetyk\u0105 chodz\u0105cej w\u0142asnymi \u015bcie\u017ckami natury. Zachowuje przy tym wierno\u015b\u0107 standardom.\" \/>\n<meta property=\"og:url\" content=\"https:\/\/worldofflowerpots.com\/sklep\/donica-trapezowa-daniele-corten\/\" \/>\n<meta property=\"og:site_name\" content=\"World of Flowerpots\" \/>\n<meta property=\"article:modified_time\" content=\"2019-04-03T12:49:33+00:00\" \/>\n<meta property=\"og:image\" content=\"https:\/\/worldofflowerpots.com\/wp-content\/uploads\/2019\/03\/donica-trapezowa-corten-Daniele-Corten.jpg\" \/>\n\t<meta property=\"og:image:width\" content=\"2280\" \/>\n\t<meta property=\"og:image:height\" content=\"1612\" \/>\n\t<meta property=\"og:image:type\" content=\"image\/jpeg\" \/>\n<meta name=\"twitter:card\" content=\"summary_large_image\" \/>\n<meta name=\"twitter:label1\" content=\"Szacowany czas czytania\" \/>\n\t<meta name=\"twitter:data1\" content=\"2 minuty\" \/>\n<script type=\"application\/ld+json\" class=\"yoast-schema-graph\">{\"@context\":\"https:\\\/\\\/schema.org\",\"@graph\":[{\"@type\":\"WebPage\",\"@id\":\"https:\\\/\\\/worldofflowerpots.com\\\/sklep\\\/donica-trapezowa-daniele-corten\\\/\",\"url\":\"https:\\\/\\\/worldofflowerpots.com\\\/sklep\\\/donica-trapezowa-daniele-corten\\\/\",\"name\":\"donica trapezowa corten - Daniele Corten - wyj\u0105tkowy kszta\u0142t\",\"isPartOf\":{\"@id\":\"https:\\\/\\\/worldofflowerpots.com\\\/#website\"},\"primaryImageOfPage\":{\"@id\":\"https:\\\/\\\/worldofflowerpots.com\\\/sklep\\\/donica-trapezowa-daniele-corten\\\/#primaryimage\"},\"image\":{\"@id\":\"https:\\\/\\\/worldofflowerpots.com\\\/sklep\\\/donica-trapezowa-daniele-corten\\\/#primaryimage\"},\"thumbnailUrl\":\"https:\\\/\\\/worldofflowerpots.com\\\/wp-content\\\/uploads\\\/2019\\\/03\\\/donica-trapezowa-corten-Daniele-Corten.jpg\",\"datePublished\":\"2019-03-15T09:37:45+00:00\",\"dateModified\":\"2019-04-03T12:49:33+00:00\",\"description\":\"Donica trapezowa corten wychodzi na przeciw potrzebie kontaktu z estetyk\u0105 chodz\u0105cej w\u0142asnymi \u015bcie\u017ckami natury. Zachowuje przy tym wierno\u015b\u0107 standardom.\",\"breadcrumb\":{\"@id\":\"https:\\\/\\\/worldofflowerpots.com\\\/sklep\\\/donica-trapezowa-daniele-corten\\\/#breadcrumb\"},\"inLanguage\":\"pl-PL\",\"potentialAction\":[{\"@type\":\"ReadAction\",\"target\":[\"https:\\\/\\\/worldofflowerpots.com\\\/sklep\\\/donica-trapezowa-daniele-corten\\\/\"]}]},{\"@type\":\"ImageObject\",\"inLanguage\":\"pl-PL\",\"@id\":\"https:\\\/\\\/worldofflowerpots.com\\\/sklep\\\/donica-trapezowa-daniele-corten\\\/#primaryimage\",\"url\":\"https:\\\/\\\/worldofflowerpots.com\\\/wp-content\\\/uploads\\\/2019\\\/03\\\/donica-trapezowa-corten-Daniele-Corten.jpg\",\"contentUrl\":\"https:\\\/\\\/worldofflowerpots.com\\\/wp-content\\\/uploads\\\/2019\\\/03\\\/donica-trapezowa-corten-Daniele-Corten.jpg\",\"width\":2280,\"height\":1612},{\"@type\":\"BreadcrumbList\",\"@id\":\"https:\\\/\\\/worldofflowerpots.com\\\/sklep\\\/donica-trapezowa-daniele-corten\\\/#breadcrumb\",\"itemListElement\":[{\"@type\":\"ListItem\",\"position\":1,\"name\":\"Strona g\u0142\u00f3wna\",\"item\":\"https:\\\/\\\/worldofflowerpots.com\\\/\"},{\"@type\":\"ListItem\",\"position\":2,\"name\":\"Sklep\",\"item\":\"https:\\\/\\\/worldofflowerpots.com\\\/sklep\\\/\"},{\"@type\":\"ListItem\",\"position\":3,\"name\":\"Donica trapezowa Daniele Corten\"}]},{\"@type\":\"WebSite\",\"@id\":\"https:\\\/\\\/worldofflowerpots.com\\\/#website\",\"url\":\"https:\\\/\\\/worldofflowerpots.com\\\/\",\"name\":\"World of Flowerpots\",\"description\":\"producent donic ozdobnych\",\"potentialAction\":[{\"@type\":\"SearchAction\",\"target\":{\"@type\":\"EntryPoint\",\"urlTemplate\":\"https:\\\/\\\/worldofflowerpots.com\\\/?s={search_term_string}\"},\"query-input\":{\"@type\":\"PropertyValueSpecification\",\"valueRequired\":true,\"valueName\":\"search_term_string\"}}],\"inLanguage\":\"pl-PL\"}]}<\/script>\n<!-- \/ Yoast SEO plugin. -->","yoast_head_json":{"title":"donica trapezowa corten - Daniele Corten - wyj\u0105tkowy kszta\u0142t","description":"Donica trapezowa corten wychodzi na przeciw potrzebie kontaktu z estetyk\u0105 chodz\u0105cej w\u0142asnymi \u015bcie\u017ckami natury. Zachowuje przy tym wierno\u015b\u0107 standardom.","robots":{"index":"index","follow":"follow","max-snippet":"max-snippet:-1","max-image-preview":"max-image-preview:large","max-video-preview":"max-video-preview:-1"},"canonical":"https:\/\/worldofflowerpots.com\/sklep\/donica-trapezowa-daniele-corten\/","og_locale":"pl_PL","og_type":"article","og_title":"donica trapezowa corten - Daniele Corten - wyj\u0105tkowy kszta\u0142t","og_description":"Donica trapezowa corten wychodzi na przeciw potrzebie kontaktu z estetyk\u0105 chodz\u0105cej w\u0142asnymi \u015bcie\u017ckami natury. Zachowuje przy tym wierno\u015b\u0107 standardom.","og_url":"https:\/\/worldofflowerpots.com\/sklep\/donica-trapezowa-daniele-corten\/","og_site_name":"World of Flowerpots","article_modified_time":"2019-04-03T12:49:33+00:00","og_image":[{"width":2280,"height":1612,"url":"https:\/\/worldofflowerpots.com\/wp-content\/uploads\/2019\/03\/donica-trapezowa-corten-Daniele-Corten.jpg","type":"image\/jpeg"}],"twitter_card":"summary_large_image","twitter_misc":{"Szacowany czas czytania":"2 minuty"},"schema":{"@context":"https:\/\/schema.org","@graph":[{"@type":"WebPage","@id":"https:\/\/worldofflowerpots.com\/sklep\/donica-trapezowa-daniele-corten\/","url":"https:\/\/worldofflowerpots.com\/sklep\/donica-trapezowa-daniele-corten\/","name":"donica trapezowa corten - Daniele Corten - wyj\u0105tkowy kszta\u0142t","isPartOf":{"@id":"https:\/\/worldofflowerpots.com\/#website"},"primaryImageOfPage":{"@id":"https:\/\/worldofflowerpots.com\/sklep\/donica-trapezowa-daniele-corten\/#primaryimage"},"image":{"@id":"https:\/\/worldofflowerpots.com\/sklep\/donica-trapezowa-daniele-corten\/#primaryimage"},"thumbnailUrl":"https:\/\/worldofflowerpots.com\/wp-content\/uploads\/2019\/03\/donica-trapezowa-corten-Daniele-Corten.jpg","datePublished":"2019-03-15T09:37:45+00:00","dateModified":"2019-04-03T12:49:33+00:00","description":"Donica trapezowa corten wychodzi na przeciw potrzebie kontaktu z estetyk\u0105 chodz\u0105cej w\u0142asnymi \u015bcie\u017ckami natury. Zachowuje przy tym wierno\u015b\u0107 standardom.","breadcrumb":{"@id":"https:\/\/worldofflowerpots.com\/sklep\/donica-trapezowa-daniele-corten\/#breadcrumb"},"inLanguage":"pl-PL","potentialAction":[{"@type":"ReadAction","target":["https:\/\/worldofflowerpots.com\/sklep\/donica-trapezowa-daniele-corten\/"]}]},{"@type":"ImageObject","inLanguage":"pl-PL","@id":"https:\/\/worldofflowerpots.com\/sklep\/donica-trapezowa-daniele-corten\/#primaryimage","url":"https:\/\/worldofflowerpots.com\/wp-content\/uploads\/2019\/03\/donica-trapezowa-corten-Daniele-Corten.jpg","contentUrl":"https:\/\/worldofflowerpots.com\/wp-content\/uploads\/2019\/03\/donica-trapezowa-corten-Daniele-Corten.jpg","width":2280,"height":1612},{"@type":"BreadcrumbList","@id":"https:\/\/worldofflowerpots.com\/sklep\/donica-trapezowa-daniele-corten\/#breadcrumb","itemListElement":[{"@type":"ListItem","position":1,"name":"Strona g\u0142\u00f3wna","item":"https:\/\/worldofflowerpots.com\/"},{"@type":"ListItem","position":2,"name":"Sklep","item":"https:\/\/worldofflowerpots.com\/sklep\/"},{"@type":"ListItem","position":3,"name":"Donica trapezowa Daniele Corten"}]},{"@type":"WebSite","@id":"https:\/\/worldofflowerpots.com\/#website","url":"https:\/\/worldofflowerpots.com\/","name":"World of Flowerpots","description":"producent donic ozdobnych","potentialAction":[{"@type":"SearchAction","target":{"@type":"EntryPoint","urlTemplate":"https:\/\/worldofflowerpots.com\/?s={search_term_string}"},"query-input":{"@type":"PropertyValueSpecification","valueRequired":true,"valueName":"search_term_string"}}],"inLanguage":"pl-PL"}]}},"_links":{"self":[{"href":"https:\/\/worldofflowerpots.com\/pl\/wp-json\/wp\/v2\/product\/55615","targetHints":{"allow":["GET"]}}],"collection":[{"href":"https:\/\/worldofflowerpots.com\/pl\/wp-json\/wp\/v2\/product"}],"about":[{"href":"https:\/\/worldofflowerpots.com\/pl\/wp-json\/wp\/v2\/types\/product"}],"wp:featuredmedia":[{"embeddable":true,"href":"https:\/\/worldofflowerpots.com\/pl\/wp-json\/wp\/v2\/media\/56939"}],"wp:attachment":[{"href":"https:\/\/worldofflowerpots.com\/pl\/wp-json\/wp\/v2\/media?parent=55615"}],"wp:term":[{"taxonomy":"product_brand","embeddable":true,"href":"https:\/\/worldofflowerpots.com\/pl\/wp-json\/wp\/v2\/product_brand?post=55615"},{"taxonomy":"product_cat","embeddable":true,"href":"https:\/\/worldofflowerpots.com\/pl\/wp-json\/wp\/v2\/product_cat?post=55615"},{"taxonomy":"product_tag","embeddable":true,"href":"https:\/\/worldofflowerpots.com\/pl\/wp-json\/wp\/v2\/product_tag?post=55615"}],"curies":[{"name":"wp","href":"https:\/\/api.w.org\/{rel}","templated":true}]}}