{"id":55626,"date":"2019-03-15T11:01:24","date_gmt":"2019-03-15T10:01:24","guid":{"rendered":"https:\/\/worldofflowerpots.com\/?post_type=product&#038;p=55626"},"modified":"2019-04-04T10:48:15","modified_gmt":"2019-04-04T08:48:15","slug":"doniczki-tarasowe-duze-alessio-10","status":"publish","type":"product","link":"https:\/\/worldofflowerpots.com\/pl\/sklep\/doniczki-tarasowe-duze-alessio-10\/","title":{"rendered":"Donice tarasowe du\u017ce Alessio 10"},"content":{"rendered":"<h2><strong>Donice tarasowe Alessio 10<\/strong><\/h2>\n<p>Doniczki tarasowe du\u017ce Alessio 10 to prawdziwy hit w\u015br\u00f3d dekoracji balkonowych. Te niebanalne ozdoby ciesz\u0105 si\u0119 ogromnym powodzeniem w\u015br\u00f3d w\u0142a\u015bcicieli nowoczesnych, stylowo zaaran\u017cowanych mieszka\u0144. Proponowana przez nas donica wykonana jest z wysokiej jako\u015bci aluminium. Jest to materia\u0142, kt\u00f3ry gwarantuje trwa\u0142o\u015b\u0107 oraz praktyczno\u015b\u0107 donicy jednocze\u015bnie nadaj\u0105c jej niezwykle ekskluzywny wygl\u0105d. Warto zainwestowa\u0107 w donice tarasowe du\u017ce, by diametralnie odmieni\u0107 wystr\u00f3j swojego tarasu.<\/p>\n<h2><strong>Wysoka jako\u015b\u0107 i elegancja <\/strong><\/h2>\n<p>Nowoczesne\u00a0donice tarasowe du\u017ce\u00a0Alessio 10 to idealny pomys\u0142 na eleganck\u0105 ozdob\u0119 ka\u017cdego balkonu. Awangardowy prostok\u0105tny kszta\u0142t oraz zgodny z najnowszymi trendami, a metaliczny kolor nadaje naczyniu elegancji i szyku. Donice Alessio 10 maj\u0105 wymiary 1200 x 1200 x h:1000 mm i idealnie sprawdz\u0105 si\u0119 jako donice na wi\u0119ksze kwiaty. Z \u0142atwo\u015bci\u0105 pomieszcz\u0105 wszelkie ro\u015bliny wieloletnie przeznaczone do posadzenia na tarasie, tak\u017ce krzewy i ma\u0142e drzewka. Dzi\u0119ki niebanalnym donicom Alessio 10 b\u0119dziesz m\u00f3g\u0142 stworzy\u0107 na tarasie sw\u00f3j prywatny rajski ogr\u00f3d, do kt\u00f3rego z przyjemno\u015bci\u0105 zaprosisz go\u015bci. Precyzja i dba\u0142o\u015b\u0107 o detale, z jak\u0105 zosta\u0142y wykonane nasze produkty zachwyc\u0105 ka\u017cdego i doskonale podkre\u015bl\u0105 pi\u0119kno znajduj\u0105cych si\u0119 w nich ro\u015blin.<\/p>\n<p>Donice tarasowe du\u017ce\u00a0Alessio 10 idealnie zaprezentuj\u0105 si\u0119 na du\u017cych, przestronnych tarasach okalaj\u0105c wewn\u0119trzn\u0105 stron\u0119 balustrady.\u00a0Efektownym\u00a0rozwi\u0105zaniem b\u0119dzie umieszczenie na tarasie kilku donic, co stworzy eleganck\u0105 kompozycj\u0119 i dodatkowo podkre\u015bli jego pi\u0119kno.<\/p>\n<h2><strong>Zalety wykorzystania aluminium do produkcji donic\u00a0<\/strong><\/h2>\n<p>Doniczki tarasowe Alessio 10 wykonane s\u0105 z wysokiej jako\u015bci aluminium, dzi\u0119ki czemu wyr\u00f3\u017cniaj\u0105 si\u0119 ogromn\u0105 trwa\u0142o\u015bci\u0105 oraz funkcjonalno\u015bci\u0105. Jest to materia\u0142 odporny na dzia\u0142anie niekorzystnych warunk\u00f3w atmosferycznych. Jest tak\u017ce odporny na korozj\u0119. Aluminium to tak\u017ce bardzo efektowny materia\u0142, kt\u00f3ry doskonale komponuje si\u0119 z wieloma gatunkami ro\u015blin, w tym mi\u0119dzy innymi wszelkimi zio\u0142ami.\u00a0 Kolejn\u0105 zalet\u0105 wynikaj\u0105c\u0105 z u\u017cywania donic aluminiowych jest mo\u017cliwo\u015b\u0107 pomalowania ich na dowolny kolor, co pozwala na indywidualne dopasowanie dekoracji do stylu i kolorystyki konkretnego tarasu lub pomieszczenia. Ponadto, donice aluminiowe s\u0105 niezwykle eleganckie, dzi\u0119ki czemu potrafi\u0105 zamieni\u0107 zwyk\u0142y balkon w dystyngowane i klimatyczne miejsce do przyjmowania go\u015bci.<\/p>\n","protected":false},"excerpt":{"rendered":"<p>Donica aluminiowa Alessio 10 produkowana jest we wszystkich kolorach palety RAL. Donica produkowana jest w standardzie z otworami odp\u0142ywowymi. Waga to: 50 kg, a wymiary: d\u0142ugo\u015b\u0107: 120 cm, szeroko\u015b\u0107: 120 cm, wysoko\u015b\u0107: 100 cm.<\/p>\n","protected":false},"featured_media":57258,"template":"","meta":{"_acf_changed":false},"product_brand":[],"product_cat":[116],"product_tag":[446,444,451],"class_list":{"0":"post-55626","1":"product","2":"type-product","3":"status-publish","4":"has-post-thumbnail","6":"product_cat-donice-z-aluminium","7":"product_tag-donice-aluminiowe","8":"product_tag-donice-ogrodowe","9":"product_tag-donice-wewnetrzne","10":"description-off","11":"tm-has-options","13":"first","14":"instock","15":"shipping-taxable","16":"purchasable","17":"product-type-simple"},"acf":[],"yoast_head":"<!-- This site is optimized with the Yoast SEO plugin v27.5 - https:\/\/yoast.com\/product\/yoast-seo-wordpress\/ -->\n<title>Doniczki tarasowe du\u017ce Alessio 10 - dla du\u017cych i \u015brednich ro\u015blin<\/title>\n<meta name=\"description\" content=\"Nowoczesne donice tarasowe du\u017ce Alessio 10 to idealny pomys\u0142 na eleganck\u0105 ozdob\u0119 ka\u017cdego balkonu i tarasu, a tak\u017ce wi\u0119kszych powierzchni wewn\u0119trznych.\" \/>\n<meta name=\"robots\" content=\"index, follow, max-snippet:-1, max-image-preview:large, max-video-preview:-1\" \/>\n<link rel=\"canonical\" href=\"https:\/\/worldofflowerpots.com\/sklep\/doniczki-tarasowe-duze-alessio-10\/\" \/>\n<meta property=\"og:locale\" content=\"pl_PL\" \/>\n<meta property=\"og:type\" content=\"article\" \/>\n<meta property=\"og:title\" content=\"Doniczki tarasowe du\u017ce Alessio 10 - dla du\u017cych i \u015brednich ro\u015blin\" \/>\n<meta property=\"og:description\" content=\"Nowoczesne donice tarasowe du\u017ce Alessio 10 to idealny pomys\u0142 na eleganck\u0105 ozdob\u0119 ka\u017cdego balkonu i tarasu, a tak\u017ce wi\u0119kszych powierzchni wewn\u0119trznych.\" \/>\n<meta property=\"og:url\" content=\"https:\/\/worldofflowerpots.com\/sklep\/doniczki-tarasowe-duze-alessio-10\/\" \/>\n<meta property=\"og:site_name\" content=\"World of Flowerpots\" \/>\n<meta property=\"article:modified_time\" content=\"2019-04-04T08:48:15+00:00\" \/>\n<meta property=\"og:image\" content=\"https:\/\/worldofflowerpots.com\/wp-content\/uploads\/2019\/03\/doniczki-tarasowe-du\u017ce-Alessio_10.jpg\" \/>\n\t<meta property=\"og:image:width\" content=\"2280\" \/>\n\t<meta property=\"og:image:height\" content=\"1612\" \/>\n\t<meta property=\"og:image:type\" content=\"image\/jpeg\" \/>\n<meta name=\"twitter:card\" content=\"summary_large_image\" \/>\n<meta name=\"twitter:label1\" content=\"Szacowany czas czytania\" \/>\n\t<meta name=\"twitter:data1\" content=\"2 minuty\" \/>\n<script type=\"application\/ld+json\" class=\"yoast-schema-graph\">{\"@context\":\"https:\\\/\\\/schema.org\",\"@graph\":[{\"@type\":\"WebPage\",\"@id\":\"https:\\\/\\\/worldofflowerpots.com\\\/sklep\\\/doniczki-tarasowe-duze-alessio-10\\\/\",\"url\":\"https:\\\/\\\/worldofflowerpots.com\\\/sklep\\\/doniczki-tarasowe-duze-alessio-10\\\/\",\"name\":\"Doniczki tarasowe du\u017ce Alessio 10 - dla du\u017cych i \u015brednich ro\u015blin\",\"isPartOf\":{\"@id\":\"https:\\\/\\\/worldofflowerpots.com\\\/#website\"},\"primaryImageOfPage\":{\"@id\":\"https:\\\/\\\/worldofflowerpots.com\\\/sklep\\\/doniczki-tarasowe-duze-alessio-10\\\/#primaryimage\"},\"image\":{\"@id\":\"https:\\\/\\\/worldofflowerpots.com\\\/sklep\\\/doniczki-tarasowe-duze-alessio-10\\\/#primaryimage\"},\"thumbnailUrl\":\"https:\\\/\\\/worldofflowerpots.com\\\/wp-content\\\/uploads\\\/2019\\\/03\\\/doniczki-tarasowe-du\u017ce-Alessio_10.jpg\",\"datePublished\":\"2019-03-15T10:01:24+00:00\",\"dateModified\":\"2019-04-04T08:48:15+00:00\",\"description\":\"Nowoczesne donice tarasowe du\u017ce Alessio 10 to idealny pomys\u0142 na eleganck\u0105 ozdob\u0119 ka\u017cdego balkonu i tarasu, a tak\u017ce wi\u0119kszych powierzchni wewn\u0119trznych.\",\"breadcrumb\":{\"@id\":\"https:\\\/\\\/worldofflowerpots.com\\\/sklep\\\/doniczki-tarasowe-duze-alessio-10\\\/#breadcrumb\"},\"inLanguage\":\"pl-PL\",\"potentialAction\":[{\"@type\":\"ReadAction\",\"target\":[\"https:\\\/\\\/worldofflowerpots.com\\\/sklep\\\/doniczki-tarasowe-duze-alessio-10\\\/\"]}]},{\"@type\":\"ImageObject\",\"inLanguage\":\"pl-PL\",\"@id\":\"https:\\\/\\\/worldofflowerpots.com\\\/sklep\\\/doniczki-tarasowe-duze-alessio-10\\\/#primaryimage\",\"url\":\"https:\\\/\\\/worldofflowerpots.com\\\/wp-content\\\/uploads\\\/2019\\\/03\\\/doniczki-tarasowe-du\u017ce-Alessio_10.jpg\",\"contentUrl\":\"https:\\\/\\\/worldofflowerpots.com\\\/wp-content\\\/uploads\\\/2019\\\/03\\\/doniczki-tarasowe-du\u017ce-Alessio_10.jpg\",\"width\":2280,\"height\":1612},{\"@type\":\"BreadcrumbList\",\"@id\":\"https:\\\/\\\/worldofflowerpots.com\\\/sklep\\\/doniczki-tarasowe-duze-alessio-10\\\/#breadcrumb\",\"itemListElement\":[{\"@type\":\"ListItem\",\"position\":1,\"name\":\"Strona g\u0142\u00f3wna\",\"item\":\"https:\\\/\\\/worldofflowerpots.com\\\/\"},{\"@type\":\"ListItem\",\"position\":2,\"name\":\"Sklep\",\"item\":\"https:\\\/\\\/worldofflowerpots.com\\\/sklep\\\/\"},{\"@type\":\"ListItem\",\"position\":3,\"name\":\"Donice tarasowe du\u017ce Alessio 10\"}]},{\"@type\":\"WebSite\",\"@id\":\"https:\\\/\\\/worldofflowerpots.com\\\/#website\",\"url\":\"https:\\\/\\\/worldofflowerpots.com\\\/\",\"name\":\"World of Flowerpots\",\"description\":\"producent donic ozdobnych\",\"potentialAction\":[{\"@type\":\"SearchAction\",\"target\":{\"@type\":\"EntryPoint\",\"urlTemplate\":\"https:\\\/\\\/worldofflowerpots.com\\\/?s={search_term_string}\"},\"query-input\":{\"@type\":\"PropertyValueSpecification\",\"valueRequired\":true,\"valueName\":\"search_term_string\"}}],\"inLanguage\":\"pl-PL\"}]}<\/script>\n<!-- \/ Yoast SEO plugin. -->","yoast_head_json":{"title":"Doniczki tarasowe du\u017ce Alessio 10 - dla du\u017cych i \u015brednich ro\u015blin","description":"Nowoczesne donice tarasowe du\u017ce Alessio 10 to idealny pomys\u0142 na eleganck\u0105 ozdob\u0119 ka\u017cdego balkonu i tarasu, a tak\u017ce wi\u0119kszych powierzchni wewn\u0119trznych.","robots":{"index":"index","follow":"follow","max-snippet":"max-snippet:-1","max-image-preview":"max-image-preview:large","max-video-preview":"max-video-preview:-1"},"canonical":"https:\/\/worldofflowerpots.com\/sklep\/doniczki-tarasowe-duze-alessio-10\/","og_locale":"pl_PL","og_type":"article","og_title":"Doniczki tarasowe du\u017ce Alessio 10 - dla du\u017cych i \u015brednich ro\u015blin","og_description":"Nowoczesne donice tarasowe du\u017ce Alessio 10 to idealny pomys\u0142 na eleganck\u0105 ozdob\u0119 ka\u017cdego balkonu i tarasu, a tak\u017ce wi\u0119kszych powierzchni wewn\u0119trznych.","og_url":"https:\/\/worldofflowerpots.com\/sklep\/doniczki-tarasowe-duze-alessio-10\/","og_site_name":"World of Flowerpots","article_modified_time":"2019-04-04T08:48:15+00:00","og_image":[{"width":2280,"height":1612,"url":"https:\/\/worldofflowerpots.com\/wp-content\/uploads\/2019\/03\/doniczki-tarasowe-du\u017ce-Alessio_10.jpg","type":"image\/jpeg"}],"twitter_card":"summary_large_image","twitter_misc":{"Szacowany czas czytania":"2 minuty"},"schema":{"@context":"https:\/\/schema.org","@graph":[{"@type":"WebPage","@id":"https:\/\/worldofflowerpots.com\/sklep\/doniczki-tarasowe-duze-alessio-10\/","url":"https:\/\/worldofflowerpots.com\/sklep\/doniczki-tarasowe-duze-alessio-10\/","name":"Doniczki tarasowe du\u017ce Alessio 10 - dla du\u017cych i \u015brednich ro\u015blin","isPartOf":{"@id":"https:\/\/worldofflowerpots.com\/#website"},"primaryImageOfPage":{"@id":"https:\/\/worldofflowerpots.com\/sklep\/doniczki-tarasowe-duze-alessio-10\/#primaryimage"},"image":{"@id":"https:\/\/worldofflowerpots.com\/sklep\/doniczki-tarasowe-duze-alessio-10\/#primaryimage"},"thumbnailUrl":"https:\/\/worldofflowerpots.com\/wp-content\/uploads\/2019\/03\/doniczki-tarasowe-du\u017ce-Alessio_10.jpg","datePublished":"2019-03-15T10:01:24+00:00","dateModified":"2019-04-04T08:48:15+00:00","description":"Nowoczesne donice tarasowe du\u017ce Alessio 10 to idealny pomys\u0142 na eleganck\u0105 ozdob\u0119 ka\u017cdego balkonu i tarasu, a tak\u017ce wi\u0119kszych powierzchni wewn\u0119trznych.","breadcrumb":{"@id":"https:\/\/worldofflowerpots.com\/sklep\/doniczki-tarasowe-duze-alessio-10\/#breadcrumb"},"inLanguage":"pl-PL","potentialAction":[{"@type":"ReadAction","target":["https:\/\/worldofflowerpots.com\/sklep\/doniczki-tarasowe-duze-alessio-10\/"]}]},{"@type":"ImageObject","inLanguage":"pl-PL","@id":"https:\/\/worldofflowerpots.com\/sklep\/doniczki-tarasowe-duze-alessio-10\/#primaryimage","url":"https:\/\/worldofflowerpots.com\/wp-content\/uploads\/2019\/03\/doniczki-tarasowe-du\u017ce-Alessio_10.jpg","contentUrl":"https:\/\/worldofflowerpots.com\/wp-content\/uploads\/2019\/03\/doniczki-tarasowe-du\u017ce-Alessio_10.jpg","width":2280,"height":1612},{"@type":"BreadcrumbList","@id":"https:\/\/worldofflowerpots.com\/sklep\/doniczki-tarasowe-duze-alessio-10\/#breadcrumb","itemListElement":[{"@type":"ListItem","position":1,"name":"Strona g\u0142\u00f3wna","item":"https:\/\/worldofflowerpots.com\/"},{"@type":"ListItem","position":2,"name":"Sklep","item":"https:\/\/worldofflowerpots.com\/sklep\/"},{"@type":"ListItem","position":3,"name":"Donice tarasowe du\u017ce Alessio 10"}]},{"@type":"WebSite","@id":"https:\/\/worldofflowerpots.com\/#website","url":"https:\/\/worldofflowerpots.com\/","name":"World of Flowerpots","description":"producent donic ozdobnych","potentialAction":[{"@type":"SearchAction","target":{"@type":"EntryPoint","urlTemplate":"https:\/\/worldofflowerpots.com\/?s={search_term_string}"},"query-input":{"@type":"PropertyValueSpecification","valueRequired":true,"valueName":"search_term_string"}}],"inLanguage":"pl-PL"}]}},"_links":{"self":[{"href":"https:\/\/worldofflowerpots.com\/pl\/wp-json\/wp\/v2\/product\/55626","targetHints":{"allow":["GET"]}}],"collection":[{"href":"https:\/\/worldofflowerpots.com\/pl\/wp-json\/wp\/v2\/product"}],"about":[{"href":"https:\/\/worldofflowerpots.com\/pl\/wp-json\/wp\/v2\/types\/product"}],"wp:featuredmedia":[{"embeddable":true,"href":"https:\/\/worldofflowerpots.com\/pl\/wp-json\/wp\/v2\/media\/57258"}],"wp:attachment":[{"href":"https:\/\/worldofflowerpots.com\/pl\/wp-json\/wp\/v2\/media?parent=55626"}],"wp:term":[{"taxonomy":"product_brand","embeddable":true,"href":"https:\/\/worldofflowerpots.com\/pl\/wp-json\/wp\/v2\/product_brand?post=55626"},{"taxonomy":"product_cat","embeddable":true,"href":"https:\/\/worldofflowerpots.com\/pl\/wp-json\/wp\/v2\/product_cat?post=55626"},{"taxonomy":"product_tag","embeddable":true,"href":"https:\/\/worldofflowerpots.com\/pl\/wp-json\/wp\/v2\/product_tag?post=55626"}],"curies":[{"name":"wp","href":"https:\/\/api.w.org\/{rel}","templated":true}]}}