{"id":55715,"date":"2019-03-15T13:45:49","date_gmt":"2019-03-15T12:45:49","guid":{"rendered":"https:\/\/worldofflowerpots.com\/?post_type=product&#038;p=55715"},"modified":"2019-04-03T14:38:03","modified_gmt":"2019-04-03T12:38:03","slug":"okragle-palenisko-fiamma-tondo","status":"publish","type":"product","link":"https:\/\/worldofflowerpots.com\/pl\/sklep\/okragle-palenisko-fiamma-tondo\/","title":{"rendered":"Okr\u0105g\u0142e palenisko Fiamma Tondo"},"content":{"rendered":"<h2><strong>Fiamma Tondo &#8211; ponadczasowe palenisko<\/strong><\/h2>\n<p>Okr\u0105g\u0142e palenisko Fiamma Tondo jest dos\u0142ownie ponadczasowym elementem. Zawdzi\u0119cza to materia\u0142owi, z kt\u00f3rego zosta\u0142o wykonane. Bowiem corten to szczeg\u00f3lny rodzaj stali o podwy\u017cszonej odporno\u015bci na warunki atmosferyczne. Jest pokryty patyn\u0105 &#8211; warstw\u0105 tlenk\u00f3w miedzi. To ona sprawia, \u017ce blacha o grubo\u015bci zaledwie 2 mm jest niebywale odporna na korozj\u0119. Dzi\u0119ki temu, palenisko Fiamma Tondo pozostanie takie, jak w chwili zakupu. Nie straszne mu b\u0119d\u0105 opady, mr\u00f3z czy nas\u0142onecznienie. Mimo wieloletniego u\u017cytkowania w ogrodzie, nie zmieni swoich w\u0142a\u015bciwo\u015bci. To du\u017cy atut dla mi\u0142o\u015bnik\u00f3w ogrod\u00f3w, kt\u00f3rzy ceni\u0105\u00a0elementy wyposa\u017cenia\u00a0za ich wyj\u0105tkow\u0105 trwa\u0142o\u015b\u0107.<\/p>\n<h2><strong>Naturalnie postarzany metal<\/strong><\/h2>\n<p>Metal jako cz\u0119\u015b\u0107 ogrodowych inspiracji prze\u017cywa obecnie sw\u00f3j renesans. Powstaje coraz wi\u0119cej aran\u017cacji zewn\u0119trznych przestrzeni z udzia\u0142em tego materia\u0142u. Jednak corten jest jego szczeg\u00f3ln\u0105 odmian\u0105. Awangardowym pomys\u0142em na co\u015b nowego w postarzanej szacie. Bowiem patyna pokrywaj\u0105ca palenisko Fiamma Tondo stwarza pozory staro\u015bci i zu\u017cycia tego elementu architektury ogrodu. Wszystko dzi\u0119ki rdzawej barwie i chropowatej strukturze. Razem z okr\u0105g\u0142ym kszta\u0142tem paleniska, przypominaj\u0105cym szpul\u0119 z fabryki, daje interesuj\u0105cy, ponadczasowy efekt dekoracyjny. Stwarza to nowe mo\u017cliwo\u015bci aran\u017cacyjne dla ka\u017cdego mi\u0142o\u015bnika nietuzinkowych ogrod\u00f3w, kt\u00f3ry pragnie stworzy\u0107 wyj\u0105tkow\u0105, naturaln\u0105 przestrze\u0144.<\/p>\n<h2><strong>Stylowe pi\u0119kno i prostota<\/strong><\/h2>\n<p>Ogie\u0144 stwarza niecodzienn\u0105 atmosfer\u0119, a rozpalony w ogrodzie dodaje mu wyj\u0105tkowego pi\u0119kna i magii. Cz\u0119sto zapominamy o palenisku jako wa\u017cnym elemencie naszego kr\u00f3lestwa zieleni. Jednak jest ono r\u00f3wnie istotne jak krzes\u0142a czy sto\u0142y. Rodzina czy znajomi zebrani w ogrodzie, a po\u015brodku okr\u0105g\u0142e palenisko, z kt\u00f3rego bije przyjemne ciep\u0142o&#8230; Taka aran\u017cacja spotkania daje gwarancj\u0119 prze\u017cycia niezapomnianych chwil, kt\u00f3re na d\u0142ugo zagoszcz\u0105 w pami\u0119ci. Stylowe pi\u0119kno i prostota Fiamma Tondo, a tak\u017ce do\u015b\u0107 du\u017ce wymiary (1660 mm \u015brednicy i 461 mm wysoko\u015bci) umo\u017cliwiaj\u0105 wszechstronne wykorzystanie tego artyku\u0142u. Jako ozdob\u0119, \u017ar\u00f3d\u0142o ciep\u0142a i magii ogrodu, a tak\u017ce jako palenisko gastronomiczne. Nic tak nie smakuje, jak kie\u0142baski pieczone na prawdziwym ogniu w\u015br\u00f3d zieleni ogrodu.<\/p>\n","protected":false},"excerpt":{"rendered":"<p>Palenisko wykonane jest z blachy corten. Palenisko\u00a0produkowane jest w standardzie z otworami zapewniaj\u0105cymi odpowiedni\u0105 cyrkulacj\u0119 powietrza. Waga paleniska to 174 kg, a wymiary: \u015brednica: 166 cm, Wysoko\u015b\u0107: 46,2 cm.<\/p>\n","protected":false},"featured_media":56899,"template":"","meta":{"_acf_changed":false},"product_brand":[],"product_cat":[141],"product_tag":[],"class_list":{"0":"post-55715","1":"product","2":"type-product","3":"status-publish","4":"has-post-thumbnail","6":"product_cat-paleniska-ze-stali-corten","7":"description-off","8":"tm-has-options","10":"first","11":"instock","12":"shipping-taxable","13":"purchasable","14":"product-type-simple"},"acf":[],"yoast_head":"<!-- This site is optimized with the Yoast SEO plugin v27.5 - https:\/\/yoast.com\/product\/yoast-seo-wordpress\/ -->\n<title>Okr\u0105g\u0142e palenisko Fiamma Tondo - Du\u017ce, stabilne, bezpieczne<\/title>\n<meta name=\"description\" content=\"Okr\u0105g\u0142e palenisko Fiamma Tondo jest dos\u0142ownie ponadczasowym elementem. Zawdzi\u0119cza to materia\u0142owi, z kt\u00f3rego zosta\u0142o wykonane\" \/>\n<meta name=\"robots\" content=\"index, follow, max-snippet:-1, max-image-preview:large, max-video-preview:-1\" \/>\n<link rel=\"canonical\" href=\"https:\/\/worldofflowerpots.com\/sklep\/okragle-palenisko-fiamma-tondo\/\" \/>\n<meta property=\"og:locale\" content=\"pl_PL\" \/>\n<meta property=\"og:type\" content=\"article\" \/>\n<meta property=\"og:title\" content=\"Okr\u0105g\u0142e palenisko Fiamma Tondo - Du\u017ce, stabilne, bezpieczne\" \/>\n<meta property=\"og:description\" content=\"Okr\u0105g\u0142e palenisko Fiamma Tondo jest dos\u0142ownie ponadczasowym elementem. Zawdzi\u0119cza to materia\u0142owi, z kt\u00f3rego zosta\u0142o wykonane\" \/>\n<meta property=\"og:url\" content=\"https:\/\/worldofflowerpots.com\/sklep\/okragle-palenisko-fiamma-tondo\/\" \/>\n<meta property=\"og:site_name\" content=\"World of Flowerpots\" \/>\n<meta property=\"article:modified_time\" content=\"2019-04-03T12:38:03+00:00\" \/>\n<meta property=\"og:image\" content=\"https:\/\/worldofflowerpots.com\/wp-content\/uploads\/2019\/03\/Okr\u0105g\u0142e-palenisko-Fiamma-Tondo.jpg\" \/>\n\t<meta property=\"og:image:width\" content=\"1920\" \/>\n\t<meta property=\"og:image:height\" content=\"1080\" \/>\n\t<meta property=\"og:image:type\" content=\"image\/jpeg\" \/>\n<meta name=\"twitter:card\" content=\"summary_large_image\" \/>\n<meta name=\"twitter:label1\" content=\"Szacowany czas czytania\" \/>\n\t<meta name=\"twitter:data1\" content=\"2 minuty\" \/>\n<script type=\"application\/ld+json\" class=\"yoast-schema-graph\">{\"@context\":\"https:\\\/\\\/schema.org\",\"@graph\":[{\"@type\":\"WebPage\",\"@id\":\"https:\\\/\\\/worldofflowerpots.com\\\/sklep\\\/okragle-palenisko-fiamma-tondo\\\/\",\"url\":\"https:\\\/\\\/worldofflowerpots.com\\\/sklep\\\/okragle-palenisko-fiamma-tondo\\\/\",\"name\":\"Okr\u0105g\u0142e palenisko Fiamma Tondo - Du\u017ce, stabilne, bezpieczne\",\"isPartOf\":{\"@id\":\"https:\\\/\\\/worldofflowerpots.com\\\/#website\"},\"primaryImageOfPage\":{\"@id\":\"https:\\\/\\\/worldofflowerpots.com\\\/sklep\\\/okragle-palenisko-fiamma-tondo\\\/#primaryimage\"},\"image\":{\"@id\":\"https:\\\/\\\/worldofflowerpots.com\\\/sklep\\\/okragle-palenisko-fiamma-tondo\\\/#primaryimage\"},\"thumbnailUrl\":\"https:\\\/\\\/worldofflowerpots.com\\\/wp-content\\\/uploads\\\/2019\\\/03\\\/Okr\u0105g\u0142e-palenisko-Fiamma-Tondo.jpg\",\"datePublished\":\"2019-03-15T12:45:49+00:00\",\"dateModified\":\"2019-04-03T12:38:03+00:00\",\"description\":\"Okr\u0105g\u0142e palenisko Fiamma Tondo jest dos\u0142ownie ponadczasowym elementem. Zawdzi\u0119cza to materia\u0142owi, z kt\u00f3rego zosta\u0142o wykonane\",\"breadcrumb\":{\"@id\":\"https:\\\/\\\/worldofflowerpots.com\\\/sklep\\\/okragle-palenisko-fiamma-tondo\\\/#breadcrumb\"},\"inLanguage\":\"pl-PL\",\"potentialAction\":[{\"@type\":\"ReadAction\",\"target\":[\"https:\\\/\\\/worldofflowerpots.com\\\/sklep\\\/okragle-palenisko-fiamma-tondo\\\/\"]}]},{\"@type\":\"ImageObject\",\"inLanguage\":\"pl-PL\",\"@id\":\"https:\\\/\\\/worldofflowerpots.com\\\/sklep\\\/okragle-palenisko-fiamma-tondo\\\/#primaryimage\",\"url\":\"https:\\\/\\\/worldofflowerpots.com\\\/wp-content\\\/uploads\\\/2019\\\/03\\\/Okr\u0105g\u0142e-palenisko-Fiamma-Tondo.jpg\",\"contentUrl\":\"https:\\\/\\\/worldofflowerpots.com\\\/wp-content\\\/uploads\\\/2019\\\/03\\\/Okr\u0105g\u0142e-palenisko-Fiamma-Tondo.jpg\",\"width\":1920,\"height\":1080},{\"@type\":\"BreadcrumbList\",\"@id\":\"https:\\\/\\\/worldofflowerpots.com\\\/sklep\\\/okragle-palenisko-fiamma-tondo\\\/#breadcrumb\",\"itemListElement\":[{\"@type\":\"ListItem\",\"position\":1,\"name\":\"Strona g\u0142\u00f3wna\",\"item\":\"https:\\\/\\\/worldofflowerpots.com\\\/\"},{\"@type\":\"ListItem\",\"position\":2,\"name\":\"Sklep\",\"item\":\"https:\\\/\\\/worldofflowerpots.com\\\/sklep\\\/\"},{\"@type\":\"ListItem\",\"position\":3,\"name\":\"Okr\u0105g\u0142e palenisko Fiamma Tondo\"}]},{\"@type\":\"WebSite\",\"@id\":\"https:\\\/\\\/worldofflowerpots.com\\\/#website\",\"url\":\"https:\\\/\\\/worldofflowerpots.com\\\/\",\"name\":\"World of Flowerpots\",\"description\":\"producent donic ozdobnych\",\"potentialAction\":[{\"@type\":\"SearchAction\",\"target\":{\"@type\":\"EntryPoint\",\"urlTemplate\":\"https:\\\/\\\/worldofflowerpots.com\\\/?s={search_term_string}\"},\"query-input\":{\"@type\":\"PropertyValueSpecification\",\"valueRequired\":true,\"valueName\":\"search_term_string\"}}],\"inLanguage\":\"pl-PL\"}]}<\/script>\n<!-- \/ Yoast SEO plugin. -->","yoast_head_json":{"title":"Okr\u0105g\u0142e palenisko Fiamma Tondo - Du\u017ce, stabilne, bezpieczne","description":"Okr\u0105g\u0142e palenisko Fiamma Tondo jest dos\u0142ownie ponadczasowym elementem. Zawdzi\u0119cza to materia\u0142owi, z kt\u00f3rego zosta\u0142o wykonane","robots":{"index":"index","follow":"follow","max-snippet":"max-snippet:-1","max-image-preview":"max-image-preview:large","max-video-preview":"max-video-preview:-1"},"canonical":"https:\/\/worldofflowerpots.com\/sklep\/okragle-palenisko-fiamma-tondo\/","og_locale":"pl_PL","og_type":"article","og_title":"Okr\u0105g\u0142e palenisko Fiamma Tondo - Du\u017ce, stabilne, bezpieczne","og_description":"Okr\u0105g\u0142e palenisko Fiamma Tondo jest dos\u0142ownie ponadczasowym elementem. Zawdzi\u0119cza to materia\u0142owi, z kt\u00f3rego zosta\u0142o wykonane","og_url":"https:\/\/worldofflowerpots.com\/sklep\/okragle-palenisko-fiamma-tondo\/","og_site_name":"World of Flowerpots","article_modified_time":"2019-04-03T12:38:03+00:00","og_image":[{"width":1920,"height":1080,"url":"https:\/\/worldofflowerpots.com\/wp-content\/uploads\/2019\/03\/Okr\u0105g\u0142e-palenisko-Fiamma-Tondo.jpg","type":"image\/jpeg"}],"twitter_card":"summary_large_image","twitter_misc":{"Szacowany czas czytania":"2 minuty"},"schema":{"@context":"https:\/\/schema.org","@graph":[{"@type":"WebPage","@id":"https:\/\/worldofflowerpots.com\/sklep\/okragle-palenisko-fiamma-tondo\/","url":"https:\/\/worldofflowerpots.com\/sklep\/okragle-palenisko-fiamma-tondo\/","name":"Okr\u0105g\u0142e palenisko Fiamma Tondo - Du\u017ce, stabilne, bezpieczne","isPartOf":{"@id":"https:\/\/worldofflowerpots.com\/#website"},"primaryImageOfPage":{"@id":"https:\/\/worldofflowerpots.com\/sklep\/okragle-palenisko-fiamma-tondo\/#primaryimage"},"image":{"@id":"https:\/\/worldofflowerpots.com\/sklep\/okragle-palenisko-fiamma-tondo\/#primaryimage"},"thumbnailUrl":"https:\/\/worldofflowerpots.com\/wp-content\/uploads\/2019\/03\/Okr\u0105g\u0142e-palenisko-Fiamma-Tondo.jpg","datePublished":"2019-03-15T12:45:49+00:00","dateModified":"2019-04-03T12:38:03+00:00","description":"Okr\u0105g\u0142e palenisko Fiamma Tondo jest dos\u0142ownie ponadczasowym elementem. Zawdzi\u0119cza to materia\u0142owi, z kt\u00f3rego zosta\u0142o wykonane","breadcrumb":{"@id":"https:\/\/worldofflowerpots.com\/sklep\/okragle-palenisko-fiamma-tondo\/#breadcrumb"},"inLanguage":"pl-PL","potentialAction":[{"@type":"ReadAction","target":["https:\/\/worldofflowerpots.com\/sklep\/okragle-palenisko-fiamma-tondo\/"]}]},{"@type":"ImageObject","inLanguage":"pl-PL","@id":"https:\/\/worldofflowerpots.com\/sklep\/okragle-palenisko-fiamma-tondo\/#primaryimage","url":"https:\/\/worldofflowerpots.com\/wp-content\/uploads\/2019\/03\/Okr\u0105g\u0142e-palenisko-Fiamma-Tondo.jpg","contentUrl":"https:\/\/worldofflowerpots.com\/wp-content\/uploads\/2019\/03\/Okr\u0105g\u0142e-palenisko-Fiamma-Tondo.jpg","width":1920,"height":1080},{"@type":"BreadcrumbList","@id":"https:\/\/worldofflowerpots.com\/sklep\/okragle-palenisko-fiamma-tondo\/#breadcrumb","itemListElement":[{"@type":"ListItem","position":1,"name":"Strona g\u0142\u00f3wna","item":"https:\/\/worldofflowerpots.com\/"},{"@type":"ListItem","position":2,"name":"Sklep","item":"https:\/\/worldofflowerpots.com\/sklep\/"},{"@type":"ListItem","position":3,"name":"Okr\u0105g\u0142e palenisko Fiamma Tondo"}]},{"@type":"WebSite","@id":"https:\/\/worldofflowerpots.com\/#website","url":"https:\/\/worldofflowerpots.com\/","name":"World of Flowerpots","description":"producent donic ozdobnych","potentialAction":[{"@type":"SearchAction","target":{"@type":"EntryPoint","urlTemplate":"https:\/\/worldofflowerpots.com\/?s={search_term_string}"},"query-input":{"@type":"PropertyValueSpecification","valueRequired":true,"valueName":"search_term_string"}}],"inLanguage":"pl-PL"}]}},"_links":{"self":[{"href":"https:\/\/worldofflowerpots.com\/pl\/wp-json\/wp\/v2\/product\/55715","targetHints":{"allow":["GET"]}}],"collection":[{"href":"https:\/\/worldofflowerpots.com\/pl\/wp-json\/wp\/v2\/product"}],"about":[{"href":"https:\/\/worldofflowerpots.com\/pl\/wp-json\/wp\/v2\/types\/product"}],"wp:featuredmedia":[{"embeddable":true,"href":"https:\/\/worldofflowerpots.com\/pl\/wp-json\/wp\/v2\/media\/56899"}],"wp:attachment":[{"href":"https:\/\/worldofflowerpots.com\/pl\/wp-json\/wp\/v2\/media?parent=55715"}],"wp:term":[{"taxonomy":"product_brand","embeddable":true,"href":"https:\/\/worldofflowerpots.com\/pl\/wp-json\/wp\/v2\/product_brand?post=55715"},{"taxonomy":"product_cat","embeddable":true,"href":"https:\/\/worldofflowerpots.com\/pl\/wp-json\/wp\/v2\/product_cat?post=55715"},{"taxonomy":"product_tag","embeddable":true,"href":"https:\/\/worldofflowerpots.com\/pl\/wp-json\/wp\/v2\/product_tag?post=55715"}],"curies":[{"name":"wp","href":"https:\/\/api.w.org\/{rel}","templated":true}]}}