{"id":55774,"date":"2019-03-18T12:19:29","date_gmt":"2019-03-18T11:19:29","guid":{"rendered":"https:\/\/worldofflowerpots.com\/?post_type=product&#038;p=55774"},"modified":"2019-04-03T12:36:30","modified_gmt":"2019-04-03T10:36:30","slug":"metalowa-donica-z-cortenu-na-kolkach-giorgio-mobile","status":"publish","type":"product","link":"https:\/\/worldofflowerpots.com\/pl\/sklep\/metalowa-donica-z-cortenu-na-kolkach-giorgio-mobile\/","title":{"rendered":"Metalowa donica z cortenu na k\u00f3\u0142kach Giorgio Mobile"},"content":{"rendered":"<h2>Efektowna i praktyczna<\/h2>\n<p>Giorgio Mobile to metalowa donica z cortenu na k\u00f3\u0142kach to kubistyczne po\u0142\u0105czenie minimalizmu oraz nowoczesno\u015bci. Idealna dla mi\u0142o\u015bnik\u00f3w prostoty i niecodziennych rozwi\u0105za\u0144. B\u0119dzie stanowi\u0142a kreatywne uzupe\u0142nienie aran\u017cacji ogrodu, tarasu, mieszkania lub firmy &#8211; ta donica zapewni komfort wzrostu ro\u015blinom w ka\u017cdych warunkach. Jej wszechstronno\u015b\u0107 sprawia, \u017ce nada uroku ogrodom:<\/p>\n<ul>\n<li>Miejskim, cechuj\u0105cym si\u0119 ma\u0142\u0105 powierzchni\u0105 i prostymi rozwi\u0105zaniami,<\/li>\n<li>Podmiejskim zdobi\u0105c taras lub wej\u015bcie do domu,<\/li>\n<li>Geometrycznym i nowoczesnym ze wzgl\u0119du na sw\u00f3j prosty i symetryczny kszta\u0142t.<\/li>\n<\/ul>\n<p>Swoje zastosowanie znajdzie r\u00f3wnie\u017c w dekoracji wn\u0119trz zar\u00f3wno prywatnych jak i publicznych. Sprawdzi si\u0119 w kuchni, salonie, sypialni, \u0142azience, firmie, biurze lub gdziekolwiek tylko zechcemy.<\/p>\n<p>Metalowa donica z cortenu na k\u00f3\u0142kach od Giorgio Mobile to nie tylko wygl\u0105d, lecz tak\u017ce praktyka. Jej wymiary\u00a0(1000 x 800 x 625 mm) pozwalaj\u0105 na szerszy wyb\u00f3r ro\u015blin, kt\u00f3re chcieliby\u015bmy w niej posadzi\u0107. Pi\u0119knie prezentowa\u0107 si\u0119 w niej b\u0119d\u0105 zar\u00f3wno fikusy benjamina, \u017cywor\u00f3dki, kaktusy, storczyki, bambusy. Donic\u0119 mo\u017cna r\u00f3wnie\u017c wykorzysta\u0107 w kuchni, aby uprawia\u0107 zio\u0142a ( bazylia, sza\u0142wia, mi\u0119ta, rozmaryn) u\u017cywane w potrawach na codzie\u0144. Dzi\u0119ki niewidocznym k\u00f3\u0142kom umieszczonym pod donic\u0105 mo\u017cemy przestawia\u0107 j\u0105 bez \u017cadnego wysi\u0142ku w dowolnych miejscach wedle naszych upodoba\u0144. K\u00f3\u0142ka dodatkowo zabezpieczaj\u0105 powierzchni\u0119 przed pobrudzeniem lub zarysowaniem.<\/p>\n<h2>Wyj\u0105tkowa i odporna<\/h2>\n<p>Prezentowana donica wykonana jest z cortenu, czyli &#8222;zardzewia\u0142ej stali&#8221;. Corten przybiera unikalny wz\u00f3r w zale\u017cno\u015bci od warunk\u00f3w atmosferycznych, co nadaje wyj\u0105tkowych wra\u017ce\u0144 wizualnych. Jednak ten materia\u0142 posiada znacznie wi\u0119cej praktycznych zalet:<\/p>\n<ul>\n<li>Brak konieczno\u015bci konserwacji, odnawiania i czyszczenia,<\/li>\n<li>Jest odporny na wysokie temperatury (mo\u017ce by\u0107 u\u017cyty przy paleniskach, grillu lub lampach),<\/li>\n<li>Posiada odporno\u015b\u0107 r\u00f3wnie\u017c na promieniowanie s\u0142oneczne, co sprawia, \u017ce nie wyblaknie i zachowa sw\u00f3j wygl\u0105d,<\/li>\n<li>Opr\u00f3cz odporno\u015bci na s\u0142o\u0144ce i wysokie temperatury, doskonale radzi sobie z wszystkimi zjawiskami atmosferycznymi (deszcz, mg\u0142a)<\/li>\n<li>Nadaje oryginalny charakter ka\u017cdej aran\u017cacji.<\/li>\n<\/ul>\n<p>Metalowa donica z cortenu na k\u00f3\u0142kach to dobry wyb\u00f3r dla wszystkich ceni\u0105cych sobie wygod\u0119, prostot\u0119 oraz unikalno\u015b\u0107.<\/p>\n","protected":false},"excerpt":{"rendered":"<p>Donica Giorgio Mobile z blachy cortenowej o grubo\u015bci 2mm. W dnie posiada otw\u00f3r odp\u0142ywowy, natomiast jej \u015bcianki ocieplone s\u0105 styropianem o grubo\u015bci 2cm. Dzi\u0119ki zastosowaniu k\u00f3\u0142ek mo\u017cna bez problemu przestawi\u0107 donice w dowolne miejsce. Wymiary donicy: d\u0142ugo\u015b\u0107: 100 cm, szeroko\u015b\u0107: 80 cm, wysoko\u015b\u0107: 62,5 cm.<\/p>\n","protected":false},"featured_media":56619,"template":"","meta":{"_acf_changed":false},"product_brand":[],"product_cat":[219,126],"product_tag":[449,450],"class_list":{"0":"post-55774","1":"product","2":"type-product","3":"status-publish","4":"has-post-thumbnail","6":"product_cat-donice-na-kolkach","7":"product_cat-donice-ze-stali-corten","8":"product_tag-donice-z-cortenu","9":"product_tag-donice-z-efektem-rdzy","10":"description-off","11":"tm-has-options","13":"first","14":"instock","15":"shipping-taxable","16":"purchasable","17":"product-type-simple"},"acf":[],"yoast_head":"<!-- This site is optimized with the Yoast SEO plugin v27.5 - https:\/\/yoast.com\/product\/yoast-seo-wordpress\/ -->\n<title>metalowa donica z cortenu na k\u00f3\u0142kach Giorgio Mobile<\/title>\n<meta name=\"description\" content=\"Metalowa donica z cortenu na k\u00f3\u0142kach to dobry wyb\u00f3r dla wszystkich ceni\u0105cych sobie wygod\u0119, prostot\u0119 oraz unikalno\u015b\u0107. Nadaje uroku ogrodom.\" \/>\n<meta name=\"robots\" content=\"index, follow, max-snippet:-1, max-image-preview:large, max-video-preview:-1\" \/>\n<link rel=\"canonical\" href=\"https:\/\/worldofflowerpots.com\/sklep\/metalowa-donica-z-cortenu-na-kolkach-giorgio-mobile\/\" \/>\n<meta property=\"og:locale\" content=\"pl_PL\" \/>\n<meta property=\"og:type\" content=\"article\" \/>\n<meta property=\"og:title\" content=\"metalowa donica z cortenu na k\u00f3\u0142kach Giorgio Mobile\" \/>\n<meta property=\"og:description\" content=\"Metalowa donica z cortenu na k\u00f3\u0142kach to dobry wyb\u00f3r dla wszystkich ceni\u0105cych sobie wygod\u0119, prostot\u0119 oraz unikalno\u015b\u0107. Nadaje uroku ogrodom.\" \/>\n<meta property=\"og:url\" content=\"https:\/\/worldofflowerpots.com\/sklep\/metalowa-donica-z-cortenu-na-kolkach-giorgio-mobile\/\" \/>\n<meta property=\"og:site_name\" content=\"World of Flowerpots\" \/>\n<meta property=\"article:modified_time\" content=\"2019-04-03T10:36:30+00:00\" \/>\n<meta property=\"og:image\" content=\"https:\/\/worldofflowerpots.com\/wp-content\/uploads\/2019\/03\/metalowa-donica-z-cortenu-na-k\u00f3\u0142kach-Giorgio-Mobile.jpg\" \/>\n\t<meta property=\"og:image:width\" content=\"2280\" \/>\n\t<meta property=\"og:image:height\" content=\"1612\" \/>\n\t<meta property=\"og:image:type\" content=\"image\/jpeg\" \/>\n<meta name=\"twitter:card\" content=\"summary_large_image\" \/>\n<meta name=\"twitter:label1\" content=\"Szacowany czas czytania\" \/>\n\t<meta name=\"twitter:data1\" content=\"2 minuty\" \/>\n<script type=\"application\/ld+json\" class=\"yoast-schema-graph\">{\"@context\":\"https:\\\/\\\/schema.org\",\"@graph\":[{\"@type\":\"WebPage\",\"@id\":\"https:\\\/\\\/worldofflowerpots.com\\\/sklep\\\/metalowa-donica-z-cortenu-na-kolkach-giorgio-mobile\\\/\",\"url\":\"https:\\\/\\\/worldofflowerpots.com\\\/sklep\\\/metalowa-donica-z-cortenu-na-kolkach-giorgio-mobile\\\/\",\"name\":\"metalowa donica z cortenu na k\u00f3\u0142kach Giorgio Mobile\",\"isPartOf\":{\"@id\":\"https:\\\/\\\/worldofflowerpots.com\\\/#website\"},\"primaryImageOfPage\":{\"@id\":\"https:\\\/\\\/worldofflowerpots.com\\\/sklep\\\/metalowa-donica-z-cortenu-na-kolkach-giorgio-mobile\\\/#primaryimage\"},\"image\":{\"@id\":\"https:\\\/\\\/worldofflowerpots.com\\\/sklep\\\/metalowa-donica-z-cortenu-na-kolkach-giorgio-mobile\\\/#primaryimage\"},\"thumbnailUrl\":\"https:\\\/\\\/worldofflowerpots.com\\\/wp-content\\\/uploads\\\/2019\\\/03\\\/metalowa-donica-z-cortenu-na-k\u00f3\u0142kach-Giorgio-Mobile.jpg\",\"datePublished\":\"2019-03-18T11:19:29+00:00\",\"dateModified\":\"2019-04-03T10:36:30+00:00\",\"description\":\"Metalowa donica z cortenu na k\u00f3\u0142kach to dobry wyb\u00f3r dla wszystkich ceni\u0105cych sobie wygod\u0119, prostot\u0119 oraz unikalno\u015b\u0107. Nadaje uroku ogrodom.\",\"breadcrumb\":{\"@id\":\"https:\\\/\\\/worldofflowerpots.com\\\/sklep\\\/metalowa-donica-z-cortenu-na-kolkach-giorgio-mobile\\\/#breadcrumb\"},\"inLanguage\":\"pl-PL\",\"potentialAction\":[{\"@type\":\"ReadAction\",\"target\":[\"https:\\\/\\\/worldofflowerpots.com\\\/sklep\\\/metalowa-donica-z-cortenu-na-kolkach-giorgio-mobile\\\/\"]}]},{\"@type\":\"ImageObject\",\"inLanguage\":\"pl-PL\",\"@id\":\"https:\\\/\\\/worldofflowerpots.com\\\/sklep\\\/metalowa-donica-z-cortenu-na-kolkach-giorgio-mobile\\\/#primaryimage\",\"url\":\"https:\\\/\\\/worldofflowerpots.com\\\/wp-content\\\/uploads\\\/2019\\\/03\\\/metalowa-donica-z-cortenu-na-k\u00f3\u0142kach-Giorgio-Mobile.jpg\",\"contentUrl\":\"https:\\\/\\\/worldofflowerpots.com\\\/wp-content\\\/uploads\\\/2019\\\/03\\\/metalowa-donica-z-cortenu-na-k\u00f3\u0142kach-Giorgio-Mobile.jpg\",\"width\":2280,\"height\":1612},{\"@type\":\"BreadcrumbList\",\"@id\":\"https:\\\/\\\/worldofflowerpots.com\\\/sklep\\\/metalowa-donica-z-cortenu-na-kolkach-giorgio-mobile\\\/#breadcrumb\",\"itemListElement\":[{\"@type\":\"ListItem\",\"position\":1,\"name\":\"Strona g\u0142\u00f3wna\",\"item\":\"https:\\\/\\\/worldofflowerpots.com\\\/\"},{\"@type\":\"ListItem\",\"position\":2,\"name\":\"Sklep\",\"item\":\"https:\\\/\\\/worldofflowerpots.com\\\/sklep\\\/\"},{\"@type\":\"ListItem\",\"position\":3,\"name\":\"Metalowa donica z cortenu na k\u00f3\u0142kach Giorgio Mobile\"}]},{\"@type\":\"WebSite\",\"@id\":\"https:\\\/\\\/worldofflowerpots.com\\\/#website\",\"url\":\"https:\\\/\\\/worldofflowerpots.com\\\/\",\"name\":\"World of Flowerpots\",\"description\":\"producent donic ozdobnych\",\"potentialAction\":[{\"@type\":\"SearchAction\",\"target\":{\"@type\":\"EntryPoint\",\"urlTemplate\":\"https:\\\/\\\/worldofflowerpots.com\\\/?s={search_term_string}\"},\"query-input\":{\"@type\":\"PropertyValueSpecification\",\"valueRequired\":true,\"valueName\":\"search_term_string\"}}],\"inLanguage\":\"pl-PL\"}]}<\/script>\n<!-- \/ Yoast SEO plugin. -->","yoast_head_json":{"title":"metalowa donica z cortenu na k\u00f3\u0142kach Giorgio Mobile","description":"Metalowa donica z cortenu na k\u00f3\u0142kach to dobry wyb\u00f3r dla wszystkich ceni\u0105cych sobie wygod\u0119, prostot\u0119 oraz unikalno\u015b\u0107. Nadaje uroku ogrodom.","robots":{"index":"index","follow":"follow","max-snippet":"max-snippet:-1","max-image-preview":"max-image-preview:large","max-video-preview":"max-video-preview:-1"},"canonical":"https:\/\/worldofflowerpots.com\/sklep\/metalowa-donica-z-cortenu-na-kolkach-giorgio-mobile\/","og_locale":"pl_PL","og_type":"article","og_title":"metalowa donica z cortenu na k\u00f3\u0142kach Giorgio Mobile","og_description":"Metalowa donica z cortenu na k\u00f3\u0142kach to dobry wyb\u00f3r dla wszystkich ceni\u0105cych sobie wygod\u0119, prostot\u0119 oraz unikalno\u015b\u0107. Nadaje uroku ogrodom.","og_url":"https:\/\/worldofflowerpots.com\/sklep\/metalowa-donica-z-cortenu-na-kolkach-giorgio-mobile\/","og_site_name":"World of Flowerpots","article_modified_time":"2019-04-03T10:36:30+00:00","og_image":[{"width":2280,"height":1612,"url":"https:\/\/worldofflowerpots.com\/wp-content\/uploads\/2019\/03\/metalowa-donica-z-cortenu-na-k\u00f3\u0142kach-Giorgio-Mobile.jpg","type":"image\/jpeg"}],"twitter_card":"summary_large_image","twitter_misc":{"Szacowany czas czytania":"2 minuty"},"schema":{"@context":"https:\/\/schema.org","@graph":[{"@type":"WebPage","@id":"https:\/\/worldofflowerpots.com\/sklep\/metalowa-donica-z-cortenu-na-kolkach-giorgio-mobile\/","url":"https:\/\/worldofflowerpots.com\/sklep\/metalowa-donica-z-cortenu-na-kolkach-giorgio-mobile\/","name":"metalowa donica z cortenu na k\u00f3\u0142kach Giorgio Mobile","isPartOf":{"@id":"https:\/\/worldofflowerpots.com\/#website"},"primaryImageOfPage":{"@id":"https:\/\/worldofflowerpots.com\/sklep\/metalowa-donica-z-cortenu-na-kolkach-giorgio-mobile\/#primaryimage"},"image":{"@id":"https:\/\/worldofflowerpots.com\/sklep\/metalowa-donica-z-cortenu-na-kolkach-giorgio-mobile\/#primaryimage"},"thumbnailUrl":"https:\/\/worldofflowerpots.com\/wp-content\/uploads\/2019\/03\/metalowa-donica-z-cortenu-na-k\u00f3\u0142kach-Giorgio-Mobile.jpg","datePublished":"2019-03-18T11:19:29+00:00","dateModified":"2019-04-03T10:36:30+00:00","description":"Metalowa donica z cortenu na k\u00f3\u0142kach to dobry wyb\u00f3r dla wszystkich ceni\u0105cych sobie wygod\u0119, prostot\u0119 oraz unikalno\u015b\u0107. Nadaje uroku ogrodom.","breadcrumb":{"@id":"https:\/\/worldofflowerpots.com\/sklep\/metalowa-donica-z-cortenu-na-kolkach-giorgio-mobile\/#breadcrumb"},"inLanguage":"pl-PL","potentialAction":[{"@type":"ReadAction","target":["https:\/\/worldofflowerpots.com\/sklep\/metalowa-donica-z-cortenu-na-kolkach-giorgio-mobile\/"]}]},{"@type":"ImageObject","inLanguage":"pl-PL","@id":"https:\/\/worldofflowerpots.com\/sklep\/metalowa-donica-z-cortenu-na-kolkach-giorgio-mobile\/#primaryimage","url":"https:\/\/worldofflowerpots.com\/wp-content\/uploads\/2019\/03\/metalowa-donica-z-cortenu-na-k\u00f3\u0142kach-Giorgio-Mobile.jpg","contentUrl":"https:\/\/worldofflowerpots.com\/wp-content\/uploads\/2019\/03\/metalowa-donica-z-cortenu-na-k\u00f3\u0142kach-Giorgio-Mobile.jpg","width":2280,"height":1612},{"@type":"BreadcrumbList","@id":"https:\/\/worldofflowerpots.com\/sklep\/metalowa-donica-z-cortenu-na-kolkach-giorgio-mobile\/#breadcrumb","itemListElement":[{"@type":"ListItem","position":1,"name":"Strona g\u0142\u00f3wna","item":"https:\/\/worldofflowerpots.com\/"},{"@type":"ListItem","position":2,"name":"Sklep","item":"https:\/\/worldofflowerpots.com\/sklep\/"},{"@type":"ListItem","position":3,"name":"Metalowa donica z cortenu na k\u00f3\u0142kach Giorgio Mobile"}]},{"@type":"WebSite","@id":"https:\/\/worldofflowerpots.com\/#website","url":"https:\/\/worldofflowerpots.com\/","name":"World of Flowerpots","description":"producent donic ozdobnych","potentialAction":[{"@type":"SearchAction","target":{"@type":"EntryPoint","urlTemplate":"https:\/\/worldofflowerpots.com\/?s={search_term_string}"},"query-input":{"@type":"PropertyValueSpecification","valueRequired":true,"valueName":"search_term_string"}}],"inLanguage":"pl-PL"}]}},"_links":{"self":[{"href":"https:\/\/worldofflowerpots.com\/pl\/wp-json\/wp\/v2\/product\/55774","targetHints":{"allow":["GET"]}}],"collection":[{"href":"https:\/\/worldofflowerpots.com\/pl\/wp-json\/wp\/v2\/product"}],"about":[{"href":"https:\/\/worldofflowerpots.com\/pl\/wp-json\/wp\/v2\/types\/product"}],"wp:featuredmedia":[{"embeddable":true,"href":"https:\/\/worldofflowerpots.com\/pl\/wp-json\/wp\/v2\/media\/56619"}],"wp:attachment":[{"href":"https:\/\/worldofflowerpots.com\/pl\/wp-json\/wp\/v2\/media?parent=55774"}],"wp:term":[{"taxonomy":"product_brand","embeddable":true,"href":"https:\/\/worldofflowerpots.com\/pl\/wp-json\/wp\/v2\/product_brand?post=55774"},{"taxonomy":"product_cat","embeddable":true,"href":"https:\/\/worldofflowerpots.com\/pl\/wp-json\/wp\/v2\/product_cat?post=55774"},{"taxonomy":"product_tag","embeddable":true,"href":"https:\/\/worldofflowerpots.com\/pl\/wp-json\/wp\/v2\/product_tag?post=55774"}],"curies":[{"name":"wp","href":"https:\/\/api.w.org\/{rel}","templated":true}]}}