{"id":55787,"date":"2019-03-18T12:43:54","date_gmt":"2019-03-18T11:43:54","guid":{"rendered":"https:\/\/worldofflowerpots.com\/?post_type=product&#038;p=55787"},"modified":"2019-04-04T10:29:03","modified_gmt":"2019-04-04T08:29:03","slug":"duze-donice-do-salonu-alessio-12","status":"publish","type":"product","link":"https:\/\/worldofflowerpots.com\/pl\/sklep\/duze-donice-do-salonu-alessio-12\/","title":{"rendered":"Du\u017ce donice do salonu Alessio 12"},"content":{"rendered":"<h2>Uniwersalna nowoczesno\u015b\u0107<\/h2>\n<p>Ciekaw\u0105 propozycj\u0105 dla os\u00f3b pragn\u0105cych ciekawie zaaran\u017cowa\u0107 wn\u0119trze swojego domu s\u0105 du\u017ce donice do salonu Alessio 12. Jest to wysokiej jako\u015bci produkt o nowoczesnym wygl\u0105dzie i solidnym wykonaniu. Donica wymiary (1000 x 1000 x 400 mm) i regularny kszta\u0142t co pozwala na zasadzenie w niej r\u00f3\u017cnego rodzaju ro\u015blin. \u015awietnie komponuje si\u0119 z ro\u015blinami ozdobnymi, jak r\u00f3wnie\u017c z kombinacj\u0105 wielu rodzaj\u00f3w kwiat\u00f3w.\u00a0Materia\u0142 jakiego u\u017cyto do produkcji to najwy\u017cszej jako\u015bci aluminium, co jest niew\u0105tpliw\u0105 zalet\u0105 produktu. Dzi\u0119ki temu jest on lekki, co pozwala w \u0142atwy spos\u00f3b zmienia\u0107 aran\u017cacj\u0119 przestrzeni w kt\u00f3rej si\u0119 znajduje. Ponadto mo\u017cna w nim bez obaw zasadzi\u0107 najr\u00f3\u017cniejsze rodzaje ro\u015blin, od mniejszych kwiat\u00f3w, a\u017c po du\u017ce krzewy. Nale\u017cy doda\u0107, \u017ce Alessio 12 to solidne, stabilne i du\u017ce donice do salonu. \u015awietnie wygl\u0105daj\u0105 w ka\u017cdej przestrzeni, dodaj\u0105c jej przy tym dozy nowoczesno\u015bci i wyrazisto\u015bci.<\/p>\n<h2><strong>W ogrodzie i w salonie<\/strong><\/h2>\n<p>Donica Alessio 12 znajdzie zastosowanie nie tylko we wn\u0119trzach, ale tak\u017ce w ogrodzie. B\u0119dzie idealnym dope\u0142nieniem ka\u017cdej przestrzeni ogrodowej. Dzi\u0119ki prostemu kszta\u0142towi oraz stabilno\u015bci zasadzenie w niej nawet du\u017cych krzew\u00f3w nie b\u0119dzie \u017cadnym problemem. Materia\u0142 z jakiego jest wykonana uodparnia j\u0105 to na wszelkie warunki atmosferyczne takie jak mr\u00f3z, deszcz, \u015bnieg czy wysokie temperatury. Jest to wi\u0119c inwestycja na d\u0142ugie lata, kt\u00f3ra nawet po bardzo d\u0142ugim czasie zachowa swoje walory u\u017cytkowe i wizualne. Alessio 12 to pi\u0119kna oprawa twoich ro\u015blin zar\u00f3wno w pomieszczeniach jak i na zewn\u0105trz. Jest to model prosty, cechuje go minimalizm, ale mimo to przykuwa uwag\u0119 wszystkich b\u0119d\u0105cych wok\u00f3\u0142. Dzi\u0119ki swojej nieco surowej stylistyce mo\u017cna go wpasowa\u0107 do ka\u017cdej aran\u017cacji, zar\u00f3wno nowoczesnej jak i klasycznej.<\/p>\n<p>Podkre\u015blamy, \u017ce donica wykonana jest z najwy\u017cszej jako\u015bci aluminium co zapewni maksymaln\u0105 satysfakcj\u0119 z u\u017cytkowania. Materia\u0142 ten nadaje niesamowitego wygl\u0105du, oraz jest niezmiernie wytrzyma\u0142y. Zapewnia on trwa\u0142o\u015b\u0107 nawet w najbardziej ekstremalnych warunkach atmosferycznych. Jedn\u0105 z jego najwi\u0119kszych zalet jest pogodzenie w\u0142a\u015bnie wysokiej trwa\u0142o\u015bci z niesamowit\u0105 lekko\u015bci\u0105 konstrukcji, co zapewni mo\u017cliwo\u015b\u0107 \u0142atwej i dowolnej aran\u017cacji.<\/p>\n","protected":false},"excerpt":{"rendered":"<p>Donica aluminiowa Alessio 12 produkowana jest we wszystkich kolorach palety RAL. Donica produkowana jest w standardzie z otworami odp\u0142ywowymi. Waga to: 21 kg, a wymiary: d\u0142ugo\u015b\u0107: 100 cm, szeroko\u015b\u0107: 100 cm, wysoko\u015b\u0107: 40cm. Zalecane stosowanie jako donica do salonu.<\/p>\n","protected":false},"featured_media":57247,"template":"","meta":{"_acf_changed":false},"product_brand":[],"product_cat":[116],"product_tag":[446,444,451],"class_list":{"0":"post-55787","1":"product","2":"type-product","3":"status-publish","4":"has-post-thumbnail","6":"product_cat-donice-z-aluminium","7":"product_tag-donice-aluminiowe","8":"product_tag-donice-ogrodowe","9":"product_tag-donice-wewnetrzne","10":"description-off","11":"tm-has-options","13":"first","14":"instock","15":"shipping-taxable","16":"purchasable","17":"product-type-simple"},"acf":[],"yoast_head":"<!-- This site is optimized with the Yoast SEO plugin v27.5 - https:\/\/yoast.com\/product\/yoast-seo-wordpress\/ -->\n<title>Du\u017ce donice do salonu Alessio 12 - dla wi\u0119kszych ro\u015blin ozdobnych<\/title>\n<meta name=\"description\" content=\"Alessio 12 to solidne, stabilne i du\u017ce donice do salonu. \u015awietnie wygl\u0105daj\u0105 w ka\u017cdej przestrzeni, dodaj\u0105c jej przy tym dozy nowoczesno\u015bci i wyrazisto\u015bci.\" \/>\n<meta name=\"robots\" content=\"index, follow, max-snippet:-1, max-image-preview:large, max-video-preview:-1\" \/>\n<link rel=\"canonical\" href=\"https:\/\/worldofflowerpots.com\/sklep\/duze-donice-do-salonu-alessio-12\/\" \/>\n<meta property=\"og:locale\" content=\"pl_PL\" \/>\n<meta property=\"og:type\" content=\"article\" \/>\n<meta property=\"og:title\" content=\"Du\u017ce donice do salonu Alessio 12 - dla wi\u0119kszych ro\u015blin ozdobnych\" \/>\n<meta property=\"og:description\" content=\"Alessio 12 to solidne, stabilne i du\u017ce donice do salonu. \u015awietnie wygl\u0105daj\u0105 w ka\u017cdej przestrzeni, dodaj\u0105c jej przy tym dozy nowoczesno\u015bci i wyrazisto\u015bci.\" \/>\n<meta property=\"og:url\" content=\"https:\/\/worldofflowerpots.com\/sklep\/duze-donice-do-salonu-alessio-12\/\" \/>\n<meta property=\"og:site_name\" content=\"World of Flowerpots\" \/>\n<meta property=\"article:modified_time\" content=\"2019-04-04T08:29:03+00:00\" \/>\n<meta property=\"og:image\" content=\"https:\/\/worldofflowerpots.com\/wp-content\/uploads\/2019\/03\/du\u017ce-donice-do-salonu-Alessio_12.jpg\" \/>\n\t<meta property=\"og:image:width\" content=\"2280\" \/>\n\t<meta property=\"og:image:height\" content=\"1612\" \/>\n\t<meta property=\"og:image:type\" content=\"image\/jpeg\" \/>\n<meta name=\"twitter:card\" content=\"summary_large_image\" \/>\n<meta name=\"twitter:label1\" content=\"Szacowany czas czytania\" \/>\n\t<meta name=\"twitter:data1\" content=\"2 minuty\" \/>\n<script type=\"application\/ld+json\" class=\"yoast-schema-graph\">{\"@context\":\"https:\\\/\\\/schema.org\",\"@graph\":[{\"@type\":\"WebPage\",\"@id\":\"https:\\\/\\\/worldofflowerpots.com\\\/sklep\\\/duze-donice-do-salonu-alessio-12\\\/\",\"url\":\"https:\\\/\\\/worldofflowerpots.com\\\/sklep\\\/duze-donice-do-salonu-alessio-12\\\/\",\"name\":\"Du\u017ce donice do salonu Alessio 12 - dla wi\u0119kszych ro\u015blin ozdobnych\",\"isPartOf\":{\"@id\":\"https:\\\/\\\/worldofflowerpots.com\\\/#website\"},\"primaryImageOfPage\":{\"@id\":\"https:\\\/\\\/worldofflowerpots.com\\\/sklep\\\/duze-donice-do-salonu-alessio-12\\\/#primaryimage\"},\"image\":{\"@id\":\"https:\\\/\\\/worldofflowerpots.com\\\/sklep\\\/duze-donice-do-salonu-alessio-12\\\/#primaryimage\"},\"thumbnailUrl\":\"https:\\\/\\\/worldofflowerpots.com\\\/wp-content\\\/uploads\\\/2019\\\/03\\\/du\u017ce-donice-do-salonu-Alessio_12.jpg\",\"datePublished\":\"2019-03-18T11:43:54+00:00\",\"dateModified\":\"2019-04-04T08:29:03+00:00\",\"description\":\"Alessio 12 to solidne, stabilne i du\u017ce donice do salonu. \u015awietnie wygl\u0105daj\u0105 w ka\u017cdej przestrzeni, dodaj\u0105c jej przy tym dozy nowoczesno\u015bci i wyrazisto\u015bci.\",\"breadcrumb\":{\"@id\":\"https:\\\/\\\/worldofflowerpots.com\\\/sklep\\\/duze-donice-do-salonu-alessio-12\\\/#breadcrumb\"},\"inLanguage\":\"pl-PL\",\"potentialAction\":[{\"@type\":\"ReadAction\",\"target\":[\"https:\\\/\\\/worldofflowerpots.com\\\/sklep\\\/duze-donice-do-salonu-alessio-12\\\/\"]}]},{\"@type\":\"ImageObject\",\"inLanguage\":\"pl-PL\",\"@id\":\"https:\\\/\\\/worldofflowerpots.com\\\/sklep\\\/duze-donice-do-salonu-alessio-12\\\/#primaryimage\",\"url\":\"https:\\\/\\\/worldofflowerpots.com\\\/wp-content\\\/uploads\\\/2019\\\/03\\\/du\u017ce-donice-do-salonu-Alessio_12.jpg\",\"contentUrl\":\"https:\\\/\\\/worldofflowerpots.com\\\/wp-content\\\/uploads\\\/2019\\\/03\\\/du\u017ce-donice-do-salonu-Alessio_12.jpg\",\"width\":2280,\"height\":1612},{\"@type\":\"BreadcrumbList\",\"@id\":\"https:\\\/\\\/worldofflowerpots.com\\\/sklep\\\/duze-donice-do-salonu-alessio-12\\\/#breadcrumb\",\"itemListElement\":[{\"@type\":\"ListItem\",\"position\":1,\"name\":\"Strona g\u0142\u00f3wna\",\"item\":\"https:\\\/\\\/worldofflowerpots.com\\\/\"},{\"@type\":\"ListItem\",\"position\":2,\"name\":\"Sklep\",\"item\":\"https:\\\/\\\/worldofflowerpots.com\\\/sklep\\\/\"},{\"@type\":\"ListItem\",\"position\":3,\"name\":\"Du\u017ce donice do salonu Alessio 12\"}]},{\"@type\":\"WebSite\",\"@id\":\"https:\\\/\\\/worldofflowerpots.com\\\/#website\",\"url\":\"https:\\\/\\\/worldofflowerpots.com\\\/\",\"name\":\"World of Flowerpots\",\"description\":\"producent donic ozdobnych\",\"potentialAction\":[{\"@type\":\"SearchAction\",\"target\":{\"@type\":\"EntryPoint\",\"urlTemplate\":\"https:\\\/\\\/worldofflowerpots.com\\\/?s={search_term_string}\"},\"query-input\":{\"@type\":\"PropertyValueSpecification\",\"valueRequired\":true,\"valueName\":\"search_term_string\"}}],\"inLanguage\":\"pl-PL\"}]}<\/script>\n<!-- \/ Yoast SEO plugin. -->","yoast_head_json":{"title":"Du\u017ce donice do salonu Alessio 12 - dla wi\u0119kszych ro\u015blin ozdobnych","description":"Alessio 12 to solidne, stabilne i du\u017ce donice do salonu. \u015awietnie wygl\u0105daj\u0105 w ka\u017cdej przestrzeni, dodaj\u0105c jej przy tym dozy nowoczesno\u015bci i wyrazisto\u015bci.","robots":{"index":"index","follow":"follow","max-snippet":"max-snippet:-1","max-image-preview":"max-image-preview:large","max-video-preview":"max-video-preview:-1"},"canonical":"https:\/\/worldofflowerpots.com\/sklep\/duze-donice-do-salonu-alessio-12\/","og_locale":"pl_PL","og_type":"article","og_title":"Du\u017ce donice do salonu Alessio 12 - dla wi\u0119kszych ro\u015blin ozdobnych","og_description":"Alessio 12 to solidne, stabilne i du\u017ce donice do salonu. \u015awietnie wygl\u0105daj\u0105 w ka\u017cdej przestrzeni, dodaj\u0105c jej przy tym dozy nowoczesno\u015bci i wyrazisto\u015bci.","og_url":"https:\/\/worldofflowerpots.com\/sklep\/duze-donice-do-salonu-alessio-12\/","og_site_name":"World of Flowerpots","article_modified_time":"2019-04-04T08:29:03+00:00","og_image":[{"width":2280,"height":1612,"url":"https:\/\/worldofflowerpots.com\/wp-content\/uploads\/2019\/03\/du\u017ce-donice-do-salonu-Alessio_12.jpg","type":"image\/jpeg"}],"twitter_card":"summary_large_image","twitter_misc":{"Szacowany czas czytania":"2 minuty"},"schema":{"@context":"https:\/\/schema.org","@graph":[{"@type":"WebPage","@id":"https:\/\/worldofflowerpots.com\/sklep\/duze-donice-do-salonu-alessio-12\/","url":"https:\/\/worldofflowerpots.com\/sklep\/duze-donice-do-salonu-alessio-12\/","name":"Du\u017ce donice do salonu Alessio 12 - dla wi\u0119kszych ro\u015blin ozdobnych","isPartOf":{"@id":"https:\/\/worldofflowerpots.com\/#website"},"primaryImageOfPage":{"@id":"https:\/\/worldofflowerpots.com\/sklep\/duze-donice-do-salonu-alessio-12\/#primaryimage"},"image":{"@id":"https:\/\/worldofflowerpots.com\/sklep\/duze-donice-do-salonu-alessio-12\/#primaryimage"},"thumbnailUrl":"https:\/\/worldofflowerpots.com\/wp-content\/uploads\/2019\/03\/du\u017ce-donice-do-salonu-Alessio_12.jpg","datePublished":"2019-03-18T11:43:54+00:00","dateModified":"2019-04-04T08:29:03+00:00","description":"Alessio 12 to solidne, stabilne i du\u017ce donice do salonu. \u015awietnie wygl\u0105daj\u0105 w ka\u017cdej przestrzeni, dodaj\u0105c jej przy tym dozy nowoczesno\u015bci i wyrazisto\u015bci.","breadcrumb":{"@id":"https:\/\/worldofflowerpots.com\/sklep\/duze-donice-do-salonu-alessio-12\/#breadcrumb"},"inLanguage":"pl-PL","potentialAction":[{"@type":"ReadAction","target":["https:\/\/worldofflowerpots.com\/sklep\/duze-donice-do-salonu-alessio-12\/"]}]},{"@type":"ImageObject","inLanguage":"pl-PL","@id":"https:\/\/worldofflowerpots.com\/sklep\/duze-donice-do-salonu-alessio-12\/#primaryimage","url":"https:\/\/worldofflowerpots.com\/wp-content\/uploads\/2019\/03\/du\u017ce-donice-do-salonu-Alessio_12.jpg","contentUrl":"https:\/\/worldofflowerpots.com\/wp-content\/uploads\/2019\/03\/du\u017ce-donice-do-salonu-Alessio_12.jpg","width":2280,"height":1612},{"@type":"BreadcrumbList","@id":"https:\/\/worldofflowerpots.com\/sklep\/duze-donice-do-salonu-alessio-12\/#breadcrumb","itemListElement":[{"@type":"ListItem","position":1,"name":"Strona g\u0142\u00f3wna","item":"https:\/\/worldofflowerpots.com\/"},{"@type":"ListItem","position":2,"name":"Sklep","item":"https:\/\/worldofflowerpots.com\/sklep\/"},{"@type":"ListItem","position":3,"name":"Du\u017ce donice do salonu Alessio 12"}]},{"@type":"WebSite","@id":"https:\/\/worldofflowerpots.com\/#website","url":"https:\/\/worldofflowerpots.com\/","name":"World of Flowerpots","description":"producent donic ozdobnych","potentialAction":[{"@type":"SearchAction","target":{"@type":"EntryPoint","urlTemplate":"https:\/\/worldofflowerpots.com\/?s={search_term_string}"},"query-input":{"@type":"PropertyValueSpecification","valueRequired":true,"valueName":"search_term_string"}}],"inLanguage":"pl-PL"}]}},"_links":{"self":[{"href":"https:\/\/worldofflowerpots.com\/pl\/wp-json\/wp\/v2\/product\/55787","targetHints":{"allow":["GET"]}}],"collection":[{"href":"https:\/\/worldofflowerpots.com\/pl\/wp-json\/wp\/v2\/product"}],"about":[{"href":"https:\/\/worldofflowerpots.com\/pl\/wp-json\/wp\/v2\/types\/product"}],"wp:featuredmedia":[{"embeddable":true,"href":"https:\/\/worldofflowerpots.com\/pl\/wp-json\/wp\/v2\/media\/57247"}],"wp:attachment":[{"href":"https:\/\/worldofflowerpots.com\/pl\/wp-json\/wp\/v2\/media?parent=55787"}],"wp:term":[{"taxonomy":"product_brand","embeddable":true,"href":"https:\/\/worldofflowerpots.com\/pl\/wp-json\/wp\/v2\/product_brand?post=55787"},{"taxonomy":"product_cat","embeddable":true,"href":"https:\/\/worldofflowerpots.com\/pl\/wp-json\/wp\/v2\/product_cat?post=55787"},{"taxonomy":"product_tag","embeddable":true,"href":"https:\/\/worldofflowerpots.com\/pl\/wp-json\/wp\/v2\/product_tag?post=55787"}],"curies":[{"name":"wp","href":"https:\/\/api.w.org\/{rel}","templated":true}]}}