{"id":55809,"date":"2019-03-18T13:23:15","date_gmt":"2019-03-18T12:23:15","guid":{"rendered":"https:\/\/worldofflowerpots.com\/?post_type=product&#038;p=55809"},"modified":"2019-04-15T08:35:45","modified_gmt":"2019-04-15T06:35:45","slug":"donica-na-wymiar-seria-4","status":"publish","type":"product","link":"https:\/\/worldofflowerpots.com\/pl\/sklep\/donica-na-wymiar-seria-4\/","title":{"rendered":"Donica na wymiar Seria 4"},"content":{"rendered":"<p><img loading=\"lazy\" decoding=\"async\" class=\"aligncenter wp-image-59007 size-full\" src=\"https:\/\/worldofflowerpots.com\/wp-content\/uploads\/2016\/12\/przygotowanie-donic-do-u\u017cytkowania-2.png\" alt=\"\" width=\"836\" height=\"598\" srcset=\"https:\/\/worldofflowerpots.com\/wp-content\/uploads\/2016\/12\/przygotowanie-donic-do-u\u017cytkowania-2.png 836w, https:\/\/worldofflowerpots.com\/wp-content\/uploads\/2016\/12\/przygotowanie-donic-do-u\u017cytkowania-2-300x215.png 300w, https:\/\/worldofflowerpots.com\/wp-content\/uploads\/2016\/12\/przygotowanie-donic-do-u\u017cytkowania-2-768x549.png 768w, https:\/\/worldofflowerpots.com\/wp-content\/uploads\/2016\/12\/przygotowanie-donic-do-u\u017cytkowania-2-600x429.png 600w\" sizes=\"auto, (max-width: 836px) 100vw, 836px\" \/><\/p>\n<h4>Betonowe donice na wymiar<\/h4>\n<p>Aran\u017cacja otoczenia budynku czy ogrodu to aspekt starannie projektowany we wsp\u00f3\u0142czesnej architekturze. Cz\u0142owiekowi zale\u017cy nie tylko na tym, aby by\u0142o mu wygodne, ale tak\u017ce by m\u00f3g\u0142 \u017cy\u0107 w przyjaznym, estetycznym otoczeniu.<\/p>\n<p>Jednym z element\u00f3w kszta\u0142towania otoczenia s\u0105 donice ogrodowe. Towarzysz\u0105 cz\u0142owiekowi od wiek\u00f3w, a by\u0142y znane ju\u017c w Staro\u017cytnym Egipcie, gdzie by\u0142y wykorzystywane do przemieszczania ro\u015blin w inne miejsca. Szcz\u0105tki staro\u017cytnych doniczek dzisiaj stanowi\u0105 artefakty starannie badane przez archeolog\u00f3w i kulturoznawc\u00f3w. Nasza kultura zapewne tak\u017ce pozostawi wiele takich \u015blad\u00f3w, kt\u00f3re by\u0107 mo\u017ce b\u0119d\u0105 bada\u0107 przysz\u0142e pokolenia. Taka w\u0142a\u015bnie &#8211; ponadczasowa, zar\u00f3wno w wymiarze trwa\u0142o\u015bci jak i wygl\u0105du, jest donica z linii Seria 4. Jest to donica na wymiar, wykonana z ultra betonu.<\/p>\n<p><strong>Taka jak chcesz<\/strong><\/p>\n<p>Donice Seria 4 maj\u0105 sta\u0142\u0105 szeroko\u015b\u0107 i wysoko\u015b\u0107, wynosz\u0105ce 40 centymetr\u00f3w. Jej d\u0142ugo\u015b\u0107 mo\u017ce by\u0107 dowolna od 100 do 200 cm (co jeden centymetr). Tak kszta\u0142towana kubatura donicy pozwala na dob\u00f3r wielko\u015bci odpowiedniej do aran\u017cowanego otoczenia, proporcjonalnej do innych obiekt\u00f3w, kt\u00f3re znajd\u0105 si\u0119 pobli\u017cu.<\/p>\n<p>Materia\u0142, z kt\u00f3rego wykonana jest donica na wymiar to ultra betonu. Charakteryzuje si\u0119 on bardzo du\u017c\u0105 wytrzyma\u0142o\u015bci\u0105, odporno\u015bci\u0105 na zmienne warunki atmosferyczne, korozj\u0119 i przypadkowe uszkodzenia. Wymienione cechy fizyczne pozwalaj\u0105 wykorzysta\u0107 te donice nie tylko w otoczeniu dom\u00f3w jednorodzinnych i prywatnych ogrodach, ale tak\u017ce w obiektach przestrzeni publicznej, parkach, skwerach itp.<\/p>\n<p>Obok cech fizycznych r\u00f3wnie istotne s\u0105 warto\u015bci estetyczne materia\u0142u. Zalet betonu architektonicznego nie potrzeba chyba nikomu przybli\u017ca\u0107. Ten oszcz\u0119dny w \u015brodki wyrazu, ale zdecydowany w wymowie materia\u0142 doskonale wkomponowuje si\u0119 w otoczenie o r\u00f3\u017cnym charakterze, nigdy nie burz\u0105c jego porz\u0105dku, ale stanowi\u0105c jego dyskretne uzupe\u0142nienie.<\/p>\n<p>Donica na wymiar wykonana z ultra betonu mo\u017ce stanowi\u0107 zar\u00f3wno element uzupe\u0142niaj\u0105cy aran\u017cacj\u0119 ogrodu, ale tak\u017ce doskonale prezentuje si\u0119, jako niezale\u017cny kwietnik, kt\u00f3ry mo\u017ce by\u0107 umieszczony na chodniku, przy budynku, na placu czy te\u017c ozdabia\u0107 miejski ci\u0105g komunikacyjny.<\/p>\n","protected":false},"excerpt":{"rendered":"<p>Donica Seria 4 z betonu (ultra betonu). Wyst\u0119puje w trzech podstawowych kolorach: bia\u0142ym, szarym oraz czarnym. Donica produkowana jest w standardzie z otworami odp\u0142ywowymi. Waga donicy jest zale\u017cna od d\u0142ugo\u015bci, a wymiary: d\u0142ugo\u015b\u0107: 100-200cm co 1 cm, szeroko\u015b\u0107: 40 cm, wysoko\u015b\u0107: 40 cm.<\/p>\n","protected":false},"featured_media":57796,"template":"","meta":{"_acf_changed":false},"product_brand":[],"product_cat":[144],"product_tag":[445,444,447,451],"class_list":{"0":"post-55809","1":"product","2":"type-product","3":"status-publish","4":"has-post-thumbnail","6":"product_cat-donice-z-betonu","7":"product_tag-donice-betonowe","8":"product_tag-donice-ogrodowe","9":"product_tag-donice-tarasowe","10":"product_tag-donice-wewnetrzne","11":"description-off","12":"tm-has-options","14":"first","15":"instock","16":"shipping-taxable","17":"purchasable","18":"product-type-simple"},"acf":[],"yoast_head":"<!-- This site is optimized with the Yoast SEO plugin v27.5 - https:\/\/yoast.com\/product\/yoast-seo-wordpress\/ -->\n<title>Donica na wymiar Seria 4 - \u0142atwiejsze dopasowanie do Twoich potrzeb<\/title>\n<meta name=\"description\" content=\"Donica na wymiar wykonana z ultra betonu mo\u017ce stanowi\u0107 element uzupe\u0142niaj\u0105cy aran\u017cacj\u0119 ogrodu, ale tak\u017ce doskonale prezentuje si\u0119, jako niezale\u017cny kwietnik.\" \/>\n<meta name=\"robots\" content=\"index, follow, max-snippet:-1, max-image-preview:large, max-video-preview:-1\" \/>\n<link rel=\"canonical\" href=\"https:\/\/worldofflowerpots.com\/sklep\/donica-na-wymiar-seria-4\/\" \/>\n<meta property=\"og:locale\" content=\"pl_PL\" \/>\n<meta property=\"og:type\" content=\"article\" \/>\n<meta property=\"og:title\" content=\"Donica na wymiar Seria 4 - \u0142atwiejsze dopasowanie do Twoich potrzeb\" \/>\n<meta property=\"og:description\" content=\"Donica na wymiar wykonana z ultra betonu mo\u017ce stanowi\u0107 element uzupe\u0142niaj\u0105cy aran\u017cacj\u0119 ogrodu, ale tak\u017ce doskonale prezentuje si\u0119, jako niezale\u017cny kwietnik.\" \/>\n<meta property=\"og:url\" content=\"https:\/\/worldofflowerpots.com\/sklep\/donica-na-wymiar-seria-4\/\" \/>\n<meta property=\"og:site_name\" content=\"World of Flowerpots\" \/>\n<meta property=\"article:modified_time\" content=\"2019-04-15T06:35:45+00:00\" \/>\n<meta property=\"og:image\" content=\"https:\/\/worldofflowerpots.com\/wp-content\/uploads\/2019\/03\/donica-na-wymiar-Seria-4-czarny-1.jpg\" \/>\n\t<meta property=\"og:image:width\" content=\"2280\" \/>\n\t<meta property=\"og:image:height\" content=\"1612\" \/>\n\t<meta property=\"og:image:type\" content=\"image\/jpeg\" \/>\n<meta name=\"twitter:card\" content=\"summary_large_image\" \/>\n<meta name=\"twitter:label1\" content=\"Szacowany czas czytania\" \/>\n\t<meta name=\"twitter:data1\" content=\"2 minuty\" \/>\n<script type=\"application\/ld+json\" class=\"yoast-schema-graph\">{\"@context\":\"https:\\\/\\\/schema.org\",\"@graph\":[{\"@type\":\"WebPage\",\"@id\":\"https:\\\/\\\/worldofflowerpots.com\\\/sklep\\\/donica-na-wymiar-seria-4\\\/\",\"url\":\"https:\\\/\\\/worldofflowerpots.com\\\/sklep\\\/donica-na-wymiar-seria-4\\\/\",\"name\":\"Donica na wymiar Seria 4 - \u0142atwiejsze dopasowanie do Twoich potrzeb\",\"isPartOf\":{\"@id\":\"https:\\\/\\\/worldofflowerpots.com\\\/#website\"},\"primaryImageOfPage\":{\"@id\":\"https:\\\/\\\/worldofflowerpots.com\\\/sklep\\\/donica-na-wymiar-seria-4\\\/#primaryimage\"},\"image\":{\"@id\":\"https:\\\/\\\/worldofflowerpots.com\\\/sklep\\\/donica-na-wymiar-seria-4\\\/#primaryimage\"},\"thumbnailUrl\":\"https:\\\/\\\/worldofflowerpots.com\\\/wp-content\\\/uploads\\\/2019\\\/03\\\/donica-na-wymiar-Seria-4-czarny-1.jpg\",\"datePublished\":\"2019-03-18T12:23:15+00:00\",\"dateModified\":\"2019-04-15T06:35:45+00:00\",\"description\":\"Donica na wymiar wykonana z ultra betonu mo\u017ce stanowi\u0107 element uzupe\u0142niaj\u0105cy aran\u017cacj\u0119 ogrodu, ale tak\u017ce doskonale prezentuje si\u0119, jako niezale\u017cny kwietnik.\",\"breadcrumb\":{\"@id\":\"https:\\\/\\\/worldofflowerpots.com\\\/sklep\\\/donica-na-wymiar-seria-4\\\/#breadcrumb\"},\"inLanguage\":\"pl-PL\",\"potentialAction\":[{\"@type\":\"ReadAction\",\"target\":[\"https:\\\/\\\/worldofflowerpots.com\\\/sklep\\\/donica-na-wymiar-seria-4\\\/\"]}]},{\"@type\":\"ImageObject\",\"inLanguage\":\"pl-PL\",\"@id\":\"https:\\\/\\\/worldofflowerpots.com\\\/sklep\\\/donica-na-wymiar-seria-4\\\/#primaryimage\",\"url\":\"https:\\\/\\\/worldofflowerpots.com\\\/wp-content\\\/uploads\\\/2019\\\/03\\\/donica-na-wymiar-Seria-4-czarny-1.jpg\",\"contentUrl\":\"https:\\\/\\\/worldofflowerpots.com\\\/wp-content\\\/uploads\\\/2019\\\/03\\\/donica-na-wymiar-Seria-4-czarny-1.jpg\",\"width\":2280,\"height\":1612},{\"@type\":\"BreadcrumbList\",\"@id\":\"https:\\\/\\\/worldofflowerpots.com\\\/sklep\\\/donica-na-wymiar-seria-4\\\/#breadcrumb\",\"itemListElement\":[{\"@type\":\"ListItem\",\"position\":1,\"name\":\"Strona g\u0142\u00f3wna\",\"item\":\"https:\\\/\\\/worldofflowerpots.com\\\/\"},{\"@type\":\"ListItem\",\"position\":2,\"name\":\"Sklep\",\"item\":\"https:\\\/\\\/worldofflowerpots.com\\\/sklep\\\/\"},{\"@type\":\"ListItem\",\"position\":3,\"name\":\"Donica na wymiar Seria 4\"}]},{\"@type\":\"WebSite\",\"@id\":\"https:\\\/\\\/worldofflowerpots.com\\\/#website\",\"url\":\"https:\\\/\\\/worldofflowerpots.com\\\/\",\"name\":\"World of Flowerpots\",\"description\":\"producent donic ozdobnych\",\"potentialAction\":[{\"@type\":\"SearchAction\",\"target\":{\"@type\":\"EntryPoint\",\"urlTemplate\":\"https:\\\/\\\/worldofflowerpots.com\\\/?s={search_term_string}\"},\"query-input\":{\"@type\":\"PropertyValueSpecification\",\"valueRequired\":true,\"valueName\":\"search_term_string\"}}],\"inLanguage\":\"pl-PL\"}]}<\/script>\n<!-- \/ Yoast SEO plugin. -->","yoast_head_json":{"title":"Donica na wymiar Seria 4 - \u0142atwiejsze dopasowanie do Twoich potrzeb","description":"Donica na wymiar wykonana z ultra betonu mo\u017ce stanowi\u0107 element uzupe\u0142niaj\u0105cy aran\u017cacj\u0119 ogrodu, ale tak\u017ce doskonale prezentuje si\u0119, jako niezale\u017cny kwietnik.","robots":{"index":"index","follow":"follow","max-snippet":"max-snippet:-1","max-image-preview":"max-image-preview:large","max-video-preview":"max-video-preview:-1"},"canonical":"https:\/\/worldofflowerpots.com\/sklep\/donica-na-wymiar-seria-4\/","og_locale":"pl_PL","og_type":"article","og_title":"Donica na wymiar Seria 4 - \u0142atwiejsze dopasowanie do Twoich potrzeb","og_description":"Donica na wymiar wykonana z ultra betonu mo\u017ce stanowi\u0107 element uzupe\u0142niaj\u0105cy aran\u017cacj\u0119 ogrodu, ale tak\u017ce doskonale prezentuje si\u0119, jako niezale\u017cny kwietnik.","og_url":"https:\/\/worldofflowerpots.com\/sklep\/donica-na-wymiar-seria-4\/","og_site_name":"World of Flowerpots","article_modified_time":"2019-04-15T06:35:45+00:00","og_image":[{"width":2280,"height":1612,"url":"https:\/\/worldofflowerpots.com\/wp-content\/uploads\/2019\/03\/donica-na-wymiar-Seria-4-czarny-1.jpg","type":"image\/jpeg"}],"twitter_card":"summary_large_image","twitter_misc":{"Szacowany czas czytania":"2 minuty"},"schema":{"@context":"https:\/\/schema.org","@graph":[{"@type":"WebPage","@id":"https:\/\/worldofflowerpots.com\/sklep\/donica-na-wymiar-seria-4\/","url":"https:\/\/worldofflowerpots.com\/sklep\/donica-na-wymiar-seria-4\/","name":"Donica na wymiar Seria 4 - \u0142atwiejsze dopasowanie do Twoich potrzeb","isPartOf":{"@id":"https:\/\/worldofflowerpots.com\/#website"},"primaryImageOfPage":{"@id":"https:\/\/worldofflowerpots.com\/sklep\/donica-na-wymiar-seria-4\/#primaryimage"},"image":{"@id":"https:\/\/worldofflowerpots.com\/sklep\/donica-na-wymiar-seria-4\/#primaryimage"},"thumbnailUrl":"https:\/\/worldofflowerpots.com\/wp-content\/uploads\/2019\/03\/donica-na-wymiar-Seria-4-czarny-1.jpg","datePublished":"2019-03-18T12:23:15+00:00","dateModified":"2019-04-15T06:35:45+00:00","description":"Donica na wymiar wykonana z ultra betonu mo\u017ce stanowi\u0107 element uzupe\u0142niaj\u0105cy aran\u017cacj\u0119 ogrodu, ale tak\u017ce doskonale prezentuje si\u0119, jako niezale\u017cny kwietnik.","breadcrumb":{"@id":"https:\/\/worldofflowerpots.com\/sklep\/donica-na-wymiar-seria-4\/#breadcrumb"},"inLanguage":"pl-PL","potentialAction":[{"@type":"ReadAction","target":["https:\/\/worldofflowerpots.com\/sklep\/donica-na-wymiar-seria-4\/"]}]},{"@type":"ImageObject","inLanguage":"pl-PL","@id":"https:\/\/worldofflowerpots.com\/sklep\/donica-na-wymiar-seria-4\/#primaryimage","url":"https:\/\/worldofflowerpots.com\/wp-content\/uploads\/2019\/03\/donica-na-wymiar-Seria-4-czarny-1.jpg","contentUrl":"https:\/\/worldofflowerpots.com\/wp-content\/uploads\/2019\/03\/donica-na-wymiar-Seria-4-czarny-1.jpg","width":2280,"height":1612},{"@type":"BreadcrumbList","@id":"https:\/\/worldofflowerpots.com\/sklep\/donica-na-wymiar-seria-4\/#breadcrumb","itemListElement":[{"@type":"ListItem","position":1,"name":"Strona g\u0142\u00f3wna","item":"https:\/\/worldofflowerpots.com\/"},{"@type":"ListItem","position":2,"name":"Sklep","item":"https:\/\/worldofflowerpots.com\/sklep\/"},{"@type":"ListItem","position":3,"name":"Donica na wymiar Seria 4"}]},{"@type":"WebSite","@id":"https:\/\/worldofflowerpots.com\/#website","url":"https:\/\/worldofflowerpots.com\/","name":"World of Flowerpots","description":"producent donic ozdobnych","potentialAction":[{"@type":"SearchAction","target":{"@type":"EntryPoint","urlTemplate":"https:\/\/worldofflowerpots.com\/?s={search_term_string}"},"query-input":{"@type":"PropertyValueSpecification","valueRequired":true,"valueName":"search_term_string"}}],"inLanguage":"pl-PL"}]}},"_links":{"self":[{"href":"https:\/\/worldofflowerpots.com\/pl\/wp-json\/wp\/v2\/product\/55809","targetHints":{"allow":["GET"]}}],"collection":[{"href":"https:\/\/worldofflowerpots.com\/pl\/wp-json\/wp\/v2\/product"}],"about":[{"href":"https:\/\/worldofflowerpots.com\/pl\/wp-json\/wp\/v2\/types\/product"}],"wp:featuredmedia":[{"embeddable":true,"href":"https:\/\/worldofflowerpots.com\/pl\/wp-json\/wp\/v2\/media\/57796"}],"wp:attachment":[{"href":"https:\/\/worldofflowerpots.com\/pl\/wp-json\/wp\/v2\/media?parent=55809"}],"wp:term":[{"taxonomy":"product_brand","embeddable":true,"href":"https:\/\/worldofflowerpots.com\/pl\/wp-json\/wp\/v2\/product_brand?post=55809"},{"taxonomy":"product_cat","embeddable":true,"href":"https:\/\/worldofflowerpots.com\/pl\/wp-json\/wp\/v2\/product_cat?post=55809"},{"taxonomy":"product_tag","embeddable":true,"href":"https:\/\/worldofflowerpots.com\/pl\/wp-json\/wp\/v2\/product_tag?post=55809"}],"curies":[{"name":"wp","href":"https:\/\/api.w.org\/{rel}","templated":true}]}}