{"id":55825,"date":"2019-03-18T13:48:24","date_gmt":"2019-03-18T12:48:24","guid":{"rendered":"https:\/\/worldofflowerpots.com\/?post_type=product&#038;p=55825"},"modified":"2019-04-03T12:32:23","modified_gmt":"2019-04-03T10:32:23","slug":"donica-z-cortenu-na-kolkach-marcello-mobile","status":"publish","type":"product","link":"https:\/\/worldofflowerpots.com\/pl\/sklep\/donica-z-cortenu-na-kolkach-marcello-mobile\/","title":{"rendered":"Donica z cortenu na k\u00f3\u0142kach Marcello Mobile"},"content":{"rendered":"<h2>Donica z cortenu na k\u00f3\u0142kach &#8211; Marcello Mobile<\/h2>\n<p>Donice z cortenu ciesz\u0105 si\u0119 coraz wi\u0119ksz\u0105 popularno\u015bci\u0105 w\u015br\u00f3d entuzjast\u00f3w ogrod\u00f3w. Przyczyn\u0105 jest przede wszystkim wyrafinowany design, kt\u00f3ry wpisuje si\u0119 zar\u00f3wno w minimalistyczne, starannie wypiel\u0119gnowane otoczenie, jak i to nieco bardziej naturalne. Donica z cortenu na k\u00f3\u0142kach to \u015bwietny spos\u00f3b, by nada\u0107 aran\u017cacji niebanalny charakter.<\/p>\n<h2><strong>Designerska i funkcjonalna<\/strong><\/h2>\n<p>Donica z cortenu na k\u00f3\u0142kach wyr\u00f3\u017cnia si\u0119 prostot\u0105 formy i charakterystycznym dla tego materia\u0142u rdzawym nalotem. Jest do\u015b\u0107 masywna, dzi\u0119ki czemu stanowi odpowiedni\u0105 opraw\u0119 zar\u00f3wno dla kwiatowych rabat jak i dla krzew\u00f3w czy niewielkich drzewek. Znaczna waga zapewnia ro\u015blinom stabilno\u015b\u0107 i odpowiednie podparcie. Nie grozi jej te\u017c przewr\u00f3cenie przez silny wiatr lub dzieci podczas zabawy. Neutralny odcie\u0144 \u015bwietnie wsp\u00f3\u0142gra z r\u00f3\u017cnymi odcieniami zieleni &#8211; od jasnej, wpadaj\u0105cej w \u017c\u00f3\u0142\u0107, po ciemn\u0105, butelkow\u0105 barw\u0119 li\u015bci czy igie\u0142. Atutem donicy z cortenu na k\u00f3\u0142kach jest jej mobilno\u015b\u0107. Dzi\u0119ki wbudowanym k\u00f3\u0142kom tego rodzaju dodatek mo\u017cna \u0142atwo przemie\u015bci\u0107, szybko zmieniaj\u0105c aran\u017cacj\u0119 ogrodu. Nie trzeba wi\u0119c obawia\u0107 si\u0119 trudno\u015bci zwi\u0105zanych z przesuni\u0119ciem ci\u0119\u017ckiego ogrodowego akcesorium. Donica z cortenu daje wiele mo\u017cliwo\u015bci szybkiej zmiany bez wysi\u0142ku. To du\u017ca zaleta na przyk\u0142ad wtedy, gdy ogr\u00f3d musi szybko zmieni\u0107 sw\u00f3j charakter cho\u0107by podczas grilla z przyjaci\u00f3\u0142mi czy rodzinnego garden party.<\/p>\n<h2><strong>Dlaczego warto wybra\u0107 donic\u0119 z cortenu na k\u00f3\u0142kach?<\/strong><\/h2>\n<p>Powod\u00f3w jest kilka. Pierwszy z nich to wysoka odporno\u015b\u0107 tego rodzaju materia\u0142u na warunki atmosferyczne. Dzieje si\u0119 tak ze wzgl\u0119du na pow\u0142ok\u0119 pokrywaj\u0105c\u0105 stalow\u0105 donic\u0119, kt\u00f3ra jest bardziej wytrzyma\u0142a na przyk\u0142ad na dzia\u0142anie niskich i wysokich temperatur. Naturalna bariera ochronna w postaci nalotu sprawia, \u017ce donica z cortenu jest mniej podatna na opady i wilgo\u0107. To jedna z kluczowych cech, kt\u00f3re doceniaj\u0105 w\u0142a\u015bciciele ogrod\u00f3w. Kolejny pow\u00f3d, dla kt\u00f3rego warto zdecydowa\u0107 si\u0119 na tego typu dodatek, to designerski wygl\u0105d. Donica z cortenu na k\u00f3\u0142kach ma charakterystyczn\u0105 warstw\u0119 wierzchni\u0105 w rdzawym odcieniu. Z up\u0142ywem czasu odcie\u0144 nabiera szlachetno\u015bci i staje si\u0119 coraz bardziej naturalny, wtapiaj\u0105c si\u0119 w otoczenie. Jej kolorystyka jest wyrazista, a zarazem uniwersalna, wi\u0119c b\u0119dzie stanowi\u0107 optymalne uzupe\u0142nienie ogrodu o ka\u017cdej porze roku.<\/p>\n","protected":false},"excerpt":{"rendered":"<p>Donica Marcello Mobile z blachy cortenowej o grubo\u015bci 2 mm. W dnie posiada otw\u00f3r odp\u0142ywowy, natomiast jej \u015bcianki ocieplone s\u0105 styropianem o grubo\u015bci 2 cm. Dzi\u0119ki zastosowaniu k\u00f3\u0142ek mo\u017cna bez problemu przestawi\u0107 donice w dowolne miejsce. Wymiary donicy: d\u0142ugo\u015b\u0107: 60 cm, szeroko\u015b\u0107: 60 cm, wysoko\u015b\u0107: 61,7 cm.<\/p>\n","protected":false},"featured_media":56614,"template":"","meta":{"_acf_changed":false},"product_brand":[],"product_cat":[219,126],"product_tag":[449,450],"class_list":{"0":"post-55825","1":"product","2":"type-product","3":"status-publish","4":"has-post-thumbnail","6":"product_cat-donice-na-kolkach","7":"product_cat-donice-ze-stali-corten","8":"product_tag-donice-z-cortenu","9":"product_tag-donice-z-efektem-rdzy","10":"description-off","11":"tm-has-options","13":"first","14":"instock","15":"shipping-taxable","16":"purchasable","17":"product-type-simple"},"acf":[],"yoast_head":"<!-- This site is optimized with the Yoast SEO plugin v27.5 - https:\/\/yoast.com\/product\/yoast-seo-wordpress\/ -->\n<title>Donica z cortenu na k\u00f3\u0142kach Marcello Mobile - dla \u015brednich ro\u015blin<\/title>\n<meta name=\"description\" content=\"Donica z cortenu na k\u00f3\u0142kach wyr\u00f3\u017cnia si\u0119 prostot\u0105 formy i charakterystycznym dla tego materia\u0142u rdzawym nalotem. Jej waga zapewnia ro\u015blinom stabilno\u015b\u0107.\" \/>\n<meta name=\"robots\" content=\"index, follow, max-snippet:-1, max-image-preview:large, max-video-preview:-1\" \/>\n<link rel=\"canonical\" href=\"https:\/\/worldofflowerpots.com\/sklep\/donica-z-cortenu-na-kolkach-marcello-mobile\/\" \/>\n<meta property=\"og:locale\" content=\"pl_PL\" \/>\n<meta property=\"og:type\" content=\"article\" \/>\n<meta property=\"og:title\" content=\"Donica z cortenu na k\u00f3\u0142kach Marcello Mobile - dla \u015brednich ro\u015blin\" \/>\n<meta property=\"og:description\" content=\"Donica z cortenu na k\u00f3\u0142kach wyr\u00f3\u017cnia si\u0119 prostot\u0105 formy i charakterystycznym dla tego materia\u0142u rdzawym nalotem. Jej waga zapewnia ro\u015blinom stabilno\u015b\u0107.\" \/>\n<meta property=\"og:url\" content=\"https:\/\/worldofflowerpots.com\/sklep\/donica-z-cortenu-na-kolkach-marcello-mobile\/\" \/>\n<meta property=\"og:site_name\" content=\"World of Flowerpots\" \/>\n<meta property=\"article:modified_time\" content=\"2019-04-03T10:32:23+00:00\" \/>\n<meta property=\"og:image\" content=\"https:\/\/worldofflowerpots.com\/wp-content\/uploads\/2019\/03\/donica-z-cortenu-na-k\u00f3\u0142kach-Marcello-Mobile.jpg\" \/>\n\t<meta property=\"og:image:width\" content=\"2280\" \/>\n\t<meta property=\"og:image:height\" content=\"1612\" \/>\n\t<meta property=\"og:image:type\" content=\"image\/jpeg\" \/>\n<meta name=\"twitter:card\" content=\"summary_large_image\" \/>\n<meta name=\"twitter:label1\" content=\"Szacowany czas czytania\" \/>\n\t<meta name=\"twitter:data1\" content=\"2 minuty\" \/>\n<script type=\"application\/ld+json\" class=\"yoast-schema-graph\">{\"@context\":\"https:\\\/\\\/schema.org\",\"@graph\":[{\"@type\":\"WebPage\",\"@id\":\"https:\\\/\\\/worldofflowerpots.com\\\/sklep\\\/donica-z-cortenu-na-kolkach-marcello-mobile\\\/\",\"url\":\"https:\\\/\\\/worldofflowerpots.com\\\/sklep\\\/donica-z-cortenu-na-kolkach-marcello-mobile\\\/\",\"name\":\"Donica z cortenu na k\u00f3\u0142kach Marcello Mobile - dla \u015brednich ro\u015blin\",\"isPartOf\":{\"@id\":\"https:\\\/\\\/worldofflowerpots.com\\\/#website\"},\"primaryImageOfPage\":{\"@id\":\"https:\\\/\\\/worldofflowerpots.com\\\/sklep\\\/donica-z-cortenu-na-kolkach-marcello-mobile\\\/#primaryimage\"},\"image\":{\"@id\":\"https:\\\/\\\/worldofflowerpots.com\\\/sklep\\\/donica-z-cortenu-na-kolkach-marcello-mobile\\\/#primaryimage\"},\"thumbnailUrl\":\"https:\\\/\\\/worldofflowerpots.com\\\/wp-content\\\/uploads\\\/2019\\\/03\\\/donica-z-cortenu-na-k\u00f3\u0142kach-Marcello-Mobile.jpg\",\"datePublished\":\"2019-03-18T12:48:24+00:00\",\"dateModified\":\"2019-04-03T10:32:23+00:00\",\"description\":\"Donica z cortenu na k\u00f3\u0142kach wyr\u00f3\u017cnia si\u0119 prostot\u0105 formy i charakterystycznym dla tego materia\u0142u rdzawym nalotem. Jej waga zapewnia ro\u015blinom stabilno\u015b\u0107.\",\"breadcrumb\":{\"@id\":\"https:\\\/\\\/worldofflowerpots.com\\\/sklep\\\/donica-z-cortenu-na-kolkach-marcello-mobile\\\/#breadcrumb\"},\"inLanguage\":\"pl-PL\",\"potentialAction\":[{\"@type\":\"ReadAction\",\"target\":[\"https:\\\/\\\/worldofflowerpots.com\\\/sklep\\\/donica-z-cortenu-na-kolkach-marcello-mobile\\\/\"]}]},{\"@type\":\"ImageObject\",\"inLanguage\":\"pl-PL\",\"@id\":\"https:\\\/\\\/worldofflowerpots.com\\\/sklep\\\/donica-z-cortenu-na-kolkach-marcello-mobile\\\/#primaryimage\",\"url\":\"https:\\\/\\\/worldofflowerpots.com\\\/wp-content\\\/uploads\\\/2019\\\/03\\\/donica-z-cortenu-na-k\u00f3\u0142kach-Marcello-Mobile.jpg\",\"contentUrl\":\"https:\\\/\\\/worldofflowerpots.com\\\/wp-content\\\/uploads\\\/2019\\\/03\\\/donica-z-cortenu-na-k\u00f3\u0142kach-Marcello-Mobile.jpg\",\"width\":2280,\"height\":1612},{\"@type\":\"BreadcrumbList\",\"@id\":\"https:\\\/\\\/worldofflowerpots.com\\\/sklep\\\/donica-z-cortenu-na-kolkach-marcello-mobile\\\/#breadcrumb\",\"itemListElement\":[{\"@type\":\"ListItem\",\"position\":1,\"name\":\"Strona g\u0142\u00f3wna\",\"item\":\"https:\\\/\\\/worldofflowerpots.com\\\/\"},{\"@type\":\"ListItem\",\"position\":2,\"name\":\"Sklep\",\"item\":\"https:\\\/\\\/worldofflowerpots.com\\\/sklep\\\/\"},{\"@type\":\"ListItem\",\"position\":3,\"name\":\"Donica z cortenu na k\u00f3\u0142kach Marcello Mobile\"}]},{\"@type\":\"WebSite\",\"@id\":\"https:\\\/\\\/worldofflowerpots.com\\\/#website\",\"url\":\"https:\\\/\\\/worldofflowerpots.com\\\/\",\"name\":\"World of Flowerpots\",\"description\":\"producent donic ozdobnych\",\"potentialAction\":[{\"@type\":\"SearchAction\",\"target\":{\"@type\":\"EntryPoint\",\"urlTemplate\":\"https:\\\/\\\/worldofflowerpots.com\\\/?s={search_term_string}\"},\"query-input\":{\"@type\":\"PropertyValueSpecification\",\"valueRequired\":true,\"valueName\":\"search_term_string\"}}],\"inLanguage\":\"pl-PL\"}]}<\/script>\n<!-- \/ Yoast SEO plugin. -->","yoast_head_json":{"title":"Donica z cortenu na k\u00f3\u0142kach Marcello Mobile - dla \u015brednich ro\u015blin","description":"Donica z cortenu na k\u00f3\u0142kach wyr\u00f3\u017cnia si\u0119 prostot\u0105 formy i charakterystycznym dla tego materia\u0142u rdzawym nalotem. Jej waga zapewnia ro\u015blinom stabilno\u015b\u0107.","robots":{"index":"index","follow":"follow","max-snippet":"max-snippet:-1","max-image-preview":"max-image-preview:large","max-video-preview":"max-video-preview:-1"},"canonical":"https:\/\/worldofflowerpots.com\/sklep\/donica-z-cortenu-na-kolkach-marcello-mobile\/","og_locale":"pl_PL","og_type":"article","og_title":"Donica z cortenu na k\u00f3\u0142kach Marcello Mobile - dla \u015brednich ro\u015blin","og_description":"Donica z cortenu na k\u00f3\u0142kach wyr\u00f3\u017cnia si\u0119 prostot\u0105 formy i charakterystycznym dla tego materia\u0142u rdzawym nalotem. Jej waga zapewnia ro\u015blinom stabilno\u015b\u0107.","og_url":"https:\/\/worldofflowerpots.com\/sklep\/donica-z-cortenu-na-kolkach-marcello-mobile\/","og_site_name":"World of Flowerpots","article_modified_time":"2019-04-03T10:32:23+00:00","og_image":[{"width":2280,"height":1612,"url":"https:\/\/worldofflowerpots.com\/wp-content\/uploads\/2019\/03\/donica-z-cortenu-na-k\u00f3\u0142kach-Marcello-Mobile.jpg","type":"image\/jpeg"}],"twitter_card":"summary_large_image","twitter_misc":{"Szacowany czas czytania":"2 minuty"},"schema":{"@context":"https:\/\/schema.org","@graph":[{"@type":"WebPage","@id":"https:\/\/worldofflowerpots.com\/sklep\/donica-z-cortenu-na-kolkach-marcello-mobile\/","url":"https:\/\/worldofflowerpots.com\/sklep\/donica-z-cortenu-na-kolkach-marcello-mobile\/","name":"Donica z cortenu na k\u00f3\u0142kach Marcello Mobile - dla \u015brednich ro\u015blin","isPartOf":{"@id":"https:\/\/worldofflowerpots.com\/#website"},"primaryImageOfPage":{"@id":"https:\/\/worldofflowerpots.com\/sklep\/donica-z-cortenu-na-kolkach-marcello-mobile\/#primaryimage"},"image":{"@id":"https:\/\/worldofflowerpots.com\/sklep\/donica-z-cortenu-na-kolkach-marcello-mobile\/#primaryimage"},"thumbnailUrl":"https:\/\/worldofflowerpots.com\/wp-content\/uploads\/2019\/03\/donica-z-cortenu-na-k\u00f3\u0142kach-Marcello-Mobile.jpg","datePublished":"2019-03-18T12:48:24+00:00","dateModified":"2019-04-03T10:32:23+00:00","description":"Donica z cortenu na k\u00f3\u0142kach wyr\u00f3\u017cnia si\u0119 prostot\u0105 formy i charakterystycznym dla tego materia\u0142u rdzawym nalotem. Jej waga zapewnia ro\u015blinom stabilno\u015b\u0107.","breadcrumb":{"@id":"https:\/\/worldofflowerpots.com\/sklep\/donica-z-cortenu-na-kolkach-marcello-mobile\/#breadcrumb"},"inLanguage":"pl-PL","potentialAction":[{"@type":"ReadAction","target":["https:\/\/worldofflowerpots.com\/sklep\/donica-z-cortenu-na-kolkach-marcello-mobile\/"]}]},{"@type":"ImageObject","inLanguage":"pl-PL","@id":"https:\/\/worldofflowerpots.com\/sklep\/donica-z-cortenu-na-kolkach-marcello-mobile\/#primaryimage","url":"https:\/\/worldofflowerpots.com\/wp-content\/uploads\/2019\/03\/donica-z-cortenu-na-k\u00f3\u0142kach-Marcello-Mobile.jpg","contentUrl":"https:\/\/worldofflowerpots.com\/wp-content\/uploads\/2019\/03\/donica-z-cortenu-na-k\u00f3\u0142kach-Marcello-Mobile.jpg","width":2280,"height":1612},{"@type":"BreadcrumbList","@id":"https:\/\/worldofflowerpots.com\/sklep\/donica-z-cortenu-na-kolkach-marcello-mobile\/#breadcrumb","itemListElement":[{"@type":"ListItem","position":1,"name":"Strona g\u0142\u00f3wna","item":"https:\/\/worldofflowerpots.com\/"},{"@type":"ListItem","position":2,"name":"Sklep","item":"https:\/\/worldofflowerpots.com\/sklep\/"},{"@type":"ListItem","position":3,"name":"Donica z cortenu na k\u00f3\u0142kach Marcello Mobile"}]},{"@type":"WebSite","@id":"https:\/\/worldofflowerpots.com\/#website","url":"https:\/\/worldofflowerpots.com\/","name":"World of Flowerpots","description":"producent donic ozdobnych","potentialAction":[{"@type":"SearchAction","target":{"@type":"EntryPoint","urlTemplate":"https:\/\/worldofflowerpots.com\/?s={search_term_string}"},"query-input":{"@type":"PropertyValueSpecification","valueRequired":true,"valueName":"search_term_string"}}],"inLanguage":"pl-PL"}]}},"_links":{"self":[{"href":"https:\/\/worldofflowerpots.com\/pl\/wp-json\/wp\/v2\/product\/55825","targetHints":{"allow":["GET"]}}],"collection":[{"href":"https:\/\/worldofflowerpots.com\/pl\/wp-json\/wp\/v2\/product"}],"about":[{"href":"https:\/\/worldofflowerpots.com\/pl\/wp-json\/wp\/v2\/types\/product"}],"wp:featuredmedia":[{"embeddable":true,"href":"https:\/\/worldofflowerpots.com\/pl\/wp-json\/wp\/v2\/media\/56614"}],"wp:attachment":[{"href":"https:\/\/worldofflowerpots.com\/pl\/wp-json\/wp\/v2\/media?parent=55825"}],"wp:term":[{"taxonomy":"product_brand","embeddable":true,"href":"https:\/\/worldofflowerpots.com\/pl\/wp-json\/wp\/v2\/product_brand?post=55825"},{"taxonomy":"product_cat","embeddable":true,"href":"https:\/\/worldofflowerpots.com\/pl\/wp-json\/wp\/v2\/product_cat?post=55825"},{"taxonomy":"product_tag","embeddable":true,"href":"https:\/\/worldofflowerpots.com\/pl\/wp-json\/wp\/v2\/product_tag?post=55825"}],"curies":[{"name":"wp","href":"https:\/\/api.w.org\/{rel}","templated":true}]}}