{"id":55867,"date":"2019-03-18T14:32:31","date_gmt":"2019-03-18T13:32:31","guid":{"rendered":"https:\/\/worldofflowerpots.com\/?post_type=product&#038;p=55867"},"modified":"2019-04-04T09:46:11","modified_gmt":"2019-04-04T07:46:11","slug":"donice-do-kwiatow-duze-alessio-14","status":"publish","type":"product","link":"https:\/\/worldofflowerpots.com\/pl\/sklep\/donice-do-kwiatow-duze-alessio-14\/","title":{"rendered":"Donice do kwiat\u00f3w du\u017ce Alessio 14"},"content":{"rendered":"<h2>Donice do kwiat\u00f3w du\u017ce czy ma\u0142e?<\/h2>\n<p>Ka\u017cdy kto ma dom i ogr\u00f3d stara si\u0119, aby znajdowa\u0142o si\u0119 w nim jak najwi\u0119cej \u017cywych kwiat\u00f3w. Szczeg\u00f3lnie jest tak wiosn\u0105 oraz latem, poniewa\u017c wtedy wszystko budzi si\u0119 do \u017cycia i rozkwita. W tym celu warto jest zakupi\u0107 odpowiednie donice, w jakich b\u0119dzie mo\u017cna posadzi\u0107 pi\u0119kne kwiaty przede wszystkim w ogrodzie. Donicami godnymi polecenia s\u0105 donice Allessio 14, kt\u00f3re nie do\u015b\u0107, \u017ce s\u0105 pi\u0119kne to w dodatku wykonane s\u0105 z aluminium. Donice te cechuj\u0105 si\u0119 tym, i\u017c wykonane s\u0105 z odpornego materia\u0142u na dzia\u0142anie niekorzystnych warunk\u00f3w atmosferycznych takich jak chocia\u017cby deszcz, s\u0142o\u0144ce, mro\u017a czy wiatr. Dzi\u0119ki temu nie wymagaj\u0105 cz\u0119stego odnawiania oraz bardzo dok\u0142adnego dbania o nie. Nie trzeba si\u0119 r\u00f3wnie\u017c martwi\u0107 o to, \u017ce zaczn\u0105 gni\u0107 czy krusze\u0107, poniewa\u017c aluminium jest bardzo odpornym materia\u0142em.<\/p>\n<h2>Ideale dla du\u017cych ro\u015blin<\/h2>\n<p>Alessio 14 to donice do kwiat\u00f3w du\u017ce i bardzo okazale si\u0119 prezentuj\u0105. Dzieje si\u0119 to za spraw\u0105 ich rozmiar\u00f3w, jakie wynosz\u0105: 1600 x 1600 x h:500 mm. To te\u017c nawet w du\u017cych ogrodach czy te\u017c na okaza\u0142ym tarasie b\u0119d\u0105 si\u0119 rzuca\u0107 w oczy. Donice aluminiowe dzi\u0119ki atutom, kt\u00f3re posiadaj\u0105 zyska\u0142y uznanie wielu os\u00f3b i s\u0105 bardzo ch\u0119tnie wybierane. Spe\u0142niaj\u0105 bowiem wymogi nawet najbardziej drobiazgowych os\u00f3b. W du\u017cej mierze ma na to tak\u017ce wp\u0142yw kszta\u0142t oraz kolorystyka tych donic, gdy\u017c wygl\u0105daj\u0105 na bardzo eleganckie. Poza tym mo\u017cna w nich tworzy\u0107 r\u00f3\u017cnego rodzaju aran\u017cacje w zale\u017cno\u015bci od pory roku. To te\u017c nawet zim\u0105 donice do kwiat\u00f3w du\u017ce mog\u0105 si\u0119 przyda\u0107, poniewa\u017c mo\u017ce si\u0119 w nich znale\u017a\u0107 pomys\u0142owa dekoracja \u015bwi\u0105teczna. Dzi\u0119ki temu nie trzeba si\u0119 martwi\u0107 o to, \u017ce donice sta\u0142yby puste przez jaki\u015b czas albo trzeba by by\u0142o je chowa\u0107 do gara\u017cu.<\/p>\n<p>Ze wzgl\u0119du na ich rozmiary donice do kwiat\u00f3w du\u017ce trudno przenosi\u0107 je\u017celi s\u0105 nape\u0142nione ziemi\u0105. Dlatego przed przyst\u0105pieniem do nape\u0142nienia ich trzeba si\u0119 dobrze zastanowi\u0107, gdzie dok\u0142adnie maj\u0105 sta\u0107, \u017ceby w przysz\u0142o\u015bci nie przeszkadza\u0142y. Dzi\u0119ki temu nie b\u0119dzie niepotrzebnych problem\u00f3w. Tak\u017ce jest to bardzo dobry spos\u00f3b na z\u0142odzieja, poniewa\u017c ze wzgl\u0119du na wag\u0119 donicy nie b\u0119dzie jej w stanie przenie\u015b\u0107. To te\u017c nawet podczas d\u0142u\u017cszej nieobecno\u015bci w\u0142a\u015bcicieli donice b\u0119d\u0105 w zupe\u0142no\u015bci bezpieczne.<\/p>\n","protected":false},"excerpt":{"rendered":"<p>Donica aluminiowa Alessio 14 produkowana jest we wszystkich kolorach palety RAL. Donica produkowana jest w standardzie z otworami odp\u0142ywowymi. Waga to: 68 kg, a wymiary: d\u0142ugo\u015b\u0107: 160 cm, szeroko\u015b\u0107: 160 cm, wysoko\u015b\u0107: 50 cm. Zalecane stosowanie jako donica do ogrodu.<\/p>\n","protected":false},"featured_media":57237,"template":"","meta":{"_acf_changed":false},"product_brand":[],"product_cat":[116],"product_tag":[446,444,451],"class_list":{"0":"post-55867","1":"product","2":"type-product","3":"status-publish","4":"has-post-thumbnail","6":"product_cat-donice-z-aluminium","7":"product_tag-donice-aluminiowe","8":"product_tag-donice-ogrodowe","9":"product_tag-donice-wewnetrzne","10":"description-off","11":"tm-has-options","13":"first","14":"instock","15":"shipping-taxable","16":"purchasable","17":"product-type-simple"},"acf":[],"yoast_head":"<!-- This site is optimized with the Yoast SEO plugin v27.5 - https:\/\/yoast.com\/product\/yoast-seo-wordpress\/ -->\n<title>Donice do kwiat\u00f3w du\u017ce Alessio 14 - wielkie donice dla wielkich aran\u017cacji<\/title>\n<meta name=\"description\" content=\"Alessio 14 to donice do kwiat\u00f3w du\u017ce i bardzo okazale si\u0119 prezentuj\u0105. To te\u017c nawet w du\u017cych ogrodach czy te\u017c na okaza\u0142ym tarasie b\u0119d\u0105 si\u0119 rzuca\u0107 w oczy.\" \/>\n<meta name=\"robots\" content=\"index, follow, max-snippet:-1, max-image-preview:large, max-video-preview:-1\" \/>\n<link rel=\"canonical\" href=\"https:\/\/worldofflowerpots.com\/sklep\/donice-do-kwiatow-duze-alessio-14\/\" \/>\n<meta property=\"og:locale\" content=\"pl_PL\" \/>\n<meta property=\"og:type\" content=\"article\" \/>\n<meta property=\"og:title\" content=\"Donice do kwiat\u00f3w du\u017ce Alessio 14 - wielkie donice dla wielkich aran\u017cacji\" \/>\n<meta property=\"og:description\" content=\"Alessio 14 to donice do kwiat\u00f3w du\u017ce i bardzo okazale si\u0119 prezentuj\u0105. To te\u017c nawet w du\u017cych ogrodach czy te\u017c na okaza\u0142ym tarasie b\u0119d\u0105 si\u0119 rzuca\u0107 w oczy.\" \/>\n<meta property=\"og:url\" content=\"https:\/\/worldofflowerpots.com\/sklep\/donice-do-kwiatow-duze-alessio-14\/\" \/>\n<meta property=\"og:site_name\" content=\"World of Flowerpots\" \/>\n<meta property=\"article:modified_time\" content=\"2019-04-04T07:46:11+00:00\" \/>\n<meta property=\"og:image\" content=\"https:\/\/worldofflowerpots.com\/wp-content\/uploads\/2019\/03\/donice-do-kwiat\u00f3w-du\u017ce-Alessio_14.jpg\" \/>\n\t<meta property=\"og:image:width\" content=\"2280\" \/>\n\t<meta property=\"og:image:height\" content=\"1612\" \/>\n\t<meta property=\"og:image:type\" content=\"image\/jpeg\" \/>\n<meta name=\"twitter:card\" content=\"summary_large_image\" \/>\n<meta name=\"twitter:label1\" content=\"Szacowany czas czytania\" \/>\n\t<meta name=\"twitter:data1\" content=\"2 minuty\" \/>\n<script type=\"application\/ld+json\" class=\"yoast-schema-graph\">{\"@context\":\"https:\\\/\\\/schema.org\",\"@graph\":[{\"@type\":\"WebPage\",\"@id\":\"https:\\\/\\\/worldofflowerpots.com\\\/sklep\\\/donice-do-kwiatow-duze-alessio-14\\\/\",\"url\":\"https:\\\/\\\/worldofflowerpots.com\\\/sklep\\\/donice-do-kwiatow-duze-alessio-14\\\/\",\"name\":\"Donice do kwiat\u00f3w du\u017ce Alessio 14 - wielkie donice dla wielkich aran\u017cacji\",\"isPartOf\":{\"@id\":\"https:\\\/\\\/worldofflowerpots.com\\\/#website\"},\"primaryImageOfPage\":{\"@id\":\"https:\\\/\\\/worldofflowerpots.com\\\/sklep\\\/donice-do-kwiatow-duze-alessio-14\\\/#primaryimage\"},\"image\":{\"@id\":\"https:\\\/\\\/worldofflowerpots.com\\\/sklep\\\/donice-do-kwiatow-duze-alessio-14\\\/#primaryimage\"},\"thumbnailUrl\":\"https:\\\/\\\/worldofflowerpots.com\\\/wp-content\\\/uploads\\\/2019\\\/03\\\/donice-do-kwiat\u00f3w-du\u017ce-Alessio_14.jpg\",\"datePublished\":\"2019-03-18T13:32:31+00:00\",\"dateModified\":\"2019-04-04T07:46:11+00:00\",\"description\":\"Alessio 14 to donice do kwiat\u00f3w du\u017ce i bardzo okazale si\u0119 prezentuj\u0105. To te\u017c nawet w du\u017cych ogrodach czy te\u017c na okaza\u0142ym tarasie b\u0119d\u0105 si\u0119 rzuca\u0107 w oczy.\",\"breadcrumb\":{\"@id\":\"https:\\\/\\\/worldofflowerpots.com\\\/sklep\\\/donice-do-kwiatow-duze-alessio-14\\\/#breadcrumb\"},\"inLanguage\":\"pl-PL\",\"potentialAction\":[{\"@type\":\"ReadAction\",\"target\":[\"https:\\\/\\\/worldofflowerpots.com\\\/sklep\\\/donice-do-kwiatow-duze-alessio-14\\\/\"]}]},{\"@type\":\"ImageObject\",\"inLanguage\":\"pl-PL\",\"@id\":\"https:\\\/\\\/worldofflowerpots.com\\\/sklep\\\/donice-do-kwiatow-duze-alessio-14\\\/#primaryimage\",\"url\":\"https:\\\/\\\/worldofflowerpots.com\\\/wp-content\\\/uploads\\\/2019\\\/03\\\/donice-do-kwiat\u00f3w-du\u017ce-Alessio_14.jpg\",\"contentUrl\":\"https:\\\/\\\/worldofflowerpots.com\\\/wp-content\\\/uploads\\\/2019\\\/03\\\/donice-do-kwiat\u00f3w-du\u017ce-Alessio_14.jpg\",\"width\":2280,\"height\":1612},{\"@type\":\"BreadcrumbList\",\"@id\":\"https:\\\/\\\/worldofflowerpots.com\\\/sklep\\\/donice-do-kwiatow-duze-alessio-14\\\/#breadcrumb\",\"itemListElement\":[{\"@type\":\"ListItem\",\"position\":1,\"name\":\"Strona g\u0142\u00f3wna\",\"item\":\"https:\\\/\\\/worldofflowerpots.com\\\/\"},{\"@type\":\"ListItem\",\"position\":2,\"name\":\"Sklep\",\"item\":\"https:\\\/\\\/worldofflowerpots.com\\\/sklep\\\/\"},{\"@type\":\"ListItem\",\"position\":3,\"name\":\"Donice do kwiat\u00f3w du\u017ce Alessio 14\"}]},{\"@type\":\"WebSite\",\"@id\":\"https:\\\/\\\/worldofflowerpots.com\\\/#website\",\"url\":\"https:\\\/\\\/worldofflowerpots.com\\\/\",\"name\":\"World of Flowerpots\",\"description\":\"producent donic ozdobnych\",\"potentialAction\":[{\"@type\":\"SearchAction\",\"target\":{\"@type\":\"EntryPoint\",\"urlTemplate\":\"https:\\\/\\\/worldofflowerpots.com\\\/?s={search_term_string}\"},\"query-input\":{\"@type\":\"PropertyValueSpecification\",\"valueRequired\":true,\"valueName\":\"search_term_string\"}}],\"inLanguage\":\"pl-PL\"}]}<\/script>\n<!-- \/ Yoast SEO plugin. -->","yoast_head_json":{"title":"Donice do kwiat\u00f3w du\u017ce Alessio 14 - wielkie donice dla wielkich aran\u017cacji","description":"Alessio 14 to donice do kwiat\u00f3w du\u017ce i bardzo okazale si\u0119 prezentuj\u0105. To te\u017c nawet w du\u017cych ogrodach czy te\u017c na okaza\u0142ym tarasie b\u0119d\u0105 si\u0119 rzuca\u0107 w oczy.","robots":{"index":"index","follow":"follow","max-snippet":"max-snippet:-1","max-image-preview":"max-image-preview:large","max-video-preview":"max-video-preview:-1"},"canonical":"https:\/\/worldofflowerpots.com\/sklep\/donice-do-kwiatow-duze-alessio-14\/","og_locale":"pl_PL","og_type":"article","og_title":"Donice do kwiat\u00f3w du\u017ce Alessio 14 - wielkie donice dla wielkich aran\u017cacji","og_description":"Alessio 14 to donice do kwiat\u00f3w du\u017ce i bardzo okazale si\u0119 prezentuj\u0105. To te\u017c nawet w du\u017cych ogrodach czy te\u017c na okaza\u0142ym tarasie b\u0119d\u0105 si\u0119 rzuca\u0107 w oczy.","og_url":"https:\/\/worldofflowerpots.com\/sklep\/donice-do-kwiatow-duze-alessio-14\/","og_site_name":"World of Flowerpots","article_modified_time":"2019-04-04T07:46:11+00:00","og_image":[{"width":2280,"height":1612,"url":"https:\/\/worldofflowerpots.com\/wp-content\/uploads\/2019\/03\/donice-do-kwiat\u00f3w-du\u017ce-Alessio_14.jpg","type":"image\/jpeg"}],"twitter_card":"summary_large_image","twitter_misc":{"Szacowany czas czytania":"2 minuty"},"schema":{"@context":"https:\/\/schema.org","@graph":[{"@type":"WebPage","@id":"https:\/\/worldofflowerpots.com\/sklep\/donice-do-kwiatow-duze-alessio-14\/","url":"https:\/\/worldofflowerpots.com\/sklep\/donice-do-kwiatow-duze-alessio-14\/","name":"Donice do kwiat\u00f3w du\u017ce Alessio 14 - wielkie donice dla wielkich aran\u017cacji","isPartOf":{"@id":"https:\/\/worldofflowerpots.com\/#website"},"primaryImageOfPage":{"@id":"https:\/\/worldofflowerpots.com\/sklep\/donice-do-kwiatow-duze-alessio-14\/#primaryimage"},"image":{"@id":"https:\/\/worldofflowerpots.com\/sklep\/donice-do-kwiatow-duze-alessio-14\/#primaryimage"},"thumbnailUrl":"https:\/\/worldofflowerpots.com\/wp-content\/uploads\/2019\/03\/donice-do-kwiat\u00f3w-du\u017ce-Alessio_14.jpg","datePublished":"2019-03-18T13:32:31+00:00","dateModified":"2019-04-04T07:46:11+00:00","description":"Alessio 14 to donice do kwiat\u00f3w du\u017ce i bardzo okazale si\u0119 prezentuj\u0105. To te\u017c nawet w du\u017cych ogrodach czy te\u017c na okaza\u0142ym tarasie b\u0119d\u0105 si\u0119 rzuca\u0107 w oczy.","breadcrumb":{"@id":"https:\/\/worldofflowerpots.com\/sklep\/donice-do-kwiatow-duze-alessio-14\/#breadcrumb"},"inLanguage":"pl-PL","potentialAction":[{"@type":"ReadAction","target":["https:\/\/worldofflowerpots.com\/sklep\/donice-do-kwiatow-duze-alessio-14\/"]}]},{"@type":"ImageObject","inLanguage":"pl-PL","@id":"https:\/\/worldofflowerpots.com\/sklep\/donice-do-kwiatow-duze-alessio-14\/#primaryimage","url":"https:\/\/worldofflowerpots.com\/wp-content\/uploads\/2019\/03\/donice-do-kwiat\u00f3w-du\u017ce-Alessio_14.jpg","contentUrl":"https:\/\/worldofflowerpots.com\/wp-content\/uploads\/2019\/03\/donice-do-kwiat\u00f3w-du\u017ce-Alessio_14.jpg","width":2280,"height":1612},{"@type":"BreadcrumbList","@id":"https:\/\/worldofflowerpots.com\/sklep\/donice-do-kwiatow-duze-alessio-14\/#breadcrumb","itemListElement":[{"@type":"ListItem","position":1,"name":"Strona g\u0142\u00f3wna","item":"https:\/\/worldofflowerpots.com\/"},{"@type":"ListItem","position":2,"name":"Sklep","item":"https:\/\/worldofflowerpots.com\/sklep\/"},{"@type":"ListItem","position":3,"name":"Donice do kwiat\u00f3w du\u017ce Alessio 14"}]},{"@type":"WebSite","@id":"https:\/\/worldofflowerpots.com\/#website","url":"https:\/\/worldofflowerpots.com\/","name":"World of Flowerpots","description":"producent donic ozdobnych","potentialAction":[{"@type":"SearchAction","target":{"@type":"EntryPoint","urlTemplate":"https:\/\/worldofflowerpots.com\/?s={search_term_string}"},"query-input":{"@type":"PropertyValueSpecification","valueRequired":true,"valueName":"search_term_string"}}],"inLanguage":"pl-PL"}]}},"_links":{"self":[{"href":"https:\/\/worldofflowerpots.com\/pl\/wp-json\/wp\/v2\/product\/55867","targetHints":{"allow":["GET"]}}],"collection":[{"href":"https:\/\/worldofflowerpots.com\/pl\/wp-json\/wp\/v2\/product"}],"about":[{"href":"https:\/\/worldofflowerpots.com\/pl\/wp-json\/wp\/v2\/types\/product"}],"wp:featuredmedia":[{"embeddable":true,"href":"https:\/\/worldofflowerpots.com\/pl\/wp-json\/wp\/v2\/media\/57237"}],"wp:attachment":[{"href":"https:\/\/worldofflowerpots.com\/pl\/wp-json\/wp\/v2\/media?parent=55867"}],"wp:term":[{"taxonomy":"product_brand","embeddable":true,"href":"https:\/\/worldofflowerpots.com\/pl\/wp-json\/wp\/v2\/product_brand?post=55867"},{"taxonomy":"product_cat","embeddable":true,"href":"https:\/\/worldofflowerpots.com\/pl\/wp-json\/wp\/v2\/product_cat?post=55867"},{"taxonomy":"product_tag","embeddable":true,"href":"https:\/\/worldofflowerpots.com\/pl\/wp-json\/wp\/v2\/product_tag?post=55867"}],"curies":[{"name":"wp","href":"https:\/\/api.w.org\/{rel}","templated":true}]}}