{"id":56025,"date":"2019-03-19T10:30:35","date_gmt":"2019-03-19T09:30:35","guid":{"rendered":"https:\/\/worldofflowerpots.com\/?post_type=product&#038;p=56025"},"modified":"2019-04-04T09:44:31","modified_gmt":"2019-04-04T07:44:31","slug":"dluga-doniczka-alessio-9","status":"publish","type":"product","link":"https:\/\/worldofflowerpots.com\/pl\/sklep\/dluga-doniczka-alessio-9\/","title":{"rendered":"D\u0142uga doniczka Alessio 9"},"content":{"rendered":"<h2>Minimalizm i pi\u0119kno donicy aluminiowej<\/h2>\n<p>Wraz z id\u0105cym duchem czasu, nasze przydomowe ogrody i\u00a0wype\u0142nione ro\u015blinno\u015bci\u0105 tarasy, zaczynaj\u0105 potrzebowa\u0107 nowoczesnego orze\u017awienia. Takiego orze\u017awienia doznaj\u0105 kiedy ustawiamy \u00a0w nich eleganck\u0105 donic\u0119 aluminiow\u0105 Alessio 9.<\/p>\n<h2>Estetyka na pierwszym miejscu<\/h2>\n<p>Podziwiaj\u0105c ogrody i tarasy pe\u0142ne zieleni, oczekujemy odnalezienia kontrastuj\u0105cego z reszt\u0105 obiektu, jednocze\u015bnie upi\u0119kszaj\u0105cego ca\u0142\u0105 widoczn\u0105 dla nas szat\u0119 ro\u015blinn\u0105. Takim produktem jest d\u0142uga doniczka aluminiowa Alessio 9. Dzi\u0119ki starannemu zaprojektowaniu aluminiowej obudowie, staj\u0105cej si\u0119 co raz bardziej modniejsz\u0105 Alessio 9 prezentuje unikatowy wygl\u0105d, zdolny zachwyci\u0107 ka\u017cdego. Aluminium u\u017cywane do produkcji donicy, pozwala jej na wytrzymanie niekorzystnych dla zwyk\u0142ych donic warunk\u00f3w pogodowych. Dodatkowo dzi\u0119ki otworom odp\u0142ywowym, kt\u00f3re s\u0105 umieszczone w dnie, zalegaj\u0105cy nadmiar woda zostaje szybko usuni\u0119ty z donicy. D\u0142uga doniczka aluminiowa znajduje zastosowanie dla siebie nie tylko w ogrodach i na tarasach. Dobrze si\u0119 sprawdza tak\u017ce wewn\u0105trz domu, na podje\u017adzie lub wsz\u0119dzie tam, gdzie b\u0119dziemy chcieli dozna\u0107 wi\u0119kszych estetycznych dozna\u0144.<\/p>\n<h2>Budowa stworzona dla ro\u015blin<\/h2>\n<p>Rozmiar 2300 x 500 mm i 400 mm wysoko\u015bci oddaje w nasze r\u0119ce doniczk\u0119, kt\u00f3ra sprawdzi si\u0119 w ka\u017cdych warunkach. Donice aluminiowe s\u0105 odporne na dzia\u0142anie warunk\u00f3w atmosferycznych. Pozwoli nam na obecno\u015b\u0107 posadzonych w bliskim otoczeniu ma\u0142ych ro\u015blin lub ma\u0142ych drzew ozdobnych znajduj\u0105cych swoje miejsce w ogrodach. \u00a0Rozmiary doniczki pozwol\u0105 nam na posadzenie du\u017cej ilo\u015bci zieleni, kt\u00f3ra dzi\u0119ki odpowiednim rozmieszczeniu b\u0119dzie mog\u0142a bezproblemowo rosn\u0105\u0107 nawet w niesprzyjaj\u0105cych warunkach atmosferycznych. Doniczka mo\u017ce zosta\u0107 u\u017cyta wed\u0142ug naszych upodoba\u0144. Tylko od nas zale\u017cy czy chcemy, aby by\u0142a ods\u0142oni\u0119ta na ca\u0142ej swojej wysoko\u015bci, a mo\u017ce zosta\u0142a cz\u0119\u015bciowo zas\u0142oni\u0119ta otaczaj\u0105cymi j\u0105 krzewami lub ozdobnymi kamieniami.<\/p>\n<p>Estetyczny, minimalistyczny wygl\u0105d i zjawiskowa d\u0142ugo\u015b\u0107 doniczki pozwalaj\u0105 na komfortowe u\u0142o\u017cenie doniczki w odpowiednim dla nas miejscu. Zapewnia to ro\u015blinom jak najlepszy rozw\u00f3j, a tak\u017ce u\u0142o\u017cenie pozwalaj\u0105ce na bezpieczny wzrost. D\u0142uga doniczka aluminiowa Alessio 9 jest stworzona dla ka\u017cdej osoby ceni\u0105cej sobie wytrzyma\u0142o\u015b\u0107 i przejrzysty design.<\/p>\n","protected":false},"excerpt":{"rendered":"<p>Donica aluminiowa Alessio 9 produkowana jest we wszystkich kolorach palety RAL. Donica produkowana jest w standardzie z otworami odp\u0142ywowymi. Waga to: 37 kg, a wymiary: d\u0142ugo\u015b\u0107: 230 cm, szeroko\u015b\u0107: 50 cm, wysoko\u015b\u0107: 40 cm. Zalecane stosowanie jako donica ogrodowa.<\/p>\n","protected":false},"featured_media":57227,"template":"","meta":{"_acf_changed":false},"product_brand":[],"product_cat":[116],"product_tag":[446,444,447,451],"class_list":{"0":"post-56025","1":"product","2":"type-product","3":"status-publish","4":"has-post-thumbnail","6":"product_cat-donice-z-aluminium","7":"product_tag-donice-aluminiowe","8":"product_tag-donice-ogrodowe","9":"product_tag-donice-tarasowe","10":"product_tag-donice-wewnetrzne","11":"description-off","12":"tm-has-options","14":"first","15":"instock","16":"shipping-taxable","17":"purchasable","18":"product-type-simple"},"acf":[],"yoast_head":"<!-- This site is optimized with the Yoast SEO plugin v27.5 - https:\/\/yoast.com\/product\/yoast-seo-wordpress\/ -->\n<title>D\u0142uga doniczka Alessio 9 - do ogrodu, na podjazd i do galerii handlowej<\/title>\n<meta name=\"description\" content=\"D\u0142uga doniczka aluminiowa znajduje zastosowanie dla siebie nie tylko w ogrodach i na tarasach. Mo\u017ce te\u017c byc zastosowana w miejscach u\u017cyteczno\u015bci publicznej.\" \/>\n<meta name=\"robots\" content=\"index, follow, max-snippet:-1, max-image-preview:large, max-video-preview:-1\" \/>\n<link rel=\"canonical\" href=\"https:\/\/worldofflowerpots.com\/sklep\/dluga-doniczka-alessio-9\/\" \/>\n<meta property=\"og:locale\" content=\"pl_PL\" \/>\n<meta property=\"og:type\" content=\"article\" \/>\n<meta property=\"og:title\" content=\"D\u0142uga doniczka Alessio 9 - do ogrodu, na podjazd i do galerii handlowej\" \/>\n<meta property=\"og:description\" content=\"D\u0142uga doniczka aluminiowa znajduje zastosowanie dla siebie nie tylko w ogrodach i na tarasach. Mo\u017ce te\u017c byc zastosowana w miejscach u\u017cyteczno\u015bci publicznej.\" \/>\n<meta property=\"og:url\" content=\"https:\/\/worldofflowerpots.com\/sklep\/dluga-doniczka-alessio-9\/\" \/>\n<meta property=\"og:site_name\" content=\"World of Flowerpots\" \/>\n<meta property=\"article:modified_time\" content=\"2019-04-04T07:44:31+00:00\" \/>\n<meta property=\"og:image\" content=\"https:\/\/worldofflowerpots.com\/wp-content\/uploads\/2019\/03\/d\u0142uga-doniczka-Alessio_9.jpg\" \/>\n\t<meta property=\"og:image:width\" content=\"2280\" \/>\n\t<meta property=\"og:image:height\" content=\"1612\" \/>\n\t<meta property=\"og:image:type\" content=\"image\/jpeg\" \/>\n<meta name=\"twitter:card\" content=\"summary_large_image\" \/>\n<meta name=\"twitter:label1\" content=\"Szacowany czas czytania\" \/>\n\t<meta name=\"twitter:data1\" content=\"2 minuty\" \/>\n<script type=\"application\/ld+json\" class=\"yoast-schema-graph\">{\"@context\":\"https:\\\/\\\/schema.org\",\"@graph\":[{\"@type\":\"WebPage\",\"@id\":\"https:\\\/\\\/worldofflowerpots.com\\\/sklep\\\/dluga-doniczka-alessio-9\\\/\",\"url\":\"https:\\\/\\\/worldofflowerpots.com\\\/sklep\\\/dluga-doniczka-alessio-9\\\/\",\"name\":\"D\u0142uga doniczka Alessio 9 - do ogrodu, na podjazd i do galerii handlowej\",\"isPartOf\":{\"@id\":\"https:\\\/\\\/worldofflowerpots.com\\\/#website\"},\"primaryImageOfPage\":{\"@id\":\"https:\\\/\\\/worldofflowerpots.com\\\/sklep\\\/dluga-doniczka-alessio-9\\\/#primaryimage\"},\"image\":{\"@id\":\"https:\\\/\\\/worldofflowerpots.com\\\/sklep\\\/dluga-doniczka-alessio-9\\\/#primaryimage\"},\"thumbnailUrl\":\"https:\\\/\\\/worldofflowerpots.com\\\/wp-content\\\/uploads\\\/2019\\\/03\\\/d\u0142uga-doniczka-Alessio_9.jpg\",\"datePublished\":\"2019-03-19T09:30:35+00:00\",\"dateModified\":\"2019-04-04T07:44:31+00:00\",\"description\":\"D\u0142uga doniczka aluminiowa znajduje zastosowanie dla siebie nie tylko w ogrodach i na tarasach. Mo\u017ce te\u017c byc zastosowana w miejscach u\u017cyteczno\u015bci publicznej.\",\"breadcrumb\":{\"@id\":\"https:\\\/\\\/worldofflowerpots.com\\\/sklep\\\/dluga-doniczka-alessio-9\\\/#breadcrumb\"},\"inLanguage\":\"pl-PL\",\"potentialAction\":[{\"@type\":\"ReadAction\",\"target\":[\"https:\\\/\\\/worldofflowerpots.com\\\/sklep\\\/dluga-doniczka-alessio-9\\\/\"]}]},{\"@type\":\"ImageObject\",\"inLanguage\":\"pl-PL\",\"@id\":\"https:\\\/\\\/worldofflowerpots.com\\\/sklep\\\/dluga-doniczka-alessio-9\\\/#primaryimage\",\"url\":\"https:\\\/\\\/worldofflowerpots.com\\\/wp-content\\\/uploads\\\/2019\\\/03\\\/d\u0142uga-doniczka-Alessio_9.jpg\",\"contentUrl\":\"https:\\\/\\\/worldofflowerpots.com\\\/wp-content\\\/uploads\\\/2019\\\/03\\\/d\u0142uga-doniczka-Alessio_9.jpg\",\"width\":2280,\"height\":1612},{\"@type\":\"BreadcrumbList\",\"@id\":\"https:\\\/\\\/worldofflowerpots.com\\\/sklep\\\/dluga-doniczka-alessio-9\\\/#breadcrumb\",\"itemListElement\":[{\"@type\":\"ListItem\",\"position\":1,\"name\":\"Strona g\u0142\u00f3wna\",\"item\":\"https:\\\/\\\/worldofflowerpots.com\\\/\"},{\"@type\":\"ListItem\",\"position\":2,\"name\":\"Sklep\",\"item\":\"https:\\\/\\\/worldofflowerpots.com\\\/sklep\\\/\"},{\"@type\":\"ListItem\",\"position\":3,\"name\":\"D\u0142uga doniczka Alessio 9\"}]},{\"@type\":\"WebSite\",\"@id\":\"https:\\\/\\\/worldofflowerpots.com\\\/#website\",\"url\":\"https:\\\/\\\/worldofflowerpots.com\\\/\",\"name\":\"World of Flowerpots\",\"description\":\"producent donic ozdobnych\",\"potentialAction\":[{\"@type\":\"SearchAction\",\"target\":{\"@type\":\"EntryPoint\",\"urlTemplate\":\"https:\\\/\\\/worldofflowerpots.com\\\/?s={search_term_string}\"},\"query-input\":{\"@type\":\"PropertyValueSpecification\",\"valueRequired\":true,\"valueName\":\"search_term_string\"}}],\"inLanguage\":\"pl-PL\"}]}<\/script>\n<!-- \/ Yoast SEO plugin. -->","yoast_head_json":{"title":"D\u0142uga doniczka Alessio 9 - do ogrodu, na podjazd i do galerii handlowej","description":"D\u0142uga doniczka aluminiowa znajduje zastosowanie dla siebie nie tylko w ogrodach i na tarasach. Mo\u017ce te\u017c byc zastosowana w miejscach u\u017cyteczno\u015bci publicznej.","robots":{"index":"index","follow":"follow","max-snippet":"max-snippet:-1","max-image-preview":"max-image-preview:large","max-video-preview":"max-video-preview:-1"},"canonical":"https:\/\/worldofflowerpots.com\/sklep\/dluga-doniczka-alessio-9\/","og_locale":"pl_PL","og_type":"article","og_title":"D\u0142uga doniczka Alessio 9 - do ogrodu, na podjazd i do galerii handlowej","og_description":"D\u0142uga doniczka aluminiowa znajduje zastosowanie dla siebie nie tylko w ogrodach i na tarasach. Mo\u017ce te\u017c byc zastosowana w miejscach u\u017cyteczno\u015bci publicznej.","og_url":"https:\/\/worldofflowerpots.com\/sklep\/dluga-doniczka-alessio-9\/","og_site_name":"World of Flowerpots","article_modified_time":"2019-04-04T07:44:31+00:00","og_image":[{"width":2280,"height":1612,"url":"https:\/\/worldofflowerpots.com\/wp-content\/uploads\/2019\/03\/d\u0142uga-doniczka-Alessio_9.jpg","type":"image\/jpeg"}],"twitter_card":"summary_large_image","twitter_misc":{"Szacowany czas czytania":"2 minuty"},"schema":{"@context":"https:\/\/schema.org","@graph":[{"@type":"WebPage","@id":"https:\/\/worldofflowerpots.com\/sklep\/dluga-doniczka-alessio-9\/","url":"https:\/\/worldofflowerpots.com\/sklep\/dluga-doniczka-alessio-9\/","name":"D\u0142uga doniczka Alessio 9 - do ogrodu, na podjazd i do galerii handlowej","isPartOf":{"@id":"https:\/\/worldofflowerpots.com\/#website"},"primaryImageOfPage":{"@id":"https:\/\/worldofflowerpots.com\/sklep\/dluga-doniczka-alessio-9\/#primaryimage"},"image":{"@id":"https:\/\/worldofflowerpots.com\/sklep\/dluga-doniczka-alessio-9\/#primaryimage"},"thumbnailUrl":"https:\/\/worldofflowerpots.com\/wp-content\/uploads\/2019\/03\/d\u0142uga-doniczka-Alessio_9.jpg","datePublished":"2019-03-19T09:30:35+00:00","dateModified":"2019-04-04T07:44:31+00:00","description":"D\u0142uga doniczka aluminiowa znajduje zastosowanie dla siebie nie tylko w ogrodach i na tarasach. Mo\u017ce te\u017c byc zastosowana w miejscach u\u017cyteczno\u015bci publicznej.","breadcrumb":{"@id":"https:\/\/worldofflowerpots.com\/sklep\/dluga-doniczka-alessio-9\/#breadcrumb"},"inLanguage":"pl-PL","potentialAction":[{"@type":"ReadAction","target":["https:\/\/worldofflowerpots.com\/sklep\/dluga-doniczka-alessio-9\/"]}]},{"@type":"ImageObject","inLanguage":"pl-PL","@id":"https:\/\/worldofflowerpots.com\/sklep\/dluga-doniczka-alessio-9\/#primaryimage","url":"https:\/\/worldofflowerpots.com\/wp-content\/uploads\/2019\/03\/d\u0142uga-doniczka-Alessio_9.jpg","contentUrl":"https:\/\/worldofflowerpots.com\/wp-content\/uploads\/2019\/03\/d\u0142uga-doniczka-Alessio_9.jpg","width":2280,"height":1612},{"@type":"BreadcrumbList","@id":"https:\/\/worldofflowerpots.com\/sklep\/dluga-doniczka-alessio-9\/#breadcrumb","itemListElement":[{"@type":"ListItem","position":1,"name":"Strona g\u0142\u00f3wna","item":"https:\/\/worldofflowerpots.com\/"},{"@type":"ListItem","position":2,"name":"Sklep","item":"https:\/\/worldofflowerpots.com\/sklep\/"},{"@type":"ListItem","position":3,"name":"D\u0142uga doniczka Alessio 9"}]},{"@type":"WebSite","@id":"https:\/\/worldofflowerpots.com\/#website","url":"https:\/\/worldofflowerpots.com\/","name":"World of Flowerpots","description":"producent donic ozdobnych","potentialAction":[{"@type":"SearchAction","target":{"@type":"EntryPoint","urlTemplate":"https:\/\/worldofflowerpots.com\/?s={search_term_string}"},"query-input":{"@type":"PropertyValueSpecification","valueRequired":true,"valueName":"search_term_string"}}],"inLanguage":"pl-PL"}]}},"_links":{"self":[{"href":"https:\/\/worldofflowerpots.com\/pl\/wp-json\/wp\/v2\/product\/56025","targetHints":{"allow":["GET"]}}],"collection":[{"href":"https:\/\/worldofflowerpots.com\/pl\/wp-json\/wp\/v2\/product"}],"about":[{"href":"https:\/\/worldofflowerpots.com\/pl\/wp-json\/wp\/v2\/types\/product"}],"wp:featuredmedia":[{"embeddable":true,"href":"https:\/\/worldofflowerpots.com\/pl\/wp-json\/wp\/v2\/media\/57227"}],"wp:attachment":[{"href":"https:\/\/worldofflowerpots.com\/pl\/wp-json\/wp\/v2\/media?parent=56025"}],"wp:term":[{"taxonomy":"product_brand","embeddable":true,"href":"https:\/\/worldofflowerpots.com\/pl\/wp-json\/wp\/v2\/product_brand?post=56025"},{"taxonomy":"product_cat","embeddable":true,"href":"https:\/\/worldofflowerpots.com\/pl\/wp-json\/wp\/v2\/product_cat?post=56025"},{"taxonomy":"product_tag","embeddable":true,"href":"https:\/\/worldofflowerpots.com\/pl\/wp-json\/wp\/v2\/product_tag?post=56025"}],"curies":[{"name":"wp","href":"https:\/\/api.w.org\/{rel}","templated":true}]}}