{"id":56041,"date":"2019-03-19T11:05:51","date_gmt":"2019-03-19T10:05:51","guid":{"rendered":"https:\/\/worldofflowerpots.com\/?post_type=product&#038;p=56041"},"modified":"2019-04-03T14:43:05","modified_gmt":"2019-04-03T12:43:05","slug":"miejsce-na-drewno-do-kominka-armadio-2","status":"publish","type":"product","link":"https:\/\/worldofflowerpots.com\/pl\/sklep\/miejsce-na-drewno-do-kominka-armadio-2\/","title":{"rendered":"Miejsce na drewno do kominka Armadio 2"},"content":{"rendered":"<h2><strong>Modne akcesoria z cortenu<\/strong><\/h2>\n<p>Armadio 2 jest to pojemnik wykonany z cortenu, kt\u00f3ry idealnie sprawdzi si\u0119, jako miejsce na drewno do kominka lub innego paleniska. Sprawdza si\u0119 \u015bwietnie zar\u00f3wno w domu, jak i w ogrodzie. W\u0142a\u015bciwo\u015bci cortenu sprawiaj\u0105, \u017ce jest to materia\u0142 niezwykle odporny na korozj\u0119, a jednocze\u015bnie wygl\u0105daj\u0105cy estetycznie. Sprawdza si\u0119 niezwykle dobrze w ochronie drewna przed deszczem i wilgoci\u0105. Perfekcyjnie wkomponuje si\u0119 w ka\u017cde otoczenie, zar\u00f3wno w \u015brodku, jak i na zewn\u0105trz.<\/p>\n<h2><strong>Dodatkowe zastosowania<\/strong><\/h2>\n<p>Skrzynia Armadio 2 mo\u017ce zosta\u0107 wykorzystane jako miejsce na drewno do kominka. Sprawdzi si\u0119 te\u017c niezwykle dobrze, jako dodatkowa szafka w altanie, a nawet w domu. Poza drewnem mo\u017ce w nim przechowywa\u0107 tak\u017ce inne materia\u0142y, kt\u00f3re wymagaj\u0105 ochrony. Mo\u017ce te\u017c pos\u0142u\u017cy\u0107, jako element ozdobny i jako p\u00f3\u0142ka dla niewielkich ro\u015blin, lub innych element\u00f3w ozdobnych.\u00a0 Ma te\u017c wiele praktycznych zastosowa\u0144, przy jednoczesnym wprowadzeniu elegancji do pomieszcze\u0144. Mo\u017cna go wykorzysta\u0107 tak\u017ce jako komplet dodatkowych p\u00f3\u0142ek w ka\u017cdym miejscu w domu. W\u0142a\u015bciwo\u015bci Armadio 2 sprawiaj\u0105, \u017ce jest te\u017c dobry poza domem. Mo\u017ce zosta\u0107 wykorzystany jako przydomowe miejsce na drewno do zewn\u0119trznego paleniska, na przyk\u0142ad w ogrodzie.<br \/>\nTen niebanalny pojemnik o\u017cywi ka\u017cd\u0105 przestrze\u0144 otwart\u0105 i zamkni\u0119t\u0105, nadaj\u0105c jej duszy i charakteru. \u015awietnie dostosowuje si\u0119 on do zmieniaj\u0105cych si\u0119 warunk\u00f3w atmosferycznych i do otoczenia. Jest to jeden z najnowszych trend\u00f3w mody, kt\u00f3ry przez pozorn\u0105 wiekowo\u015b\u0107, posiada niesamowit\u0105 klas\u0119 i estetyk\u0119.<\/p>\n<h2><strong>Estetyka wykonania<\/strong><\/h2>\n<p>Rega\u0142 nie tylko zapewnia du\u017co miejsca na drewno do kominka, ale te\u017c ubogaca go estetycznie, czaruj\u0105c jego otoczenie. Wprowadza niesamowity klimat i relaksuje swoim widokiem, ciesz\u0105c oko w\u0142a\u015bciciela.\u00a0Jednocze\u015bnie przez swoj\u0105 wytrzyma\u0142o\u015b\u0107, nie wymaga on zbyt wielkiej dba\u0142o\u015bci i czasu po\u015bwi\u0119conego na konserwacje. Wszystkie te cechy sprawiaj\u0105, \u017ce ten pojemnik jest absolutnym hitem przydomowych aran\u017cacji. Znajduje on wiele praktycznych i estetycznych zastosowa\u0144. S\u0142u\u017cy idealnie zar\u00f3wno jako t\u0142o, jak i g\u0142\u00f3wny punkt ekspozycji ogrodowej, czaruj\u0105c go\u015bci i bliskich w\u0142a\u015bciciela swoim eleganckim wygl\u0105dem.<\/p>\n","protected":false},"excerpt":{"rendered":"<p>Pojemnik na drewno wykonany jest z blachy corten. Waga pojemnika to 50 kg, a wymiary: d\u0142ugo\u015b\u0107: 60 cm, szeroko\u015b\u0107: 50 cm, wysoko\u015b\u0107: 120 cm<\/p>\n","protected":false},"featured_media":56919,"template":"","meta":{"_acf_changed":false},"product_brand":[],"product_cat":[141],"product_tag":[],"class_list":{"0":"post-56041","1":"product","2":"type-product","3":"status-publish","4":"has-post-thumbnail","6":"product_cat-paleniska-ze-stali-corten","7":"description-off","8":"tm-has-options","10":"first","11":"instock","12":"shipping-taxable","13":"purchasable","14":"product-type-simple"},"acf":[],"yoast_head":"<!-- This site is optimized with the Yoast SEO plugin v27.5 - https:\/\/yoast.com\/product\/yoast-seo-wordpress\/ -->\n<title>Miejsce na drewno do kominka Armadio 2 skrzynia o wielu zastosowaniach<\/title>\n<meta name=\"description\" content=\"Armadio 2 jest to pojemnik wykonany z cortenu, kt\u00f3ry idealnie sprawdzi si\u0119, jako miejsce na drewno do kominka lub innego paleniska.\" \/>\n<meta name=\"robots\" content=\"index, follow, max-snippet:-1, max-image-preview:large, max-video-preview:-1\" \/>\n<link rel=\"canonical\" href=\"https:\/\/worldofflowerpots.com\/sklep\/miejsce-na-drewno-do-kominka-armadio-2\/\" \/>\n<meta property=\"og:locale\" content=\"pl_PL\" \/>\n<meta property=\"og:type\" content=\"article\" \/>\n<meta property=\"og:title\" content=\"Miejsce na drewno do kominka Armadio 2 skrzynia o wielu zastosowaniach\" \/>\n<meta property=\"og:description\" content=\"Armadio 2 jest to pojemnik wykonany z cortenu, kt\u00f3ry idealnie sprawdzi si\u0119, jako miejsce na drewno do kominka lub innego paleniska.\" \/>\n<meta property=\"og:url\" content=\"https:\/\/worldofflowerpots.com\/sklep\/miejsce-na-drewno-do-kominka-armadio-2\/\" \/>\n<meta property=\"og:site_name\" content=\"World of Flowerpots\" \/>\n<meta property=\"article:modified_time\" content=\"2019-04-03T12:43:05+00:00\" \/>\n<meta property=\"og:image\" content=\"https:\/\/worldofflowerpots.com\/wp-content\/uploads\/2019\/03\/miejsce-na-drewno-do-kominka-Armadio-2.jpg\" \/>\n\t<meta property=\"og:image:width\" content=\"2280\" \/>\n\t<meta property=\"og:image:height\" content=\"1612\" \/>\n\t<meta property=\"og:image:type\" content=\"image\/jpeg\" \/>\n<meta name=\"twitter:card\" content=\"summary_large_image\" \/>\n<meta name=\"twitter:label1\" content=\"Szacowany czas czytania\" \/>\n\t<meta name=\"twitter:data1\" content=\"2 minuty\" \/>\n<script type=\"application\/ld+json\" class=\"yoast-schema-graph\">{\"@context\":\"https:\\\/\\\/schema.org\",\"@graph\":[{\"@type\":\"WebPage\",\"@id\":\"https:\\\/\\\/worldofflowerpots.com\\\/sklep\\\/miejsce-na-drewno-do-kominka-armadio-2\\\/\",\"url\":\"https:\\\/\\\/worldofflowerpots.com\\\/sklep\\\/miejsce-na-drewno-do-kominka-armadio-2\\\/\",\"name\":\"Miejsce na drewno do kominka Armadio 2 skrzynia o wielu zastosowaniach\",\"isPartOf\":{\"@id\":\"https:\\\/\\\/worldofflowerpots.com\\\/#website\"},\"primaryImageOfPage\":{\"@id\":\"https:\\\/\\\/worldofflowerpots.com\\\/sklep\\\/miejsce-na-drewno-do-kominka-armadio-2\\\/#primaryimage\"},\"image\":{\"@id\":\"https:\\\/\\\/worldofflowerpots.com\\\/sklep\\\/miejsce-na-drewno-do-kominka-armadio-2\\\/#primaryimage\"},\"thumbnailUrl\":\"https:\\\/\\\/worldofflowerpots.com\\\/wp-content\\\/uploads\\\/2019\\\/03\\\/miejsce-na-drewno-do-kominka-Armadio-2.jpg\",\"datePublished\":\"2019-03-19T10:05:51+00:00\",\"dateModified\":\"2019-04-03T12:43:05+00:00\",\"description\":\"Armadio 2 jest to pojemnik wykonany z cortenu, kt\u00f3ry idealnie sprawdzi si\u0119, jako miejsce na drewno do kominka lub innego paleniska.\",\"breadcrumb\":{\"@id\":\"https:\\\/\\\/worldofflowerpots.com\\\/sklep\\\/miejsce-na-drewno-do-kominka-armadio-2\\\/#breadcrumb\"},\"inLanguage\":\"pl-PL\",\"potentialAction\":[{\"@type\":\"ReadAction\",\"target\":[\"https:\\\/\\\/worldofflowerpots.com\\\/sklep\\\/miejsce-na-drewno-do-kominka-armadio-2\\\/\"]}]},{\"@type\":\"ImageObject\",\"inLanguage\":\"pl-PL\",\"@id\":\"https:\\\/\\\/worldofflowerpots.com\\\/sklep\\\/miejsce-na-drewno-do-kominka-armadio-2\\\/#primaryimage\",\"url\":\"https:\\\/\\\/worldofflowerpots.com\\\/wp-content\\\/uploads\\\/2019\\\/03\\\/miejsce-na-drewno-do-kominka-Armadio-2.jpg\",\"contentUrl\":\"https:\\\/\\\/worldofflowerpots.com\\\/wp-content\\\/uploads\\\/2019\\\/03\\\/miejsce-na-drewno-do-kominka-Armadio-2.jpg\",\"width\":2280,\"height\":1612},{\"@type\":\"BreadcrumbList\",\"@id\":\"https:\\\/\\\/worldofflowerpots.com\\\/sklep\\\/miejsce-na-drewno-do-kominka-armadio-2\\\/#breadcrumb\",\"itemListElement\":[{\"@type\":\"ListItem\",\"position\":1,\"name\":\"Strona g\u0142\u00f3wna\",\"item\":\"https:\\\/\\\/worldofflowerpots.com\\\/\"},{\"@type\":\"ListItem\",\"position\":2,\"name\":\"Sklep\",\"item\":\"https:\\\/\\\/worldofflowerpots.com\\\/sklep\\\/\"},{\"@type\":\"ListItem\",\"position\":3,\"name\":\"Miejsce na drewno do kominka Armadio 2\"}]},{\"@type\":\"WebSite\",\"@id\":\"https:\\\/\\\/worldofflowerpots.com\\\/#website\",\"url\":\"https:\\\/\\\/worldofflowerpots.com\\\/\",\"name\":\"World of Flowerpots\",\"description\":\"producent donic ozdobnych\",\"potentialAction\":[{\"@type\":\"SearchAction\",\"target\":{\"@type\":\"EntryPoint\",\"urlTemplate\":\"https:\\\/\\\/worldofflowerpots.com\\\/?s={search_term_string}\"},\"query-input\":{\"@type\":\"PropertyValueSpecification\",\"valueRequired\":true,\"valueName\":\"search_term_string\"}}],\"inLanguage\":\"pl-PL\"}]}<\/script>\n<!-- \/ Yoast SEO plugin. -->","yoast_head_json":{"title":"Miejsce na drewno do kominka Armadio 2 skrzynia o wielu zastosowaniach","description":"Armadio 2 jest to pojemnik wykonany z cortenu, kt\u00f3ry idealnie sprawdzi si\u0119, jako miejsce na drewno do kominka lub innego paleniska.","robots":{"index":"index","follow":"follow","max-snippet":"max-snippet:-1","max-image-preview":"max-image-preview:large","max-video-preview":"max-video-preview:-1"},"canonical":"https:\/\/worldofflowerpots.com\/sklep\/miejsce-na-drewno-do-kominka-armadio-2\/","og_locale":"pl_PL","og_type":"article","og_title":"Miejsce na drewno do kominka Armadio 2 skrzynia o wielu zastosowaniach","og_description":"Armadio 2 jest to pojemnik wykonany z cortenu, kt\u00f3ry idealnie sprawdzi si\u0119, jako miejsce na drewno do kominka lub innego paleniska.","og_url":"https:\/\/worldofflowerpots.com\/sklep\/miejsce-na-drewno-do-kominka-armadio-2\/","og_site_name":"World of Flowerpots","article_modified_time":"2019-04-03T12:43:05+00:00","og_image":[{"width":2280,"height":1612,"url":"https:\/\/worldofflowerpots.com\/wp-content\/uploads\/2019\/03\/miejsce-na-drewno-do-kominka-Armadio-2.jpg","type":"image\/jpeg"}],"twitter_card":"summary_large_image","twitter_misc":{"Szacowany czas czytania":"2 minuty"},"schema":{"@context":"https:\/\/schema.org","@graph":[{"@type":"WebPage","@id":"https:\/\/worldofflowerpots.com\/sklep\/miejsce-na-drewno-do-kominka-armadio-2\/","url":"https:\/\/worldofflowerpots.com\/sklep\/miejsce-na-drewno-do-kominka-armadio-2\/","name":"Miejsce na drewno do kominka Armadio 2 skrzynia o wielu zastosowaniach","isPartOf":{"@id":"https:\/\/worldofflowerpots.com\/#website"},"primaryImageOfPage":{"@id":"https:\/\/worldofflowerpots.com\/sklep\/miejsce-na-drewno-do-kominka-armadio-2\/#primaryimage"},"image":{"@id":"https:\/\/worldofflowerpots.com\/sklep\/miejsce-na-drewno-do-kominka-armadio-2\/#primaryimage"},"thumbnailUrl":"https:\/\/worldofflowerpots.com\/wp-content\/uploads\/2019\/03\/miejsce-na-drewno-do-kominka-Armadio-2.jpg","datePublished":"2019-03-19T10:05:51+00:00","dateModified":"2019-04-03T12:43:05+00:00","description":"Armadio 2 jest to pojemnik wykonany z cortenu, kt\u00f3ry idealnie sprawdzi si\u0119, jako miejsce na drewno do kominka lub innego paleniska.","breadcrumb":{"@id":"https:\/\/worldofflowerpots.com\/sklep\/miejsce-na-drewno-do-kominka-armadio-2\/#breadcrumb"},"inLanguage":"pl-PL","potentialAction":[{"@type":"ReadAction","target":["https:\/\/worldofflowerpots.com\/sklep\/miejsce-na-drewno-do-kominka-armadio-2\/"]}]},{"@type":"ImageObject","inLanguage":"pl-PL","@id":"https:\/\/worldofflowerpots.com\/sklep\/miejsce-na-drewno-do-kominka-armadio-2\/#primaryimage","url":"https:\/\/worldofflowerpots.com\/wp-content\/uploads\/2019\/03\/miejsce-na-drewno-do-kominka-Armadio-2.jpg","contentUrl":"https:\/\/worldofflowerpots.com\/wp-content\/uploads\/2019\/03\/miejsce-na-drewno-do-kominka-Armadio-2.jpg","width":2280,"height":1612},{"@type":"BreadcrumbList","@id":"https:\/\/worldofflowerpots.com\/sklep\/miejsce-na-drewno-do-kominka-armadio-2\/#breadcrumb","itemListElement":[{"@type":"ListItem","position":1,"name":"Strona g\u0142\u00f3wna","item":"https:\/\/worldofflowerpots.com\/"},{"@type":"ListItem","position":2,"name":"Sklep","item":"https:\/\/worldofflowerpots.com\/sklep\/"},{"@type":"ListItem","position":3,"name":"Miejsce na drewno do kominka Armadio 2"}]},{"@type":"WebSite","@id":"https:\/\/worldofflowerpots.com\/#website","url":"https:\/\/worldofflowerpots.com\/","name":"World of Flowerpots","description":"producent donic ozdobnych","potentialAction":[{"@type":"SearchAction","target":{"@type":"EntryPoint","urlTemplate":"https:\/\/worldofflowerpots.com\/?s={search_term_string}"},"query-input":{"@type":"PropertyValueSpecification","valueRequired":true,"valueName":"search_term_string"}}],"inLanguage":"pl-PL"}]}},"_links":{"self":[{"href":"https:\/\/worldofflowerpots.com\/pl\/wp-json\/wp\/v2\/product\/56041","targetHints":{"allow":["GET"]}}],"collection":[{"href":"https:\/\/worldofflowerpots.com\/pl\/wp-json\/wp\/v2\/product"}],"about":[{"href":"https:\/\/worldofflowerpots.com\/pl\/wp-json\/wp\/v2\/types\/product"}],"wp:featuredmedia":[{"embeddable":true,"href":"https:\/\/worldofflowerpots.com\/pl\/wp-json\/wp\/v2\/media\/56919"}],"wp:attachment":[{"href":"https:\/\/worldofflowerpots.com\/pl\/wp-json\/wp\/v2\/media?parent=56041"}],"wp:term":[{"taxonomy":"product_brand","embeddable":true,"href":"https:\/\/worldofflowerpots.com\/pl\/wp-json\/wp\/v2\/product_brand?post=56041"},{"taxonomy":"product_cat","embeddable":true,"href":"https:\/\/worldofflowerpots.com\/pl\/wp-json\/wp\/v2\/product_cat?post=56041"},{"taxonomy":"product_tag","embeddable":true,"href":"https:\/\/worldofflowerpots.com\/pl\/wp-json\/wp\/v2\/product_tag?post=56041"}],"curies":[{"name":"wp","href":"https:\/\/api.w.org\/{rel}","templated":true}]}}