{"id":56052,"date":"2019-03-19T11:17:40","date_gmt":"2019-03-19T10:17:40","guid":{"rendered":"https:\/\/worldofflowerpots.com\/?post_type=product&#038;p=56052"},"modified":"2019-04-03T12:10:58","modified_gmt":"2019-04-03T10:10:58","slug":"kwadratowa-donica-na-kolkach-z-cortenu-paolo-mobile","status":"publish","type":"product","link":"https:\/\/worldofflowerpots.com\/pl\/sklep\/kwadratowa-donica-na-kolkach-z-cortenu-paolo-mobile\/","title":{"rendered":"Kwadratowa donica na k\u00f3\u0142kach z cortenu Paolo Mobile"},"content":{"rendered":"<h2>Kwadratowa donica z cortenu na k\u00f3\u0142kach Paolo Mobile<\/h2>\n<p>Wolno\u015b\u0107 w kreowaniu otoczenia to rado\u015b\u0107 niewyczerpanych mo\u017cliwo\u015bci, ale tak\u017ce du\u017ca odpowiedzialno\u015b\u0107. Urz\u0105dzaj\u0105c przestrze\u0144 wedle w\u0142asnych upodoba\u0144 nale\u017cy pami\u0119ta\u0107, \u017ce tylko od nas zale\u017cy, jak b\u0119dzie nam ona s\u0142u\u017cy\u0142a. Dotyczy to zw\u0142aszcza miejsc pe\u0142nych ro\u015blin. Ziele\u0144, kt\u00f3r\u0105 b\u0119dziemy w nale\u017cyty spos\u00f3b piel\u0119gnowa\u0107 odwdzi\u0119czy nam si\u0119, zaskakuj\u0105c nas swoj\u0105 r\u00f3\u017cnorodno\u015bci\u0105 i nieprzewidywalnym urokiem. Z drugiej strony, wk\u0142ad naszej pracy sprawia, \u017ce niekoniecznie chcemy zdawa\u0107 si\u0119 tylko na niezak\u0142\u00f3cony rozw\u00f3j flory. Zmieniaj\u0105ce si\u0119 warunki zewn\u0119trzne i nowe pomys\u0142y przychodz\u0105ce nam do g\u0142owy sprawiaj\u0105, \u017ce potrzebujemy wi\u0119kszej kontroli. Kwadratowa donica z cortenu na k\u00f3\u0142kach godzi wzgl\u0119dy praktyczne z koj\u0105cym, naturalnym charakterem.<\/p>\n<h2>Wolno\u015b\u0107 aran\u017cacji i naturalny urok<\/h2>\n<p>Donica Paolo Mobile dzi\u0119ki systemowi k\u00f3\u0142ek jest \u0142atwa w przemieszczaniu. Niewa\u017cne, czy rosn\u0105ce w niej ro\u015bliny potrzebuj\u0105 wi\u0119cej, czy mniej s\u0142o\u0144ca, albo czy zmianie podlega uk\u0142ad ca\u0142ego ogrodu. Wystarczy lekkie popchni\u0119cie, by znalaz\u0142a si\u0119 tam, gdzie jest potrzebna. Jej niemal idealnie sze\u015bcienny kszta\u0142t sprawia, \u017ce przewidzenie, jakie miejsce b\u0119dzie dla niej odpowiednie nie sprawia trudno\u015bci. Prosta, geometryczna forma nie rozprasza i nie dominuje otoczenia. Donica ta jednak nie jest po prostu bry\u0142\u0105 rzucon\u0105 w \u015brodek ogrodu. Materia\u0142 wykonania pozwala jej sta\u0107 si\u0119 wizualn\u0105 jedno\u015bci\u0105 z naturalnym otoczeniem. Stal o podwy\u017cszonej odporno\u015bci na warunki atmosferyczne, czyli corten to niezwyk\u0142e tworzywo. Na jego powierzchni naturalnie pojawia si\u0119 pow\u0142oka przypominaj\u0105ca rdz\u0119, kt\u00f3ra nie jest jednak oznak\u0105 zniszczenia. To w\u0142a\u015bnie ta charakterystyczna patyna jest czynnikiem stanowi\u0105cym o odporno\u015bci wykonanych z cortenu przedmiot\u00f3w na deszcz, wiatr i mr\u00f3z.<\/p>\n<h2>Wytrzyma\u0142a i u\u017cyteczna<\/h2>\n<p>Kwadratowa donica z cortenu na k\u00f3\u0142kach ma wymiary 80 cm na 80 cm i wysoko\u015b\u0107 82,5 cm. \u015aciany z odpornej stali i niemal niewidoczny z boku prosty uk\u0142ad jezdny z czterema solidnymi k\u00f3\u0142kami czyni\u0105 j\u0105 niezawodn\u0105.<\/p>\n<p>Paolo Mobile najlepiej sprawdzi si\u0119 na r\u00f3wnych, p\u0142askich powierzchniach. Idealnym miejscem dla niej b\u0119dzie otwarty na ogr\u00f3d taras, albo brukowane \u015bcie\u017cki. Obsadzona ro\u015blinami o d\u0142ugich, szerokich li\u015bciach zapewni odrobin\u0119 cienia, obecn\u0105 tam, gdzie akurat b\u0119dzie na ni\u0105 zapotrzebowanie. Gdy znajd\u0105 si\u0119 w niej bujniejsze, bardziej fantazyjne p\u0119dy, pos\u0142u\u017cy za naturalny parawan, kt\u00f3ry os\u0142oni wybrany zak\u0105tek ogrodu.<\/p>\n","protected":false},"excerpt":{"rendered":"<p>Donica Paolo Mobile z blachy cortenowej o grubo\u015bci 2 mm. W dnie posiada otw\u00f3r odp\u0142ywowy, natomiast jej \u015bcianki ocieplone s\u0105 styropianem o grubo\u015bci 2 cm. Dzi\u0119ki zastosowaniu k\u00f3\u0142ek mo\u017cna bez problemu przestawi\u0107 donice w dowolne miejsce. Wymiary donicy: d\u0142ugo\u015b\u0107: 80 cm, szeroko\u015b\u0107: 80 cm, wysoko\u015b\u0107: 82,5 cm.<\/p>\n","protected":false},"featured_media":56604,"template":"","meta":{"_acf_changed":false},"product_brand":[],"product_cat":[219,126],"product_tag":[449,450],"class_list":{"0":"post-56052","1":"product","2":"type-product","3":"status-publish","4":"has-post-thumbnail","6":"product_cat-donice-na-kolkach","7":"product_cat-donice-ze-stali-corten","8":"product_tag-donice-z-cortenu","9":"product_tag-donice-z-efektem-rdzy","10":"description-off","11":"tm-has-options","13":"first","14":"instock","15":"shipping-taxable","16":"purchasable","17":"product-type-simple"},"acf":[],"yoast_head":"<!-- This site is optimized with the Yoast SEO plugin v27.5 - https:\/\/yoast.com\/product\/yoast-seo-wordpress\/ -->\n<title>kwadratowa donica na k\u00f3\u0142kach z cortenu Paolo Mobile - na taras i do biura<\/title>\n<meta name=\"description\" content=\"Kwadratowa donica z cortenu na k\u00f3\u0142kach ma wymiary 80 cm na 80 cm i wysoko\u015b\u0107 82,5 cm. \u015aciany z odpornej stali i niemal niewidoczny z boku prosty uk\u0142ad jezdny\" \/>\n<meta name=\"robots\" content=\"index, follow, max-snippet:-1, max-image-preview:large, max-video-preview:-1\" \/>\n<link rel=\"canonical\" href=\"https:\/\/worldofflowerpots.com\/sklep\/kwadratowa-donica-na-kolkach-z-cortenu-paolo-mobile\/\" \/>\n<meta property=\"og:locale\" content=\"pl_PL\" \/>\n<meta property=\"og:type\" content=\"article\" \/>\n<meta property=\"og:title\" content=\"kwadratowa donica na k\u00f3\u0142kach z cortenu Paolo Mobile - na taras i do biura\" \/>\n<meta property=\"og:description\" content=\"Kwadratowa donica z cortenu na k\u00f3\u0142kach ma wymiary 80 cm na 80 cm i wysoko\u015b\u0107 82,5 cm. \u015aciany z odpornej stali i niemal niewidoczny z boku prosty uk\u0142ad jezdny\" \/>\n<meta property=\"og:url\" content=\"https:\/\/worldofflowerpots.com\/sklep\/kwadratowa-donica-na-kolkach-z-cortenu-paolo-mobile\/\" \/>\n<meta property=\"og:site_name\" content=\"World of Flowerpots\" \/>\n<meta property=\"article:modified_time\" content=\"2019-04-03T10:10:58+00:00\" \/>\n<meta property=\"og:image\" content=\"https:\/\/worldofflowerpots.com\/wp-content\/uploads\/2019\/03\/kwadratowa-donica-na-k\u00f3\u0142kach-z-cortenu-Paolo-Mobile.jpg\" \/>\n\t<meta property=\"og:image:width\" content=\"2280\" \/>\n\t<meta property=\"og:image:height\" content=\"1612\" \/>\n\t<meta property=\"og:image:type\" content=\"image\/jpeg\" \/>\n<meta name=\"twitter:card\" content=\"summary_large_image\" \/>\n<meta name=\"twitter:label1\" content=\"Szacowany czas czytania\" \/>\n\t<meta name=\"twitter:data1\" content=\"2 minuty\" \/>\n<script type=\"application\/ld+json\" class=\"yoast-schema-graph\">{\"@context\":\"https:\\\/\\\/schema.org\",\"@graph\":[{\"@type\":\"WebPage\",\"@id\":\"https:\\\/\\\/worldofflowerpots.com\\\/sklep\\\/kwadratowa-donica-na-kolkach-z-cortenu-paolo-mobile\\\/\",\"url\":\"https:\\\/\\\/worldofflowerpots.com\\\/sklep\\\/kwadratowa-donica-na-kolkach-z-cortenu-paolo-mobile\\\/\",\"name\":\"kwadratowa donica na k\u00f3\u0142kach z cortenu Paolo Mobile - na taras i do biura\",\"isPartOf\":{\"@id\":\"https:\\\/\\\/worldofflowerpots.com\\\/#website\"},\"primaryImageOfPage\":{\"@id\":\"https:\\\/\\\/worldofflowerpots.com\\\/sklep\\\/kwadratowa-donica-na-kolkach-z-cortenu-paolo-mobile\\\/#primaryimage\"},\"image\":{\"@id\":\"https:\\\/\\\/worldofflowerpots.com\\\/sklep\\\/kwadratowa-donica-na-kolkach-z-cortenu-paolo-mobile\\\/#primaryimage\"},\"thumbnailUrl\":\"https:\\\/\\\/worldofflowerpots.com\\\/wp-content\\\/uploads\\\/2019\\\/03\\\/kwadratowa-donica-na-k\u00f3\u0142kach-z-cortenu-Paolo-Mobile.jpg\",\"datePublished\":\"2019-03-19T10:17:40+00:00\",\"dateModified\":\"2019-04-03T10:10:58+00:00\",\"description\":\"Kwadratowa donica z cortenu na k\u00f3\u0142kach ma wymiary 80 cm na 80 cm i wysoko\u015b\u0107 82,5 cm. \u015aciany z odpornej stali i niemal niewidoczny z boku prosty uk\u0142ad jezdny\",\"breadcrumb\":{\"@id\":\"https:\\\/\\\/worldofflowerpots.com\\\/sklep\\\/kwadratowa-donica-na-kolkach-z-cortenu-paolo-mobile\\\/#breadcrumb\"},\"inLanguage\":\"pl-PL\",\"potentialAction\":[{\"@type\":\"ReadAction\",\"target\":[\"https:\\\/\\\/worldofflowerpots.com\\\/sklep\\\/kwadratowa-donica-na-kolkach-z-cortenu-paolo-mobile\\\/\"]}]},{\"@type\":\"ImageObject\",\"inLanguage\":\"pl-PL\",\"@id\":\"https:\\\/\\\/worldofflowerpots.com\\\/sklep\\\/kwadratowa-donica-na-kolkach-z-cortenu-paolo-mobile\\\/#primaryimage\",\"url\":\"https:\\\/\\\/worldofflowerpots.com\\\/wp-content\\\/uploads\\\/2019\\\/03\\\/kwadratowa-donica-na-k\u00f3\u0142kach-z-cortenu-Paolo-Mobile.jpg\",\"contentUrl\":\"https:\\\/\\\/worldofflowerpots.com\\\/wp-content\\\/uploads\\\/2019\\\/03\\\/kwadratowa-donica-na-k\u00f3\u0142kach-z-cortenu-Paolo-Mobile.jpg\",\"width\":2280,\"height\":1612},{\"@type\":\"BreadcrumbList\",\"@id\":\"https:\\\/\\\/worldofflowerpots.com\\\/sklep\\\/kwadratowa-donica-na-kolkach-z-cortenu-paolo-mobile\\\/#breadcrumb\",\"itemListElement\":[{\"@type\":\"ListItem\",\"position\":1,\"name\":\"Strona g\u0142\u00f3wna\",\"item\":\"https:\\\/\\\/worldofflowerpots.com\\\/\"},{\"@type\":\"ListItem\",\"position\":2,\"name\":\"Sklep\",\"item\":\"https:\\\/\\\/worldofflowerpots.com\\\/sklep\\\/\"},{\"@type\":\"ListItem\",\"position\":3,\"name\":\"Kwadratowa donica na k\u00f3\u0142kach z cortenu Paolo Mobile\"}]},{\"@type\":\"WebSite\",\"@id\":\"https:\\\/\\\/worldofflowerpots.com\\\/#website\",\"url\":\"https:\\\/\\\/worldofflowerpots.com\\\/\",\"name\":\"World of Flowerpots\",\"description\":\"producent donic ozdobnych\",\"potentialAction\":[{\"@type\":\"SearchAction\",\"target\":{\"@type\":\"EntryPoint\",\"urlTemplate\":\"https:\\\/\\\/worldofflowerpots.com\\\/?s={search_term_string}\"},\"query-input\":{\"@type\":\"PropertyValueSpecification\",\"valueRequired\":true,\"valueName\":\"search_term_string\"}}],\"inLanguage\":\"pl-PL\"}]}<\/script>\n<!-- \/ Yoast SEO plugin. -->","yoast_head_json":{"title":"kwadratowa donica na k\u00f3\u0142kach z cortenu Paolo Mobile - na taras i do biura","description":"Kwadratowa donica z cortenu na k\u00f3\u0142kach ma wymiary 80 cm na 80 cm i wysoko\u015b\u0107 82,5 cm. \u015aciany z odpornej stali i niemal niewidoczny z boku prosty uk\u0142ad jezdny","robots":{"index":"index","follow":"follow","max-snippet":"max-snippet:-1","max-image-preview":"max-image-preview:large","max-video-preview":"max-video-preview:-1"},"canonical":"https:\/\/worldofflowerpots.com\/sklep\/kwadratowa-donica-na-kolkach-z-cortenu-paolo-mobile\/","og_locale":"pl_PL","og_type":"article","og_title":"kwadratowa donica na k\u00f3\u0142kach z cortenu Paolo Mobile - na taras i do biura","og_description":"Kwadratowa donica z cortenu na k\u00f3\u0142kach ma wymiary 80 cm na 80 cm i wysoko\u015b\u0107 82,5 cm. \u015aciany z odpornej stali i niemal niewidoczny z boku prosty uk\u0142ad jezdny","og_url":"https:\/\/worldofflowerpots.com\/sklep\/kwadratowa-donica-na-kolkach-z-cortenu-paolo-mobile\/","og_site_name":"World of Flowerpots","article_modified_time":"2019-04-03T10:10:58+00:00","og_image":[{"width":2280,"height":1612,"url":"https:\/\/worldofflowerpots.com\/wp-content\/uploads\/2019\/03\/kwadratowa-donica-na-k\u00f3\u0142kach-z-cortenu-Paolo-Mobile.jpg","type":"image\/jpeg"}],"twitter_card":"summary_large_image","twitter_misc":{"Szacowany czas czytania":"2 minuty"},"schema":{"@context":"https:\/\/schema.org","@graph":[{"@type":"WebPage","@id":"https:\/\/worldofflowerpots.com\/sklep\/kwadratowa-donica-na-kolkach-z-cortenu-paolo-mobile\/","url":"https:\/\/worldofflowerpots.com\/sklep\/kwadratowa-donica-na-kolkach-z-cortenu-paolo-mobile\/","name":"kwadratowa donica na k\u00f3\u0142kach z cortenu Paolo Mobile - na taras i do biura","isPartOf":{"@id":"https:\/\/worldofflowerpots.com\/#website"},"primaryImageOfPage":{"@id":"https:\/\/worldofflowerpots.com\/sklep\/kwadratowa-donica-na-kolkach-z-cortenu-paolo-mobile\/#primaryimage"},"image":{"@id":"https:\/\/worldofflowerpots.com\/sklep\/kwadratowa-donica-na-kolkach-z-cortenu-paolo-mobile\/#primaryimage"},"thumbnailUrl":"https:\/\/worldofflowerpots.com\/wp-content\/uploads\/2019\/03\/kwadratowa-donica-na-k\u00f3\u0142kach-z-cortenu-Paolo-Mobile.jpg","datePublished":"2019-03-19T10:17:40+00:00","dateModified":"2019-04-03T10:10:58+00:00","description":"Kwadratowa donica z cortenu na k\u00f3\u0142kach ma wymiary 80 cm na 80 cm i wysoko\u015b\u0107 82,5 cm. \u015aciany z odpornej stali i niemal niewidoczny z boku prosty uk\u0142ad jezdny","breadcrumb":{"@id":"https:\/\/worldofflowerpots.com\/sklep\/kwadratowa-donica-na-kolkach-z-cortenu-paolo-mobile\/#breadcrumb"},"inLanguage":"pl-PL","potentialAction":[{"@type":"ReadAction","target":["https:\/\/worldofflowerpots.com\/sklep\/kwadratowa-donica-na-kolkach-z-cortenu-paolo-mobile\/"]}]},{"@type":"ImageObject","inLanguage":"pl-PL","@id":"https:\/\/worldofflowerpots.com\/sklep\/kwadratowa-donica-na-kolkach-z-cortenu-paolo-mobile\/#primaryimage","url":"https:\/\/worldofflowerpots.com\/wp-content\/uploads\/2019\/03\/kwadratowa-donica-na-k\u00f3\u0142kach-z-cortenu-Paolo-Mobile.jpg","contentUrl":"https:\/\/worldofflowerpots.com\/wp-content\/uploads\/2019\/03\/kwadratowa-donica-na-k\u00f3\u0142kach-z-cortenu-Paolo-Mobile.jpg","width":2280,"height":1612},{"@type":"BreadcrumbList","@id":"https:\/\/worldofflowerpots.com\/sklep\/kwadratowa-donica-na-kolkach-z-cortenu-paolo-mobile\/#breadcrumb","itemListElement":[{"@type":"ListItem","position":1,"name":"Strona g\u0142\u00f3wna","item":"https:\/\/worldofflowerpots.com\/"},{"@type":"ListItem","position":2,"name":"Sklep","item":"https:\/\/worldofflowerpots.com\/sklep\/"},{"@type":"ListItem","position":3,"name":"Kwadratowa donica na k\u00f3\u0142kach z cortenu Paolo Mobile"}]},{"@type":"WebSite","@id":"https:\/\/worldofflowerpots.com\/#website","url":"https:\/\/worldofflowerpots.com\/","name":"World of Flowerpots","description":"producent donic ozdobnych","potentialAction":[{"@type":"SearchAction","target":{"@type":"EntryPoint","urlTemplate":"https:\/\/worldofflowerpots.com\/?s={search_term_string}"},"query-input":{"@type":"PropertyValueSpecification","valueRequired":true,"valueName":"search_term_string"}}],"inLanguage":"pl-PL"}]}},"_links":{"self":[{"href":"https:\/\/worldofflowerpots.com\/pl\/wp-json\/wp\/v2\/product\/56052","targetHints":{"allow":["GET"]}}],"collection":[{"href":"https:\/\/worldofflowerpots.com\/pl\/wp-json\/wp\/v2\/product"}],"about":[{"href":"https:\/\/worldofflowerpots.com\/pl\/wp-json\/wp\/v2\/types\/product"}],"wp:featuredmedia":[{"embeddable":true,"href":"https:\/\/worldofflowerpots.com\/pl\/wp-json\/wp\/v2\/media\/56604"}],"wp:attachment":[{"href":"https:\/\/worldofflowerpots.com\/pl\/wp-json\/wp\/v2\/media?parent=56052"}],"wp:term":[{"taxonomy":"product_brand","embeddable":true,"href":"https:\/\/worldofflowerpots.com\/pl\/wp-json\/wp\/v2\/product_brand?post=56052"},{"taxonomy":"product_cat","embeddable":true,"href":"https:\/\/worldofflowerpots.com\/pl\/wp-json\/wp\/v2\/product_cat?post=56052"},{"taxonomy":"product_tag","embeddable":true,"href":"https:\/\/worldofflowerpots.com\/pl\/wp-json\/wp\/v2\/product_tag?post=56052"}],"curies":[{"name":"wp","href":"https:\/\/api.w.org\/{rel}","templated":true}]}}