{"id":56071,"date":"2019-03-19T11:54:07","date_gmt":"2019-03-19T10:54:07","guid":{"rendered":"https:\/\/worldofflowerpots.com\/?post_type=product&#038;p=56071"},"modified":"2019-04-04T09:42:50","modified_gmt":"2019-04-04T07:42:50","slug":"duza-donica-do-kwiatow-alessio-13","status":"publish","type":"product","link":"https:\/\/worldofflowerpots.com\/pl\/sklep\/duza-donica-do-kwiatow-alessio-13\/","title":{"rendered":"Du\u017ca donica do kwiat\u00f3w Alessio 13"},"content":{"rendered":"<h2><strong>Donica do du\u017cych przestrzeni<\/strong><\/h2>\n<p>Alessio 13 jest to du\u017ca donica do kwiat\u00f3w i prawdziwy hit w aran\u017cacji ogrodowej. Wykonana jest z niezwykle trwa\u0142ego i odpornego aluminium. Jest to materia\u0142, kt\u00f3ry dzi\u0119ki swojemu metalicznemu po\u0142yskowi, dopasuje si\u0119 do ka\u017cdego otoczenia. Po\u0142ysk ten dodatkowo dodaje otoczeniu elegancji i szyku. Zaczaruje on Tw\u00f3j ogr\u00f3d lub taras. Wykonanie z aluminium nadaje donicy wytrzyma\u0142o\u015b\u0107, a jednocze\u015bnie klas\u0119. Jest to idealna inwestycja zar\u00f3wno do tarasu jak i do balkonu lub wi\u0119kszej przestrzeni, takiej jak du\u017cy ogr\u00f3d.<\/p>\n<h2><strong>Stylowe i niepowtarzalne aran\u017cacje<\/strong><\/h2>\n<p>Nowoczesna donica Alessio 13 ma kszta\u0142t prostok\u0105ta, zgodnego z najnowszymi trendami w aran\u017cacji ogrodowej. Donica do kwiat\u00f3w Alessio 13 ma wymiary 1200 x 1200 x h:600 mm i \u015bwietnie sprawdza si\u0119 jako donica do wi\u0119kszych ro\u015blin. Nie ma ona problem\u00f3w z pomieszczeniem wi\u0119kszych kwiat\u00f3w, krzew\u00f3w czy nawet ma\u0142ych drzewek. Jest wr\u0119cz idealna, jako wystr\u00f3j tarasu, lub du\u017cego balkonu, kt\u00f3rym zaczarujesz go\u015bci i zrelaksujesz siebie. Jest wykonana z niesamowit\u0105 dba\u0142o\u015bci\u0105 o szczeg\u00f3\u0142y i staranno\u015bci\u0105, z wysokiej jako\u015bci materia\u0142u, jakim jest aluminium. Dost\u0119pna jest w szerokiej palecie kolor\u00f3w w wersji matowej i w po\u0142ysku.<br \/>\nEfektownym zastosowaniem tej donicy do kwiat\u00f3w jest umieszczenie jej przy wej\u015bciu do budynku lub ogrodu. Innym zastosowaniem tej donicy jest u\u0142o\u017cenie jej\u00a0wzd\u0142u\u017c tarasu. Zar\u00f3wno w jednym i drugim przypadku ubogaca to dane miejsce. Idealnie zaprezentuje si\u0119 r\u00f3wnie\u017c w du\u017cej przestrzeni ogrodowej, nadaj\u0105c jej sw\u00f3j w\u0142asny charakter.<\/p>\n<h2><strong>Wytrzyma\u0142a pi\u0119kno\u015b\u0107<\/strong><\/h2>\n<p>Wysokiej jako\u015bci aluminium wykorzystane do produkcji du\u017cej donicy do kwiat\u00f3w Alessio 13 wyr\u00f3\u017cnia si\u0119 niesamowit\u0105 wr\u0119cz odporno\u015bci\u0105 na niekorzystne warunki atmosferyczne. Jest te\u017c bardzo odporny na korozje. Jednocze\u015bnie przy ca\u0142ej swojej funkcjonalno\u015bci wygl\u0105da niezwykle estetycznie elegancko, dzi\u0119ki efektywno\u015bci aluminium. Sprawia to, \u017ce nadaje szykowno\u015bci ka\u017cdemu otoczeniu w jakim si\u0119 znajdzie i sprawia, \u017ce dane miejsce jest idealne do przyjmowania i oprowadzania go\u015bci. Idealnie zgra si\u0119 w otoczeniu z wieloma gatunkami ro\u015blin i drzewek. Kolejn\u0105 ju\u017c zalet\u0105 aluminium jest mo\u017cliwo\u015b\u0107 pomalowania ich na dowolny kolor, kt\u00f3ry mo\u017cna wybra\u0107 naszej szerokiej palety barw do donic aluminiowych. Poszerza to mo\u017cliwo\u015bci tej donicy w dopasowywaniu si\u0119 do dowolnego otoczenia, tarasu lub pomieszczenia.<\/p>\n","protected":false},"excerpt":{"rendered":"<p>Donica aluminiowa Alessio 13 produkowana jest we wszystkich kolorach palety RAL. Donica produkowana jest w standardzie z otworami odp\u0142ywowymi. Waga to: 21 kg, a wymiary: d\u0142ugo\u015b\u0107: 120 cm, szeroko\u015b\u0107: 120 cm, wysoko\u015b\u0107: 60 cm. Zalecane stosowanie jako donica ogrodowa.<\/p>\n","protected":false},"featured_media":57217,"template":"","meta":{"_acf_changed":false},"product_brand":[],"product_cat":[116],"product_tag":[446,444,451],"class_list":{"0":"post-56071","1":"product","2":"type-product","3":"status-publish","4":"has-post-thumbnail","6":"product_cat-donice-z-aluminium","7":"product_tag-donice-aluminiowe","8":"product_tag-donice-ogrodowe","9":"product_tag-donice-wewnetrzne","10":"description-off","11":"tm-has-options","13":"first","14":"instock","15":"shipping-taxable","16":"purchasable","17":"product-type-simple"},"acf":[],"yoast_head":"<!-- This site is optimized with the Yoast SEO plugin v27.5 - https:\/\/yoast.com\/product\/yoast-seo-wordpress\/ -->\n<title>Du\u017ca donica do kwiat\u00f3w Alessio 13 - na taras lub du\u017cy balkon<\/title>\n<meta name=\"description\" content=\"Alessio 13 jest to du\u017ca donica do kwiat\u00f3w i prawdziwy hit w aran\u017cacji ogrodowej. Wykonana jest z niezwykle trwa\u0142ego i odpornego aluminium.\" \/>\n<meta name=\"robots\" content=\"index, follow, max-snippet:-1, max-image-preview:large, max-video-preview:-1\" \/>\n<link rel=\"canonical\" href=\"https:\/\/worldofflowerpots.com\/sklep\/duza-donica-do-kwiatow-alessio-13\/\" \/>\n<meta property=\"og:locale\" content=\"pl_PL\" \/>\n<meta property=\"og:type\" content=\"article\" \/>\n<meta property=\"og:title\" content=\"Du\u017ca donica do kwiat\u00f3w Alessio 13 - na taras lub du\u017cy balkon\" \/>\n<meta property=\"og:description\" content=\"Alessio 13 jest to du\u017ca donica do kwiat\u00f3w i prawdziwy hit w aran\u017cacji ogrodowej. Wykonana jest z niezwykle trwa\u0142ego i odpornego aluminium.\" \/>\n<meta property=\"og:url\" content=\"https:\/\/worldofflowerpots.com\/sklep\/duza-donica-do-kwiatow-alessio-13\/\" \/>\n<meta property=\"og:site_name\" content=\"World of Flowerpots\" \/>\n<meta property=\"article:modified_time\" content=\"2019-04-04T07:42:50+00:00\" \/>\n<meta property=\"og:image\" content=\"https:\/\/worldofflowerpots.com\/wp-content\/uploads\/2019\/03\/du\u017ca-donica-do-kwiat\u00f3w-Alessio_13.jpg\" \/>\n\t<meta property=\"og:image:width\" content=\"2280\" \/>\n\t<meta property=\"og:image:height\" content=\"1612\" \/>\n\t<meta property=\"og:image:type\" content=\"image\/jpeg\" \/>\n<meta name=\"twitter:card\" content=\"summary_large_image\" \/>\n<meta name=\"twitter:label1\" content=\"Szacowany czas czytania\" \/>\n\t<meta name=\"twitter:data1\" content=\"2 minuty\" \/>\n<script type=\"application\/ld+json\" class=\"yoast-schema-graph\">{\"@context\":\"https:\\\/\\\/schema.org\",\"@graph\":[{\"@type\":\"WebPage\",\"@id\":\"https:\\\/\\\/worldofflowerpots.com\\\/sklep\\\/duza-donica-do-kwiatow-alessio-13\\\/\",\"url\":\"https:\\\/\\\/worldofflowerpots.com\\\/sklep\\\/duza-donica-do-kwiatow-alessio-13\\\/\",\"name\":\"Du\u017ca donica do kwiat\u00f3w Alessio 13 - na taras lub du\u017cy balkon\",\"isPartOf\":{\"@id\":\"https:\\\/\\\/worldofflowerpots.com\\\/#website\"},\"primaryImageOfPage\":{\"@id\":\"https:\\\/\\\/worldofflowerpots.com\\\/sklep\\\/duza-donica-do-kwiatow-alessio-13\\\/#primaryimage\"},\"image\":{\"@id\":\"https:\\\/\\\/worldofflowerpots.com\\\/sklep\\\/duza-donica-do-kwiatow-alessio-13\\\/#primaryimage\"},\"thumbnailUrl\":\"https:\\\/\\\/worldofflowerpots.com\\\/wp-content\\\/uploads\\\/2019\\\/03\\\/du\u017ca-donica-do-kwiat\u00f3w-Alessio_13.jpg\",\"datePublished\":\"2019-03-19T10:54:07+00:00\",\"dateModified\":\"2019-04-04T07:42:50+00:00\",\"description\":\"Alessio 13 jest to du\u017ca donica do kwiat\u00f3w i prawdziwy hit w aran\u017cacji ogrodowej. Wykonana jest z niezwykle trwa\u0142ego i odpornego aluminium.\",\"breadcrumb\":{\"@id\":\"https:\\\/\\\/worldofflowerpots.com\\\/sklep\\\/duza-donica-do-kwiatow-alessio-13\\\/#breadcrumb\"},\"inLanguage\":\"pl-PL\",\"potentialAction\":[{\"@type\":\"ReadAction\",\"target\":[\"https:\\\/\\\/worldofflowerpots.com\\\/sklep\\\/duza-donica-do-kwiatow-alessio-13\\\/\"]}]},{\"@type\":\"ImageObject\",\"inLanguage\":\"pl-PL\",\"@id\":\"https:\\\/\\\/worldofflowerpots.com\\\/sklep\\\/duza-donica-do-kwiatow-alessio-13\\\/#primaryimage\",\"url\":\"https:\\\/\\\/worldofflowerpots.com\\\/wp-content\\\/uploads\\\/2019\\\/03\\\/du\u017ca-donica-do-kwiat\u00f3w-Alessio_13.jpg\",\"contentUrl\":\"https:\\\/\\\/worldofflowerpots.com\\\/wp-content\\\/uploads\\\/2019\\\/03\\\/du\u017ca-donica-do-kwiat\u00f3w-Alessio_13.jpg\",\"width\":2280,\"height\":1612},{\"@type\":\"BreadcrumbList\",\"@id\":\"https:\\\/\\\/worldofflowerpots.com\\\/sklep\\\/duza-donica-do-kwiatow-alessio-13\\\/#breadcrumb\",\"itemListElement\":[{\"@type\":\"ListItem\",\"position\":1,\"name\":\"Strona g\u0142\u00f3wna\",\"item\":\"https:\\\/\\\/worldofflowerpots.com\\\/\"},{\"@type\":\"ListItem\",\"position\":2,\"name\":\"Sklep\",\"item\":\"https:\\\/\\\/worldofflowerpots.com\\\/sklep\\\/\"},{\"@type\":\"ListItem\",\"position\":3,\"name\":\"Du\u017ca donica do kwiat\u00f3w Alessio 13\"}]},{\"@type\":\"WebSite\",\"@id\":\"https:\\\/\\\/worldofflowerpots.com\\\/#website\",\"url\":\"https:\\\/\\\/worldofflowerpots.com\\\/\",\"name\":\"World of Flowerpots\",\"description\":\"producent donic ozdobnych\",\"potentialAction\":[{\"@type\":\"SearchAction\",\"target\":{\"@type\":\"EntryPoint\",\"urlTemplate\":\"https:\\\/\\\/worldofflowerpots.com\\\/?s={search_term_string}\"},\"query-input\":{\"@type\":\"PropertyValueSpecification\",\"valueRequired\":true,\"valueName\":\"search_term_string\"}}],\"inLanguage\":\"pl-PL\"}]}<\/script>\n<!-- \/ Yoast SEO plugin. -->","yoast_head_json":{"title":"Du\u017ca donica do kwiat\u00f3w Alessio 13 - na taras lub du\u017cy balkon","description":"Alessio 13 jest to du\u017ca donica do kwiat\u00f3w i prawdziwy hit w aran\u017cacji ogrodowej. Wykonana jest z niezwykle trwa\u0142ego i odpornego aluminium.","robots":{"index":"index","follow":"follow","max-snippet":"max-snippet:-1","max-image-preview":"max-image-preview:large","max-video-preview":"max-video-preview:-1"},"canonical":"https:\/\/worldofflowerpots.com\/sklep\/duza-donica-do-kwiatow-alessio-13\/","og_locale":"pl_PL","og_type":"article","og_title":"Du\u017ca donica do kwiat\u00f3w Alessio 13 - na taras lub du\u017cy balkon","og_description":"Alessio 13 jest to du\u017ca donica do kwiat\u00f3w i prawdziwy hit w aran\u017cacji ogrodowej. Wykonana jest z niezwykle trwa\u0142ego i odpornego aluminium.","og_url":"https:\/\/worldofflowerpots.com\/sklep\/duza-donica-do-kwiatow-alessio-13\/","og_site_name":"World of Flowerpots","article_modified_time":"2019-04-04T07:42:50+00:00","og_image":[{"width":2280,"height":1612,"url":"https:\/\/worldofflowerpots.com\/wp-content\/uploads\/2019\/03\/du\u017ca-donica-do-kwiat\u00f3w-Alessio_13.jpg","type":"image\/jpeg"}],"twitter_card":"summary_large_image","twitter_misc":{"Szacowany czas czytania":"2 minuty"},"schema":{"@context":"https:\/\/schema.org","@graph":[{"@type":"WebPage","@id":"https:\/\/worldofflowerpots.com\/sklep\/duza-donica-do-kwiatow-alessio-13\/","url":"https:\/\/worldofflowerpots.com\/sklep\/duza-donica-do-kwiatow-alessio-13\/","name":"Du\u017ca donica do kwiat\u00f3w Alessio 13 - na taras lub du\u017cy balkon","isPartOf":{"@id":"https:\/\/worldofflowerpots.com\/#website"},"primaryImageOfPage":{"@id":"https:\/\/worldofflowerpots.com\/sklep\/duza-donica-do-kwiatow-alessio-13\/#primaryimage"},"image":{"@id":"https:\/\/worldofflowerpots.com\/sklep\/duza-donica-do-kwiatow-alessio-13\/#primaryimage"},"thumbnailUrl":"https:\/\/worldofflowerpots.com\/wp-content\/uploads\/2019\/03\/du\u017ca-donica-do-kwiat\u00f3w-Alessio_13.jpg","datePublished":"2019-03-19T10:54:07+00:00","dateModified":"2019-04-04T07:42:50+00:00","description":"Alessio 13 jest to du\u017ca donica do kwiat\u00f3w i prawdziwy hit w aran\u017cacji ogrodowej. Wykonana jest z niezwykle trwa\u0142ego i odpornego aluminium.","breadcrumb":{"@id":"https:\/\/worldofflowerpots.com\/sklep\/duza-donica-do-kwiatow-alessio-13\/#breadcrumb"},"inLanguage":"pl-PL","potentialAction":[{"@type":"ReadAction","target":["https:\/\/worldofflowerpots.com\/sklep\/duza-donica-do-kwiatow-alessio-13\/"]}]},{"@type":"ImageObject","inLanguage":"pl-PL","@id":"https:\/\/worldofflowerpots.com\/sklep\/duza-donica-do-kwiatow-alessio-13\/#primaryimage","url":"https:\/\/worldofflowerpots.com\/wp-content\/uploads\/2019\/03\/du\u017ca-donica-do-kwiat\u00f3w-Alessio_13.jpg","contentUrl":"https:\/\/worldofflowerpots.com\/wp-content\/uploads\/2019\/03\/du\u017ca-donica-do-kwiat\u00f3w-Alessio_13.jpg","width":2280,"height":1612},{"@type":"BreadcrumbList","@id":"https:\/\/worldofflowerpots.com\/sklep\/duza-donica-do-kwiatow-alessio-13\/#breadcrumb","itemListElement":[{"@type":"ListItem","position":1,"name":"Strona g\u0142\u00f3wna","item":"https:\/\/worldofflowerpots.com\/"},{"@type":"ListItem","position":2,"name":"Sklep","item":"https:\/\/worldofflowerpots.com\/sklep\/"},{"@type":"ListItem","position":3,"name":"Du\u017ca donica do kwiat\u00f3w Alessio 13"}]},{"@type":"WebSite","@id":"https:\/\/worldofflowerpots.com\/#website","url":"https:\/\/worldofflowerpots.com\/","name":"World of Flowerpots","description":"producent donic ozdobnych","potentialAction":[{"@type":"SearchAction","target":{"@type":"EntryPoint","urlTemplate":"https:\/\/worldofflowerpots.com\/?s={search_term_string}"},"query-input":{"@type":"PropertyValueSpecification","valueRequired":true,"valueName":"search_term_string"}}],"inLanguage":"pl-PL"}]}},"_links":{"self":[{"href":"https:\/\/worldofflowerpots.com\/pl\/wp-json\/wp\/v2\/product\/56071","targetHints":{"allow":["GET"]}}],"collection":[{"href":"https:\/\/worldofflowerpots.com\/pl\/wp-json\/wp\/v2\/product"}],"about":[{"href":"https:\/\/worldofflowerpots.com\/pl\/wp-json\/wp\/v2\/types\/product"}],"wp:featuredmedia":[{"embeddable":true,"href":"https:\/\/worldofflowerpots.com\/pl\/wp-json\/wp\/v2\/media\/57217"}],"wp:attachment":[{"href":"https:\/\/worldofflowerpots.com\/pl\/wp-json\/wp\/v2\/media?parent=56071"}],"wp:term":[{"taxonomy":"product_brand","embeddable":true,"href":"https:\/\/worldofflowerpots.com\/pl\/wp-json\/wp\/v2\/product_brand?post=56071"},{"taxonomy":"product_cat","embeddable":true,"href":"https:\/\/worldofflowerpots.com\/pl\/wp-json\/wp\/v2\/product_cat?post=56071"},{"taxonomy":"product_tag","embeddable":true,"href":"https:\/\/worldofflowerpots.com\/pl\/wp-json\/wp\/v2\/product_tag?post=56071"}],"curies":[{"name":"wp","href":"https:\/\/api.w.org\/{rel}","templated":true}]}}