{"id":56083,"date":"2019-03-19T13:45:34","date_gmt":"2019-03-19T12:45:34","guid":{"rendered":"https:\/\/worldofflowerpots.com\/?post_type=product&#038;p=56083"},"modified":"2019-04-04T09:37:15","modified_gmt":"2019-04-04T07:37:15","slug":"lekkie-donice-edoardo-6","status":"publish","type":"product","link":"https:\/\/worldofflowerpots.com\/pl\/sklep\/lekkie-donice-edoardo-6\/","title":{"rendered":"Lekkie donice Edoardo 6"},"content":{"rendered":"<h2><strong>Donica Edoardo 6<\/strong><\/h2>\n<p>Dzisiejsze trendy wyznaczaj\u0105 potrzeb\u0119 tworzenia eleganckich taras\u00f3w z widokiem na pi\u0119kny, zadbany ogr\u00f3d. Nie ka\u017cda przestrze\u0144 jest jednak idealna do stworzenia takiego ogrodu z tarasem. Lekkie donice Edoardo 6 wychodz\u0105 naprzeciw zapotrzebowaniu na ziele\u0144, aby mog\u0142a by\u0107 na ka\u017cdym tarasie. Stanowi\u0105 \u015bwietne rozwi\u0105zanie na brak wystarczaj\u0105cej ilo\u015bci flory wok\u00f3\u0142 nas.<br \/>\nDonice Edoardo 6 maj\u0105 wymiary 1000 x 400 x h:400 mm. Wykonane s\u0105 z wysokiej jako\u015bci aluminium. To zapewnia im odporno\u015b\u0107 na niekorzystne warunki atmosferyczne, a tak\u017ce na korozj\u0119. Produkt jest wykonany z dba\u0142o\u015bci\u0105 o szczeg\u00f3\u0142y i z geometryczn\u0105 perfekcj\u0105. Dzi\u0119ki czemu nadaje si\u0119 idealnie jako wystr\u00f3j tarasu, w ogrodzie, biurze czy nawet w galerii handlowej. Donica jest gwarancj\u0105 idealnego wkomponowania si\u0119 zieleni otoczenie tych miejsc. Sama te\u017c idealnie wkomponuje si\u0119 w otoczenie zieleni, nadaj\u0105c jej idealnego kontrastu ze swoim metalicznym po\u0142yskiem. Staranne wykonanie sprawia, \u017ce ta donica wygl\u0105da niezwykle elegancko, a jednocze\u015bnie posiada w\u0142asn\u0105 dusz\u0119 i charakter.<\/p>\n<h2><strong>Wszechstronne zastosowanie<\/strong><\/h2>\n<p>Te d\u0142ugie i lekkie donice \u015bwietnie nadaj\u0105 si\u0119 dla ma\u0142ych ro\u015blin, kt\u00f3re o\u017cywiaj\u0105 otoczenie takie jak biura. Sprawdz\u0105 si\u0119 te\u017c idealnie na zewn\u0105trz, na przyk\u0142ad na wysoko po\u0142o\u017conych balkonach lub tarasach na dachu wie\u017cowca. Innym, \u015bwietnym miejscem na wykorzystanie tych lekkich donic jest taras ogrodowy. Aluminium b\u0119dzie niezwykle dobrze kontrastowa\u0142 z naturaln\u0105 zieleni\u0105, ubogacaj\u0105c otoczenie. Przy odpowiednim doborze ro\u015blin, ta donica ma szerokie zastosowanie w wielu miejscach. Dodatkowo \u015bwietnie nadaje si\u0119 do ma\u0142ych drzewek, takich jak na przyk\u0142ad magnolia. Poszerza to jeszcze bardziej mo\u017cliwo\u015bci tej donicy w integracji z otoczeniem. Sprawia to, \u017ce jedynym ograniczeniem przy planowaniu przestrzeni, jest wyobra\u017ania w\u0142a\u015bciciela lub architekta.<\/p>\n<h2><strong>Wybierz gdzie najlepiej pasuje<\/strong><\/h2>\n<p>Dobrym pomys\u0142em b\u0119dzie ustawienie kilku donic Edoardo 6 wzd\u0142u\u017c chodnika lub \u015bcie\u017cki i zasadzenia w nich ma\u0142ych drzewek. Innym bardzo po\u017cytecznym zastosowaniem jest postawienie jej w biurze i zasadzeniu kilku ro\u015blin. Zrelaksuje to zar\u00f3wno nas samych, jak i wsp\u00f3\u0142pracownik\u00f3w czy go\u015bci, odwiedzaj\u0105cych nasze biuro. Oczywi\u015bcie ta lekka donica sprawdzi si\u0119 \u015bwietnie w ka\u017cdym miejscu, w kt\u00f3rym b\u0119dzie doskonale widoczna.<\/p>\n","protected":false},"excerpt":{"rendered":"<p>Donica aluminiowa Edoardo 6 produkowana jest we wszystkich kolorach palety RAL. Donica produkowana jest w standardzie z otworami odp\u0142ywowymi. Waga to: 16 kg, a wymiary: d\u0142ugo\u015b\u0107: 100 cm, szeroko\u015b\u0107: 40 cm, wysoko\u015b\u0107: 40 cm. Zalecane stosowanie jako donica do biura.<\/p>\n","protected":false},"featured_media":57207,"template":"","meta":{"_acf_changed":false},"product_brand":[],"product_cat":[116],"product_tag":[446,448,444,447,451],"class_list":{"0":"post-56083","1":"product","2":"type-product","3":"status-publish","4":"has-post-thumbnail","6":"product_cat-donice-z-aluminium","7":"product_tag-donice-aluminiowe","8":"product_tag-donice-balkonowe","9":"product_tag-donice-ogrodowe","10":"product_tag-donice-tarasowe","11":"product_tag-donice-wewnetrzne","12":"description-off","13":"tm-has-options","15":"first","16":"instock","17":"shipping-taxable","18":"purchasable","19":"product-type-simple"},"acf":[],"yoast_head":"<!-- This site is optimized with the Yoast SEO plugin v27.5 - https:\/\/yoast.com\/product\/yoast-seo-wordpress\/ -->\n<title>Lekkie donice Edoardo 6 - dla ma\u0142ych i \u015brednich ro\u015blin w ogrodzie i biurze<\/title>\n<meta name=\"description\" content=\"Lekkie donice Edoardo 6 wychodz\u0105 naprzeciw zapotrzebowaniu na ziele\u0144 i stanowi\u0105 \u015bwietne rozwi\u0105zanie na brak wystarczaj\u0105cej ilo\u015bci flory wok\u00f3\u0142 nas.\" \/>\n<meta name=\"robots\" content=\"index, follow, max-snippet:-1, max-image-preview:large, max-video-preview:-1\" \/>\n<link rel=\"canonical\" href=\"https:\/\/worldofflowerpots.com\/sklep\/lekkie-donice-edoardo-6\/\" \/>\n<meta property=\"og:locale\" content=\"pl_PL\" \/>\n<meta property=\"og:type\" content=\"article\" \/>\n<meta property=\"og:title\" content=\"Lekkie donice Edoardo 6 - dla ma\u0142ych i \u015brednich ro\u015blin w ogrodzie i biurze\" \/>\n<meta property=\"og:description\" content=\"Lekkie donice Edoardo 6 wychodz\u0105 naprzeciw zapotrzebowaniu na ziele\u0144 i stanowi\u0105 \u015bwietne rozwi\u0105zanie na brak wystarczaj\u0105cej ilo\u015bci flory wok\u00f3\u0142 nas.\" \/>\n<meta property=\"og:url\" content=\"https:\/\/worldofflowerpots.com\/sklep\/lekkie-donice-edoardo-6\/\" \/>\n<meta property=\"og:site_name\" content=\"World of Flowerpots\" \/>\n<meta property=\"article:modified_time\" content=\"2019-04-04T07:37:15+00:00\" \/>\n<meta property=\"og:image\" content=\"https:\/\/worldofflowerpots.com\/wp-content\/uploads\/2019\/03\/lekkie-donice-Edoardo_6.jpg\" \/>\n\t<meta property=\"og:image:width\" content=\"2280\" \/>\n\t<meta property=\"og:image:height\" content=\"1612\" \/>\n\t<meta property=\"og:image:type\" content=\"image\/jpeg\" \/>\n<meta name=\"twitter:card\" content=\"summary_large_image\" \/>\n<meta name=\"twitter:label1\" content=\"Szacowany czas czytania\" \/>\n\t<meta name=\"twitter:data1\" content=\"2 minuty\" \/>\n<script type=\"application\/ld+json\" class=\"yoast-schema-graph\">{\"@context\":\"https:\\\/\\\/schema.org\",\"@graph\":[{\"@type\":\"WebPage\",\"@id\":\"https:\\\/\\\/worldofflowerpots.com\\\/sklep\\\/lekkie-donice-edoardo-6\\\/\",\"url\":\"https:\\\/\\\/worldofflowerpots.com\\\/sklep\\\/lekkie-donice-edoardo-6\\\/\",\"name\":\"Lekkie donice Edoardo 6 - dla ma\u0142ych i \u015brednich ro\u015blin w ogrodzie i biurze\",\"isPartOf\":{\"@id\":\"https:\\\/\\\/worldofflowerpots.com\\\/#website\"},\"primaryImageOfPage\":{\"@id\":\"https:\\\/\\\/worldofflowerpots.com\\\/sklep\\\/lekkie-donice-edoardo-6\\\/#primaryimage\"},\"image\":{\"@id\":\"https:\\\/\\\/worldofflowerpots.com\\\/sklep\\\/lekkie-donice-edoardo-6\\\/#primaryimage\"},\"thumbnailUrl\":\"https:\\\/\\\/worldofflowerpots.com\\\/wp-content\\\/uploads\\\/2019\\\/03\\\/lekkie-donice-Edoardo_6.jpg\",\"datePublished\":\"2019-03-19T12:45:34+00:00\",\"dateModified\":\"2019-04-04T07:37:15+00:00\",\"description\":\"Lekkie donice Edoardo 6 wychodz\u0105 naprzeciw zapotrzebowaniu na ziele\u0144 i stanowi\u0105 \u015bwietne rozwi\u0105zanie na brak wystarczaj\u0105cej ilo\u015bci flory wok\u00f3\u0142 nas.\",\"breadcrumb\":{\"@id\":\"https:\\\/\\\/worldofflowerpots.com\\\/sklep\\\/lekkie-donice-edoardo-6\\\/#breadcrumb\"},\"inLanguage\":\"pl-PL\",\"potentialAction\":[{\"@type\":\"ReadAction\",\"target\":[\"https:\\\/\\\/worldofflowerpots.com\\\/sklep\\\/lekkie-donice-edoardo-6\\\/\"]}]},{\"@type\":\"ImageObject\",\"inLanguage\":\"pl-PL\",\"@id\":\"https:\\\/\\\/worldofflowerpots.com\\\/sklep\\\/lekkie-donice-edoardo-6\\\/#primaryimage\",\"url\":\"https:\\\/\\\/worldofflowerpots.com\\\/wp-content\\\/uploads\\\/2019\\\/03\\\/lekkie-donice-Edoardo_6.jpg\",\"contentUrl\":\"https:\\\/\\\/worldofflowerpots.com\\\/wp-content\\\/uploads\\\/2019\\\/03\\\/lekkie-donice-Edoardo_6.jpg\",\"width\":2280,\"height\":1612},{\"@type\":\"BreadcrumbList\",\"@id\":\"https:\\\/\\\/worldofflowerpots.com\\\/sklep\\\/lekkie-donice-edoardo-6\\\/#breadcrumb\",\"itemListElement\":[{\"@type\":\"ListItem\",\"position\":1,\"name\":\"Strona g\u0142\u00f3wna\",\"item\":\"https:\\\/\\\/worldofflowerpots.com\\\/\"},{\"@type\":\"ListItem\",\"position\":2,\"name\":\"Sklep\",\"item\":\"https:\\\/\\\/worldofflowerpots.com\\\/sklep\\\/\"},{\"@type\":\"ListItem\",\"position\":3,\"name\":\"Lekkie donice Edoardo 6\"}]},{\"@type\":\"WebSite\",\"@id\":\"https:\\\/\\\/worldofflowerpots.com\\\/#website\",\"url\":\"https:\\\/\\\/worldofflowerpots.com\\\/\",\"name\":\"World of Flowerpots\",\"description\":\"producent donic ozdobnych\",\"potentialAction\":[{\"@type\":\"SearchAction\",\"target\":{\"@type\":\"EntryPoint\",\"urlTemplate\":\"https:\\\/\\\/worldofflowerpots.com\\\/?s={search_term_string}\"},\"query-input\":{\"@type\":\"PropertyValueSpecification\",\"valueRequired\":true,\"valueName\":\"search_term_string\"}}],\"inLanguage\":\"pl-PL\"}]}<\/script>\n<!-- \/ Yoast SEO plugin. -->","yoast_head_json":{"title":"Lekkie donice Edoardo 6 - dla ma\u0142ych i \u015brednich ro\u015blin w ogrodzie i biurze","description":"Lekkie donice Edoardo 6 wychodz\u0105 naprzeciw zapotrzebowaniu na ziele\u0144 i stanowi\u0105 \u015bwietne rozwi\u0105zanie na brak wystarczaj\u0105cej ilo\u015bci flory wok\u00f3\u0142 nas.","robots":{"index":"index","follow":"follow","max-snippet":"max-snippet:-1","max-image-preview":"max-image-preview:large","max-video-preview":"max-video-preview:-1"},"canonical":"https:\/\/worldofflowerpots.com\/sklep\/lekkie-donice-edoardo-6\/","og_locale":"pl_PL","og_type":"article","og_title":"Lekkie donice Edoardo 6 - dla ma\u0142ych i \u015brednich ro\u015blin w ogrodzie i biurze","og_description":"Lekkie donice Edoardo 6 wychodz\u0105 naprzeciw zapotrzebowaniu na ziele\u0144 i stanowi\u0105 \u015bwietne rozwi\u0105zanie na brak wystarczaj\u0105cej ilo\u015bci flory wok\u00f3\u0142 nas.","og_url":"https:\/\/worldofflowerpots.com\/sklep\/lekkie-donice-edoardo-6\/","og_site_name":"World of Flowerpots","article_modified_time":"2019-04-04T07:37:15+00:00","og_image":[{"width":2280,"height":1612,"url":"https:\/\/worldofflowerpots.com\/wp-content\/uploads\/2019\/03\/lekkie-donice-Edoardo_6.jpg","type":"image\/jpeg"}],"twitter_card":"summary_large_image","twitter_misc":{"Szacowany czas czytania":"2 minuty"},"schema":{"@context":"https:\/\/schema.org","@graph":[{"@type":"WebPage","@id":"https:\/\/worldofflowerpots.com\/sklep\/lekkie-donice-edoardo-6\/","url":"https:\/\/worldofflowerpots.com\/sklep\/lekkie-donice-edoardo-6\/","name":"Lekkie donice Edoardo 6 - dla ma\u0142ych i \u015brednich ro\u015blin w ogrodzie i biurze","isPartOf":{"@id":"https:\/\/worldofflowerpots.com\/#website"},"primaryImageOfPage":{"@id":"https:\/\/worldofflowerpots.com\/sklep\/lekkie-donice-edoardo-6\/#primaryimage"},"image":{"@id":"https:\/\/worldofflowerpots.com\/sklep\/lekkie-donice-edoardo-6\/#primaryimage"},"thumbnailUrl":"https:\/\/worldofflowerpots.com\/wp-content\/uploads\/2019\/03\/lekkie-donice-Edoardo_6.jpg","datePublished":"2019-03-19T12:45:34+00:00","dateModified":"2019-04-04T07:37:15+00:00","description":"Lekkie donice Edoardo 6 wychodz\u0105 naprzeciw zapotrzebowaniu na ziele\u0144 i stanowi\u0105 \u015bwietne rozwi\u0105zanie na brak wystarczaj\u0105cej ilo\u015bci flory wok\u00f3\u0142 nas.","breadcrumb":{"@id":"https:\/\/worldofflowerpots.com\/sklep\/lekkie-donice-edoardo-6\/#breadcrumb"},"inLanguage":"pl-PL","potentialAction":[{"@type":"ReadAction","target":["https:\/\/worldofflowerpots.com\/sklep\/lekkie-donice-edoardo-6\/"]}]},{"@type":"ImageObject","inLanguage":"pl-PL","@id":"https:\/\/worldofflowerpots.com\/sklep\/lekkie-donice-edoardo-6\/#primaryimage","url":"https:\/\/worldofflowerpots.com\/wp-content\/uploads\/2019\/03\/lekkie-donice-Edoardo_6.jpg","contentUrl":"https:\/\/worldofflowerpots.com\/wp-content\/uploads\/2019\/03\/lekkie-donice-Edoardo_6.jpg","width":2280,"height":1612},{"@type":"BreadcrumbList","@id":"https:\/\/worldofflowerpots.com\/sklep\/lekkie-donice-edoardo-6\/#breadcrumb","itemListElement":[{"@type":"ListItem","position":1,"name":"Strona g\u0142\u00f3wna","item":"https:\/\/worldofflowerpots.com\/"},{"@type":"ListItem","position":2,"name":"Sklep","item":"https:\/\/worldofflowerpots.com\/sklep\/"},{"@type":"ListItem","position":3,"name":"Lekkie donice Edoardo 6"}]},{"@type":"WebSite","@id":"https:\/\/worldofflowerpots.com\/#website","url":"https:\/\/worldofflowerpots.com\/","name":"World of Flowerpots","description":"producent donic ozdobnych","potentialAction":[{"@type":"SearchAction","target":{"@type":"EntryPoint","urlTemplate":"https:\/\/worldofflowerpots.com\/?s={search_term_string}"},"query-input":{"@type":"PropertyValueSpecification","valueRequired":true,"valueName":"search_term_string"}}],"inLanguage":"pl-PL"}]}},"_links":{"self":[{"href":"https:\/\/worldofflowerpots.com\/pl\/wp-json\/wp\/v2\/product\/56083","targetHints":{"allow":["GET"]}}],"collection":[{"href":"https:\/\/worldofflowerpots.com\/pl\/wp-json\/wp\/v2\/product"}],"about":[{"href":"https:\/\/worldofflowerpots.com\/pl\/wp-json\/wp\/v2\/types\/product"}],"wp:featuredmedia":[{"embeddable":true,"href":"https:\/\/worldofflowerpots.com\/pl\/wp-json\/wp\/v2\/media\/57207"}],"wp:attachment":[{"href":"https:\/\/worldofflowerpots.com\/pl\/wp-json\/wp\/v2\/media?parent=56083"}],"wp:term":[{"taxonomy":"product_brand","embeddable":true,"href":"https:\/\/worldofflowerpots.com\/pl\/wp-json\/wp\/v2\/product_brand?post=56083"},{"taxonomy":"product_cat","embeddable":true,"href":"https:\/\/worldofflowerpots.com\/pl\/wp-json\/wp\/v2\/product_cat?post=56083"},{"taxonomy":"product_tag","embeddable":true,"href":"https:\/\/worldofflowerpots.com\/pl\/wp-json\/wp\/v2\/product_tag?post=56083"}],"curies":[{"name":"wp","href":"https:\/\/api.w.org\/{rel}","templated":true}]}}