{"id":56094,"date":"2019-03-19T14:22:12","date_gmt":"2019-03-19T13:22:12","guid":{"rendered":"https:\/\/worldofflowerpots.com\/?post_type=product&#038;p=56094"},"modified":"2019-04-04T09:34:53","modified_gmt":"2019-04-04T07:34:53","slug":"donice-do-biura-alessio-11","status":"publish","type":"product","link":"https:\/\/worldofflowerpots.com\/pl\/sklep\/donice-do-biura-alessio-11\/","title":{"rendered":"Donice do biura Alessio 11"},"content":{"rendered":"<h2>Nowoczesna konstrukcja<\/h2>\n<p>Stylowa, elegancka i nowoczesna. Tak w trzech okre\u015bleniach mo\u017cna scharakteryzowa\u0107 donic\u0119 Alessio 11. Produkt zosta\u0142 stworzony bior\u0105c pod uwag\u0119 obowi\u0105zuj\u0105ce w architekturze trendy, ale poprzez swoj\u0105 prost\u0105 konstrukcj\u0119 mo\u017cna \u015bmia\u0142o nazwa\u0107 go ponadczasowym. Jest to idealna propozycja do biura, ale sprawdzi si\u0119 tak\u017ce w aran\u017cacji ogrod\u00f3w i taras\u00f3w.<\/p>\n<p>Nowoczesne donice do biura to takie, kt\u00f3re z jednej strony od razu rzucaj\u0105 si\u0119 w oczy, a z drugiej potrafi\u0105 wkomponowa\u0107 si\u0119 w zaprojektowan\u0105 przestrze\u0144 i \u015bwietnie wsp\u00f3\u0142graj\u0105 z innymi elementami dekoracyjnymi. Nie bez znaczenia b\u0119dzie tak\u017ce to, \u017ce typowa donica biurowa powinna by\u0107 odporna na uszkodzenia. Alessio 11 spe\u0142nia te wszystkie funkcje. Ma\u0142o tego, jest produktem na d\u0142ugo zapadaj\u0105cym w pami\u0119\u0107 i wpisuj\u0105cym si\u0119 w modowe trendy.<\/p>\n<h2>Modny design<\/h2>\n<p>Cechami charakterystycznymi tego produktu jest symetryczna kubatura. Donica ma wymiary 600 x 600 x 400 mm. Tak zachowane proporcje sprawiaj\u0105, \u017ce konstrukcja jest prosta, lecz niebanalna. Modne donice do biura dobrane w odpowiednich wymiarach i ustawione na przyk\u0142ad tu\u017c przy drzwiach wej\u015bciowych, na korytarzu czy w charakterze wyznacznika konkretnych stref do pracy dodadz\u0105 ka\u017cdemu pomieszczeniu nowoczesno\u015bci. Ziele\u0144 koi zmys\u0142y, wprowadza efekt naturalno\u015bci we wn\u0119trzu i sprawdza si\u0119 w ka\u017cdej aran\u017cacji.<\/p>\n<h2>Wytrzyma\u0142a donica biurowa<\/h2>\n<p>Prezentowana donica Alessio 11, zosta\u0142a wyprodukowana z aluminium. Materia\u0142 ten cieszy si\u0119 coraz wi\u0119kszym zainteresowaniem w\u015br\u00f3d architekt\u00f3w i projektant\u00f3w wn\u0119trz. Donice do biura powinny by\u0107 lekkie i odporne na dzia\u0142ania czynnik\u00f3w zewn\u0119trznych, nie bez znaczenia b\u0119dzie tak\u017ce prostota utrzymania ich w czysto\u015bci. Aluminium cechuje si\u0119 wysok\u0105 odporno\u015bci\u0105, mo\u017cna go czy\u015bci\u0107 za pomoc\u0105 r\u00f3\u017cnych \u015brodk\u00f3w i nie rysuje pod\u0142\u00f3g. Donic\u0119 Alessio 11 wykonan\u0105 z tego materia\u0142u z powodzeniem mo\u017cna stawia\u0107 w ogrodach i na tarasach. Nie gro\u017ane s\u0105 im niekorzystne warunki atmosferyczne. Przez wiele sezon\u00f3w pozostan\u0105 w nienaruszonym stanie, a do tego bardzo dobrze wkomponuj\u0105 si\u0119 w zielon\u0105 przestrze\u0144.<\/p>\n<p>Ciemna kolorystyka, aluminiowe wyko\u0144czenie i prosta forma sprawiaj\u0105, \u017ce nawet bardzo klasyczne ro\u015bliny \u0142adnie b\u0119d\u0105 komponowa\u0107 si\u0119 w tej donicy. Wyb\u00f3r sprawdzi si\u0119 we wn\u0119trzu typowo biurowym, ale r\u00f3wnie godnie b\u0119dzie prezentowa\u0107 si\u0119 tu\u017c przed drzwiami wej\u015bciowymi do firmy.<\/p>\n","protected":false},"excerpt":{"rendered":"<p>Donica aluminiowa Alessio 11 produkowana jest we wszystkich kolorach palety RAL. Donica produkowana jest w standardzie z otworami odp\u0142ywowymi. Waga to: 17 kg, a wymiary: d\u0142ugo\u015b\u0107: 60 cm, szeroko\u015b\u0107: 60 cm, wysoko\u015b\u0107: 40 cm. Zalecane stosowanie jako donica do biura.<\/p>\n","protected":false},"featured_media":57197,"template":"","meta":{"_acf_changed":false},"product_brand":[],"product_cat":[116],"product_tag":[444,451],"class_list":{"0":"post-56094","1":"product","2":"type-product","3":"status-publish","4":"has-post-thumbnail","6":"product_cat-donice-z-aluminium","7":"product_tag-donice-ogrodowe","8":"product_tag-donice-wewnetrzne","9":"description-off","10":"tm-has-options","12":"first","13":"instock","14":"shipping-taxable","15":"purchasable","16":"product-type-simple"},"acf":[],"yoast_head":"<!-- This site is optimized with the Yoast SEO plugin v27.5 - https:\/\/yoast.com\/product\/yoast-seo-wordpress\/ -->\n<title>Donice do biura Alessio 11 - do biura, salonu, ogrodu i miejsc publicznych<\/title>\n<meta name=\"description\" content=\"Nowoczesne donice do biura to takie, kt\u00f3re z jednej strony od razu rzucaj\u0105 si\u0119 w oczy, a z drugiej potrafi\u0105 wkomponowa\u0107 si\u0119 w zaprojektowan\u0105 przestrze\u0144\" \/>\n<meta name=\"robots\" content=\"index, follow, max-snippet:-1, max-image-preview:large, max-video-preview:-1\" \/>\n<link rel=\"canonical\" href=\"https:\/\/worldofflowerpots.com\/sklep\/donice-do-biura-alessio-11\/\" \/>\n<meta property=\"og:locale\" content=\"pl_PL\" \/>\n<meta property=\"og:type\" content=\"article\" \/>\n<meta property=\"og:title\" content=\"Donice do biura Alessio 11 - do biura, salonu, ogrodu i miejsc publicznych\" \/>\n<meta property=\"og:description\" content=\"Nowoczesne donice do biura to takie, kt\u00f3re z jednej strony od razu rzucaj\u0105 si\u0119 w oczy, a z drugiej potrafi\u0105 wkomponowa\u0107 si\u0119 w zaprojektowan\u0105 przestrze\u0144\" \/>\n<meta property=\"og:url\" content=\"https:\/\/worldofflowerpots.com\/sklep\/donice-do-biura-alessio-11\/\" \/>\n<meta property=\"og:site_name\" content=\"World of Flowerpots\" \/>\n<meta property=\"article:modified_time\" content=\"2019-04-04T07:34:53+00:00\" \/>\n<meta property=\"og:image\" content=\"https:\/\/worldofflowerpots.com\/wp-content\/uploads\/2019\/03\/donice-do-biura-Alessio_11.jpg\" \/>\n\t<meta property=\"og:image:width\" content=\"2280\" \/>\n\t<meta property=\"og:image:height\" content=\"1612\" \/>\n\t<meta property=\"og:image:type\" content=\"image\/jpeg\" \/>\n<meta name=\"twitter:card\" content=\"summary_large_image\" \/>\n<meta name=\"twitter:label1\" content=\"Szacowany czas czytania\" \/>\n\t<meta name=\"twitter:data1\" content=\"2 minuty\" \/>\n<script type=\"application\/ld+json\" class=\"yoast-schema-graph\">{\"@context\":\"https:\\\/\\\/schema.org\",\"@graph\":[{\"@type\":\"WebPage\",\"@id\":\"https:\\\/\\\/worldofflowerpots.com\\\/sklep\\\/donice-do-biura-alessio-11\\\/\",\"url\":\"https:\\\/\\\/worldofflowerpots.com\\\/sklep\\\/donice-do-biura-alessio-11\\\/\",\"name\":\"Donice do biura Alessio 11 - do biura, salonu, ogrodu i miejsc publicznych\",\"isPartOf\":{\"@id\":\"https:\\\/\\\/worldofflowerpots.com\\\/#website\"},\"primaryImageOfPage\":{\"@id\":\"https:\\\/\\\/worldofflowerpots.com\\\/sklep\\\/donice-do-biura-alessio-11\\\/#primaryimage\"},\"image\":{\"@id\":\"https:\\\/\\\/worldofflowerpots.com\\\/sklep\\\/donice-do-biura-alessio-11\\\/#primaryimage\"},\"thumbnailUrl\":\"https:\\\/\\\/worldofflowerpots.com\\\/wp-content\\\/uploads\\\/2019\\\/03\\\/donice-do-biura-Alessio_11.jpg\",\"datePublished\":\"2019-03-19T13:22:12+00:00\",\"dateModified\":\"2019-04-04T07:34:53+00:00\",\"description\":\"Nowoczesne donice do biura to takie, kt\u00f3re z jednej strony od razu rzucaj\u0105 si\u0119 w oczy, a z drugiej potrafi\u0105 wkomponowa\u0107 si\u0119 w zaprojektowan\u0105 przestrze\u0144\",\"breadcrumb\":{\"@id\":\"https:\\\/\\\/worldofflowerpots.com\\\/sklep\\\/donice-do-biura-alessio-11\\\/#breadcrumb\"},\"inLanguage\":\"pl-PL\",\"potentialAction\":[{\"@type\":\"ReadAction\",\"target\":[\"https:\\\/\\\/worldofflowerpots.com\\\/sklep\\\/donice-do-biura-alessio-11\\\/\"]}]},{\"@type\":\"ImageObject\",\"inLanguage\":\"pl-PL\",\"@id\":\"https:\\\/\\\/worldofflowerpots.com\\\/sklep\\\/donice-do-biura-alessio-11\\\/#primaryimage\",\"url\":\"https:\\\/\\\/worldofflowerpots.com\\\/wp-content\\\/uploads\\\/2019\\\/03\\\/donice-do-biura-Alessio_11.jpg\",\"contentUrl\":\"https:\\\/\\\/worldofflowerpots.com\\\/wp-content\\\/uploads\\\/2019\\\/03\\\/donice-do-biura-Alessio_11.jpg\",\"width\":2280,\"height\":1612},{\"@type\":\"BreadcrumbList\",\"@id\":\"https:\\\/\\\/worldofflowerpots.com\\\/sklep\\\/donice-do-biura-alessio-11\\\/#breadcrumb\",\"itemListElement\":[{\"@type\":\"ListItem\",\"position\":1,\"name\":\"Strona g\u0142\u00f3wna\",\"item\":\"https:\\\/\\\/worldofflowerpots.com\\\/\"},{\"@type\":\"ListItem\",\"position\":2,\"name\":\"Sklep\",\"item\":\"https:\\\/\\\/worldofflowerpots.com\\\/sklep\\\/\"},{\"@type\":\"ListItem\",\"position\":3,\"name\":\"Donice do biura Alessio 11\"}]},{\"@type\":\"WebSite\",\"@id\":\"https:\\\/\\\/worldofflowerpots.com\\\/#website\",\"url\":\"https:\\\/\\\/worldofflowerpots.com\\\/\",\"name\":\"World of Flowerpots\",\"description\":\"producent donic ozdobnych\",\"potentialAction\":[{\"@type\":\"SearchAction\",\"target\":{\"@type\":\"EntryPoint\",\"urlTemplate\":\"https:\\\/\\\/worldofflowerpots.com\\\/?s={search_term_string}\"},\"query-input\":{\"@type\":\"PropertyValueSpecification\",\"valueRequired\":true,\"valueName\":\"search_term_string\"}}],\"inLanguage\":\"pl-PL\"}]}<\/script>\n<!-- \/ Yoast SEO plugin. -->","yoast_head_json":{"title":"Donice do biura Alessio 11 - do biura, salonu, ogrodu i miejsc publicznych","description":"Nowoczesne donice do biura to takie, kt\u00f3re z jednej strony od razu rzucaj\u0105 si\u0119 w oczy, a z drugiej potrafi\u0105 wkomponowa\u0107 si\u0119 w zaprojektowan\u0105 przestrze\u0144","robots":{"index":"index","follow":"follow","max-snippet":"max-snippet:-1","max-image-preview":"max-image-preview:large","max-video-preview":"max-video-preview:-1"},"canonical":"https:\/\/worldofflowerpots.com\/sklep\/donice-do-biura-alessio-11\/","og_locale":"pl_PL","og_type":"article","og_title":"Donice do biura Alessio 11 - do biura, salonu, ogrodu i miejsc publicznych","og_description":"Nowoczesne donice do biura to takie, kt\u00f3re z jednej strony od razu rzucaj\u0105 si\u0119 w oczy, a z drugiej potrafi\u0105 wkomponowa\u0107 si\u0119 w zaprojektowan\u0105 przestrze\u0144","og_url":"https:\/\/worldofflowerpots.com\/sklep\/donice-do-biura-alessio-11\/","og_site_name":"World of Flowerpots","article_modified_time":"2019-04-04T07:34:53+00:00","og_image":[{"width":2280,"height":1612,"url":"https:\/\/worldofflowerpots.com\/wp-content\/uploads\/2019\/03\/donice-do-biura-Alessio_11.jpg","type":"image\/jpeg"}],"twitter_card":"summary_large_image","twitter_misc":{"Szacowany czas czytania":"2 minuty"},"schema":{"@context":"https:\/\/schema.org","@graph":[{"@type":"WebPage","@id":"https:\/\/worldofflowerpots.com\/sklep\/donice-do-biura-alessio-11\/","url":"https:\/\/worldofflowerpots.com\/sklep\/donice-do-biura-alessio-11\/","name":"Donice do biura Alessio 11 - do biura, salonu, ogrodu i miejsc publicznych","isPartOf":{"@id":"https:\/\/worldofflowerpots.com\/#website"},"primaryImageOfPage":{"@id":"https:\/\/worldofflowerpots.com\/sklep\/donice-do-biura-alessio-11\/#primaryimage"},"image":{"@id":"https:\/\/worldofflowerpots.com\/sklep\/donice-do-biura-alessio-11\/#primaryimage"},"thumbnailUrl":"https:\/\/worldofflowerpots.com\/wp-content\/uploads\/2019\/03\/donice-do-biura-Alessio_11.jpg","datePublished":"2019-03-19T13:22:12+00:00","dateModified":"2019-04-04T07:34:53+00:00","description":"Nowoczesne donice do biura to takie, kt\u00f3re z jednej strony od razu rzucaj\u0105 si\u0119 w oczy, a z drugiej potrafi\u0105 wkomponowa\u0107 si\u0119 w zaprojektowan\u0105 przestrze\u0144","breadcrumb":{"@id":"https:\/\/worldofflowerpots.com\/sklep\/donice-do-biura-alessio-11\/#breadcrumb"},"inLanguage":"pl-PL","potentialAction":[{"@type":"ReadAction","target":["https:\/\/worldofflowerpots.com\/sklep\/donice-do-biura-alessio-11\/"]}]},{"@type":"ImageObject","inLanguage":"pl-PL","@id":"https:\/\/worldofflowerpots.com\/sklep\/donice-do-biura-alessio-11\/#primaryimage","url":"https:\/\/worldofflowerpots.com\/wp-content\/uploads\/2019\/03\/donice-do-biura-Alessio_11.jpg","contentUrl":"https:\/\/worldofflowerpots.com\/wp-content\/uploads\/2019\/03\/donice-do-biura-Alessio_11.jpg","width":2280,"height":1612},{"@type":"BreadcrumbList","@id":"https:\/\/worldofflowerpots.com\/sklep\/donice-do-biura-alessio-11\/#breadcrumb","itemListElement":[{"@type":"ListItem","position":1,"name":"Strona g\u0142\u00f3wna","item":"https:\/\/worldofflowerpots.com\/"},{"@type":"ListItem","position":2,"name":"Sklep","item":"https:\/\/worldofflowerpots.com\/sklep\/"},{"@type":"ListItem","position":3,"name":"Donice do biura Alessio 11"}]},{"@type":"WebSite","@id":"https:\/\/worldofflowerpots.com\/#website","url":"https:\/\/worldofflowerpots.com\/","name":"World of Flowerpots","description":"producent donic ozdobnych","potentialAction":[{"@type":"SearchAction","target":{"@type":"EntryPoint","urlTemplate":"https:\/\/worldofflowerpots.com\/?s={search_term_string}"},"query-input":{"@type":"PropertyValueSpecification","valueRequired":true,"valueName":"search_term_string"}}],"inLanguage":"pl-PL"}]}},"_links":{"self":[{"href":"https:\/\/worldofflowerpots.com\/pl\/wp-json\/wp\/v2\/product\/56094","targetHints":{"allow":["GET"]}}],"collection":[{"href":"https:\/\/worldofflowerpots.com\/pl\/wp-json\/wp\/v2\/product"}],"about":[{"href":"https:\/\/worldofflowerpots.com\/pl\/wp-json\/wp\/v2\/types\/product"}],"wp:featuredmedia":[{"embeddable":true,"href":"https:\/\/worldofflowerpots.com\/pl\/wp-json\/wp\/v2\/media\/57197"}],"wp:attachment":[{"href":"https:\/\/worldofflowerpots.com\/pl\/wp-json\/wp\/v2\/media?parent=56094"}],"wp:term":[{"taxonomy":"product_brand","embeddable":true,"href":"https:\/\/worldofflowerpots.com\/pl\/wp-json\/wp\/v2\/product_brand?post=56094"},{"taxonomy":"product_cat","embeddable":true,"href":"https:\/\/worldofflowerpots.com\/pl\/wp-json\/wp\/v2\/product_cat?post=56094"},{"taxonomy":"product_tag","embeddable":true,"href":"https:\/\/worldofflowerpots.com\/pl\/wp-json\/wp\/v2\/product_tag?post=56094"}],"curies":[{"name":"wp","href":"https:\/\/api.w.org\/{rel}","templated":true}]}}